{"id":15925,"date":"2021-01-26T17:38:40","date_gmt":"2021-01-26T16:38:40","guid":{"rendered":"https:\/\/www.noatumlogistics.com\/us\/?page_id=15925"},"modified":"2026-01-14T17:24:23","modified_gmt":"2026-01-14T16:24:23","slug":"our-leadership-2","status":"publish","type":"page","link":"https:\/\/www.noatumlogistics.com\/us\/about-us\/our-leadership-2\/","title":{"rendered":"Our Leadership"},"content":{"rendered":"<div class=\"wpb-content-wrapper\"><p>[vc_row center_row=&#8221;yes&#8221; css=&#8221;.vc_custom_1591169655735{background-image: url(https:\/\/www.noatumlogistics.com\/wp-content\/uploads\/2020\/02\/fondo-directorio-2.jpg?id=9849) !important;background-position: center !important;background-repeat: no-repeat !important;background-size: cover !important;}&#8221; el_id=&#8221;mission&#8221;][vc_column]<div class=\"zozo-parallax-header wpb_animate_when_almost_visible wpb_bottom-to-top\"><div class=\"parallax-header\"><h2 class=\"parallax-title text-left\">CEO<\/h2><\/div><\/div><div class=\"zozo-team-list-wrapper clearfix\"><div class=\"team-list-inner\"><div class=\"row team-item text-left\"><div class=\"col-md-3 col-xs-12 pull-left\"><div class=\"team-item-img\"><img loading=\"lazy\" decoding=\"async\" src=\"https:\/\/www.noatumlogistics.com\/us\/wp-content\/uploads\/sites\/14\/2025\/12\/Jochen-Thewes-Website-500x600.jpg\" width=\"500\" height=\"600\" alt=\"Jochen Thewes\" class=\"img-responsive\" \/><\/div><\/div><div class=\"col-md-9 col-xs-12\"><div class=\"team-content\"><h4 class=\"team-member-name\"><a href=\"https:\/\/www.noatumlogistics.com\/us\/team\/jochen-thewes\/\" title=\"Jochen Thewes\">Jochen Thewes<\/a> \/ <span class=\"team-member-designation\">Chief Executive Officer<\/span><\/h4><\/div><\/div><\/div><\/div><\/div>[vc_separator][\/vc_column][\/vc_row][vc_row match_height=&#8221;yes&#8221; center_row=&#8221;yes&#8221; opn_row_id=&#8221;cifras&#8221; opn_row_gutter=&#8221;50&#8243; el_id=&#8221;awards&#8221;][vc_column]<div class=\"zozo-parallax-header wpb_animate_when_almost_visible wpb_bottom-to-top\"><div class=\"parallax-header\"><h2 class=\"parallax-title text-left\">Global Leadership<\/h2><\/div><\/div><div class=\"zozo-team-grid-wrapper team-columns-4\"><div class=\"row team-grid-inner\"><div class=\"team-item col-md-3 col-sm-6 col-xs-12 text-left\"><div class=\"team-item-img\"><img loading=\"lazy\" decoding=\"async\" src=\"https:\/\/www.noatumlogistics.com\/us\/wp-content\/uploads\/sites\/14\/2026\/01\/Thorsten-Meincke_EVP-Ocean-Air-Freight-500x600.jpg\" width=\"500\" height=\"600\" alt=\"Thorsten Meincke\" class=\"img-responsive\" \/><\/div><div class=\"team-content\"><h5 class=\"team-member-name\"><span class=\"memebername\">Thorsten Meincke<\/span><\/br><span class=\"team-member-designation\">Executive Vice President Ocean and Air Freight<\/span><\/h5><\/div><\/div> <!-- Team item --><div class=\"team-item col-md-3 col-sm-6 col-xs-12 text-left\"><div class=\"team-item-img\"><img loading=\"lazy\" decoding=\"async\" src=\"https:\/\/www.noatumlogistics.com\/us\/wp-content\/uploads\/sites\/14\/2026\/01\/Bjorn-Eckbauer_SVP-Global-Air-Procurement-500x600.jpg\" width=\"500\" height=\"600\" alt=\"Bj\u00f6rn Eckbauer\" class=\"img-responsive\" \/><\/div><div class=\"team-content\"><h5 class=\"team-member-name\"><span class=\"memebername\">Bj\u00f6rn Eckbauer<\/span><\/br><span class=\"team-member-designation\">Senior Vice President Global Air Freight Development & Procurement<\/span><\/h5><\/div><\/div> <!-- Team item --><div class=\"team-item col-md-3 col-sm-6 col-xs-12 text-left\"><div class=\"team-item-img\"><img loading=\"lazy\" decoding=\"async\" src=\"https:\/\/www.noatumlogistics.com\/us\/wp-content\/uploads\/sites\/14\/2026\/01\/Boris-Kuehn-SVP-Mergers-Acquisitions-500x600.jpg\" width=\"500\" height=\"600\" alt=\"Boris Kuehn\" class=\"img-responsive\" \/><\/div><div class=\"team-content\"><h5 class=\"team-member-name\"><span class=\"memebername\">Boris Kuehn<\/span><\/br><span class=\"team-member-designation\">Senior Vice President Mergers and Acquisitions<\/span><\/h5><\/div><\/div> <!-- Team item --><div class=\"team-item col-md-3 col-sm-6 col-xs-12 text-left\"><div class=\"team-item-img\"><img loading=\"lazy\" decoding=\"async\" src=\"https:\/\/www.noatumlogistics.com\/us\/wp-content\/uploads\/sites\/14\/2025\/08\/sheetal-gulati-chief-financial-officer-500x600.jpg\" width=\"500\" height=\"600\" alt=\"Sheetal Gulati\" class=\"img-responsive\" \/><\/div><div class=\"team-content\"><h5 class=\"team-member-name\"><span class=\"memebername\">Sheetal Gulati<\/span><\/br><span class=\"team-member-designation\">Chief Financial Officer<\/span><\/h5><\/div><\/div> <!-- Team item --><div class=\"team-clearfix clearfix\"><\/div><div class=\"team-item col-md-3 col-sm-6 col-xs-12 text-left\"><div class=\"team-item-img\"><img loading=\"lazy\" decoding=\"async\" src=\"https:\/\/www.noatumlogistics.com\/us\/wp-content\/uploads\/sites\/14\/2026\/01\/Philip-Clarke-SVP-Human-Capital.jpg\" width=\"313\" height=\"344\" alt=\"Philip Clarke\" class=\"img-responsive\" \/><\/div><div class=\"team-content\"><h5 class=\"team-member-name\"><span class=\"memebername\">Philip Clarke<\/span><\/br><span class=\"team-member-designation\">Senior Vice President People & Culture<\/span><\/h5><\/div><\/div> <!-- Team item --><\/div><\/div>[\/vc_column][\/vc_row][vc_row match_height=&#8221;yes&#8221; center_row=&#8221;yes&#8221; opn_row_id=&#8221;cifras&#8221; opn_row_gutter=&#8221;50&#8243;][vc_column]<div class=\"zozo-parallax-header wpb_animate_when_almost_visible wpb_bottom-to-top\"><div class=\"parallax-header\"><h2 class=\"parallax-title text-left\">Regional Expertise<\/h2><\/div><\/div><div class=\"zozo-team-grid-wrapper team-columns-4\"><div class=\"row team-grid-inner\"><div class=\"team-item col-md-3 col-sm-6 col-xs-12 text-left\"><div class=\"team-item-img\"><img loading=\"lazy\" decoding=\"async\" src=\"https:\/\/www.noatumlogistics.com\/us\/wp-content\/uploads\/sites\/14\/2026\/03\/Marco-Civardi-Web-1-500x600.jpg\" width=\"500\" height=\"600\" alt=\"Marco Civardi\" class=\"img-responsive\" \/><\/div><div class=\"team-content\"><h5 class=\"team-member-name\"><span class=\"memebername\">Marco Civardi<\/span><\/br><span class=\"team-member-designation\">Managing Director Asia<\/span><\/h5><\/div><\/div> <!-- Team item --><div class=\"team-item col-md-3 col-sm-6 col-xs-12 text-left\"><div class=\"team-item-img\"><img loading=\"lazy\" decoding=\"async\" src=\"https:\/\/www.noatumlogistics.com\/us\/wp-content\/uploads\/sites\/14\/2026\/01\/Thorsten-Pook-MD-Middle-East_new-500x600.jpg\" width=\"500\" height=\"600\" alt=\"Thorsten Pook\" class=\"img-responsive\" \/><\/div><div class=\"team-content\"><h5 class=\"team-member-name\"><span class=\"memebername\">Thorsten Pook<\/span><\/br><span class=\"team-member-designation\">Managing Director Middle East, India & CIS<\/span><\/h5><\/div><\/div> <!-- Team item --><div class=\"team-item col-md-3 col-sm-6 col-xs-12 text-left\"><div class=\"team-item-img\"><img loading=\"lazy\" decoding=\"async\" src=\"https:\/\/www.noatumlogistics.com\/us\/wp-content\/uploads\/sites\/14\/2021\/06\/Levent-ozyuruk-noatum-logistics-1-500x600.jpg\" width=\"500\" height=\"600\" alt=\"Levent \u00d6zy\u00fcr\u00fck\" class=\"img-responsive\" \/><\/div><div class=\"team-content\"><h5 class=\"team-member-name\"><span class=\"memebername\">Levent \u00d6zy\u00fcr\u00fck<\/span><\/br><span class=\"team-member-designation\">Managing Director East Europe<\/span><\/h5><\/div><\/div> <!-- Team item --><div class=\"team-item col-md-3 col-sm-6 col-xs-12 text-left\"><div class=\"team-item-img\"><img loading=\"lazy\" decoding=\"async\" src=\"https:\/\/www.noatumlogistics.com\/us\/wp-content\/uploads\/sites\/14\/2021\/04\/tony-tintore-MD-West-Europe-500x600.jpg\" width=\"500\" height=\"600\" alt=\"Tony Tintor\u00e9\" class=\"img-responsive\" \/><\/div><div class=\"team-content\"><h5 class=\"team-member-name\"><span class=\"memebername\">Tony Tintor\u00e9<\/span><\/br><span class=\"team-member-designation\">Managing Director West Europe<\/span><\/h5><\/div><\/div> <!-- Team item --><div class=\"team-clearfix clearfix\"><\/div><div class=\"team-item col-md-3 col-sm-6 col-xs-12 text-left\"><div class=\"team-item-img\"><img loading=\"lazy\" decoding=\"async\" src=\"https:\/\/www.noatumlogistics.com\/us\/wp-content\/uploads\/sites\/14\/2026\/01\/Samad-Osman-MD-Africa-500x600.jpg\" width=\"500\" height=\"600\" alt=\"Samad Osman\" class=\"img-responsive\" \/><\/div><div class=\"team-content\"><h5 class=\"team-member-name\"><span class=\"memebername\">Samad Osman<\/span><\/br><span class=\"team-member-designation\">Managing Director Africa<\/span><\/h5><\/div><\/div> <!-- Team item --><div class=\"team-item col-md-3 col-sm-6 col-xs-12 text-left\"><div class=\"team-item-img\"><img loading=\"lazy\" decoding=\"async\" src=\"https:\/\/www.noatumlogistics.com\/us\/wp-content\/uploads\/sites\/14\/2026\/01\/Guido-Gries-MD-North-America-500x600.jpg\" width=\"500\" height=\"600\" alt=\"Guido Gries\" class=\"img-responsive\" \/><\/div><div class=\"team-content\"><h5 class=\"team-member-name\"><span class=\"memebername\">Guido Gries<\/span><\/br><span class=\"team-member-designation\">Managing Director North America<\/span><\/h5><\/div><\/div> <!-- Team item --><div class=\"team-item col-md-3 col-sm-6 col-xs-12 text-left\"><div class=\"team-item-img\"><img loading=\"lazy\" decoding=\"async\" src=\"https:\/\/www.noatumlogistics.com\/us\/wp-content\/uploads\/sites\/14\/2026\/01\/Roberto-Moreno-MD-Latam-500x600.jpg\" width=\"500\" height=\"600\" alt=\"Roberto Moreno\" class=\"img-responsive\" \/><\/div><div class=\"team-content\"><h5 class=\"team-member-name\"><span class=\"memebername\">Roberto Moreno<\/span><\/br><span class=\"team-member-designation\">Managing Director\u00a0North America & LatAm<\/span><\/h5><\/div><\/div> <!-- Team item --><div class=\"team-item col-md-3 col-sm-6 col-xs-12 text-left\"><div class=\"team-item-img\"><img loading=\"lazy\" decoding=\"async\" src=\"https:\/\/www.noatumlogistics.com\/us\/wp-content\/uploads\/sites\/14\/2021\/05\/ramon-gallen-noatum-logistics-500x600.jpg\" width=\"500\" height=\"600\" alt=\"Ramon Gallen\" class=\"img-responsive\" \/><\/div><div class=\"team-content\"><h5 class=\"team-member-name\"><span class=\"memebername\">Ram\u00f3n Gall\u00e9n<\/span><\/br><span class=\"team-member-designation\">Managing Director\u00a0East Med & Black Sea<\/span><\/h5><\/div><\/div> <!-- Team item --><\/div><\/div>[\/vc_column][\/vc_row]<\/p>\n<\/div>","protected":false},"excerpt":{"rendered":"<p>[vc_row center_row=&#8221;yes&#8221; css=&#8221;.vc_custom_1591169655735{background-image: url(https:\/\/www.noatumlogistics.com\/wp-content\/uploads\/2020\/02\/fondo-directorio-2.jpg?id=9849) !important;background-position: center !important;background-repeat: no-repeat !important;background-size: cover !important;}&#8221; el_id=&#8221;mission&#8221;][vc_column][vc_separator][\/vc_column][\/vc_row][vc_row match_height=&#8221;yes&#8221; center_row=&#8221;yes&#8221; opn_row_id=&#8221;cifras&#8221; opn_row_gutter=&#8221;50&#8243; el_id=&#8221;awards&#8221;][vc_column][\/vc_column][\/vc_row][vc_row match_height=&#8221;yes&#8221; center_row=&#8221;yes&#8221; opn_row_id=&#8221;cifras&#8221; opn_row_gutter=&#8221;50&#8243;][vc_column][\/vc_column][\/vc_row]<\/p>\n","protected":false},"author":9,"featured_media":0,"parent":14245,"menu_order":0,"comment_status":"closed","ping_status":"closed","template":"template-fullwidth.php","meta":{"footnotes":""},"class_list":["post-15925","page","type-page","status-publish","hentry"],"yoast_head":"<!-- This site is optimized with the Yoast SEO plugin v27.5 - https:\/\/yoast.com\/product\/yoast-seo-wordpress\/ -->\n<title>Our leadership team | Noatum Logistics<\/title>\n<meta name=\"description\" content=\"Our Senior Logistics Management Team is made up of dedicated, focused and experienced executives, committed to drive success for our customers and stakeholders.\" \/>\n<meta name=\"robots\" content=\"index, follow, max-snippet:-1, max-image-preview:large, max-video-preview:-1\" \/>\n<link rel=\"canonical\" href=\"https:\/\/www.noatumlogistics.com\/us\/about-us\/our-leadership-2\/\" \/>\n<meta property=\"og:locale\" content=\"en_US\" \/>\n<meta property=\"og:type\" content=\"article\" \/>\n<meta property=\"og:title\" content=\"Our leadership team | Noatum Logistics\" \/>\n<meta property=\"og:description\" content=\"Our Senior Logistics Management Team is made up of dedicated, focused and experienced executives, committed to drive success for our customers and stakeholders.\" \/>\n<meta property=\"og:url\" content=\"https:\/\/www.noatumlogistics.com\/us\/about-us\/our-leadership-2\/\" \/>\n<meta property=\"og:site_name\" content=\"USA\" \/>\n<meta property=\"article:modified_time\" content=\"2026-01-14T16:24:23+00:00\" \/>\n<meta name=\"twitter:card\" content=\"summary_large_image\" \/>\n<meta name=\"twitter:label1\" content=\"Est. reading time\" \/>\n\t<meta name=\"twitter:data1\" content=\"1 minute\" \/>\n<script type=\"application\/ld+json\" class=\"yoast-schema-graph\">{\"@context\":\"https:\\\/\\\/schema.org\",\"@graph\":[{\"@type\":\"WebPage\",\"@id\":\"https:\\\/\\\/www.noatumlogistics.com\\\/us\\\/about-us\\\/our-leadership-2\\\/\",\"url\":\"https:\\\/\\\/www.noatumlogistics.com\\\/us\\\/about-us\\\/our-leadership-2\\\/\",\"name\":\"Our leadership team | Noatum Logistics\",\"isPartOf\":{\"@id\":\"https:\\\/\\\/www.noatumlogistics.com\\\/us\\\/#website\"},\"datePublished\":\"2021-01-26T16:38:40+00:00\",\"dateModified\":\"2026-01-14T16:24:23+00:00\",\"description\":\"Our Senior Logistics Management Team is made up of dedicated, focused and experienced executives, committed to drive success for our customers and stakeholders.\",\"breadcrumb\":{\"@id\":\"https:\\\/\\\/www.noatumlogistics.com\\\/us\\\/about-us\\\/our-leadership-2\\\/#breadcrumb\"},\"inLanguage\":\"en-US\",\"potentialAction\":[{\"@type\":\"ReadAction\",\"target\":[\"https:\\\/\\\/www.noatumlogistics.com\\\/us\\\/about-us\\\/our-leadership-2\\\/\"]}]},{\"@type\":\"BreadcrumbList\",\"@id\":\"https:\\\/\\\/www.noatumlogistics.com\\\/us\\\/about-us\\\/our-leadership-2\\\/#breadcrumb\",\"itemListElement\":[{\"@type\":\"ListItem\",\"position\":1,\"name\":\"Home\",\"item\":\"https:\\\/\\\/www.noatumlogistics.com\\\/us\\\/\"},{\"@type\":\"ListItem\",\"position\":2,\"name\":\"Our Leadership\"}]},{\"@type\":\"WebSite\",\"@id\":\"https:\\\/\\\/www.noatumlogistics.com\\\/us\\\/#website\",\"url\":\"https:\\\/\\\/www.noatumlogistics.com\\\/us\\\/\",\"name\":\"USA\",\"description\":\"Excelen en servicios log\u00edsticos\",\"potentialAction\":[{\"@type\":\"SearchAction\",\"target\":{\"@type\":\"EntryPoint\",\"urlTemplate\":\"https:\\\/\\\/www.noatumlogistics.com\\\/us\\\/?s={search_term_string}\"},\"query-input\":{\"@type\":\"PropertyValueSpecification\",\"valueRequired\":true,\"valueName\":\"search_term_string\"}}],\"inLanguage\":\"en-US\"}]}<\/script>\n<!-- \/ Yoast SEO plugin. -->","yoast_head_json":{"title":"Our leadership team | Noatum Logistics","description":"Our Senior Logistics Management Team is made up of dedicated, focused and experienced executives, committed to drive success for our customers and stakeholders.","robots":{"index":"index","follow":"follow","max-snippet":"max-snippet:-1","max-image-preview":"max-image-preview:large","max-video-preview":"max-video-preview:-1"},"canonical":"https:\/\/www.noatumlogistics.com\/us\/about-us\/our-leadership-2\/","og_locale":"en_US","og_type":"article","og_title":"Our leadership team | Noatum Logistics","og_description":"Our Senior Logistics Management Team is made up of dedicated, focused and experienced executives, committed to drive success for our customers and stakeholders.","og_url":"https:\/\/www.noatumlogistics.com\/us\/about-us\/our-leadership-2\/","og_site_name":"USA","article_modified_time":"2026-01-14T16:24:23+00:00","twitter_card":"summary_large_image","twitter_misc":{"Est. reading time":"1 minute"},"schema":{"@context":"https:\/\/schema.org","@graph":[{"@type":"WebPage","@id":"https:\/\/www.noatumlogistics.com\/us\/about-us\/our-leadership-2\/","url":"https:\/\/www.noatumlogistics.com\/us\/about-us\/our-leadership-2\/","name":"Our leadership team | Noatum Logistics","isPartOf":{"@id":"https:\/\/www.noatumlogistics.com\/us\/#website"},"datePublished":"2021-01-26T16:38:40+00:00","dateModified":"2026-01-14T16:24:23+00:00","description":"Our Senior Logistics Management Team is made up of dedicated, focused and experienced executives, committed to drive success for our customers and stakeholders.","breadcrumb":{"@id":"https:\/\/www.noatumlogistics.com\/us\/about-us\/our-leadership-2\/#breadcrumb"},"inLanguage":"en-US","potentialAction":[{"@type":"ReadAction","target":["https:\/\/www.noatumlogistics.com\/us\/about-us\/our-leadership-2\/"]}]},{"@type":"BreadcrumbList","@id":"https:\/\/www.noatumlogistics.com\/us\/about-us\/our-leadership-2\/#breadcrumb","itemListElement":[{"@type":"ListItem","position":1,"name":"Home","item":"https:\/\/www.noatumlogistics.com\/us\/"},{"@type":"ListItem","position":2,"name":"Our Leadership"}]},{"@type":"WebSite","@id":"https:\/\/www.noatumlogistics.com\/us\/#website","url":"https:\/\/www.noatumlogistics.com\/us\/","name":"USA","description":"Excelen en servicios log\u00edsticos","potentialAction":[{"@type":"SearchAction","target":{"@type":"EntryPoint","urlTemplate":"https:\/\/www.noatumlogistics.com\/us\/?s={search_term_string}"},"query-input":{"@type":"PropertyValueSpecification","valueRequired":true,"valueName":"search_term_string"}}],"inLanguage":"en-US"}]}},"_links":{"self":[{"href":"https:\/\/www.noatumlogistics.com\/us\/wp-json\/wp\/v2\/pages\/15925","targetHints":{"allow":["GET"]}}],"collection":[{"href":"https:\/\/www.noatumlogistics.com\/us\/wp-json\/wp\/v2\/pages"}],"about":[{"href":"https:\/\/www.noatumlogistics.com\/us\/wp-json\/wp\/v2\/types\/page"}],"author":[{"embeddable":true,"href":"https:\/\/www.noatumlogistics.com\/us\/wp-json\/wp\/v2\/users\/9"}],"replies":[{"embeddable":true,"href":"https:\/\/www.noatumlogistics.com\/us\/wp-json\/wp\/v2\/comments?post=15925"}],"version-history":[{"count":30,"href":"https:\/\/www.noatumlogistics.com\/us\/wp-json\/wp\/v2\/pages\/15925\/revisions"}],"predecessor-version":[{"id":19766,"href":"https:\/\/www.noatumlogistics.com\/us\/wp-json\/wp\/v2\/pages\/15925\/revisions\/19766"}],"up":[{"embeddable":true,"href":"https:\/\/www.noatumlogistics.com\/us\/wp-json\/wp\/v2\/pages\/14245"}],"wp:attachment":[{"href":"https:\/\/www.noatumlogistics.com\/us\/wp-json\/wp\/v2\/media?parent=15925"}],"curies":[{"name":"wp","href":"https:\/\/api.w.org\/{rel}","templated":true}]}}