{"id":20324,"date":"2023-01-05T13:50:42","date_gmt":"2023-01-05T12:50:42","guid":{"rendered":"https:\/\/www.noatumlogistics.com\/tr\/?page_id=20324"},"modified":"2025-09-10T11:37:55","modified_gmt":"2025-09-10T10:37:55","slug":"lojistik-cozumleri-noatum","status":"publish","type":"page","link":"https:\/\/www.noatumlogistics.com\/tr\/lojistik-cozumleri-noatum\/","title":{"rendered":"Lojistik \u00c7\u00f6z\u00fcmlerimiz"},"content":{"rendered":"<div class=\"wpb-content-wrapper\"><p>[vc_row center_row=&#8221;yes&#8221; bg_overlay=&#8221;yes&#8221; typo_style=&#8221;light&#8221; css=&#8221;.vc_custom_1625757698338{padding-top: 120px !important;padding-bottom: 120px !important;background-image: url(https:\/\/www.noatumlogistics.com\/tr\/wp-content\/uploads\/sites\/12\/2021\/12\/Logistics-Services-banner.jpg?id=16678) !important;background-position: center !important;background-repeat: no-repeat !important;background-size: cover !important;}&#8221; el_class=&#8221;primerafila&#8221;][vc_column]<div class=\"zozo-parallax-header\"><div class=\"parallax-header\"><h2 class=\"parallax-title text-left\">Lojistik \u00c7\u00f6z\u00fcmlerimiz<\/h2><div class=\"parallax-desc default-style text-left\"><h4>En y\u00fcksek kalite standartlar\u0131nda, Her sekt\u00f6re uygun, m\u00fc\u015fterilerimize \u00f6zel lojistik \u00e7\u00f6z\u00fcmler sunuyoruz.<\/h4>\n<\/div><\/div><\/div>[\/vc_column][\/vc_row][vc_row full_width=&#8221;stretch_row_content_no_spaces&#8221; match_height=&#8221;yes&#8221; center_row=&#8221;yes&#8221; el_class=&#8221;rowservicio boxesservicios&#8221; css=&#8221;.vc_custom_1625830786981{margin-top: 40px !important;}&#8221;][vc_column width=&#8221;2\/3&#8243; css=&#8221;.vc_custom_1668005280488{background-image: url(https:\/\/www.noatumlogistics.com\/wp-content\/uploads\/2020\/03\/international-supply-chain-management_Noatum.jpg?id=10889) !important;background-position: center !important;background-repeat: no-repeat !important;background-size: cover !important;}&#8221;][vc_empty_space height=&#8221;300px&#8221;][\/vc_column][vc_column width=&#8221;1\/3&#8243; css=&#8221;.vc_custom_1625830689074{padding-bottom: 30px !important;background-color: #af2626 !important;}&#8221; el_class=&#8221;rowservices&#8221;]<div class=\"zozo-parallax-header textcolpadding VinetasRed\"><div class=\"parallax-header\"><h4 class=\"parallax-title text-left text-none\" style=\"color:#ffffff;margin:0 0 0.4em 0!important;\">Supply Chain Solutions<\/h4><div class=\"parallax-desc default-style text-left\" style=\"color:#ffffff;margin:0 0 0 0!important;\"><p>Deneyimli Noatum Lojistik Supply Chain Solutions ekibimiz ile, verimli bir tedarik zinciri geli\u015ftirmek i\u00e7in gerekli olan t\u00fcm s\u00fcre\u00e7leri ve prosed\u00fcrleri uyguluyoruz.<\/p>\n<\/div><\/div><\/div>[vc_btn title=&#8221;Daha fazla oku&#8221; style=&#8221;outline&#8221; css=&#8221;.vc_custom_1757500671495{padding-right: 30px !important;padding-left: 30px !important;border-radius: 10px !important;}&#8221; link=&#8221;url:https%3A%2F%2Fwww.noatumlogistics.com%2Ftr%2Fsupply-chain-solutions%2F|title:Uluslararas%C4%B1%20Tedarik%20Zinciri%20Y%C3%B6netimi&#8221; el_id=&#8221;botonespazos&#8221;][\/vc_column][\/vc_row][vc_row full_width=&#8221;stretch_row_content_no_spaces&#8221; rtl_reverse=&#8221;yes&#8221; match_height=&#8221;yes&#8221; center_row=&#8221;yes&#8221; el_class=&#8221;rowservicio boxesservicios&#8221; css=&#8221;.vc_custom_1625834547640{margin-top: 10px !important;}&#8221;][vc_column width=&#8221;1\/3&#8243; css=&#8221;.vc_custom_1625831256277{padding-bottom: 30px !important;background-color: #af2626 !important;}&#8221; el_class=&#8221;rowservices&#8221;]<div class=\"zozo-parallax-header textcolpadding VinetasRed\"><div class=\"parallax-header\"><h4 class=\"parallax-title text-left text-none\" style=\"color:#ffffff;margin:0 0 0.4em 0!important;\">eCommerce Solutions<\/h4><div class=\"parallax-desc default-style text-left\" style=\"color:#ffffff;margin:0 0 0 0!important;\"><p>Noatum e\u00c7\u00f6z\u00fcmler ekibimiz ile e-ticaret lojisti\u011finde k\u00fcresel hizmet kapsam\u0131 sunuyoruz.<\/p>\n<\/div><\/div><\/div>[vc_btn title=&#8221;Daha fazla oku&#8221; style=&#8221;outline&#8221; css=&#8221;.vc_custom_1754383066897{padding-right: 30px !important;padding-left: 30px !important;border-radius: 10px !important;}&#8221; link=&#8221;url:https%3A%2F%2Fnoatumesolutions.com%2F|title:eSolutions&#8221;][\/vc_column][vc_column width=&#8221;2\/3&#8243; css=&#8221;.vc_custom_1625766078628{background-image: url(https:\/\/www.noatumlogistics.com\/wp-content\/uploads\/2020\/03\/eSolutions-banner.jpg?id=11221) !important;background-position: center !important;background-repeat: no-repeat !important;background-size: cover !important;}&#8221;][vc_empty_space height=&#8221;300px&#8221;][\/vc_column][\/vc_row][vc_row full_width=&#8221;stretch_row_content_no_spaces&#8221; match_height=&#8221;yes&#8221; center_row=&#8221;yes&#8221; el_class=&#8221;rowservicio boxesservicios&#8221; css=&#8221;.vc_custom_1625830813479{margin-top: 10px !important;}&#8221;][vc_column width=&#8221;2\/3&#8243; css=&#8221;.vc_custom_1668005422712{background-image: url(https:\/\/www.noatumlogistics.com\/wp-content\/uploads\/2020\/04\/project-cargo.jpg?id=13382) !important;background-position: center !important;background-repeat: no-repeat !important;background-size: cover !important;}&#8221;][vc_empty_space height=&#8221;300px&#8221;][\/vc_column][vc_column width=&#8221;1\/3&#8243; css=&#8221;.vc_custom_1625830700662{padding-bottom: 30px !important;background-color: #af2626 !important;}&#8221; el_class=&#8221;rowservices&#8221;]<div class=\"zozo-parallax-header textcolpadding VinetasRed\"><div class=\"parallax-header\"><h4 class=\"parallax-title text-left text-none\" style=\"color:#ffffff;margin:0 0 0.4em 0!important;\">Project Solutions<\/h4><div class=\"parallax-desc default-style text-left\" style=\"color:#ffffff;margin:0 0 0 0!important;\"><p>Alan\u0131nda uzman ekibimiz ile end\u00fcstriyel projeler ve proje kargo ile ilgili t\u00fcm lojistik s\u00fcre\u00e7lerinizi y\u00f6netiyoruz. Herhangi bir a\u011f\u0131r y\u00fck veya b\u00fcy\u00fck boy kargo ta\u015f\u0131mac\u0131l\u0131\u011f\u0131 vb. s\u00fcre\u00e7lerinizi \u00fcstleniyoruz.<\/p>\n<\/div><\/div><\/div>[vc_btn title=&#8221;Daha fazla oku&#8221; style=&#8221;outline&#8221; css=&#8221;.vc_custom_1672922922615{padding-right: 30px !important;padding-left: 30px !important;border-radius: 10px !important;}&#8221; link=&#8221;url:https%3A%2F%2Fwww.noatumlogistics.com%2Ftr%2Fproje-kargo-lojistigi%2F|title:Contract%20logistics&#8221;][\/vc_column][\/vc_row][vc_row full_width=&#8221;stretch_row_content_no_spaces&#8221; match_height=&#8221;yes&#8221; center_row=&#8221;yes&#8221; el_class=&#8221;rowservicio boxesservicios&#8221; css=&#8221;.vc_custom_1625830817935{margin-top: 10px !important;margin-bottom: 50px !important;}&#8221;][vc_column width=&#8221;1\/3&#8243; css=&#8221;.vc_custom_1625830714698{padding-bottom: 30px !important;background-color: #af2626 !important;}&#8221; el_class=&#8221;rowservices&#8221;]<div class=\"zozo-parallax-header textcolpadding VinetasRed\"><div class=\"parallax-header\"><h4 class=\"parallax-title text-left text-none\" style=\"color:#ffffff;margin:0 0 0.4em 0!important;\">Reefer &amp; Cold Chain Solutions<\/h4><div class=\"parallax-desc default-style text-left\" style=\"color:#ffffff;margin:0 0 0 0!important;\"><p>Is\u0131 kontroll\u00fc tedarik zincirine y\u00f6nelik \u00e7\u00f6z\u00fcmler. Kolay bozulur mal end\u00fcstrisinin hassas yap\u0131s\u0131 nedeniyle, Noatum Logistics \u00fcr\u00fcn ve ihtiya\u00e7lar\u0131n\u0131za uyacak \u00e7e\u015fitli \u00f6zel hizmetler olu\u015fturmu\u015ftur.<\/p>\n<\/div><\/div><\/div>[vc_btn title=&#8221;Daha fazla oku&#8221; style=&#8221;outline&#8221; css=&#8221;.vc_custom_1672922966591{padding-right: 30px !important;padding-left: 30px !important;border-radius: 10px !important;}&#8221; link=&#8221;url:https%3A%2F%2Fwww.noatumlogistics.com%2Ftr%2Freefer-lojistigi%2F|title:Project%20Cargo&#8221;][\/vc_column][vc_column width=&#8221;2\/3&#8243; css=&#8221;.vc_custom_1668005508321{background-image: url(https:\/\/www.noatumlogistics.com\/tr\/wp-content\/uploads\/sites\/12\/2023\/01\/reefer-logistics-solutions.jpg?id=18158) !important;background-position: center !important;background-repeat: no-repeat !important;background-size: cover !important;}&#8221;][vc_empty_space height=&#8221;300px&#8221;][\/vc_column][\/vc_row][vc_row css_animation=&#8221;left-to-right&#8221; center_row=&#8221;yes&#8221; opn_row_gutter=&#8221;100&#8243; el_id=&#8221;contactform&#8221; css=&#8221;.vc_custom_1582792022784{background-color: #f7f7f7 !important;}&#8221;][vc_column][vc_column_text]<\/p>\n<p style=\"text-align: center;\"><span style=\"color: #aa272f; font-size: 28px;\">Daha fazla bilgi i\u00e7in l\u00fctfen bizimle temasa ge\u00e7in<\/span><\/p>\n<p>[\/vc_column_text][vc_column_text]\n<div class=\"wpcf7 no-js\" id=\"wpcf7-f16123-o1\" lang=\"tr-TR\" dir=\"ltr\" data-wpcf7-id=\"16123\">\n<div class=\"screen-reader-response\"><p role=\"status\" aria-live=\"polite\" aria-atomic=\"true\"><\/p> <ul><\/ul><\/div>\n<form action=\"\/tr\/wp-json\/wp\/v2\/pages\/20324#wpcf7-f16123-o1\" method=\"post\" class=\"wpcf7-form init\" aria-label=\"\u0130leti\u015fim Formu\" novalidate=\"novalidate\" data-status=\"init\">\n<fieldset class=\"hidden-fields-container\"><input type=\"hidden\" name=\"_wpcf7\" value=\"16123\" \/><input type=\"hidden\" name=\"_wpcf7_version\" value=\"6.1.5\" \/><input type=\"hidden\" name=\"_wpcf7_locale\" value=\"tr_TR\" \/><input type=\"hidden\" name=\"_wpcf7_unit_tag\" value=\"wpcf7-f16123-o1\" \/><input type=\"hidden\" name=\"_wpcf7_container_post\" value=\"0\" \/><input type=\"hidden\" name=\"_wpcf7_posted_data_hash\" value=\"\" \/><input type=\"hidden\" name=\"_wpcf7dtx_version\" value=\"5.0.5\" \/><input type=\"hidden\" name=\"_wpcf7_recaptcha_response\" value=\"\" \/>\n<\/fieldset>\n<div class=\"row\">\n\t<div class=\"col-md-12\">\n\t<div class=\"wpcf7-response-output\" aria-hidden=\"true\"><\/div>\n\t<\/div>\n<\/div>\n<p style=\"font-size: 12px; font-weight:400; \">T\u00fcm alanlar zorunludur.\n<\/p>\n<div class=\"row\">\n\t<div class=\"col-md-6\">\n\t\t<p><span class=\"wpcf7-form-control-wrap\" data-name=\"your-name\"><input size=\"40\" maxlength=\"400\" class=\"wpcf7-form-control wpcf7-text wpcf7-validates-as-required\" aria-required=\"true\" aria-invalid=\"false\" placeholder=\"Ad\u0131 ve Soyad\u0131\" value=\"\" type=\"text\" name=\"your-name\" \/><\/span>\n\t\t<\/p>\n\t\t<p><span class=\"wpcf7-form-control-wrap\" data-name=\"Empresa\"><input size=\"40\" maxlength=\"400\" class=\"wpcf7-form-control wpcf7-text wpcf7-validates-as-required\" aria-required=\"true\" aria-invalid=\"false\" placeholder=\"\u015eirket\" value=\"\" type=\"text\" name=\"Empresa\" \/><\/span>\n\t\t<\/p>\n\t\t<p><span class=\"wpcf7-form-control-wrap\" data-name=\"tel-845\"><input size=\"40\" maxlength=\"400\" class=\"wpcf7-form-control wpcf7-tel wpcf7-validates-as-required wpcf7-text wpcf7-validates-as-tel\" aria-required=\"true\" aria-invalid=\"false\" placeholder=\"Telefon\" value=\"\" type=\"tel\" name=\"tel-845\" \/><\/span>\n\t\t<\/p>\n\t<\/div>\n\t<div class=\"col-md-6\">\n\t\t<p><span class=\"wpcf7-form-control-wrap\" data-name=\"your-email\"><input size=\"40\" maxlength=\"400\" class=\"wpcf7-form-control wpcf7-email wpcf7-validates-as-required wpcf7-text wpcf7-validates-as-email\" aria-required=\"true\" aria-invalid=\"false\" placeholder=\"E-posta\" value=\"\" type=\"email\" name=\"your-email\" \/><\/span>\n\t\t<\/p>\n\t<span class=\"wpcf7-form-control-wrap recipient-email\" data-name=\"recipient-email\"><input type=\"hidden\" name=\"recipient-email\" class=\"wpcf7-form-control wpcf7-hidden wpcf7dtx wpcf7dtx-hidden\" aria-invalid=\"false\"><\/span>\n\t\t<p><span class=\"wpcf7-form-control-wrap\" data-name=\"your-message\"><textarea cols=\"40\" rows=\"10\" maxlength=\"2000\" class=\"wpcf7-form-control wpcf7-textarea\" aria-invalid=\"false\" placeholder=\"Sorunuz\" name=\"your-message\"><\/textarea><\/span>\n\t\t<\/p>\n\t<\/div>\n<\/div>\n<div class=\"row\">\n\t<div class=\"col-md-12 legalnotice\">\n\t\t<p style=\"font-weight: 300;font-size: 12px;line-height: 1.5em;margin-top: 10px;\">Avenida de Italia n\u00ba2 (CTC), Coslada, Madrid, \u0130spanya adresinde bulunan Noatum Holdings S.L.U., ki\u015fisel verilerinizi, talebinize yan\u0131t vermek ve Noatum grubu i\u00e7indeki ilgili \u015firkete g\u00f6ndermek i\u00e7in izninizle kullan\u0131r. Verileriniz size yan\u0131t vermek i\u00e7in gerekenden daha uzun s\u00fcre saklanmayacakt\u0131r. \u0130lgili kutuyu i\u015faretleyerek hizmetlerimiz hakk\u0131nda e-posta reklamlar\u0131 almay\u0131 kabul ederseniz, siz aksini belirtinceye kadar verilerinizi saklayaca\u011f\u0131z.\n\t\t<\/p>\n\t\t<p style=\"font-weight: 300;font-size: 12px;line-height: 1.5em; margin-top: 5px;\">Veri Koruma G\u00f6revlisi ile (<a href=\"mailto:dpo@noatum.com\">dpo@noatum.com<\/a>). adresinden ileti\u015fime ge\u00e7ebilirsiniz. Haklar\u0131n\u0131z\u0131n ihlal edildi\u011fini d\u00fc\u015f\u00fcn\u00fcyorsan\u0131z, \u0130spanya Veri Koruma Kurumu'na \u015fikayette bulunabilirsiniz. Diledi\u011finiz zaman (<a href=\"mailto:dpo@noatum.com\">dpo@noatum.com<\/a>) ile ileti\u015fime ge\u00e7erek onay\u0131n\u0131z\u0131 geri \u00e7ekebilir ve eri\u015fim, d\u00fczeltme, silme, itiraz ve k\u0131s\u0131tlama haklar\u0131n\u0131z\u0131 kullanabilirsiniz.\n\t\t<\/p>\n\t<\/div>\n<\/div>\n<div class=\"row\" style=\"margin-top: 10px; margin-bottom: 15px;\">\n\t<div class=\"col-md-12\">\n\t\t<p><span class=\"wpcf7-form-control-wrap\" data-name=\"acceptance-182\"><span class=\"wpcf7-form-control wpcf7-acceptance\"><span class=\"wpcf7-list-item\"><label><input type=\"checkbox\" name=\"acceptance-182\" value=\"1\" aria-invalid=\"false\" \/><span class=\"wpcf7-list-item-label\">E-posta adresime Noatum grup hizmetleri hakk\u0131nda e-posta reklamlar\u0131 almay\u0131 kabul ediyorum.<\/span><\/label><\/span><\/span><\/span>\n\t\t<\/p>\n\t<\/div>\n<\/div>\n<div class=\"row\">\n\t<div class=\"col-md-12\">\n\t\t<p><input class=\"wpcf7-form-control wpcf7-submit has-spinner\" type=\"submit\" value=\"G\u00f6nder\" \/>\n\t\t<\/p>\n\t<\/div>\n<\/div>\n<\/form>\n<\/div>\n[\/vc_column_text][\/vc_column][\/vc_row]<\/p>\n<\/div>","protected":false},"excerpt":{"rendered":"<p>[vc_row center_row=&#8221;yes&#8221; bg_overlay=&#8221;yes&#8221; typo_style=&#8221;light&#8221; css=&#8221;.vc_custom_1625757698338{padding-top: 120px !important;padding-bottom: 120px !important;background-image: url(https:\/\/www.noatumlogistics.com\/tr\/wp-content\/uploads\/sites\/12\/2021\/12\/Logistics-Services-banner.jpg?id=16678) !important;background-position: center !important;background-repeat: no-repeat !important;background-size: cover !important;}&#8221; el_class=&#8221;primerafila&#8221;][vc_column][\/vc_column][\/vc_row][vc_row full_width=&#8221;stretch_row_content_no_spaces&#8221; match_height=&#8221;yes&#8221; center_row=&#8221;yes&#8221; el_class=&#8221;rowservicio boxesservicios&#8221; css=&#8221;.vc_custom_1625830786981{margin-top: 40px !important;}&#8221;][vc_column width=&#8221;2\/3&#8243; css=&#8221;.vc_custom_1668005280488{background-image: url(https:\/\/www.noatumlogistics.com\/wp-content\/uploads\/2020\/03\/international-supply-chain-management_Noatum.jpg?id=10889) !important;background-position:&#8230;<\/p>\n","protected":false},"author":9,"featured_media":19961,"parent":0,"menu_order":0,"comment_status":"closed","ping_status":"closed","template":"template-fullwidth.php","meta":{"footnotes":""},"class_list":["post-20324","page","type-page","status-publish","has-post-thumbnail","hentry"],"yoast_head":"<!-- This site is optimized with the Yoast SEO plugin v27.3 - https:\/\/yoast.com\/product\/yoast-seo-wordpress\/ -->\n<title>Lojistik \u00c7\u00f6z\u00fcmlerimiz | Noatum Logistics<\/title>\n<meta name=\"robots\" content=\"index, follow, max-snippet:-1, max-image-preview:large, max-video-preview:-1\" \/>\n<link rel=\"canonical\" href=\"https:\/\/www.noatumlogistics.com\/tr\/lojistik-cozumleri-noatum\/\" \/>\n<meta property=\"og:locale\" content=\"tr_TR\" \/>\n<meta property=\"og:type\" content=\"article\" \/>\n<meta property=\"og:title\" content=\"Lojistik \u00c7\u00f6z\u00fcmlerimiz | Noatum Logistics\" \/>\n<meta property=\"og:description\" content=\"[vc_row center_row=&#8221;yes&#8221; bg_overlay=&#8221;yes&#8221; typo_style=&#8221;light&#8221; css=&#8221;.vc_custom_1625757698338{padding-top: 120px !important;padding-bottom: 120px !important;background-image: url(https:\/\/www.noatumlogistics.com\/tr\/wp-content\/uploads\/sites\/12\/2021\/12\/Logistics-Services-banner.jpg?id=16678) !important;background-position: center !important;background-repeat: no-repeat !important;background-size: cover !important;}&#8221; el_class=&#8221;primerafila&#8221;][vc_column][\/vc_column][\/vc_row][vc_row full_width=&#8221;stretch_row_content_no_spaces&#8221; match_height=&#8221;yes&#8221; center_row=&#8221;yes&#8221; el_class=&#8221;rowservicio boxesservicios&#8221; css=&#8221;.vc_custom_1625830786981{margin-top: 40px !important;}&#8221;][vc_column width=&#8221;2\/3&#8243; css=&#8221;.vc_custom_1668005280488{background-image: url(https:\/\/www.noatumlogistics.com\/wp-content\/uploads\/2020\/03\/international-supply-chain-management_Noatum.jpg?id=10889) !important;background-position:...\" \/>\n<meta property=\"og:url\" content=\"https:\/\/www.noatumlogistics.com\/tr\/lojistik-cozumleri-noatum\/\" \/>\n<meta property=\"og:site_name\" content=\"Turkey\" \/>\n<meta property=\"article:modified_time\" content=\"2025-09-10T10:37:55+00:00\" \/>\n<meta property=\"og:image\" content=\"https:\/\/www.noatumlogistics.com\/tr\/wp-content\/uploads\/sites\/12\/2021\/12\/Logistics-Services-banner.jpg\" \/>\n\t<meta property=\"og:image:width\" content=\"1840\" \/>\n\t<meta property=\"og:image:height\" content=\"1033\" \/>\n\t<meta property=\"og:image:type\" content=\"image\/jpeg\" \/>\n<meta name=\"twitter:card\" content=\"summary_large_image\" \/>\n<meta name=\"twitter:label1\" content=\"Tahmini okuma s\u00fcresi\" \/>\n\t<meta name=\"twitter:data1\" content=\"2 dakika\" \/>\n<script type=\"application\/ld+json\" class=\"yoast-schema-graph\">{\"@context\":\"https:\\\/\\\/schema.org\",\"@graph\":[{\"@type\":\"WebPage\",\"@id\":\"https:\\\/\\\/www.noatumlogistics.com\\\/tr\\\/lojistik-cozumleri-noatum\\\/\",\"url\":\"https:\\\/\\\/www.noatumlogistics.com\\\/tr\\\/lojistik-cozumleri-noatum\\\/\",\"name\":\"Lojistik \u00c7\u00f6z\u00fcmlerimiz | Noatum Logistics\",\"isPartOf\":{\"@id\":\"https:\\\/\\\/www.noatumlogistics.com\\\/tr\\\/#website\"},\"primaryImageOfPage\":{\"@id\":\"https:\\\/\\\/www.noatumlogistics.com\\\/tr\\\/lojistik-cozumleri-noatum\\\/#primaryimage\"},\"image\":{\"@id\":\"https:\\\/\\\/www.noatumlogistics.com\\\/tr\\\/lojistik-cozumleri-noatum\\\/#primaryimage\"},\"thumbnailUrl\":\"https:\\\/\\\/www.noatumlogistics.com\\\/tr\\\/wp-content\\\/uploads\\\/sites\\\/12\\\/2021\\\/12\\\/Logistics-Services-banner.jpg\",\"datePublished\":\"2023-01-05T12:50:42+00:00\",\"dateModified\":\"2025-09-10T10:37:55+00:00\",\"breadcrumb\":{\"@id\":\"https:\\\/\\\/www.noatumlogistics.com\\\/tr\\\/lojistik-cozumleri-noatum\\\/#breadcrumb\"},\"inLanguage\":\"tr\",\"potentialAction\":[{\"@type\":\"ReadAction\",\"target\":[\"https:\\\/\\\/www.noatumlogistics.com\\\/tr\\\/lojistik-cozumleri-noatum\\\/\"]}]},{\"@type\":\"ImageObject\",\"inLanguage\":\"tr\",\"@id\":\"https:\\\/\\\/www.noatumlogistics.com\\\/tr\\\/lojistik-cozumleri-noatum\\\/#primaryimage\",\"url\":\"https:\\\/\\\/www.noatumlogistics.com\\\/tr\\\/wp-content\\\/uploads\\\/sites\\\/12\\\/2021\\\/12\\\/Logistics-Services-banner.jpg\",\"contentUrl\":\"https:\\\/\\\/www.noatumlogistics.com\\\/tr\\\/wp-content\\\/uploads\\\/sites\\\/12\\\/2021\\\/12\\\/Logistics-Services-banner.jpg\",\"width\":1840,\"height\":1033},{\"@type\":\"BreadcrumbList\",\"@id\":\"https:\\\/\\\/www.noatumlogistics.com\\\/tr\\\/lojistik-cozumleri-noatum\\\/#breadcrumb\",\"itemListElement\":[{\"@type\":\"ListItem\",\"position\":1,\"name\":\"Ana sayfa\",\"item\":\"https:\\\/\\\/www.noatumlogistics.com\\\/tr\\\/\"},{\"@type\":\"ListItem\",\"position\":2,\"name\":\"Lojistik \u00c7\u00f6z\u00fcmlerimiz\"}]},{\"@type\":\"WebSite\",\"@id\":\"https:\\\/\\\/www.noatumlogistics.com\\\/tr\\\/#website\",\"url\":\"https:\\\/\\\/www.noatumlogistics.com\\\/tr\\\/\",\"name\":\"Turkey\",\"description\":\"Excelen en servicios log\u00edsticos\",\"potentialAction\":[{\"@type\":\"SearchAction\",\"target\":{\"@type\":\"EntryPoint\",\"urlTemplate\":\"https:\\\/\\\/www.noatumlogistics.com\\\/tr\\\/?s={search_term_string}\"},\"query-input\":{\"@type\":\"PropertyValueSpecification\",\"valueRequired\":true,\"valueName\":\"search_term_string\"}}],\"inLanguage\":\"tr\"}]}<\/script>\n<!-- \/ Yoast SEO plugin. -->","yoast_head_json":{"title":"Lojistik \u00c7\u00f6z\u00fcmlerimiz | Noatum Logistics","robots":{"index":"index","follow":"follow","max-snippet":"max-snippet:-1","max-image-preview":"max-image-preview:large","max-video-preview":"max-video-preview:-1"},"canonical":"https:\/\/www.noatumlogistics.com\/tr\/lojistik-cozumleri-noatum\/","og_locale":"tr_TR","og_type":"article","og_title":"Lojistik \u00c7\u00f6z\u00fcmlerimiz | Noatum Logistics","og_description":"[vc_row center_row=&#8221;yes&#8221; bg_overlay=&#8221;yes&#8221; typo_style=&#8221;light&#8221; css=&#8221;.vc_custom_1625757698338{padding-top: 120px !important;padding-bottom: 120px !important;background-image: url(https:\/\/www.noatumlogistics.com\/tr\/wp-content\/uploads\/sites\/12\/2021\/12\/Logistics-Services-banner.jpg?id=16678) !important;background-position: center !important;background-repeat: no-repeat !important;background-size: cover !important;}&#8221; el_class=&#8221;primerafila&#8221;][vc_column][\/vc_column][\/vc_row][vc_row full_width=&#8221;stretch_row_content_no_spaces&#8221; match_height=&#8221;yes&#8221; center_row=&#8221;yes&#8221; el_class=&#8221;rowservicio boxesservicios&#8221; css=&#8221;.vc_custom_1625830786981{margin-top: 40px !important;}&#8221;][vc_column width=&#8221;2\/3&#8243; css=&#8221;.vc_custom_1668005280488{background-image: url(https:\/\/www.noatumlogistics.com\/wp-content\/uploads\/2020\/03\/international-supply-chain-management_Noatum.jpg?id=10889) !important;background-position:...","og_url":"https:\/\/www.noatumlogistics.com\/tr\/lojistik-cozumleri-noatum\/","og_site_name":"Turkey","article_modified_time":"2025-09-10T10:37:55+00:00","og_image":[{"width":1840,"height":1033,"url":"https:\/\/www.noatumlogistics.com\/tr\/wp-content\/uploads\/sites\/12\/2021\/12\/Logistics-Services-banner.jpg","type":"image\/jpeg"}],"twitter_card":"summary_large_image","twitter_misc":{"Tahmini okuma s\u00fcresi":"2 dakika"},"schema":{"@context":"https:\/\/schema.org","@graph":[{"@type":"WebPage","@id":"https:\/\/www.noatumlogistics.com\/tr\/lojistik-cozumleri-noatum\/","url":"https:\/\/www.noatumlogistics.com\/tr\/lojistik-cozumleri-noatum\/","name":"Lojistik \u00c7\u00f6z\u00fcmlerimiz | Noatum Logistics","isPartOf":{"@id":"https:\/\/www.noatumlogistics.com\/tr\/#website"},"primaryImageOfPage":{"@id":"https:\/\/www.noatumlogistics.com\/tr\/lojistik-cozumleri-noatum\/#primaryimage"},"image":{"@id":"https:\/\/www.noatumlogistics.com\/tr\/lojistik-cozumleri-noatum\/#primaryimage"},"thumbnailUrl":"https:\/\/www.noatumlogistics.com\/tr\/wp-content\/uploads\/sites\/12\/2021\/12\/Logistics-Services-banner.jpg","datePublished":"2023-01-05T12:50:42+00:00","dateModified":"2025-09-10T10:37:55+00:00","breadcrumb":{"@id":"https:\/\/www.noatumlogistics.com\/tr\/lojistik-cozumleri-noatum\/#breadcrumb"},"inLanguage":"tr","potentialAction":[{"@type":"ReadAction","target":["https:\/\/www.noatumlogistics.com\/tr\/lojistik-cozumleri-noatum\/"]}]},{"@type":"ImageObject","inLanguage":"tr","@id":"https:\/\/www.noatumlogistics.com\/tr\/lojistik-cozumleri-noatum\/#primaryimage","url":"https:\/\/www.noatumlogistics.com\/tr\/wp-content\/uploads\/sites\/12\/2021\/12\/Logistics-Services-banner.jpg","contentUrl":"https:\/\/www.noatumlogistics.com\/tr\/wp-content\/uploads\/sites\/12\/2021\/12\/Logistics-Services-banner.jpg","width":1840,"height":1033},{"@type":"BreadcrumbList","@id":"https:\/\/www.noatumlogistics.com\/tr\/lojistik-cozumleri-noatum\/#breadcrumb","itemListElement":[{"@type":"ListItem","position":1,"name":"Ana sayfa","item":"https:\/\/www.noatumlogistics.com\/tr\/"},{"@type":"ListItem","position":2,"name":"Lojistik \u00c7\u00f6z\u00fcmlerimiz"}]},{"@type":"WebSite","@id":"https:\/\/www.noatumlogistics.com\/tr\/#website","url":"https:\/\/www.noatumlogistics.com\/tr\/","name":"Turkey","description":"Excelen en servicios log\u00edsticos","potentialAction":[{"@type":"SearchAction","target":{"@type":"EntryPoint","urlTemplate":"https:\/\/www.noatumlogistics.com\/tr\/?s={search_term_string}"},"query-input":{"@type":"PropertyValueSpecification","valueRequired":true,"valueName":"search_term_string"}}],"inLanguage":"tr"}]}},"_links":{"self":[{"href":"https:\/\/www.noatumlogistics.com\/tr\/wp-json\/wp\/v2\/pages\/20324","targetHints":{"allow":["GET"]}}],"collection":[{"href":"https:\/\/www.noatumlogistics.com\/tr\/wp-json\/wp\/v2\/pages"}],"about":[{"href":"https:\/\/www.noatumlogistics.com\/tr\/wp-json\/wp\/v2\/types\/page"}],"author":[{"embeddable":true,"href":"https:\/\/www.noatumlogistics.com\/tr\/wp-json\/wp\/v2\/users\/9"}],"replies":[{"embeddable":true,"href":"https:\/\/www.noatumlogistics.com\/tr\/wp-json\/wp\/v2\/comments?post=20324"}],"version-history":[{"count":6,"href":"https:\/\/www.noatumlogistics.com\/tr\/wp-json\/wp\/v2\/pages\/20324\/revisions"}],"predecessor-version":[{"id":21661,"href":"https:\/\/www.noatumlogistics.com\/tr\/wp-json\/wp\/v2\/pages\/20324\/revisions\/21661"}],"wp:featuredmedia":[{"embeddable":true,"href":"https:\/\/www.noatumlogistics.com\/tr\/wp-json\/wp\/v2\/media\/19961"}],"wp:attachment":[{"href":"https:\/\/www.noatumlogistics.com\/tr\/wp-json\/wp\/v2\/media?parent=20324"}],"curies":[{"name":"wp","href":"https:\/\/api.w.org\/{rel}","templated":true}]}}