{"id":19985,"date":"2022-01-11T17:46:10","date_gmt":"2022-01-11T16:46:10","guid":{"rendered":"https:\/\/www.noatumlogistics.com\/tr\/?page_id=19985"},"modified":"2023-01-05T13:59:15","modified_gmt":"2023-01-05T12:59:15","slug":"lojistik-hizmetler","status":"publish","type":"page","link":"https:\/\/www.noatumlogistics.com\/tr\/lojistik-hizmetler\/","title":{"rendered":"Lojistik Hizmetler"},"content":{"rendered":"<div class=\"wpb-content-wrapper\"><p>[vc_row center_row=&#8221;yes&#8221; bg_overlay=&#8221;yes&#8221; typo_style=&#8221;light&#8221; css=&#8221;.vc_custom_1625757698338{padding-top: 120px !important;padding-bottom: 120px !important;background-image: url(https:\/\/www.noatumlogistics.com\/tr\/wp-content\/uploads\/sites\/12\/2021\/12\/Logistics-Services-banner.jpg?id=16678) !important;background-position: center !important;background-repeat: no-repeat !important;background-size: cover !important;}&#8221; el_class=&#8221;primerafila&#8221;][vc_column]<div class=\"zozo-parallax-header\"><div class=\"parallax-header\"><h2 class=\"parallax-title text-left\">Lojistik Hizmetler<\/h2><div class=\"parallax-desc default-style text-left\"><h4>Herhangi bir ticari operasyonda yer alan t\u00fcm ihtiya\u00e7lar\u0131n\u0131z i\u00e7in tedarik zincirinin her a\u015famas\u0131nda, alan\u0131nda uzman profesyonel lojistik ekibimiz ile size \u00f6zel \u00e7\u00f6z\u00fcmler sunuyoruz.<\/h4>\n<\/div><\/div><\/div>[\/vc_column][\/vc_row][vc_row full_width=&#8221;stretch_row_content_no_spaces&#8221; match_height=&#8221;yes&#8221; center_row=&#8221;yes&#8221; el_class=&#8221;rowservicio boxesservicios&#8221; css=&#8221;.vc_custom_1625830786981{margin-top: 40px !important;}&#8221;][vc_column width=&#8221;2\/3&#8243; css=&#8221;.vc_custom_1625760728157{background-image: url(https:\/\/www.noatumlogistics.com\/wp-content\/uploads\/2020\/03\/freight-management_Noatum.jpg?id=10888) !important;background-position: center !important;background-repeat: no-repeat !important;background-size: cover !important;}&#8221;][vc_empty_space height=&#8221;300px&#8221;][\/vc_column][vc_column width=&#8221;1\/3&#8243; css=&#8221;.vc_custom_1625830689074{padding-bottom: 30px !important;background-color: #af2626 !important;}&#8221; el_class=&#8221;rowservices&#8221;]<div class=\"zozo-parallax-header textcolpadding VinetasRed\"><div class=\"parallax-header\"><h4 class=\"parallax-title text-left text-none\" style=\"color:#ffffff;margin:0 0 0.4em 0!important;\">Y\u00fck Ta\u015f\u0131mac\u0131l\u0131\u011f\u0131<\/h4><div class=\"parallax-desc default-style text-left\" style=\"color:#ffffff;margin:0 0 0 0!important;\"><p>Alan\u0131nda uzman ekibimiz ile ihtiya\u00e7lar\u0131n\u0131za uygun, g\u00fcvenli, h\u0131zl\u0131 ve en iyi ta\u015f\u0131mac\u0131l\u0131k hizmetlerini sunuyoruz.<\/p>\n<\/div><\/div><\/div>[vc_btn title=&#8221;Daha fazla oku&#8221; style=&#8221;outline&#8221; link=&#8221;url:https%3A%2F%2Fwww.noatumlogistics.com%2Ftr%2Fnavlun-yonetimi-hizmetleri%2F|title:Freight%20management&#8221; css=&#8221;.vc_custom_1641919479104{padding-right: 30px !important;padding-left: 30px !important;border-radius: 10px !important;}&#8221; el_id=&#8221;botonespazos&#8221;][\/vc_column][\/vc_row][vc_row full_width=&#8221;stretch_row_content_no_spaces&#8221; match_height=&#8221;yes&#8221; center_row=&#8221;yes&#8221; el_class=&#8221;rowservicio boxesservicios&#8221; css=&#8221;.vc_custom_1625830804091{margin-top: 10px !important;}&#8221;][vc_column width=&#8221;1\/3&#8243; css=&#8221;.vc_custom_1625814701475{padding-bottom: 30px !important;background-color: #af2626 !important;}&#8221; el_class=&#8221;rowservices&#8221;]<div class=\"zozo-parallax-header textcolpadding VinetasRed\"><div class=\"parallax-header\"><h4 class=\"parallax-title text-left text-none\" style=\"color:#ffffff;margin:0 0 0.4em 0!important;\">S\u00f6zle\u015fme Lojisti\u011fi<\/h4><div class=\"parallax-desc default-style text-left\" style=\"color:#ffffff;margin:0 0 0 0!important;\"><p>En kaliteli hizmeti sunarak, lojistik faaliyetlerinde tedarik zinciri y\u00f6netimi s\u00fcrecinize de\u011fer kat\u0131yoruz.<\/p>\n<\/div><\/div><\/div>[vc_btn title=&#8221;Daha fazla oku&#8221; style=&#8221;outline&#8221; link=&#8221;url:https%3A%2F%2Fwww.noatumlogistics.com%2Ftr%2Fkontrat-lojistigi%2F|title:Kontrat%20Lojisti%C4%9Finde%20M%C3%BCkemmeliyet&#8221; css=&#8221;.vc_custom_1672923242347{padding-right: 30px !important;padding-left: 30px !important;border-radius: 10px !important;}&#8221;][\/vc_column][vc_column width=&#8221;2\/3&#8243; css=&#8221;.vc_custom_1672923513174{background-image: url(https:\/\/www.noatumlogistics.com\/tr\/wp-content\/uploads\/sites\/12\/2021\/05\/contract-logistics-noatum-home.jpg?id=17837) !important;background-position: center !important;background-repeat: no-repeat !important;background-size: cover !important;}&#8221;][vc_empty_space height=&#8221;300px&#8221;][\/vc_column][\/vc_row][vc_row full_width=&#8221;stretch_row_content_no_spaces&#8221; match_height=&#8221;yes&#8221; center_row=&#8221;yes&#8221; el_class=&#8221;rowservicio boxesservicios&#8221; css=&#8221;.vc_custom_1625830799425{margin-top: 10px !important;}&#8221;][vc_column width=&#8221;2\/3&#8243; css=&#8221;.vc_custom_1634126517689{background-image: url(https:\/\/www.noatumlogistics.com\/wp-content\/uploads\/2020\/03\/home_golbaltrade-1.jpg?id=11236) !important;background-position: center !important;background-repeat: no-repeat !important;background-size: cover !important;}&#8221;][vc_empty_space height=&#8221;300px&#8221;][\/vc_column][vc_column width=&#8221;1\/3&#8243; css=&#8221;.vc_custom_1625830671806{padding-bottom: 30px !important;background-color: #af2626 !important;}&#8221; el_class=&#8221;rowservices&#8221;]<div class=\"zozo-parallax-header textcolpadding VinetasRed\"><div class=\"parallax-header\"><h4 class=\"parallax-title text-left text-none\" style=\"color:#ffffff;margin:0 0 0.4em 0!important;\">K\u00fcresel Ticaret Y\u00f6netimi<\/h4><div class=\"parallax-desc default-style text-left\" style=\"color:#ffffff;margin:0 0 0 0!important;\"><p>Temsilcilerimiz uluslararas\u0131 b\u00fcy\u00fcme f\u0131rsatlar\u0131n\u0131 belirlemenize yard\u0131mc\u0131 olacakt\u0131r. Profesyonel ticaret dan\u0131\u015fmanl\u0131\u011f\u0131nda en iyi hizmeti sunuyoruz.<\/p>\n<\/div><\/div><\/div>[vc_btn title=&#8221;Daha fazla oku&#8221; style=&#8221;outline&#8221; link=&#8221;url:https%3A%2F%2Fwww.noatumlogistics.com%2Ftr%2Fglobal-ticaret-yonetimi%2F|title:Global%20trade%20management&#8221; css=&#8221;.vc_custom_1641919465192{padding-right: 30px !important;padding-left: 30px !important;border-radius: 10px !important;}&#8221;][\/vc_column][\/vc_row][vc_row css_animation=&#8221;left-to-right&#8221; center_row=&#8221;yes&#8221; opn_row_gutter=&#8221;100&#8243; el_id=&#8221;contactform&#8221; css=&#8221;.vc_custom_1582792022784{background-color: #f7f7f7 !important;}&#8221;][vc_column][vc_column_text]<\/p>\n<p style=\"text-align: center;\"><span style=\"color: #aa272f; font-size: 28px;\">Daha fazla bilgi i\u00e7in l\u00fctfen bizimle temasa ge\u00e7in<\/span><\/p>\n<p>[\/vc_column_text][vc_column_text]\n<div class=\"wpcf7 no-js\" id=\"wpcf7-f16123-o1\" lang=\"tr-TR\" dir=\"ltr\" data-wpcf7-id=\"16123\">\n<div class=\"screen-reader-response\"><p role=\"status\" aria-live=\"polite\" aria-atomic=\"true\"><\/p> <ul><\/ul><\/div>\n<form action=\"\/tr\/wp-json\/wp\/v2\/pages\/19985#wpcf7-f16123-o1\" method=\"post\" class=\"wpcf7-form init\" aria-label=\"\u0130leti\u015fim Formu\" novalidate=\"novalidate\" data-status=\"init\">\n<fieldset class=\"hidden-fields-container\"><input type=\"hidden\" name=\"_wpcf7\" value=\"16123\" \/><input type=\"hidden\" name=\"_wpcf7_version\" value=\"6.1.5\" \/><input type=\"hidden\" name=\"_wpcf7_locale\" value=\"tr_TR\" \/><input type=\"hidden\" name=\"_wpcf7_unit_tag\" value=\"wpcf7-f16123-o1\" \/><input type=\"hidden\" name=\"_wpcf7_container_post\" value=\"0\" \/><input type=\"hidden\" name=\"_wpcf7_posted_data_hash\" value=\"\" \/><input type=\"hidden\" name=\"_wpcf7dtx_version\" value=\"5.0.5\" \/><input type=\"hidden\" name=\"_wpcf7_recaptcha_response\" value=\"\" \/>\n<\/fieldset>\n<div class=\"row\">\n\t<div class=\"col-md-12\">\n\t<div class=\"wpcf7-response-output\" aria-hidden=\"true\"><\/div>\n\t<\/div>\n<\/div>\n<p style=\"font-size: 12px; font-weight:400; \">T\u00fcm alanlar zorunludur.\n<\/p>\n<div class=\"row\">\n\t<div class=\"col-md-6\">\n\t\t<p><span class=\"wpcf7-form-control-wrap\" data-name=\"your-name\"><input size=\"40\" maxlength=\"400\" class=\"wpcf7-form-control wpcf7-text wpcf7-validates-as-required\" aria-required=\"true\" aria-invalid=\"false\" placeholder=\"Ad\u0131 ve Soyad\u0131\" value=\"\" type=\"text\" name=\"your-name\" \/><\/span>\n\t\t<\/p>\n\t\t<p><span class=\"wpcf7-form-control-wrap\" data-name=\"Empresa\"><input size=\"40\" maxlength=\"400\" class=\"wpcf7-form-control wpcf7-text wpcf7-validates-as-required\" aria-required=\"true\" aria-invalid=\"false\" placeholder=\"\u015eirket\" value=\"\" type=\"text\" name=\"Empresa\" \/><\/span>\n\t\t<\/p>\n\t\t<p><span class=\"wpcf7-form-control-wrap\" data-name=\"tel-845\"><input size=\"40\" maxlength=\"400\" class=\"wpcf7-form-control wpcf7-tel wpcf7-validates-as-required wpcf7-text wpcf7-validates-as-tel\" aria-required=\"true\" aria-invalid=\"false\" placeholder=\"Telefon\" value=\"\" type=\"tel\" name=\"tel-845\" \/><\/span>\n\t\t<\/p>\n\t<\/div>\n\t<div class=\"col-md-6\">\n\t\t<p><span class=\"wpcf7-form-control-wrap\" data-name=\"your-email\"><input size=\"40\" maxlength=\"400\" class=\"wpcf7-form-control wpcf7-email wpcf7-validates-as-required wpcf7-text wpcf7-validates-as-email\" aria-required=\"true\" aria-invalid=\"false\" placeholder=\"E-posta\" value=\"\" type=\"email\" name=\"your-email\" \/><\/span>\n\t\t<\/p>\n\t<span class=\"wpcf7-form-control-wrap recipient-email\" data-name=\"recipient-email\"><input type=\"hidden\" name=\"recipient-email\" class=\"wpcf7-form-control wpcf7-hidden wpcf7dtx wpcf7dtx-hidden\" aria-invalid=\"false\"><\/span>\n\t\t<p><span class=\"wpcf7-form-control-wrap\" data-name=\"your-message\"><textarea cols=\"40\" rows=\"10\" maxlength=\"2000\" class=\"wpcf7-form-control wpcf7-textarea\" aria-invalid=\"false\" placeholder=\"Sorunuz\" name=\"your-message\"><\/textarea><\/span>\n\t\t<\/p>\n\t<\/div>\n<\/div>\n<div class=\"row\">\n\t<div class=\"col-md-12 legalnotice\">\n\t\t<p style=\"font-weight: 300;font-size: 12px;line-height: 1.5em;margin-top: 10px;\">Avenida de Italia n\u00ba2 (CTC), Coslada, Madrid, \u0130spanya adresinde bulunan Noatum Holdings S.L.U., ki\u015fisel verilerinizi, talebinize yan\u0131t vermek ve Noatum grubu i\u00e7indeki ilgili \u015firkete g\u00f6ndermek i\u00e7in izninizle kullan\u0131r. Verileriniz size yan\u0131t vermek i\u00e7in gerekenden daha uzun s\u00fcre saklanmayacakt\u0131r. \u0130lgili kutuyu i\u015faretleyerek hizmetlerimiz hakk\u0131nda e-posta reklamlar\u0131 almay\u0131 kabul ederseniz, siz aksini belirtinceye kadar verilerinizi saklayaca\u011f\u0131z.\n\t\t<\/p>\n\t\t<p style=\"font-weight: 300;font-size: 12px;line-height: 1.5em; margin-top: 5px;\">Veri Koruma G\u00f6revlisi ile (<a href=\"mailto:dpo@noatum.com\">dpo@noatum.com<\/a>). adresinden ileti\u015fime ge\u00e7ebilirsiniz. Haklar\u0131n\u0131z\u0131n ihlal edildi\u011fini d\u00fc\u015f\u00fcn\u00fcyorsan\u0131z, \u0130spanya Veri Koruma Kurumu'na \u015fikayette bulunabilirsiniz. Diledi\u011finiz zaman (<a href=\"mailto:dpo@noatum.com\">dpo@noatum.com<\/a>) ile ileti\u015fime ge\u00e7erek onay\u0131n\u0131z\u0131 geri \u00e7ekebilir ve eri\u015fim, d\u00fczeltme, silme, itiraz ve k\u0131s\u0131tlama haklar\u0131n\u0131z\u0131 kullanabilirsiniz.\n\t\t<\/p>\n\t<\/div>\n<\/div>\n<div class=\"row\" style=\"margin-top: 10px; margin-bottom: 15px;\">\n\t<div class=\"col-md-12\">\n\t\t<p><span class=\"wpcf7-form-control-wrap\" data-name=\"acceptance-182\"><span class=\"wpcf7-form-control wpcf7-acceptance\"><span class=\"wpcf7-list-item\"><label><input type=\"checkbox\" name=\"acceptance-182\" value=\"1\" aria-invalid=\"false\" \/><span class=\"wpcf7-list-item-label\">E-posta adresime Noatum grup hizmetleri hakk\u0131nda e-posta reklamlar\u0131 almay\u0131 kabul ediyorum.<\/span><\/label><\/span><\/span><\/span>\n\t\t<\/p>\n\t<\/div>\n<\/div>\n<div class=\"row\">\n\t<div class=\"col-md-12\">\n\t\t<p><input class=\"wpcf7-form-control wpcf7-submit has-spinner\" type=\"submit\" value=\"G\u00f6nder\" \/>\n\t\t<\/p>\n\t<\/div>\n<\/div>\n<\/form>\n<\/div>\n[\/vc_column_text][\/vc_column][\/vc_row]<\/p>\n<\/div>","protected":false},"excerpt":{"rendered":"<p>[vc_row center_row=&#8221;yes&#8221; bg_overlay=&#8221;yes&#8221; typo_style=&#8221;light&#8221; css=&#8221;.vc_custom_1625757698338{padding-top: 120px !important;padding-bottom: 120px !important;background-image: url(https:\/\/www.noatumlogistics.com\/tr\/wp-content\/uploads\/sites\/12\/2021\/12\/Logistics-Services-banner.jpg?id=16678) !important;background-position: center !important;background-repeat: no-repeat !important;background-size: cover !important;}&#8221; el_class=&#8221;primerafila&#8221;][vc_column][\/vc_column][\/vc_row][vc_row full_width=&#8221;stretch_row_content_no_spaces&#8221; match_height=&#8221;yes&#8221; center_row=&#8221;yes&#8221; el_class=&#8221;rowservicio boxesservicios&#8221; css=&#8221;.vc_custom_1625830786981{margin-top: 40px !important;}&#8221;][vc_column width=&#8221;2\/3&#8243; css=&#8221;.vc_custom_1625760728157{background-image: url(https:\/\/www.noatumlogistics.com\/wp-content\/uploads\/2020\/03\/freight-management_Noatum.jpg?id=10888) !important;background-position:&#8230;<\/p>\n","protected":false},"author":9,"featured_media":0,"parent":0,"menu_order":0,"comment_status":"closed","ping_status":"closed","template":"template-fullwidth.php","meta":{"footnotes":""},"class_list":["post-19985","page","type-page","status-publish","hentry"],"yoast_head":"<!-- This site is optimized with the Yoast SEO plugin v27.3 - https:\/\/yoast.com\/product\/yoast-seo-wordpress\/ -->\n<title>Lojistik Hizmetler | Noatum Logistics<\/title>\n<meta name=\"robots\" content=\"index, follow, max-snippet:-1, max-image-preview:large, max-video-preview:-1\" \/>\n<link rel=\"canonical\" href=\"https:\/\/www.noatumlogistics.com\/tr\/lojistik-hizmetler\/\" \/>\n<meta property=\"og:locale\" content=\"tr_TR\" \/>\n<meta property=\"og:type\" content=\"article\" \/>\n<meta property=\"og:title\" content=\"Lojistik Hizmetler | Noatum Logistics\" \/>\n<meta property=\"og:description\" content=\"[vc_row center_row=&#8221;yes&#8221; bg_overlay=&#8221;yes&#8221; typo_style=&#8221;light&#8221; css=&#8221;.vc_custom_1625757698338{padding-top: 120px !important;padding-bottom: 120px !important;background-image: url(https:\/\/www.noatumlogistics.com\/tr\/wp-content\/uploads\/sites\/12\/2021\/12\/Logistics-Services-banner.jpg?id=16678) !important;background-position: center !important;background-repeat: no-repeat !important;background-size: cover !important;}&#8221; el_class=&#8221;primerafila&#8221;][vc_column][\/vc_column][\/vc_row][vc_row full_width=&#8221;stretch_row_content_no_spaces&#8221; match_height=&#8221;yes&#8221; center_row=&#8221;yes&#8221; el_class=&#8221;rowservicio boxesservicios&#8221; css=&#8221;.vc_custom_1625830786981{margin-top: 40px !important;}&#8221;][vc_column width=&#8221;2\/3&#8243; css=&#8221;.vc_custom_1625760728157{background-image: url(https:\/\/www.noatumlogistics.com\/wp-content\/uploads\/2020\/03\/freight-management_Noatum.jpg?id=10888) !important;background-position:...\" \/>\n<meta property=\"og:url\" content=\"https:\/\/www.noatumlogistics.com\/tr\/lojistik-hizmetler\/\" \/>\n<meta property=\"og:site_name\" content=\"Turkey\" \/>\n<meta property=\"article:modified_time\" content=\"2023-01-05T12:59:15+00:00\" \/>\n<meta property=\"og:image\" content=\"https:\/\/www.noatumlogistics.com\/tr\/wp-content\/uploads\/sites\/12\/2021\/12\/Logistics-Services-banner.jpg\" \/>\n\t<meta property=\"og:image:width\" content=\"1840\" \/>\n\t<meta property=\"og:image:height\" content=\"1033\" \/>\n\t<meta property=\"og:image:type\" content=\"image\/jpeg\" \/>\n<meta name=\"twitter:card\" content=\"summary_large_image\" \/>\n<meta name=\"twitter:label1\" content=\"Tahmini okuma s\u00fcresi\" \/>\n\t<meta name=\"twitter:data1\" content=\"2 dakika\" \/>\n<script type=\"application\/ld+json\" class=\"yoast-schema-graph\">{\"@context\":\"https:\\\/\\\/schema.org\",\"@graph\":[{\"@type\":\"WebPage\",\"@id\":\"https:\\\/\\\/www.noatumlogistics.com\\\/tr\\\/lojistik-hizmetler\\\/\",\"url\":\"https:\\\/\\\/www.noatumlogistics.com\\\/tr\\\/lojistik-hizmetler\\\/\",\"name\":\"Lojistik Hizmetler | Noatum Logistics\",\"isPartOf\":{\"@id\":\"https:\\\/\\\/www.noatumlogistics.com\\\/tr\\\/#website\"},\"datePublished\":\"2022-01-11T16:46:10+00:00\",\"dateModified\":\"2023-01-05T12:59:15+00:00\",\"breadcrumb\":{\"@id\":\"https:\\\/\\\/www.noatumlogistics.com\\\/tr\\\/lojistik-hizmetler\\\/#breadcrumb\"},\"inLanguage\":\"tr\",\"potentialAction\":[{\"@type\":\"ReadAction\",\"target\":[\"https:\\\/\\\/www.noatumlogistics.com\\\/tr\\\/lojistik-hizmetler\\\/\"]}]},{\"@type\":\"BreadcrumbList\",\"@id\":\"https:\\\/\\\/www.noatumlogistics.com\\\/tr\\\/lojistik-hizmetler\\\/#breadcrumb\",\"itemListElement\":[{\"@type\":\"ListItem\",\"position\":1,\"name\":\"Ana sayfa\",\"item\":\"https:\\\/\\\/www.noatumlogistics.com\\\/tr\\\/\"},{\"@type\":\"ListItem\",\"position\":2,\"name\":\"Lojistik Hizmetler\"}]},{\"@type\":\"WebSite\",\"@id\":\"https:\\\/\\\/www.noatumlogistics.com\\\/tr\\\/#website\",\"url\":\"https:\\\/\\\/www.noatumlogistics.com\\\/tr\\\/\",\"name\":\"Turkey\",\"description\":\"Excelen en servicios log\u00edsticos\",\"potentialAction\":[{\"@type\":\"SearchAction\",\"target\":{\"@type\":\"EntryPoint\",\"urlTemplate\":\"https:\\\/\\\/www.noatumlogistics.com\\\/tr\\\/?s={search_term_string}\"},\"query-input\":{\"@type\":\"PropertyValueSpecification\",\"valueRequired\":true,\"valueName\":\"search_term_string\"}}],\"inLanguage\":\"tr\"}]}<\/script>\n<!-- \/ Yoast SEO plugin. -->","yoast_head_json":{"title":"Lojistik Hizmetler | Noatum Logistics","robots":{"index":"index","follow":"follow","max-snippet":"max-snippet:-1","max-image-preview":"max-image-preview:large","max-video-preview":"max-video-preview:-1"},"canonical":"https:\/\/www.noatumlogistics.com\/tr\/lojistik-hizmetler\/","og_locale":"tr_TR","og_type":"article","og_title":"Lojistik Hizmetler | Noatum Logistics","og_description":"[vc_row center_row=&#8221;yes&#8221; bg_overlay=&#8221;yes&#8221; typo_style=&#8221;light&#8221; css=&#8221;.vc_custom_1625757698338{padding-top: 120px !important;padding-bottom: 120px !important;background-image: url(https:\/\/www.noatumlogistics.com\/tr\/wp-content\/uploads\/sites\/12\/2021\/12\/Logistics-Services-banner.jpg?id=16678) !important;background-position: center !important;background-repeat: no-repeat !important;background-size: cover !important;}&#8221; el_class=&#8221;primerafila&#8221;][vc_column][\/vc_column][\/vc_row][vc_row full_width=&#8221;stretch_row_content_no_spaces&#8221; match_height=&#8221;yes&#8221; center_row=&#8221;yes&#8221; el_class=&#8221;rowservicio boxesservicios&#8221; css=&#8221;.vc_custom_1625830786981{margin-top: 40px !important;}&#8221;][vc_column width=&#8221;2\/3&#8243; css=&#8221;.vc_custom_1625760728157{background-image: url(https:\/\/www.noatumlogistics.com\/wp-content\/uploads\/2020\/03\/freight-management_Noatum.jpg?id=10888) !important;background-position:...","og_url":"https:\/\/www.noatumlogistics.com\/tr\/lojistik-hizmetler\/","og_site_name":"Turkey","article_modified_time":"2023-01-05T12:59:15+00:00","og_image":[{"width":1840,"height":1033,"url":"https:\/\/www.noatumlogistics.com\/tr\/wp-content\/uploads\/sites\/12\/2021\/12\/Logistics-Services-banner.jpg","type":"image\/jpeg"}],"twitter_card":"summary_large_image","twitter_misc":{"Tahmini okuma s\u00fcresi":"2 dakika"},"schema":{"@context":"https:\/\/schema.org","@graph":[{"@type":"WebPage","@id":"https:\/\/www.noatumlogistics.com\/tr\/lojistik-hizmetler\/","url":"https:\/\/www.noatumlogistics.com\/tr\/lojistik-hizmetler\/","name":"Lojistik Hizmetler | Noatum Logistics","isPartOf":{"@id":"https:\/\/www.noatumlogistics.com\/tr\/#website"},"datePublished":"2022-01-11T16:46:10+00:00","dateModified":"2023-01-05T12:59:15+00:00","breadcrumb":{"@id":"https:\/\/www.noatumlogistics.com\/tr\/lojistik-hizmetler\/#breadcrumb"},"inLanguage":"tr","potentialAction":[{"@type":"ReadAction","target":["https:\/\/www.noatumlogistics.com\/tr\/lojistik-hizmetler\/"]}]},{"@type":"BreadcrumbList","@id":"https:\/\/www.noatumlogistics.com\/tr\/lojistik-hizmetler\/#breadcrumb","itemListElement":[{"@type":"ListItem","position":1,"name":"Ana sayfa","item":"https:\/\/www.noatumlogistics.com\/tr\/"},{"@type":"ListItem","position":2,"name":"Lojistik Hizmetler"}]},{"@type":"WebSite","@id":"https:\/\/www.noatumlogistics.com\/tr\/#website","url":"https:\/\/www.noatumlogistics.com\/tr\/","name":"Turkey","description":"Excelen en servicios log\u00edsticos","potentialAction":[{"@type":"SearchAction","target":{"@type":"EntryPoint","urlTemplate":"https:\/\/www.noatumlogistics.com\/tr\/?s={search_term_string}"},"query-input":{"@type":"PropertyValueSpecification","valueRequired":true,"valueName":"search_term_string"}}],"inLanguage":"tr"}]}},"_links":{"self":[{"href":"https:\/\/www.noatumlogistics.com\/tr\/wp-json\/wp\/v2\/pages\/19985","targetHints":{"allow":["GET"]}}],"collection":[{"href":"https:\/\/www.noatumlogistics.com\/tr\/wp-json\/wp\/v2\/pages"}],"about":[{"href":"https:\/\/www.noatumlogistics.com\/tr\/wp-json\/wp\/v2\/types\/page"}],"author":[{"embeddable":true,"href":"https:\/\/www.noatumlogistics.com\/tr\/wp-json\/wp\/v2\/users\/9"}],"replies":[{"embeddable":true,"href":"https:\/\/www.noatumlogistics.com\/tr\/wp-json\/wp\/v2\/comments?post=19985"}],"version-history":[{"count":5,"href":"https:\/\/www.noatumlogistics.com\/tr\/wp-json\/wp\/v2\/pages\/19985\/revisions"}],"predecessor-version":[{"id":20327,"href":"https:\/\/www.noatumlogistics.com\/tr\/wp-json\/wp\/v2\/pages\/19985\/revisions\/20327"}],"wp:attachment":[{"href":"https:\/\/www.noatumlogistics.com\/tr\/wp-json\/wp\/v2\/media?parent=19985"}],"curies":[{"name":"wp","href":"https:\/\/api.w.org\/{rel}","templated":true}]}}