{"id":17136,"date":"2021-01-22T13:41:49","date_gmt":"2021-01-22T12:41:49","guid":{"rendered":"https:\/\/www.noatumlogistics.com\/tr\/?page_id=17136"},"modified":"2021-01-22T13:41:49","modified_gmt":"2021-01-22T12:41:49","slug":"siz-de-aramiza-katilin","status":"publish","type":"page","link":"https:\/\/www.noatumlogistics.com\/tr\/siz-de-aramiza-katilin\/","title":{"rendered":"Siz de aram\u0131za kat\u0131l\u0131n"},"content":{"rendered":"<div class=\"wpb-content-wrapper\"><p>[vc_row center_row=&#8221;yes&#8221; typo_style=&#8221;default&#8221; css=&#8221;.vc_custom_1468944104926{padding-top: 50px !important;padding-bottom: 50px !important;}&#8221;][vc_column]<div class=\"zozo-parallax-header\"><div class=\"parallax-header\"><h5 class=\"parallax-title text-left\" style=\"font-size:16px;margin:0px 0px 20px 0px;\">GENEL BA\u015eVURU<\/h5><div class=\"parallax-desc default-style text-left\"><h3>Ekibimize kat\u0131lmak i\u00e7in ba\u015fvuru formunu doldurun.<\/h3>\n<\/div><\/div><\/div>[\/vc_column][\/vc_row][vc_row center_row=&#8221;yes&#8221; typo_style=&#8221;default&#8221; css=&#8221;.vc_custom_1468928890758{padding-top: 0px !important;padding-bottom: 0px !important;}&#8221;][vc_column css=&#8221;.vc_custom_1468928853550{padding: 40px !important;background-color: #f7f7f7 !important;}&#8221;][vc_column_text]\n<div class=\"wpcf7 no-js\" id=\"wpcf7-f17135-o1\" lang=\"tr-TR\" dir=\"ltr\" data-wpcf7-id=\"17135\">\n<div class=\"screen-reader-response\"><p role=\"status\" aria-live=\"polite\" aria-atomic=\"true\"><\/p> <ul><\/ul><\/div>\n<form action=\"\/tr\/wp-json\/wp\/v2\/pages\/17136#wpcf7-f17135-o1\" method=\"post\" class=\"wpcf7-form init\" aria-label=\"\u0130leti\u015fim Formu\" enctype=\"multipart\/form-data\" novalidate=\"novalidate\" data-status=\"init\">\n<fieldset class=\"hidden-fields-container\"><input type=\"hidden\" name=\"_wpcf7\" value=\"17135\" \/><input type=\"hidden\" name=\"_wpcf7_version\" value=\"6.1.5\" \/><input type=\"hidden\" name=\"_wpcf7_locale\" value=\"tr_TR\" \/><input type=\"hidden\" name=\"_wpcf7_unit_tag\" value=\"wpcf7-f17135-o1\" \/><input type=\"hidden\" name=\"_wpcf7_container_post\" value=\"0\" \/><input type=\"hidden\" name=\"_wpcf7_posted_data_hash\" value=\"\" \/><input type=\"hidden\" name=\"_wpcf7dtx_version\" value=\"5.0.5\" \/><input type=\"hidden\" name=\"_wpcf7_recaptcha_response\" value=\"\" \/>\n<\/fieldset>\n<div class=\"row\" style=\"margin-top:20px\">\n\t<div class=\"wpb_column vc_main_column vc_column_container vc_col-sm-6 typo-default\">\n\t\t<div class=\"vc_column-inner \">\n\t\t\t<div class=\"wpb_wrapper\">\n\t\t\t\t<div class=\"wpb_text_column wpb_content_element \">\n\t\t\t\t\t<div class=\"wpb_wrapper\">\n\t\t\t\t\t\t<p>Ad ve Soyad\u0131n\u0131z *<br \/>\n<span class=\"wpcf7-form-control-wrap\" data-name=\"your-name\"><input size=\"40\" maxlength=\"400\" class=\"wpcf7-form-control wpcf7-text wpcf7-validates-as-required\" aria-required=\"true\" aria-invalid=\"false\" value=\"\" type=\"text\" name=\"your-name\" \/><\/span>\n\t\t\t\t\t\t<\/p>\n\t\t\t\t\t<\/div>\n\t\t\t\t<\/div>\n\t\t\t<\/div>\n\t\t<\/div>\n\t<\/div>\n\t<div class=\"wpb_column vc_main_column vc_column_container vc_col-sm-6 typo-default\">\n\t\t<div class=\"vc_column-inner \">\n\t\t\t<div class=\"wpb_wrapper\">\n\t\t\t\t<div class=\"wpb_text_column wpb_content_element \">\n\t\t\t\t\t<div class=\"wpb_wrapper\">\n\t\t\t\t\t\t<p>E-posta adresiniz *\n\t\t\t\t\t\t<\/p>\n\t\t\t\t\t\t<p><span class=\"wpcf7-form-control-wrap\" data-name=\"your-email\"><input size=\"40\" maxlength=\"400\" class=\"wpcf7-form-control wpcf7-email wpcf7-validates-as-required wpcf7-text wpcf7-validates-as-email\" aria-required=\"true\" aria-invalid=\"false\" value=\"\" type=\"email\" name=\"your-email\" \/><\/span>\n\t\t\t\t\t\t<\/p>\n\t\t\t\t\t<\/div>\n\t\t\t\t<\/div>\n\t\t\t<\/div>\n\t\t<\/div>\n\t<\/div>\n<\/div>\n<div  style=\"margin-top:20px\">\n\t<p>Ba\u015fvuru mektubunuz\n\t<\/p>\n\t<p><span class=\"wpcf7-form-control-wrap\" data-name=\"your-message\"><textarea cols=\"40\" rows=\"10\" maxlength=\"2000\" class=\"wpcf7-form-control wpcf7-textarea\" aria-invalid=\"false\" name=\"your-message\"><\/textarea><\/span>\n\t<\/p>\n<\/div>\n<div style=\"margin-top:20px\">\n\t<p><span>\u00d6zge\u00e7mi\u015f y\u00fckleyin *<\/span><br \/>\n<span class=\"wpcf7-form-control-wrap\" data-name=\"file-714\"><input size=\"40\" class=\"wpcf7-form-control wpcf7-file wpcf7-validates-as-required upload\" id=\"uploadBtn\" accept=\".pdf,.doc,.docx\" aria-required=\"true\" aria-invalid=\"false\" type=\"file\" name=\"file-714\" \/><\/span>\n\t<\/p>\n\t<p style=\"font-size:10px\";>(Sadece pdf, doc ve docx format\u0131ndaki ekler kabul edilebilir)\n\t<\/p>\n<\/div>\n<div style=\"margin-top:20px\">\n\t<p>\n\t\n\t<\/p>\n\t<div class=\"row\">\n\t\t<div class=\"col-md-12 legalnotice\">\n\t\t\t<p style=\"font-weight: 300;font-size: 12px;line-height: 1.5em;margin-top: 10px;\">Avenida de Italia n\u00ba2 (CTC), Coslada, Madrid, \u0130spanya adresinde bulunan Noatum Holdings S.L.U., ki\u015fisel verilerinizi, talebinize yan\u0131t vermek ve Noatum grubu i\u00e7indeki ilgili \u015firkete g\u00f6ndermek i\u00e7in izninizle kullan\u0131r. Verileriniz size yan\u0131t vermek i\u00e7in gerekenden daha uzun s\u00fcre saklanmayacakt\u0131r. \u0130lgili kutuyu i\u015faretleyerek hizmetlerimiz hakk\u0131nda e-posta reklamlar\u0131 almay\u0131 kabul ederseniz, siz aksini belirtinceye kadar verilerinizi saklayaca\u011f\u0131z.\n\t\t\t<\/p>\n\t\t\t<p style=\"font-weight: 300;font-size: 12px;line-height: 1.5em; margin-top: 5px;\">Veri Koruma G\u00f6revlisi ile (<a href=\"mailto:dpo@noatum.com\">dpo@noatum.com<\/a>). adresinden ileti\u015fime ge\u00e7ebilirsiniz. Haklar\u0131n\u0131z\u0131n ihlal edildi\u011fini d\u00fc\u015f\u00fcn\u00fcyorsan\u0131z, \u0130spanya Veri Koruma Kurumu'na \u015fikayette bulunabilirsiniz. Diledi\u011finiz zaman (<a href=\"mailto:dpo@noatum.com\">dpo@noatum.com<\/a>) ile ileti\u015fime ge\u00e7erek onay\u0131n\u0131z\u0131 geri \u00e7ekebilir ve eri\u015fim, d\u00fczeltme, silme, itiraz ve k\u0131s\u0131tlama haklar\u0131n\u0131z\u0131 kullanabilirsiniz.\n\t\t\t<\/p>\n\t\t<\/div>\n\t<\/div>\n\t<div class=\"row\" style=\"margin-top: 10px; margin-bottom: 15px;\">\n\t\t<div class=\"col-md-12\">\n\t\t\t<p><span class=\"wpcf7-form-control-wrap\" data-name=\"acceptance-182\"><span class=\"wpcf7-form-control wpcf7-acceptance\"><span class=\"wpcf7-list-item\"><label><input type=\"checkbox\" name=\"acceptance-182\" value=\"1\" aria-invalid=\"false\" \/><span class=\"wpcf7-list-item-label\">E-posta adresime Noatum grup hizmetleri hakk\u0131nda e-posta reklamlar\u0131 almay\u0131 kabul ediyorum.<\/span><\/label><\/span><\/span><\/span>\n\t\t\t<\/p>\n\t\t<\/div>\n\t<\/div>\n\t<div class=\"row\">\n\t\t<div class=\"col-md-12\">\n\t\t\t<p><input class=\"wpcf7-form-control wpcf7-submit has-spinner\" type=\"submit\" value=\"G\u00f6nder\" \/>\n\t\t\t<\/p>\n\t\t<\/div>\n\t<\/div>\n<\/div><div class=\"wpcf7-response-output\" aria-hidden=\"true\"><\/div>\n<\/form>\n<\/div>\n[\/vc_column_text][\/vc_column][\/vc_row]<\/p>\n<\/div>","protected":false},"excerpt":{"rendered":"<p>[vc_row center_row=&#8221;yes&#8221; typo_style=&#8221;default&#8221; css=&#8221;.vc_custom_1468944104926{padding-top: 50px !important;padding-bottom: 50px !important;}&#8221;][vc_column][\/vc_column][\/vc_row][vc_row center_row=&#8221;yes&#8221; typo_style=&#8221;default&#8221; css=&#8221;.vc_custom_1468928890758{padding-top: 0px !important;padding-bottom: 0px !important;}&#8221;][vc_column css=&#8221;.vc_custom_1468928853550{padding: 40px !important;background-color: #f7f7f7 !important;}&#8221;][vc_column_text][\/vc_column_text][\/vc_column][\/vc_row]<\/p>\n","protected":false},"author":9,"featured_media":0,"parent":0,"menu_order":0,"comment_status":"closed","ping_status":"closed","template":"template-fullwidth.php","meta":{"footnotes":""},"class_list":["post-17136","page","type-page","status-publish","hentry"],"yoast_head":"<!-- This site is optimized with the Yoast SEO plugin v27.3 - https:\/\/yoast.com\/product\/yoast-seo-wordpress\/ -->\n<title>Siz de aram\u0131za kat\u0131l\u0131n! | Noatum Logistics<\/title>\n<meta name=\"description\" content=\"Genel ba\u015fvuru ya da stajyer program\u0131m\u0131za ba\u015fvuru ger\u00e7ekle\u015ftirmek isterseniz a\u015fa\u011f\u0131daki ilgili alanlara t\u0131klayarak bilgilerinizi ve \u00f6zge\u00e7mi\u015finizi bizimle payla\u015fabilirsiniz.\" \/>\n<meta name=\"robots\" content=\"index, follow, max-snippet:-1, max-image-preview:large, max-video-preview:-1\" \/>\n<link rel=\"canonical\" href=\"https:\/\/www.noatumlogistics.com\/tr\/siz-de-aramiza-katilin\/\" \/>\n<meta property=\"og:locale\" content=\"tr_TR\" \/>\n<meta property=\"og:type\" content=\"article\" \/>\n<meta property=\"og:title\" content=\"Siz de aram\u0131za kat\u0131l\u0131n! | Noatum Logistics\" \/>\n<meta property=\"og:description\" content=\"Genel ba\u015fvuru ya da stajyer program\u0131m\u0131za ba\u015fvuru ger\u00e7ekle\u015ftirmek isterseniz a\u015fa\u011f\u0131daki ilgili alanlara t\u0131klayarak bilgilerinizi ve \u00f6zge\u00e7mi\u015finizi bizimle payla\u015fabilirsiniz.\" \/>\n<meta property=\"og:url\" content=\"https:\/\/www.noatumlogistics.com\/tr\/siz-de-aramiza-katilin\/\" \/>\n<meta property=\"og:site_name\" content=\"Turkey\" \/>\n<meta name=\"twitter:card\" content=\"summary_large_image\" \/>\n<meta name=\"twitter:label1\" content=\"Tahmini okuma s\u00fcresi\" \/>\n\t<meta name=\"twitter:data1\" content=\"1 dakika\" \/>\n<script type=\"application\/ld+json\" class=\"yoast-schema-graph\">{\"@context\":\"https:\\\/\\\/schema.org\",\"@graph\":[{\"@type\":\"WebPage\",\"@id\":\"https:\\\/\\\/www.noatumlogistics.com\\\/tr\\\/siz-de-aramiza-katilin\\\/\",\"url\":\"https:\\\/\\\/www.noatumlogistics.com\\\/tr\\\/siz-de-aramiza-katilin\\\/\",\"name\":\"Siz de aram\u0131za kat\u0131l\u0131n! | Noatum Logistics\",\"isPartOf\":{\"@id\":\"https:\\\/\\\/www.noatumlogistics.com\\\/tr\\\/#website\"},\"datePublished\":\"2021-01-22T12:41:49+00:00\",\"description\":\"Genel ba\u015fvuru ya da stajyer program\u0131m\u0131za ba\u015fvuru ger\u00e7ekle\u015ftirmek isterseniz a\u015fa\u011f\u0131daki ilgili alanlara t\u0131klayarak bilgilerinizi ve \u00f6zge\u00e7mi\u015finizi bizimle payla\u015fabilirsiniz.\",\"breadcrumb\":{\"@id\":\"https:\\\/\\\/www.noatumlogistics.com\\\/tr\\\/siz-de-aramiza-katilin\\\/#breadcrumb\"},\"inLanguage\":\"tr\",\"potentialAction\":[{\"@type\":\"ReadAction\",\"target\":[\"https:\\\/\\\/www.noatumlogistics.com\\\/tr\\\/siz-de-aramiza-katilin\\\/\"]}]},{\"@type\":\"BreadcrumbList\",\"@id\":\"https:\\\/\\\/www.noatumlogistics.com\\\/tr\\\/siz-de-aramiza-katilin\\\/#breadcrumb\",\"itemListElement\":[{\"@type\":\"ListItem\",\"position\":1,\"name\":\"Ana sayfa\",\"item\":\"https:\\\/\\\/www.noatumlogistics.com\\\/tr\\\/\"},{\"@type\":\"ListItem\",\"position\":2,\"name\":\"Siz de aram\u0131za kat\u0131l\u0131n\"}]},{\"@type\":\"WebSite\",\"@id\":\"https:\\\/\\\/www.noatumlogistics.com\\\/tr\\\/#website\",\"url\":\"https:\\\/\\\/www.noatumlogistics.com\\\/tr\\\/\",\"name\":\"Turkey\",\"description\":\"Excelen en servicios log\u00edsticos\",\"potentialAction\":[{\"@type\":\"SearchAction\",\"target\":{\"@type\":\"EntryPoint\",\"urlTemplate\":\"https:\\\/\\\/www.noatumlogistics.com\\\/tr\\\/?s={search_term_string}\"},\"query-input\":{\"@type\":\"PropertyValueSpecification\",\"valueRequired\":true,\"valueName\":\"search_term_string\"}}],\"inLanguage\":\"tr\"}]}<\/script>\n<!-- \/ Yoast SEO plugin. -->","yoast_head_json":{"title":"Siz de aram\u0131za kat\u0131l\u0131n! | Noatum Logistics","description":"Genel ba\u015fvuru ya da stajyer program\u0131m\u0131za ba\u015fvuru ger\u00e7ekle\u015ftirmek isterseniz a\u015fa\u011f\u0131daki ilgili alanlara t\u0131klayarak bilgilerinizi ve \u00f6zge\u00e7mi\u015finizi bizimle payla\u015fabilirsiniz.","robots":{"index":"index","follow":"follow","max-snippet":"max-snippet:-1","max-image-preview":"max-image-preview:large","max-video-preview":"max-video-preview:-1"},"canonical":"https:\/\/www.noatumlogistics.com\/tr\/siz-de-aramiza-katilin\/","og_locale":"tr_TR","og_type":"article","og_title":"Siz de aram\u0131za kat\u0131l\u0131n! | Noatum Logistics","og_description":"Genel ba\u015fvuru ya da stajyer program\u0131m\u0131za ba\u015fvuru ger\u00e7ekle\u015ftirmek isterseniz a\u015fa\u011f\u0131daki ilgili alanlara t\u0131klayarak bilgilerinizi ve \u00f6zge\u00e7mi\u015finizi bizimle payla\u015fabilirsiniz.","og_url":"https:\/\/www.noatumlogistics.com\/tr\/siz-de-aramiza-katilin\/","og_site_name":"Turkey","twitter_card":"summary_large_image","twitter_misc":{"Tahmini okuma s\u00fcresi":"1 dakika"},"schema":{"@context":"https:\/\/schema.org","@graph":[{"@type":"WebPage","@id":"https:\/\/www.noatumlogistics.com\/tr\/siz-de-aramiza-katilin\/","url":"https:\/\/www.noatumlogistics.com\/tr\/siz-de-aramiza-katilin\/","name":"Siz de aram\u0131za kat\u0131l\u0131n! | Noatum Logistics","isPartOf":{"@id":"https:\/\/www.noatumlogistics.com\/tr\/#website"},"datePublished":"2021-01-22T12:41:49+00:00","description":"Genel ba\u015fvuru ya da stajyer program\u0131m\u0131za ba\u015fvuru ger\u00e7ekle\u015ftirmek isterseniz a\u015fa\u011f\u0131daki ilgili alanlara t\u0131klayarak bilgilerinizi ve \u00f6zge\u00e7mi\u015finizi bizimle payla\u015fabilirsiniz.","breadcrumb":{"@id":"https:\/\/www.noatumlogistics.com\/tr\/siz-de-aramiza-katilin\/#breadcrumb"},"inLanguage":"tr","potentialAction":[{"@type":"ReadAction","target":["https:\/\/www.noatumlogistics.com\/tr\/siz-de-aramiza-katilin\/"]}]},{"@type":"BreadcrumbList","@id":"https:\/\/www.noatumlogistics.com\/tr\/siz-de-aramiza-katilin\/#breadcrumb","itemListElement":[{"@type":"ListItem","position":1,"name":"Ana sayfa","item":"https:\/\/www.noatumlogistics.com\/tr\/"},{"@type":"ListItem","position":2,"name":"Siz de aram\u0131za kat\u0131l\u0131n"}]},{"@type":"WebSite","@id":"https:\/\/www.noatumlogistics.com\/tr\/#website","url":"https:\/\/www.noatumlogistics.com\/tr\/","name":"Turkey","description":"Excelen en servicios log\u00edsticos","potentialAction":[{"@type":"SearchAction","target":{"@type":"EntryPoint","urlTemplate":"https:\/\/www.noatumlogistics.com\/tr\/?s={search_term_string}"},"query-input":{"@type":"PropertyValueSpecification","valueRequired":true,"valueName":"search_term_string"}}],"inLanguage":"tr"}]}},"_links":{"self":[{"href":"https:\/\/www.noatumlogistics.com\/tr\/wp-json\/wp\/v2\/pages\/17136","targetHints":{"allow":["GET"]}}],"collection":[{"href":"https:\/\/www.noatumlogistics.com\/tr\/wp-json\/wp\/v2\/pages"}],"about":[{"href":"https:\/\/www.noatumlogistics.com\/tr\/wp-json\/wp\/v2\/types\/page"}],"author":[{"embeddable":true,"href":"https:\/\/www.noatumlogistics.com\/tr\/wp-json\/wp\/v2\/users\/9"}],"replies":[{"embeddable":true,"href":"https:\/\/www.noatumlogistics.com\/tr\/wp-json\/wp\/v2\/comments?post=17136"}],"version-history":[{"count":1,"href":"https:\/\/www.noatumlogistics.com\/tr\/wp-json\/wp\/v2\/pages\/17136\/revisions"}],"predecessor-version":[{"id":17137,"href":"https:\/\/www.noatumlogistics.com\/tr\/wp-json\/wp\/v2\/pages\/17136\/revisions\/17137"}],"wp:attachment":[{"href":"https:\/\/www.noatumlogistics.com\/tr\/wp-json\/wp\/v2\/media?parent=17136"}],"curies":[{"name":"wp","href":"https:\/\/api.w.org\/{rel}","templated":true}]}}