{"id":17120,"date":"2021-01-22T12:49:09","date_gmt":"2021-01-22T11:49:09","guid":{"rendered":"https:\/\/www.noatumlogistics.com\/tr\/?page_id=17120"},"modified":"2021-01-22T13:43:00","modified_gmt":"2021-01-22T12:43:00","slug":"noatumda-kariyer","status":"publish","type":"page","link":"https:\/\/www.noatumlogistics.com\/tr\/noatumda-kariyer\/","title":{"rendered":"Noatum&#8217;da Kariyer"},"content":{"rendered":"<div class=\"wpb-content-wrapper\"><p>[vc_row center_row=&#8221;yes&#8221; el_id=&#8221;first&#8221;][vc_column width=&#8221;1\/2&#8243;]<div class=\"zozo-parallax-header\"><div class=\"parallax-header\"><h2 class=\"parallax-title text-left\" style=\"font-size:18px;margin:0px 0px 20px 0px;\">NEDEN NOATUM?<\/h2><div class=\"parallax-desc default-style text-left\"><h3>Noatum&#8217;un ba\u015far\u0131s\u0131n\u0131n ard\u0131ndaki en \u00f6nemli unsur insanlard\u0131r.<\/h3>\n<\/div><\/div><\/div>[\/vc_column][vc_column width=&#8221;1\/2&#8243;][vc_column_text]Bu nedenle, organizasyonumuz i\u00e7inde sa\u011flam bir profesyonel kariyer olu\u015fturmak i\u00e7in yetenekleri ve s\u00fcrekli e\u011fitimi te\u015fvik ediyoruz. \u00c7al\u0131\u015fanlar\u0131m\u0131za \u00f6zen g\u00f6steriyoruz \u00e7\u00fcnk\u00fc onlar\u0131n mutlulu\u011funun bizi tan\u0131mlayan m\u00fckemmellik seviyesiyle t\u00fcm hedeflere ula\u015fmam\u0131za katk\u0131da bulundu\u011funa inan\u0131yoruz.<\/p>\n<p>Bu heyecan verici projenin bir par\u00e7as\u0131 olmak istiyorsan\u0131z i\u015f ba\u015fvuru formunu doldurabilirsiniz. Her ge\u00e7en g\u00fcn b\u00fcy\u00fcmekte ve geli\u015fmekte olan bu uluslararas\u0131 ve \u00e7ok k\u00fclt\u00fcrl\u00fc ortamda zorluklarla motive olan, proaktif, hevesli, merakl\u0131, b\u00fcy\u00fcmeye ve geli\u015fmeye istekli profesyoneller ar\u0131yoruz.<br \/>\n[\/vc_column_text][\/vc_column][\/vc_row][vc_row parallax=&#8221;content-moving&#8221; parallax_image=&#8221;4122&#8243; parallax_speed_bg=&#8221;2.5&#8243; center_row=&#8221;yes&#8221; bg_overlay=&#8221;yes&#8221; typo_style=&#8221;light&#8221; opn_row_gutter=&#8221;100&#8243; el_id=&#8221;sec&#8221; css=&#8221;.vc_custom_1611317251909{border-bottom-width: 120px !important;padding-top: 120px !important;}&#8221;][vc_column]<div class=\"zozo-parallax-header\"><div class=\"parallax-header\"><h3 class=\"parallax-title text-center\" style=\"font-size:16px;margin:0px 0px 20px 0px;\">S\u0130Z DE ARAMIZA KATILIN!<\/h3><div class=\"parallax-desc default-style text-center\"><p><span style=\"font-size: 18px\">Genel ba\u015fvuru ya da stajyer program\u0131m\u0131za ba\u015fvuru ger\u00e7ekle\u015ftirmek isterseniz a\u015fa\u011f\u0131daki ilgili alanlara t\u0131klayarak bilgilerinizi ve \u00f6zge\u00e7mi\u015finizi bizimle payla\u015fabilirsiniz.<\/span><\/p>\n<\/div><\/div><\/div>[vc_row_inner css=&#8221;.vc_custom_1472210045114{padding-top: -20px !important;padding-right: 0px !important;padding-bottom: 0px !important;padding-left: 0px !important;}&#8221;][vc_column_inner width=&#8221;1\/2&#8243;][vc_btn title=&#8221;Stajyer Program\u0131&#8221; align=&#8221;right&#8221; link=&#8221;url:https%3A%2F%2Fwww.noatumlogistics.com%2Ftr%2Fstajyer-programi%2F|title:Stajyer%20Program%C4%B1%20&#8243;][\/vc_column_inner][vc_column_inner width=&#8221;1\/2&#8243;][vc_btn title=&#8221;Genel Ba\u015fvuru&#8221; align=&#8221;left&#8221; link=&#8221;url:https%3A%2F%2Fwww.noatumlogistics.com%2Ftr%2Fsiz-de-aramiza-katilin%2F|title:Genel%20Ba%C5%9Fvuru%20&#8243;][\/vc_column_inner][\/vc_row_inner][\/vc_column][\/vc_row][vc_row][vc_column][\/vc_column][\/vc_row]<\/p>\n<\/div>","protected":false},"excerpt":{"rendered":"<p>[vc_row center_row=&#8221;yes&#8221; el_id=&#8221;first&#8221;][vc_column width=&#8221;1\/2&#8243;][\/vc_column][vc_column width=&#8221;1\/2&#8243;][vc_column_text]Bu nedenle, organizasyonumuz i\u00e7inde sa\u011flam bir profesyonel kariyer olu\u015fturmak i\u00e7in yetenekleri ve s\u00fcrekli e\u011fitimi te\u015fvik ediyoruz. \u00c7al\u0131\u015fanlar\u0131m\u0131za \u00f6zen g\u00f6steriyoruz \u00e7\u00fcnk\u00fc onlar\u0131n mutlulu\u011funun bizi tan\u0131mlayan m\u00fckemmellik seviyesiyle&#8230;<\/p>\n","protected":false},"author":9,"featured_media":0,"parent":0,"menu_order":0,"comment_status":"closed","ping_status":"closed","template":"template-fullwidth.php","meta":{"footnotes":""},"class_list":["post-17120","page","type-page","status-publish","hentry"],"yoast_head":"<!-- This site is optimized with the Yoast SEO plugin v27.3 - https:\/\/yoast.com\/product\/yoast-seo-wordpress\/ -->\n<title>Noatum&#039;da Kariyer | Noatum Logistics<\/title>\n<meta name=\"description\" content=\"Genel ba\u015fvuru ya da stajyer program\u0131m\u0131za ba\u015fvuru ger\u00e7ekle\u015ftirmek isterseniz a\u015fa\u011f\u0131daki ilgili alanlara t\u0131klayarak bilgilerinizi ve \u00f6zge\u00e7mi\u015finizi bizimle payla\u015fabilirsiniz.\" \/>\n<meta name=\"robots\" content=\"index, follow, max-snippet:-1, max-image-preview:large, max-video-preview:-1\" \/>\n<link rel=\"canonical\" href=\"https:\/\/www.noatumlogistics.com\/tr\/noatumda-kariyer\/\" \/>\n<meta property=\"og:locale\" content=\"tr_TR\" \/>\n<meta property=\"og:type\" content=\"article\" \/>\n<meta property=\"og:title\" content=\"Noatum&#039;da Kariyer | Noatum Logistics\" \/>\n<meta property=\"og:description\" content=\"Genel ba\u015fvuru ya da stajyer program\u0131m\u0131za ba\u015fvuru ger\u00e7ekle\u015ftirmek isterseniz a\u015fa\u011f\u0131daki ilgili alanlara t\u0131klayarak bilgilerinizi ve \u00f6zge\u00e7mi\u015finizi bizimle payla\u015fabilirsiniz.\" \/>\n<meta property=\"og:url\" content=\"https:\/\/www.noatumlogistics.com\/tr\/noatumda-kariyer\/\" \/>\n<meta property=\"og:site_name\" content=\"Turkey\" \/>\n<meta property=\"article:modified_time\" content=\"2021-01-22T12:43:00+00:00\" \/>\n<meta name=\"twitter:card\" content=\"summary_large_image\" \/>\n<meta name=\"twitter:label1\" content=\"Tahmini okuma s\u00fcresi\" \/>\n\t<meta name=\"twitter:data1\" content=\"1 dakika\" \/>\n<script type=\"application\/ld+json\" class=\"yoast-schema-graph\">{\"@context\":\"https:\\\/\\\/schema.org\",\"@graph\":[{\"@type\":\"WebPage\",\"@id\":\"https:\\\/\\\/www.noatumlogistics.com\\\/tr\\\/noatumda-kariyer\\\/\",\"url\":\"https:\\\/\\\/www.noatumlogistics.com\\\/tr\\\/noatumda-kariyer\\\/\",\"name\":\"Noatum'da Kariyer | Noatum Logistics\",\"isPartOf\":{\"@id\":\"https:\\\/\\\/www.noatumlogistics.com\\\/tr\\\/#website\"},\"datePublished\":\"2021-01-22T11:49:09+00:00\",\"dateModified\":\"2021-01-22T12:43:00+00:00\",\"description\":\"Genel ba\u015fvuru ya da stajyer program\u0131m\u0131za ba\u015fvuru ger\u00e7ekle\u015ftirmek isterseniz a\u015fa\u011f\u0131daki ilgili alanlara t\u0131klayarak bilgilerinizi ve \u00f6zge\u00e7mi\u015finizi bizimle payla\u015fabilirsiniz.\",\"breadcrumb\":{\"@id\":\"https:\\\/\\\/www.noatumlogistics.com\\\/tr\\\/noatumda-kariyer\\\/#breadcrumb\"},\"inLanguage\":\"tr\",\"potentialAction\":[{\"@type\":\"ReadAction\",\"target\":[\"https:\\\/\\\/www.noatumlogistics.com\\\/tr\\\/noatumda-kariyer\\\/\"]}]},{\"@type\":\"BreadcrumbList\",\"@id\":\"https:\\\/\\\/www.noatumlogistics.com\\\/tr\\\/noatumda-kariyer\\\/#breadcrumb\",\"itemListElement\":[{\"@type\":\"ListItem\",\"position\":1,\"name\":\"Ana sayfa\",\"item\":\"https:\\\/\\\/www.noatumlogistics.com\\\/tr\\\/\"},{\"@type\":\"ListItem\",\"position\":2,\"name\":\"Noatum&#8217;da Kariyer\"}]},{\"@type\":\"WebSite\",\"@id\":\"https:\\\/\\\/www.noatumlogistics.com\\\/tr\\\/#website\",\"url\":\"https:\\\/\\\/www.noatumlogistics.com\\\/tr\\\/\",\"name\":\"Turkey\",\"description\":\"Excelen en servicios log\u00edsticos\",\"potentialAction\":[{\"@type\":\"SearchAction\",\"target\":{\"@type\":\"EntryPoint\",\"urlTemplate\":\"https:\\\/\\\/www.noatumlogistics.com\\\/tr\\\/?s={search_term_string}\"},\"query-input\":{\"@type\":\"PropertyValueSpecification\",\"valueRequired\":true,\"valueName\":\"search_term_string\"}}],\"inLanguage\":\"tr\"}]}<\/script>\n<!-- \/ Yoast SEO plugin. -->","yoast_head_json":{"title":"Noatum'da Kariyer | Noatum Logistics","description":"Genel ba\u015fvuru ya da stajyer program\u0131m\u0131za ba\u015fvuru ger\u00e7ekle\u015ftirmek isterseniz a\u015fa\u011f\u0131daki ilgili alanlara t\u0131klayarak bilgilerinizi ve \u00f6zge\u00e7mi\u015finizi bizimle payla\u015fabilirsiniz.","robots":{"index":"index","follow":"follow","max-snippet":"max-snippet:-1","max-image-preview":"max-image-preview:large","max-video-preview":"max-video-preview:-1"},"canonical":"https:\/\/www.noatumlogistics.com\/tr\/noatumda-kariyer\/","og_locale":"tr_TR","og_type":"article","og_title":"Noatum'da Kariyer | Noatum Logistics","og_description":"Genel ba\u015fvuru ya da stajyer program\u0131m\u0131za ba\u015fvuru ger\u00e7ekle\u015ftirmek isterseniz a\u015fa\u011f\u0131daki ilgili alanlara t\u0131klayarak bilgilerinizi ve \u00f6zge\u00e7mi\u015finizi bizimle payla\u015fabilirsiniz.","og_url":"https:\/\/www.noatumlogistics.com\/tr\/noatumda-kariyer\/","og_site_name":"Turkey","article_modified_time":"2021-01-22T12:43:00+00:00","twitter_card":"summary_large_image","twitter_misc":{"Tahmini okuma s\u00fcresi":"1 dakika"},"schema":{"@context":"https:\/\/schema.org","@graph":[{"@type":"WebPage","@id":"https:\/\/www.noatumlogistics.com\/tr\/noatumda-kariyer\/","url":"https:\/\/www.noatumlogistics.com\/tr\/noatumda-kariyer\/","name":"Noatum'da Kariyer | Noatum Logistics","isPartOf":{"@id":"https:\/\/www.noatumlogistics.com\/tr\/#website"},"datePublished":"2021-01-22T11:49:09+00:00","dateModified":"2021-01-22T12:43:00+00:00","description":"Genel ba\u015fvuru ya da stajyer program\u0131m\u0131za ba\u015fvuru ger\u00e7ekle\u015ftirmek isterseniz a\u015fa\u011f\u0131daki ilgili alanlara t\u0131klayarak bilgilerinizi ve \u00f6zge\u00e7mi\u015finizi bizimle payla\u015fabilirsiniz.","breadcrumb":{"@id":"https:\/\/www.noatumlogistics.com\/tr\/noatumda-kariyer\/#breadcrumb"},"inLanguage":"tr","potentialAction":[{"@type":"ReadAction","target":["https:\/\/www.noatumlogistics.com\/tr\/noatumda-kariyer\/"]}]},{"@type":"BreadcrumbList","@id":"https:\/\/www.noatumlogistics.com\/tr\/noatumda-kariyer\/#breadcrumb","itemListElement":[{"@type":"ListItem","position":1,"name":"Ana sayfa","item":"https:\/\/www.noatumlogistics.com\/tr\/"},{"@type":"ListItem","position":2,"name":"Noatum&#8217;da Kariyer"}]},{"@type":"WebSite","@id":"https:\/\/www.noatumlogistics.com\/tr\/#website","url":"https:\/\/www.noatumlogistics.com\/tr\/","name":"Turkey","description":"Excelen en servicios log\u00edsticos","potentialAction":[{"@type":"SearchAction","target":{"@type":"EntryPoint","urlTemplate":"https:\/\/www.noatumlogistics.com\/tr\/?s={search_term_string}"},"query-input":{"@type":"PropertyValueSpecification","valueRequired":true,"valueName":"search_term_string"}}],"inLanguage":"tr"}]}},"_links":{"self":[{"href":"https:\/\/www.noatumlogistics.com\/tr\/wp-json\/wp\/v2\/pages\/17120","targetHints":{"allow":["GET"]}}],"collection":[{"href":"https:\/\/www.noatumlogistics.com\/tr\/wp-json\/wp\/v2\/pages"}],"about":[{"href":"https:\/\/www.noatumlogistics.com\/tr\/wp-json\/wp\/v2\/types\/page"}],"author":[{"embeddable":true,"href":"https:\/\/www.noatumlogistics.com\/tr\/wp-json\/wp\/v2\/users\/9"}],"replies":[{"embeddable":true,"href":"https:\/\/www.noatumlogistics.com\/tr\/wp-json\/wp\/v2\/comments?post=17120"}],"version-history":[{"count":11,"href":"https:\/\/www.noatumlogistics.com\/tr\/wp-json\/wp\/v2\/pages\/17120\/revisions"}],"predecessor-version":[{"id":17138,"href":"https:\/\/www.noatumlogistics.com\/tr\/wp-json\/wp\/v2\/pages\/17120\/revisions\/17138"}],"wp:attachment":[{"href":"https:\/\/www.noatumlogistics.com\/tr\/wp-json\/wp\/v2\/media?parent=17120"}],"curies":[{"name":"wp","href":"https:\/\/api.w.org\/{rel}","templated":true}]}}