{"id":17096,"date":"2020-12-29T12:47:05","date_gmt":"2020-12-29T11:47:05","guid":{"rendered":"https:\/\/www.noatumlogistics.com\/tr\/?page_id=17096"},"modified":"2022-04-14T10:04:49","modified_gmt":"2022-04-14T09:04:49","slug":"kalite","status":"publish","type":"page","link":"https:\/\/www.noatumlogistics.com\/tr\/kalite\/","title":{"rendered":"Kalite"},"content":{"rendered":"<div class=\"wpb-content-wrapper\"><p>[vc_row center_row=&#8221;yes&#8221; opn_row_id=&#8221;direccion&#8221; opn_row_gutter=&#8221;50&#8243; css=&#8221;.vc_custom_1609242204167{background-color: #f7f7f7 !important;}&#8221;][vc_column]<div class=\"zozo-parallax-header wpb_animate_when_almost_visible wpb_bottom-to-top\"><div class=\"parallax-header\"><h2 class=\"parallax-title text-left\" style=\"font-size:18px;\">NOATUM, 1995 YILINDAN BER\u0130 S\u00dcREKL\u0130 GEL\u0130\u015e\u0130M<\/h2><\/div><\/div>[vc_row_inner css=&#8221;.vc_custom_1580725484467{margin-top: -20px !important;}&#8221;][vc_column_inner width=&#8221;1\/4&#8243;][vc_column_text]<\/p>\n<h3 style=\"color: #af2626;font-size: 24px ! important;line-height: 34px\">Noatum&#8217;daki s\u00fcrekli geli\u015fim projesi, 1995 y\u0131l\u0131nda UNE EN ISO 9002: 94 referans standard\u0131na dayal\u0131 bir kalite y\u00f6netim sisteminin uygulanmas\u0131 ve sertifikaland\u0131r\u0131lmas\u0131 ile resmile\u015ftirilmi\u015ftir.<\/h3>\n<p>[\/vc_column_text][\/vc_column_inner][vc_column_inner width=&#8221;3\/4&#8243; css=&#8221;.vc_custom_1649926978049{padding-left: 30px !important;}&#8221;][vc_column_text]\u0130lk y\u0131llarda, geli\u015fimi, \u00f6nceki versiyonlara adaptasyonuna ve daha sonra di\u011fer y\u00f6netim alanlar\u0131na s\u00fcrekli geli\u015fim uygulamas\u0131na ba\u011flanm\u0131\u015ft\u0131r: G\u0131da G\u00fcvenli\u011fi, G\u00fcmr\u00fck i\u015flemlerinin basitle\u015ftirilmesi i\u00e7in Yetkili Ekonomik Operat\u00f6r, lojistik zincirinde Fiziksel G\u00fcvenlik, &#8216;liman yetkililerinin&#8217; kalite etiketleri ve kalite talimatlar\u0131 vs.<\/p>\n<p><strong>Noatum<\/strong>, Misyon, Vizyon ve De\u011ferlerdeki prensipler do\u011frultusunda, Y\u00f6netim Politikalar\u0131n\u0131n geli\u015ftirilmesinin m\u00fckemmelli\u011fi y\u00f6netme, etkinlik ve esnekliklerini geli\u015ftirme ve m\u00fc\u015fterilerinin ihtiya\u00e7lar\u0131 i\u00e7in do\u011fru hizmeti kurallara uygun bir \u015fekilde garanti etme fakt\u00f6rlerinden biri oldu\u011funu kabul etmektedir.<\/p>\n<p>&nbsp;<\/p>\n<p><style type=\"text\/css\" scoped=\"scoped\">a.zozo-button-1{color:#ffffff;}a.zozo-button-1:hover, a.zozo-button-1:active, a.zozo-button-1:focus{color:#ffffff;}<\/style><a class=\"zozo-button-1 btn btn-default   \" href=\"https:\/\/www.noatumlogistics.com\/tr\/wp-content\/uploads\/sites\/12\/2022\/04\/Yonetim-politikasini-TR.pdf\" target=\"_blank\">Y\u00f6netim politikas\u0131n\u0131 g\u00f6r\u00fcnt\u00fclemek i\u00e7in linki ziyaret ediniz. <i class=\"fa right-align fa-fa fa-file-pdf-o\"><\/i><\/a>[\/vc_column_text][\/vc_column_inner][\/vc_row_inner][\/vc_column][\/vc_row][vc_row parallax=&#8221;content-moving&#8221; parallax_image=&#8221;1649&#8243; parallax_speed_bg=&#8221;3&#8243; center_row=&#8221;yes&#8221; bg_overlay=&#8221;yes&#8221; typo_style=&#8221;light&#8221; el_id=&#8221;cifras&#8221;][vc_column width=&#8221;1\/2&#8243; offset=&#8221;vc_col-xs-6&#8243;]<div id=\"zozo-counter-1\" class=\"zozo-counter-wrapper wpb_animate_when_almost_visible wpb_bottom-to-top\"><div class=\"counter-item zozo-counter\"><div class=\"counter-info\"><div class=\"zozo-count-number text-center\" data-count=\"16\"><h3 class=\"counter zozo-counter-count\">0<\/h3><\/div><div class=\"counter-title text-center\"><h5>Y\u00f6netim alanlar\u0131<\/h5><\/div><\/div><\/div><\/div>[\/vc_column][vc_column width=&#8221;1\/2&#8243; offset=&#8221;vc_col-xs-6&#8243;]<div id=\"zozo-counter-2\" class=\"zozo-counter-wrapper wpb_animate_when_almost_visible wpb_top-to-bottom\"><div class=\"counter-item zozo-counter\"><div class=\"counter-info\"><div class=\"zozo-count-number text-center\" data-count=\"98\"><h3 class=\"counter zozo-counter-count\">0<\/h3><\/div><div class=\"counter-title text-center\"><h5>Sertifikalar<\/h5><\/div><\/div><\/div><\/div>[\/vc_column][\/vc_row][vc_row opn_row_id=&#8221;gestionintegral&#8221; opn_row_gutter=&#8221;50&#8243; css=&#8221;.vc_custom_1580724873928{margin-bottom: 0px !important;padding-bottom: 0px !important;background-color: #f7f7f7 !important;}&#8221;][vc_column]<div class=\"zozo-parallax-header\"><div class=\"parallax-header\"><h3 class=\"parallax-title text-center\" style=\"margin:0px 0px 0px 0px;\">ENTEGRE Y\u00d6NET\u0130M S\u0130STEM\u0130<\/h3><\/div><\/div>[\/vc_column][\/vc_row][vc_row center_row=&#8221;yes&#8221; css=&#8221;.vc_custom_1580725013884{background-color: #f7f7f7 !important;}&#8221;][vc_column css_animation=&#8221;left-to-right&#8221; width=&#8221;1\/3&#8243;][vc_row_inner][vc_column_inner]<style type=\"text\/css\" scoped>#feature-box-1 .grid-item .grid-box-inner .grid-icon { background-color:#dd9933; color:#828282; }\n<\/style><div class=\"zozo-feature-box feature-box-style style-title-top-icon style-sep-yes vc_custom_1609242601120 wpb_animate_when_almost_visible wpb_bottom-to-top\" id=\"feature-box-1\"><div class=\"grid-item\"><div class=\"grid-icon-box\"><div class=\"grid-box-inner grid-icon-box-wrapper grid-box-image  grid-icon-box-right\"><div class=\"grid-icon-box-title\"><h5 class=\"grid-title text-center \" >\u00c7EVRESEL ISO 14001<\/h5><div class=\"grid-image-wrapper zozo-image-wrapper img-rounded img-size-small\"><img loading=\"lazy\" decoding=\"async\" width=\"51\" height=\"52\" src=\"https:\/\/www.noatumlogistics.com\/tr\/wp-content\/uploads\/sites\/12\/2020\/12\/Fondos2_IMS-Environment-1805-EC-Low-1-1.png\" class=\"img-rounded attachment-thumbnail\" alt=\"\" title=\"Fondos2_IMS-Environment-1805-EC-Low-1\" \/><\/div><\/div><div class=\"clearfix\"><\/div><div class=\"grid-icon-box-content\"><\/div><\/div><\/div><\/div><\/div>[\/vc_column_inner][\/vc_row_inner][\/vc_column][vc_column width=&#8221;1\/3&#8243;][vc_round_chart type=&#8221;doughnut&#8221; style=&#8221;custom&#8221; stroke_width=&#8221;0&#8243; legend=&#8221;&#8221; tooltips=&#8221;&#8221; values=&#8221;%5B%7B%22title%22%3A%2203%22%2C%22value%22%3A%2233%22%2C%22color%22%3A%22chino%22%2C%22custom_color%22%3A%22%2386a1cc%22%7D%2C%7B%22title%22%3A%2201%22%2C%22value%22%3A%2233%22%2C%22color%22%3A%22blue%22%2C%22custom_color%22%3A%22%23002d60%22%7D%2C%7B%22title%22%3A%22Two%22%2C%22value%22%3A%2233%22%2C%22color%22%3A%22pink%22%2C%22custom_color%22%3A%22%23b81b2f%22%7D%5D&#8221; animation=&#8221;easeOutBounce&#8221; css=&#8221;.vc_custom_1507877389326{padding-top: 10px !important;padding-right: 50px !important;padding-bottom: 0px !important;padding-left: 50px !important;}&#8221;][vc_column_text css=&#8221;.vc_custom_1508147265484{margin-top: -200px !important;margin-bottom: 140px !important;}&#8221;]<\/p>\n<h3 style=\"text-align: center\">SIG<\/h3>\n<p>[\/vc_column_text]<style type=\"text\/css\" scoped>#feature-box-2 .grid-item .grid-box-inner .grid-icon { background-color:#dd9933; color:#828282; }\n<\/style><div class=\"zozo-feature-box feature-box-style style-title-top-icon style-sep-yes \" id=\"feature-box-2\"><div class=\"grid-item\"><div class=\"grid-icon-box\"><div class=\"grid-box-inner grid-icon-box-wrapper grid-box-image  grid-icon-box-center\"><div class=\"grid-icon-box-title\"><div class=\"grid-image-wrapper zozo-image-wrapper img-none img-size-small\"><img loading=\"lazy\" decoding=\"async\" width=\"51\" height=\"52\" src=\"https:\/\/www.noatumlogistics.com\/tr\/wp-content\/uploads\/sites\/12\/2017\/05\/Fondos2_IMS-Quality-654-EC-Low.png\" class=\"img-none attachment-thumbnail\" alt=\"\" title=\"Fondos2_IMS - Quality 654 EC Low\" \/><\/div><h5 class=\"grid-title text-center \" >KAL\u0130TE ISO 9001<\/h5><\/div><div class=\"clearfix\"><\/div><div class=\"grid-icon-box-content\"><\/div><\/div><\/div><\/div><\/div>[\/vc_column][vc_column css_animation=&#8221;right-to-left&#8221; width=&#8221;1\/3&#8243;]<style type=\"text\/css\" scoped>#feature-box-3 .grid-item .grid-box-inner .grid-icon { background-color:#dd9933; color:#828282; }\n<\/style><div class=\"zozo-feature-box feature-box-style style-title-top-icon style-sep-yes \" id=\"feature-box-3\"><div class=\"grid-item\"><div class=\"grid-icon-box\"><div class=\"grid-box-inner grid-icon-box-wrapper grid-box-image  grid-icon-box-left\"><div class=\"grid-icon-box-title\"><div class=\"grid-image-wrapper zozo-image-wrapper img-none img-size-small\"><img loading=\"lazy\" decoding=\"async\" width=\"51\" height=\"52\" src=\"https:\/\/www.noatumlogistics.com\/tr\/wp-content\/uploads\/sites\/12\/2020\/12\/Fondos2_IMS-Health-and-safety-652-EC-LOW.png\" class=\"img-none attachment-thumbnail\" alt=\"\" title=\"Fondos2_IMS-Health-and-safety-652-EC-LOW\" \/><\/div><h5 class=\"grid-title text-center \" >SA\u011eLIK VE G\u00dcVENL\u0130K ISO 45001<\/h5><\/div><div class=\"clearfix\"><\/div><div class=\"grid-icon-box-content\"><\/div><\/div><\/div><\/div><\/div>[\/vc_column][\/vc_row][vc_row][vc_column][vc_column_text]<br \/>\n[\/vc_column_text][\/vc_column][\/vc_row][vc_row center_row=&#8221;yes&#8221; opn_row_id=&#8221;certificados&#8221; el_id=&#8221;certifications&#8221;][vc_column][vc_row_inner][vc_column_inner]<div class=\"zozo-parallax-header\"><div class=\"parallax-header\"><h2 class=\"parallax-title text-center\">Sertifikalar ve Referanslar<\/h2><div class=\"parallax-desc default-style text-center\"><h5 style=\"text-align: left\"><\/h5>\n<\/div><\/div><\/div>[\/vc_column_inner][\/vc_row_inner]<div id=\"ult-carousel-321325429969d7d87371131\" class=\"ult-carousel-wrapper  vc_custom_1588944857262 zozo-img-filter-grayscale ult_horizontal\" data-gutter=\"15\" data-rtl=\"false\" ><div class=\"ult-carousel-217855517369d7d8737106d \" >[vc_single_image image=&#8221;9534&#8243;][vc_single_image image=&#8221;9536&#8243;][vc_single_image image=&#8221;7023&#8243;][vc_single_image image=&#8221;4687&#8243;][vc_single_image image=&#8221;1344&#8243;][vc_single_image image=&#8221;1354&#8243; img_size=&#8221;150&#215;150&#8243; el_class=&#8221;desaturada&#8221;][vc_single_image image=&#8221;9535&#8243; el_class=&#8221;desaturada&#8221;][vc_single_image image=&#8221;11077&#8243; img_size=&#8221;full&#8221; el_class=&#8221;desaturada&#8221;][vc_single_image image=&#8221;11076&#8243; img_size=&#8221;full&#8221; el_class=&#8221;desaturada&#8221;][vc_single_image image=&#8221;11075&#8243; img_size=&#8221;full&#8221; el_class=&#8221;desaturada&#8221;][vc_single_image image=&#8221;13431&#8243; img_size=&#8221;full&#8221; el_class=&#8221;desaturada&#8221;][vc_single_image image=&#8221;13433&#8243; img_size=&#8221;full&#8221; el_class=&#8221;desaturada&#8221;][vc_single_image image=&#8221;13435&#8243; img_size=&#8221;full&#8221; el_class=&#8221;desaturada&#8221;][vc_single_image image=&#8221;13435&#8243; img_size=&#8221;full&#8221; el_class=&#8221;desaturada&#8221;][vc_single_image image=&#8221;13984&#8243; img_size=&#8221;full&#8221; el_class=&#8221;desaturada&#8221;]<\/div><\/div>\t\t\t<script type=\"text\/javascript\">\n\t\t\t\tjQuery(document).ready(function ($) {\n\t\t\t\t\tif( typeof jQuery('.ult-carousel-217855517369d7d8737106d').slick == \"function\"){\n\t\t\t\t\t\t$('.ult-carousel-217855517369d7d8737106d').slick({dots: true,autoplay: true,autoplaySpeed: \"2000\",speed: \"1500\",infinite: true,arrows: false,slidesToScroll:6,slidesToShow:6,swipe: true,draggable: true,touchMove: true,pauseOnHover: true,pauseOnFocus: false,adaptiveHeight: true,responsive: [\n\t\t\t\t\t\t\t{\n\t\t\t\t\t\t\t  breakpoint: 1026,\n\t\t\t\t\t\t\t  settings: {\n\t\t\t\t\t\t\t\tslidesToShow: 6,\n\t\t\t\t\t\t\t\tslidesToScroll: 6,  \n\t\t\t\t\t\t\t  }\n\t\t\t\t\t\t\t},\n\t\t\t\t\t\t\t{\n\t\t\t\t\t\t\t  breakpoint: 1025,\n\t\t\t\t\t\t\t  settings: {\n\t\t\t\t\t\t\t\tslidesToShow: 3,\n\t\t\t\t\t\t\t\tslidesToScroll: 3\n\t\t\t\t\t\t\t  }\n\t\t\t\t\t\t\t},\n\t\t\t\t\t\t\t{\n\t\t\t\t\t\t\t  breakpoint: 760,\n\t\t\t\t\t\t\t  settings: {\n\t\t\t\t\t\t\t\tslidesToShow: 2,\n\t\t\t\t\t\t\t\tslidesToScroll: 2\n\t\t\t\t\t\t\t  }\n\t\t\t\t\t\t\t}\n\t\t\t\t\t\t],pauseOnDotsHover: true,customPaging: function(slider, i) {\n                   return '<i type=\"button\" style= \"color:#333333;\" class=\"ultsl-radio-unchecked\" data-role=\"none\"><\/i>';\n                },});\n\t\t\t\t\t}\n\t\t\t\t});\n\t\t\t<\/script>\n\t\t\t[vc_btn title=&#8221;Sertifikalar\u0131m\u0131z hakk\u0131nda daha fazla bilgi&#8221; align=&#8221;center&#8221; link=&#8221;url:https%3A%2F%2Fwww.noatumlogistics.com%2Fcertifications%2F|&#8221; css=&#8221;.vc_custom_1588944864783{margin-top: 80px !important;}&#8221;][\/vc_column][\/vc_row]<\/p>\n<\/div>","protected":false},"excerpt":{"rendered":"<p>[vc_row center_row=&#8221;yes&#8221; opn_row_id=&#8221;direccion&#8221; opn_row_gutter=&#8221;50&#8243; css=&#8221;.vc_custom_1609242204167{background-color: #f7f7f7 !important;}&#8221;][vc_column][vc_row_inner css=&#8221;.vc_custom_1580725484467{margin-top: -20px !important;}&#8221;][vc_column_inner width=&#8221;1\/4&#8243;][vc_column_text] Noatum&#8217;daki s\u00fcrekli geli\u015fim projesi, 1995 y\u0131l\u0131nda UNE EN ISO 9002: 94 referans standard\u0131na dayal\u0131 bir kalite y\u00f6netim sisteminin uygulanmas\u0131&#8230;<\/p>\n","protected":false},"author":9,"featured_media":0,"parent":0,"menu_order":0,"comment_status":"closed","ping_status":"closed","template":"template-fullwidth.php","meta":{"footnotes":""},"class_list":["post-17096","page","type-page","status-publish","hentry"],"yoast_head":"<!-- This site is optimized with the Yoast SEO plugin v27.3 - https:\/\/yoast.com\/product\/yoast-seo-wordpress\/ -->\n<title>Kalite - Entegre Y\u00f6netim Sistemi | Noatum Logistics<\/title>\n<meta name=\"description\" content=\"Noatum&#039;daki s\u00fcrekli geli\u015fim projesi, 1995 y\u0131l\u0131nda UNE EN ISO 9002: 94 referans standard\u0131na dayal\u0131 bir kalite y\u00f6netim sisteminin uygulanmas\u0131 ve sertifikaland\u0131r\u0131lmas\u0131 ile resmile\u015ftirilmi\u015ftir.\" \/>\n<meta name=\"robots\" content=\"index, follow, max-snippet:-1, max-image-preview:large, max-video-preview:-1\" \/>\n<link rel=\"canonical\" href=\"https:\/\/www.noatumlogistics.com\/tr\/kalite\/\" \/>\n<meta property=\"og:locale\" content=\"tr_TR\" \/>\n<meta property=\"og:type\" content=\"article\" \/>\n<meta property=\"og:title\" content=\"Kalite - Entegre Y\u00f6netim Sistemi | Noatum Logistics\" \/>\n<meta property=\"og:description\" content=\"Noatum&#039;daki s\u00fcrekli geli\u015fim projesi, 1995 y\u0131l\u0131nda UNE EN ISO 9002: 94 referans standard\u0131na dayal\u0131 bir kalite y\u00f6netim sisteminin uygulanmas\u0131 ve sertifikaland\u0131r\u0131lmas\u0131 ile resmile\u015ftirilmi\u015ftir.\" \/>\n<meta property=\"og:url\" content=\"https:\/\/www.noatumlogistics.com\/tr\/kalite\/\" \/>\n<meta property=\"og:site_name\" content=\"Turkey\" \/>\n<meta property=\"article:modified_time\" content=\"2022-04-14T09:04:49+00:00\" \/>\n<meta name=\"twitter:card\" content=\"summary_large_image\" \/>\n<meta name=\"twitter:label1\" content=\"Tahmini okuma s\u00fcresi\" \/>\n\t<meta name=\"twitter:data1\" content=\"2 dakika\" \/>\n<script type=\"application\/ld+json\" class=\"yoast-schema-graph\">{\"@context\":\"https:\\\/\\\/schema.org\",\"@graph\":[{\"@type\":\"WebPage\",\"@id\":\"https:\\\/\\\/www.noatumlogistics.com\\\/tr\\\/kalite\\\/\",\"url\":\"https:\\\/\\\/www.noatumlogistics.com\\\/tr\\\/kalite\\\/\",\"name\":\"Kalite - Entegre Y\u00f6netim Sistemi | Noatum Logistics\",\"isPartOf\":{\"@id\":\"https:\\\/\\\/www.noatumlogistics.com\\\/tr\\\/#website\"},\"datePublished\":\"2020-12-29T11:47:05+00:00\",\"dateModified\":\"2022-04-14T09:04:49+00:00\",\"description\":\"Noatum'daki s\u00fcrekli geli\u015fim projesi, 1995 y\u0131l\u0131nda UNE EN ISO 9002: 94 referans standard\u0131na dayal\u0131 bir kalite y\u00f6netim sisteminin uygulanmas\u0131 ve sertifikaland\u0131r\u0131lmas\u0131 ile resmile\u015ftirilmi\u015ftir.\",\"breadcrumb\":{\"@id\":\"https:\\\/\\\/www.noatumlogistics.com\\\/tr\\\/kalite\\\/#breadcrumb\"},\"inLanguage\":\"tr\",\"potentialAction\":[{\"@type\":\"ReadAction\",\"target\":[\"https:\\\/\\\/www.noatumlogistics.com\\\/tr\\\/kalite\\\/\"]}]},{\"@type\":\"BreadcrumbList\",\"@id\":\"https:\\\/\\\/www.noatumlogistics.com\\\/tr\\\/kalite\\\/#breadcrumb\",\"itemListElement\":[{\"@type\":\"ListItem\",\"position\":1,\"name\":\"Ana sayfa\",\"item\":\"https:\\\/\\\/www.noatumlogistics.com\\\/tr\\\/\"},{\"@type\":\"ListItem\",\"position\":2,\"name\":\"Kalite\"}]},{\"@type\":\"WebSite\",\"@id\":\"https:\\\/\\\/www.noatumlogistics.com\\\/tr\\\/#website\",\"url\":\"https:\\\/\\\/www.noatumlogistics.com\\\/tr\\\/\",\"name\":\"Turkey\",\"description\":\"Excelen en servicios log\u00edsticos\",\"potentialAction\":[{\"@type\":\"SearchAction\",\"target\":{\"@type\":\"EntryPoint\",\"urlTemplate\":\"https:\\\/\\\/www.noatumlogistics.com\\\/tr\\\/?s={search_term_string}\"},\"query-input\":{\"@type\":\"PropertyValueSpecification\",\"valueRequired\":true,\"valueName\":\"search_term_string\"}}],\"inLanguage\":\"tr\"}]}<\/script>\n<!-- \/ Yoast SEO plugin. -->","yoast_head_json":{"title":"Kalite - Entegre Y\u00f6netim Sistemi | Noatum Logistics","description":"Noatum'daki s\u00fcrekli geli\u015fim projesi, 1995 y\u0131l\u0131nda UNE EN ISO 9002: 94 referans standard\u0131na dayal\u0131 bir kalite y\u00f6netim sisteminin uygulanmas\u0131 ve sertifikaland\u0131r\u0131lmas\u0131 ile resmile\u015ftirilmi\u015ftir.","robots":{"index":"index","follow":"follow","max-snippet":"max-snippet:-1","max-image-preview":"max-image-preview:large","max-video-preview":"max-video-preview:-1"},"canonical":"https:\/\/www.noatumlogistics.com\/tr\/kalite\/","og_locale":"tr_TR","og_type":"article","og_title":"Kalite - Entegre Y\u00f6netim Sistemi | Noatum Logistics","og_description":"Noatum'daki s\u00fcrekli geli\u015fim projesi, 1995 y\u0131l\u0131nda UNE EN ISO 9002: 94 referans standard\u0131na dayal\u0131 bir kalite y\u00f6netim sisteminin uygulanmas\u0131 ve sertifikaland\u0131r\u0131lmas\u0131 ile resmile\u015ftirilmi\u015ftir.","og_url":"https:\/\/www.noatumlogistics.com\/tr\/kalite\/","og_site_name":"Turkey","article_modified_time":"2022-04-14T09:04:49+00:00","twitter_card":"summary_large_image","twitter_misc":{"Tahmini okuma s\u00fcresi":"2 dakika"},"schema":{"@context":"https:\/\/schema.org","@graph":[{"@type":"WebPage","@id":"https:\/\/www.noatumlogistics.com\/tr\/kalite\/","url":"https:\/\/www.noatumlogistics.com\/tr\/kalite\/","name":"Kalite - Entegre Y\u00f6netim Sistemi | Noatum Logistics","isPartOf":{"@id":"https:\/\/www.noatumlogistics.com\/tr\/#website"},"datePublished":"2020-12-29T11:47:05+00:00","dateModified":"2022-04-14T09:04:49+00:00","description":"Noatum'daki s\u00fcrekli geli\u015fim projesi, 1995 y\u0131l\u0131nda UNE EN ISO 9002: 94 referans standard\u0131na dayal\u0131 bir kalite y\u00f6netim sisteminin uygulanmas\u0131 ve sertifikaland\u0131r\u0131lmas\u0131 ile resmile\u015ftirilmi\u015ftir.","breadcrumb":{"@id":"https:\/\/www.noatumlogistics.com\/tr\/kalite\/#breadcrumb"},"inLanguage":"tr","potentialAction":[{"@type":"ReadAction","target":["https:\/\/www.noatumlogistics.com\/tr\/kalite\/"]}]},{"@type":"BreadcrumbList","@id":"https:\/\/www.noatumlogistics.com\/tr\/kalite\/#breadcrumb","itemListElement":[{"@type":"ListItem","position":1,"name":"Ana sayfa","item":"https:\/\/www.noatumlogistics.com\/tr\/"},{"@type":"ListItem","position":2,"name":"Kalite"}]},{"@type":"WebSite","@id":"https:\/\/www.noatumlogistics.com\/tr\/#website","url":"https:\/\/www.noatumlogistics.com\/tr\/","name":"Turkey","description":"Excelen en servicios log\u00edsticos","potentialAction":[{"@type":"SearchAction","target":{"@type":"EntryPoint","urlTemplate":"https:\/\/www.noatumlogistics.com\/tr\/?s={search_term_string}"},"query-input":{"@type":"PropertyValueSpecification","valueRequired":true,"valueName":"search_term_string"}}],"inLanguage":"tr"}]}},"_links":{"self":[{"href":"https:\/\/www.noatumlogistics.com\/tr\/wp-json\/wp\/v2\/pages\/17096","targetHints":{"allow":["GET"]}}],"collection":[{"href":"https:\/\/www.noatumlogistics.com\/tr\/wp-json\/wp\/v2\/pages"}],"about":[{"href":"https:\/\/www.noatumlogistics.com\/tr\/wp-json\/wp\/v2\/types\/page"}],"author":[{"embeddable":true,"href":"https:\/\/www.noatumlogistics.com\/tr\/wp-json\/wp\/v2\/users\/9"}],"replies":[{"embeddable":true,"href":"https:\/\/www.noatumlogistics.com\/tr\/wp-json\/wp\/v2\/comments?post=17096"}],"version-history":[{"count":9,"href":"https:\/\/www.noatumlogistics.com\/tr\/wp-json\/wp\/v2\/pages\/17096\/revisions"}],"predecessor-version":[{"id":20054,"href":"https:\/\/www.noatumlogistics.com\/tr\/wp-json\/wp\/v2\/pages\/17096\/revisions\/20054"}],"wp:attachment":[{"href":"https:\/\/www.noatumlogistics.com\/tr\/wp-json\/wp\/v2\/media?parent=17096"}],"curies":[{"name":"wp","href":"https:\/\/api.w.org\/{rel}","templated":true}]}}