{"id":17091,"date":"2020-12-29T12:37:15","date_gmt":"2020-12-29T11:37:15","guid":{"rendered":"https:\/\/www.noatumlogistics.com\/tr\/?page_id=17091"},"modified":"2020-12-29T12:37:15","modified_gmt":"2020-12-29T11:37:15","slug":"refah-saglik-guvenlik","status":"publish","type":"page","link":"https:\/\/www.noatumlogistics.com\/tr\/refah-saglik-guvenlik\/","title":{"rendered":"Refah, sa\u011fl\u0131k ve g\u00fcvenlik"},"content":{"rendered":"<div class=\"wpb-content-wrapper\"><p>[vc_row center_row=&#8221;yes&#8221; el_id=&#8221;preven&#8221;][vc_column]<div class=\"zozo-parallax-header\"><div class=\"parallax-header\"><h2 class=\"parallax-title text-center\">Refah, sa\u011fl\u0131k ve g\u00fcvenlik<\/h2><div class=\"parallax-desc default-style text-center\"><h3><\/h3>\n<\/div><\/div><\/div>[vc_row_inner][vc_column_inner width=&#8221;1\/2&#8243;][vc_column_text]Sa\u011fl\u0131k ve G\u00fcvenlik konular\u0131nda <strong>Noatum<\/strong> taahh\u00fcd\u00fc, t\u00fcm Noatum \u00e7al\u0131\u015fanlar\u0131n\u0131n ve payda\u015flar\u0131n\u0131n toplam refah\u0131n\u0131 (fiziksel, zihinsel ve sosyal) kapsar ve emniyetli bir ortamda ve sa\u011fl\u0131kl\u0131 organizasyonda \u00fcretken \u00e7al\u0131\u015fmaya y\u00f6nelik duru\u015flar\u0131n\u0131 g\u00fc\u00e7lendirir.[\/vc_column_text][\/vc_column_inner][vc_column_inner width=&#8221;1\/2&#8243;][vc_column_text]Noatum\u2019un ana ilgi oda\u011f\u0131 \u201cbirey\u201d olup her zaman kapsaml\u0131 ve entegre bir yakla\u015f\u0131ma dayan\u0131r ve yasal uygunlu\u011fun yan\u0131 s\u0131ra kurulu\u015fun t\u00fcm politikalar\u0131nda sa\u011fl\u0131k ve g\u00fcvenli\u011fi g\u00f6z \u00f6n\u00fcnde bulundurur.<\/p>\n<p><strong>Noatum<\/strong>, uyumlulu\u011funun, katma de\u011ferinin, etkilili\u011finin ve verimlili\u011finin kan\u0131t\u0131 olarak i\u015fyerinde Sa\u011fl\u0131k, G\u00fcvenlik ve Refah konusunda <strong>ISO 45001: 2018<\/strong> sertifikas\u0131na sahiptir.<\/p>\n<p><style type=\"text\/css\" scoped=\"scoped\">a.zozo-button-1{color:#ffffff;}a.zozo-button-1:hover, a.zozo-button-1:active, a.zozo-button-1:focus{color:#ffffff;}<\/style><a class=\"zozo-button-1 btn btn-default   \" href=\"https:\/\/www.noatum.com\/noatum-health-safety.pdf\" target=\"_blank\">Sa\u011fl\u0131k ve g\u00fcvenlik politikas\u0131n\u0131 indirmek i\u00e7in a\u015fa\u011f\u0131daki linki ziyaret ediniz. <i class=\"fa right-align fa-fa fa-file-pdf-o\"><\/i><\/a>[\/vc_column_text][\/vc_column_inner][\/vc_row_inner][\/vc_column][\/vc_row]<\/p>\n<\/div>","protected":false},"excerpt":{"rendered":"<p>[vc_row center_row=&#8221;yes&#8221; el_id=&#8221;preven&#8221;][vc_column][vc_row_inner][vc_column_inner width=&#8221;1\/2&#8243;][vc_column_text]Sa\u011fl\u0131k ve G\u00fcvenlik konular\u0131nda Noatum taahh\u00fcd\u00fc, t\u00fcm Noatum \u00e7al\u0131\u015fanlar\u0131n\u0131n ve payda\u015flar\u0131n\u0131n toplam refah\u0131n\u0131 (fiziksel, zihinsel ve sosyal) kapsar ve emniyetli bir ortamda ve sa\u011fl\u0131kl\u0131 organizasyonda \u00fcretken \u00e7al\u0131\u015fmaya&#8230;<\/p>\n","protected":false},"author":9,"featured_media":0,"parent":0,"menu_order":0,"comment_status":"closed","ping_status":"closed","template":"template-fullwidth.php","meta":{"footnotes":""},"class_list":["post-17091","page","type-page","status-publish","hentry"],"yoast_head":"<!-- This site is optimized with the Yoast SEO plugin v27.5 - https:\/\/yoast.com\/product\/yoast-seo-wordpress\/ -->\n<title>Refah, sa\u011fl\u0131k ve g\u00fcvenlik | Noatum Logistics<\/title>\n<meta name=\"description\" content=\"Sa\u011fl\u0131k ve G\u00fcvenlik konular\u0131nda Noatum taahh\u00fcd\u00fc, t\u00fcm Noatum \u00e7al\u0131\u015fanlar\u0131n\u0131n ve payda\u015flar\u0131n\u0131n toplam refah\u0131n\u0131 (fiziksel, zihinsel ve sosyal)\" \/>\n<meta name=\"robots\" content=\"index, follow, max-snippet:-1, max-image-preview:large, max-video-preview:-1\" \/>\n<link rel=\"canonical\" href=\"https:\/\/www.noatumlogistics.com\/tr\/refah-saglik-guvenlik\/\" \/>\n<meta property=\"og:locale\" content=\"tr_TR\" \/>\n<meta property=\"og:type\" content=\"article\" \/>\n<meta property=\"og:title\" content=\"Refah, sa\u011fl\u0131k ve g\u00fcvenlik | Noatum Logistics\" \/>\n<meta property=\"og:description\" content=\"Sa\u011fl\u0131k ve G\u00fcvenlik konular\u0131nda Noatum taahh\u00fcd\u00fc, t\u00fcm Noatum \u00e7al\u0131\u015fanlar\u0131n\u0131n ve payda\u015flar\u0131n\u0131n toplam refah\u0131n\u0131 (fiziksel, zihinsel ve sosyal)\" \/>\n<meta property=\"og:url\" content=\"https:\/\/www.noatumlogistics.com\/tr\/refah-saglik-guvenlik\/\" \/>\n<meta property=\"og:site_name\" content=\"Turkey\" \/>\n<meta name=\"twitter:card\" content=\"summary_large_image\" \/>\n<meta name=\"twitter:label1\" content=\"Tahmini okuma s\u00fcresi\" \/>\n\t<meta name=\"twitter:data1\" content=\"1 dakika\" \/>\n<script type=\"application\/ld+json\" class=\"yoast-schema-graph\">{\"@context\":\"https:\\\/\\\/schema.org\",\"@graph\":[{\"@type\":\"WebPage\",\"@id\":\"https:\\\/\\\/www.noatumlogistics.com\\\/tr\\\/refah-saglik-guvenlik\\\/\",\"url\":\"https:\\\/\\\/www.noatumlogistics.com\\\/tr\\\/refah-saglik-guvenlik\\\/\",\"name\":\"Refah, sa\u011fl\u0131k ve g\u00fcvenlik | Noatum Logistics\",\"isPartOf\":{\"@id\":\"https:\\\/\\\/www.noatumlogistics.com\\\/tr\\\/#website\"},\"datePublished\":\"2020-12-29T11:37:15+00:00\",\"description\":\"Sa\u011fl\u0131k ve G\u00fcvenlik konular\u0131nda Noatum taahh\u00fcd\u00fc, t\u00fcm Noatum \u00e7al\u0131\u015fanlar\u0131n\u0131n ve payda\u015flar\u0131n\u0131n toplam refah\u0131n\u0131 (fiziksel, zihinsel ve sosyal)\",\"breadcrumb\":{\"@id\":\"https:\\\/\\\/www.noatumlogistics.com\\\/tr\\\/refah-saglik-guvenlik\\\/#breadcrumb\"},\"inLanguage\":\"tr\",\"potentialAction\":[{\"@type\":\"ReadAction\",\"target\":[\"https:\\\/\\\/www.noatumlogistics.com\\\/tr\\\/refah-saglik-guvenlik\\\/\"]}]},{\"@type\":\"BreadcrumbList\",\"@id\":\"https:\\\/\\\/www.noatumlogistics.com\\\/tr\\\/refah-saglik-guvenlik\\\/#breadcrumb\",\"itemListElement\":[{\"@type\":\"ListItem\",\"position\":1,\"name\":\"Ana sayfa\",\"item\":\"https:\\\/\\\/www.noatumlogistics.com\\\/tr\\\/\"},{\"@type\":\"ListItem\",\"position\":2,\"name\":\"Refah, sa\u011fl\u0131k ve g\u00fcvenlik\"}]},{\"@type\":\"WebSite\",\"@id\":\"https:\\\/\\\/www.noatumlogistics.com\\\/tr\\\/#website\",\"url\":\"https:\\\/\\\/www.noatumlogistics.com\\\/tr\\\/\",\"name\":\"Turkey\",\"description\":\"Excelen en servicios log\u00edsticos\",\"potentialAction\":[{\"@type\":\"SearchAction\",\"target\":{\"@type\":\"EntryPoint\",\"urlTemplate\":\"https:\\\/\\\/www.noatumlogistics.com\\\/tr\\\/?s={search_term_string}\"},\"query-input\":{\"@type\":\"PropertyValueSpecification\",\"valueRequired\":true,\"valueName\":\"search_term_string\"}}],\"inLanguage\":\"tr\"}]}<\/script>\n<!-- \/ Yoast SEO plugin. -->","yoast_head_json":{"title":"Refah, sa\u011fl\u0131k ve g\u00fcvenlik | Noatum Logistics","description":"Sa\u011fl\u0131k ve G\u00fcvenlik konular\u0131nda Noatum taahh\u00fcd\u00fc, t\u00fcm Noatum \u00e7al\u0131\u015fanlar\u0131n\u0131n ve payda\u015flar\u0131n\u0131n toplam refah\u0131n\u0131 (fiziksel, zihinsel ve sosyal)","robots":{"index":"index","follow":"follow","max-snippet":"max-snippet:-1","max-image-preview":"max-image-preview:large","max-video-preview":"max-video-preview:-1"},"canonical":"https:\/\/www.noatumlogistics.com\/tr\/refah-saglik-guvenlik\/","og_locale":"tr_TR","og_type":"article","og_title":"Refah, sa\u011fl\u0131k ve g\u00fcvenlik | Noatum Logistics","og_description":"Sa\u011fl\u0131k ve G\u00fcvenlik konular\u0131nda Noatum taahh\u00fcd\u00fc, t\u00fcm Noatum \u00e7al\u0131\u015fanlar\u0131n\u0131n ve payda\u015flar\u0131n\u0131n toplam refah\u0131n\u0131 (fiziksel, zihinsel ve sosyal)","og_url":"https:\/\/www.noatumlogistics.com\/tr\/refah-saglik-guvenlik\/","og_site_name":"Turkey","twitter_card":"summary_large_image","twitter_misc":{"Tahmini okuma s\u00fcresi":"1 dakika"},"schema":{"@context":"https:\/\/schema.org","@graph":[{"@type":"WebPage","@id":"https:\/\/www.noatumlogistics.com\/tr\/refah-saglik-guvenlik\/","url":"https:\/\/www.noatumlogistics.com\/tr\/refah-saglik-guvenlik\/","name":"Refah, sa\u011fl\u0131k ve g\u00fcvenlik | Noatum Logistics","isPartOf":{"@id":"https:\/\/www.noatumlogistics.com\/tr\/#website"},"datePublished":"2020-12-29T11:37:15+00:00","description":"Sa\u011fl\u0131k ve G\u00fcvenlik konular\u0131nda Noatum taahh\u00fcd\u00fc, t\u00fcm Noatum \u00e7al\u0131\u015fanlar\u0131n\u0131n ve payda\u015flar\u0131n\u0131n toplam refah\u0131n\u0131 (fiziksel, zihinsel ve sosyal)","breadcrumb":{"@id":"https:\/\/www.noatumlogistics.com\/tr\/refah-saglik-guvenlik\/#breadcrumb"},"inLanguage":"tr","potentialAction":[{"@type":"ReadAction","target":["https:\/\/www.noatumlogistics.com\/tr\/refah-saglik-guvenlik\/"]}]},{"@type":"BreadcrumbList","@id":"https:\/\/www.noatumlogistics.com\/tr\/refah-saglik-guvenlik\/#breadcrumb","itemListElement":[{"@type":"ListItem","position":1,"name":"Ana sayfa","item":"https:\/\/www.noatumlogistics.com\/tr\/"},{"@type":"ListItem","position":2,"name":"Refah, sa\u011fl\u0131k ve g\u00fcvenlik"}]},{"@type":"WebSite","@id":"https:\/\/www.noatumlogistics.com\/tr\/#website","url":"https:\/\/www.noatumlogistics.com\/tr\/","name":"Turkey","description":"Excelen en servicios log\u00edsticos","potentialAction":[{"@type":"SearchAction","target":{"@type":"EntryPoint","urlTemplate":"https:\/\/www.noatumlogistics.com\/tr\/?s={search_term_string}"},"query-input":{"@type":"PropertyValueSpecification","valueRequired":true,"valueName":"search_term_string"}}],"inLanguage":"tr"}]}},"_links":{"self":[{"href":"https:\/\/www.noatumlogistics.com\/tr\/wp-json\/wp\/v2\/pages\/17091","targetHints":{"allow":["GET"]}}],"collection":[{"href":"https:\/\/www.noatumlogistics.com\/tr\/wp-json\/wp\/v2\/pages"}],"about":[{"href":"https:\/\/www.noatumlogistics.com\/tr\/wp-json\/wp\/v2\/types\/page"}],"author":[{"embeddable":true,"href":"https:\/\/www.noatumlogistics.com\/tr\/wp-json\/wp\/v2\/users\/9"}],"replies":[{"embeddable":true,"href":"https:\/\/www.noatumlogistics.com\/tr\/wp-json\/wp\/v2\/comments?post=17091"}],"version-history":[{"count":2,"href":"https:\/\/www.noatumlogistics.com\/tr\/wp-json\/wp\/v2\/pages\/17091\/revisions"}],"predecessor-version":[{"id":20050,"href":"https:\/\/www.noatumlogistics.com\/tr\/wp-json\/wp\/v2\/pages\/17091\/revisions\/20050"}],"wp:attachment":[{"href":"https:\/\/www.noatumlogistics.com\/tr\/wp-json\/wp\/v2\/media?parent=17091"}],"curies":[{"name":"wp","href":"https:\/\/api.w.org\/{rel}","templated":true}]}}