{"id":16664,"date":"2020-09-28T10:44:08","date_gmt":"2020-09-28T09:44:08","guid":{"rendered":"https:\/\/www.noatumlogistics.com\/tr\/yasal-tebligat\/"},"modified":"2024-06-11T20:52:36","modified_gmt":"2024-06-11T19:52:36","slug":"yasal-tebligat","status":"publish","type":"page","link":"https:\/\/www.noatumlogistics.com\/tr\/yasal-tebligat\/","title":{"rendered":"Yasal uyar\u0131"},"content":{"rendered":"<div class=\"wpb-content-wrapper\"><p>[vc_row center_row=&#8221;yes&#8221; opn_row_gutter=&#8221;-100&#8243; css=&#8221;.vc_custom_1589791595983{margin-bottom: -75px !important;padding-top: 0px !important;}&#8221; el_id=&#8221;politica&#8221;][vc_column]<div class=\"zozo-parallax-header\"><div class=\"parallax-header\"><h5 class=\"parallax-title text-left\" style=\"font-size:16px;margin:0px 0px 20px 0px;\">YASAL UYARI<\/h5><div class=\"parallax-desc default-style text-left\"><p style=\"font-weight: 400;\"><strong>Web sitesinin sahibi olan \u015firket:<\/strong><\/p>\n<p style=\"font-weight: 400;\">Noatum Holdings S.L.U.<\/p>\n<p style=\"font-weight: 400;\">VAT ESB85960722<\/p>\n<p style=\"font-weight: 400;\">Avenida de Italia n\u00ba2 (C.T.C.) \u2013 28821 Coslada (Madrid) &#8211; Spain<\/p>\n<p style=\"font-weight: 400;\">Madrid Ticaret Sicili&#8217;nde kay\u0131tl\u0131, Cilt 28,531, Folio 216, B\u00f6l\u00fcm 8, Sayfa M-501078, Giri\u015f 30, 22 May\u0131s 2018<\/p>\n<p>&nbsp;<\/p>\n<p style=\"font-weight: 400;\"><strong>\u0130leti\u015fim Bilgileri:<\/strong><\/p>\n<p style=\"font-weight: 400;\">Telefon &#8211; (+34) 932987777<\/p>\n<p style=\"font-weight: 400;\">E-posta &#8211; <a href=\"mailto:info@noatum.com\">info@noatum.com<\/a><\/p>\n<\/div><\/div><\/div>[\/vc_column][\/vc_row]<\/p>\n<\/div>","protected":false},"excerpt":{"rendered":"<p>[vc_row center_row=&#8221;yes&#8221; opn_row_gutter=&#8221;-100&#8243; css=&#8221;.vc_custom_1589791595983{margin-bottom: -75px !important;padding-top: 0px !important;}&#8221; el_id=&#8221;politica&#8221;][vc_column][\/vc_column][\/vc_row]<\/p>\n","protected":false},"author":1,"featured_media":0,"parent":0,"menu_order":0,"comment_status":"closed","ping_status":"closed","template":"","meta":{"footnotes":""},"class_list":["post-16664","page","type-page","status-publish","hentry"],"yoast_head":"<!-- This site is optimized with the Yoast SEO plugin v27.3 - https:\/\/yoast.com\/product\/yoast-seo-wordpress\/ -->\n<title>Yasal uyar\u0131 - Turkey<\/title>\n<meta name=\"robots\" content=\"index, follow, max-snippet:-1, max-image-preview:large, max-video-preview:-1\" \/>\n<link rel=\"canonical\" href=\"https:\/\/www.noatumlogistics.com\/tr\/yasal-tebligat\/\" \/>\n<meta property=\"og:locale\" content=\"tr_TR\" \/>\n<meta property=\"og:type\" content=\"article\" \/>\n<meta property=\"og:title\" content=\"Yasal uyar\u0131 - Turkey\" \/>\n<meta property=\"og:description\" content=\"[vc_row center_row=&#8221;yes&#8221; opn_row_gutter=&#8221;-100&#8243; css=&#8221;.vc_custom_1589791595983{margin-bottom: -75px !important;padding-top: 0px !important;}&#8221; el_id=&#8221;politica&#8221;][vc_column][\/vc_column][\/vc_row]\" \/>\n<meta property=\"og:url\" content=\"https:\/\/www.noatumlogistics.com\/tr\/yasal-tebligat\/\" \/>\n<meta property=\"og:site_name\" content=\"Turkey\" \/>\n<meta property=\"article:modified_time\" content=\"2024-06-11T19:52:36+00:00\" \/>\n<meta name=\"twitter:card\" content=\"summary_large_image\" \/>\n<meta name=\"twitter:label1\" content=\"Tahmini okuma s\u00fcresi\" \/>\n\t<meta name=\"twitter:data1\" content=\"1 dakika\" \/>\n<script type=\"application\/ld+json\" class=\"yoast-schema-graph\">{\"@context\":\"https:\\\/\\\/schema.org\",\"@graph\":[{\"@type\":\"WebPage\",\"@id\":\"https:\\\/\\\/www.noatumlogistics.com\\\/tr\\\/yasal-tebligat\\\/\",\"url\":\"https:\\\/\\\/www.noatumlogistics.com\\\/tr\\\/yasal-tebligat\\\/\",\"name\":\"Yasal uyar\u0131 - Turkey\",\"isPartOf\":{\"@id\":\"https:\\\/\\\/www.noatumlogistics.com\\\/tr\\\/#website\"},\"datePublished\":\"2020-09-28T09:44:08+00:00\",\"dateModified\":\"2024-06-11T19:52:36+00:00\",\"breadcrumb\":{\"@id\":\"https:\\\/\\\/www.noatumlogistics.com\\\/tr\\\/yasal-tebligat\\\/#breadcrumb\"},\"inLanguage\":\"tr\",\"potentialAction\":[{\"@type\":\"ReadAction\",\"target\":[\"https:\\\/\\\/www.noatumlogistics.com\\\/tr\\\/yasal-tebligat\\\/\"]}]},{\"@type\":\"BreadcrumbList\",\"@id\":\"https:\\\/\\\/www.noatumlogistics.com\\\/tr\\\/yasal-tebligat\\\/#breadcrumb\",\"itemListElement\":[{\"@type\":\"ListItem\",\"position\":1,\"name\":\"Ana sayfa\",\"item\":\"https:\\\/\\\/www.noatumlogistics.com\\\/tr\\\/\"},{\"@type\":\"ListItem\",\"position\":2,\"name\":\"Yasal uyar\u0131\"}]},{\"@type\":\"WebSite\",\"@id\":\"https:\\\/\\\/www.noatumlogistics.com\\\/tr\\\/#website\",\"url\":\"https:\\\/\\\/www.noatumlogistics.com\\\/tr\\\/\",\"name\":\"Turkey\",\"description\":\"Excelen en servicios log\u00edsticos\",\"potentialAction\":[{\"@type\":\"SearchAction\",\"target\":{\"@type\":\"EntryPoint\",\"urlTemplate\":\"https:\\\/\\\/www.noatumlogistics.com\\\/tr\\\/?s={search_term_string}\"},\"query-input\":{\"@type\":\"PropertyValueSpecification\",\"valueRequired\":true,\"valueName\":\"search_term_string\"}}],\"inLanguage\":\"tr\"}]}<\/script>\n<!-- \/ Yoast SEO plugin. -->","yoast_head_json":{"title":"Yasal uyar\u0131 - Turkey","robots":{"index":"index","follow":"follow","max-snippet":"max-snippet:-1","max-image-preview":"max-image-preview:large","max-video-preview":"max-video-preview:-1"},"canonical":"https:\/\/www.noatumlogistics.com\/tr\/yasal-tebligat\/","og_locale":"tr_TR","og_type":"article","og_title":"Yasal uyar\u0131 - Turkey","og_description":"[vc_row center_row=&#8221;yes&#8221; opn_row_gutter=&#8221;-100&#8243; css=&#8221;.vc_custom_1589791595983{margin-bottom: -75px !important;padding-top: 0px !important;}&#8221; el_id=&#8221;politica&#8221;][vc_column][\/vc_column][\/vc_row]","og_url":"https:\/\/www.noatumlogistics.com\/tr\/yasal-tebligat\/","og_site_name":"Turkey","article_modified_time":"2024-06-11T19:52:36+00:00","twitter_card":"summary_large_image","twitter_misc":{"Tahmini okuma s\u00fcresi":"1 dakika"},"schema":{"@context":"https:\/\/schema.org","@graph":[{"@type":"WebPage","@id":"https:\/\/www.noatumlogistics.com\/tr\/yasal-tebligat\/","url":"https:\/\/www.noatumlogistics.com\/tr\/yasal-tebligat\/","name":"Yasal uyar\u0131 - Turkey","isPartOf":{"@id":"https:\/\/www.noatumlogistics.com\/tr\/#website"},"datePublished":"2020-09-28T09:44:08+00:00","dateModified":"2024-06-11T19:52:36+00:00","breadcrumb":{"@id":"https:\/\/www.noatumlogistics.com\/tr\/yasal-tebligat\/#breadcrumb"},"inLanguage":"tr","potentialAction":[{"@type":"ReadAction","target":["https:\/\/www.noatumlogistics.com\/tr\/yasal-tebligat\/"]}]},{"@type":"BreadcrumbList","@id":"https:\/\/www.noatumlogistics.com\/tr\/yasal-tebligat\/#breadcrumb","itemListElement":[{"@type":"ListItem","position":1,"name":"Ana sayfa","item":"https:\/\/www.noatumlogistics.com\/tr\/"},{"@type":"ListItem","position":2,"name":"Yasal uyar\u0131"}]},{"@type":"WebSite","@id":"https:\/\/www.noatumlogistics.com\/tr\/#website","url":"https:\/\/www.noatumlogistics.com\/tr\/","name":"Turkey","description":"Excelen en servicios log\u00edsticos","potentialAction":[{"@type":"SearchAction","target":{"@type":"EntryPoint","urlTemplate":"https:\/\/www.noatumlogistics.com\/tr\/?s={search_term_string}"},"query-input":{"@type":"PropertyValueSpecification","valueRequired":true,"valueName":"search_term_string"}}],"inLanguage":"tr"}]}},"_links":{"self":[{"href":"https:\/\/www.noatumlogistics.com\/tr\/wp-json\/wp\/v2\/pages\/16664","targetHints":{"allow":["GET"]}}],"collection":[{"href":"https:\/\/www.noatumlogistics.com\/tr\/wp-json\/wp\/v2\/pages"}],"about":[{"href":"https:\/\/www.noatumlogistics.com\/tr\/wp-json\/wp\/v2\/types\/page"}],"author":[{"embeddable":true,"href":"https:\/\/www.noatumlogistics.com\/tr\/wp-json\/wp\/v2\/users\/1"}],"replies":[{"embeddable":true,"href":"https:\/\/www.noatumlogistics.com\/tr\/wp-json\/wp\/v2\/comments?post=16664"}],"version-history":[{"count":17,"href":"https:\/\/www.noatumlogistics.com\/tr\/wp-json\/wp\/v2\/pages\/16664\/revisions"}],"predecessor-version":[{"id":20570,"href":"https:\/\/www.noatumlogistics.com\/tr\/wp-json\/wp\/v2\/pages\/16664\/revisions\/20570"}],"wp:attachment":[{"href":"https:\/\/www.noatumlogistics.com\/tr\/wp-json\/wp\/v2\/media?parent=16664"}],"curies":[{"name":"wp","href":"https:\/\/api.w.org\/{rel}","templated":true}]}}