{"id":16657,"date":"2020-09-28T10:17:59","date_gmt":"2020-09-28T09:17:59","guid":{"rendered":"https:\/\/www.noatumlogistics.com\/tr\/privacy-policy\/"},"modified":"2024-06-11T21:10:46","modified_gmt":"2024-06-11T20:10:46","slug":"gizlilik-politikamiz","status":"publish","type":"page","link":"https:\/\/www.noatumlogistics.com\/tr\/gizlilik-politikamiz\/","title":{"rendered":"Gizlilik politikam\u0131z"},"content":{"rendered":"<p style=\"font-weight: 400;\"><strong>Uygulaman\u0131n amac\u0131 ve kapsam\u0131<\/strong><\/p>\n<p style=\"font-weight: 400;\">Noatum, kontrol\u00f6r veya i\u015fleyici oldu\u011fu t\u00fcm i\u015fleme faaliyetlerini etkileyen ki\u015fisel verilerin korunmas\u0131 kurallar\u0131na uymay\u0131 taahh\u00fct eder. Bu Gizlilik Politikas\u0131, s\u00f6z konusu uyumlulukta g\u00f6zetilen genel ilkeleri belirler.<\/p>\n<p style=\"font-weight: 400;\">Noatum Gizlilik Politikas\u0131, ki\u015fisel verilere eri\u015fimi olan t\u00fcm \u00e7al\u0131\u015fanlar\u0131 ve dahili veya harici i\u015fbirlik\u00e7ileri i\u00e7in zorunludur.<\/p>\n<p style=\"font-weight: 400;\">Gizlilik Politikas\u0131, G\u00fcvenlik Komitesi ve Noatum y\u00f6netimi taraf\u0131ndan onaylan\u0131r ve Noatum y\u00f6netimi bu \u015fekilde kurulu\u015f i\u00e7inde uyulmas\u0131 gereken temel y\u00f6nergeleri belirler ve bunlar\u0131n tamam\u0131na a\u00e7\u0131k bir \u015fekilde onay ve destek verir.<\/p>\n<p>&nbsp;<\/p>\n<p style=\"font-weight: 400;\"><strong>Prensipler<\/strong><\/p>\n<p style=\"font-weight: 400;\">Noatum, sorumlulu\u011fu alt\u0131nda bulunan ki\u015fisel verileri a\u015fa\u011f\u0131daki ilkelere uygun olarak i\u015flemektedir:<\/p>\n<ul>\n<li><strong>Yasalara uygunluk, adalet ve \u015feffafl\u0131k: <\/strong>ki\u015fisel veriler, veri sahibi ile ilgili olarak yasalara uygun, adil ve \u015feffaf bir \u015fekilde ele al\u0131nacakt\u0131r.<\/li>\n<li><strong>Ki\u015fisel verilerin i\u015flenmesinde onaylama:<\/strong> ki\u015fisel veriler yaln\u0131zca s\u00f6z konusu i\u015flemenin veri koruma d\u00fczenlemeleri kapsam\u0131nda oldu\u011fu durumlarda i\u015flenecektir.<\/li>\n<li><strong>Ama\u00e7 s\u0131n\u0131rlamas\u0131:<\/strong> ki\u015fisel veriler belirli, a\u00e7\u0131k ve me\u015fru ama\u00e7lar\u0131n ger\u00e7ekle\u015ftirilmesi i\u00e7in i\u015flenecek ve s\u00f6z konusu ama\u00e7larla ba\u011fda\u015fmayacak \u015fekilde ayr\u0131ca i\u015flenmeyecektir.<\/li>\n<li><strong>Veri minimizasyonu:<\/strong> ki\u015fisel veriler yeterli, ilgili ve i\u015flendikleri ama\u00e7 i\u00e7in gerekli olanla s\u0131n\u0131rl\u0131 olacakt\u0131r.<\/li>\n<li><strong>Do\u011fruluk:<\/strong> ki\u015fisel veriler do\u011fru ve gerekirse g\u00fcncel olmal\u0131d\u0131r; i\u015flendikleri ama\u00e7lar bak\u0131m\u0131ndan do\u011fru olmayan ki\u015fisel verilerin gecikmeksizin silinmesini veya d\u00fczeltilmesini sa\u011flamak i\u00e7in t\u00fcm makul ad\u0131mlar at\u0131lmal\u0131d\u0131r.<\/li>\n<li><strong>Saklama s\u00fcresinin s\u0131n\u0131rland\u0131r\u0131lmas\u0131:<\/strong> ki\u015fisel veriler, ilgili taraflar\u0131n tan\u0131mlanmas\u0131na izin verecek \u015fekilde, muamelelerini hakl\u0131 k\u0131lan ama\u00e7lar i\u00e7in gerekli olandan daha uzun s\u00fcre saklanmayacakt\u0131r.<\/li>\n<li><strong>Hesap verebilirlik:<\/strong> Noatum, GDPR&#8217;nin gerektirdi\u011fi verilerin i\u015flenmesine ili\u015fkin ilkelere uyumdan sorumlu olacak ve bunu kan\u0131tlayabilecek bir konumda olmas\u0131n\u0131 sa\u011flayan teknik ve organizasyonel \u00f6nlemleri alacakt\u0131r.<\/li>\n<li><strong>Veri sahiplerinin haklar\u0131na dikkat edilmesi:<\/strong> Noatum&#8217;da, veri sahiplerinin, uygun oldu\u011funda, ki\u015fisel verilerine ili\u015fkin eri\u015fim, d\u00fczeltme, silme, itiraz, i\u015flemenin k\u0131s\u0131tlanmas\u0131 ve ta\u015f\u0131nabilirlik haklar\u0131n\u0131 yeterli \u015fekilde kullanmalar\u0131n\u0131 garanti eden tedbirler al\u0131nacakt\u0131r.<\/li>\n<li><strong>Tasar\u0131m ve varsay\u0131lan olarak veri koruma:<\/strong> Noatum, tasar\u0131m ve varsay\u0131lan olarak veri koruma ilkesinin uygulanmas\u0131n\u0131 te\u015fvik edecek ve b\u00f6ylece veri koruman\u0131n bir projenin ilk a\u015famalar\u0131nda mevcut olmas\u0131n\u0131 sa\u011flayacakt\u0131r. Bu ilke, bilgi sistemlerinin ilk tasar\u0131m\u0131ndan itibaren de uygulanacakt\u0131r.<\/li>\n<li><strong>Gizlilik ve b\u00fct\u00fcnl\u00fck: <\/strong>Noatum, yetkisiz veya yasad\u0131\u015f\u0131 i\u015flemeye kar\u015f\u0131 ve kazara kay\u0131p, imha veya hasara kar\u015f\u0131 koruma dahil olmak \u00fczere ki\u015fisel verilerin yeterli g\u00fcvenli\u011fini, uygun teknik veya organizasyonel \u00f6nlemlerin uygulanmas\u0131 yoluyla sa\u011flayacakt\u0131r.<\/li>\n<li><strong>Risk y\u00f6netimi: <\/strong>Noatum taraf\u0131ndan y\u00fcr\u00fct\u00fclen ki\u015fisel verilerin y\u00f6netimi, belirsizli\u011fin i\u015flenen ki\u015fisel verilerin sahiplerinin hak ve \u00f6zg\u00fcrl\u00fcklerinin korunmas\u0131 olan ana hedefe ula\u015f\u0131lmas\u0131 \u00fczerindeki etkisini risk olarak anlayarak aktif risk y\u00f6netimi yoluyla ger\u00e7ekle\u015ftirilecektir.<\/li>\n<li><strong>S\u00fcrekli iyile\u015ftirme:<\/strong> Uygulanan g\u00fcvenlik kontrollerinin etkililik derecesi, ortam\u0131n s\u00fcrekli de\u011fi\u015fimine uyum sa\u011flama kapasitesini art\u0131rmak i\u00e7in yinelenen bir temelde g\u00f6zden ge\u00e7irilecektir.<\/li>\n<li><strong>Fark\u0131ndal\u0131k ve e\u011fitim:<\/strong> Kullan\u0131c\u0131lar i\u00e7in veri koruma konusunda e\u011fitim ve fark\u0131ndal\u0131k art\u0131rma programlar\u0131 olu\u015fturulacakt\u0131r.<\/li>\n<\/ul>\n<p style=\"font-weight: 400;\"><strong>\u00a0<\/strong><\/p>\n<p style=\"font-weight: 400;\"><strong>Teknik ve organizasyonel g\u00fcvenlik \u00f6nlemleri<\/strong><\/p>\n<p style=\"font-weight: 400;\">Noatum, kendi sorumlulu\u011fu alt\u0131ndaki ki\u015fisel verileri, teknolojinin durumu, uygulama maliyetleri ve ger\u00e7ekle\u015ftirdi\u011fi i\u015flemenin niteli\u011fi, kapsam\u0131, ba\u011flam\u0131 ve ama\u00e7lar\u0131n\u0131n yan\u0131 s\u0131ra ger\u00e7ek ki\u015filerin hak ve \u00f6zg\u00fcrl\u00fckleri i\u00e7in de\u011fi\u015fken olas\u0131l\u0131k ve ciddiyetteki olas\u0131 riskleri g\u00f6z \u00f6n\u00fcnde bulundurarak i\u015fleyecektir.<\/p>\n<p style=\"font-weight: 400;\">G\u00fcvenlik seviyesinin yeterlili\u011fi de\u011ferlendirilirken, \u00f6zellikle iletilen, saklanan veya ba\u015fka bir \u015fekilde i\u015flenen ki\u015fisel verilerin kazara veya yasad\u0131\u015f\u0131 imhas\u0131, kayb\u0131 veya de\u011fi\u015ftirilmesi veya bu t\u00fcr verilere yetkisiz ileti\u015fim veya eri\u015fim nedeniyle verilerin i\u015flenmesinin sundu\u011fu riskler dikkate al\u0131nacakt\u0131r.<\/p>\n<p>&nbsp;<\/p>\n<p style=\"font-weight: 400;\"><strong>\u0130\u015fleme faaliyetlerinin kayd\u0131<\/strong><\/p>\n<p style=\"font-weight: 400;\">Noatum, kontrol\u00f6r veya i\u015fleyici oldu\u011fu ki\u015fisel verilerle ilgili i\u015fleme faaliyetlerinin en az\u0131ndan a\u015fa\u011f\u0131daki bilgileri i\u00e7erecek \u015fekilde g\u00fcncel bir kayd\u0131n\u0131 tutacakt\u0131r:<\/p>\n<ul>\n<li>Kontrol\u00f6r\u00fcn ad\u0131 ve ileti\u015fim bilgileri<\/li>\n<li>\u0130\u015fleme ama\u00e7lar\u0131<\/li>\n<li>Veri sahibi kategorilerinin a\u00e7\u0131klamas\u0131<\/li>\n<li>Ki\u015fisel veri kategorilerinin a\u00e7\u0131klamas\u0131<\/li>\n<li>Ki\u015fisel verilerin iletildi\u011fi al\u0131c\u0131 kategorileri<\/li>\n<li>Ki\u015fisel verilerin \u00fc\u00e7\u00fcnc\u00fc bir \u00fclkeye aktar\u0131lmas\u0131<\/li>\n<li>Farkl\u0131 veri kategorilerinin silinmesi i\u00e7in zaman s\u0131n\u0131rlar\u0131<\/li>\n<li>Teknik ve kurumsal g\u00fcvenlik \u00f6nlemlerinin genel tan\u0131m\u0131<\/li>\n<\/ul>\n<p style=\"font-weight: 400;\"><strong>\u00a0<\/strong><\/p>\n<p style=\"font-weight: 400;\"><strong>Risk analizi ve etki de\u011ferlendirmesi<\/strong><\/p>\n<p style=\"font-weight: 400;\">Ki\u015fisel verilerin i\u015flenmesinden \u00f6nce, teknolojinin durumu, uygulama maliyetleri ve i\u015flemenin niteli\u011fi, kapsam\u0131, ba\u011flam\u0131 ve ama\u00e7lar\u0131n\u0131n yan\u0131 s\u0131ra ger\u00e7ek ki\u015filerin haklar\u0131 ve \u00f6zg\u00fcrl\u00fckleri i\u00e7in de\u011fi\u015fen olas\u0131l\u0131k ve ciddiyetteki riskler dikkate al\u0131narak bir risk analizi yap\u0131lacakt\u0131r.<\/p>\n<p style=\"font-weight: 400;\">Riske uygun bir g\u00fcvenlik d\u00fczeyi sa\u011flamak i\u00e7in uygun teknik ve organizasyonel \u00f6nlemler al\u0131nacakt\u0131r.<\/p>\n<p style=\"font-weight: 400;\">Noatum, ger\u00e7ekle\u015ftirilen analizin i\u015fleme faaliyetinin bireylerin hak ve \u00f6zg\u00fcrl\u00fckleri a\u00e7\u0131s\u0131ndan \u00f6nemli bir risk te\u015fkil edebilece\u011fini g\u00f6stermesi halinde, i\u015fleme faaliyetlerinin ki\u015fisel verilerin korunmas\u0131 \u00fczerindeki etki de\u011ferlendirmesini ger\u00e7ekle\u015ftirecektir. Gerekirse, ilgili denetim makam\u0131na dan\u0131\u015facak ve ki\u015fisel verilerin i\u015flenmesini ger\u00e7ekle\u015ftirmek i\u00e7in yetki talep edecektir.<\/p>\n<p>&nbsp;<\/p>\n<p style=\"font-weight: 400;\"><strong>Ki\u015fisel veri g\u00fcvenli\u011fi ihlalleri<\/strong><\/p>\n<p style=\"font-weight: 400;\">Bir ki\u015fisel veri ihlali durumunda, Noatum, s\u00f6z konusu g\u00fcvenlik ihlalinin ger\u00e7ek ki\u015filerin haklar\u0131 ve \u00f6zg\u00fcrl\u00fckleri i\u00e7in bir risk te\u015fkil etmesinin muhtemel olmad\u0131\u011f\u0131 durumlar haricinde, yetkili denetim makam\u0131n\u0131 gecikmeksizin ve m\u00fcmk\u00fcnse s\u00f6z konusu durumdan haberdar olduktan sonra en ge\u00e7 72 saat i\u00e7erisinde bilgilendirir.<\/p>\n<p style=\"font-weight: 400;\">Noatum, ki\u015fisel verilerin g\u00fcvenli\u011finin ihlal edilmesinden etkilenmi\u015f olabilecek veri sahiplerine, hak ve \u00f6zg\u00fcrl\u00fckleri a\u00e7\u0131s\u0131ndan y\u00fcksek bir risk olu\u015fturmas\u0131 muhtemel oldu\u011funda, gecikmeksizin ileti\u015fim i\u00e7in uygun \u00f6nlemleri alacakt\u0131r.<\/p>\n<p style=\"font-weight: 400;\">Noatum, herhangi bir ki\u015fisel veri ihlalini, bununla ilgili ger\u00e7ekler, etkileri ve al\u0131nan d\u00fczeltici \u00f6nlemler de dahil olmak \u00fczere belgeleyecektir.<\/p>\n<p>&nbsp;<\/p>\n<p style=\"font-weight: 400;\"><strong>Haklar\u0131n kullan\u0131lmas\u0131na dikkat edilmesi<\/strong><\/p>\n<p style=\"font-weight: 400;\">Noatum, sorumlulu\u011fu alt\u0131nda bulunan ki\u015fisel veri sahiplerinden gelebilecek olas\u0131 hak kullan\u0131m taleplerini kar\u015f\u0131lamak \u00fczere gerekli prosed\u00fcrleri olu\u015fturmu\u015ftur.<\/p>\n<p style=\"font-weight: 400;\"><strong>\u00a0<\/strong><\/p>\n<p style=\"font-weight: 400;\"><strong>\u00dc\u00e7\u00fcnc\u00fc taraflarla ili\u015fkiler<\/strong><\/p>\n<p style=\"font-weight: 400;\">Noatum, ister m\u00fc\u015fteri ister tedarik\u00e7i olsun, \u00fc\u00e7\u00fcnc\u00fc taraflarla olan ili\u015fkilerinde ki\u015fisel verilerin korunmas\u0131na ili\u015fkin d\u00fczenlemelere uyulmas\u0131n\u0131 sa\u011flamak i\u00e7in gerekli kontrolleri olu\u015fturmu\u015ftur.<\/p>\n<p style=\"font-weight: 400;\"><strong>\u00a0<\/strong><\/p>\n<p style=\"font-weight: 400;\"><strong>Denetim<\/strong><\/p>\n<p style=\"font-weight: 400;\">Noatum, sorumlulu\u011fu alt\u0131nda ger\u00e7ekle\u015ftirilen ki\u015fisel verilerin i\u015flenmesine uygunlu\u011fu sa\u011flamak i\u00e7in teknik ve organizasyonel \u00f6nlemlerin etkinli\u011fini do\u011frulamay\u0131 ve de\u011ferlendirmeyi ama\u00e7layan periyodik denetimler ger\u00e7ekle\u015ftirir.<\/p>\n<p>&nbsp;<\/p>\n<p style=\"font-weight: 400;\"><strong>\u0130leti\u015fim<\/strong><\/p>\n<p style=\"font-weight: 400;\">Noatum Bilgi G\u00fcvenli\u011fi Departman\u0131 \u2013 Gizlilik Ofisi ile ileti\u015fime ge\u00e7ebilirsiniz:<\/p>\n<p style=\"font-weight: 400;\">Torre Auditori \u2013 Planta 13<\/p>\n<p style=\"font-weight: 400;\">Passeig de la Zona Franca n\u00ba111<\/p>\n<p style=\"font-weight: 400;\">08038 Barcelona<\/p>\n<p style=\"font-weight: 400;\">Telefon : (+34) 932987777<\/p>\n<p style=\"font-weight: 400;\">E-posta: <a href=\"mailto:dpo@noatum.com\">dpo@noatum.com<\/a><\/p>\n","protected":false},"excerpt":{"rendered":"<p>Uygulaman\u0131n amac\u0131 ve kapsam\u0131 Noatum, kontrol\u00f6r veya i\u015fleyici oldu\u011fu t\u00fcm i\u015fleme faaliyetlerini etkileyen ki\u015fisel verilerin korunmas\u0131 kurallar\u0131na uymay\u0131 taahh\u00fct eder. Bu Gizlilik Politikas\u0131, s\u00f6z konusu uyumlulukta g\u00f6zetilen genel ilkeleri belirler&#8230;.<\/p>\n","protected":false},"author":1,"featured_media":0,"parent":0,"menu_order":0,"comment_status":"closed","ping_status":"closed","template":"","meta":{"footnotes":""},"class_list":["post-16657","page","type-page","status-publish","hentry"],"yoast_head":"<!-- This site is optimized with the Yoast SEO plugin v27.4 - https:\/\/yoast.com\/product\/yoast-seo-wordpress\/ -->\n<title>Gizlilik politikam\u0131z | Noatum Logistics<\/title>\n<meta name=\"description\" content=\"NOATUM HOLDINGS S.L.U. olarak ki\u015fisel verilerinizin g\u00fcvenli\u011fi hususuna azami hassasiyet g\u00f6stermekteyiz.\" \/>\n<meta name=\"robots\" content=\"noindex, nofollow\" \/>\n<meta property=\"og:locale\" content=\"tr_TR\" \/>\n<meta property=\"og:type\" content=\"article\" \/>\n<meta property=\"og:title\" content=\"Gizlilik politikam\u0131z | Noatum Logistics\" \/>\n<meta property=\"og:description\" content=\"NOATUM HOLDINGS S.L.U. olarak ki\u015fisel verilerinizin g\u00fcvenli\u011fi hususuna azami hassasiyet g\u00f6stermekteyiz.\" \/>\n<meta property=\"og:url\" content=\"https:\/\/www.noatumlogistics.com\/tr\/gizlilik-politikamiz\/\" \/>\n<meta property=\"og:site_name\" content=\"Turkey\" \/>\n<meta property=\"article:modified_time\" content=\"2024-06-11T20:10:46+00:00\" \/>\n<meta name=\"twitter:card\" content=\"summary_large_image\" \/>\n<meta name=\"twitter:label1\" content=\"Tahmini okuma s\u00fcresi\" \/>\n\t<meta name=\"twitter:data1\" content=\"4 dakika\" \/>\n<script type=\"application\/ld+json\" class=\"yoast-schema-graph\">{\"@context\":\"https:\\\/\\\/schema.org\",\"@graph\":[{\"@type\":\"WebPage\",\"@id\":\"https:\\\/\\\/www.noatumlogistics.com\\\/tr\\\/gizlilik-politikamiz\\\/\",\"url\":\"https:\\\/\\\/www.noatumlogistics.com\\\/tr\\\/gizlilik-politikamiz\\\/\",\"name\":\"Gizlilik politikam\u0131z | Noatum Logistics\",\"isPartOf\":{\"@id\":\"https:\\\/\\\/www.noatumlogistics.com\\\/tr\\\/#website\"},\"datePublished\":\"2020-09-28T09:17:59+00:00\",\"dateModified\":\"2024-06-11T20:10:46+00:00\",\"description\":\"NOATUM HOLDINGS S.L.U. olarak ki\u015fisel verilerinizin g\u00fcvenli\u011fi hususuna azami hassasiyet g\u00f6stermekteyiz.\",\"breadcrumb\":{\"@id\":\"https:\\\/\\\/www.noatumlogistics.com\\\/tr\\\/gizlilik-politikamiz\\\/#breadcrumb\"},\"inLanguage\":\"tr\",\"potentialAction\":[{\"@type\":\"ReadAction\",\"target\":[\"https:\\\/\\\/www.noatumlogistics.com\\\/tr\\\/gizlilik-politikamiz\\\/\"]}]},{\"@type\":\"BreadcrumbList\",\"@id\":\"https:\\\/\\\/www.noatumlogistics.com\\\/tr\\\/gizlilik-politikamiz\\\/#breadcrumb\",\"itemListElement\":[{\"@type\":\"ListItem\",\"position\":1,\"name\":\"Ana sayfa\",\"item\":\"https:\\\/\\\/www.noatumlogistics.com\\\/tr\\\/\"},{\"@type\":\"ListItem\",\"position\":2,\"name\":\"Gizlilik politikam\u0131z\"}]},{\"@type\":\"WebSite\",\"@id\":\"https:\\\/\\\/www.noatumlogistics.com\\\/tr\\\/#website\",\"url\":\"https:\\\/\\\/www.noatumlogistics.com\\\/tr\\\/\",\"name\":\"Turkey\",\"description\":\"Excelen en servicios log\u00edsticos\",\"potentialAction\":[{\"@type\":\"SearchAction\",\"target\":{\"@type\":\"EntryPoint\",\"urlTemplate\":\"https:\\\/\\\/www.noatumlogistics.com\\\/tr\\\/?s={search_term_string}\"},\"query-input\":{\"@type\":\"PropertyValueSpecification\",\"valueRequired\":true,\"valueName\":\"search_term_string\"}}],\"inLanguage\":\"tr\"}]}<\/script>\n<!-- \/ Yoast SEO plugin. -->","yoast_head_json":{"title":"Gizlilik politikam\u0131z | Noatum Logistics","description":"NOATUM HOLDINGS S.L.U. olarak ki\u015fisel verilerinizin g\u00fcvenli\u011fi hususuna azami hassasiyet g\u00f6stermekteyiz.","robots":{"index":"noindex","follow":"nofollow"},"og_locale":"tr_TR","og_type":"article","og_title":"Gizlilik politikam\u0131z | Noatum Logistics","og_description":"NOATUM HOLDINGS S.L.U. olarak ki\u015fisel verilerinizin g\u00fcvenli\u011fi hususuna azami hassasiyet g\u00f6stermekteyiz.","og_url":"https:\/\/www.noatumlogistics.com\/tr\/gizlilik-politikamiz\/","og_site_name":"Turkey","article_modified_time":"2024-06-11T20:10:46+00:00","twitter_card":"summary_large_image","twitter_misc":{"Tahmini okuma s\u00fcresi":"4 dakika"},"schema":{"@context":"https:\/\/schema.org","@graph":[{"@type":"WebPage","@id":"https:\/\/www.noatumlogistics.com\/tr\/gizlilik-politikamiz\/","url":"https:\/\/www.noatumlogistics.com\/tr\/gizlilik-politikamiz\/","name":"Gizlilik politikam\u0131z | Noatum Logistics","isPartOf":{"@id":"https:\/\/www.noatumlogistics.com\/tr\/#website"},"datePublished":"2020-09-28T09:17:59+00:00","dateModified":"2024-06-11T20:10:46+00:00","description":"NOATUM HOLDINGS S.L.U. olarak ki\u015fisel verilerinizin g\u00fcvenli\u011fi hususuna azami hassasiyet g\u00f6stermekteyiz.","breadcrumb":{"@id":"https:\/\/www.noatumlogistics.com\/tr\/gizlilik-politikamiz\/#breadcrumb"},"inLanguage":"tr","potentialAction":[{"@type":"ReadAction","target":["https:\/\/www.noatumlogistics.com\/tr\/gizlilik-politikamiz\/"]}]},{"@type":"BreadcrumbList","@id":"https:\/\/www.noatumlogistics.com\/tr\/gizlilik-politikamiz\/#breadcrumb","itemListElement":[{"@type":"ListItem","position":1,"name":"Ana sayfa","item":"https:\/\/www.noatumlogistics.com\/tr\/"},{"@type":"ListItem","position":2,"name":"Gizlilik politikam\u0131z"}]},{"@type":"WebSite","@id":"https:\/\/www.noatumlogistics.com\/tr\/#website","url":"https:\/\/www.noatumlogistics.com\/tr\/","name":"Turkey","description":"Excelen en servicios log\u00edsticos","potentialAction":[{"@type":"SearchAction","target":{"@type":"EntryPoint","urlTemplate":"https:\/\/www.noatumlogistics.com\/tr\/?s={search_term_string}"},"query-input":{"@type":"PropertyValueSpecification","valueRequired":true,"valueName":"search_term_string"}}],"inLanguage":"tr"}]}},"_links":{"self":[{"href":"https:\/\/www.noatumlogistics.com\/tr\/wp-json\/wp\/v2\/pages\/16657","targetHints":{"allow":["GET"]}}],"collection":[{"href":"https:\/\/www.noatumlogistics.com\/tr\/wp-json\/wp\/v2\/pages"}],"about":[{"href":"https:\/\/www.noatumlogistics.com\/tr\/wp-json\/wp\/v2\/types\/page"}],"author":[{"embeddable":true,"href":"https:\/\/www.noatumlogistics.com\/tr\/wp-json\/wp\/v2\/users\/1"}],"replies":[{"embeddable":true,"href":"https:\/\/www.noatumlogistics.com\/tr\/wp-json\/wp\/v2\/comments?post=16657"}],"version-history":[{"count":13,"href":"https:\/\/www.noatumlogistics.com\/tr\/wp-json\/wp\/v2\/pages\/16657\/revisions"}],"predecessor-version":[{"id":20574,"href":"https:\/\/www.noatumlogistics.com\/tr\/wp-json\/wp\/v2\/pages\/16657\/revisions\/20574"}],"wp:attachment":[{"href":"https:\/\/www.noatumlogistics.com\/tr\/wp-json\/wp\/v2\/media?parent=16657"}],"curies":[{"name":"wp","href":"https:\/\/api.w.org\/{rel}","templated":true}]}}