{"id":16578,"date":"2020-09-22T17:44:02","date_gmt":"2020-09-22T16:44:02","guid":{"rendered":"https:\/\/www.noatumlogistics.com\/tr\/?page_id=16578"},"modified":"2021-02-22T16:07:53","modified_gmt":"2021-02-22T15:07:53","slug":"fiyat-talebi","status":"publish","type":"page","link":"https:\/\/www.noatumlogistics.com\/tr\/fiyat-talebi\/","title":{"rendered":"Fiyat Talebi"},"content":{"rendered":"<div class=\"wpb-content-wrapper\"><p>[vc_row center_row=&#8221;yes&#8221; typo_style=&#8221;default&#8221; css=&#8221;.vc_custom_1589960568882{padding-top: 30px !important;padding-bottom: 25px !important;}&#8221;][vc_column]<div class=\"zozo-parallax-header\"><div class=\"parallax-header\"><h2 class=\"parallax-title text-left\">Teklifi haz\u0131rlayabilmemiz i\u00e7in l\u00fctfen bu bilgi formunu doldurun.<\/h2><div class=\"parallax-desc default-style text-left\"><p>Bu formu doldurmak ve talebinizin detaylar\u0131 i\u00e7in yorum kutucuklar\u0131n\u0131 kullan\u0131n.<br \/>\nEn iyi teklifimizi sunmak i\u00e7in sizinle en k\u0131sa s\u00fcrede irtibata ge\u00e7ece\u011fiz. Te\u015fekk\u00fcrler.<\/p>\n<p><span style=\"color: #cd202c\">* Zorunlu alanlar.<\/span><\/p>\n<\/div><\/div><\/div>[\/vc_column][\/vc_row]<\/p>\n<\/div>","protected":false},"excerpt":{"rendered":"<p>[vc_row center_row=&#8221;yes&#8221; typo_style=&#8221;default&#8221; css=&#8221;.vc_custom_1589960568882{padding-top: 30px !important;padding-bottom: 25px !important;}&#8221;][vc_column][\/vc_column][\/vc_row]<\/p>\n","protected":false},"author":9,"featured_media":0,"parent":0,"menu_order":0,"comment_status":"closed","ping_status":"closed","template":"template-solicitud-oferta-eng.php","meta":{"footnotes":""},"class_list":["post-16578","page","type-page","status-publish","hentry"],"yoast_head":"<!-- This site is optimized with the Yoast SEO plugin v27.4 - https:\/\/yoast.com\/product\/yoast-seo-wordpress\/ -->\n<title>Fiyat Talebi - Turkey<\/title>\n<meta name=\"description\" content=\"Formu doldurun, Noatum Logistics size nakliye ve lojistik ihtiya\u00e7lar\u0131n\u0131z i\u00e7in do\u011fru bir fiyat teklifi g\u00f6ndersin\" \/>\n<meta name=\"robots\" content=\"index, follow, max-snippet:-1, max-image-preview:large, max-video-preview:-1\" \/>\n<link rel=\"canonical\" href=\"https:\/\/www.noatumlogistics.com\/tr\/fiyat-talebi\/\" \/>\n<meta property=\"og:locale\" content=\"tr_TR\" \/>\n<meta property=\"og:type\" content=\"article\" \/>\n<meta property=\"og:title\" content=\"Fiyat Talebi - Turkey\" \/>\n<meta property=\"og:description\" content=\"Formu doldurun, Noatum Logistics size nakliye ve lojistik ihtiya\u00e7lar\u0131n\u0131z i\u00e7in do\u011fru bir fiyat teklifi g\u00f6ndersin\" \/>\n<meta property=\"og:url\" content=\"https:\/\/www.noatumlogistics.com\/tr\/fiyat-talebi\/\" \/>\n<meta property=\"og:site_name\" content=\"Turkey\" \/>\n<meta property=\"article:modified_time\" content=\"2021-02-22T15:07:53+00:00\" \/>\n<meta name=\"twitter:card\" content=\"summary_large_image\" \/>\n<script type=\"application\/ld+json\" class=\"yoast-schema-graph\">{\"@context\":\"https:\\\/\\\/schema.org\",\"@graph\":[{\"@type\":\"WebPage\",\"@id\":\"https:\\\/\\\/www.noatumlogistics.com\\\/tr\\\/fiyat-talebi\\\/\",\"url\":\"https:\\\/\\\/www.noatumlogistics.com\\\/tr\\\/fiyat-talebi\\\/\",\"name\":\"Fiyat Talebi - Turkey\",\"isPartOf\":{\"@id\":\"https:\\\/\\\/www.noatumlogistics.com\\\/tr\\\/#website\"},\"datePublished\":\"2020-09-22T16:44:02+00:00\",\"dateModified\":\"2021-02-22T15:07:53+00:00\",\"description\":\"Formu doldurun, Noatum Logistics size nakliye ve lojistik ihtiya\u00e7lar\u0131n\u0131z i\u00e7in do\u011fru bir fiyat teklifi g\u00f6ndersin\",\"breadcrumb\":{\"@id\":\"https:\\\/\\\/www.noatumlogistics.com\\\/tr\\\/fiyat-talebi\\\/#breadcrumb\"},\"inLanguage\":\"tr\",\"potentialAction\":[{\"@type\":\"ReadAction\",\"target\":[\"https:\\\/\\\/www.noatumlogistics.com\\\/tr\\\/fiyat-talebi\\\/\"]}]},{\"@type\":\"BreadcrumbList\",\"@id\":\"https:\\\/\\\/www.noatumlogistics.com\\\/tr\\\/fiyat-talebi\\\/#breadcrumb\",\"itemListElement\":[{\"@type\":\"ListItem\",\"position\":1,\"name\":\"Ana sayfa\",\"item\":\"https:\\\/\\\/www.noatumlogistics.com\\\/tr\\\/\"},{\"@type\":\"ListItem\",\"position\":2,\"name\":\"Fiyat Talebi\"}]},{\"@type\":\"WebSite\",\"@id\":\"https:\\\/\\\/www.noatumlogistics.com\\\/tr\\\/#website\",\"url\":\"https:\\\/\\\/www.noatumlogistics.com\\\/tr\\\/\",\"name\":\"Turkey\",\"description\":\"Excelen en servicios log\u00edsticos\",\"potentialAction\":[{\"@type\":\"SearchAction\",\"target\":{\"@type\":\"EntryPoint\",\"urlTemplate\":\"https:\\\/\\\/www.noatumlogistics.com\\\/tr\\\/?s={search_term_string}\"},\"query-input\":{\"@type\":\"PropertyValueSpecification\",\"valueRequired\":true,\"valueName\":\"search_term_string\"}}],\"inLanguage\":\"tr\"}]}<\/script>\n<!-- \/ Yoast SEO plugin. -->","yoast_head_json":{"title":"Fiyat Talebi - Turkey","description":"Formu doldurun, Noatum Logistics size nakliye ve lojistik ihtiya\u00e7lar\u0131n\u0131z i\u00e7in do\u011fru bir fiyat teklifi g\u00f6ndersin","robots":{"index":"index","follow":"follow","max-snippet":"max-snippet:-1","max-image-preview":"max-image-preview:large","max-video-preview":"max-video-preview:-1"},"canonical":"https:\/\/www.noatumlogistics.com\/tr\/fiyat-talebi\/","og_locale":"tr_TR","og_type":"article","og_title":"Fiyat Talebi - Turkey","og_description":"Formu doldurun, Noatum Logistics size nakliye ve lojistik ihtiya\u00e7lar\u0131n\u0131z i\u00e7in do\u011fru bir fiyat teklifi g\u00f6ndersin","og_url":"https:\/\/www.noatumlogistics.com\/tr\/fiyat-talebi\/","og_site_name":"Turkey","article_modified_time":"2021-02-22T15:07:53+00:00","twitter_card":"summary_large_image","schema":{"@context":"https:\/\/schema.org","@graph":[{"@type":"WebPage","@id":"https:\/\/www.noatumlogistics.com\/tr\/fiyat-talebi\/","url":"https:\/\/www.noatumlogistics.com\/tr\/fiyat-talebi\/","name":"Fiyat Talebi - Turkey","isPartOf":{"@id":"https:\/\/www.noatumlogistics.com\/tr\/#website"},"datePublished":"2020-09-22T16:44:02+00:00","dateModified":"2021-02-22T15:07:53+00:00","description":"Formu doldurun, Noatum Logistics size nakliye ve lojistik ihtiya\u00e7lar\u0131n\u0131z i\u00e7in do\u011fru bir fiyat teklifi g\u00f6ndersin","breadcrumb":{"@id":"https:\/\/www.noatumlogistics.com\/tr\/fiyat-talebi\/#breadcrumb"},"inLanguage":"tr","potentialAction":[{"@type":"ReadAction","target":["https:\/\/www.noatumlogistics.com\/tr\/fiyat-talebi\/"]}]},{"@type":"BreadcrumbList","@id":"https:\/\/www.noatumlogistics.com\/tr\/fiyat-talebi\/#breadcrumb","itemListElement":[{"@type":"ListItem","position":1,"name":"Ana sayfa","item":"https:\/\/www.noatumlogistics.com\/tr\/"},{"@type":"ListItem","position":2,"name":"Fiyat Talebi"}]},{"@type":"WebSite","@id":"https:\/\/www.noatumlogistics.com\/tr\/#website","url":"https:\/\/www.noatumlogistics.com\/tr\/","name":"Turkey","description":"Excelen en servicios log\u00edsticos","potentialAction":[{"@type":"SearchAction","target":{"@type":"EntryPoint","urlTemplate":"https:\/\/www.noatumlogistics.com\/tr\/?s={search_term_string}"},"query-input":{"@type":"PropertyValueSpecification","valueRequired":true,"valueName":"search_term_string"}}],"inLanguage":"tr"}]}},"_links":{"self":[{"href":"https:\/\/www.noatumlogistics.com\/tr\/wp-json\/wp\/v2\/pages\/16578","targetHints":{"allow":["GET"]}}],"collection":[{"href":"https:\/\/www.noatumlogistics.com\/tr\/wp-json\/wp\/v2\/pages"}],"about":[{"href":"https:\/\/www.noatumlogistics.com\/tr\/wp-json\/wp\/v2\/types\/page"}],"author":[{"embeddable":true,"href":"https:\/\/www.noatumlogistics.com\/tr\/wp-json\/wp\/v2\/users\/9"}],"replies":[{"embeddable":true,"href":"https:\/\/www.noatumlogistics.com\/tr\/wp-json\/wp\/v2\/comments?post=16578"}],"version-history":[{"count":6,"href":"https:\/\/www.noatumlogistics.com\/tr\/wp-json\/wp\/v2\/pages\/16578\/revisions"}],"predecessor-version":[{"id":17262,"href":"https:\/\/www.noatumlogistics.com\/tr\/wp-json\/wp\/v2\/pages\/16578\/revisions\/17262"}],"wp:attachment":[{"href":"https:\/\/www.noatumlogistics.com\/tr\/wp-json\/wp\/v2\/media?parent=16578"}],"curies":[{"name":"wp","href":"https:\/\/api.w.org\/{rel}","templated":true}]}}