{"id":16558,"date":"2020-09-22T17:12:18","date_gmt":"2020-09-22T16:12:18","guid":{"rendered":"https:\/\/www.noatumlogistics.com\/tr\/global-ticaret-yonetimi\/ihracat-danismanligi\/"},"modified":"2021-02-03T13:07:37","modified_gmt":"2021-02-03T12:07:37","slug":"ihracat-danismanligi","status":"publish","type":"page","link":"https:\/\/www.noatumlogistics.com\/tr\/gumruk-hizmetleri\/ihracat-danismanligi\/","title":{"rendered":"\u0130hracat Dan\u0131\u015fmanl\u0131\u011f\u0131"},"content":{"rendered":"<div class=\"wpb-content-wrapper\"><p>[vc_row center_row=&#8221;yes&#8221; css=&#8221;.vc_custom_1585560450894{padding-top: 0px !important;background-position: center !important;background-repeat: no-repeat !important;background-size: cover !important;}&#8221; el_class=&#8221;VinetasRed&#8221;][vc_column][vc_column_text]<\/p>\n<h4>M\u00fc\u015fterilerimizin b\u00fcy\u00fcme hedeflerini ve m\u00fc\u015fteri beklentilerini ihracata uyumun temelleri ve gereksinimleri ile e\u015fg\u00fcd\u00fcml\u00fc hale getirmek.<\/h4>\n<p>[\/vc_column_text][vc_row_inner el_class=&#8221;VinetasRed&#8221;][vc_column_inner][vc_separator]<div class=\"zozo-parallax-header\"><div class=\"parallax-header\"><h3 class=\"parallax-title text-left text-uppercase\" style=\"font-size:18px;\">\u0130hracat uyum program\u0131<\/h3><div class=\"parallax-desc default-style text-left\"><p>Noatum Logistics m\u00fc\u015fterilerimizin resmi bir ihracat uyum program\u0131 olu\u015fturmalar\u0131na destek olmaya odaklanm\u0131\u015ft\u0131r. Bu program, \u00fclkenizin ihracat formalitelerini ve hedef \u00fclkenin ithalat formalitelerini kar\u015f\u0131lamaya y\u00f6nelik s\u00fcre\u00e7 ve prosed\u00fcrleri birle\u015ftirmelidir.<\/p>\n<\/div><\/div><\/div>[\/vc_column_inner][\/vc_row_inner][vc_row_inner css=&#8221;.vc_custom_1587559827369{margin-top: 20px !important;}&#8221;][vc_column_inner width=&#8221;1\/2&#8243;][vc_column_text]<\/p>\n<ul>\n<li>\u00dcr\u00fcn &#8211; Uyumlu Tarifenin S\u0131n\u0131fland\u0131r\u0131lmas\u0131 \u0130nceleme ve Belirleme<\/li>\n<li>Incoterms (Uluslararas\u0131 Ticaret Terimleri) Kullan\u0131m\u0131<\/li>\n<li>\u0130hracat Kontrol S\u0131n\u0131fland\u0131rmas\u0131<\/li>\n<li>\u0130hracat Lisans\u0131 \u0130nceleme ve Belirleme<\/li>\n<\/ul>\n<p>[\/vc_column_text][\/vc_column_inner][vc_column_inner width=&#8221;1\/2&#8243;][vc_column_text]<\/p>\n<ul>\n<li>\u0130hracat Prosed\u00fcrleri Manuel Geli\u015ftirme<\/li>\n<li>E\u011fitim\/ \u00d6\u011fretim Programlar\u0131<\/li>\n<li>\u0130hracat Denetimi<\/li>\n<li>Ek Mevzuat Uygunlu\u011fu<\/li>\n<\/ul>\n<p>[\/vc_column_text][\/vc_column_inner][\/vc_row_inner][\/vc_column][\/vc_row][vc_row center_row=&#8221;yes&#8221; bg_overlay=&#8221;yes&#8221; typo_style=&#8221;light&#8221; css=&#8221;.vc_custom_1585560629278{margin-bottom: 60px !important;background-image: url(https:\/\/www.noatumlogistics.com\/wp-content\/uploads\/2020\/03\/global-trade-management1.jpg?id=11210) !important;background-position: center !important;background-repeat: no-repeat !important;background-size: cover !important;}&#8221; el_class=&#8221;redgradientbgtrans&#8221;][vc_column]<div class=\"zozo-parallax-header\"><div class=\"parallax-header\"><h2 class=\"parallax-title text-center text-none\">Ni\u00e7in Noatum Logistics\u2019in Global Ticaret Y\u00f6netimini se\u00e7meliyim?<\/h2><\/div><\/div>[vc_row_inner][vc_column_inner width=&#8221;1\/2&#8243; css=&#8221;.vc_custom_1585214466581{padding-right: 60px !important;padding-left: 60px !important;}&#8221;][vc_column_text el_class=&#8221;text-center&#8221;]<img decoding=\"async\" src=\"https:\/\/www.noatumlogistics.com\/tr\/wp-content\/uploads\/sites\/12\/2020\/03\/expertise-02-e1585150149621-279x300.png\" width=\"60\" \/>[\/vc_column_text]<div class=\"zozo-parallax-header\"><div class=\"parallax-header\"><h4 class=\"parallax-title text-center\" style=\"font-size:24px;\">UZMANLIK<\/h4><div class=\"parallax-desc default-style text-center\"><p><span lang=\"en-GB\">M\u00fc\u015fterilerimiz, uzmanla\u015fm\u0131\u015f olduklar\u0131 sekt\u00f6rler ve end\u00fcstrileri \u00fczerinden global uluslararas\u0131 ticarette rekabet eder ve geli\u015firler ve g\u00fcn\u00fcm\u00fcz\u00fcn dinamik ve giderek karma\u015f\u0131kla\u015fan k\u00fcresel ticaret d\u00fcnyas\u0131nda ithalat ve ihracat d\u00fczenlemelerinde seyretmelerine destek olmas\u0131 i\u00e7in Noatum Logistics Global Ticaret Y\u00f6netimi (GTM) hizmetlerini se\u00e7erler.<\/span><\/p>\n<\/div><\/div><\/div>[\/vc_column_inner][vc_column_inner width=&#8221;1\/2&#8243; css=&#8221;.vc_custom_1585214477869{padding-right: 60px !important;padding-left: 60px !important;}&#8221;][vc_column_text el_class=&#8221;text-center&#8221;]<img decoding=\"async\" src=\"https:\/\/www.noatumlogistics.com\/tr\/wp-content\/uploads\/sites\/12\/2020\/03\/professional-267x300.png\" alt=\"\" width=\"60\" \/>[\/vc_column_text]<div class=\"zozo-parallax-header\"><div class=\"parallax-header\"><h4 class=\"parallax-title text-center\" style=\"font-size:24px;\">PROFESYONEL EK\u0130P<\/h4><div class=\"parallax-desc default-style text-center\"><p><span lang=\"en-GB\">Noatum Logistics GTM ekibi, m\u00fc\u015fterilerimizle ortakl\u0131k anlay\u0131\u015f\u0131nda \u00e7al\u0131\u015fan g\u00fcvenilir, tutkulu ve ticaret uyumu, tedarik zinciri y\u00f6netimi, k\u00fcresel i\u015f zekas\u0131 ve uluslararas\u0131 i\u015fletmelerde uzmanla\u015fm\u0131\u015f profesyonellerden olu\u015fan ticaretin ger\u00e7ek idarecileridir.<\/span><\/p>\n<\/div><\/div><\/div>[\/vc_column_inner][\/vc_row_inner][\/vc_column][\/vc_row][vc_row css_animation=&#8221;left-to-right&#8221; center_row=&#8221;yes&#8221; opn_row_gutter=&#8221;100&#8243; el_id=&#8221;contactform&#8221; css=&#8221;.vc_custom_1582792022784{background-color: #f7f7f7 !important;}&#8221;][vc_column]<div class=\"zozo-parallax-header\"><div class=\"parallax-header\"><h2 class=\"parallax-title text-center text-none\" style=\"color:#ae2626;\">Daha fazla bilgi i\u00e7in l\u00fctfen bizimle temasa ge\u00e7in.<\/h2><\/div><\/div>[vc_column_text]\n<div class=\"wpcf7 no-js\" id=\"wpcf7-f16123-o1\" lang=\"tr-TR\" dir=\"ltr\" data-wpcf7-id=\"16123\">\n<div class=\"screen-reader-response\"><p role=\"status\" aria-live=\"polite\" aria-atomic=\"true\"><\/p> <ul><\/ul><\/div>\n<form action=\"\/tr\/wp-json\/wp\/v2\/pages\/16558#wpcf7-f16123-o1\" method=\"post\" class=\"wpcf7-form init\" aria-label=\"\u0130leti\u015fim Formu\" novalidate=\"novalidate\" data-status=\"init\">\n<fieldset class=\"hidden-fields-container\"><input type=\"hidden\" name=\"_wpcf7\" value=\"16123\" \/><input type=\"hidden\" name=\"_wpcf7_version\" value=\"6.1.5\" \/><input type=\"hidden\" name=\"_wpcf7_locale\" value=\"tr_TR\" \/><input type=\"hidden\" name=\"_wpcf7_unit_tag\" value=\"wpcf7-f16123-o1\" \/><input type=\"hidden\" name=\"_wpcf7_container_post\" value=\"0\" \/><input type=\"hidden\" name=\"_wpcf7_posted_data_hash\" value=\"\" \/><input type=\"hidden\" name=\"_wpcf7dtx_version\" value=\"5.0.5\" \/><input type=\"hidden\" name=\"_wpcf7_recaptcha_response\" value=\"\" \/>\n<\/fieldset>\n<div class=\"row\">\n\t<div class=\"col-md-12\">\n\t<div class=\"wpcf7-response-output\" aria-hidden=\"true\"><\/div>\n\t<\/div>\n<\/div>\n<p style=\"font-size: 12px; font-weight:400; \">T\u00fcm alanlar zorunludur.\n<\/p>\n<div class=\"row\">\n\t<div class=\"col-md-6\">\n\t\t<p><span class=\"wpcf7-form-control-wrap\" data-name=\"your-name\"><input size=\"40\" maxlength=\"400\" class=\"wpcf7-form-control wpcf7-text wpcf7-validates-as-required\" aria-required=\"true\" aria-invalid=\"false\" placeholder=\"Ad\u0131 ve Soyad\u0131\" value=\"\" type=\"text\" name=\"your-name\" \/><\/span>\n\t\t<\/p>\n\t\t<p><span class=\"wpcf7-form-control-wrap\" data-name=\"Empresa\"><input size=\"40\" maxlength=\"400\" class=\"wpcf7-form-control wpcf7-text wpcf7-validates-as-required\" aria-required=\"true\" aria-invalid=\"false\" placeholder=\"\u015eirket\" value=\"\" type=\"text\" name=\"Empresa\" \/><\/span>\n\t\t<\/p>\n\t\t<p><span class=\"wpcf7-form-control-wrap\" data-name=\"tel-845\"><input size=\"40\" maxlength=\"400\" class=\"wpcf7-form-control wpcf7-tel wpcf7-validates-as-required wpcf7-text wpcf7-validates-as-tel\" aria-required=\"true\" aria-invalid=\"false\" placeholder=\"Telefon\" value=\"\" type=\"tel\" name=\"tel-845\" \/><\/span>\n\t\t<\/p>\n\t<\/div>\n\t<div class=\"col-md-6\">\n\t\t<p><span class=\"wpcf7-form-control-wrap\" data-name=\"your-email\"><input size=\"40\" maxlength=\"400\" class=\"wpcf7-form-control wpcf7-email wpcf7-validates-as-required wpcf7-text wpcf7-validates-as-email\" aria-required=\"true\" aria-invalid=\"false\" placeholder=\"E-posta\" value=\"\" type=\"email\" name=\"your-email\" \/><\/span>\n\t\t<\/p>\n\t<span class=\"wpcf7-form-control-wrap recipient-email\" data-name=\"recipient-email\"><input type=\"hidden\" name=\"recipient-email\" class=\"wpcf7-form-control wpcf7-hidden wpcf7dtx wpcf7dtx-hidden\" aria-invalid=\"false\" value=\"&#107;&#101;&#118;&#105;&#110;&#046;&#101;&#107;&#115;&#116;&#114;&#097;&#110;&#100;&#064;&#110;&#111;&#097;&#116;&#117;&#109;&#108;&#111;&#103;&#105;&#115;&#116;&#105;&#099;&#115;&#046;&#099;&#111;&#109;\"><\/span>\n\t\t<p><span class=\"wpcf7-form-control-wrap\" data-name=\"your-message\"><textarea cols=\"40\" rows=\"10\" maxlength=\"2000\" class=\"wpcf7-form-control wpcf7-textarea\" aria-invalid=\"false\" placeholder=\"Sorunuz\" name=\"your-message\"><\/textarea><\/span>\n\t\t<\/p>\n\t<\/div>\n<\/div>\n<div class=\"row\">\n\t<div class=\"col-md-12 legalnotice\">\n\t\t<p style=\"font-weight: 300;font-size: 12px;line-height: 1.5em;margin-top: 10px;\">Avenida de Italia n\u00ba2 (CTC), Coslada, Madrid, \u0130spanya adresinde bulunan Noatum Holdings S.L.U., ki\u015fisel verilerinizi, talebinize yan\u0131t vermek ve Noatum grubu i\u00e7indeki ilgili \u015firkete g\u00f6ndermek i\u00e7in izninizle kullan\u0131r. Verileriniz size yan\u0131t vermek i\u00e7in gerekenden daha uzun s\u00fcre saklanmayacakt\u0131r. \u0130lgili kutuyu i\u015faretleyerek hizmetlerimiz hakk\u0131nda e-posta reklamlar\u0131 almay\u0131 kabul ederseniz, siz aksini belirtinceye kadar verilerinizi saklayaca\u011f\u0131z.\n\t\t<\/p>\n\t\t<p style=\"font-weight: 300;font-size: 12px;line-height: 1.5em; margin-top: 5px;\">Veri Koruma G\u00f6revlisi ile (<a href=\"mailto:dpo@noatum.com\">dpo@noatum.com<\/a>). adresinden ileti\u015fime ge\u00e7ebilirsiniz. Haklar\u0131n\u0131z\u0131n ihlal edildi\u011fini d\u00fc\u015f\u00fcn\u00fcyorsan\u0131z, \u0130spanya Veri Koruma Kurumu'na \u015fikayette bulunabilirsiniz. Diledi\u011finiz zaman (<a href=\"mailto:dpo@noatum.com\">dpo@noatum.com<\/a>) ile ileti\u015fime ge\u00e7erek onay\u0131n\u0131z\u0131 geri \u00e7ekebilir ve eri\u015fim, d\u00fczeltme, silme, itiraz ve k\u0131s\u0131tlama haklar\u0131n\u0131z\u0131 kullanabilirsiniz.\n\t\t<\/p>\n\t<\/div>\n<\/div>\n<div class=\"row\" style=\"margin-top: 10px; margin-bottom: 15px;\">\n\t<div class=\"col-md-12\">\n\t\t<p><span class=\"wpcf7-form-control-wrap\" data-name=\"acceptance-182\"><span class=\"wpcf7-form-control wpcf7-acceptance\"><span class=\"wpcf7-list-item\"><label><input type=\"checkbox\" name=\"acceptance-182\" value=\"1\" aria-invalid=\"false\" \/><span class=\"wpcf7-list-item-label\">E-posta adresime Noatum grup hizmetleri hakk\u0131nda e-posta reklamlar\u0131 almay\u0131 kabul ediyorum.<\/span><\/label><\/span><\/span><\/span>\n\t\t<\/p>\n\t<\/div>\n<\/div>\n<div class=\"row\">\n\t<div class=\"col-md-12\">\n\t\t<p><input class=\"wpcf7-form-control wpcf7-submit has-spinner\" type=\"submit\" value=\"G\u00f6nder\" \/>\n\t\t<\/p>\n\t<\/div>\n<\/div>\n<\/form>\n<\/div>\n[\/vc_column_text][\/vc_column][\/vc_row]<\/p>\n<\/div>","protected":false},"excerpt":{"rendered":"<p>[vc_row center_row=&#8221;yes&#8221; css=&#8221;.vc_custom_1585560450894{padding-top: 0px !important;background-position: center !important;background-repeat: no-repeat !important;background-size: cover !important;}&#8221; el_class=&#8221;VinetasRed&#8221;][vc_column][vc_column_text] M\u00fc\u015fterilerimizin b\u00fcy\u00fcme hedeflerini ve m\u00fc\u015fteri beklentilerini ihracata uyumun temelleri ve gereksinimleri ile e\u015fg\u00fcd\u00fcml\u00fc hale getirmek. [\/vc_column_text][vc_row_inner el_class=&#8221;VinetasRed&#8221;][vc_column_inner][vc_separator][\/vc_column_inner][\/vc_row_inner][vc_row_inner css=&#8221;.vc_custom_1587559827369{margin-top:&#8230;<\/p>\n","protected":false},"author":9,"featured_media":0,"parent":15809,"menu_order":0,"comment_status":"closed","ping_status":"closed","template":"","meta":{"footnotes":""},"class_list":["post-16558","page","type-page","status-publish","hentry"],"yoast_head":"<!-- This site is optimized with the Yoast SEO plugin v27.4 - https:\/\/yoast.com\/product\/yoast-seo-wordpress\/ -->\n<title>\u0130hracat Dan\u0131\u015fmanl\u0131\u011f\u0131 - Global Ticaret Y\u00f6netimi | Noatum Logistics<\/title>\n<meta name=\"description\" content=\"Noatum lojistik, m\u00fc\u015fterilerimizin \u00fclkenizin ihracat formalitelerini kar\u015f\u0131lamaya y\u00f6nelik s\u00fcre\u00e7 ve prosed\u00fcrlerle resmi bir ihracat uyum program\u0131 olu\u015fturmalar\u0131na yard\u0131mc\u0131 olmaya odaklanm\u0131\u015ft\u0131r.\" \/>\n<meta name=\"robots\" content=\"index, follow, max-snippet:-1, max-image-preview:large, max-video-preview:-1\" \/>\n<link rel=\"canonical\" href=\"https:\/\/www.noatumlogistics.com\/tr\/gumruk-hizmetleri\/ihracat-danismanligi\/\" \/>\n<meta property=\"og:locale\" content=\"tr_TR\" \/>\n<meta property=\"og:type\" content=\"article\" \/>\n<meta property=\"og:title\" content=\"\u0130hracat Dan\u0131\u015fmanl\u0131\u011f\u0131 - Global Ticaret Y\u00f6netimi | Noatum Logistics\" \/>\n<meta property=\"og:description\" content=\"Noatum lojistik, m\u00fc\u015fterilerimizin \u00fclkenizin ihracat formalitelerini kar\u015f\u0131lamaya y\u00f6nelik s\u00fcre\u00e7 ve prosed\u00fcrlerle resmi bir ihracat uyum program\u0131 olu\u015fturmalar\u0131na yard\u0131mc\u0131 olmaya odaklanm\u0131\u015ft\u0131r.\" \/>\n<meta property=\"og:url\" content=\"https:\/\/www.noatumlogistics.com\/tr\/gumruk-hizmetleri\/ihracat-danismanligi\/\" \/>\n<meta property=\"og:site_name\" content=\"Turkey\" \/>\n<meta property=\"article:modified_time\" content=\"2021-02-03T12:07:37+00:00\" \/>\n<meta property=\"og:image\" content=\"https:\/\/www.noatumlogistics.com\/tr\/wp-content\/uploads\/sites\/12\/2020\/03\/expertise-02-e1585150149621-279x300.png\" \/>\n<meta name=\"twitter:card\" content=\"summary_large_image\" \/>\n<meta name=\"twitter:label1\" content=\"Tahmini okuma s\u00fcresi\" \/>\n\t<meta name=\"twitter:data1\" content=\"3 dakika\" \/>\n<script type=\"application\/ld+json\" class=\"yoast-schema-graph\">{\"@context\":\"https:\\\/\\\/schema.org\",\"@graph\":[{\"@type\":\"WebPage\",\"@id\":\"https:\\\/\\\/www.noatumlogistics.com\\\/tr\\\/gumruk-hizmetleri\\\/ihracat-danismanligi\\\/\",\"url\":\"https:\\\/\\\/www.noatumlogistics.com\\\/tr\\\/gumruk-hizmetleri\\\/ihracat-danismanligi\\\/\",\"name\":\"\u0130hracat Dan\u0131\u015fmanl\u0131\u011f\u0131 - Global Ticaret Y\u00f6netimi | Noatum Logistics\",\"isPartOf\":{\"@id\":\"https:\\\/\\\/www.noatumlogistics.com\\\/tr\\\/#website\"},\"primaryImageOfPage\":{\"@id\":\"https:\\\/\\\/www.noatumlogistics.com\\\/tr\\\/gumruk-hizmetleri\\\/ihracat-danismanligi\\\/#primaryimage\"},\"image\":{\"@id\":\"https:\\\/\\\/www.noatumlogistics.com\\\/tr\\\/gumruk-hizmetleri\\\/ihracat-danismanligi\\\/#primaryimage\"},\"thumbnailUrl\":\"https:\\\/\\\/www.noatumlogistics.com\\\/tr\\\/wp-content\\\/uploads\\\/sites\\\/12\\\/2020\\\/03\\\/expertise-02-e1585150149621-279x300.png\",\"datePublished\":\"2020-09-22T16:12:18+00:00\",\"dateModified\":\"2021-02-03T12:07:37+00:00\",\"description\":\"Noatum lojistik, m\u00fc\u015fterilerimizin \u00fclkenizin ihracat formalitelerini kar\u015f\u0131lamaya y\u00f6nelik s\u00fcre\u00e7 ve prosed\u00fcrlerle resmi bir ihracat uyum program\u0131 olu\u015fturmalar\u0131na yard\u0131mc\u0131 olmaya odaklanm\u0131\u015ft\u0131r.\",\"breadcrumb\":{\"@id\":\"https:\\\/\\\/www.noatumlogistics.com\\\/tr\\\/gumruk-hizmetleri\\\/ihracat-danismanligi\\\/#breadcrumb\"},\"inLanguage\":\"tr\",\"potentialAction\":[{\"@type\":\"ReadAction\",\"target\":[\"https:\\\/\\\/www.noatumlogistics.com\\\/tr\\\/gumruk-hizmetleri\\\/ihracat-danismanligi\\\/\"]}]},{\"@type\":\"ImageObject\",\"inLanguage\":\"tr\",\"@id\":\"https:\\\/\\\/www.noatumlogistics.com\\\/tr\\\/gumruk-hizmetleri\\\/ihracat-danismanligi\\\/#primaryimage\",\"url\":\"https:\\\/\\\/www.noatumlogistics.com\\\/tr\\\/wp-content\\\/uploads\\\/sites\\\/12\\\/2020\\\/03\\\/expertise-02-e1585150149621.png\",\"contentUrl\":\"https:\\\/\\\/www.noatumlogistics.com\\\/tr\\\/wp-content\\\/uploads\\\/sites\\\/12\\\/2020\\\/03\\\/expertise-02-e1585150149621.png\",\"width\":2157,\"height\":2318},{\"@type\":\"BreadcrumbList\",\"@id\":\"https:\\\/\\\/www.noatumlogistics.com\\\/tr\\\/gumruk-hizmetleri\\\/ihracat-danismanligi\\\/#breadcrumb\",\"itemListElement\":[{\"@type\":\"ListItem\",\"position\":1,\"name\":\"Ana sayfa\",\"item\":\"https:\\\/\\\/www.noatumlogistics.com\\\/tr\\\/\"},{\"@type\":\"ListItem\",\"position\":2,\"name\":\"G\u00fcmr\u00fck Hizmetleri\",\"item\":\"https:\\\/\\\/www.noatumlogistics.com\\\/tr\\\/gumruk-hizmetleri\\\/\"},{\"@type\":\"ListItem\",\"position\":3,\"name\":\"\u0130hracat Dan\u0131\u015fmanl\u0131\u011f\u0131\"}]},{\"@type\":\"WebSite\",\"@id\":\"https:\\\/\\\/www.noatumlogistics.com\\\/tr\\\/#website\",\"url\":\"https:\\\/\\\/www.noatumlogistics.com\\\/tr\\\/\",\"name\":\"Turkey\",\"description\":\"Excelen en servicios log\u00edsticos\",\"potentialAction\":[{\"@type\":\"SearchAction\",\"target\":{\"@type\":\"EntryPoint\",\"urlTemplate\":\"https:\\\/\\\/www.noatumlogistics.com\\\/tr\\\/?s={search_term_string}\"},\"query-input\":{\"@type\":\"PropertyValueSpecification\",\"valueRequired\":true,\"valueName\":\"search_term_string\"}}],\"inLanguage\":\"tr\"}]}<\/script>\n<!-- \/ Yoast SEO plugin. -->","yoast_head_json":{"title":"\u0130hracat Dan\u0131\u015fmanl\u0131\u011f\u0131 - Global Ticaret Y\u00f6netimi | Noatum Logistics","description":"Noatum lojistik, m\u00fc\u015fterilerimizin \u00fclkenizin ihracat formalitelerini kar\u015f\u0131lamaya y\u00f6nelik s\u00fcre\u00e7 ve prosed\u00fcrlerle resmi bir ihracat uyum program\u0131 olu\u015fturmalar\u0131na yard\u0131mc\u0131 olmaya odaklanm\u0131\u015ft\u0131r.","robots":{"index":"index","follow":"follow","max-snippet":"max-snippet:-1","max-image-preview":"max-image-preview:large","max-video-preview":"max-video-preview:-1"},"canonical":"https:\/\/www.noatumlogistics.com\/tr\/gumruk-hizmetleri\/ihracat-danismanligi\/","og_locale":"tr_TR","og_type":"article","og_title":"\u0130hracat Dan\u0131\u015fmanl\u0131\u011f\u0131 - Global Ticaret Y\u00f6netimi | Noatum Logistics","og_description":"Noatum lojistik, m\u00fc\u015fterilerimizin \u00fclkenizin ihracat formalitelerini kar\u015f\u0131lamaya y\u00f6nelik s\u00fcre\u00e7 ve prosed\u00fcrlerle resmi bir ihracat uyum program\u0131 olu\u015fturmalar\u0131na yard\u0131mc\u0131 olmaya odaklanm\u0131\u015ft\u0131r.","og_url":"https:\/\/www.noatumlogistics.com\/tr\/gumruk-hizmetleri\/ihracat-danismanligi\/","og_site_name":"Turkey","article_modified_time":"2021-02-03T12:07:37+00:00","og_image":[{"url":"https:\/\/www.noatumlogistics.com\/tr\/wp-content\/uploads\/sites\/12\/2020\/03\/expertise-02-e1585150149621-279x300.png","type":"","width":"","height":""}],"twitter_card":"summary_large_image","twitter_misc":{"Tahmini okuma s\u00fcresi":"3 dakika"},"schema":{"@context":"https:\/\/schema.org","@graph":[{"@type":"WebPage","@id":"https:\/\/www.noatumlogistics.com\/tr\/gumruk-hizmetleri\/ihracat-danismanligi\/","url":"https:\/\/www.noatumlogistics.com\/tr\/gumruk-hizmetleri\/ihracat-danismanligi\/","name":"\u0130hracat Dan\u0131\u015fmanl\u0131\u011f\u0131 - Global Ticaret Y\u00f6netimi | Noatum Logistics","isPartOf":{"@id":"https:\/\/www.noatumlogistics.com\/tr\/#website"},"primaryImageOfPage":{"@id":"https:\/\/www.noatumlogistics.com\/tr\/gumruk-hizmetleri\/ihracat-danismanligi\/#primaryimage"},"image":{"@id":"https:\/\/www.noatumlogistics.com\/tr\/gumruk-hizmetleri\/ihracat-danismanligi\/#primaryimage"},"thumbnailUrl":"https:\/\/www.noatumlogistics.com\/tr\/wp-content\/uploads\/sites\/12\/2020\/03\/expertise-02-e1585150149621-279x300.png","datePublished":"2020-09-22T16:12:18+00:00","dateModified":"2021-02-03T12:07:37+00:00","description":"Noatum lojistik, m\u00fc\u015fterilerimizin \u00fclkenizin ihracat formalitelerini kar\u015f\u0131lamaya y\u00f6nelik s\u00fcre\u00e7 ve prosed\u00fcrlerle resmi bir ihracat uyum program\u0131 olu\u015fturmalar\u0131na yard\u0131mc\u0131 olmaya odaklanm\u0131\u015ft\u0131r.","breadcrumb":{"@id":"https:\/\/www.noatumlogistics.com\/tr\/gumruk-hizmetleri\/ihracat-danismanligi\/#breadcrumb"},"inLanguage":"tr","potentialAction":[{"@type":"ReadAction","target":["https:\/\/www.noatumlogistics.com\/tr\/gumruk-hizmetleri\/ihracat-danismanligi\/"]}]},{"@type":"ImageObject","inLanguage":"tr","@id":"https:\/\/www.noatumlogistics.com\/tr\/gumruk-hizmetleri\/ihracat-danismanligi\/#primaryimage","url":"https:\/\/www.noatumlogistics.com\/tr\/wp-content\/uploads\/sites\/12\/2020\/03\/expertise-02-e1585150149621.png","contentUrl":"https:\/\/www.noatumlogistics.com\/tr\/wp-content\/uploads\/sites\/12\/2020\/03\/expertise-02-e1585150149621.png","width":2157,"height":2318},{"@type":"BreadcrumbList","@id":"https:\/\/www.noatumlogistics.com\/tr\/gumruk-hizmetleri\/ihracat-danismanligi\/#breadcrumb","itemListElement":[{"@type":"ListItem","position":1,"name":"Ana sayfa","item":"https:\/\/www.noatumlogistics.com\/tr\/"},{"@type":"ListItem","position":2,"name":"G\u00fcmr\u00fck Hizmetleri","item":"https:\/\/www.noatumlogistics.com\/tr\/gumruk-hizmetleri\/"},{"@type":"ListItem","position":3,"name":"\u0130hracat Dan\u0131\u015fmanl\u0131\u011f\u0131"}]},{"@type":"WebSite","@id":"https:\/\/www.noatumlogistics.com\/tr\/#website","url":"https:\/\/www.noatumlogistics.com\/tr\/","name":"Turkey","description":"Excelen en servicios log\u00edsticos","potentialAction":[{"@type":"SearchAction","target":{"@type":"EntryPoint","urlTemplate":"https:\/\/www.noatumlogistics.com\/tr\/?s={search_term_string}"},"query-input":{"@type":"PropertyValueSpecification","valueRequired":true,"valueName":"search_term_string"}}],"inLanguage":"tr"}]}},"_links":{"self":[{"href":"https:\/\/www.noatumlogistics.com\/tr\/wp-json\/wp\/v2\/pages\/16558","targetHints":{"allow":["GET"]}}],"collection":[{"href":"https:\/\/www.noatumlogistics.com\/tr\/wp-json\/wp\/v2\/pages"}],"about":[{"href":"https:\/\/www.noatumlogistics.com\/tr\/wp-json\/wp\/v2\/types\/page"}],"author":[{"embeddable":true,"href":"https:\/\/www.noatumlogistics.com\/tr\/wp-json\/wp\/v2\/users\/9"}],"replies":[{"embeddable":true,"href":"https:\/\/www.noatumlogistics.com\/tr\/wp-json\/wp\/v2\/comments?post=16558"}],"version-history":[{"count":4,"href":"https:\/\/www.noatumlogistics.com\/tr\/wp-json\/wp\/v2\/pages\/16558\/revisions"}],"predecessor-version":[{"id":17049,"href":"https:\/\/www.noatumlogistics.com\/tr\/wp-json\/wp\/v2\/pages\/16558\/revisions\/17049"}],"up":[{"embeddable":true,"href":"https:\/\/www.noatumlogistics.com\/tr\/wp-json\/wp\/v2\/pages\/15809"}],"wp:attachment":[{"href":"https:\/\/www.noatumlogistics.com\/tr\/wp-json\/wp\/v2\/media?parent=16558"}],"curies":[{"name":"wp","href":"https:\/\/api.w.org\/{rel}","templated":true}]}}