{"id":16025,"date":"2020-09-21T22:15:38","date_gmt":"2020-09-21T21:15:38","guid":{"rendered":"https:\/\/www.noatumlogistics.com\/tr\/yenilenebilir-enerji-lojistigi\/"},"modified":"2021-03-16T11:04:55","modified_gmt":"2021-03-16T10:04:55","slug":"yenilenebilir-enerji-lojistigi","status":"publish","type":"page","link":"https:\/\/www.noatumlogistics.com\/tr\/yenilenebilir-enerji-lojistigi\/","title":{"rendered":"Yenilenebilir Enerji Lojisti\u011fi"},"content":{"rendered":"<div class=\"wpb-content-wrapper\"><p>[vc_row center_row=&#8221;yes&#8221; bg_overlay=&#8221;yes&#8221; typo_style=&#8221;light&#8221; min_height=&#8221;150&#8243; el_class=&#8221;redgradientbgtranss&#8221; css=&#8221;.vc_custom_1586449705458{background-image: url(https:\/\/www.noatumlogistics.com\/tr\/wp-content\/uploads\/sites\/12\/2020\/04\/renewable-energy-logistics-banner-2.jpg?id=13508) !important;background-position: center !important;background-repeat: no-repeat !important;background-size: cover !important;}&#8221;][vc_column]<div class=\"zozo-parallax-header\"><div class=\"parallax-header\"><h1 class=\"parallax-title text-left\" style=\"font-size:34px;\">Yenilenebilir Enerji Lojisti\u011fi<\/h1><div class=\"parallax-desc default-style text-left\"><p>Enerji end\u00fcstrisi hakk\u0131nda detayl\u0131 bilgimiz sayesinde, m\u00fc\u015fterilerimizin her birinin \u00f6zel ihtiya\u00e7lar\u0131na g\u00f6re her projeye en uygun lojistik \u00e7\u00f6z\u00fcmleri sunuyoruz.<\/p>\n<\/div><\/div><\/div>[\/vc_column][\/vc_row][vc_row content_placement=&#8221;middle&#8221; center_row=&#8221;yes&#8221; el_class=&#8221;VinetasRed&#8221; css=&#8221;.vc_custom_1583258489155{background-image: url(https:\/\/www.noatumlogistics.com\/wp-content\/uploads\/2020\/02\/fondo-directorio-2.jpg?id=9849) !important;background-position: center !important;background-repeat: no-repeat !important;background-size: cover !important;}&#8221;][vc_column][vc_row_inner][vc_column_inner width=&#8221;2\/3&#8243; offset=&#8221;vc_col-xs-12&#8243;]<div class=\"zozo-parallax-header\"><div class=\"parallax-header\"><h2 class=\"parallax-title text-left\">Yenilenebilir enerji kargolar\u0131 i\u00e7in verimli ta\u015f\u0131mac\u0131l\u0131k<\/h2><div class=\"parallax-desc default-style text-left\"><p>G\u00fcn\u00fcm\u00fcz\u00fcn enerji sekt\u00f6r\u00fc k\u00fcresel end\u00fcstriyi etkileyen artan teknik ve co\u011frafi zorluklarla birlikte de\u011fi\u015fen ve rekabet\u00e7i bir ortamla kar\u015f\u0131 kar\u015f\u0131yad\u0131r.<\/p>\n<p>Lojisti\u011fin do\u011fru planlanmas\u0131 ve y\u00fcr\u00fct\u00fclmesi proje ba\u015far\u0131s\u0131na yol a\u00e7an \u00f6nemli bir fakt\u00f6r oldu\u011fundan, lojistik end\u00fcstride kritik bir unsur haline gelmi\u015ftir. End\u00fcstriyel bir projeye y\u00f6nelik en ideal lojistik stratejisini tam anlam\u0131yla m\u00fc\u015fteriyle birlikte tasarlar ve sunar\u0131z.<\/p>\n<\/div><\/div><\/div>[\/vc_column_inner][vc_column_inner width=&#8221;1\/3&#8243; offset=&#8221;vc_hidden-xs&#8221;][vc_single_image image=&#8221;13512&#8243; img_size=&#8221;320&#215;320&#8243; alignment=&#8221;right&#8221; style=&#8221;vc_box_shadow_border_circle&#8221;][\/vc_column_inner][\/vc_row_inner][\/vc_column][\/vc_row][vc_row center_row=&#8221;yes&#8221; el_class=&#8221;VinetasRed&#8221;][vc_column]<div class=\"zozo-parallax-header\"><div class=\"parallax-header\"><h2 class=\"parallax-title text-center\">Yenilenebilir enerji end\u00fcstrisi i\u00e7in \u00f6zel hizmetler<\/h2><div class=\"parallax-desc default-style text-center\"><p>Sekt\u00f6rdeki tecr\u00fcbemiz nedeniyle, ye\u015fil enerji end\u00fcstrisi lojisti\u011finde g\u00fc\u00e7l\u00fc bir konumday\u0131z. Bu sekt\u00f6rdeki m\u00fc\u015fterilerimize sundu\u011fumuz lojistik \u00e7\u00f6z\u00fcmlerin ve \u00f6zel bilgilerin fark yaratt\u0131\u011f\u0131na kesinlikle inan\u0131yoruz:<\/p>\n<\/div><\/div><\/div><div id=\"ult-easy-separator-332293041369e7c70f2b10b\" class=\"ult-easy-separator-wrapper ult-responsive ult-bottom-easy-separator  \" style=\"\" data-vc-row=\"wpb_row\"  data-ultimate-target='#ult-easy-separator-332293041369e7c70f2b10b'  data-responsive-json-new='{\"width\":\"\"}' ><div class=\"ult-easy-separator-inner-wrapper\"><div class=\"ult-no-animation\" style=\"opacity:0;\"   ><img decoding=\"async\" class=\"ult-easy-separator-img\" alt=\"null\" src=\"https:\/\/www.noatumlogistics.com\/tr\/wp-content\/uploads\/sites\/12\/2016\/04\/arrowdown-1.png\" \/><a href=\"#why\" ><\/a><\/div><\/div><\/div>[vc_row_inner][vc_column_inner width=&#8221;1\/2&#8243;][vc_column_text]<\/p>\n<ul>\n<li>Anahtar teslim projeler: Anahtar teslimi end\u00fcstriyel projelerin lojisti\u011fini ger\u00e7ekle\u015ftirmede uzman\u0131z. Bu i\u015f kolunu m\u00fckemmelen anlad\u0131\u011f\u0131m\u0131zdan, lojistik zincirinin m\u00fc\u015fterilerimizin ihtiya\u00e7lar\u0131na uygun herhangi bir b\u00f6l\u00fcm\u00fcne uyum sa\u011flayabiliriz.<\/li>\n<li>Deniz ta\u015f\u0131mac\u0131l\u0131\u011f\u0131 ve hava ta\u015f\u0131mac\u0131l\u0131\u011f\u0131: Proje kargo ve par\u00e7a kargo ta\u015f\u0131mac\u0131l\u0131\u011f\u0131na y\u00f6nelik deniz ta\u015f\u0131mac\u0131l\u0131\u011f\u0131 ve hava ta\u015f\u0131mac\u0131l\u0131\u011f\u0131 kiralama pazar\u0131nda lider konumumuz, en rekabet\u00e7i piyasa ko\u015fullar\u0131nda deniz ve hava sevkiyatlar\u0131n\u0131 ger\u00e7ekle\u015ftirmede en iyi seviyeyi elde ederek m\u00fc\u015fterilerimize ve lojistik ortaklar\u0131m\u0131za t\u00fcm deneyimimizi sunmam\u0131za imkan sa\u011flar.<\/li>\n<li>Ula\u015ft\u0131rma m\u00fchendisli\u011fi: Tedarik\u00e7ilerimizin hizmetlerini ve kendi teknik denetimimizi dahil etti\u011fimiz ula\u015ft\u0131rma m\u00fchendisli\u011fi hizmetlerimiz m\u00fc\u015fterilerimiz i\u00e7in elveri\u015fli k\u0131l\u0131nm\u0131\u015ft\u0131r. A\u011f\u0131r ve oversized her t\u00fcrl\u00fc y\u00fck i\u00e7in nakliye ve kald\u0131rma operasyonlar\u0131na y\u00f6nelik d\u00fcnya \u00e7ap\u0131nda \u00e7\u00f6z\u00fcmler sunuyoruz.<\/li>\n<\/ul>\n<p>[\/vc_column_text][\/vc_column_inner][vc_column_inner width=&#8221;1\/2&#8243;][vc_column_text]<\/p>\n<ul>\n<li>Liman terminalleri: Noatum Grubun 60 metreden uzun r\u00fczgar t\u00fcrbinlerinin istiflenmesi gibi karma\u015f\u0131k y\u00fcklerin ta\u015f\u0131nmas\u0131nda uzmanla\u015fm\u0131\u015f ve deneyimli ekiplerle kendi terminalleri bulunmaktad\u0131r. Terminaller b\u00fcy\u00fck par\u00e7alar\u0131 ta\u015f\u0131mak i\u00e7in vin\u00e7lere ve \u00f6zel yard\u0131mc\u0131 malzemeye sahip kapal\u0131 ve a\u00e7\u0131k hava depolamas\u0131n\u0131 kapsamaktad\u0131r.<\/li>\n<li>G\u00fcmr\u00fck. Herhangi bir var\u0131\u015f ve kalk\u0131\u015f noktas\u0131nda y\u00fck\u00fcn g\u00fcmr\u00fck vergilerinin \u00f6denmesi i\u00e7in en uygun y\u00f6ntemleri analiz ediyor ve \u00f6neriyoruz.<\/li>\n<li>Lojistik planlama: Kargoyu herhangi bir var\u0131\u015f noktas\u0131na ta\u015f\u0131mak i\u00e7in do\u011fru konum, y\u00f6ntem \/ ara\u00e7 ve eri\u015fimleri arar\u0131z.<\/li>\n<li>Sat\u0131n alma deste\u011fi: En uygun lojistik senaryolar\u0131n\u0131 tasarlama konusundaki deneyimimiz m\u00fc\u015fterilerimize al\u0131mlar\u0131na en verimli \u015fekilde devam edebilmeleri i\u00e7in sunulmaktad\u0131r.<\/li>\n<\/ul>\n<p>[\/vc_column_text][\/vc_column_inner][\/vc_row_inner][\/vc_column][\/vc_row][vc_row center_row=&#8221;yes&#8221; bg_overlay=&#8221;yes&#8221; bg_overlay_style=&#8221;overlay-primary&#8221; typo_style=&#8221;light&#8221; el_class=&#8221;redgradientbgtrans&#8221; css=&#8221;.vc_custom_1586862194666{background-image: url(https:\/\/www.noatumlogistics.com\/wp-content\/uploads\/2020\/04\/reefer-logistics-scaled.jpg?id=13470) !important;background-position: center !important;background-repeat: no-repeat !important;background-size: cover !important;}&#8221; el_id=&#8221;why&#8221;][vc_column]<div class=\"zozo-parallax-header\"><div class=\"parallax-header\"><h2 class=\"parallax-title text-center\">Neden Noatum Logistics\u2019in Yenilenebilir Enerji End\u00fcstrisine y\u00f6nelik \u00e7\u00f6z\u00fcmlerini se\u00e7meliyim?<\/h2><div class=\"parallax-desc default-style text-center\"><p>Yenilenebilir enerji kargolar\u0131 genellikle a\u015f\u0131r\u0131 b\u00fcy\u00fck ve a\u011f\u0131r par\u00e7alar\u0131n kap\u0131dan kap\u0131ya ta\u015f\u0131nmas\u0131n\u0131 gerektirir. Projenin sevkiyat, depolama ve teslimat\u0131 i\u00e7eren t\u00fcm a\u015famalar\u0131nda etkin bir ta\u015f\u0131ma hizmeti sunuyoruz.<\/p>\n<\/div><\/div><\/div>[vc_row_inner css=&#8221;.vc_custom_1586269816158{margin-top: 40px !important;}&#8221;][vc_column_inner width=&#8221;1\/3&#8243;][vc_column_text el_class=&#8221;text-center boxwhy&#8221;]<\/p>\n<p><img decoding=\"async\" src=\"\/wp-content\/uploads\/sites\/12\/2020\/04\/technology-01.svg\" \/><\/p>\n<h4 class=\"parallax-title text-center\">TEKNOLOJ\u0130<\/h4>\n<p>En geli\u015fmi\u015f yaz\u0131l\u0131mla teknik destek<\/p>\n<p>[\/vc_column_text][\/vc_column_inner][vc_column_inner width=&#8221;1\/3&#8243;][vc_column_text el_class=&#8221;text-center boxwhy&#8221;]<\/p>\n<p><img decoding=\"async\" src=\"\/wp-content\/uploads\/sites\/12\/2020\/03\/TEAM-02-e1585138686890.png\" \/><\/p>\n<h4 class=\"parallax-title text-center\">EK\u0130P<\/h4>\n<p>Y\u00fcksek yetkinlikte profesyonellerden olu\u015fan \u00f6zel bir ekip<\/p>\n<p>[\/vc_column_text][\/vc_column_inner][vc_column_inner width=&#8221;1\/3&#8243;][vc_column_text el_class=&#8221;text-center boxwhy&#8221;]<\/p>\n<p><img decoding=\"async\" src=\"\/wp-content\/uploads\/sites\/12\/2020\/03\/noatum-paises-.svg\" \/><\/p>\n<h4 class=\"parallax-title text-center\">K\u00dcRESEL<\/h4>\n<p>27 \u00fclkede mevcudiyet, m\u00fc\u015fterilerin ihtiya\u00e7lar\u0131na uyarlanabilir yetenek.<\/p>\n<p>[\/vc_column_text][\/vc_column_inner][\/vc_row_inner][\/vc_column][\/vc_row][vc_row center_row=&#8221;yes&#8221; css=&#8221;.vc_custom_1586862051487{background-color: #f7f7f7 !important;}&#8221; el_id=&#8221;contactform&#8221;][vc_column]<div id=\"ult-easy-separator-317690938469e7c70f2b242\" class=\"ult-easy-separator-wrapper ult-responsive ult-top-easy-separator  \" style=\"\" data-vc-row=\"wpb_row\"  data-ultimate-target='#ult-easy-separator-317690938469e7c70f2b242'  data-responsive-json-new='{\"width\":\"\"}' ><div class=\"ult-easy-separator-inner-wrapper\"><div class=\"ult-no-animation\" style=\"opacity:0;\"   ><img decoding=\"async\" class=\"ult-easy-separator-img\" alt=\"null\" src=\"https:\/\/www.noatumlogistics.com\/tr\/wp-content\/uploads\/sites\/12\/2016\/04\/arrowdown-1.png\" \/><a href=\"#contactform\" ><\/a><\/div><\/div><\/div><div class=\"zozo-parallax-header\"><div class=\"parallax-header\"><h2 class=\"parallax-title text-center\" style=\"color:#ae2626;\">Daha fazla bilgi i\u00e7in l\u00fctfen bizimle temasa ge\u00e7in.<\/h2><\/div><\/div>[vc_column_text]\n<div class=\"wpcf7 no-js\" id=\"wpcf7-f16123-o1\" lang=\"tr-TR\" dir=\"ltr\" data-wpcf7-id=\"16123\">\n<div class=\"screen-reader-response\"><p role=\"status\" aria-live=\"polite\" aria-atomic=\"true\"><\/p> <ul><\/ul><\/div>\n<form action=\"\/tr\/wp-json\/wp\/v2\/pages\/16025#wpcf7-f16123-o1\" method=\"post\" class=\"wpcf7-form init\" aria-label=\"\u0130leti\u015fim Formu\" novalidate=\"novalidate\" data-status=\"init\">\n<fieldset class=\"hidden-fields-container\"><input type=\"hidden\" name=\"_wpcf7\" value=\"16123\" \/><input type=\"hidden\" name=\"_wpcf7_version\" value=\"6.1.5\" \/><input type=\"hidden\" name=\"_wpcf7_locale\" value=\"tr_TR\" \/><input type=\"hidden\" name=\"_wpcf7_unit_tag\" value=\"wpcf7-f16123-o1\" \/><input type=\"hidden\" name=\"_wpcf7_container_post\" value=\"0\" \/><input type=\"hidden\" name=\"_wpcf7_posted_data_hash\" value=\"\" \/><input type=\"hidden\" name=\"_wpcf7dtx_version\" value=\"5.0.5\" \/><input type=\"hidden\" name=\"_wpcf7_recaptcha_response\" value=\"\" \/>\n<\/fieldset>\n<div class=\"row\">\n\t<div class=\"col-md-12\">\n\t<div class=\"wpcf7-response-output\" aria-hidden=\"true\"><\/div>\n\t<\/div>\n<\/div>\n<p style=\"font-size: 12px; font-weight:400; \">T\u00fcm alanlar zorunludur.\n<\/p>\n<div class=\"row\">\n\t<div class=\"col-md-6\">\n\t\t<p><span class=\"wpcf7-form-control-wrap\" data-name=\"your-name\"><input size=\"40\" maxlength=\"400\" class=\"wpcf7-form-control wpcf7-text wpcf7-validates-as-required\" aria-required=\"true\" aria-invalid=\"false\" placeholder=\"Ad\u0131 ve Soyad\u0131\" value=\"\" type=\"text\" name=\"your-name\" \/><\/span>\n\t\t<\/p>\n\t\t<p><span class=\"wpcf7-form-control-wrap\" data-name=\"Empresa\"><input size=\"40\" maxlength=\"400\" class=\"wpcf7-form-control wpcf7-text wpcf7-validates-as-required\" aria-required=\"true\" aria-invalid=\"false\" placeholder=\"\u015eirket\" value=\"\" type=\"text\" name=\"Empresa\" \/><\/span>\n\t\t<\/p>\n\t\t<p><span class=\"wpcf7-form-control-wrap\" data-name=\"tel-845\"><input size=\"40\" maxlength=\"400\" class=\"wpcf7-form-control wpcf7-tel wpcf7-validates-as-required wpcf7-text wpcf7-validates-as-tel\" aria-required=\"true\" aria-invalid=\"false\" placeholder=\"Telefon\" value=\"\" type=\"tel\" name=\"tel-845\" \/><\/span>\n\t\t<\/p>\n\t<\/div>\n\t<div class=\"col-md-6\">\n\t\t<p><span class=\"wpcf7-form-control-wrap\" data-name=\"your-email\"><input size=\"40\" maxlength=\"400\" class=\"wpcf7-form-control wpcf7-email wpcf7-validates-as-required wpcf7-text wpcf7-validates-as-email\" aria-required=\"true\" aria-invalid=\"false\" placeholder=\"E-posta\" value=\"\" type=\"email\" name=\"your-email\" \/><\/span>\n\t\t<\/p>\n\t<span class=\"wpcf7-form-control-wrap recipient-email\" data-name=\"recipient-email\"><input type=\"hidden\" name=\"recipient-email\" class=\"wpcf7-form-control wpcf7-hidden wpcf7dtx wpcf7dtx-hidden\" aria-invalid=\"false\" value=\"&#097;&#099;&#105;&#100;&#111;&#110;&#064;&#110;&#111;&#097;&#116;&#117;&#109;&#108;&#111;&#103;&#105;&#115;&#116;&#105;&#099;&#115;&#046;&#099;&#111;&#109;\"><\/span>\n\t\t<p><span class=\"wpcf7-form-control-wrap\" data-name=\"your-message\"><textarea cols=\"40\" rows=\"10\" maxlength=\"2000\" class=\"wpcf7-form-control wpcf7-textarea\" aria-invalid=\"false\" placeholder=\"Sorunuz\" name=\"your-message\"><\/textarea><\/span>\n\t\t<\/p>\n\t<\/div>\n<\/div>\n<div class=\"row\">\n\t<div class=\"col-md-12 legalnotice\">\n\t\t<p style=\"font-weight: 300;font-size: 12px;line-height: 1.5em;margin-top: 10px;\">Avenida de Italia n\u00ba2 (CTC), Coslada, Madrid, \u0130spanya adresinde bulunan Noatum Holdings S.L.U., ki\u015fisel verilerinizi, talebinize yan\u0131t vermek ve Noatum grubu i\u00e7indeki ilgili \u015firkete g\u00f6ndermek i\u00e7in izninizle kullan\u0131r. Verileriniz size yan\u0131t vermek i\u00e7in gerekenden daha uzun s\u00fcre saklanmayacakt\u0131r. \u0130lgili kutuyu i\u015faretleyerek hizmetlerimiz hakk\u0131nda e-posta reklamlar\u0131 almay\u0131 kabul ederseniz, siz aksini belirtinceye kadar verilerinizi saklayaca\u011f\u0131z.\n\t\t<\/p>\n\t\t<p style=\"font-weight: 300;font-size: 12px;line-height: 1.5em; margin-top: 5px;\">Veri Koruma G\u00f6revlisi ile (<a href=\"mailto:dpo@noatum.com\">dpo@noatum.com<\/a>). adresinden ileti\u015fime ge\u00e7ebilirsiniz. Haklar\u0131n\u0131z\u0131n ihlal edildi\u011fini d\u00fc\u015f\u00fcn\u00fcyorsan\u0131z, \u0130spanya Veri Koruma Kurumu'na \u015fikayette bulunabilirsiniz. Diledi\u011finiz zaman (<a href=\"mailto:dpo@noatum.com\">dpo@noatum.com<\/a>) ile ileti\u015fime ge\u00e7erek onay\u0131n\u0131z\u0131 geri \u00e7ekebilir ve eri\u015fim, d\u00fczeltme, silme, itiraz ve k\u0131s\u0131tlama haklar\u0131n\u0131z\u0131 kullanabilirsiniz.\n\t\t<\/p>\n\t<\/div>\n<\/div>\n<div class=\"row\" style=\"margin-top: 10px; margin-bottom: 15px;\">\n\t<div class=\"col-md-12\">\n\t\t<p><span class=\"wpcf7-form-control-wrap\" data-name=\"acceptance-182\"><span class=\"wpcf7-form-control wpcf7-acceptance\"><span class=\"wpcf7-list-item\"><label><input type=\"checkbox\" name=\"acceptance-182\" value=\"1\" aria-invalid=\"false\" \/><span class=\"wpcf7-list-item-label\">E-posta adresime Noatum grup hizmetleri hakk\u0131nda e-posta reklamlar\u0131 almay\u0131 kabul ediyorum.<\/span><\/label><\/span><\/span><\/span>\n\t\t<\/p>\n\t<\/div>\n<\/div>\n<div class=\"row\">\n\t<div class=\"col-md-12\">\n\t\t<p><input class=\"wpcf7-form-control wpcf7-submit has-spinner\" type=\"submit\" value=\"G\u00f6nder\" \/>\n\t\t<\/p>\n\t<\/div>\n<\/div>\n<\/form>\n<\/div>\n[\/vc_column_text][\/vc_column][\/vc_row]<\/p>\n<\/div>","protected":false},"excerpt":{"rendered":"<p>[vc_row center_row=&#8221;yes&#8221; bg_overlay=&#8221;yes&#8221; typo_style=&#8221;light&#8221; min_height=&#8221;150&#8243; el_class=&#8221;redgradientbgtranss&#8221; css=&#8221;.vc_custom_1586449705458{background-image: url(https:\/\/www.noatumlogistics.com\/tr\/wp-content\/uploads\/sites\/12\/2020\/04\/renewable-energy-logistics-banner-2.jpg?id=13508) !important;background-position: center !important;background-repeat: no-repeat !important;background-size: cover !important;}&#8221;][vc_column][\/vc_column][\/vc_row][vc_row content_placement=&#8221;middle&#8221; center_row=&#8221;yes&#8221; el_class=&#8221;VinetasRed&#8221; css=&#8221;.vc_custom_1583258489155{background-image: url(https:\/\/www.noatumlogistics.com\/wp-content\/uploads\/2020\/02\/fondo-directorio-2.jpg?id=9849) !important;background-position: center !important;background-repeat: no-repeat !important;background-size: cover !important;}&#8221;][vc_column][vc_row_inner][vc_column_inner width=&#8221;2\/3&#8243; offset=&#8221;vc_col-xs-12&#8243;][\/vc_column_inner][vc_column_inner width=&#8221;1\/3&#8243;&#8230;<\/p>\n","protected":false},"author":9,"featured_media":16027,"parent":0,"menu_order":0,"comment_status":"closed","ping_status":"closed","template":"template-fullwidth.php","meta":{"footnotes":""},"class_list":["post-16025","page","type-page","status-publish","has-post-thumbnail","hentry"],"yoast_head":"<!-- This site is optimized with the Yoast SEO plugin v27.4 - https:\/\/yoast.com\/product\/yoast-seo-wordpress\/ -->\n<title>Yenilenebilir Enerji Lojisti\u011fi | Noatum Logistics<\/title>\n<meta name=\"description\" content=\"Yenilenebilir enerji sekt\u00f6r\u00fcne ili\u015fkin detayl\u0131 bilgimiz sayesinde her projeye en uygun lojistik \u00e7\u00f6z\u00fcmleri sunuyoruz.\" \/>\n<meta name=\"robots\" content=\"index, follow, max-snippet:-1, max-image-preview:large, max-video-preview:-1\" \/>\n<link rel=\"canonical\" href=\"https:\/\/www.noatumlogistics.com\/tr\/yenilenebilir-enerji-lojistigi\/\" \/>\n<meta property=\"og:locale\" content=\"tr_TR\" \/>\n<meta property=\"og:type\" content=\"article\" \/>\n<meta property=\"og:title\" content=\"Yenilenebilir Enerji Lojisti\u011fi | Noatum Logistics\" \/>\n<meta property=\"og:description\" content=\"Yenilenebilir enerji sekt\u00f6r\u00fcne ili\u015fkin detayl\u0131 bilgimiz sayesinde her projeye en uygun lojistik \u00e7\u00f6z\u00fcmleri sunuyoruz.\" \/>\n<meta property=\"og:url\" content=\"https:\/\/www.noatumlogistics.com\/tr\/yenilenebilir-enerji-lojistigi\/\" \/>\n<meta property=\"og:site_name\" content=\"Turkey\" \/>\n<meta property=\"article:modified_time\" content=\"2021-03-16T10:04:55+00:00\" \/>\n<meta property=\"og:image\" content=\"https:\/\/www.noatumlogistics.com\/tr\/wp-content\/uploads\/sites\/12\/2020\/04\/green-energy-logistics-scaled.jpg\" \/>\n\t<meta property=\"og:image:width\" content=\"2560\" \/>\n\t<meta property=\"og:image:height\" content=\"1696\" \/>\n\t<meta property=\"og:image:type\" content=\"image\/jpeg\" \/>\n<meta name=\"twitter:card\" content=\"summary_large_image\" \/>\n<meta name=\"twitter:label1\" content=\"Tahmini okuma s\u00fcresi\" \/>\n\t<meta name=\"twitter:data1\" content=\"5 dakika\" \/>\n<script type=\"application\/ld+json\" class=\"yoast-schema-graph\">{\"@context\":\"https:\\\/\\\/schema.org\",\"@graph\":[{\"@type\":\"WebPage\",\"@id\":\"https:\\\/\\\/www.noatumlogistics.com\\\/tr\\\/yenilenebilir-enerji-lojistigi\\\/\",\"url\":\"https:\\\/\\\/www.noatumlogistics.com\\\/tr\\\/yenilenebilir-enerji-lojistigi\\\/\",\"name\":\"Yenilenebilir Enerji Lojisti\u011fi | Noatum Logistics\",\"isPartOf\":{\"@id\":\"https:\\\/\\\/www.noatumlogistics.com\\\/tr\\\/#website\"},\"primaryImageOfPage\":{\"@id\":\"https:\\\/\\\/www.noatumlogistics.com\\\/tr\\\/yenilenebilir-enerji-lojistigi\\\/#primaryimage\"},\"image\":{\"@id\":\"https:\\\/\\\/www.noatumlogistics.com\\\/tr\\\/yenilenebilir-enerji-lojistigi\\\/#primaryimage\"},\"thumbnailUrl\":\"https:\\\/\\\/www.noatumlogistics.com\\\/tr\\\/wp-content\\\/uploads\\\/sites\\\/12\\\/2020\\\/04\\\/green-energy-logistics-scaled.jpg\",\"datePublished\":\"2020-09-21T21:15:38+00:00\",\"dateModified\":\"2021-03-16T10:04:55+00:00\",\"description\":\"Yenilenebilir enerji sekt\u00f6r\u00fcne ili\u015fkin detayl\u0131 bilgimiz sayesinde her projeye en uygun lojistik \u00e7\u00f6z\u00fcmleri sunuyoruz.\",\"breadcrumb\":{\"@id\":\"https:\\\/\\\/www.noatumlogistics.com\\\/tr\\\/yenilenebilir-enerji-lojistigi\\\/#breadcrumb\"},\"inLanguage\":\"tr\",\"potentialAction\":[{\"@type\":\"ReadAction\",\"target\":[\"https:\\\/\\\/www.noatumlogistics.com\\\/tr\\\/yenilenebilir-enerji-lojistigi\\\/\"]}]},{\"@type\":\"ImageObject\",\"inLanguage\":\"tr\",\"@id\":\"https:\\\/\\\/www.noatumlogistics.com\\\/tr\\\/yenilenebilir-enerji-lojistigi\\\/#primaryimage\",\"url\":\"https:\\\/\\\/www.noatumlogistics.com\\\/tr\\\/wp-content\\\/uploads\\\/sites\\\/12\\\/2020\\\/04\\\/green-energy-logistics-scaled.jpg\",\"contentUrl\":\"https:\\\/\\\/www.noatumlogistics.com\\\/tr\\\/wp-content\\\/uploads\\\/sites\\\/12\\\/2020\\\/04\\\/green-energy-logistics-scaled.jpg\",\"width\":2560,\"height\":1696,\"caption\":\"Beautiful sunset above the windmills on the field\"},{\"@type\":\"BreadcrumbList\",\"@id\":\"https:\\\/\\\/www.noatumlogistics.com\\\/tr\\\/yenilenebilir-enerji-lojistigi\\\/#breadcrumb\",\"itemListElement\":[{\"@type\":\"ListItem\",\"position\":1,\"name\":\"Ana sayfa\",\"item\":\"https:\\\/\\\/www.noatumlogistics.com\\\/tr\\\/\"},{\"@type\":\"ListItem\",\"position\":2,\"name\":\"Yenilenebilir Enerji Lojisti\u011fi\"}]},{\"@type\":\"WebSite\",\"@id\":\"https:\\\/\\\/www.noatumlogistics.com\\\/tr\\\/#website\",\"url\":\"https:\\\/\\\/www.noatumlogistics.com\\\/tr\\\/\",\"name\":\"Turkey\",\"description\":\"Excelen en servicios log\u00edsticos\",\"potentialAction\":[{\"@type\":\"SearchAction\",\"target\":{\"@type\":\"EntryPoint\",\"urlTemplate\":\"https:\\\/\\\/www.noatumlogistics.com\\\/tr\\\/?s={search_term_string}\"},\"query-input\":{\"@type\":\"PropertyValueSpecification\",\"valueRequired\":true,\"valueName\":\"search_term_string\"}}],\"inLanguage\":\"tr\"}]}<\/script>\n<!-- \/ Yoast SEO plugin. -->","yoast_head_json":{"title":"Yenilenebilir Enerji Lojisti\u011fi | Noatum Logistics","description":"Yenilenebilir enerji sekt\u00f6r\u00fcne ili\u015fkin detayl\u0131 bilgimiz sayesinde her projeye en uygun lojistik \u00e7\u00f6z\u00fcmleri sunuyoruz.","robots":{"index":"index","follow":"follow","max-snippet":"max-snippet:-1","max-image-preview":"max-image-preview:large","max-video-preview":"max-video-preview:-1"},"canonical":"https:\/\/www.noatumlogistics.com\/tr\/yenilenebilir-enerji-lojistigi\/","og_locale":"tr_TR","og_type":"article","og_title":"Yenilenebilir Enerji Lojisti\u011fi | Noatum Logistics","og_description":"Yenilenebilir enerji sekt\u00f6r\u00fcne ili\u015fkin detayl\u0131 bilgimiz sayesinde her projeye en uygun lojistik \u00e7\u00f6z\u00fcmleri sunuyoruz.","og_url":"https:\/\/www.noatumlogistics.com\/tr\/yenilenebilir-enerji-lojistigi\/","og_site_name":"Turkey","article_modified_time":"2021-03-16T10:04:55+00:00","og_image":[{"width":2560,"height":1696,"url":"https:\/\/www.noatumlogistics.com\/tr\/wp-content\/uploads\/sites\/12\/2020\/04\/green-energy-logistics-scaled.jpg","type":"image\/jpeg"}],"twitter_card":"summary_large_image","twitter_misc":{"Tahmini okuma s\u00fcresi":"5 dakika"},"schema":{"@context":"https:\/\/schema.org","@graph":[{"@type":"WebPage","@id":"https:\/\/www.noatumlogistics.com\/tr\/yenilenebilir-enerji-lojistigi\/","url":"https:\/\/www.noatumlogistics.com\/tr\/yenilenebilir-enerji-lojistigi\/","name":"Yenilenebilir Enerji Lojisti\u011fi | Noatum Logistics","isPartOf":{"@id":"https:\/\/www.noatumlogistics.com\/tr\/#website"},"primaryImageOfPage":{"@id":"https:\/\/www.noatumlogistics.com\/tr\/yenilenebilir-enerji-lojistigi\/#primaryimage"},"image":{"@id":"https:\/\/www.noatumlogistics.com\/tr\/yenilenebilir-enerji-lojistigi\/#primaryimage"},"thumbnailUrl":"https:\/\/www.noatumlogistics.com\/tr\/wp-content\/uploads\/sites\/12\/2020\/04\/green-energy-logistics-scaled.jpg","datePublished":"2020-09-21T21:15:38+00:00","dateModified":"2021-03-16T10:04:55+00:00","description":"Yenilenebilir enerji sekt\u00f6r\u00fcne ili\u015fkin detayl\u0131 bilgimiz sayesinde her projeye en uygun lojistik \u00e7\u00f6z\u00fcmleri sunuyoruz.","breadcrumb":{"@id":"https:\/\/www.noatumlogistics.com\/tr\/yenilenebilir-enerji-lojistigi\/#breadcrumb"},"inLanguage":"tr","potentialAction":[{"@type":"ReadAction","target":["https:\/\/www.noatumlogistics.com\/tr\/yenilenebilir-enerji-lojistigi\/"]}]},{"@type":"ImageObject","inLanguage":"tr","@id":"https:\/\/www.noatumlogistics.com\/tr\/yenilenebilir-enerji-lojistigi\/#primaryimage","url":"https:\/\/www.noatumlogistics.com\/tr\/wp-content\/uploads\/sites\/12\/2020\/04\/green-energy-logistics-scaled.jpg","contentUrl":"https:\/\/www.noatumlogistics.com\/tr\/wp-content\/uploads\/sites\/12\/2020\/04\/green-energy-logistics-scaled.jpg","width":2560,"height":1696,"caption":"Beautiful sunset above the windmills on the field"},{"@type":"BreadcrumbList","@id":"https:\/\/www.noatumlogistics.com\/tr\/yenilenebilir-enerji-lojistigi\/#breadcrumb","itemListElement":[{"@type":"ListItem","position":1,"name":"Ana sayfa","item":"https:\/\/www.noatumlogistics.com\/tr\/"},{"@type":"ListItem","position":2,"name":"Yenilenebilir Enerji Lojisti\u011fi"}]},{"@type":"WebSite","@id":"https:\/\/www.noatumlogistics.com\/tr\/#website","url":"https:\/\/www.noatumlogistics.com\/tr\/","name":"Turkey","description":"Excelen en servicios log\u00edsticos","potentialAction":[{"@type":"SearchAction","target":{"@type":"EntryPoint","urlTemplate":"https:\/\/www.noatumlogistics.com\/tr\/?s={search_term_string}"},"query-input":{"@type":"PropertyValueSpecification","valueRequired":true,"valueName":"search_term_string"}}],"inLanguage":"tr"}]}},"_links":{"self":[{"href":"https:\/\/www.noatumlogistics.com\/tr\/wp-json\/wp\/v2\/pages\/16025","targetHints":{"allow":["GET"]}}],"collection":[{"href":"https:\/\/www.noatumlogistics.com\/tr\/wp-json\/wp\/v2\/pages"}],"about":[{"href":"https:\/\/www.noatumlogistics.com\/tr\/wp-json\/wp\/v2\/types\/page"}],"author":[{"embeddable":true,"href":"https:\/\/www.noatumlogistics.com\/tr\/wp-json\/wp\/v2\/users\/9"}],"replies":[{"embeddable":true,"href":"https:\/\/www.noatumlogistics.com\/tr\/wp-json\/wp\/v2\/comments?post=16025"}],"version-history":[{"count":6,"href":"https:\/\/www.noatumlogistics.com\/tr\/wp-json\/wp\/v2\/pages\/16025\/revisions"}],"predecessor-version":[{"id":17028,"href":"https:\/\/www.noatumlogistics.com\/tr\/wp-json\/wp\/v2\/pages\/16025\/revisions\/17028"}],"wp:featuredmedia":[{"embeddable":true,"href":"https:\/\/www.noatumlogistics.com\/tr\/wp-json\/wp\/v2\/media\/16027"}],"wp:attachment":[{"href":"https:\/\/www.noatumlogistics.com\/tr\/wp-json\/wp\/v2\/media?parent=16025"}],"curies":[{"name":"wp","href":"https:\/\/api.w.org\/{rel}","templated":true}]}}