{"id":16013,"date":"2020-09-21T22:01:12","date_gmt":"2020-09-21T21:01:12","guid":{"rendered":"https:\/\/www.noatumlogistics.com\/tr\/reefer-lojistigi\/"},"modified":"2025-08-05T10:02:56","modified_gmt":"2025-08-05T09:02:56","slug":"reefer-cold-chain-solutions","status":"publish","type":"page","link":"https:\/\/www.noatumlogistics.com\/tr\/reefer-cold-chain-solutions\/","title":{"rendered":"Reefer &#038; Cold Chain Solutions"},"content":{"rendered":"<div class=\"wpb-content-wrapper\"><p>[vc_row center_row=&#8221;yes&#8221; bg_overlay=&#8221;yes&#8221; typo_style=&#8221;light&#8221; min_height=&#8221;150&#8243; el_class=&#8221;redgradientbgtranss&#8221; css=&#8221;.vc_custom_1594833426485{background-image: url(https:\/\/www.noatumlogistics.com\/tr\/wp-content\/uploads\/sites\/12\/2020\/07\/carga-reefer-carnica2.jpg?id=15529) !important;background-position: center !important;background-repeat: no-repeat !important;background-size: cover !important;}&#8221;][vc_column]<div class=\"zozo-parallax-header\"><div class=\"parallax-header\"><h1 class=\"parallax-title text-left\" style=\"font-size:34px;\">Reefer &amp; Cold Chain Solutions<\/h1><div class=\"parallax-desc default-style text-left\"><p>Kolay bozulur mal end\u00fcstrisinin hassas yap\u0131s\u0131 nedeniyle, Noatum Logistics \u00fcr\u00fcn ve ihtiya\u00e7lar\u0131n\u0131za uyacak \u00e7e\u015fitli \u00f6zel hizmetler olu\u015fturmu\u015ftur.<\/p>\n<\/div><\/div><\/div>[\/vc_column][\/vc_row][vc_row content_placement=&#8221;middle&#8221; center_row=&#8221;yes&#8221; el_class=&#8221;VinetasRed&#8221; css=&#8221;.vc_custom_1583258489155{background-image: url(https:\/\/www.noatumlogistics.com\/wp-content\/uploads\/2020\/02\/fondo-directorio-2.jpg?id=9849) !important;background-position: center !important;background-repeat: no-repeat !important;background-size: cover !important;}&#8221;][vc_column][vc_row_inner][vc_column_inner width=&#8221;2\/3&#8243; offset=&#8221;vc_col-xs-12&#8243;]<div class=\"zozo-parallax-header\"><div class=\"parallax-header\"><h2 class=\"parallax-title text-left\">Is\u0131 kontroll\u00fc tedarik zincirine y\u00f6nelik \u00e7\u00f6z\u00fcmler<\/h2><div class=\"parallax-desc default-style text-left\"><p>D\u00fcnyan\u0131n \u00f6nde gelen nakliye \u015firketleriyle ortakl\u0131k kurduk ve \u00fcr\u00fcn\u00fcn\u00fcze ekibinizce ve taraf\u0131m\u0131zdan birlikte olu\u015fturulan \u015fartnameler y\u00f6n\u00fcnden dikkat g\u00f6sterildi\u011finden ve izlendi\u011finden emin olmak i\u00e7in el ele \u00e7al\u0131\u015farak global ba\u011flamda hizmet sunmaktan gurur duyuyoruz. Denizcilik sekt\u00f6r\u00fcnde 50 y\u0131l\u0131 a\u015fk\u0131n deneyimi ve kolay bozulan emtia piyasas\u0131nda lider olmas\u0131 dolay\u0131s\u0131yla, i\u015finizin \u00f6zen ve onurla ele al\u0131nmas\u0131 hususunda Noatum Logistics&#8217;e g\u00fcvenebilirsiniz.<\/p>\n<\/div><\/div><\/div>[\/vc_column_inner][vc_column_inner width=&#8221;1\/3&#8243; offset=&#8221;vc_hidden-xs&#8221;][vc_single_image image=&#8221;13468&#8243; img_size=&#8221;320&#215;320&#8243; alignment=&#8221;right&#8221; style=&#8221;vc_box_shadow_border_circle&#8221;][\/vc_column_inner][\/vc_row_inner][\/vc_column][\/vc_row][vc_row center_row=&#8221;yes&#8221; el_class=&#8221;VinetasRed&#8221;][vc_column]<div class=\"zozo-parallax-header\"><div class=\"parallax-header\"><h2 class=\"parallax-title text-center\">Reefer Lojisti\u011fine \u00d6zel Hizmetler<\/h2><div class=\"parallax-desc default-style text-center\"><p>Her zaman en y\u00fcksek kalite ve hizmet standartlar\u0131yla uyum halinde kargolar\u0131n\u0131z\u0131n \u00f6zel korunmas\u0131, ta\u015f\u0131nmas\u0131 ve da\u011f\u0131t\u0131m\u0131 i\u00e7in gerekli ara\u00e7lar\u0131 garanti ediyoruz.<\/p>\n<\/div><\/div><\/div>[vc_row_inner][vc_column_inner width=&#8221;1\/2&#8243;][vc_column_text]<\/p>\n<ul>\n<li>Kontroll\u00fc \u0131s\u0131 i\u00e7eren k\u00fcresel kapsaml\u0131 deniz, kara ve hava kargo hizmetleri.<\/li>\n<li>Reefer konteynerlerde kargo, et, bal\u0131k ve meyve konusunda uzman.<\/li>\n<li>Navlun S\u00f6zle\u015fmesi<\/li>\n<li>Kargo takibi<\/li>\n<li>Cross booking<\/li>\n<li>So\u011fuk zincirini kontrol etmeye y\u00f6nelik tam \u00e7\u00f6z\u00fcmler.<\/li>\n<li>Kolay bozulur mallar\u0131 kontroll\u00fc bir \u0131s\u0131da tutma, depolama ve kontrol etme kapasitesine sahip so\u011futmal\u0131 terminaller.<\/li>\n<li>S\u0131n\u0131rlardaki Denetim Noktalar\u0131ndaki (bitki sa\u011fl\u0131\u011f\u0131, sa\u011fl\u0131k ve veterinerlik) t\u00fcm g\u00fcmr\u00fck hizmetlerinin s\u00fcrd\u00fcr\u00fclmesi de dahil olmak \u00fczere, kolay bozulur g\u0131da \u00fcr\u00fcnlerinin (meyve, sebze, et, bal\u0131k ve i\u00e7ecekler) g\u00f6nderilmesini temsil eden kendi g\u00fcmr\u00fck dairesi.<\/li>\n<\/ul>\n<p>[\/vc_column_text][\/vc_column_inner][vc_column_inner width=&#8221;1\/2&#8243;][vc_column_text]<\/p>\n<ul>\n<li>Prosed\u00fcrleri h\u0131zland\u0131rmak amac\u0131yla var\u0131\u015f \/ kalk\u0131\u015f noktalar\u0131nda acenteler<\/li>\n<li>Mallar\u0131n grupland\u0131r\u0131lmas\u0131<\/li>\n<li>Do\u011frudan so\u011fuk hava deposuna kamyon \/ konteyner transferi.<\/li>\n<li>Da\u011f\u0131t\u0131m merkezleri.<\/li>\n<li>Etiketleme ve s\u0131n\u0131fland\u0131rma.<\/li>\n<li>Donmu\u015f Kargo ve So\u011futulmu\u015f Kargo.<\/li>\n<li>So\u011fuk \u0130\u015flem.<\/li>\n<li>Kontroll\u00fc Atmosfer.<\/li>\n<li>Kuru Buz, Ambalaj ve \u00c7evreci Konteynerler..<\/li>\n<li>Nem giderme ve havaland\u0131rma kontrol\u00fc.<\/li>\n<li>So\u011fuk Depolama.<\/li>\n<\/ul>\n<p>[\/vc_column_text][\/vc_column_inner][\/vc_row_inner][\/vc_column][\/vc_row][vc_row center_row=&#8221;yes&#8221; bg_overlay=&#8221;yes&#8221; bg_overlay_style=&#8221;overlay-primary&#8221; typo_style=&#8221;light&#8221; el_class=&#8221;redgradientbgtrans&#8221; css=&#8221;.vc_custom_1594833439359{background-image: url(https:\/\/www.noatumlogistics.com\/tr\/wp-content\/uploads\/sites\/12\/2020\/07\/carga-reefer-carnica2.jpg?id=15529) !important;background-position: center !important;background-repeat: no-repeat !important;background-size: cover !important;}&#8221; el_id=&#8221;why&#8221;][vc_column]<div class=\"zozo-parallax-header\"><div class=\"parallax-header\"><h2 class=\"parallax-title text-center\">Neden Noatum Logistics\u2019in Reefer ta\u015f\u0131mac\u0131l\u0131\u011f\u0131na y\u00f6nelik \u00e7\u00f6z\u00fcmlerini se\u00e7meliyim?<\/h2><div class=\"parallax-desc default-style text-center\"><p>Noatum Logistics her zaman yenilik, kalite, g\u00fcvenlik ve maliyet tasarrufuna odaklanan, m\u00fc\u015fterilerimizin ihtiya\u00e7lar\u0131na uydurulan kapsaml\u0131 \u00e7\u00f6z\u00fcmler sunmaktad\u0131r.<\/p>\n<\/div><\/div><\/div>[vc_row_inner css=&#8221;.vc_custom_1586269816158{margin-top: 40px !important;}&#8221;][vc_column_inner width=&#8221;1\/3&#8243;][vc_column_text el_class=&#8221;text-center boxwhy&#8221;]<\/p>\n<p><img decoding=\"async\" src=\"\/wp-content\/uploads\/sites\/12\/2020\/04\/expertise.png\" \/><\/p>\n<h4 class=\"parallax-title text-center\">UZMANLIK<\/h4>\n<p>Kolay bozulur emtia end\u00fcstrisinde olu\u015fan lojistik ihtiya\u00e7lar\u0131n\u0131n her birine \u00f6zel olarak cevap vermek i\u00e7in tam kapasiteli multi-disipliner bir deneyim..<\/p>\n<p>[\/vc_column_text][\/vc_column_inner][vc_column_inner width=&#8221;1\/3&#8243;][vc_column_text el_class=&#8221;text-center boxwhy&#8221;]<\/p>\n<p><img decoding=\"async\" src=\"\/wp-content\/uploads\/sites\/12\/2020\/04\/quality-e1586381059892.png\" \/><\/p>\n<h4 class=\"parallax-title text-center\">KAL\u0130TE<\/h4>\n<p>Noatum Logistics t\u00fcm lojistik zincirini tamamlayan \u00e7ok \u00e7e\u015fitli uzman profesyoneli bir araya getirerek en kaliteli hizmeti sunmaktad\u0131r.<\/p>\n<p>[\/vc_column_text][\/vc_column_inner][vc_column_inner width=&#8221;1\/3&#8243;][vc_column_text el_class=&#8221;text-center boxwhy&#8221;]<\/p>\n<p><img decoding=\"async\" src=\"\/wp-content\/uploads\/sites\/12\/2020\/04\/add-value.svg\" \/><\/p>\n<h4 class=\"parallax-title text-center\">VER\u0130ML\u0130L\u0130K<\/h4>\n<p>\u0130\u015fletme maliyetlerini azalt\u0131p ve end\u00fcstride en iyi ara\u00e7lar\u0131n ve \u00e7\u00f6z\u00fcmlerin yan\u0131 s\u0131ra maksimum etkinlik sunabilmekteyiz.<\/p>\n<p>[\/vc_column_text][\/vc_column_inner][\/vc_row_inner][\/vc_column][\/vc_row][vc_row center_row=&#8221;yes&#8221; el_id=&#8221;contactform&#8221; css=&#8221;.vc_custom_1588770654277{background-color: #f7f7f7 !important;}&#8221;][vc_column][vc_single_image image=&#8221;15335&#8243; img_size=&#8221;&#8221; alignment=&#8221;center&#8221; el_class=&#8221;imgsep&#8221;]<div class=\"zozo-parallax-header\"><div class=\"parallax-header\"><h2 class=\"parallax-title text-center\" style=\"color:#ae2626;\">Daha fazla bilgi i\u00e7in l\u00fctfen bizimle temasa ge\u00e7in.<\/h2><\/div><\/div>[vc_column_text]\n<div class=\"wpcf7 no-js\" id=\"wpcf7-f16123-o1\" lang=\"tr-TR\" dir=\"ltr\" data-wpcf7-id=\"16123\">\n<div class=\"screen-reader-response\"><p role=\"status\" aria-live=\"polite\" aria-atomic=\"true\"><\/p> <ul><\/ul><\/div>\n<form action=\"\/tr\/wp-json\/wp\/v2\/pages\/16013#wpcf7-f16123-o1\" method=\"post\" class=\"wpcf7-form init\" aria-label=\"\u0130leti\u015fim Formu\" novalidate=\"novalidate\" data-status=\"init\">\n<fieldset class=\"hidden-fields-container\"><input type=\"hidden\" name=\"_wpcf7\" value=\"16123\" \/><input type=\"hidden\" name=\"_wpcf7_version\" value=\"6.1.5\" \/><input type=\"hidden\" name=\"_wpcf7_locale\" value=\"tr_TR\" \/><input type=\"hidden\" name=\"_wpcf7_unit_tag\" value=\"wpcf7-f16123-o1\" \/><input type=\"hidden\" name=\"_wpcf7_container_post\" value=\"0\" \/><input type=\"hidden\" name=\"_wpcf7_posted_data_hash\" value=\"\" \/><input type=\"hidden\" name=\"_wpcf7dtx_version\" value=\"5.0.5\" \/><input type=\"hidden\" name=\"_wpcf7_recaptcha_response\" value=\"\" \/>\n<\/fieldset>\n<div class=\"row\">\n\t<div class=\"col-md-12\">\n\t<div class=\"wpcf7-response-output\" aria-hidden=\"true\"><\/div>\n\t<\/div>\n<\/div>\n<p style=\"font-size: 12px; font-weight:400; \">T\u00fcm alanlar zorunludur.\n<\/p>\n<div class=\"row\">\n\t<div class=\"col-md-6\">\n\t\t<p><span class=\"wpcf7-form-control-wrap\" data-name=\"your-name\"><input size=\"40\" maxlength=\"400\" class=\"wpcf7-form-control wpcf7-text wpcf7-validates-as-required\" aria-required=\"true\" aria-invalid=\"false\" placeholder=\"Ad\u0131 ve Soyad\u0131\" value=\"\" type=\"text\" name=\"your-name\" \/><\/span>\n\t\t<\/p>\n\t\t<p><span class=\"wpcf7-form-control-wrap\" data-name=\"Empresa\"><input size=\"40\" maxlength=\"400\" class=\"wpcf7-form-control wpcf7-text wpcf7-validates-as-required\" aria-required=\"true\" aria-invalid=\"false\" placeholder=\"\u015eirket\" value=\"\" type=\"text\" name=\"Empresa\" \/><\/span>\n\t\t<\/p>\n\t\t<p><span class=\"wpcf7-form-control-wrap\" data-name=\"tel-845\"><input size=\"40\" maxlength=\"400\" class=\"wpcf7-form-control wpcf7-tel wpcf7-validates-as-required wpcf7-text wpcf7-validates-as-tel\" aria-required=\"true\" aria-invalid=\"false\" placeholder=\"Telefon\" value=\"\" type=\"tel\" name=\"tel-845\" \/><\/span>\n\t\t<\/p>\n\t<\/div>\n\t<div class=\"col-md-6\">\n\t\t<p><span class=\"wpcf7-form-control-wrap\" data-name=\"your-email\"><input size=\"40\" maxlength=\"400\" class=\"wpcf7-form-control wpcf7-email wpcf7-validates-as-required wpcf7-text wpcf7-validates-as-email\" aria-required=\"true\" aria-invalid=\"false\" placeholder=\"E-posta\" value=\"\" type=\"email\" name=\"your-email\" \/><\/span>\n\t\t<\/p>\n\t<span class=\"wpcf7-form-control-wrap recipient-email\" data-name=\"recipient-email\"><input type=\"hidden\" name=\"recipient-email\" class=\"wpcf7-form-control wpcf7-hidden wpcf7dtx wpcf7dtx-hidden\" aria-invalid=\"false\" value=\"&#097;&#099;&#105;&#100;&#111;&#110;&#064;&#110;&#111;&#097;&#116;&#117;&#109;&#108;&#111;&#103;&#105;&#115;&#116;&#105;&#099;&#115;&#046;&#099;&#111;&#109;\"><\/span>\n\t\t<p><span class=\"wpcf7-form-control-wrap\" data-name=\"your-message\"><textarea cols=\"40\" rows=\"10\" maxlength=\"2000\" class=\"wpcf7-form-control wpcf7-textarea\" aria-invalid=\"false\" placeholder=\"Sorunuz\" name=\"your-message\"><\/textarea><\/span>\n\t\t<\/p>\n\t<\/div>\n<\/div>\n<div class=\"row\">\n\t<div class=\"col-md-12 legalnotice\">\n\t\t<p style=\"font-weight: 300;font-size: 12px;line-height: 1.5em;margin-top: 10px;\">Avenida de Italia n\u00ba2 (CTC), Coslada, Madrid, \u0130spanya adresinde bulunan Noatum Holdings S.L.U., ki\u015fisel verilerinizi, talebinize yan\u0131t vermek ve Noatum grubu i\u00e7indeki ilgili \u015firkete g\u00f6ndermek i\u00e7in izninizle kullan\u0131r. Verileriniz size yan\u0131t vermek i\u00e7in gerekenden daha uzun s\u00fcre saklanmayacakt\u0131r. \u0130lgili kutuyu i\u015faretleyerek hizmetlerimiz hakk\u0131nda e-posta reklamlar\u0131 almay\u0131 kabul ederseniz, siz aksini belirtinceye kadar verilerinizi saklayaca\u011f\u0131z.\n\t\t<\/p>\n\t\t<p style=\"font-weight: 300;font-size: 12px;line-height: 1.5em; margin-top: 5px;\">Veri Koruma G\u00f6revlisi ile (<a href=\"mailto:dpo@noatum.com\">dpo@noatum.com<\/a>). adresinden ileti\u015fime ge\u00e7ebilirsiniz. Haklar\u0131n\u0131z\u0131n ihlal edildi\u011fini d\u00fc\u015f\u00fcn\u00fcyorsan\u0131z, \u0130spanya Veri Koruma Kurumu'na \u015fikayette bulunabilirsiniz. Diledi\u011finiz zaman (<a href=\"mailto:dpo@noatum.com\">dpo@noatum.com<\/a>) ile ileti\u015fime ge\u00e7erek onay\u0131n\u0131z\u0131 geri \u00e7ekebilir ve eri\u015fim, d\u00fczeltme, silme, itiraz ve k\u0131s\u0131tlama haklar\u0131n\u0131z\u0131 kullanabilirsiniz.\n\t\t<\/p>\n\t<\/div>\n<\/div>\n<div class=\"row\" style=\"margin-top: 10px; margin-bottom: 15px;\">\n\t<div class=\"col-md-12\">\n\t\t<p><span class=\"wpcf7-form-control-wrap\" data-name=\"acceptance-182\"><span class=\"wpcf7-form-control wpcf7-acceptance\"><span class=\"wpcf7-list-item\"><label><input type=\"checkbox\" name=\"acceptance-182\" value=\"1\" aria-invalid=\"false\" \/><span class=\"wpcf7-list-item-label\">E-posta adresime Noatum grup hizmetleri hakk\u0131nda e-posta reklamlar\u0131 almay\u0131 kabul ediyorum.<\/span><\/label><\/span><\/span><\/span>\n\t\t<\/p>\n\t<\/div>\n<\/div>\n<div class=\"row\">\n\t<div class=\"col-md-12\">\n\t\t<p><input class=\"wpcf7-form-control wpcf7-submit has-spinner\" type=\"submit\" value=\"G\u00f6nder\" \/>\n\t\t<\/p>\n\t<\/div>\n<\/div>\n<\/form>\n<\/div>\n[\/vc_column_text][\/vc_column][\/vc_row]<\/p>\n<\/div>","protected":false},"excerpt":{"rendered":"<p>[vc_row center_row=&#8221;yes&#8221; bg_overlay=&#8221;yes&#8221; typo_style=&#8221;light&#8221; min_height=&#8221;150&#8243; el_class=&#8221;redgradientbgtranss&#8221; css=&#8221;.vc_custom_1594833426485{background-image: url(https:\/\/www.noatumlogistics.com\/tr\/wp-content\/uploads\/sites\/12\/2020\/07\/carga-reefer-carnica2.jpg?id=15529) !important;background-position: center !important;background-repeat: no-repeat !important;background-size: cover !important;}&#8221;][vc_column][\/vc_column][\/vc_row][vc_row content_placement=&#8221;middle&#8221; center_row=&#8221;yes&#8221; el_class=&#8221;VinetasRed&#8221; css=&#8221;.vc_custom_1583258489155{background-image: url(https:\/\/www.noatumlogistics.com\/wp-content\/uploads\/2020\/02\/fondo-directorio-2.jpg?id=9849) !important;background-position: center !important;background-repeat: no-repeat !important;background-size: cover !important;}&#8221;][vc_column][vc_row_inner][vc_column_inner width=&#8221;2\/3&#8243; offset=&#8221;vc_col-xs-12&#8243;][\/vc_column_inner][vc_column_inner width=&#8221;1\/3&#8243;&#8230;<\/p>\n","protected":false},"author":9,"featured_media":16017,"parent":0,"menu_order":0,"comment_status":"closed","ping_status":"closed","template":"template-fullwidth.php","meta":{"footnotes":""},"class_list":["post-16013","page","type-page","status-publish","has-post-thumbnail","hentry"],"yoast_head":"<!-- This site is optimized with the Yoast SEO plugin v27.3 - https:\/\/yoast.com\/product\/yoast-seo-wordpress\/ -->\n<title>Reefer &amp; Cold Chain Solutions | Noatum Logistics<\/title>\n<meta name=\"description\" content=\"S\u0131cakl\u0131k kontroll\u00fc ve en y\u00fcksek kalite standartlar\u0131nda so\u011futmal\u0131 kargo \u00fcr\u00fcnlerinin temini i\u00e7in \u00f6zel hizmetler.\" \/>\n<meta name=\"robots\" content=\"index, follow, max-snippet:-1, max-image-preview:large, max-video-preview:-1\" \/>\n<link rel=\"canonical\" href=\"https:\/\/www.noatumlogistics.com\/tr\/reefer-cold-chain-solutions\/\" \/>\n<meta property=\"og:locale\" content=\"tr_TR\" \/>\n<meta property=\"og:type\" content=\"article\" \/>\n<meta property=\"og:title\" content=\"Reefer &amp; Cold Chain Solutions | Noatum Logistics\" \/>\n<meta property=\"og:description\" content=\"S\u0131cakl\u0131k kontroll\u00fc ve en y\u00fcksek kalite standartlar\u0131nda so\u011futmal\u0131 kargo \u00fcr\u00fcnlerinin temini i\u00e7in \u00f6zel hizmetler.\" \/>\n<meta property=\"og:url\" content=\"https:\/\/www.noatumlogistics.com\/tr\/reefer-cold-chain-solutions\/\" \/>\n<meta property=\"og:site_name\" content=\"Turkey\" \/>\n<meta property=\"article:modified_time\" content=\"2025-08-05T09:02:56+00:00\" \/>\n<meta property=\"og:image\" content=\"https:\/\/www.noatumlogistics.com\/tr\/wp-content\/uploads\/sites\/12\/2020\/07\/carga-reefer-carnica2.jpg\" \/>\n\t<meta property=\"og:image:width\" content=\"1670\" \/>\n\t<meta property=\"og:image:height\" content=\"1113\" \/>\n\t<meta property=\"og:image:type\" content=\"image\/jpeg\" \/>\n<meta name=\"twitter:card\" content=\"summary_large_image\" \/>\n<meta name=\"twitter:label1\" content=\"Tahmini okuma s\u00fcresi\" \/>\n\t<meta name=\"twitter:data1\" content=\"3 dakika\" \/>\n<script type=\"application\/ld+json\" class=\"yoast-schema-graph\">{\"@context\":\"https:\\\/\\\/schema.org\",\"@graph\":[{\"@type\":\"WebPage\",\"@id\":\"https:\\\/\\\/www.noatumlogistics.com\\\/tr\\\/reefer-cold-chain-solutions\\\/\",\"url\":\"https:\\\/\\\/www.noatumlogistics.com\\\/tr\\\/reefer-cold-chain-solutions\\\/\",\"name\":\"Reefer & Cold Chain Solutions | Noatum Logistics\",\"isPartOf\":{\"@id\":\"https:\\\/\\\/www.noatumlogistics.com\\\/tr\\\/#website\"},\"primaryImageOfPage\":{\"@id\":\"https:\\\/\\\/www.noatumlogistics.com\\\/tr\\\/reefer-cold-chain-solutions\\\/#primaryimage\"},\"image\":{\"@id\":\"https:\\\/\\\/www.noatumlogistics.com\\\/tr\\\/reefer-cold-chain-solutions\\\/#primaryimage\"},\"thumbnailUrl\":\"https:\\\/\\\/www.noatumlogistics.com\\\/tr\\\/wp-content\\\/uploads\\\/sites\\\/12\\\/2020\\\/07\\\/carga-reefer-carnica2.jpg\",\"datePublished\":\"2020-09-21T21:01:12+00:00\",\"dateModified\":\"2025-08-05T09:02:56+00:00\",\"description\":\"S\u0131cakl\u0131k kontroll\u00fc ve en y\u00fcksek kalite standartlar\u0131nda so\u011futmal\u0131 kargo \u00fcr\u00fcnlerinin temini i\u00e7in \u00f6zel hizmetler.\",\"breadcrumb\":{\"@id\":\"https:\\\/\\\/www.noatumlogistics.com\\\/tr\\\/reefer-cold-chain-solutions\\\/#breadcrumb\"},\"inLanguage\":\"tr\",\"potentialAction\":[{\"@type\":\"ReadAction\",\"target\":[\"https:\\\/\\\/www.noatumlogistics.com\\\/tr\\\/reefer-cold-chain-solutions\\\/\"]}]},{\"@type\":\"ImageObject\",\"inLanguage\":\"tr\",\"@id\":\"https:\\\/\\\/www.noatumlogistics.com\\\/tr\\\/reefer-cold-chain-solutions\\\/#primaryimage\",\"url\":\"https:\\\/\\\/www.noatumlogistics.com\\\/tr\\\/wp-content\\\/uploads\\\/sites\\\/12\\\/2020\\\/07\\\/carga-reefer-carnica2.jpg\",\"contentUrl\":\"https:\\\/\\\/www.noatumlogistics.com\\\/tr\\\/wp-content\\\/uploads\\\/sites\\\/12\\\/2020\\\/07\\\/carga-reefer-carnica2.jpg\",\"width\":1670,\"height\":1113},{\"@type\":\"BreadcrumbList\",\"@id\":\"https:\\\/\\\/www.noatumlogistics.com\\\/tr\\\/reefer-cold-chain-solutions\\\/#breadcrumb\",\"itemListElement\":[{\"@type\":\"ListItem\",\"position\":1,\"name\":\"Ana sayfa\",\"item\":\"https:\\\/\\\/www.noatumlogistics.com\\\/tr\\\/\"},{\"@type\":\"ListItem\",\"position\":2,\"name\":\"Reefer &#038; Cold Chain Solutions\"}]},{\"@type\":\"WebSite\",\"@id\":\"https:\\\/\\\/www.noatumlogistics.com\\\/tr\\\/#website\",\"url\":\"https:\\\/\\\/www.noatumlogistics.com\\\/tr\\\/\",\"name\":\"Turkey\",\"description\":\"Excelen en servicios log\u00edsticos\",\"potentialAction\":[{\"@type\":\"SearchAction\",\"target\":{\"@type\":\"EntryPoint\",\"urlTemplate\":\"https:\\\/\\\/www.noatumlogistics.com\\\/tr\\\/?s={search_term_string}\"},\"query-input\":{\"@type\":\"PropertyValueSpecification\",\"valueRequired\":true,\"valueName\":\"search_term_string\"}}],\"inLanguage\":\"tr\"}]}<\/script>\n<!-- \/ Yoast SEO plugin. -->","yoast_head_json":{"title":"Reefer & Cold Chain Solutions | Noatum Logistics","description":"S\u0131cakl\u0131k kontroll\u00fc ve en y\u00fcksek kalite standartlar\u0131nda so\u011futmal\u0131 kargo \u00fcr\u00fcnlerinin temini i\u00e7in \u00f6zel hizmetler.","robots":{"index":"index","follow":"follow","max-snippet":"max-snippet:-1","max-image-preview":"max-image-preview:large","max-video-preview":"max-video-preview:-1"},"canonical":"https:\/\/www.noatumlogistics.com\/tr\/reefer-cold-chain-solutions\/","og_locale":"tr_TR","og_type":"article","og_title":"Reefer & Cold Chain Solutions | Noatum Logistics","og_description":"S\u0131cakl\u0131k kontroll\u00fc ve en y\u00fcksek kalite standartlar\u0131nda so\u011futmal\u0131 kargo \u00fcr\u00fcnlerinin temini i\u00e7in \u00f6zel hizmetler.","og_url":"https:\/\/www.noatumlogistics.com\/tr\/reefer-cold-chain-solutions\/","og_site_name":"Turkey","article_modified_time":"2025-08-05T09:02:56+00:00","og_image":[{"width":1670,"height":1113,"url":"https:\/\/www.noatumlogistics.com\/tr\/wp-content\/uploads\/sites\/12\/2020\/07\/carga-reefer-carnica2.jpg","type":"image\/jpeg"}],"twitter_card":"summary_large_image","twitter_misc":{"Tahmini okuma s\u00fcresi":"3 dakika"},"schema":{"@context":"https:\/\/schema.org","@graph":[{"@type":"WebPage","@id":"https:\/\/www.noatumlogistics.com\/tr\/reefer-cold-chain-solutions\/","url":"https:\/\/www.noatumlogistics.com\/tr\/reefer-cold-chain-solutions\/","name":"Reefer & Cold Chain Solutions | Noatum Logistics","isPartOf":{"@id":"https:\/\/www.noatumlogistics.com\/tr\/#website"},"primaryImageOfPage":{"@id":"https:\/\/www.noatumlogistics.com\/tr\/reefer-cold-chain-solutions\/#primaryimage"},"image":{"@id":"https:\/\/www.noatumlogistics.com\/tr\/reefer-cold-chain-solutions\/#primaryimage"},"thumbnailUrl":"https:\/\/www.noatumlogistics.com\/tr\/wp-content\/uploads\/sites\/12\/2020\/07\/carga-reefer-carnica2.jpg","datePublished":"2020-09-21T21:01:12+00:00","dateModified":"2025-08-05T09:02:56+00:00","description":"S\u0131cakl\u0131k kontroll\u00fc ve en y\u00fcksek kalite standartlar\u0131nda so\u011futmal\u0131 kargo \u00fcr\u00fcnlerinin temini i\u00e7in \u00f6zel hizmetler.","breadcrumb":{"@id":"https:\/\/www.noatumlogistics.com\/tr\/reefer-cold-chain-solutions\/#breadcrumb"},"inLanguage":"tr","potentialAction":[{"@type":"ReadAction","target":["https:\/\/www.noatumlogistics.com\/tr\/reefer-cold-chain-solutions\/"]}]},{"@type":"ImageObject","inLanguage":"tr","@id":"https:\/\/www.noatumlogistics.com\/tr\/reefer-cold-chain-solutions\/#primaryimage","url":"https:\/\/www.noatumlogistics.com\/tr\/wp-content\/uploads\/sites\/12\/2020\/07\/carga-reefer-carnica2.jpg","contentUrl":"https:\/\/www.noatumlogistics.com\/tr\/wp-content\/uploads\/sites\/12\/2020\/07\/carga-reefer-carnica2.jpg","width":1670,"height":1113},{"@type":"BreadcrumbList","@id":"https:\/\/www.noatumlogistics.com\/tr\/reefer-cold-chain-solutions\/#breadcrumb","itemListElement":[{"@type":"ListItem","position":1,"name":"Ana sayfa","item":"https:\/\/www.noatumlogistics.com\/tr\/"},{"@type":"ListItem","position":2,"name":"Reefer &#038; Cold Chain Solutions"}]},{"@type":"WebSite","@id":"https:\/\/www.noatumlogistics.com\/tr\/#website","url":"https:\/\/www.noatumlogistics.com\/tr\/","name":"Turkey","description":"Excelen en servicios log\u00edsticos","potentialAction":[{"@type":"SearchAction","target":{"@type":"EntryPoint","urlTemplate":"https:\/\/www.noatumlogistics.com\/tr\/?s={search_term_string}"},"query-input":{"@type":"PropertyValueSpecification","valueRequired":true,"valueName":"search_term_string"}}],"inLanguage":"tr"}]}},"_links":{"self":[{"href":"https:\/\/www.noatumlogistics.com\/tr\/wp-json\/wp\/v2\/pages\/16013","targetHints":{"allow":["GET"]}}],"collection":[{"href":"https:\/\/www.noatumlogistics.com\/tr\/wp-json\/wp\/v2\/pages"}],"about":[{"href":"https:\/\/www.noatumlogistics.com\/tr\/wp-json\/wp\/v2\/types\/page"}],"author":[{"embeddable":true,"href":"https:\/\/www.noatumlogistics.com\/tr\/wp-json\/wp\/v2\/users\/9"}],"replies":[{"embeddable":true,"href":"https:\/\/www.noatumlogistics.com\/tr\/wp-json\/wp\/v2\/comments?post=16013"}],"version-history":[{"count":9,"href":"https:\/\/www.noatumlogistics.com\/tr\/wp-json\/wp\/v2\/pages\/16013\/revisions"}],"predecessor-version":[{"id":21489,"href":"https:\/\/www.noatumlogistics.com\/tr\/wp-json\/wp\/v2\/pages\/16013\/revisions\/21489"}],"wp:featuredmedia":[{"embeddable":true,"href":"https:\/\/www.noatumlogistics.com\/tr\/wp-json\/wp\/v2\/media\/16017"}],"wp:attachment":[{"href":"https:\/\/www.noatumlogistics.com\/tr\/wp-json\/wp\/v2\/media?parent=16013"}],"curies":[{"name":"wp","href":"https:\/\/api.w.org\/{rel}","templated":true}]}}