{"id":16008,"date":"2020-09-21T21:56:38","date_gmt":"2020-09-21T20:56:38","guid":{"rendered":"https:\/\/www.noatumlogistics.com\/tr\/demiryolu-projeleri-lojistigi\/"},"modified":"2021-03-16T11:03:22","modified_gmt":"2021-03-16T10:03:22","slug":"demiryolu-projeleri-lojistigi","status":"publish","type":"page","link":"https:\/\/www.noatumlogistics.com\/tr\/demiryolu-projeleri-lojistigi\/","title":{"rendered":"Demiryolu Projeleri Lojisti\u011fi"},"content":{"rendered":"<div class=\"wpb-content-wrapper\"><p>[vc_row center_row=&#8221;yes&#8221; bg_overlay=&#8221;yes&#8221; typo_style=&#8221;light&#8221; min_height=&#8221;150&#8243; el_class=&#8221;redgradientbgtranss&#8221; css=&#8221;.vc_custom_1586850048507{background-image: url(https:\/\/www.noatumlogistics.com\/tr\/wp-content\/uploads\/sites\/12\/2020\/04\/rail-projects-logistics-banner.jpg?id=13521) !important;background-position: center !important;background-repeat: no-repeat !important;background-size: cover !important;}&#8221;][vc_column]<div class=\"zozo-parallax-header\"><div class=\"parallax-header\"><h1 class=\"parallax-title text-left\" style=\"font-size:34px;\">Demiryolu Projeleri Lojisti\u011fi<\/h1><div class=\"parallax-desc default-style text-left\"><p>Demiryolu ekipman\u0131 imalat\u00e7\u0131lar\u0131na ki\u015fiye \u00f6zel \u00e7\u00f6z\u00fcmler ve bu sekt\u00f6rde ortaya \u00e7\u0131kan lojistik ihtiya\u00e7lar\u0131n\u0131n her birini \u00f6zel olarak kar\u015f\u0131layacak tam kapasiteyle en iyi \u00e7\u00f6z\u00fcm\u00fc sunuyoruz.<\/p>\n<\/div><\/div><\/div>[vc_btn title=&#8221;Web sitesini ziyaret edin&#8221; i_icon_fontawesome=&#8221;fas fa-external-link-alt&#8221; add_icon=&#8221;true&#8221; link=&#8221;url:https%3A%2F%2Fwww.noatum.com%2Fen%2Frail-project-logistics%2F|target:%20_blank|&#8221;][\/vc_column][\/vc_row][vc_row content_placement=&#8221;middle&#8221; center_row=&#8221;yes&#8221; el_class=&#8221;VinetasRed&#8221; css=&#8221;.vc_custom_1583258489155{background-image: url(https:\/\/www.noatumlogistics.com\/wp-content\/uploads\/2020\/02\/fondo-directorio-2.jpg?id=9849) !important;background-position: center !important;background-repeat: no-repeat !important;background-size: cover !important;}&#8221;][vc_column][vc_row_inner][vc_column_inner width=&#8221;2\/3&#8243; offset=&#8221;vc_col-xs-12&#8243;]<div class=\"zozo-parallax-header\"><div class=\"parallax-header\"><h2 class=\"parallax-title text-left\">Verimlilik ve uzmanl\u0131kla ba\u015fa \u00e7\u0131kabilece\u011fimiz bir zorluk<\/h2><div class=\"parallax-desc default-style text-left\"><p>Noatum Logistics\u2019\u0131n karma\u015f\u0131k demiryolu proje lojisti\u011finde uzun ve kan\u0131tlanm\u0131\u015f bir ge\u00e7mi\u015f performans\u0131 bulunmaktad\u0131r. Vagon, lokomotif ve di\u011fer oversized kargo ta\u015f\u0131mac\u0131l\u0131\u011f\u0131 \u00f6zel ekibimizin anlad\u0131\u011f\u0131 bir zorluktur.<\/p>\n<p>Her t\u00fcrl\u00fc a\u011f\u0131r ve b\u00fcy\u00fck boyutlu y\u00fcklerin sevkiyat\u0131 ve teslimat\u0131n\u0131 y\u00f6netmek i\u00e7in gerekli beceri, bilgi ve kaynaklara sahibiz ve bu karma\u015f\u0131k projelere y\u00f6nelik eksiksiz lojistik \u00e7\u00f6z\u00fcmleri sa\u011flayabiliriz.<\/p>\n<\/div><\/div><\/div>[\/vc_column_inner][vc_column_inner width=&#8221;1\/3&#8243; offset=&#8221;vc_hidden-xs&#8221;][vc_single_image image=&#8221;13519&#8243; img_size=&#8221;320&#215;320&#8243; alignment=&#8221;right&#8221; style=&#8221;vc_box_shadow_border_circle&#8221;][\/vc_column_inner][\/vc_row_inner][\/vc_column][\/vc_row][vc_row center_row=&#8221;yes&#8221; el_class=&#8221;VinetasRed&#8221;][vc_column]<div class=\"zozo-parallax-header\"><div class=\"parallax-header\"><h2 class=\"parallax-title text-center\">Demiryolu Proje Lojisti\u011fine \u00d6zel \u00c7\u00f6z\u00fcmler<\/h2><div class=\"parallax-desc default-style text-center\"><p>Demiryolu Projeleri end\u00fcstrisinde en y\u00fcksek kalite ve kontrol sertifikalar\u0131yla kapsaml\u0131 kan\u0131tlanm\u0131\u015f ve tan\u0131nm\u0131\u015f deneyime sahip olan Noatum Logistics, bu end\u00fcstrinin talep etti\u011fi t\u00fcm ihtiya\u00e7lar\u0131 kar\u015f\u0131layan \u00e7ok \u00e7e\u015fitli hizmetler sunmaktad\u0131r:<\/p>\n<\/div><\/div><\/div>[vc_row_inner][vc_column_inner width=&#8221;1\/2&#8243;][vc_column_text]<\/p>\n<ul>\n<li>Ula\u015f\u0131m ve planlama kararlar\u0131nda yer almak i\u00e7in m\u00fchendislik ekipleriyle toplant\u0131lara kat\u0131lma.<\/li>\n<li>Her a\u015famada uluslararas\u0131 y\u00f6netmeliklere uygunlu\u011fu sa\u011flamak i\u00e7in y\u00fcklerin ve operasyonlar\u0131n denetimi.<\/li>\n<\/ul>\n<p>[\/vc_column_text][\/vc_column_inner][vc_column_inner width=&#8221;1\/2&#8243;][vc_column_text]<\/p>\n<ul>\n<li>A\u011f\u0131r ve b\u00fcy\u00fck boyutlu e\u015fyalar ile karma\u015f\u0131k veya tehlikeli g\u00f6nderilerin nakliyesinin \u00f6zel olarak izlenmesi.<\/li>\n<li>Var\u0131\u015f noktas\u0131na kadar teslimat\u0131n denetlenmesi.<\/li>\n<li>Kaza durumunda kargo muayenesi i\u00e7in ba\u015fvuru ve taahh\u00fct.<\/li>\n<li>Y\u00fckleme-bo\u015faltma ve istif-bo\u015faltma i\u015flemleri i\u00e7in limanda destek, y\u00fckleme planlar\u0131n\u0131n denetlenmesi.<\/li>\n<li>Gemi m\u00fcrettebat\u0131, armat\u00f6r, y\u00fckleme ekipleri ve nakliyeciler aras\u0131nda i\u015fbirli\u011finin sa\u011flanmas\u0131.<\/li>\n<\/ul>\n<p>[\/vc_column_text][\/vc_column_inner][\/vc_row_inner][\/vc_column][\/vc_row][vc_row center_row=&#8221;yes&#8221; bg_overlay=&#8221;yes&#8221; bg_overlay_style=&#8221;overlay-primary&#8221; typo_style=&#8221;light&#8221; el_class=&#8221;redgradientbgtrans&#8221; css=&#8221;.vc_custom_1586850125387{background-image: url(https:\/\/www.noatumlogistics.com\/wp-content\/uploads\/2020\/04\/oil-gas-solutions-detail.jpg?id=13159) !important;background-position: center !important;background-repeat: no-repeat !important;background-size: cover !important;}&#8221; el_id=&#8221;why&#8221;][vc_column]<div class=\"zozo-parallax-header\"><div class=\"parallax-header\"><h2 class=\"parallax-title text-center\">Neden Noatum Logistics\u2019in Demiryolu Projelerine Y\u00f6nelik \u00c7\u00f6z\u00fcmlerini Se\u00e7meliyim?<\/h2><div class=\"parallax-desc default-style text-center\"><p>5 k\u0131tada metro vagonu, tren, lokomotif ve tramvaylar aras\u0131nda 2.000&#8217;den fazla ara\u00e7 ta\u015f\u0131d\u0131k.<\/p>\n<\/div><\/div><\/div>[vc_row_inner css=&#8221;.vc_custom_1586269816158{margin-top: 40px !important;}&#8221;][vc_column_inner width=&#8221;1\/3&#8243;][vc_column_text el_class=&#8221;text-center boxwhy&#8221;]<\/p>\n<p><img decoding=\"async\" style=\"margin: 10px auto\" src=\"\/wp-content\/uploads\/sites\/12\/2020\/03\/TEAM-02-e1585138686890.png\" width=\"84\" \/><\/p>\n<h4 class=\"parallax-title text-center\" style=\"font-size: 22px\">EK\u0130P<\/h4>\n<p>Demiryolu Projeleri Lojisti\u011fi alan\u0131nda geni\u015f deneyime sahip uzman ve \u00f6zel Demiryolu Projeleri ekibi.<\/p>\n<p>[\/vc_column_text][\/vc_column_inner][vc_column_inner width=&#8221;1\/3&#8243;][vc_column_text el_class=&#8221;text-center boxwhy&#8221;]<\/p>\n<p><img decoding=\"async\" src=\"\/wp-content\/uploads\/sites\/12\/2020\/04\/customer-satisfaction-01.svg\" width=\"65px\" \/><\/p>\n<h4 class=\"parallax-title text-center\" style=\"font-size: 22px\">M\u00dc\u015eTER\u0130 MEMNUN\u0130YET\u0130<\/h4>\n<p>M\u00fc\u015fteri memnuniyeti g\u00f6revlerimizi dikkatlice planlay\u0131p ger\u00e7ekle\u015ftirerek, y\u00fcksek standartlarda profesyonellik ve \u015feffafl\u0131\u011f\u0131 koruyarak kazan\u0131l\u0131r.<\/p>\n<p>[\/vc_column_text][\/vc_column_inner][vc_column_inner width=&#8221;1\/3&#8243;][vc_column_text el_class=&#8221;text-center boxwhy&#8221;]<\/p>\n<p><img decoding=\"async\" style=\"margin: 19px auto\" src=\"\/wp-content\/uploads\/sites\/12\/2020\/04\/professionalism.svg\" width=\"81px\" \/><\/p>\n<h4 class=\"parallax-title text-center\" style=\"font-size: 22px\">PROFESYONELL\u0130K<\/h4>\n<p>M\u00fc\u015fterilerimizin ihtiya\u00e7lar\u0131n\u0131 kendi ba\u015f\u0131m\u0131za kar\u015f\u0131lamak i\u00e7in azami titizlikle \u00e7al\u0131\u015f\u0131yoruz.<\/p>\n<p>[\/vc_column_text][\/vc_column_inner][\/vc_row_inner][\/vc_column][\/vc_row][vc_row center_row=&#8221;yes&#8221; css=&#8221;.vc_custom_1586850114910{background-color: #f7f7f7 !important;}&#8221; el_id=&#8221;contactform&#8221;][vc_column][vc_single_image image=&#8221;15335&#8243; img_size=&#8221;&#8221; alignment=&#8221;center&#8221; el_class=&#8221;imgsep&#8221;]<div class=\"zozo-parallax-header\"><div class=\"parallax-header\"><h2 class=\"parallax-title text-center\" style=\"color:#ae2626;\">Daha fazla bilgi i\u00e7in l\u00fctfen bizimle temasa ge\u00e7in.<\/h2><\/div><\/div>[vc_column_text]\n<div class=\"wpcf7 no-js\" id=\"wpcf7-f16123-o1\" lang=\"tr-TR\" dir=\"ltr\" data-wpcf7-id=\"16123\">\n<div class=\"screen-reader-response\"><p role=\"status\" aria-live=\"polite\" aria-atomic=\"true\"><\/p> <ul><\/ul><\/div>\n<form action=\"\/tr\/wp-json\/wp\/v2\/pages\/16008#wpcf7-f16123-o1\" method=\"post\" class=\"wpcf7-form init\" aria-label=\"\u0130leti\u015fim Formu\" novalidate=\"novalidate\" data-status=\"init\">\n<fieldset class=\"hidden-fields-container\"><input type=\"hidden\" name=\"_wpcf7\" value=\"16123\" \/><input type=\"hidden\" name=\"_wpcf7_version\" value=\"6.1.5\" \/><input type=\"hidden\" name=\"_wpcf7_locale\" value=\"tr_TR\" \/><input type=\"hidden\" name=\"_wpcf7_unit_tag\" value=\"wpcf7-f16123-o1\" \/><input type=\"hidden\" name=\"_wpcf7_container_post\" value=\"0\" \/><input type=\"hidden\" name=\"_wpcf7_posted_data_hash\" value=\"\" \/><input type=\"hidden\" name=\"_wpcf7dtx_version\" value=\"5.0.5\" \/><input type=\"hidden\" name=\"_wpcf7_recaptcha_response\" value=\"\" \/>\n<\/fieldset>\n<div class=\"row\">\n\t<div class=\"col-md-12\">\n\t<div class=\"wpcf7-response-output\" aria-hidden=\"true\"><\/div>\n\t<\/div>\n<\/div>\n<p style=\"font-size: 12px; font-weight:400; \">T\u00fcm alanlar zorunludur.\n<\/p>\n<div class=\"row\">\n\t<div class=\"col-md-6\">\n\t\t<p><span class=\"wpcf7-form-control-wrap\" data-name=\"your-name\"><input size=\"40\" maxlength=\"400\" class=\"wpcf7-form-control wpcf7-text wpcf7-validates-as-required\" aria-required=\"true\" aria-invalid=\"false\" placeholder=\"Ad\u0131 ve Soyad\u0131\" value=\"\" type=\"text\" name=\"your-name\" \/><\/span>\n\t\t<\/p>\n\t\t<p><span class=\"wpcf7-form-control-wrap\" data-name=\"Empresa\"><input size=\"40\" maxlength=\"400\" class=\"wpcf7-form-control wpcf7-text wpcf7-validates-as-required\" aria-required=\"true\" aria-invalid=\"false\" placeholder=\"\u015eirket\" value=\"\" type=\"text\" name=\"Empresa\" \/><\/span>\n\t\t<\/p>\n\t\t<p><span class=\"wpcf7-form-control-wrap\" data-name=\"tel-845\"><input size=\"40\" maxlength=\"400\" class=\"wpcf7-form-control wpcf7-tel wpcf7-validates-as-required wpcf7-text wpcf7-validates-as-tel\" aria-required=\"true\" aria-invalid=\"false\" placeholder=\"Telefon\" value=\"\" type=\"tel\" name=\"tel-845\" \/><\/span>\n\t\t<\/p>\n\t<\/div>\n\t<div class=\"col-md-6\">\n\t\t<p><span class=\"wpcf7-form-control-wrap\" data-name=\"your-email\"><input size=\"40\" maxlength=\"400\" class=\"wpcf7-form-control wpcf7-email wpcf7-validates-as-required wpcf7-text wpcf7-validates-as-email\" aria-required=\"true\" aria-invalid=\"false\" placeholder=\"E-posta\" value=\"\" type=\"email\" name=\"your-email\" \/><\/span>\n\t\t<\/p>\n\t<span class=\"wpcf7-form-control-wrap recipient-email\" data-name=\"recipient-email\"><input type=\"hidden\" name=\"recipient-email\" class=\"wpcf7-form-control wpcf7-hidden wpcf7dtx wpcf7dtx-hidden\" aria-invalid=\"false\" value=\"&#106;&#108;&#103;&#097;&#108;&#122;&#111;&#114;&#114;&#105;&#122;&#064;&#110;&#111;&#097;&#116;&#117;&#109;&#108;&#111;&#103;&#105;&#115;&#116;&#105;&#099;&#115;&#046;&#099;&#111;&#109;\"><\/span>\n\t\t<p><span class=\"wpcf7-form-control-wrap\" data-name=\"your-message\"><textarea cols=\"40\" rows=\"10\" maxlength=\"2000\" class=\"wpcf7-form-control wpcf7-textarea\" aria-invalid=\"false\" placeholder=\"Sorunuz\" name=\"your-message\"><\/textarea><\/span>\n\t\t<\/p>\n\t<\/div>\n<\/div>\n<div class=\"row\">\n\t<div class=\"col-md-12 legalnotice\">\n\t\t<p style=\"font-weight: 300;font-size: 12px;line-height: 1.5em;margin-top: 10px;\">Avenida de Italia n\u00ba2 (CTC), Coslada, Madrid, \u0130spanya adresinde bulunan Noatum Holdings S.L.U., ki\u015fisel verilerinizi, talebinize yan\u0131t vermek ve Noatum grubu i\u00e7indeki ilgili \u015firkete g\u00f6ndermek i\u00e7in izninizle kullan\u0131r. Verileriniz size yan\u0131t vermek i\u00e7in gerekenden daha uzun s\u00fcre saklanmayacakt\u0131r. \u0130lgili kutuyu i\u015faretleyerek hizmetlerimiz hakk\u0131nda e-posta reklamlar\u0131 almay\u0131 kabul ederseniz, siz aksini belirtinceye kadar verilerinizi saklayaca\u011f\u0131z.\n\t\t<\/p>\n\t\t<p style=\"font-weight: 300;font-size: 12px;line-height: 1.5em; margin-top: 5px;\">Veri Koruma G\u00f6revlisi ile (<a href=\"mailto:dpo@noatum.com\">dpo@noatum.com<\/a>). adresinden ileti\u015fime ge\u00e7ebilirsiniz. Haklar\u0131n\u0131z\u0131n ihlal edildi\u011fini d\u00fc\u015f\u00fcn\u00fcyorsan\u0131z, \u0130spanya Veri Koruma Kurumu'na \u015fikayette bulunabilirsiniz. Diledi\u011finiz zaman (<a href=\"mailto:dpo@noatum.com\">dpo@noatum.com<\/a>) ile ileti\u015fime ge\u00e7erek onay\u0131n\u0131z\u0131 geri \u00e7ekebilir ve eri\u015fim, d\u00fczeltme, silme, itiraz ve k\u0131s\u0131tlama haklar\u0131n\u0131z\u0131 kullanabilirsiniz.\n\t\t<\/p>\n\t<\/div>\n<\/div>\n<div class=\"row\" style=\"margin-top: 10px; margin-bottom: 15px;\">\n\t<div class=\"col-md-12\">\n\t\t<p><span class=\"wpcf7-form-control-wrap\" data-name=\"acceptance-182\"><span class=\"wpcf7-form-control wpcf7-acceptance\"><span class=\"wpcf7-list-item\"><label><input type=\"checkbox\" name=\"acceptance-182\" value=\"1\" aria-invalid=\"false\" \/><span class=\"wpcf7-list-item-label\">E-posta adresime Noatum grup hizmetleri hakk\u0131nda e-posta reklamlar\u0131 almay\u0131 kabul ediyorum.<\/span><\/label><\/span><\/span><\/span>\n\t\t<\/p>\n\t<\/div>\n<\/div>\n<div class=\"row\">\n\t<div class=\"col-md-12\">\n\t\t<p><input class=\"wpcf7-form-control wpcf7-submit has-spinner\" type=\"submit\" value=\"G\u00f6nder\" \/>\n\t\t<\/p>\n\t<\/div>\n<\/div>\n<\/form>\n<\/div>\n[\/vc_column_text][\/vc_column][\/vc_row]<\/p>\n<\/div>","protected":false},"excerpt":{"rendered":"<p>[vc_row center_row=&#8221;yes&#8221; bg_overlay=&#8221;yes&#8221; typo_style=&#8221;light&#8221; min_height=&#8221;150&#8243; el_class=&#8221;redgradientbgtranss&#8221; css=&#8221;.vc_custom_1586850048507{background-image: url(https:\/\/www.noatumlogistics.com\/tr\/wp-content\/uploads\/sites\/12\/2020\/04\/rail-projects-logistics-banner.jpg?id=13521) !important;background-position: center !important;background-repeat: no-repeat !important;background-size: cover !important;}&#8221;][vc_column][vc_btn title=&#8221;Web sitesini ziyaret edin&#8221; i_icon_fontawesome=&#8221;fas fa-external-link-alt&#8221; add_icon=&#8221;true&#8221; link=&#8221;url:https%3A%2F%2Fwww.noatum.com%2Fen%2Frail-project-logistics%2F|target:%20_blank|&#8221;][\/vc_column][\/vc_row][vc_row content_placement=&#8221;middle&#8221; center_row=&#8221;yes&#8221; el_class=&#8221;VinetasRed&#8221; css=&#8221;.vc_custom_1583258489155{background-image: url(https:\/\/www.noatumlogistics.com\/wp-content\/uploads\/2020\/02\/fondo-directorio-2.jpg?id=9849) !important;background-position: center&#8230;<\/p>\n","protected":false},"author":9,"featured_media":16010,"parent":0,"menu_order":0,"comment_status":"closed","ping_status":"closed","template":"template-fullwidth.php","meta":{"footnotes":""},"class_list":["post-16008","page","type-page","status-publish","has-post-thumbnail","hentry"],"yoast_head":"<!-- This site is optimized with the Yoast SEO plugin v27.4 - https:\/\/yoast.com\/product\/yoast-seo-wordpress\/ -->\n<title>Rayl\u0131 Projeler Lojistik \u00e7\u00f6z\u00fcmleri | Noatum Logistics<\/title>\n<meta name=\"description\" content=\"Uluslararas\u0131 d\u00fczeyde demiryolu projelerinin nakliye ve kargo y\u00f6netiminde kan\u0131tlanm\u0131\u015f deneyim. Kendi m\u00fchendislik ekiplerimiz arac\u0131l\u0131\u011f\u0131yla tavsiyeler.\" \/>\n<meta name=\"robots\" content=\"index, follow, max-snippet:-1, max-image-preview:large, max-video-preview:-1\" \/>\n<link rel=\"canonical\" href=\"https:\/\/www.noatumlogistics.com\/tr\/demiryolu-projeleri-lojistigi\/\" \/>\n<meta property=\"og:locale\" content=\"tr_TR\" \/>\n<meta property=\"og:type\" content=\"article\" \/>\n<meta property=\"og:title\" content=\"Rayl\u0131 Projeler Lojistik \u00e7\u00f6z\u00fcmleri | Noatum Logistics\" \/>\n<meta property=\"og:description\" content=\"Uluslararas\u0131 d\u00fczeyde demiryolu projelerinin nakliye ve kargo y\u00f6netiminde kan\u0131tlanm\u0131\u015f deneyim. Kendi m\u00fchendislik ekiplerimiz arac\u0131l\u0131\u011f\u0131yla tavsiyeler.\" \/>\n<meta property=\"og:url\" content=\"https:\/\/www.noatumlogistics.com\/tr\/demiryolu-projeleri-lojistigi\/\" \/>\n<meta property=\"og:site_name\" content=\"Turkey\" \/>\n<meta property=\"article:modified_time\" content=\"2021-03-16T10:03:22+00:00\" \/>\n<meta property=\"og:image\" content=\"https:\/\/www.noatumlogistics.com\/tr\/wp-content\/uploads\/sites\/12\/2020\/04\/rail-projects-logistics-banner.jpg\" \/>\n\t<meta property=\"og:image:width\" content=\"2000\" \/>\n\t<meta property=\"og:image:height\" content=\"400\" \/>\n\t<meta property=\"og:image:type\" content=\"image\/jpeg\" \/>\n<meta name=\"twitter:card\" content=\"summary_large_image\" \/>\n<meta name=\"twitter:label1\" content=\"Tahmini okuma s\u00fcresi\" \/>\n\t<meta name=\"twitter:data1\" content=\"4 dakika\" \/>\n<script type=\"application\/ld+json\" class=\"yoast-schema-graph\">{\"@context\":\"https:\\\/\\\/schema.org\",\"@graph\":[{\"@type\":\"WebPage\",\"@id\":\"https:\\\/\\\/www.noatumlogistics.com\\\/tr\\\/demiryolu-projeleri-lojistigi\\\/\",\"url\":\"https:\\\/\\\/www.noatumlogistics.com\\\/tr\\\/demiryolu-projeleri-lojistigi\\\/\",\"name\":\"Rayl\u0131 Projeler Lojistik \u00e7\u00f6z\u00fcmleri | Noatum Logistics\",\"isPartOf\":{\"@id\":\"https:\\\/\\\/www.noatumlogistics.com\\\/tr\\\/#website\"},\"primaryImageOfPage\":{\"@id\":\"https:\\\/\\\/www.noatumlogistics.com\\\/tr\\\/demiryolu-projeleri-lojistigi\\\/#primaryimage\"},\"image\":{\"@id\":\"https:\\\/\\\/www.noatumlogistics.com\\\/tr\\\/demiryolu-projeleri-lojistigi\\\/#primaryimage\"},\"thumbnailUrl\":\"https:\\\/\\\/www.noatumlogistics.com\\\/tr\\\/wp-content\\\/uploads\\\/sites\\\/12\\\/2020\\\/04\\\/rail-projects-logistics-banner.jpg\",\"datePublished\":\"2020-09-21T20:56:38+00:00\",\"dateModified\":\"2021-03-16T10:03:22+00:00\",\"description\":\"Uluslararas\u0131 d\u00fczeyde demiryolu projelerinin nakliye ve kargo y\u00f6netiminde kan\u0131tlanm\u0131\u015f deneyim. Kendi m\u00fchendislik ekiplerimiz arac\u0131l\u0131\u011f\u0131yla tavsiyeler.\",\"breadcrumb\":{\"@id\":\"https:\\\/\\\/www.noatumlogistics.com\\\/tr\\\/demiryolu-projeleri-lojistigi\\\/#breadcrumb\"},\"inLanguage\":\"tr\",\"potentialAction\":[{\"@type\":\"ReadAction\",\"target\":[\"https:\\\/\\\/www.noatumlogistics.com\\\/tr\\\/demiryolu-projeleri-lojistigi\\\/\"]}]},{\"@type\":\"ImageObject\",\"inLanguage\":\"tr\",\"@id\":\"https:\\\/\\\/www.noatumlogistics.com\\\/tr\\\/demiryolu-projeleri-lojistigi\\\/#primaryimage\",\"url\":\"https:\\\/\\\/www.noatumlogistics.com\\\/tr\\\/wp-content\\\/uploads\\\/sites\\\/12\\\/2020\\\/04\\\/rail-projects-logistics-banner.jpg\",\"contentUrl\":\"https:\\\/\\\/www.noatumlogistics.com\\\/tr\\\/wp-content\\\/uploads\\\/sites\\\/12\\\/2020\\\/04\\\/rail-projects-logistics-banner.jpg\",\"width\":2000,\"height\":400},{\"@type\":\"BreadcrumbList\",\"@id\":\"https:\\\/\\\/www.noatumlogistics.com\\\/tr\\\/demiryolu-projeleri-lojistigi\\\/#breadcrumb\",\"itemListElement\":[{\"@type\":\"ListItem\",\"position\":1,\"name\":\"Ana sayfa\",\"item\":\"https:\\\/\\\/www.noatumlogistics.com\\\/tr\\\/\"},{\"@type\":\"ListItem\",\"position\":2,\"name\":\"Demiryolu Projeleri Lojisti\u011fi\"}]},{\"@type\":\"WebSite\",\"@id\":\"https:\\\/\\\/www.noatumlogistics.com\\\/tr\\\/#website\",\"url\":\"https:\\\/\\\/www.noatumlogistics.com\\\/tr\\\/\",\"name\":\"Turkey\",\"description\":\"Excelen en servicios log\u00edsticos\",\"potentialAction\":[{\"@type\":\"SearchAction\",\"target\":{\"@type\":\"EntryPoint\",\"urlTemplate\":\"https:\\\/\\\/www.noatumlogistics.com\\\/tr\\\/?s={search_term_string}\"},\"query-input\":{\"@type\":\"PropertyValueSpecification\",\"valueRequired\":true,\"valueName\":\"search_term_string\"}}],\"inLanguage\":\"tr\"}]}<\/script>\n<!-- \/ Yoast SEO plugin. -->","yoast_head_json":{"title":"Rayl\u0131 Projeler Lojistik \u00e7\u00f6z\u00fcmleri | Noatum Logistics","description":"Uluslararas\u0131 d\u00fczeyde demiryolu projelerinin nakliye ve kargo y\u00f6netiminde kan\u0131tlanm\u0131\u015f deneyim. Kendi m\u00fchendislik ekiplerimiz arac\u0131l\u0131\u011f\u0131yla tavsiyeler.","robots":{"index":"index","follow":"follow","max-snippet":"max-snippet:-1","max-image-preview":"max-image-preview:large","max-video-preview":"max-video-preview:-1"},"canonical":"https:\/\/www.noatumlogistics.com\/tr\/demiryolu-projeleri-lojistigi\/","og_locale":"tr_TR","og_type":"article","og_title":"Rayl\u0131 Projeler Lojistik \u00e7\u00f6z\u00fcmleri | Noatum Logistics","og_description":"Uluslararas\u0131 d\u00fczeyde demiryolu projelerinin nakliye ve kargo y\u00f6netiminde kan\u0131tlanm\u0131\u015f deneyim. Kendi m\u00fchendislik ekiplerimiz arac\u0131l\u0131\u011f\u0131yla tavsiyeler.","og_url":"https:\/\/www.noatumlogistics.com\/tr\/demiryolu-projeleri-lojistigi\/","og_site_name":"Turkey","article_modified_time":"2021-03-16T10:03:22+00:00","og_image":[{"width":2000,"height":400,"url":"https:\/\/www.noatumlogistics.com\/tr\/wp-content\/uploads\/sites\/12\/2020\/04\/rail-projects-logistics-banner.jpg","type":"image\/jpeg"}],"twitter_card":"summary_large_image","twitter_misc":{"Tahmini okuma s\u00fcresi":"4 dakika"},"schema":{"@context":"https:\/\/schema.org","@graph":[{"@type":"WebPage","@id":"https:\/\/www.noatumlogistics.com\/tr\/demiryolu-projeleri-lojistigi\/","url":"https:\/\/www.noatumlogistics.com\/tr\/demiryolu-projeleri-lojistigi\/","name":"Rayl\u0131 Projeler Lojistik \u00e7\u00f6z\u00fcmleri | Noatum Logistics","isPartOf":{"@id":"https:\/\/www.noatumlogistics.com\/tr\/#website"},"primaryImageOfPage":{"@id":"https:\/\/www.noatumlogistics.com\/tr\/demiryolu-projeleri-lojistigi\/#primaryimage"},"image":{"@id":"https:\/\/www.noatumlogistics.com\/tr\/demiryolu-projeleri-lojistigi\/#primaryimage"},"thumbnailUrl":"https:\/\/www.noatumlogistics.com\/tr\/wp-content\/uploads\/sites\/12\/2020\/04\/rail-projects-logistics-banner.jpg","datePublished":"2020-09-21T20:56:38+00:00","dateModified":"2021-03-16T10:03:22+00:00","description":"Uluslararas\u0131 d\u00fczeyde demiryolu projelerinin nakliye ve kargo y\u00f6netiminde kan\u0131tlanm\u0131\u015f deneyim. Kendi m\u00fchendislik ekiplerimiz arac\u0131l\u0131\u011f\u0131yla tavsiyeler.","breadcrumb":{"@id":"https:\/\/www.noatumlogistics.com\/tr\/demiryolu-projeleri-lojistigi\/#breadcrumb"},"inLanguage":"tr","potentialAction":[{"@type":"ReadAction","target":["https:\/\/www.noatumlogistics.com\/tr\/demiryolu-projeleri-lojistigi\/"]}]},{"@type":"ImageObject","inLanguage":"tr","@id":"https:\/\/www.noatumlogistics.com\/tr\/demiryolu-projeleri-lojistigi\/#primaryimage","url":"https:\/\/www.noatumlogistics.com\/tr\/wp-content\/uploads\/sites\/12\/2020\/04\/rail-projects-logistics-banner.jpg","contentUrl":"https:\/\/www.noatumlogistics.com\/tr\/wp-content\/uploads\/sites\/12\/2020\/04\/rail-projects-logistics-banner.jpg","width":2000,"height":400},{"@type":"BreadcrumbList","@id":"https:\/\/www.noatumlogistics.com\/tr\/demiryolu-projeleri-lojistigi\/#breadcrumb","itemListElement":[{"@type":"ListItem","position":1,"name":"Ana sayfa","item":"https:\/\/www.noatumlogistics.com\/tr\/"},{"@type":"ListItem","position":2,"name":"Demiryolu Projeleri Lojisti\u011fi"}]},{"@type":"WebSite","@id":"https:\/\/www.noatumlogistics.com\/tr\/#website","url":"https:\/\/www.noatumlogistics.com\/tr\/","name":"Turkey","description":"Excelen en servicios log\u00edsticos","potentialAction":[{"@type":"SearchAction","target":{"@type":"EntryPoint","urlTemplate":"https:\/\/www.noatumlogistics.com\/tr\/?s={search_term_string}"},"query-input":{"@type":"PropertyValueSpecification","valueRequired":true,"valueName":"search_term_string"}}],"inLanguage":"tr"}]}},"_links":{"self":[{"href":"https:\/\/www.noatumlogistics.com\/tr\/wp-json\/wp\/v2\/pages\/16008","targetHints":{"allow":["GET"]}}],"collection":[{"href":"https:\/\/www.noatumlogistics.com\/tr\/wp-json\/wp\/v2\/pages"}],"about":[{"href":"https:\/\/www.noatumlogistics.com\/tr\/wp-json\/wp\/v2\/types\/page"}],"author":[{"embeddable":true,"href":"https:\/\/www.noatumlogistics.com\/tr\/wp-json\/wp\/v2\/users\/9"}],"replies":[{"embeddable":true,"href":"https:\/\/www.noatumlogistics.com\/tr\/wp-json\/wp\/v2\/comments?post=16008"}],"version-history":[{"count":11,"href":"https:\/\/www.noatumlogistics.com\/tr\/wp-json\/wp\/v2\/pages\/16008\/revisions"}],"predecessor-version":[{"id":17033,"href":"https:\/\/www.noatumlogistics.com\/tr\/wp-json\/wp\/v2\/pages\/16008\/revisions\/17033"}],"wp:featuredmedia":[{"embeddable":true,"href":"https:\/\/www.noatumlogistics.com\/tr\/wp-json\/wp\/v2\/media\/16010"}],"wp:attachment":[{"href":"https:\/\/www.noatumlogistics.com\/tr\/wp-json\/wp\/v2\/media?parent=16008"}],"curies":[{"name":"wp","href":"https:\/\/api.w.org\/{rel}","templated":true}]}}