{"id":15974,"date":"2020-09-21T21:24:25","date_gmt":"2020-09-21T20:24:25","guid":{"rendered":"https:\/\/www.noatumlogistics.com\/tr\/furniture-logistics-solutions\/"},"modified":"2021-03-16T11:05:13","modified_gmt":"2021-03-16T10:05:13","slug":"mobilya-lojistigi-cozumleri","status":"publish","type":"page","link":"https:\/\/www.noatumlogistics.com\/tr\/mobilya-lojistigi-cozumleri\/","title":{"rendered":"Mobilya Lojisti\u011fi \u00c7\u00f6z\u00fcmleri"},"content":{"rendered":"<div class=\"wpb-content-wrapper\"><p>[vc_row center_row=&#8221;yes&#8221; bg_overlay=&#8221;yes&#8221; typo_style=&#8221;light&#8221; min_height=&#8221;150&#8243; el_class=&#8221;redgradientbgtranss&#8221; css=&#8221;.vc_custom_1586379134750{background-image: url(https:\/\/www.noatumlogistics.com\/tr\/wp-content\/uploads\/sites\/12\/2020\/04\/furniture-industry-logistics-banner.jpg?id=13311) !important;background-position: center !important;background-repeat: no-repeat !important;background-size: cover !important;}&#8221;][vc_column]<div class=\"zozo-parallax-header\"><div class=\"parallax-header\"><h1 class=\"parallax-title text-left\" style=\"font-size:34px;\">Mobilya Lojisti\u011fi \u00c7\u00f6z\u00fcmleri<\/h1><div class=\"parallax-desc default-style text-left\"><p>D\u00fcnyan\u0131n d\u00f6rt bir yan\u0131ndaki Noatum Logistics ofisleri mobilya \u00fcr\u00fcnlerinin kalk\u0131\u015f noktalar\u0131ndan hedeflerine tam da beklendi\u011fi gibi zaman\u0131nda ve eksiksiz olarak varmas\u0131n\u0131 sa\u011flar.<\/p>\n<\/div><\/div><\/div>[\/vc_column][\/vc_row][vc_row content_placement=&#8221;middle&#8221; center_row=&#8221;yes&#8221; el_class=&#8221;VinetasRed&#8221; css=&#8221;.vc_custom_1583258489155{background-image: url(https:\/\/www.noatumlogistics.com\/wp-content\/uploads\/2020\/02\/fondo-directorio-2.jpg?id=9849) !important;background-position: center !important;background-repeat: no-repeat !important;background-size: cover !important;}&#8221;][vc_column][vc_row_inner][vc_column_inner width=&#8221;2\/3&#8243; offset=&#8221;vc_col-xs-12&#8243;]<div class=\"zozo-parallax-header\"><div class=\"parallax-header\"><h2 class=\"parallax-title text-left\">D\u00fcnya \u00e7ap\u0131nda en son Mobilya Lojistik \u00c7\u00f6z\u00fcmleri<\/h2><div class=\"parallax-desc default-style text-left\"><p>Hi\u00e7bir mobilya imalat\u00e7\u0131, ithalat\u00e7\u0131 veya perakendecisi birbirine benzemez, ancak \u00e7o\u011funun payla\u015ft\u0131\u011f\u0131 ortak bir \u015fey mevcuttur: lojistik zorluklar. End\u00fcstri genelinde ula\u015ft\u0131rma g\u00fc\u00e7l\u00fckleri ortaya \u00e7\u0131k\u0131yor. \u00dcretim gecikmeleri ve sorunlar\u0131 en verimli \u015firketlerin teslimat programlar\u0131n\u0131 engellemektedir. Global eri\u015fim imkanlar\u0131 her b\u00fcy\u00fckl\u00fckteki mobilya i\u015fletmesi i\u00e7in yetersiz kalmaktad\u0131r. Noatum Logistics bu t\u00fcr zorluklar\u0131 rutin olarak ele al\u0131r. \u00d6zellikle mobilya end\u00fcstrisine hizmet veren 30 y\u0131ll\u0131k birle\u015fik deneyimin \u015firkete olumlu sonu\u00e7larla \u00fcn kazand\u0131rd\u0131\u011f\u0131 mobilya piyasas\u0131nda. Asya, Kuzey Amerika, Avrupa ve Latin Amerika&#8217;da bir dizi lojistik hizmet sunmaktay\u0131z ve \u00c7in, Hindistan ve t\u00fcm G\u00fcney Do\u011fu Asya&#8217;da \u00fclke i\u00e7i uzmanl\u0131k ve men\u015fe hizmetlere y\u00f6nelik lider bir ortak haline geldik. K\u00fcresel b\u00fcy\u00fck \u00f6l\u00e7ekli okyanus tedarik ekonomilerimizle birle\u015fmi\u015f bulunan mobilya end\u00fcstrisindeki deneyimimiz, her b\u00fcy\u00fckl\u00fckteki \u015firkete; s\u0131n\u0131rl\u0131 lojistik kaynaklara sahip aile i\u015fletmeleri de dahil olmak \u00fczere, mobilya g\u00f6nderilerini uluslararas\u0131 ve yurti\u00e7i d\u00fczeyde y\u00f6netme ve takip etme yetene\u011fini de i\u00e7eren do\u011fru \u00e7\u00f6z\u00fcmler sunmam\u0131za imkan tan\u0131r.<\/p>\n<\/div><\/div><\/div>[\/vc_column_inner][vc_column_inner width=&#8221;1\/3&#8243; offset=&#8221;vc_hidden-xs&#8221;][vc_single_image image=&#8221;13307&#8243; img_size=&#8221;320&#215;320&#8243; alignment=&#8221;right&#8221; style=&#8221;vc_box_shadow_border_circle&#8221;][\/vc_column_inner][\/vc_row_inner][\/vc_column][\/vc_row][vc_row center_row=&#8221;yes&#8221; el_class=&#8221;VinetasRed&#8221;][vc_column]<div class=\"zozo-parallax-header\"><div class=\"parallax-header\"><h2 class=\"parallax-title text-center\">Mobilya \u00fcreticileri, \u0130thalat\u00e7\u0131 ve Perakendecilere y\u00f6nelik Y\u00fcksek Kaliteli Lojistik Hizmetleri<\/h2><div class=\"parallax-desc default-style text-center\"><p>Mobilyalar\u0131n nerede yap\u0131ld\u0131\u011f\u0131, tedarik edildi\u011fi veya sat\u0131ld\u0131\u011f\u0131 fark etmeksizin Noatum Logistics u\u00e7tan uca tedarik zinciri g\u00f6r\u00fcn\u00fcrl\u00fc\u011f\u00fcnden Tam Zaman\u0131nda (JIT) envanterine, k\u00fcresel maliyet analizinden e-ticaret ihtiya\u00e7lar\u0131n\u0131 desteklemeye kadar ihtiyac\u0131n\u0131z olan hizmetlerle birlikte yan\u0131n\u0131zda.<\/p>\n<\/div><\/div><\/div>[vc_row_inner][vc_column_inner width=&#8221;1\/5&#8243;][vc_column_text]<\/p>\n<p><strong>Kalk\u0131\u015f ve Var\u0131\u015f Noktas\u0131 Hizmetleri<\/strong><\/p>\n<ul>\n<li>Bir araya Getirme ve Paketleme<\/li>\n<li>Katma De\u011ferli Depoculuk<\/li>\n<\/ul>\n<p>[\/vc_column_text][\/vc_column_inner][vc_column_inner width=&#8221;1\/5&#8243;][vc_column_text]<\/p>\n<p><strong>Sipari\u015f ve \u00dcretici Y\u00f6netimi<\/strong><\/p>\n<ul>\n<li>Sipari\u015f tarihleriyle e\u015f zamanl\u0131 hareket etme<\/li>\n<li>Sipari\u015f numaralar\u0131yla rezervasyon an\u0131ndan teslimat boyunca izleme<\/li>\n<li>\u00dcreticilerin \u00fcretim tarihlerini izleme<\/li>\n<\/ul>\n<p>[\/vc_column_text][\/vc_column_inner][vc_column_inner width=&#8221;1\/5&#8243;][vc_column_text]<\/p>\n<p><strong>Yurti\u00e7i ta\u015f\u0131mac\u0131l\u0131\u011f\u0131 hizmetleri<\/strong><\/p>\n<ul>\n<li>Aktarma: Sevkiyatlar\u0131n bir ta\u015f\u0131ma modundan di\u011ferine aktar\u0131lmas\u0131<\/li>\n<li>Tam kamyon y\u00fcklemesi<\/li>\n<li>Kargo hasar y\u00f6netimi<\/li>\n<\/ul>\n<p>[\/vc_column_text][\/vc_column_inner][vc_column_inner width=&#8221;1\/5&#8243;][vc_column_text]<\/p>\n<p><strong>Global Freight Forwarding ve Ticaret Uyumlulu\u011fu<\/strong><\/p>\n<ul>\n<li>Gemi \u0130\u015fletmeyen Ta\u015f\u0131y\u0131c\u0131 (NVOCC)<\/li>\n<li>Full Konteyner Y\u00fcklemesi (FCL) ve Parsiyel Konteyner Y\u00fcklemesi (LCL)<\/li>\n<li>H\u0131zl\u0131 ihtiya\u00e7lara y\u00f6nelik Hava Kargo Ta\u015f\u0131mac\u0131l\u0131\u011f\u0131<\/li>\n<li>Rezervasyon ve zamanlama y\u00f6netimi<\/li>\n<li>G\u00fcmr\u00fck komisyonculu\u011fu<\/li>\n<li>Global Ticaret Y\u00f6netimi<\/li>\n<\/ul>\n<p>[\/vc_column_text][\/vc_column_inner][vc_column_inner width=&#8221;1\/5&#8243;][vc_column_text]<\/p>\n<p><strong>En Geli\u015fmi\u015f Teknoloji Ara\u00e7lar\u0131<\/strong><\/p>\n<ul>\n<li>Sistem entegrasyonu ve Elektronik Veri Aktar\u0131m\u0131 (EDI) ba\u011flant\u0131s\u0131<\/li>\n<li>EDI faturalamas\u0131<\/li>\n<li>Raporlama<\/li>\n<li>\u00c7evrimi\u00e7i izleme ve izleme ara\u00e7lar\u0131<\/li>\n<li>Toplam son teslim alma maliyetleri y\u00f6netimi<\/li>\n<\/ul>\n<p>[\/vc_column_text][\/vc_column_inner][\/vc_row_inner][\/vc_column][\/vc_row][vc_row center_row=&#8221;yes&#8221; bg_overlay=&#8221;yes&#8221; bg_overlay_style=&#8221;overlay-primary&#8221; typo_style=&#8221;light&#8221; el_class=&#8221;redgradientbgtrans&#8221; css=&#8221;.vc_custom_1586857552684{background-image: url(https:\/\/www.noatumlogistics.com\/wp-content\/uploads\/2020\/04\/furniture-industry-logistics-scaled.jpg?id=13309) !important;background-position: center !important;background-repeat: no-repeat !important;background-size: cover !important;}&#8221; el_id=&#8221;why&#8221;][vc_column]<div class=\"zozo-parallax-header\"><div class=\"parallax-header\"><h2 class=\"parallax-title text-center\">Neden Noatum Logistics\u2019in Mobilya Piyasas\u0131na y\u00f6nelik \u00e7\u00f6z\u00fcmlerini se\u00e7meliyim?<\/h2><div class=\"parallax-desc default-style text-center\"><p>Ba\u015far\u0131m\u0131z verimlili\u011fi art\u0131ran, maliyetleri d\u00fc\u015f\u00fcren ve kat\u0131 teslimat ve da\u011f\u0131t\u0131m programlar\u0131nda ya\u015fanan sorunlar\u0131 s\u0131n\u0131rlayan, itibarl\u0131, emin ve g\u00fcvenilir tedarik zinciri \u00e7\u00f6z\u00fcmlerinden kaynaklanmaktad\u0131r.<\/p>\n<\/div><\/div><\/div>[vc_row_inner css=&#8221;.vc_custom_1586269816158{margin-top: 40px !important;}&#8221;][vc_column_inner width=&#8221;1\/3&#8243;][vc_column_text el_class=&#8221;text-center boxwhy&#8221;]<\/p>\n<p><img decoding=\"async\" src=\"\/wp-content\/uploads\/sites\/12\/2020\/04\/reliable.png\" \/><\/p>\n<h4 class=\"parallax-title text-center\">G\u00dcVEN\u0130L\u0130R<\/h4>\n<p>Mobilya operasyonunuzun boyutu ya da lojistik ihtiya\u00e7lar\u0131n\u0131n kapsam\u0131 ne olursa olsun, Noatum Logistics ihtiyac\u0131n\u0131z olan sonu\u00e7lar\u0131 sunmak i\u00e7in hizmetlerini ki\u015fiselle\u015ftirebilir.<\/p>\n<p>[\/vc_column_text][\/vc_column_inner][vc_column_inner width=&#8221;1\/3&#8243;][vc_column_text el_class=&#8221;text-center boxwhy&#8221;]<\/p>\n<p><img decoding=\"async\" src=\"\/wp-content\/uploads\/sites\/12\/2020\/04\/especializaci\u00f3n-02-e1586379735422.png\" \/><\/p>\n<h4 class=\"parallax-title text-center\">DENEY\u0130ML\u0130<\/h4>\n<p>Sekt\u00f6rde kapsaml\u0131, kan\u0131tlanm\u0131\u015f ve tan\u0131nm\u0131\u015f deneyime sahip olmas\u0131 nedeniyle en y\u00fcksek kalite ve kontrol standartlar\u0131n\u0131 takip eden Noatum Logistics, bu end\u00fcstrinin talep etti\u011fi t\u00fcm ihtiya\u00e7lar\u0131 kar\u015f\u0131layan \u00e7ok \u00e7e\u015fitli hizmetler sunmaktad\u0131r.<\/p>\n<p>[\/vc_column_text][\/vc_column_inner][vc_column_inner width=&#8221;1\/3&#8243;][vc_column_text el_class=&#8221;text-center boxwhy&#8221;]<\/p>\n<p><img decoding=\"async\" src=\"\/wp-content\/uploads\/sites\/12\/2020\/03\/TEAM-02-e1585138686890.png\" \/><\/p>\n<h4 class=\"parallax-title text-center\">EK\u0130B\u0130M\u0130Z<\/h4>\n<p>Hizmetimiz, deneyiminizin kusursuz olmas\u0131n\u0131 sa\u011flamak i\u00e7in d\u00fcnya \u00e7ap\u0131nda 7\/24 \u00e7al\u0131\u015fan Noatum Logistics ekibimiz taraf\u0131ndan desteklenmektedir.<\/p>\n<p>[\/vc_column_text][\/vc_column_inner][\/vc_row_inner][\/vc_column][\/vc_row][vc_row center_row=&#8221;yes&#8221; el_id=&#8221;contactform&#8221;][vc_column][vc_single_image image=&#8221;15335&#8243; img_size=&#8221;&#8221; alignment=&#8221;center&#8221; el_class=&#8221;imgsep&#8221;]<div class=\"zozo-parallax-header\"><div class=\"parallax-header\"><h2 class=\"parallax-title text-center\" style=\"color:#ae2626;\">Daha fazla bilgi i\u00e7in l\u00fctfen bizimle temasa ge\u00e7in.<\/h2><\/div><\/div>[vc_column_text]\n<div class=\"wpcf7 no-js\" id=\"wpcf7-f16123-o1\" lang=\"tr-TR\" dir=\"ltr\" data-wpcf7-id=\"16123\">\n<div class=\"screen-reader-response\"><p role=\"status\" aria-live=\"polite\" aria-atomic=\"true\"><\/p> <ul><\/ul><\/div>\n<form action=\"\/tr\/wp-json\/wp\/v2\/pages\/15974#wpcf7-f16123-o1\" method=\"post\" class=\"wpcf7-form init\" aria-label=\"\u0130leti\u015fim Formu\" novalidate=\"novalidate\" data-status=\"init\">\n<fieldset class=\"hidden-fields-container\"><input type=\"hidden\" name=\"_wpcf7\" value=\"16123\" \/><input type=\"hidden\" name=\"_wpcf7_version\" value=\"6.1.5\" \/><input type=\"hidden\" name=\"_wpcf7_locale\" value=\"tr_TR\" \/><input type=\"hidden\" name=\"_wpcf7_unit_tag\" value=\"wpcf7-f16123-o1\" \/><input type=\"hidden\" name=\"_wpcf7_container_post\" value=\"0\" \/><input type=\"hidden\" name=\"_wpcf7_posted_data_hash\" value=\"\" \/><input type=\"hidden\" name=\"_wpcf7dtx_version\" value=\"5.0.5\" \/><input type=\"hidden\" name=\"_wpcf7_recaptcha_response\" value=\"\" \/>\n<\/fieldset>\n<div class=\"row\">\n\t<div class=\"col-md-12\">\n\t<div class=\"wpcf7-response-output\" aria-hidden=\"true\"><\/div>\n\t<\/div>\n<\/div>\n<p style=\"font-size: 12px; font-weight:400; \">T\u00fcm alanlar zorunludur.\n<\/p>\n<div class=\"row\">\n\t<div class=\"col-md-6\">\n\t\t<p><span class=\"wpcf7-form-control-wrap\" data-name=\"your-name\"><input size=\"40\" maxlength=\"400\" class=\"wpcf7-form-control wpcf7-text wpcf7-validates-as-required\" aria-required=\"true\" aria-invalid=\"false\" placeholder=\"Ad\u0131 ve Soyad\u0131\" value=\"\" type=\"text\" name=\"your-name\" \/><\/span>\n\t\t<\/p>\n\t\t<p><span class=\"wpcf7-form-control-wrap\" data-name=\"Empresa\"><input size=\"40\" maxlength=\"400\" class=\"wpcf7-form-control wpcf7-text wpcf7-validates-as-required\" aria-required=\"true\" aria-invalid=\"false\" placeholder=\"\u015eirket\" value=\"\" type=\"text\" name=\"Empresa\" \/><\/span>\n\t\t<\/p>\n\t\t<p><span class=\"wpcf7-form-control-wrap\" data-name=\"tel-845\"><input size=\"40\" maxlength=\"400\" class=\"wpcf7-form-control wpcf7-tel wpcf7-validates-as-required wpcf7-text wpcf7-validates-as-tel\" aria-required=\"true\" aria-invalid=\"false\" placeholder=\"Telefon\" value=\"\" type=\"tel\" name=\"tel-845\" \/><\/span>\n\t\t<\/p>\n\t<\/div>\n\t<div class=\"col-md-6\">\n\t\t<p><span class=\"wpcf7-form-control-wrap\" data-name=\"your-email\"><input size=\"40\" maxlength=\"400\" class=\"wpcf7-form-control wpcf7-email wpcf7-validates-as-required wpcf7-text wpcf7-validates-as-email\" aria-required=\"true\" aria-invalid=\"false\" placeholder=\"E-posta\" value=\"\" type=\"email\" name=\"your-email\" \/><\/span>\n\t\t<\/p>\n\t<span class=\"wpcf7-form-control-wrap recipient-email\" data-name=\"recipient-email\"><input type=\"hidden\" name=\"recipient-email\" class=\"wpcf7-form-control wpcf7-hidden wpcf7dtx wpcf7dtx-hidden\" aria-invalid=\"false\" value=\"&#097;&#099;&#105;&#100;&#111;&#110;&#064;&#110;&#111;&#097;&#116;&#117;&#109;&#108;&#111;&#103;&#105;&#115;&#116;&#105;&#099;&#115;&#046;&#099;&#111;&#109;\"><\/span>\n\t\t<p><span class=\"wpcf7-form-control-wrap\" data-name=\"your-message\"><textarea cols=\"40\" rows=\"10\" maxlength=\"2000\" class=\"wpcf7-form-control wpcf7-textarea\" aria-invalid=\"false\" placeholder=\"Sorunuz\" name=\"your-message\"><\/textarea><\/span>\n\t\t<\/p>\n\t<\/div>\n<\/div>\n<div class=\"row\">\n\t<div class=\"col-md-12 legalnotice\">\n\t\t<p style=\"font-weight: 300;font-size: 12px;line-height: 1.5em;margin-top: 10px;\">Avenida de Italia n\u00ba2 (CTC), Coslada, Madrid, \u0130spanya adresinde bulunan Noatum Holdings S.L.U., ki\u015fisel verilerinizi, talebinize yan\u0131t vermek ve Noatum grubu i\u00e7indeki ilgili \u015firkete g\u00f6ndermek i\u00e7in izninizle kullan\u0131r. Verileriniz size yan\u0131t vermek i\u00e7in gerekenden daha uzun s\u00fcre saklanmayacakt\u0131r. \u0130lgili kutuyu i\u015faretleyerek hizmetlerimiz hakk\u0131nda e-posta reklamlar\u0131 almay\u0131 kabul ederseniz, siz aksini belirtinceye kadar verilerinizi saklayaca\u011f\u0131z.\n\t\t<\/p>\n\t\t<p style=\"font-weight: 300;font-size: 12px;line-height: 1.5em; margin-top: 5px;\">Veri Koruma G\u00f6revlisi ile (<a href=\"mailto:dpo@noatum.com\">dpo@noatum.com<\/a>). adresinden ileti\u015fime ge\u00e7ebilirsiniz. Haklar\u0131n\u0131z\u0131n ihlal edildi\u011fini d\u00fc\u015f\u00fcn\u00fcyorsan\u0131z, \u0130spanya Veri Koruma Kurumu'na \u015fikayette bulunabilirsiniz. Diledi\u011finiz zaman (<a href=\"mailto:dpo@noatum.com\">dpo@noatum.com<\/a>) ile ileti\u015fime ge\u00e7erek onay\u0131n\u0131z\u0131 geri \u00e7ekebilir ve eri\u015fim, d\u00fczeltme, silme, itiraz ve k\u0131s\u0131tlama haklar\u0131n\u0131z\u0131 kullanabilirsiniz.\n\t\t<\/p>\n\t<\/div>\n<\/div>\n<div class=\"row\" style=\"margin-top: 10px; margin-bottom: 15px;\">\n\t<div class=\"col-md-12\">\n\t\t<p><span class=\"wpcf7-form-control-wrap\" data-name=\"acceptance-182\"><span class=\"wpcf7-form-control wpcf7-acceptance\"><span class=\"wpcf7-list-item\"><label><input type=\"checkbox\" name=\"acceptance-182\" value=\"1\" aria-invalid=\"false\" \/><span class=\"wpcf7-list-item-label\">E-posta adresime Noatum grup hizmetleri hakk\u0131nda e-posta reklamlar\u0131 almay\u0131 kabul ediyorum.<\/span><\/label><\/span><\/span><\/span>\n\t\t<\/p>\n\t<\/div>\n<\/div>\n<div class=\"row\">\n\t<div class=\"col-md-12\">\n\t\t<p><input class=\"wpcf7-form-control wpcf7-submit has-spinner\" type=\"submit\" value=\"G\u00f6nder\" \/>\n\t\t<\/p>\n\t<\/div>\n<\/div>\n<\/form>\n<\/div>\n[\/vc_column_text][\/vc_column][\/vc_row]<\/p>\n<\/div>","protected":false},"excerpt":{"rendered":"<p>[vc_row center_row=&#8221;yes&#8221; bg_overlay=&#8221;yes&#8221; typo_style=&#8221;light&#8221; min_height=&#8221;150&#8243; el_class=&#8221;redgradientbgtranss&#8221; css=&#8221;.vc_custom_1586379134750{background-image: url(https:\/\/www.noatumlogistics.com\/tr\/wp-content\/uploads\/sites\/12\/2020\/04\/furniture-industry-logistics-banner.jpg?id=13311) !important;background-position: center !important;background-repeat: no-repeat !important;background-size: cover !important;}&#8221;][vc_column][\/vc_column][\/vc_row][vc_row content_placement=&#8221;middle&#8221; center_row=&#8221;yes&#8221; el_class=&#8221;VinetasRed&#8221; css=&#8221;.vc_custom_1583258489155{background-image: url(https:\/\/www.noatumlogistics.com\/wp-content\/uploads\/2020\/02\/fondo-directorio-2.jpg?id=9849) !important;background-position: center !important;background-repeat: no-repeat !important;background-size: cover !important;}&#8221;][vc_column][vc_row_inner][vc_column_inner width=&#8221;2\/3&#8243; offset=&#8221;vc_col-xs-12&#8243;][\/vc_column_inner][vc_column_inner width=&#8221;1\/3&#8243;&#8230;<\/p>\n","protected":false},"author":9,"featured_media":15975,"parent":0,"menu_order":0,"comment_status":"closed","ping_status":"closed","template":"template-fullwidth.php","meta":{"footnotes":""},"class_list":["post-15974","page","type-page","status-publish","has-post-thumbnail","hentry"],"yoast_head":"<!-- This site is optimized with the Yoast SEO plugin v27.5 - https:\/\/yoast.com\/product\/yoast-seo-wordpress\/ -->\n<title>Mobilya Lojisti\u011fi \u00c7\u00f6z\u00fcmleri | Noatum Logistics<\/title>\n<meta name=\"description\" content=\"Mobilya end\u00fcstrisinde JIT envanteri gibi hizmetlerle nakliye, dan\u0131\u015fmanl\u0131k ve tedarik zinciri y\u00f6netiminde 30 y\u0131l\u0131 a\u015fk\u0131n deneyim\" \/>\n<meta name=\"robots\" content=\"index, follow, max-snippet:-1, max-image-preview:large, max-video-preview:-1\" \/>\n<link rel=\"canonical\" href=\"https:\/\/www.noatumlogistics.com\/tr\/mobilya-lojistigi-cozumleri\/\" \/>\n<meta property=\"og:locale\" content=\"tr_TR\" \/>\n<meta property=\"og:type\" content=\"article\" \/>\n<meta property=\"og:title\" content=\"Mobilya Lojisti\u011fi \u00c7\u00f6z\u00fcmleri | Noatum Logistics\" \/>\n<meta property=\"og:description\" content=\"Mobilya end\u00fcstrisinde JIT envanteri gibi hizmetlerle nakliye, dan\u0131\u015fmanl\u0131k ve tedarik zinciri y\u00f6netiminde 30 y\u0131l\u0131 a\u015fk\u0131n deneyim\" \/>\n<meta property=\"og:url\" content=\"https:\/\/www.noatumlogistics.com\/tr\/mobilya-lojistigi-cozumleri\/\" \/>\n<meta property=\"og:site_name\" content=\"Turkey\" \/>\n<meta property=\"article:modified_time\" content=\"2021-03-16T10:05:13+00:00\" \/>\n<meta property=\"og:image\" content=\"https:\/\/www.noatumlogistics.com\/tr\/wp-content\/uploads\/sites\/12\/2020\/04\/furniture-logistics-solutions-scaled.jpg\" \/>\n\t<meta property=\"og:image:width\" content=\"2560\" \/>\n\t<meta property=\"og:image:height\" content=\"1707\" \/>\n\t<meta property=\"og:image:type\" content=\"image\/jpeg\" \/>\n<meta name=\"twitter:card\" content=\"summary_large_image\" \/>\n<meta name=\"twitter:label1\" content=\"Tahmini okuma s\u00fcresi\" \/>\n\t<meta name=\"twitter:data1\" content=\"5 dakika\" \/>\n<script type=\"application\/ld+json\" class=\"yoast-schema-graph\">{\"@context\":\"https:\\\/\\\/schema.org\",\"@graph\":[{\"@type\":\"WebPage\",\"@id\":\"https:\\\/\\\/www.noatumlogistics.com\\\/tr\\\/mobilya-lojistigi-cozumleri\\\/\",\"url\":\"https:\\\/\\\/www.noatumlogistics.com\\\/tr\\\/mobilya-lojistigi-cozumleri\\\/\",\"name\":\"Mobilya Lojisti\u011fi \u00c7\u00f6z\u00fcmleri | Noatum Logistics\",\"isPartOf\":{\"@id\":\"https:\\\/\\\/www.noatumlogistics.com\\\/tr\\\/#website\"},\"primaryImageOfPage\":{\"@id\":\"https:\\\/\\\/www.noatumlogistics.com\\\/tr\\\/mobilya-lojistigi-cozumleri\\\/#primaryimage\"},\"image\":{\"@id\":\"https:\\\/\\\/www.noatumlogistics.com\\\/tr\\\/mobilya-lojistigi-cozumleri\\\/#primaryimage\"},\"thumbnailUrl\":\"https:\\\/\\\/www.noatumlogistics.com\\\/tr\\\/wp-content\\\/uploads\\\/sites\\\/12\\\/2020\\\/04\\\/furniture-logistics-solutions-scaled.jpg\",\"datePublished\":\"2020-09-21T20:24:25+00:00\",\"dateModified\":\"2021-03-16T10:05:13+00:00\",\"description\":\"Mobilya end\u00fcstrisinde JIT envanteri gibi hizmetlerle nakliye, dan\u0131\u015fmanl\u0131k ve tedarik zinciri y\u00f6netiminde 30 y\u0131l\u0131 a\u015fk\u0131n deneyim\",\"breadcrumb\":{\"@id\":\"https:\\\/\\\/www.noatumlogistics.com\\\/tr\\\/mobilya-lojistigi-cozumleri\\\/#breadcrumb\"},\"inLanguage\":\"tr\",\"potentialAction\":[{\"@type\":\"ReadAction\",\"target\":[\"https:\\\/\\\/www.noatumlogistics.com\\\/tr\\\/mobilya-lojistigi-cozumleri\\\/\"]}]},{\"@type\":\"ImageObject\",\"inLanguage\":\"tr\",\"@id\":\"https:\\\/\\\/www.noatumlogistics.com\\\/tr\\\/mobilya-lojistigi-cozumleri\\\/#primaryimage\",\"url\":\"https:\\\/\\\/www.noatumlogistics.com\\\/tr\\\/wp-content\\\/uploads\\\/sites\\\/12\\\/2020\\\/04\\\/furniture-logistics-solutions-scaled.jpg\",\"contentUrl\":\"https:\\\/\\\/www.noatumlogistics.com\\\/tr\\\/wp-content\\\/uploads\\\/sites\\\/12\\\/2020\\\/04\\\/furniture-logistics-solutions-scaled.jpg\",\"width\":2560,\"height\":1707,\"caption\":\"Modern office chair decoration interior of room with copy space\"},{\"@type\":\"BreadcrumbList\",\"@id\":\"https:\\\/\\\/www.noatumlogistics.com\\\/tr\\\/mobilya-lojistigi-cozumleri\\\/#breadcrumb\",\"itemListElement\":[{\"@type\":\"ListItem\",\"position\":1,\"name\":\"Ana sayfa\",\"item\":\"https:\\\/\\\/www.noatumlogistics.com\\\/tr\\\/\"},{\"@type\":\"ListItem\",\"position\":2,\"name\":\"Mobilya Lojisti\u011fi \u00c7\u00f6z\u00fcmleri\"}]},{\"@type\":\"WebSite\",\"@id\":\"https:\\\/\\\/www.noatumlogistics.com\\\/tr\\\/#website\",\"url\":\"https:\\\/\\\/www.noatumlogistics.com\\\/tr\\\/\",\"name\":\"Turkey\",\"description\":\"Excelen en servicios log\u00edsticos\",\"potentialAction\":[{\"@type\":\"SearchAction\",\"target\":{\"@type\":\"EntryPoint\",\"urlTemplate\":\"https:\\\/\\\/www.noatumlogistics.com\\\/tr\\\/?s={search_term_string}\"},\"query-input\":{\"@type\":\"PropertyValueSpecification\",\"valueRequired\":true,\"valueName\":\"search_term_string\"}}],\"inLanguage\":\"tr\"}]}<\/script>\n<!-- \/ Yoast SEO plugin. -->","yoast_head_json":{"title":"Mobilya Lojisti\u011fi \u00c7\u00f6z\u00fcmleri | Noatum Logistics","description":"Mobilya end\u00fcstrisinde JIT envanteri gibi hizmetlerle nakliye, dan\u0131\u015fmanl\u0131k ve tedarik zinciri y\u00f6netiminde 30 y\u0131l\u0131 a\u015fk\u0131n deneyim","robots":{"index":"index","follow":"follow","max-snippet":"max-snippet:-1","max-image-preview":"max-image-preview:large","max-video-preview":"max-video-preview:-1"},"canonical":"https:\/\/www.noatumlogistics.com\/tr\/mobilya-lojistigi-cozumleri\/","og_locale":"tr_TR","og_type":"article","og_title":"Mobilya Lojisti\u011fi \u00c7\u00f6z\u00fcmleri | Noatum Logistics","og_description":"Mobilya end\u00fcstrisinde JIT envanteri gibi hizmetlerle nakliye, dan\u0131\u015fmanl\u0131k ve tedarik zinciri y\u00f6netiminde 30 y\u0131l\u0131 a\u015fk\u0131n deneyim","og_url":"https:\/\/www.noatumlogistics.com\/tr\/mobilya-lojistigi-cozumleri\/","og_site_name":"Turkey","article_modified_time":"2021-03-16T10:05:13+00:00","og_image":[{"width":2560,"height":1707,"url":"https:\/\/www.noatumlogistics.com\/tr\/wp-content\/uploads\/sites\/12\/2020\/04\/furniture-logistics-solutions-scaled.jpg","type":"image\/jpeg"}],"twitter_card":"summary_large_image","twitter_misc":{"Tahmini okuma s\u00fcresi":"5 dakika"},"schema":{"@context":"https:\/\/schema.org","@graph":[{"@type":"WebPage","@id":"https:\/\/www.noatumlogistics.com\/tr\/mobilya-lojistigi-cozumleri\/","url":"https:\/\/www.noatumlogistics.com\/tr\/mobilya-lojistigi-cozumleri\/","name":"Mobilya Lojisti\u011fi \u00c7\u00f6z\u00fcmleri | Noatum Logistics","isPartOf":{"@id":"https:\/\/www.noatumlogistics.com\/tr\/#website"},"primaryImageOfPage":{"@id":"https:\/\/www.noatumlogistics.com\/tr\/mobilya-lojistigi-cozumleri\/#primaryimage"},"image":{"@id":"https:\/\/www.noatumlogistics.com\/tr\/mobilya-lojistigi-cozumleri\/#primaryimage"},"thumbnailUrl":"https:\/\/www.noatumlogistics.com\/tr\/wp-content\/uploads\/sites\/12\/2020\/04\/furniture-logistics-solutions-scaled.jpg","datePublished":"2020-09-21T20:24:25+00:00","dateModified":"2021-03-16T10:05:13+00:00","description":"Mobilya end\u00fcstrisinde JIT envanteri gibi hizmetlerle nakliye, dan\u0131\u015fmanl\u0131k ve tedarik zinciri y\u00f6netiminde 30 y\u0131l\u0131 a\u015fk\u0131n deneyim","breadcrumb":{"@id":"https:\/\/www.noatumlogistics.com\/tr\/mobilya-lojistigi-cozumleri\/#breadcrumb"},"inLanguage":"tr","potentialAction":[{"@type":"ReadAction","target":["https:\/\/www.noatumlogistics.com\/tr\/mobilya-lojistigi-cozumleri\/"]}]},{"@type":"ImageObject","inLanguage":"tr","@id":"https:\/\/www.noatumlogistics.com\/tr\/mobilya-lojistigi-cozumleri\/#primaryimage","url":"https:\/\/www.noatumlogistics.com\/tr\/wp-content\/uploads\/sites\/12\/2020\/04\/furniture-logistics-solutions-scaled.jpg","contentUrl":"https:\/\/www.noatumlogistics.com\/tr\/wp-content\/uploads\/sites\/12\/2020\/04\/furniture-logistics-solutions-scaled.jpg","width":2560,"height":1707,"caption":"Modern office chair decoration interior of room with copy space"},{"@type":"BreadcrumbList","@id":"https:\/\/www.noatumlogistics.com\/tr\/mobilya-lojistigi-cozumleri\/#breadcrumb","itemListElement":[{"@type":"ListItem","position":1,"name":"Ana sayfa","item":"https:\/\/www.noatumlogistics.com\/tr\/"},{"@type":"ListItem","position":2,"name":"Mobilya Lojisti\u011fi \u00c7\u00f6z\u00fcmleri"}]},{"@type":"WebSite","@id":"https:\/\/www.noatumlogistics.com\/tr\/#website","url":"https:\/\/www.noatumlogistics.com\/tr\/","name":"Turkey","description":"Excelen en servicios log\u00edsticos","potentialAction":[{"@type":"SearchAction","target":{"@type":"EntryPoint","urlTemplate":"https:\/\/www.noatumlogistics.com\/tr\/?s={search_term_string}"},"query-input":{"@type":"PropertyValueSpecification","valueRequired":true,"valueName":"search_term_string"}}],"inLanguage":"tr"}]}},"_links":{"self":[{"href":"https:\/\/www.noatumlogistics.com\/tr\/wp-json\/wp\/v2\/pages\/15974","targetHints":{"allow":["GET"]}}],"collection":[{"href":"https:\/\/www.noatumlogistics.com\/tr\/wp-json\/wp\/v2\/pages"}],"about":[{"href":"https:\/\/www.noatumlogistics.com\/tr\/wp-json\/wp\/v2\/types\/page"}],"author":[{"embeddable":true,"href":"https:\/\/www.noatumlogistics.com\/tr\/wp-json\/wp\/v2\/users\/9"}],"replies":[{"embeddable":true,"href":"https:\/\/www.noatumlogistics.com\/tr\/wp-json\/wp\/v2\/comments?post=15974"}],"version-history":[{"count":13,"href":"https:\/\/www.noatumlogistics.com\/tr\/wp-json\/wp\/v2\/pages\/15974\/revisions"}],"predecessor-version":[{"id":17056,"href":"https:\/\/www.noatumlogistics.com\/tr\/wp-json\/wp\/v2\/pages\/15974\/revisions\/17056"}],"wp:featuredmedia":[{"embeddable":true,"href":"https:\/\/www.noatumlogistics.com\/tr\/wp-json\/wp\/v2\/media\/15975"}],"wp:attachment":[{"href":"https:\/\/www.noatumlogistics.com\/tr\/wp-json\/wp\/v2\/media?parent=15974"}],"curies":[{"name":"wp","href":"https:\/\/api.w.org\/{rel}","templated":true}]}}