{"id":15835,"date":"2020-09-21T12:49:22","date_gmt":"2020-09-21T11:49:22","guid":{"rendered":"https:\/\/www.noatumlogistics.com\/tr\/kontrat-lojistigi\/"},"modified":"2021-03-16T13:07:15","modified_gmt":"2021-03-16T12:07:15","slug":"kontrat-lojistigi","status":"publish","type":"page","link":"https:\/\/www.noatumlogistics.com\/tr\/kontrat-lojistigi\/","title":{"rendered":"Kontrat Loj\u0130st\u0130\u011f\u0130"},"content":{"rendered":"<div class=\"wpb-content-wrapper\"><p>[vc_row center_row=&#8221;yes&#8221; bg_overlay=&#8221;yes&#8221; typo_style=&#8221;light&#8221; css=&#8221;.vc_custom_1587054604735{padding-top: 120px !important;padding-bottom: 120px !important;background-image: url(https:\/\/www.noatumlogistics.com\/tr\/wp-content\/uploads\/sites\/12\/2020\/04\/contract-logistics-noatum-banner.jpg?id=13648) !important;background-position: center !important;background-repeat: no-repeat !important;background-size: cover !important;}&#8221; el_class=&#8221;primerafila&#8221;][vc_column]<div class=\"zozo-parallax-header\"><div class=\"parallax-header\"><h1 class=\"parallax-title text-left\">Kontrat Lojisti\u011finde M\u00fckemmeliyet<\/h1><div class=\"parallax-desc default-style text-left\"><h4>Her bir pazara \u00f6zg\u00fc kapsaml\u0131 lojistik y\u00f6netimi ve depo, nakliye ve katma de\u011ferli hizmetler dahil olmak \u00fczere b\u00fct\u00fcn s\u00fcre\u00e7lerin entegrasyonu yoluyla t\u00fcm tedarik zincirine de\u011fer sa\u011fl\u0131yoruz.<\/h4>\n<\/div><\/div><\/div>[vc_btn title=&#8221;\u0130leti\u015fim&#8221; link=&#8221;url:%23contactform|&#8221;][\/vc_column][\/vc_row][vc_row center_row=&#8221;yes&#8221; el_class=&#8221;VinetasRed&#8221; css=&#8221;.vc_custom_1584956782188{background-image: url(https:\/\/www.noatumlogistics.com\/wp-content\/uploads\/2016\/06\/fondo-directorio.jpg?id=1359) !important;background-position: center !important;background-repeat: no-repeat !important;background-size: cover !important;}&#8221;][vc_column el_class=&#8221;solcarousel&#8221;]<div class=\"zozo-parallax-header\"><div class=\"parallax-header\"><h2 class=\"parallax-title text-left text-none\">Tedarik Zincirini optimize etmek i\u00e7in Kontrat Lojisti\u011fi<\/h2><\/div><\/div>[vc_row_inner][vc_column_inner width=&#8221;1\/2&#8243;][vc_column_text el_class=&#8221;ss_servicios&#8221;]Kontrat lojisti\u011fi \u00e7\u00f6z\u00fcmlerimiz, m\u00fc\u015fterilerimizin lojistik faaliyetleri i\u00e7in en iyi tavsiye ve deste\u011fi sa\u011flamaktad\u0131r. S\u00fcrekli olarak yeni trendler ve pazarlar\u0131n ihtiya\u00e7lar\u0131na g\u00f6re uyarlanan altyap\u0131, teknoloji ve bilgi sistemlerini kullanmaktad\u0131r.[\/vc_column_text][\/vc_column_inner][vc_column_inner width=&#8221;1\/2&#8243;][vc_column_text el_class=&#8221;ss_servicios&#8221;]Her t\u00fcr end\u00fcstri i\u00e7in ki\u015fiye \u00f6zel \u00e7\u00f6z\u00fcmler geli\u015ftiriyoruz ve \u00f6zellikle depolama hizmetlerine ve tedarik zinciri i\u00e7in \u00f6zelle\u015ftirilmi\u015f \u00e7\u00f6z\u00fcmlere odaklan\u0131yoruz. U\u00e7tan uca y\u00f6netim s\u00fcrecini takip ediyor, m\u00fc\u015fterilerimize \u00fcretimden da\u011f\u0131t\u0131ma kadar son sat\u0131\u015f noktas\u0131nda e\u015flik ediyoruz. <span lang=\"en-GB\">S\u00fcrd\u00fcr\u00fclebilirlik, s\u00fcre\u00e7lerde m\u00fckemmellik, m\u00fc\u015fterilerimizin hizmetinde entegrasyon, planlama, \u00f6zelle\u015ftirme ve b\u00fct\u00fcnl\u00fck yetene\u011fi<\/span>[\/vc_column_text][\/vc_column_inner][\/vc_row_inner][\/vc_column][\/vc_row][vc_row center_row=&#8221;yes&#8221; css=&#8221;.vc_custom_1584962272036{padding-bottom: 0px !important;}&#8221; el_class=&#8221;Vinetasred&#8221;][vc_column]<div class=\"zozo-parallax-header VinetasRed\"><div class=\"parallax-header\"><h2 class=\"parallax-title text-center text-none\">T\u00fcm kontrat lojisti\u011fi s\u00fcreci boyunca entegre hizmetler<\/h2><div class=\"parallax-desc default-style text-center\"><p>Kontrat lojisti\u011fi de\u011fer zincirindeki envanter y\u00f6netimi s\u00fcrecinin tamam\u0131n\u0131 ele al\u0131yoruz: \u00fcretim hatt\u0131 hizmetlerinden, depolama, da\u011f\u0131t\u0131m ve envanter y\u00f6netimi.<\/p>\n<\/div><\/div><\/div>[\/vc_column][\/vc_row][vc_row center_row=&#8221;yes&#8221; el_class=&#8221;VinetasRed boxesservicios&#8221;][vc_column width=&#8221;1\/2&#8243;][vc_row_inner css=&#8221;.vc_custom_1589538364691{margin-bottom: 0px !important;padding-bottom: 0px !important;}&#8221; el_class=&#8221;boxservicio&#8221;][vc_column_inner width=&#8221;1\/3&#8243;][vc_single_image image=&#8221;11010&#8243; img_size=&#8221;full&#8221;][\/vc_column_inner][vc_column_inner width=&#8221;2\/3&#8243;]<div class=\"zozo-parallax-header\"><div class=\"parallax-header\"><h4 class=\"parallax-title text-left text-none\">Ta\u015f\u0131ma<\/h4><div class=\"parallax-desc default-style text-left\"><p>Toplanan ve \u00fcretim \u00fcretim hatt\u0131 hizmetlerinden sat\u0131\u015f noktas\u0131na teslim edilen \u00fcr\u00fcnleriniz i\u00e7in birinci s\u0131n\u0131f i\u015f ortaklar\u0131n\u0131 i\u00e7eren entegre bir da\u011f\u0131t\u0131m a\u011f\u0131.<\/p>\n<\/div><\/div><\/div>[\/vc_column_inner][\/vc_row_inner][\/vc_column][vc_column width=&#8221;1\/2&#8243;][vc_row_inner el_class=&#8221;boxservicio&#8221;][vc_column_inner width=&#8221;1\/3&#8243;][vc_single_image image=&#8221;13655&#8243; img_size=&#8221;360&#215;620&#8243;][\/vc_column_inner][vc_column_inner width=&#8221;2\/3&#8243;]<div class=\"zozo-parallax-header\"><div class=\"parallax-header\"><h4 class=\"parallax-title text-left text-none\">Depolama<\/h4><div class=\"parallax-desc default-style text-left\"><p>Operasyonlar\u0131 \u00e7ok m\u00fc\u015fterili bir ortamda y\u00f6netiyoruz \u0131s\u0131 kontrolleri gerektiren  gerektiren mallar\u0131n y\u00f6netimi veya di\u011fer katma de\u011ferli hizmetler gibi m\u00fc\u015fterilerimizin her zaman i\u015f yapt\u0131\u011f\u0131 sekt\u00f6r\u00fcn \u00f6zel gereksinimlerine uyum sa\u011fl\u0131yoruz.<\/p>\n<\/div><\/div><\/div>[\/vc_column_inner][\/vc_row_inner][\/vc_column][\/vc_row][vc_row center_row=&#8221;yes&#8221; el_class=&#8221;VinetasRed boxesservicios&#8221; css=&#8221;.vc_custom_1589539867912{padding-top: 0px !important;}&#8221;][vc_column width=&#8221;1\/2&#8243; css=&#8221;.vc_custom_1582813962295{padding-right: 15px !important;}&#8221;][vc_row_inner el_class=&#8221;boxservicio&#8221;][vc_column_inner width=&#8221;1\/3&#8243;][vc_single_image image=&#8221;13656&#8243; img_size=&#8221;360&#215;620&#8243;][\/vc_column_inner][vc_column_inner width=&#8221;2\/3&#8243;]<div class=\"zozo-parallax-header\"><div class=\"parallax-header\"><h4 class=\"parallax-title text-left text-none\">Envanter Kullan\u0131m ve Y\u00f6netimi<\/h4><div class=\"parallax-desc default-style text-left\"><p>Stok seviyeleri, stok giri\u015fleri, d\u00f6ng\u00fc say\u0131mlar\u0131, kalite kontrolleri ve numune y\u00f6netiminin s\u00fcrekli denetimi.<\/p>\n<\/div><\/div><\/div>[\/vc_column_inner][\/vc_row_inner][\/vc_column][vc_column width=&#8221;1\/2&#8243;][vc_row_inner el_class=&#8221;boxservicio&#8221;][vc_column_inner width=&#8221;1\/3&#8243;][vc_single_image image=&#8221;13658&#8243; img_size=&#8221;360&#215;620&#8243;][\/vc_column_inner][vc_column_inner width=&#8221;2\/3&#8243;]<div class=\"zozo-parallax-header\"><div class=\"parallax-header\"><h4 class=\"parallax-title text-left text-none\">Katma De\u011ferli Hizmetler<\/h4><div class=\"parallax-desc default-style text-left\"><p>Bu hizmetler m\u00fc\u015fterimizin tedarik zincirine de\u011fer katmaktad\u0131r. Bunlar her bir sekt\u00f6r\u00fcn gereksinimlerine ve mallar\u0131n t\u00fcr\u00fcne uyarlanmaktad\u0131r. Di\u011fer prosed\u00fcrlerin yan\u0131 s\u0131ra her t\u00fcrl\u00fc s\u00f6kme, toplama, \u00f6zel ta\u015f\u0131ma, ambalaj y\u00f6netimi, etiketleme ve montaj\u0131 ger\u00e7ekle\u015ftiriyoruz.<\/p>\n<\/div><\/div><\/div>[\/vc_column_inner][\/vc_row_inner][\/vc_column][\/vc_row][vc_row parallax=&#8221;content-moving&#8221; parallax_image=&#8221;10906&#8243; center_row=&#8221;yes&#8221; bg_overlay=&#8221;yes&#8221; typo_style=&#8221;light&#8221; css=&#8221;.vc_custom_1584963127727{margin-top: 30px !important;background-position: 0 0;background-repeat:-repeat;}&#8221; el_class=&#8221;redgradientbgtrans&#8221;][vc_column]<div class=\"zozo-parallax-header\"><div class=\"parallax-header\"><h2 class=\"parallax-title text-center text-none\">Neden Noatum Logistics Kontrat Lojisti\u011fi hizmelerini se\u00e7meliyim?<\/h2><\/div><\/div>[vc_row_inner][vc_column_inner width=&#8221;1\/3&#8243;][vc_column_text el_class=&#8221;text-center&#8221;]<img decoding=\"async\" src=\"https:\/\/www.noatumlogistics.com\/tr\/wp-content\/uploads\/sites\/12\/2020\/03\/asesoramiento-01.svg\" alt=\"\" width=\"80px\" \/>[\/vc_column_text]<div class=\"zozo-parallax-header\"><div class=\"parallax-header\"><h4 class=\"parallax-title text-center\" style=\"font-size:24px;\">\u00d6NER\u0130<\/h4><div class=\"parallax-desc default-style text-center\"><p>Genel lojistik y\u00f6netim s\u00fcrecinin verimlili\u011fini art\u0131ran, ki\u015fiye \u00f6zel ve katma de\u011ferli \u00e7\u00f6z\u00fcmler sa\u011flamak i\u00e7in her m\u00fc\u015fterinin tedarik zinciri \u00fczerinde \u00e7al\u0131\u015f\u0131yoruz.<\/p>\n<\/div><\/div><\/div>[\/vc_column_inner][vc_column_inner width=&#8221;1\/3&#8243;][vc_column_text el_class=&#8221;text-center&#8221;]<img decoding=\"async\" src=\"https:\/\/www.noatumlogistics.com\/tr\/wp-content\/uploads\/sites\/12\/2020\/03\/especializacion-01.svg\" alt=\"\" width=\"80px\" \/>[\/vc_column_text]<div class=\"zozo-parallax-header\"><div class=\"parallax-header\"><h4 class=\"parallax-title text-center\" style=\"font-size:24px;\">UZMANLA\u015eMA<\/h4><div class=\"parallax-desc default-style text-center\"><p>Perakende, hayvan yemi, moda ve spor vb. sekt\u00f6rlerde kan\u0131tlanm\u0131\u015f geni\u015f deneyime sahibiz. Di\u011fer alanlar\u0131n yan\u0131 s\u0131ra b\u00fcy\u00fck zincirlere h\u0131zl\u0131 da\u011f\u0131t\u0131m, do\u011frudan teslimat, \u00e7apraz sevkiyat ve ikmal konular\u0131nda da uzman\u0131z. Bu deneyim yeni zorluklara kolayl\u0131kla uyum sa\u011flayabildi\u011fimiz anlam\u0131na gelmektedir.<\/p>\n<\/div><\/div><\/div>[\/vc_column_inner][vc_column_inner width=&#8221;1\/3&#8243;][vc_column_text el_class=&#8221;text-center&#8221;]<img decoding=\"async\" src=\"https:\/\/www.noatumlogistics.com\/tr\/wp-content\/uploads\/sites\/12\/2020\/03\/solvencia-01.svg\" alt=\"\" width=\"80px\" \/>[\/vc_column_text]<div class=\"zozo-parallax-header\"><div class=\"parallax-header\"><h4 class=\"parallax-title text-center\" style=\"font-size:24px;\">MESLEK\u0130 G\u00dcVEN\u0130L\u0130RL\u0130K<\/h4><div class=\"parallax-desc default-style text-center\"><p>B\u00fcy\u00fck \u00f6l\u00e7\u00fcde m\u00fc\u015fterilerimizin g\u00fcveniyle desteklenen ve t\u00fcm faaliyetlerimizdeki \u015feffafl\u0131\u011fa dayal\u0131, verimli ve y\u00fcksek kaliteli bir hizmet sunmay\u0131 taahh\u00fct ediyoruz.<\/p>\n<\/div><\/div><\/div>[\/vc_column_inner][\/vc_row_inner][\/vc_column][\/vc_row][vc_row css_animation=&#8221;left-to-right&#8221; center_row=&#8221;yes&#8221; opn_row_gutter=&#8221;100&#8243; el_id=&#8221;contactform&#8221; css=&#8221;.vc_custom_1582792022784{background-color: #f7f7f7 !important;}&#8221;][vc_column]<div class=\"zozo-parallax-header\"><div class=\"parallax-header\"><h2 class=\"parallax-title text-center text-none\" style=\"color:#ae2626;\">Daha fazla bilgi i\u00e7in l\u00fctfen bizimle temasa ge\u00e7in.<\/h2><\/div><\/div>[vc_column_text]\n<div class=\"wpcf7 no-js\" id=\"wpcf7-f16123-o1\" lang=\"tr-TR\" dir=\"ltr\" data-wpcf7-id=\"16123\">\n<div class=\"screen-reader-response\"><p role=\"status\" aria-live=\"polite\" aria-atomic=\"true\"><\/p> <ul><\/ul><\/div>\n<form action=\"\/tr\/wp-json\/wp\/v2\/pages\/15835#wpcf7-f16123-o1\" method=\"post\" class=\"wpcf7-form init\" aria-label=\"\u0130leti\u015fim Formu\" novalidate=\"novalidate\" data-status=\"init\">\n<fieldset class=\"hidden-fields-container\"><input type=\"hidden\" name=\"_wpcf7\" value=\"16123\" \/><input type=\"hidden\" name=\"_wpcf7_version\" value=\"6.1.5\" \/><input type=\"hidden\" name=\"_wpcf7_locale\" value=\"tr_TR\" \/><input type=\"hidden\" name=\"_wpcf7_unit_tag\" value=\"wpcf7-f16123-o1\" \/><input type=\"hidden\" name=\"_wpcf7_container_post\" value=\"0\" \/><input type=\"hidden\" name=\"_wpcf7_posted_data_hash\" value=\"\" \/><input type=\"hidden\" name=\"_wpcf7dtx_version\" value=\"5.0.5\" \/><input type=\"hidden\" name=\"_wpcf7_recaptcha_response\" value=\"\" \/>\n<\/fieldset>\n<div class=\"row\">\n\t<div class=\"col-md-12\">\n\t<div class=\"wpcf7-response-output\" aria-hidden=\"true\"><\/div>\n\t<\/div>\n<\/div>\n<p style=\"font-size: 12px; font-weight:400; \">T\u00fcm alanlar zorunludur.\n<\/p>\n<div class=\"row\">\n\t<div class=\"col-md-6\">\n\t\t<p><span class=\"wpcf7-form-control-wrap\" data-name=\"your-name\"><input size=\"40\" maxlength=\"400\" class=\"wpcf7-form-control wpcf7-text wpcf7-validates-as-required\" aria-required=\"true\" aria-invalid=\"false\" placeholder=\"Ad\u0131 ve Soyad\u0131\" value=\"\" type=\"text\" name=\"your-name\" \/><\/span>\n\t\t<\/p>\n\t\t<p><span class=\"wpcf7-form-control-wrap\" data-name=\"Empresa\"><input size=\"40\" maxlength=\"400\" class=\"wpcf7-form-control wpcf7-text wpcf7-validates-as-required\" aria-required=\"true\" aria-invalid=\"false\" placeholder=\"\u015eirket\" value=\"\" type=\"text\" name=\"Empresa\" \/><\/span>\n\t\t<\/p>\n\t\t<p><span class=\"wpcf7-form-control-wrap\" data-name=\"tel-845\"><input size=\"40\" maxlength=\"400\" class=\"wpcf7-form-control wpcf7-tel wpcf7-validates-as-required wpcf7-text wpcf7-validates-as-tel\" aria-required=\"true\" aria-invalid=\"false\" placeholder=\"Telefon\" value=\"\" type=\"tel\" name=\"tel-845\" \/><\/span>\n\t\t<\/p>\n\t<\/div>\n\t<div class=\"col-md-6\">\n\t\t<p><span class=\"wpcf7-form-control-wrap\" data-name=\"your-email\"><input size=\"40\" maxlength=\"400\" class=\"wpcf7-form-control wpcf7-email wpcf7-validates-as-required wpcf7-text wpcf7-validates-as-email\" aria-required=\"true\" aria-invalid=\"false\" placeholder=\"E-posta\" value=\"\" type=\"email\" name=\"your-email\" \/><\/span>\n\t\t<\/p>\n\t<span class=\"wpcf7-form-control-wrap recipient-email\" data-name=\"recipient-email\"><input type=\"hidden\" name=\"recipient-email\" class=\"wpcf7-form-control wpcf7-hidden wpcf7dtx wpcf7dtx-hidden\" aria-invalid=\"false\" value=\"&#097;&#099;&#105;&#100;&#111;&#110;&#064;&#110;&#111;&#097;&#116;&#117;&#109;&#108;&#111;&#103;&#105;&#115;&#116;&#105;&#099;&#115;&#046;&#099;&#111;&#109;\"><\/span>\n\t\t<p><span class=\"wpcf7-form-control-wrap\" data-name=\"your-message\"><textarea cols=\"40\" rows=\"10\" maxlength=\"2000\" class=\"wpcf7-form-control wpcf7-textarea\" aria-invalid=\"false\" placeholder=\"Sorunuz\" name=\"your-message\"><\/textarea><\/span>\n\t\t<\/p>\n\t<\/div>\n<\/div>\n<div class=\"row\">\n\t<div class=\"col-md-12 legalnotice\">\n\t\t<p style=\"font-weight: 300;font-size: 12px;line-height: 1.5em;margin-top: 10px;\">Avenida de Italia n\u00ba2 (CTC), Coslada, Madrid, \u0130spanya adresinde bulunan Noatum Holdings S.L.U., ki\u015fisel verilerinizi, talebinize yan\u0131t vermek ve Noatum grubu i\u00e7indeki ilgili \u015firkete g\u00f6ndermek i\u00e7in izninizle kullan\u0131r. Verileriniz size yan\u0131t vermek i\u00e7in gerekenden daha uzun s\u00fcre saklanmayacakt\u0131r. \u0130lgili kutuyu i\u015faretleyerek hizmetlerimiz hakk\u0131nda e-posta reklamlar\u0131 almay\u0131 kabul ederseniz, siz aksini belirtinceye kadar verilerinizi saklayaca\u011f\u0131z.\n\t\t<\/p>\n\t\t<p style=\"font-weight: 300;font-size: 12px;line-height: 1.5em; margin-top: 5px;\">Veri Koruma G\u00f6revlisi ile (<a href=\"mailto:dpo@noatum.com\">dpo@noatum.com<\/a>). adresinden ileti\u015fime ge\u00e7ebilirsiniz. Haklar\u0131n\u0131z\u0131n ihlal edildi\u011fini d\u00fc\u015f\u00fcn\u00fcyorsan\u0131z, \u0130spanya Veri Koruma Kurumu'na \u015fikayette bulunabilirsiniz. Diledi\u011finiz zaman (<a href=\"mailto:dpo@noatum.com\">dpo@noatum.com<\/a>) ile ileti\u015fime ge\u00e7erek onay\u0131n\u0131z\u0131 geri \u00e7ekebilir ve eri\u015fim, d\u00fczeltme, silme, itiraz ve k\u0131s\u0131tlama haklar\u0131n\u0131z\u0131 kullanabilirsiniz.\n\t\t<\/p>\n\t<\/div>\n<\/div>\n<div class=\"row\" style=\"margin-top: 10px; margin-bottom: 15px;\">\n\t<div class=\"col-md-12\">\n\t\t<p><span class=\"wpcf7-form-control-wrap\" data-name=\"acceptance-182\"><span class=\"wpcf7-form-control wpcf7-acceptance\"><span class=\"wpcf7-list-item\"><label><input type=\"checkbox\" name=\"acceptance-182\" value=\"1\" aria-invalid=\"false\" \/><span class=\"wpcf7-list-item-label\">E-posta adresime Noatum grup hizmetleri hakk\u0131nda e-posta reklamlar\u0131 almay\u0131 kabul ediyorum.<\/span><\/label><\/span><\/span><\/span>\n\t\t<\/p>\n\t<\/div>\n<\/div>\n<div class=\"row\">\n\t<div class=\"col-md-12\">\n\t\t<p><input class=\"wpcf7-form-control wpcf7-submit has-spinner\" type=\"submit\" value=\"G\u00f6nder\" \/>\n\t\t<\/p>\n\t<\/div>\n<\/div>\n<\/form>\n<\/div>\n[\/vc_column_text][\/vc_column][\/vc_row]<\/p>\n<\/div>","protected":false},"excerpt":{"rendered":"<p>[vc_row center_row=&#8221;yes&#8221; bg_overlay=&#8221;yes&#8221; typo_style=&#8221;light&#8221; css=&#8221;.vc_custom_1587054604735{padding-top: 120px !important;padding-bottom: 120px !important;background-image: url(https:\/\/www.noatumlogistics.com\/tr\/wp-content\/uploads\/sites\/12\/2020\/04\/contract-logistics-noatum-banner.jpg?id=13648) !important;background-position: center !important;background-repeat: no-repeat !important;background-size: cover !important;}&#8221; el_class=&#8221;primerafila&#8221;][vc_column][vc_btn title=&#8221;\u0130leti\u015fim&#8221; link=&#8221;url:%23contactform|&#8221;][\/vc_column][\/vc_row][vc_row center_row=&#8221;yes&#8221; el_class=&#8221;VinetasRed&#8221; css=&#8221;.vc_custom_1584956782188{background-image: url(https:\/\/www.noatumlogistics.com\/wp-content\/uploads\/2016\/06\/fondo-directorio.jpg?id=1359) !important;background-position: center !important;background-repeat: no-repeat !important;background-size: cover&#8230;<\/p>\n","protected":false},"author":9,"featured_media":0,"parent":0,"menu_order":0,"comment_status":"closed","ping_status":"closed","template":"template-fullwidth.php","meta":{"footnotes":""},"class_list":["post-15835","page","type-page","status-publish","hentry"],"yoast_head":"<!-- This site is optimized with the Yoast SEO plugin v27.4 - https:\/\/yoast.com\/product\/yoast-seo-wordpress\/ -->\n<title>Kontrat Lojistik Hizmetleri - Depolama | Noatum Logistics<\/title>\n<meta name=\"description\" content=\"Her t\u00fcr end\u00fcstri i\u00e7in kontrat lojisti\u011fi \u00e7\u00f6z\u00fcmleri geli\u015ftiriyor ve \u00f6zellikle depolama ve tedarik zinciri hizmetlerine odaklan\u0131yoruz.\" \/>\n<meta name=\"robots\" content=\"index, follow, max-snippet:-1, max-image-preview:large, max-video-preview:-1\" \/>\n<link rel=\"canonical\" href=\"https:\/\/www.noatumlogistics.com\/tr\/kontrat-lojistigi\/\" \/>\n<meta property=\"og:locale\" content=\"tr_TR\" \/>\n<meta property=\"og:type\" content=\"article\" \/>\n<meta property=\"og:title\" content=\"Kontrat Lojistik Hizmetleri - Depolama | Noatum Logistics\" \/>\n<meta property=\"og:description\" content=\"Her t\u00fcr end\u00fcstri i\u00e7in kontrat lojisti\u011fi \u00e7\u00f6z\u00fcmleri geli\u015ftiriyor ve \u00f6zellikle depolama ve tedarik zinciri hizmetlerine odaklan\u0131yoruz.\" \/>\n<meta property=\"og:url\" content=\"https:\/\/www.noatumlogistics.com\/tr\/kontrat-lojistigi\/\" \/>\n<meta property=\"og:site_name\" content=\"Turkey\" \/>\n<meta property=\"article:modified_time\" content=\"2021-03-16T12:07:15+00:00\" \/>\n<meta property=\"og:image\" content=\"https:\/\/www.noatumlogistics.com\/tr\/wp-content\/uploads\/sites\/12\/2020\/03\/asesoramiento-01.svg\" \/>\n<meta name=\"twitter:card\" content=\"summary_large_image\" \/>\n<meta name=\"twitter:label1\" content=\"Tahmini okuma s\u00fcresi\" \/>\n\t<meta name=\"twitter:data1\" content=\"6 dakika\" \/>\n<script type=\"application\/ld+json\" class=\"yoast-schema-graph\">{\"@context\":\"https:\\\/\\\/schema.org\",\"@graph\":[{\"@type\":\"WebPage\",\"@id\":\"https:\\\/\\\/www.noatumlogistics.com\\\/tr\\\/kontrat-lojistigi\\\/\",\"url\":\"https:\\\/\\\/www.noatumlogistics.com\\\/tr\\\/kontrat-lojistigi\\\/\",\"name\":\"Kontrat Lojistik Hizmetleri - Depolama | Noatum Logistics\",\"isPartOf\":{\"@id\":\"https:\\\/\\\/www.noatumlogistics.com\\\/tr\\\/#website\"},\"primaryImageOfPage\":{\"@id\":\"https:\\\/\\\/www.noatumlogistics.com\\\/tr\\\/kontrat-lojistigi\\\/#primaryimage\"},\"image\":{\"@id\":\"https:\\\/\\\/www.noatumlogistics.com\\\/tr\\\/kontrat-lojistigi\\\/#primaryimage\"},\"thumbnailUrl\":\"https:\\\/\\\/www.noatumlogistics.com\\\/tr\\\/wp-content\\\/uploads\\\/sites\\\/12\\\/2020\\\/03\\\/asesoramiento-01.svg\",\"datePublished\":\"2020-09-21T11:49:22+00:00\",\"dateModified\":\"2021-03-16T12:07:15+00:00\",\"description\":\"Her t\u00fcr end\u00fcstri i\u00e7in kontrat lojisti\u011fi \u00e7\u00f6z\u00fcmleri geli\u015ftiriyor ve \u00f6zellikle depolama ve tedarik zinciri hizmetlerine odaklan\u0131yoruz.\",\"breadcrumb\":{\"@id\":\"https:\\\/\\\/www.noatumlogistics.com\\\/tr\\\/kontrat-lojistigi\\\/#breadcrumb\"},\"inLanguage\":\"tr\",\"potentialAction\":[{\"@type\":\"ReadAction\",\"target\":[\"https:\\\/\\\/www.noatumlogistics.com\\\/tr\\\/kontrat-lojistigi\\\/\"]}]},{\"@type\":\"ImageObject\",\"inLanguage\":\"tr\",\"@id\":\"https:\\\/\\\/www.noatumlogistics.com\\\/tr\\\/kontrat-lojistigi\\\/#primaryimage\",\"url\":\"https:\\\/\\\/www.noatumlogistics.com\\\/tr\\\/wp-content\\\/uploads\\\/sites\\\/12\\\/2020\\\/03\\\/asesoramiento-01.svg\",\"contentUrl\":\"https:\\\/\\\/www.noatumlogistics.com\\\/tr\\\/wp-content\\\/uploads\\\/sites\\\/12\\\/2020\\\/03\\\/asesoramiento-01.svg\"},{\"@type\":\"BreadcrumbList\",\"@id\":\"https:\\\/\\\/www.noatumlogistics.com\\\/tr\\\/kontrat-lojistigi\\\/#breadcrumb\",\"itemListElement\":[{\"@type\":\"ListItem\",\"position\":1,\"name\":\"Ana sayfa\",\"item\":\"https:\\\/\\\/www.noatumlogistics.com\\\/tr\\\/\"},{\"@type\":\"ListItem\",\"position\":2,\"name\":\"Kontrat Loj\u0130st\u0130\u011f\u0130\"}]},{\"@type\":\"WebSite\",\"@id\":\"https:\\\/\\\/www.noatumlogistics.com\\\/tr\\\/#website\",\"url\":\"https:\\\/\\\/www.noatumlogistics.com\\\/tr\\\/\",\"name\":\"Turkey\",\"description\":\"Excelen en servicios log\u00edsticos\",\"potentialAction\":[{\"@type\":\"SearchAction\",\"target\":{\"@type\":\"EntryPoint\",\"urlTemplate\":\"https:\\\/\\\/www.noatumlogistics.com\\\/tr\\\/?s={search_term_string}\"},\"query-input\":{\"@type\":\"PropertyValueSpecification\",\"valueRequired\":true,\"valueName\":\"search_term_string\"}}],\"inLanguage\":\"tr\"}]}<\/script>\n<!-- \/ Yoast SEO plugin. -->","yoast_head_json":{"title":"Kontrat Lojistik Hizmetleri - Depolama | Noatum Logistics","description":"Her t\u00fcr end\u00fcstri i\u00e7in kontrat lojisti\u011fi \u00e7\u00f6z\u00fcmleri geli\u015ftiriyor ve \u00f6zellikle depolama ve tedarik zinciri hizmetlerine odaklan\u0131yoruz.","robots":{"index":"index","follow":"follow","max-snippet":"max-snippet:-1","max-image-preview":"max-image-preview:large","max-video-preview":"max-video-preview:-1"},"canonical":"https:\/\/www.noatumlogistics.com\/tr\/kontrat-lojistigi\/","og_locale":"tr_TR","og_type":"article","og_title":"Kontrat Lojistik Hizmetleri - Depolama | Noatum Logistics","og_description":"Her t\u00fcr end\u00fcstri i\u00e7in kontrat lojisti\u011fi \u00e7\u00f6z\u00fcmleri geli\u015ftiriyor ve \u00f6zellikle depolama ve tedarik zinciri hizmetlerine odaklan\u0131yoruz.","og_url":"https:\/\/www.noatumlogistics.com\/tr\/kontrat-lojistigi\/","og_site_name":"Turkey","article_modified_time":"2021-03-16T12:07:15+00:00","og_image":[{"url":"https:\/\/www.noatumlogistics.com\/tr\/wp-content\/uploads\/sites\/12\/2020\/03\/asesoramiento-01.svg","type":"","width":"","height":""}],"twitter_card":"summary_large_image","twitter_misc":{"Tahmini okuma s\u00fcresi":"6 dakika"},"schema":{"@context":"https:\/\/schema.org","@graph":[{"@type":"WebPage","@id":"https:\/\/www.noatumlogistics.com\/tr\/kontrat-lojistigi\/","url":"https:\/\/www.noatumlogistics.com\/tr\/kontrat-lojistigi\/","name":"Kontrat Lojistik Hizmetleri - Depolama | Noatum Logistics","isPartOf":{"@id":"https:\/\/www.noatumlogistics.com\/tr\/#website"},"primaryImageOfPage":{"@id":"https:\/\/www.noatumlogistics.com\/tr\/kontrat-lojistigi\/#primaryimage"},"image":{"@id":"https:\/\/www.noatumlogistics.com\/tr\/kontrat-lojistigi\/#primaryimage"},"thumbnailUrl":"https:\/\/www.noatumlogistics.com\/tr\/wp-content\/uploads\/sites\/12\/2020\/03\/asesoramiento-01.svg","datePublished":"2020-09-21T11:49:22+00:00","dateModified":"2021-03-16T12:07:15+00:00","description":"Her t\u00fcr end\u00fcstri i\u00e7in kontrat lojisti\u011fi \u00e7\u00f6z\u00fcmleri geli\u015ftiriyor ve \u00f6zellikle depolama ve tedarik zinciri hizmetlerine odaklan\u0131yoruz.","breadcrumb":{"@id":"https:\/\/www.noatumlogistics.com\/tr\/kontrat-lojistigi\/#breadcrumb"},"inLanguage":"tr","potentialAction":[{"@type":"ReadAction","target":["https:\/\/www.noatumlogistics.com\/tr\/kontrat-lojistigi\/"]}]},{"@type":"ImageObject","inLanguage":"tr","@id":"https:\/\/www.noatumlogistics.com\/tr\/kontrat-lojistigi\/#primaryimage","url":"https:\/\/www.noatumlogistics.com\/tr\/wp-content\/uploads\/sites\/12\/2020\/03\/asesoramiento-01.svg","contentUrl":"https:\/\/www.noatumlogistics.com\/tr\/wp-content\/uploads\/sites\/12\/2020\/03\/asesoramiento-01.svg"},{"@type":"BreadcrumbList","@id":"https:\/\/www.noatumlogistics.com\/tr\/kontrat-lojistigi\/#breadcrumb","itemListElement":[{"@type":"ListItem","position":1,"name":"Ana sayfa","item":"https:\/\/www.noatumlogistics.com\/tr\/"},{"@type":"ListItem","position":2,"name":"Kontrat Loj\u0130st\u0130\u011f\u0130"}]},{"@type":"WebSite","@id":"https:\/\/www.noatumlogistics.com\/tr\/#website","url":"https:\/\/www.noatumlogistics.com\/tr\/","name":"Turkey","description":"Excelen en servicios log\u00edsticos","potentialAction":[{"@type":"SearchAction","target":{"@type":"EntryPoint","urlTemplate":"https:\/\/www.noatumlogistics.com\/tr\/?s={search_term_string}"},"query-input":{"@type":"PropertyValueSpecification","valueRequired":true,"valueName":"search_term_string"}}],"inLanguage":"tr"}]}},"_links":{"self":[{"href":"https:\/\/www.noatumlogistics.com\/tr\/wp-json\/wp\/v2\/pages\/15835","targetHints":{"allow":["GET"]}}],"collection":[{"href":"https:\/\/www.noatumlogistics.com\/tr\/wp-json\/wp\/v2\/pages"}],"about":[{"href":"https:\/\/www.noatumlogistics.com\/tr\/wp-json\/wp\/v2\/types\/page"}],"author":[{"embeddable":true,"href":"https:\/\/www.noatumlogistics.com\/tr\/wp-json\/wp\/v2\/users\/9"}],"replies":[{"embeddable":true,"href":"https:\/\/www.noatumlogistics.com\/tr\/wp-json\/wp\/v2\/comments?post=15835"}],"version-history":[{"count":18,"href":"https:\/\/www.noatumlogistics.com\/tr\/wp-json\/wp\/v2\/pages\/15835\/revisions"}],"predecessor-version":[{"id":17316,"href":"https:\/\/www.noatumlogistics.com\/tr\/wp-json\/wp\/v2\/pages\/15835\/revisions\/17316"}],"wp:attachment":[{"href":"https:\/\/www.noatumlogistics.com\/tr\/wp-json\/wp\/v2\/media?parent=15835"}],"curies":[{"name":"wp","href":"https:\/\/api.w.org\/{rel}","templated":true}]}}