{"id":985,"date":"2020-04-15T18:43:34","date_gmt":"2020-04-15T17:43:34","guid":{"rendered":"https:\/\/www.noatumlogistics.com\/pe\/logisticas-mobiliario\/"},"modified":"2020-04-15T18:43:34","modified_gmt":"2020-04-15T17:43:34","slug":"logisticas-mobiliario","status":"publish","type":"page","link":"https:\/\/www.noatumlogistics.com\/pe\/logisticas-mobiliario\/","title":{"rendered":"Soluciones Log\u00edsticas para Mobiliario"},"content":{"rendered":"<div class=\"wpb-content-wrapper\"><p>[vc_row center_row=&#8221;yes&#8221; bg_overlay=&#8221;yes&#8221; typo_style=&#8221;light&#8221; min_height=&#8221;150&#8243; el_class=&#8221;redgradientbgtranss&#8221; css=&#8221;.vc_custom_1586379134750{background-image: url(https:\/\/www.noatumlogistics.com\/pe\/wp-content\/uploads\/sites\/24\/2020\/06\/furniture-industry-logistics-banner.jpg?id=13311) !important;background-position: center !important;background-repeat: no-repeat !important;background-size: cover !important;}&#8221;][vc_column]<div class=\"zozo-parallax-header\"><div class=\"parallax-header\"><h1 class=\"parallax-title text-left\" style=\"font-size:34px;\">Soluciones Log\u00edsticas para Mobiliario<\/h1><div class=\"parallax-desc default-style text-left\"><p>Las oficinas de Noatum Logistics, distribuidas por todo el mundo, aseguran que los productos de la industria mobiliaria lleguen puntuales e intactos a su destino.<\/p>\n<\/div><\/div><\/div>[\/vc_column][\/vc_row][vc_row content_placement=&#8221;middle&#8221; center_row=&#8221;yes&#8221; el_class=&#8221;VinetasRed&#8221; css=&#8221;.vc_custom_1583258489155{background-image: url(https:\/\/www.noatumlogistics.com\/wp-content\/uploads\/2020\/02\/fondo-directorio-2.jpg?id=9849) !important;background-position: center !important;background-repeat: no-repeat !important;background-size: cover !important;}&#8221;][vc_column][vc_row_inner][vc_column_inner width=&#8221;2\/3&#8243; offset=&#8221;vc_col-xs-12&#8243;]<div class=\"zozo-parallax-header\"><div class=\"parallax-header\"><h2 class=\"parallax-title text-left\">Soluciones de log\u00edstica innovadoras para la industria del mueble <\/h2><div class=\"parallax-desc default-style text-left\"><p>Ning\u00fan fabricante, importador o minorista de muebles es igual, pero la mayor\u00eda comparte una cosa en com\u00fan: los desaf\u00edos log\u00edsticos. Los problemas de transporte surgen en toda la industria. Los retrasos y problemas de producci\u00f3n condicionan los cronogramas de entrega incluso en las empresas m\u00e1s eficientes. La capacidad de alcance global de las empresas del sector del mueble es limitada, cualquiera que sea su tama\u00f1o.<\/p>\n<p>Noatum Logistics maneja habitualmente este tipo de desaf\u00edos, especialmente en la industria mobiliaria, en la que nuestros 30 a\u00f1os de experiencia nos otorgan una seria reputaci\u00f3n con resultados tangibles.<\/p>\n<p>Ofrecemos una amplia gama de servicios log\u00edsticos en Asia, Am\u00e9rica del Norte, Europa y Am\u00e9rica Latina y somos un partner l\u00edder con amplia experiencia en servicios con origen en China, India y todo el sudeste asi\u00e1tico.<\/p>\n<p>Nuestra experiencia en la industria del mueble, as\u00ed como la utilizaci\u00f3n de nuestras econom\u00edas de escala global en los procesos de compra, nos permite ofrecer a las empresas de todos los tama\u00f1os, incluidas las empresas familiares con recursos log\u00edsticos limitados, la soluci\u00f3n adecuada, como la capacidad de gestionar y realizar el seguimiento nacional o internacional del transporte de muebles.<\/p>\n<\/div><\/div><\/div>[\/vc_column_inner][vc_column_inner width=&#8221;1\/3&#8243; offset=&#8221;vc_hidden-xs&#8221;][vc_single_image image=&#8221;997&#8243; img_size=&#8221;320&#215;320&#8243; alignment=&#8221;right&#8221; style=&#8221;vc_box_shadow_border_circle&#8221;][\/vc_column_inner][\/vc_row_inner][\/vc_column][\/vc_row][vc_row center_row=&#8221;yes&#8221; el_class=&#8221;VinetasRed&#8221;][vc_column]<div class=\"zozo-parallax-header\"><div class=\"parallax-header\"><h2 class=\"parallax-title text-center\">Servicios log\u00edsticos de alta calidad para fabricantes de muebles, importadores y minoristas.<\/h2><div class=\"parallax-desc default-style text-center\"><p>No importa d\u00f3nde se fabriquen, suministren o vendan los muebles. Noatum Logistics puede ofrecerte todos los servicios que necesitas, desde la gesti\u00f3n de la cadena de suministro hasta el inventario JIT, el an\u00e1lisis de costes globales y apoyo en la gesti\u00f3n e-commerce.<\/p>\n<\/div><\/div><\/div>[vc_row_inner][vc_column_inner width=&#8221;1\/5&#8243;][vc_column_text]<strong>Servicios de origen y destino:<\/strong><\/p>\n<ul>\n<li>Kitting &amp; Packing<\/li>\n<li>Almacenaje de valor a\u00f1adido<\/li>\n<\/ul>\n<p>[\/vc_column_text][\/vc_column_inner][vc_column_inner width=&#8221;1\/5&#8243;][vc_column_text]<strong>Orden de compra (PO) y gesti\u00f3n de proveedores<\/strong><\/p>\n<ul>\n<li>Programaci\u00f3n que se sincroniza con fechas de PO<\/li>\n<li>Tracking de PO desde el momento de reserva hasta la entrega.<\/li>\n<li>Tracking de fechas de producci\u00f3n con vendedores<\/li>\n<\/ul>\n<p>[\/vc_column_text][\/vc_column_inner][vc_column_inner width=&#8221;1\/5&#8243;][vc_column_text]<strong>Servicios de transporte dom\u00e9stico<\/strong><\/p>\n<ul>\n<li>Transbordos: transferir cargas de un medio de transporte a otro<\/li>\n<li>Transporte de carga completa<\/li>\n<li>Gesti\u00f3n de reclamaciones de carga<\/li>\n<\/ul>\n<p>[\/vc_column_text][\/vc_column_inner][vc_column_inner width=&#8221;1\/5&#8243;][vc_column_text]<strong>Global Freigh Forwarding y Trade Compliance<\/strong><\/p>\n<ul>\n<li><strong>NVOCC<\/strong><\/li>\n<li>FCL y LCL Mar\u00edtimo<\/li>\n<li>Transporte a\u00e9reo para necesidades urgentes<\/li>\n<li>Gesti\u00f3n de reservas y programaci\u00f3n.<\/li>\n<li>Despacho de aduanas<\/li>\n<li>Global Trade Management<\/li>\n<\/ul>\n<p>[\/vc_column_text][\/vc_column_inner][vc_column_inner width=&#8221;1\/5&#8243;][vc_column_text]<strong>Herramientas de tecnolog\u00eda de punta<\/strong><\/p>\n<ul>\n<li><strong>Integraci\u00f3n de sistemas y conectividad<\/strong> EDI<\/li>\n<li>Facturaci\u00f3n EDI<\/li>\n<li>Reporting<\/li>\n<li>Herramientas de tracking y tracing on-line<\/li>\n<li>Gesti\u00f3n de los costes de entrega totales<\/li>\n<\/ul>\n<p>[\/vc_column_text][\/vc_column_inner][\/vc_row_inner][\/vc_column][\/vc_row][vc_row center_row=&#8221;yes&#8221; bg_overlay=&#8221;yes&#8221; bg_overlay_style=&#8221;overlay-primary&#8221; typo_style=&#8221;light&#8221; el_class=&#8221;redgradientbgtrans&#8221; css=&#8221;.vc_custom_1586857552684{background-image: url(https:\/\/www.noatumlogistics.com\/wp-content\/uploads\/2020\/04\/furniture-industry-logistics-scaled.jpg?id=13309) !important;background-position: center !important;background-repeat: no-repeat !important;background-size: cover !important;}&#8221; el_id=&#8221;why&#8221;][vc_column]<div class=\"zozo-parallax-header\"><div class=\"parallax-header\"><h2 class=\"parallax-title text-center\">Por qu\u00e9 elegir las soluciones de Noatum Logistics para la Industria Mobiliaria<\/h2><div class=\"parallax-desc default-style text-center\"><p>Nuestro \u00e9xito nace de nuestras soluciones para la cadena de suministro, seguras y de confianza, que mejoran la eficiencia, reducen los costes y limitan los inconvenientes que puedan surgir por los estrictos cronogramas de entrega y distribuci\u00f3n.<\/p>\n<\/div><\/div><\/div>[vc_row_inner css=&#8221;.vc_custom_1586269816158{margin-top: 40px !important;}&#8221;][vc_column_inner width=&#8221;1\/3&#8243;][vc_column_text el_class=&#8221;text-center boxwhy&#8221;]<img decoding=\"async\" src=\"\/wp-content\/uploads\/2020\/04\/reliable.png\" \/><\/p>\n<h4 class=\"parallax-title text-center\">FIABILIDAD<\/h4>\n<p>No importa la envergadura de la operaci\u00f3n o el alcance de las necesidades log\u00edsticas, las soluciones personalizadas de Noatum Logistics te proporcionan los resultados que necesitas.[\/vc_column_text][\/vc_column_inner][vc_column_inner width=&#8221;1\/3&#8243;][vc_column_text el_class=&#8221;text-center boxwhy&#8221;]<img decoding=\"async\" src=\"\/wp-content\/uploads\/2020\/04\/especializaci\u00f3n-02-e1586379735422.png\" \/><\/p>\n<h4 class=\"parallax-title text-center\">EXPERIENCIA<\/h4>\n<p>Gracias a nuestra amplia, probada y reconocida experiencia en el sector, ofrecemos una gran variedad de servicios, cubriendo todas las necesidades que esta industria requiere y cumpliendo siempre con los m\u00e1s altos est\u00e1ndares de calidad y control.[\/vc_column_text][\/vc_column_inner][vc_column_inner width=&#8221;1\/3&#8243;][vc_column_text el_class=&#8221;text-center boxwhy&#8221;]<img decoding=\"async\" src=\"\/wp-content\/uploads\/2020\/03\/TEAM-02-e1585138686890.png\" \/><\/p>\n<h4 class=\"parallax-title text-center\">NUESTRO EQUIPO<\/h4>\n<p>Nuestro servicio viene respaldado por el equipo de Noatum Logistics que trabaja globalmente 24\/7 para garantizar que tu experiencia no tenga ning\u00fan contratiempo.[\/vc_column_text][\/vc_column_inner][\/vc_row_inner][\/vc_column][\/vc_row][vc_row center_row=&#8221;yes&#8221; el_id=&#8221;contactform&#8221;][vc_column][vc_single_image image=&#8221;862&#8243; img_size=&#8221;&#8221; alignment=&#8221;center&#8221; el_class=&#8221;imgsep&#8221;]<div class=\"zozo-parallax-header\"><div class=\"parallax-header\"><h2 class=\"parallax-title text-center\" style=\"color:#ae2626;\">Por favor, cont\u00e1ctenos para m\u00e1s informaci\u00f3n<\/h2><\/div><\/div>[vc_column_text]\n<div class=\"wpcf7 no-js\" id=\"wpcf7-f209-o1\" lang=\"es-ES\" dir=\"ltr\" data-wpcf7-id=\"209\">\n<div class=\"screen-reader-response\"><p role=\"status\" aria-live=\"polite\" aria-atomic=\"true\"><\/p> <ul><\/ul><\/div>\n<form action=\"\/pe\/wp-json\/wp\/v2\/pages\/985#wpcf7-f209-o1\" method=\"post\" class=\"wpcf7-form init\" aria-label=\"Formulario de contacto\" novalidate=\"novalidate\" data-status=\"init\">\n<fieldset class=\"hidden-fields-container\"><input type=\"hidden\" name=\"_wpcf7\" value=\"209\" \/><input type=\"hidden\" name=\"_wpcf7_version\" value=\"6.1.5\" \/><input type=\"hidden\" name=\"_wpcf7_locale\" value=\"es_ES\" \/><input type=\"hidden\" name=\"_wpcf7_unit_tag\" value=\"wpcf7-f209-o1\" \/><input type=\"hidden\" name=\"_wpcf7_container_post\" value=\"0\" \/><input type=\"hidden\" name=\"_wpcf7_posted_data_hash\" value=\"\" \/><input type=\"hidden\" name=\"_wpcf7dtx_version\" value=\"5.0.5\" \/><input type=\"hidden\" name=\"_wpcf7_recaptcha_response\" value=\"\" \/>\n<\/fieldset>\n<div class=\"row\">\n\t<div class=\"col-md-12\">\n\t<div class=\"wpcf7-response-output\" aria-hidden=\"true\"><\/div>\n\t<\/div>\n<\/div>\n<p style=\"font-size: 12px; font-weight:400; \">Todos los campos son obligatorios.\n<\/p>\n<div class=\"row\">\n\t<div class=\"col-md-6\">\n\t\t<p><span class=\"wpcf7-form-control-wrap\" data-name=\"tu-nombre\"><input size=\"40\" maxlength=\"400\" class=\"wpcf7-form-control wpcf7-text wpcf7-validates-as-required\" aria-required=\"true\" aria-invalid=\"false\" placeholder=\"Nombre\" value=\"\" type=\"text\" name=\"tu-nombre\" \/><\/span>\n\t\t<\/p>\n\t\t<p><span class=\"wpcf7-form-control-wrap\" data-name=\"tu-Empresa\"><input size=\"40\" maxlength=\"400\" class=\"wpcf7-form-control wpcf7-text wpcf7-validates-as-required\" aria-required=\"true\" aria-invalid=\"false\" placeholder=\"Empresa\" value=\"\" type=\"text\" name=\"tu-Empresa\" \/><\/span>\n\t\t<\/p>\n\t\t<p><span class=\"wpcf7-form-control-wrap\" data-name=\"tel-564\"><input size=\"40\" maxlength=\"400\" class=\"wpcf7-form-control wpcf7-tel wpcf7-validates-as-required wpcf7-text wpcf7-validates-as-tel\" aria-required=\"true\" aria-invalid=\"false\" placeholder=\"Tel\u00e9fono\" value=\"\" type=\"tel\" name=\"tel-564\" \/><\/span>\n\t\t<\/p>\n\t<\/div>\n\t<div class=\"col-md-6\">\n\t\t<p><span class=\"wpcf7-form-control-wrap\" data-name=\"tu-email\"><input size=\"40\" maxlength=\"400\" class=\"wpcf7-form-control wpcf7-email wpcf7-validates-as-required wpcf7-text wpcf7-validates-as-email\" aria-required=\"true\" aria-invalid=\"false\" placeholder=\"Email\" value=\"\" type=\"email\" name=\"tu-email\" \/><\/span>\n\t\t<\/p>\n\t<span class=\"wpcf7-form-control-wrap recipient-email\" data-name=\"recipient-email\"><input type=\"hidden\" name=\"recipient-email\" class=\"wpcf7-form-control wpcf7-hidden wpcf7dtx wpcf7dtx-hidden\" aria-invalid=\"false\" value=\"&#097;&#099;&#105;&#100;&#111;&#110;&#064;&#110;&#111;&#097;&#116;&#117;&#109;&#108;&#111;&#103;&#105;&#115;&#116;&#105;&#099;&#115;&#046;&#099;&#111;&#109;\"><\/span>\n\t\t<p><span class=\"wpcf7-form-control-wrap\" data-name=\"your-message\"><textarea cols=\"40\" rows=\"10\" maxlength=\"2000\" class=\"wpcf7-form-control wpcf7-textarea\" aria-invalid=\"false\" placeholder=\"Mensaje\" name=\"your-message\"><\/textarea><\/span>\n\t\t<\/p>\n\t<\/div>\n<\/div>\n<div class=\"row\">\n\t<div class=\"col-md-12 legalnotice\">\n\t\t<p style=\"font-weight: 300;font-size: 12px;line-height: 1.5em;margin-top: 10px;\">Noatum Holdings S.L.U., con domicilio en la Avenida de Italia n\u00ba2 (CTC), de Coslada (Madrid, Espa\u00f1a), utiliza con su consentimiento los datos personales consignados para responder a su solicitud, envi\u00e1ndolos a la empresa del grupo Noatum m\u00e1s indicada para ello. No se conservar\u00e1n m\u00e1s all\u00e1 del tiempo necesario para responderle. Si acepta la recepci\u00f3n de publicidad de nuestros servicios marcando la casilla correspondiente los conservaremos en tanto no manifieste su voluntad en contrario.\n\t\t<\/p>\n\t\t<p style=\"font-weight: 300;font-size: 12px;line-height: 1.5em; margin-top: 5px;\">Puede contactar con el delegado de protecci\u00f3n de datos en (<a href=\"mailto:dpo@noatum.com\">dpo@noatum.com<\/a>). Si considera que sus derechos han sido vulnerados, puede interponer una reclamaci\u00f3n ante la Agencia Espa\u00f1ola de Protecci\u00f3n de Datos. Si lo desea, puede retirar su consentimiento y ejercer los derechos de acceso, rectificaci\u00f3n, supresi\u00f3n, oposici\u00f3n y limitaci\u00f3n en cualquier momento dirigi\u00e9ndose al correo (<a href=\"mailto:dpo@noatum.com\">dpo@noatum.com<\/a>).\n\t\t<\/p>\n\t<\/div>\n<\/div>\n<div class=\"row\" style=\"margin-top: 10px; margin-bottom: 15px;\">\n\t<div class=\"col-md-12\">\n\t\t<p><span class=\"wpcf7-form-control-wrap\" data-name=\"acceptance-182\"><span class=\"wpcf7-form-control wpcf7-acceptance\"><span class=\"wpcf7-list-item\"><label><input type=\"checkbox\" name=\"acceptance-182\" value=\"1\" aria-invalid=\"false\" \/><span class=\"wpcf7-list-item-label\">Acepto la recepci\u00f3n de publicidad de los servicios del grupo Noatum en mi direcci\u00f3n de correo electr\u00f3nico.<\/span><\/label><\/span><\/span><\/span>\n\t\t<\/p>\n\t<\/div>\n<\/div>\n<div class=\"row\">\n\t<div class=\"col-md-12\">\n\t\t<p><input class=\"wpcf7-form-control wpcf7-submit has-spinner\" type=\"submit\" value=\"Enviar\" \/>\n\t\t<\/p>\n\t<\/div>\n<\/div>\n<\/form>\n<\/div>\n[\/vc_column_text][\/vc_column][\/vc_row]<\/p>\n<\/div>","protected":false},"excerpt":{"rendered":"<p>[vc_row center_row=&#8221;yes&#8221; bg_overlay=&#8221;yes&#8221; typo_style=&#8221;light&#8221; min_height=&#8221;150&#8243; el_class=&#8221;redgradientbgtranss&#8221; css=&#8221;.vc_custom_1586379134750{background-image: url(https:\/\/www.noatumlogistics.com\/pe\/wp-content\/uploads\/sites\/24\/2020\/06\/furniture-industry-logistics-banner.jpg?id=13311) !important;background-position: center !important;background-repeat: no-repeat !important;background-size: cover !important;}&#8221;][vc_column][\/vc_column][\/vc_row][vc_row content_placement=&#8221;middle&#8221; center_row=&#8221;yes&#8221; el_class=&#8221;VinetasRed&#8221; css=&#8221;.vc_custom_1583258489155{background-image: url(https:\/\/www.noatumlogistics.com\/wp-content\/uploads\/2020\/02\/fondo-directorio-2.jpg?id=9849) !important;background-position: center !important;background-repeat: no-repeat !important;background-size: cover !important;}&#8221;][vc_column][vc_row_inner][vc_column_inner width=&#8221;2\/3&#8243; offset=&#8221;vc_col-xs-12&#8243;][\/vc_column_inner][vc_column_inner width=&#8221;1\/3&#8243;&#8230;<\/p>\n","protected":false},"author":9,"featured_media":995,"parent":0,"menu_order":0,"comment_status":"closed","ping_status":"closed","template":"template-fullwidth.php","meta":{"footnotes":""},"class_list":["post-985","page","type-page","status-publish","has-post-thumbnail","hentry"],"yoast_head":"<!-- This site is optimized with the Yoast SEO plugin v27.3 - https:\/\/yoast.com\/product\/yoast-seo-wordpress\/ -->\n<title>Servicios log\u00edsticos a la industria perecedera - Noatum Logistics<\/title>\n<meta name=\"description\" content=\"Servicios log\u00edsticos a la industria perecedera: fletamento de buques reefer, especialidad en carne, pescado y fruta; Contract of Afreightment, etc.\" \/>\n<meta name=\"robots\" content=\"index, follow, max-snippet:-1, max-image-preview:large, max-video-preview:-1\" \/>\n<link rel=\"canonical\" href=\"https:\/\/www.noatumlogistics.com\/pe\/logisticas-mobiliario\/\" \/>\n<meta property=\"og:locale\" content=\"es_ES\" \/>\n<meta property=\"og:type\" content=\"article\" \/>\n<meta property=\"og:title\" content=\"Servicios log\u00edsticos a la industria perecedera - Noatum Logistics\" \/>\n<meta property=\"og:description\" content=\"Servicios log\u00edsticos a la industria perecedera: fletamento de buques reefer, especialidad en carne, pescado y fruta; Contract of Afreightment, etc.\" \/>\n<meta property=\"og:url\" content=\"https:\/\/www.noatumlogistics.com\/pe\/logisticas-mobiliario\/\" \/>\n<meta property=\"og:site_name\" content=\"Per\u00fa\" \/>\n<meta property=\"og:image\" content=\"https:\/\/www.noatumlogistics.com\/pe\/wp-content\/uploads\/sites\/24\/2020\/06\/furniture-logistics-solutions-scaled.jpg\" \/>\n\t<meta property=\"og:image:width\" content=\"2560\" \/>\n\t<meta property=\"og:image:height\" content=\"1707\" \/>\n\t<meta property=\"og:image:type\" content=\"image\/jpeg\" \/>\n<meta name=\"twitter:card\" content=\"summary_large_image\" \/>\n<meta name=\"twitter:label1\" content=\"Tiempo de lectura\" \/>\n\t<meta name=\"twitter:data1\" content=\"5 minutos\" \/>\n<script type=\"application\/ld+json\" class=\"yoast-schema-graph\">{\"@context\":\"https:\\\/\\\/schema.org\",\"@graph\":[{\"@type\":\"WebPage\",\"@id\":\"https:\\\/\\\/www.noatumlogistics.com\\\/pe\\\/logisticas-mobiliario\\\/\",\"url\":\"https:\\\/\\\/www.noatumlogistics.com\\\/pe\\\/logisticas-mobiliario\\\/\",\"name\":\"Servicios log\u00edsticos a la industria perecedera - Noatum Logistics\",\"isPartOf\":{\"@id\":\"https:\\\/\\\/www.noatumlogistics.com\\\/pe\\\/#website\"},\"primaryImageOfPage\":{\"@id\":\"https:\\\/\\\/www.noatumlogistics.com\\\/pe\\\/logisticas-mobiliario\\\/#primaryimage\"},\"image\":{\"@id\":\"https:\\\/\\\/www.noatumlogistics.com\\\/pe\\\/logisticas-mobiliario\\\/#primaryimage\"},\"thumbnailUrl\":\"https:\\\/\\\/www.noatumlogistics.com\\\/pe\\\/wp-content\\\/uploads\\\/sites\\\/24\\\/2020\\\/06\\\/furniture-logistics-solutions-scaled.jpg\",\"datePublished\":\"2020-04-15T17:43:34+00:00\",\"description\":\"Servicios log\u00edsticos a la industria perecedera: fletamento de buques reefer, especialidad en carne, pescado y fruta; Contract of Afreightment, etc.\",\"breadcrumb\":{\"@id\":\"https:\\\/\\\/www.noatumlogistics.com\\\/pe\\\/logisticas-mobiliario\\\/#breadcrumb\"},\"inLanguage\":\"es\",\"potentialAction\":[{\"@type\":\"ReadAction\",\"target\":[\"https:\\\/\\\/www.noatumlogistics.com\\\/pe\\\/logisticas-mobiliario\\\/\"]}]},{\"@type\":\"ImageObject\",\"inLanguage\":\"es\",\"@id\":\"https:\\\/\\\/www.noatumlogistics.com\\\/pe\\\/logisticas-mobiliario\\\/#primaryimage\",\"url\":\"https:\\\/\\\/www.noatumlogistics.com\\\/pe\\\/wp-content\\\/uploads\\\/sites\\\/24\\\/2020\\\/06\\\/furniture-logistics-solutions-scaled.jpg\",\"contentUrl\":\"https:\\\/\\\/www.noatumlogistics.com\\\/pe\\\/wp-content\\\/uploads\\\/sites\\\/24\\\/2020\\\/06\\\/furniture-logistics-solutions-scaled.jpg\",\"width\":2560,\"height\":1707,\"caption\":\"Modern office chair decoration interior of room with copy space\"},{\"@type\":\"BreadcrumbList\",\"@id\":\"https:\\\/\\\/www.noatumlogistics.com\\\/pe\\\/logisticas-mobiliario\\\/#breadcrumb\",\"itemListElement\":[{\"@type\":\"ListItem\",\"position\":1,\"name\":\"Home\",\"item\":\"https:\\\/\\\/www.noatumlogistics.com\\\/pe\\\/\"},{\"@type\":\"ListItem\",\"position\":2,\"name\":\"Soluciones Log\u00edsticas para Mobiliario\"}]},{\"@type\":\"WebSite\",\"@id\":\"https:\\\/\\\/www.noatumlogistics.com\\\/pe\\\/#website\",\"url\":\"https:\\\/\\\/www.noatumlogistics.com\\\/pe\\\/\",\"name\":\"Per\u00fa\",\"description\":\"Just another Noatum Logistics site\",\"potentialAction\":[{\"@type\":\"SearchAction\",\"target\":{\"@type\":\"EntryPoint\",\"urlTemplate\":\"https:\\\/\\\/www.noatumlogistics.com\\\/pe\\\/?s={search_term_string}\"},\"query-input\":{\"@type\":\"PropertyValueSpecification\",\"valueRequired\":true,\"valueName\":\"search_term_string\"}}],\"inLanguage\":\"es\"}]}<\/script>\n<!-- \/ Yoast SEO plugin. -->","yoast_head_json":{"title":"Servicios log\u00edsticos a la industria perecedera - Noatum Logistics","description":"Servicios log\u00edsticos a la industria perecedera: fletamento de buques reefer, especialidad en carne, pescado y fruta; Contract of Afreightment, etc.","robots":{"index":"index","follow":"follow","max-snippet":"max-snippet:-1","max-image-preview":"max-image-preview:large","max-video-preview":"max-video-preview:-1"},"canonical":"https:\/\/www.noatumlogistics.com\/pe\/logisticas-mobiliario\/","og_locale":"es_ES","og_type":"article","og_title":"Servicios log\u00edsticos a la industria perecedera - Noatum Logistics","og_description":"Servicios log\u00edsticos a la industria perecedera: fletamento de buques reefer, especialidad en carne, pescado y fruta; Contract of Afreightment, etc.","og_url":"https:\/\/www.noatumlogistics.com\/pe\/logisticas-mobiliario\/","og_site_name":"Per\u00fa","og_image":[{"width":2560,"height":1707,"url":"https:\/\/www.noatumlogistics.com\/pe\/wp-content\/uploads\/sites\/24\/2020\/06\/furniture-logistics-solutions-scaled.jpg","type":"image\/jpeg"}],"twitter_card":"summary_large_image","twitter_misc":{"Tiempo de lectura":"5 minutos"},"schema":{"@context":"https:\/\/schema.org","@graph":[{"@type":"WebPage","@id":"https:\/\/www.noatumlogistics.com\/pe\/logisticas-mobiliario\/","url":"https:\/\/www.noatumlogistics.com\/pe\/logisticas-mobiliario\/","name":"Servicios log\u00edsticos a la industria perecedera - Noatum Logistics","isPartOf":{"@id":"https:\/\/www.noatumlogistics.com\/pe\/#website"},"primaryImageOfPage":{"@id":"https:\/\/www.noatumlogistics.com\/pe\/logisticas-mobiliario\/#primaryimage"},"image":{"@id":"https:\/\/www.noatumlogistics.com\/pe\/logisticas-mobiliario\/#primaryimage"},"thumbnailUrl":"https:\/\/www.noatumlogistics.com\/pe\/wp-content\/uploads\/sites\/24\/2020\/06\/furniture-logistics-solutions-scaled.jpg","datePublished":"2020-04-15T17:43:34+00:00","description":"Servicios log\u00edsticos a la industria perecedera: fletamento de buques reefer, especialidad en carne, pescado y fruta; Contract of Afreightment, etc.","breadcrumb":{"@id":"https:\/\/www.noatumlogistics.com\/pe\/logisticas-mobiliario\/#breadcrumb"},"inLanguage":"es","potentialAction":[{"@type":"ReadAction","target":["https:\/\/www.noatumlogistics.com\/pe\/logisticas-mobiliario\/"]}]},{"@type":"ImageObject","inLanguage":"es","@id":"https:\/\/www.noatumlogistics.com\/pe\/logisticas-mobiliario\/#primaryimage","url":"https:\/\/www.noatumlogistics.com\/pe\/wp-content\/uploads\/sites\/24\/2020\/06\/furniture-logistics-solutions-scaled.jpg","contentUrl":"https:\/\/www.noatumlogistics.com\/pe\/wp-content\/uploads\/sites\/24\/2020\/06\/furniture-logistics-solutions-scaled.jpg","width":2560,"height":1707,"caption":"Modern office chair decoration interior of room with copy space"},{"@type":"BreadcrumbList","@id":"https:\/\/www.noatumlogistics.com\/pe\/logisticas-mobiliario\/#breadcrumb","itemListElement":[{"@type":"ListItem","position":1,"name":"Home","item":"https:\/\/www.noatumlogistics.com\/pe\/"},{"@type":"ListItem","position":2,"name":"Soluciones Log\u00edsticas para Mobiliario"}]},{"@type":"WebSite","@id":"https:\/\/www.noatumlogistics.com\/pe\/#website","url":"https:\/\/www.noatumlogistics.com\/pe\/","name":"Per\u00fa","description":"Just another Noatum Logistics site","potentialAction":[{"@type":"SearchAction","target":{"@type":"EntryPoint","urlTemplate":"https:\/\/www.noatumlogistics.com\/pe\/?s={search_term_string}"},"query-input":{"@type":"PropertyValueSpecification","valueRequired":true,"valueName":"search_term_string"}}],"inLanguage":"es"}]}},"_links":{"self":[{"href":"https:\/\/www.noatumlogistics.com\/pe\/wp-json\/wp\/v2\/pages\/985","targetHints":{"allow":["GET"]}}],"collection":[{"href":"https:\/\/www.noatumlogistics.com\/pe\/wp-json\/wp\/v2\/pages"}],"about":[{"href":"https:\/\/www.noatumlogistics.com\/pe\/wp-json\/wp\/v2\/types\/page"}],"author":[{"embeddable":true,"href":"https:\/\/www.noatumlogistics.com\/pe\/wp-json\/wp\/v2\/users\/9"}],"replies":[{"embeddable":true,"href":"https:\/\/www.noatumlogistics.com\/pe\/wp-json\/wp\/v2\/comments?post=985"}],"version-history":[{"count":1,"href":"https:\/\/www.noatumlogistics.com\/pe\/wp-json\/wp\/v2\/pages\/985\/revisions"}],"predecessor-version":[{"id":999,"href":"https:\/\/www.noatumlogistics.com\/pe\/wp-json\/wp\/v2\/pages\/985\/revisions\/999"}],"wp:featuredmedia":[{"embeddable":true,"href":"https:\/\/www.noatumlogistics.com\/pe\/wp-json\/wp\/v2\/media\/995"}],"wp:attachment":[{"href":"https:\/\/www.noatumlogistics.com\/pe\/wp-json\/wp\/v2\/media?parent=985"}],"curies":[{"name":"wp","href":"https:\/\/api.w.org\/{rel}","templated":true}]}}