{"id":893,"date":"2020-04-15T18:43:35","date_gmt":"2020-04-15T17:43:35","guid":{"rendered":"https:\/\/www.noatumlogistics.com\/pe\/logistica-energia-renovable\/"},"modified":"2020-06-15T10:03:08","modified_gmt":"2020-06-15T10:03:08","slug":"logistica-energia-renovable","status":"publish","type":"page","link":"https:\/\/www.noatumlogistics.com\/pe\/logistica-energia-renovable\/","title":{"rendered":"Log\u00edstica para energ\u00edas renovables"},"content":{"rendered":"<div class=\"wpb-content-wrapper\"><p>[vc_row center_row=&#8221;yes&#8221; bg_overlay=&#8221;yes&#8221; typo_style=&#8221;light&#8221; min_height=&#8221;150&#8243; el_class=&#8221;redgradientbgtranss&#8221; css=&#8221;.vc_custom_1586449705458{background-image: url(https:\/\/www.noatumlogistics.com\/pe\/wp-content\/uploads\/sites\/24\/2020\/06\/renewable-energy-logistics-banner-2.jpg?id=13508) !important;background-position: center !important;background-repeat: no-repeat !important;background-size: cover !important;}&#8221;][vc_column]<div class=\"zozo-parallax-header\"><div class=\"parallax-header\"><h1 class=\"parallax-title text-left\" style=\"font-size:34px;\">Log\u00edstica para energ\u00edas renovables<\/h1><div class=\"parallax-desc default-style text-left\"><p>Debido a nuestro profundo conocimiento de la industria energ\u00e9tica, ofrecemos las soluciones log\u00edsticas m\u00e1s apropiadas para cada proyecto, de acuerdo con las necesidades particulares de cada uno de nuestros clientes.<\/p>\n<\/div><\/div><\/div>[\/vc_column][\/vc_row][vc_row content_placement=&#8221;middle&#8221; center_row=&#8221;yes&#8221; el_class=&#8221;VinetasRed&#8221; css=&#8221;.vc_custom_1583258489155{background-image: url(https:\/\/www.noatumlogistics.com\/wp-content\/uploads\/2020\/02\/fondo-directorio-2.jpg?id=9849) !important;background-position: center !important;background-repeat: no-repeat !important;background-size: cover !important;}&#8221;][vc_column][vc_row_inner][vc_column_inner width=&#8221;2\/3&#8243; offset=&#8221;vc_col-xs-12&#8243;]<div class=\"zozo-parallax-header\"><div class=\"parallax-header\"><h2 class=\"parallax-title text-left\">Transporte eficiente para el sector de la energ\u00eda renovable<\/h2><div class=\"parallax-desc default-style text-left\"><p>El sector energ\u00e9tico actual se enfrenta a un entorno cambiante y competitivo, con un n\u00famero creciente de desaf\u00edos t\u00e9cnicos y geogr\u00e1ficos que afectan a la industria global.<\/p>\n<p>La log\u00edstica se ha convertido en un elemento cr\u00edtico en la industria, ya que su correcta planificaci\u00f3n y ejecuci\u00f3n puede ser un factor crucial para el \u00e9xito del proyecto. Dise\u00f1amos y proporcionamos la estrategia log\u00edstica id\u00f3nea para cada proyecto industrial, contando con la total implicaci\u00f3n del cliente.<\/p>\n<\/div><\/div><\/div>[\/vc_column_inner][vc_column_inner width=&#8221;1\/3&#8243; offset=&#8221;vc_hidden-xs&#8221;][vc_single_image image=&#8221;900&#8243; img_size=&#8221;320&#215;320&#8243; alignment=&#8221;right&#8221; style=&#8221;vc_box_shadow_border_circle&#8221;][\/vc_column_inner][\/vc_row_inner][\/vc_column][\/vc_row][vc_row center_row=&#8221;yes&#8221; el_class=&#8221;VinetasRed&#8221;][vc_column]<div class=\"zozo-parallax-header\"><div class=\"parallax-header\"><h2 class=\"parallax-title text-center\">Servicios espec\u00edficos para la industria de las energ\u00edas renovables<\/h2><div class=\"parallax-desc default-style text-center\"><p>Gracias a nuestra experiencia en el sector, tenemos una posici\u00f3n s\u00f3lida en la log\u00edstica para la industria de la energ\u00eda verde. Las soluciones log\u00edsticas que ofrecemos a nuestros clientes y nuestro conocimiento espec\u00edfico del sector marcan la diferencia:<\/p>\n<\/div><\/div><\/div><div id=\"ult-easy-separator-216326858169db87d889aed\" class=\"ult-easy-separator-wrapper ult-responsive ult-bottom-easy-separator  \" style=\"\" data-vc-row=\"wpb_row\"  data-ultimate-target='#ult-easy-separator-216326858169db87d889aed'  data-responsive-json-new='{\"width\":\"\"}' ><div class=\"ult-easy-separator-inner-wrapper\"><div class=\"ult-no-animation\" style=\"opacity:0;\"   ><img decoding=\"async\" class=\"ult-easy-separator-img\" alt=\"null\" src=\"https:\/\/www.noatumlogistics.com\/wp-content\/uploads\/2016\/04\/arrowdown-1.png\" \/><a href=\"#why\" ><\/a><\/div><\/div><\/div>[vc_row_inner][vc_column_inner width=&#8221;1\/2&#8243;][vc_column_text]<\/p>\n<ul>\n<li>Proyectos llave en mano:\u00a0somos especialistas en llevar a cabo la log\u00edstica de proyectos industriales llave en mano. Al tener un perfecto conocimiento de este sector empresarial, podemos adaptarnos a cualquier segmento de la cadena log\u00edstica seg\u00fan las necesidades de nuestros clientes.<\/li>\n<li>Transporte mar\u00edtimo y a\u00e9reo:\u00a0al ser l\u00edderes en el mercado de fletamentos mar\u00edtimos y a\u00e9reos para carga de proyecto y breakbulk podemos ofrecer a nuestros clientes y socios log\u00edsticos toda nuestra experiencia, llevando a cabo los env\u00edos por mar y\/o aire al m\u00e1s alto nivel en las condiciones de mercado m\u00e1s competitivas.<\/li>\n<li>Ingenier\u00eda del transporte:\u00a0ponemos a disposici\u00f3n de nuestros clientes nuestros servicios de ingenier\u00eda del trasporte, en los que est\u00e1n incluidos los servicios de nuestros proveedores y de nuestra auditor\u00eda t\u00e9cnica. Ofrecemos soluciones mundiales para operaciones de transporte e izado de cualquier tipo de carga, ya sea Heavy Lift o sobredimensionada.<\/li>\n<\/ul>\n<p>[\/vc_column_text][\/vc_column_inner][vc_column_inner width=&#8221;1\/2&#8243;][vc_column_text]<\/p>\n<ul>\n<li>Terminales Portuarias:\u00a0terminales propias del Grupo Noatum, con equipos especializados y experimentados en la gesti\u00f3n de cargas complejas, como la estiba de palas e\u00f3licas de m\u00e1s de 60 metros de longitud. Almacenes cubiertos y campas descubiertas, que disponen de gr\u00faas y material auxiliar espec\u00edfico para la manipulaci\u00f3n de grandes piezas.<\/li>\n<li>Aduanas: analizamos y proponemos los m\u00e9todos m\u00e1s adecuados para liquidar los aranceles de la carga en cualquier destino y desde cualquier origen.<\/li>\n<li>Planificaci\u00f3n log\u00edstica: buscamos las ubicaciones, los m\u00e9todos, las herramientas y el acceso adecuados para transportar la carga a cualquier destino.<\/li>\n<li>Asistencia en compra: ponemos a disposici\u00f3n de nuestros clientes nuestra experiencia dise\u00f1ando los escenarios log\u00edsticos m\u00e1s favorables para que puedan realizar sus compras de la forma m\u00e1s efectiva.<\/li>\n<\/ul>\n<p>[\/vc_column_text][\/vc_column_inner][\/vc_row_inner][\/vc_column][\/vc_row][vc_row center_row=&#8221;yes&#8221; bg_overlay=&#8221;yes&#8221; bg_overlay_style=&#8221;overlay-primary&#8221; typo_style=&#8221;light&#8221; el_class=&#8221;redgradientbgtrans&#8221; css=&#8221;.vc_custom_1586862194666{background-image: url(https:\/\/www.noatumlogistics.com\/wp-content\/uploads\/2020\/04\/reefer-logistics-scaled.jpg?id=13470) !important;background-position: center !important;background-repeat: no-repeat !important;background-size: cover !important;}&#8221; el_id=&#8221;why&#8221;][vc_column]<div class=\"zozo-parallax-header\"><div class=\"parallax-header\"><h2 class=\"parallax-title text-center\">Por qu\u00e9 elegir las soluciones de Noatum Logistics para la industria de la energ\u00eda renovable<\/h2><div class=\"parallax-desc default-style text-center\"><p>El sector de la energ\u00eda renovable generalmente requiere el transporte puerta a puerta de piezas pesadas y de gran tama\u00f1o. Ofrecemos una gesti\u00f3n eficiente en todas las etapas del proyecto: transporte, almacenamiento y entrega.<\/p>\n<\/div><\/div><\/div>[vc_row_inner css=&#8221;.vc_custom_1586269816158{margin-top: 40px !important;}&#8221;][vc_column_inner width=&#8221;1\/3&#8243;][vc_column_text el_class=&#8221;text-center boxwhy&#8221;]<img decoding=\"async\" src=\"\/wp-content\/uploads\/2020\/04\/technology-01.svg\" \/><\/p>\n<h4 class=\"parallax-title text-center\">TECNOLOG\u00cdA<\/h4>\n<p>Soporte t\u00e9cnico con software de \u00faltima generaci\u00f3n.[\/vc_column_text][\/vc_column_inner][vc_column_inner width=&#8221;1\/3&#8243;][vc_column_text el_class=&#8221;text-center boxwhy&#8221;]<img decoding=\"async\" src=\"\/wp-content\/uploads\/2020\/03\/TEAM-02-e1585138686890.png\" \/><\/p>\n<h4 class=\"parallax-title text-center\">EQUIPO<\/h4>\n<p>Un equipo dedicado de profesionales altamente cualificados.[\/vc_column_text][\/vc_column_inner][vc_column_inner width=&#8221;1\/3&#8243;][vc_column_text el_class=&#8221;text-center boxwhy&#8221;]<img decoding=\"async\" src=\"\/wp-content\/uploads\/2020\/03\/noatum-paises-.svg\" \/><\/p>\n<h4 class=\"parallax-title text-center\">GLOBAL<\/h4>\n<p>Presencia en 27 pa\u00edses, capacidad de adaptaci\u00f3n a las necesidades del cliente.[\/vc_column_text][\/vc_column_inner][\/vc_row_inner][\/vc_column][\/vc_row][vc_row center_row=&#8221;yes&#8221; css=&#8221;.vc_custom_1586862051487{background-color: #f7f7f7 !important;}&#8221; el_id=&#8221;contactform&#8221;][vc_column]<div id=\"ult-easy-separator-250246590069db87d889d9b\" class=\"ult-easy-separator-wrapper ult-responsive ult-top-easy-separator  \" style=\"\" data-vc-row=\"wpb_row\"  data-ultimate-target='#ult-easy-separator-250246590069db87d889d9b'  data-responsive-json-new='{\"width\":\"\"}' ><div class=\"ult-easy-separator-inner-wrapper\"><div class=\"ult-no-animation\" style=\"opacity:0;\"   ><img decoding=\"async\" class=\"ult-easy-separator-img\" alt=\"null\" src=\"https:\/\/www.noatumlogistics.com\/wp-content\/uploads\/2016\/04\/arrowdown-1.png\" \/><a href=\"#contactform\" ><\/a><\/div><\/div><\/div><div class=\"zozo-parallax-header\"><div class=\"parallax-header\"><h2 class=\"parallax-title text-center\" style=\"color:#ae2626;\">Por favor, cont\u00e1ctenos para m\u00e1s informaci\u00f3n<\/h2><\/div><\/div>\n<div class=\"wpcf7 no-js\" id=\"wpcf7-f209-o1\" lang=\"es-ES\" dir=\"ltr\" data-wpcf7-id=\"209\">\n<div class=\"screen-reader-response\"><p role=\"status\" aria-live=\"polite\" aria-atomic=\"true\"><\/p> <ul><\/ul><\/div>\n<form action=\"\/pe\/wp-json\/wp\/v2\/pages\/893#wpcf7-f209-o1\" method=\"post\" class=\"wpcf7-form init\" aria-label=\"Formulario de contacto\" novalidate=\"novalidate\" data-status=\"init\">\n<fieldset class=\"hidden-fields-container\"><input type=\"hidden\" name=\"_wpcf7\" value=\"209\" \/><input type=\"hidden\" name=\"_wpcf7_version\" value=\"6.1.5\" \/><input type=\"hidden\" name=\"_wpcf7_locale\" value=\"es_ES\" \/><input type=\"hidden\" name=\"_wpcf7_unit_tag\" value=\"wpcf7-f209-o1\" \/><input type=\"hidden\" name=\"_wpcf7_container_post\" value=\"0\" \/><input type=\"hidden\" name=\"_wpcf7_posted_data_hash\" value=\"\" \/><input type=\"hidden\" name=\"_wpcf7dtx_version\" value=\"5.0.5\" \/><input type=\"hidden\" name=\"_wpcf7_recaptcha_response\" value=\"\" \/>\n<\/fieldset>\n<div class=\"row\">\n\t<div class=\"col-md-12\">\n\t<div class=\"wpcf7-response-output\" aria-hidden=\"true\"><\/div>\n\t<\/div>\n<\/div>\n<p style=\"font-size: 12px; font-weight:400; \">Todos los campos son obligatorios.\n<\/p>\n<div class=\"row\">\n\t<div class=\"col-md-6\">\n\t\t<p><span class=\"wpcf7-form-control-wrap\" data-name=\"tu-nombre\"><input size=\"40\" maxlength=\"400\" class=\"wpcf7-form-control wpcf7-text wpcf7-validates-as-required\" aria-required=\"true\" aria-invalid=\"false\" placeholder=\"Nombre\" value=\"\" type=\"text\" name=\"tu-nombre\" \/><\/span>\n\t\t<\/p>\n\t\t<p><span class=\"wpcf7-form-control-wrap\" data-name=\"tu-Empresa\"><input size=\"40\" maxlength=\"400\" class=\"wpcf7-form-control wpcf7-text wpcf7-validates-as-required\" aria-required=\"true\" aria-invalid=\"false\" placeholder=\"Empresa\" value=\"\" type=\"text\" name=\"tu-Empresa\" \/><\/span>\n\t\t<\/p>\n\t\t<p><span class=\"wpcf7-form-control-wrap\" data-name=\"tel-564\"><input size=\"40\" maxlength=\"400\" class=\"wpcf7-form-control wpcf7-tel wpcf7-validates-as-required wpcf7-text wpcf7-validates-as-tel\" aria-required=\"true\" aria-invalid=\"false\" placeholder=\"Tel\u00e9fono\" value=\"\" type=\"tel\" name=\"tel-564\" \/><\/span>\n\t\t<\/p>\n\t<\/div>\n\t<div class=\"col-md-6\">\n\t\t<p><span class=\"wpcf7-form-control-wrap\" data-name=\"tu-email\"><input size=\"40\" maxlength=\"400\" class=\"wpcf7-form-control wpcf7-email wpcf7-validates-as-required wpcf7-text wpcf7-validates-as-email\" aria-required=\"true\" aria-invalid=\"false\" placeholder=\"Email\" value=\"\" type=\"email\" name=\"tu-email\" \/><\/span>\n\t\t<\/p>\n\t<span class=\"wpcf7-form-control-wrap recipient-email\" data-name=\"recipient-email\"><input type=\"hidden\" name=\"recipient-email\" class=\"wpcf7-form-control wpcf7-hidden wpcf7dtx wpcf7dtx-hidden\" aria-invalid=\"false\" value=\"&#097;&#099;&#105;&#100;&#111;&#110;&#064;&#110;&#111;&#097;&#116;&#117;&#109;&#108;&#111;&#103;&#105;&#115;&#116;&#105;&#099;&#115;&#046;&#099;&#111;&#109;\"><\/span>\n\t\t<p><span class=\"wpcf7-form-control-wrap\" data-name=\"your-message\"><textarea cols=\"40\" rows=\"10\" maxlength=\"2000\" class=\"wpcf7-form-control wpcf7-textarea\" aria-invalid=\"false\" placeholder=\"Mensaje\" name=\"your-message\"><\/textarea><\/span>\n\t\t<\/p>\n\t<\/div>\n<\/div>\n<div class=\"row\">\n\t<div class=\"col-md-12 legalnotice\">\n\t\t<p style=\"font-weight: 300;font-size: 12px;line-height: 1.5em;margin-top: 10px;\">Noatum Holdings S.L.U., con domicilio en la Avenida de Italia n\u00ba2 (CTC), de Coslada (Madrid, Espa\u00f1a), utiliza con su consentimiento los datos personales consignados para responder a su solicitud, envi\u00e1ndolos a la empresa del grupo Noatum m\u00e1s indicada para ello. No se conservar\u00e1n m\u00e1s all\u00e1 del tiempo necesario para responderle. Si acepta la recepci\u00f3n de publicidad de nuestros servicios marcando la casilla correspondiente los conservaremos en tanto no manifieste su voluntad en contrario.\n\t\t<\/p>\n\t\t<p style=\"font-weight: 300;font-size: 12px;line-height: 1.5em; margin-top: 5px;\">Puede contactar con el delegado de protecci\u00f3n de datos en (<a href=\"mailto:dpo@noatum.com\">dpo@noatum.com<\/a>). Si considera que sus derechos han sido vulnerados, puede interponer una reclamaci\u00f3n ante la Agencia Espa\u00f1ola de Protecci\u00f3n de Datos. Si lo desea, puede retirar su consentimiento y ejercer los derechos de acceso, rectificaci\u00f3n, supresi\u00f3n, oposici\u00f3n y limitaci\u00f3n en cualquier momento dirigi\u00e9ndose al correo (<a href=\"mailto:dpo@noatum.com\">dpo@noatum.com<\/a>).\n\t\t<\/p>\n\t<\/div>\n<\/div>\n<div class=\"row\" style=\"margin-top: 10px; margin-bottom: 15px;\">\n\t<div class=\"col-md-12\">\n\t\t<p><span class=\"wpcf7-form-control-wrap\" data-name=\"acceptance-182\"><span class=\"wpcf7-form-control wpcf7-acceptance\"><span class=\"wpcf7-list-item\"><label><input type=\"checkbox\" name=\"acceptance-182\" value=\"1\" aria-invalid=\"false\" \/><span class=\"wpcf7-list-item-label\">Acepto la recepci\u00f3n de publicidad de los servicios del grupo Noatum en mi direcci\u00f3n de correo electr\u00f3nico.<\/span><\/label><\/span><\/span><\/span>\n\t\t<\/p>\n\t<\/div>\n<\/div>\n<div class=\"row\">\n\t<div class=\"col-md-12\">\n\t\t<p><input class=\"wpcf7-form-control wpcf7-submit has-spinner\" type=\"submit\" value=\"Enviar\" \/>\n\t\t<\/p>\n\t<\/div>\n<\/div>\n<\/form>\n<\/div>\n[\/vc_column][\/vc_row]<\/p>\n<\/div>","protected":false},"excerpt":{"rendered":"<p>[vc_row center_row=&#8221;yes&#8221; bg_overlay=&#8221;yes&#8221; typo_style=&#8221;light&#8221; min_height=&#8221;150&#8243; el_class=&#8221;redgradientbgtranss&#8221; css=&#8221;.vc_custom_1586449705458{background-image: url(https:\/\/www.noatumlogistics.com\/pe\/wp-content\/uploads\/sites\/24\/2020\/06\/renewable-energy-logistics-banner-2.jpg?id=13508) !important;background-position: center !important;background-repeat: no-repeat !important;background-size: cover !important;}&#8221;][vc_column][\/vc_column][\/vc_row][vc_row content_placement=&#8221;middle&#8221; center_row=&#8221;yes&#8221; el_class=&#8221;VinetasRed&#8221; css=&#8221;.vc_custom_1583258489155{background-image: url(https:\/\/www.noatumlogistics.com\/wp-content\/uploads\/2020\/02\/fondo-directorio-2.jpg?id=9849) !important;background-position: center !important;background-repeat: no-repeat !important;background-size: cover !important;}&#8221;][vc_column][vc_row_inner][vc_column_inner width=&#8221;2\/3&#8243; offset=&#8221;vc_col-xs-12&#8243;][\/vc_column_inner][vc_column_inner width=&#8221;1\/3&#8243;&#8230;<\/p>\n","protected":false},"author":9,"featured_media":894,"parent":0,"menu_order":0,"comment_status":"closed","ping_status":"closed","template":"template-fullwidth.php","meta":{"footnotes":""},"class_list":["post-893","page","type-page","status-publish","has-post-thumbnail","hentry"],"yoast_head":"<!-- This site is optimized with the Yoast SEO plugin v27.3 - https:\/\/yoast.com\/product\/yoast-seo-wordpress\/ -->\n<title>Servicios log\u00edsticos a la industria perecedera - Noatum Logistics<\/title>\n<meta name=\"description\" content=\"Servicios log\u00edsticos a la industria perecedera: fletamento de buques reefer, especialidad en carne, pescado y fruta; Contract of Afreightment, etc.\" \/>\n<meta name=\"robots\" content=\"index, follow, max-snippet:-1, max-image-preview:large, max-video-preview:-1\" \/>\n<link rel=\"canonical\" href=\"https:\/\/www.noatumlogistics.com\/pe\/logistica-energia-renovable\/\" \/>\n<meta property=\"og:locale\" content=\"es_ES\" \/>\n<meta property=\"og:type\" content=\"article\" \/>\n<meta property=\"og:title\" content=\"Servicios log\u00edsticos a la industria perecedera - Noatum Logistics\" \/>\n<meta property=\"og:description\" content=\"Servicios log\u00edsticos a la industria perecedera: fletamento de buques reefer, especialidad en carne, pescado y fruta; Contract of Afreightment, etc.\" \/>\n<meta property=\"og:url\" content=\"https:\/\/www.noatumlogistics.com\/pe\/logistica-energia-renovable\/\" \/>\n<meta property=\"og:site_name\" content=\"Per\u00fa\" \/>\n<meta property=\"article:modified_time\" content=\"2020-06-15T10:03:08+00:00\" \/>\n<meta property=\"og:image\" content=\"https:\/\/www.noatumlogistics.com\/pe\/wp-content\/uploads\/sites\/24\/2020\/06\/green-energy-logistics-scaled.jpg\" \/>\n\t<meta property=\"og:image:width\" content=\"2560\" \/>\n\t<meta property=\"og:image:height\" content=\"1696\" \/>\n\t<meta property=\"og:image:type\" content=\"image\/jpeg\" \/>\n<meta name=\"twitter:card\" content=\"summary_large_image\" \/>\n<meta name=\"twitter:label1\" content=\"Tiempo de lectura\" \/>\n\t<meta name=\"twitter:data1\" content=\"5 minutos\" \/>\n<script type=\"application\/ld+json\" class=\"yoast-schema-graph\">{\"@context\":\"https:\\\/\\\/schema.org\",\"@graph\":[{\"@type\":\"WebPage\",\"@id\":\"https:\\\/\\\/www.noatumlogistics.com\\\/pe\\\/logistica-energia-renovable\\\/\",\"url\":\"https:\\\/\\\/www.noatumlogistics.com\\\/pe\\\/logistica-energia-renovable\\\/\",\"name\":\"Servicios log\u00edsticos a la industria perecedera - Noatum Logistics\",\"isPartOf\":{\"@id\":\"https:\\\/\\\/www.noatumlogistics.com\\\/pe\\\/#website\"},\"primaryImageOfPage\":{\"@id\":\"https:\\\/\\\/www.noatumlogistics.com\\\/pe\\\/logistica-energia-renovable\\\/#primaryimage\"},\"image\":{\"@id\":\"https:\\\/\\\/www.noatumlogistics.com\\\/pe\\\/logistica-energia-renovable\\\/#primaryimage\"},\"thumbnailUrl\":\"https:\\\/\\\/www.noatumlogistics.com\\\/pe\\\/wp-content\\\/uploads\\\/sites\\\/24\\\/2020\\\/06\\\/green-energy-logistics-scaled.jpg\",\"datePublished\":\"2020-04-15T17:43:35+00:00\",\"dateModified\":\"2020-06-15T10:03:08+00:00\",\"description\":\"Servicios log\u00edsticos a la industria perecedera: fletamento de buques reefer, especialidad en carne, pescado y fruta; Contract of Afreightment, etc.\",\"breadcrumb\":{\"@id\":\"https:\\\/\\\/www.noatumlogistics.com\\\/pe\\\/logistica-energia-renovable\\\/#breadcrumb\"},\"inLanguage\":\"es\",\"potentialAction\":[{\"@type\":\"ReadAction\",\"target\":[\"https:\\\/\\\/www.noatumlogistics.com\\\/pe\\\/logistica-energia-renovable\\\/\"]}]},{\"@type\":\"ImageObject\",\"inLanguage\":\"es\",\"@id\":\"https:\\\/\\\/www.noatumlogistics.com\\\/pe\\\/logistica-energia-renovable\\\/#primaryimage\",\"url\":\"https:\\\/\\\/www.noatumlogistics.com\\\/pe\\\/wp-content\\\/uploads\\\/sites\\\/24\\\/2020\\\/06\\\/green-energy-logistics-scaled.jpg\",\"contentUrl\":\"https:\\\/\\\/www.noatumlogistics.com\\\/pe\\\/wp-content\\\/uploads\\\/sites\\\/24\\\/2020\\\/06\\\/green-energy-logistics-scaled.jpg\",\"width\":2560,\"height\":1696,\"caption\":\"Beautiful sunset above the windmills on the field\"},{\"@type\":\"BreadcrumbList\",\"@id\":\"https:\\\/\\\/www.noatumlogistics.com\\\/pe\\\/logistica-energia-renovable\\\/#breadcrumb\",\"itemListElement\":[{\"@type\":\"ListItem\",\"position\":1,\"name\":\"Home\",\"item\":\"https:\\\/\\\/www.noatumlogistics.com\\\/pe\\\/\"},{\"@type\":\"ListItem\",\"position\":2,\"name\":\"Log\u00edstica para energ\u00edas renovables\"}]},{\"@type\":\"WebSite\",\"@id\":\"https:\\\/\\\/www.noatumlogistics.com\\\/pe\\\/#website\",\"url\":\"https:\\\/\\\/www.noatumlogistics.com\\\/pe\\\/\",\"name\":\"Per\u00fa\",\"description\":\"Just another Noatum Logistics site\",\"potentialAction\":[{\"@type\":\"SearchAction\",\"target\":{\"@type\":\"EntryPoint\",\"urlTemplate\":\"https:\\\/\\\/www.noatumlogistics.com\\\/pe\\\/?s={search_term_string}\"},\"query-input\":{\"@type\":\"PropertyValueSpecification\",\"valueRequired\":true,\"valueName\":\"search_term_string\"}}],\"inLanguage\":\"es\"}]}<\/script>\n<!-- \/ Yoast SEO plugin. -->","yoast_head_json":{"title":"Servicios log\u00edsticos a la industria perecedera - Noatum Logistics","description":"Servicios log\u00edsticos a la industria perecedera: fletamento de buques reefer, especialidad en carne, pescado y fruta; Contract of Afreightment, etc.","robots":{"index":"index","follow":"follow","max-snippet":"max-snippet:-1","max-image-preview":"max-image-preview:large","max-video-preview":"max-video-preview:-1"},"canonical":"https:\/\/www.noatumlogistics.com\/pe\/logistica-energia-renovable\/","og_locale":"es_ES","og_type":"article","og_title":"Servicios log\u00edsticos a la industria perecedera - Noatum Logistics","og_description":"Servicios log\u00edsticos a la industria perecedera: fletamento de buques reefer, especialidad en carne, pescado y fruta; Contract of Afreightment, etc.","og_url":"https:\/\/www.noatumlogistics.com\/pe\/logistica-energia-renovable\/","og_site_name":"Per\u00fa","article_modified_time":"2020-06-15T10:03:08+00:00","og_image":[{"width":2560,"height":1696,"url":"https:\/\/www.noatumlogistics.com\/pe\/wp-content\/uploads\/sites\/24\/2020\/06\/green-energy-logistics-scaled.jpg","type":"image\/jpeg"}],"twitter_card":"summary_large_image","twitter_misc":{"Tiempo de lectura":"5 minutos"},"schema":{"@context":"https:\/\/schema.org","@graph":[{"@type":"WebPage","@id":"https:\/\/www.noatumlogistics.com\/pe\/logistica-energia-renovable\/","url":"https:\/\/www.noatumlogistics.com\/pe\/logistica-energia-renovable\/","name":"Servicios log\u00edsticos a la industria perecedera - Noatum Logistics","isPartOf":{"@id":"https:\/\/www.noatumlogistics.com\/pe\/#website"},"primaryImageOfPage":{"@id":"https:\/\/www.noatumlogistics.com\/pe\/logistica-energia-renovable\/#primaryimage"},"image":{"@id":"https:\/\/www.noatumlogistics.com\/pe\/logistica-energia-renovable\/#primaryimage"},"thumbnailUrl":"https:\/\/www.noatumlogistics.com\/pe\/wp-content\/uploads\/sites\/24\/2020\/06\/green-energy-logistics-scaled.jpg","datePublished":"2020-04-15T17:43:35+00:00","dateModified":"2020-06-15T10:03:08+00:00","description":"Servicios log\u00edsticos a la industria perecedera: fletamento de buques reefer, especialidad en carne, pescado y fruta; Contract of Afreightment, etc.","breadcrumb":{"@id":"https:\/\/www.noatumlogistics.com\/pe\/logistica-energia-renovable\/#breadcrumb"},"inLanguage":"es","potentialAction":[{"@type":"ReadAction","target":["https:\/\/www.noatumlogistics.com\/pe\/logistica-energia-renovable\/"]}]},{"@type":"ImageObject","inLanguage":"es","@id":"https:\/\/www.noatumlogistics.com\/pe\/logistica-energia-renovable\/#primaryimage","url":"https:\/\/www.noatumlogistics.com\/pe\/wp-content\/uploads\/sites\/24\/2020\/06\/green-energy-logistics-scaled.jpg","contentUrl":"https:\/\/www.noatumlogistics.com\/pe\/wp-content\/uploads\/sites\/24\/2020\/06\/green-energy-logistics-scaled.jpg","width":2560,"height":1696,"caption":"Beautiful sunset above the windmills on the field"},{"@type":"BreadcrumbList","@id":"https:\/\/www.noatumlogistics.com\/pe\/logistica-energia-renovable\/#breadcrumb","itemListElement":[{"@type":"ListItem","position":1,"name":"Home","item":"https:\/\/www.noatumlogistics.com\/pe\/"},{"@type":"ListItem","position":2,"name":"Log\u00edstica para energ\u00edas renovables"}]},{"@type":"WebSite","@id":"https:\/\/www.noatumlogistics.com\/pe\/#website","url":"https:\/\/www.noatumlogistics.com\/pe\/","name":"Per\u00fa","description":"Just another Noatum Logistics site","potentialAction":[{"@type":"SearchAction","target":{"@type":"EntryPoint","urlTemplate":"https:\/\/www.noatumlogistics.com\/pe\/?s={search_term_string}"},"query-input":{"@type":"PropertyValueSpecification","valueRequired":true,"valueName":"search_term_string"}}],"inLanguage":"es"}]}},"_links":{"self":[{"href":"https:\/\/www.noatumlogistics.com\/pe\/wp-json\/wp\/v2\/pages\/893","targetHints":{"allow":["GET"]}}],"collection":[{"href":"https:\/\/www.noatumlogistics.com\/pe\/wp-json\/wp\/v2\/pages"}],"about":[{"href":"https:\/\/www.noatumlogistics.com\/pe\/wp-json\/wp\/v2\/types\/page"}],"author":[{"embeddable":true,"href":"https:\/\/www.noatumlogistics.com\/pe\/wp-json\/wp\/v2\/users\/9"}],"replies":[{"embeddable":true,"href":"https:\/\/www.noatumlogistics.com\/pe\/wp-json\/wp\/v2\/comments?post=893"}],"version-history":[{"count":3,"href":"https:\/\/www.noatumlogistics.com\/pe\/wp-json\/wp\/v2\/pages\/893\/revisions"}],"predecessor-version":[{"id":1060,"href":"https:\/\/www.noatumlogistics.com\/pe\/wp-json\/wp\/v2\/pages\/893\/revisions\/1060"}],"wp:featuredmedia":[{"embeddable":true,"href":"https:\/\/www.noatumlogistics.com\/pe\/wp-json\/wp\/v2\/media\/894"}],"wp:attachment":[{"href":"https:\/\/www.noatumlogistics.com\/pe\/wp-json\/wp\/v2\/media?parent=893"}],"curies":[{"name":"wp","href":"https:\/\/api.w.org\/{rel}","templated":true}]}}