{"id":3259,"date":"2024-10-25T14:17:12","date_gmt":"2024-10-25T13:17:12","guid":{"rendered":"https:\/\/www.noatumlogistics.com\/pe\/consultoria-comercio-internacional\/gestion-de-impuestos\/"},"modified":"2024-10-25T14:17:12","modified_gmt":"2024-10-25T13:17:12","slug":"gestion-de-impuestos","status":"publish","type":"page","link":"https:\/\/www.noatumlogistics.com\/pe\/consultoria-comercio-internacional\/gestion-de-impuestos\/","title":{"rendered":"Gesti\u00f3n de impuestos y aranceles"},"content":{"rendered":"<div class=\"wpb-content-wrapper\"><p>[vc_row center_row=&#8221;yes&#8221; bg_overlay=&#8221;yes&#8221; typo_style=&#8221;light&#8221; css=&#8221;.vc_custom_1724421767352{padding-top: 120px !important;padding-bottom: 120px !important;background-image: url(https:\/\/www.noatumlogistics.com\/pe\/wp-content\/uploads\/sites\/24\/2024\/11\/Noatum-Logistics_Solutions_Global-trade-management_Duty-mitigation_1.jpg?id=20244) !important;background-position: center !important;background-repeat: no-repeat !important;background-size: cover !important;}&#8221; el_class=&#8221;primerafila&#8221;][vc_column]<div class=\"zozo-parallax-header\"><div class=\"parallax-header\"><h1 class=\"parallax-title text-left\">Gesti\u00f3n de impuestos y aranceles <\/h1><\/div><\/div>[vc_btn title=&#8221;Contacto&#8221; link=&#8221;url:%23contactform|&#8221;][\/vc_column][\/vc_row][vc_row center_row=&#8221;yes&#8221; el_class=&#8221;menucarousel&#8221; css=&#8221;.vc_custom_1582807539452{background-image: url(https:\/\/www.noatumlogistics.com\/wp-content\/uploads\/2016\/06\/fondo-directorio.jpg?id=1359) !important;background-position: center !important;background-repeat: no-repeat !important;background-size: cover !important;}&#8221;][vc_column el_class=&#8221;solcarousel&#8221;][vc_row_inner][vc_column_inner width=&#8221;1\/3&#8243;]<div class=\"zozo-parallax-header\"><div class=\"parallax-header\"><h2 class=\"parallax-title text-left text-none\">Minimiza costes con nuestra experiencia en gesti\u00f3n aduanera<\/h2><\/div><\/div>[\/vc_column_inner][vc_column_inner width=&#8221;2\/3&#8243; css=&#8221;.vc_custom_1724410473159{padding-top: 10px !important;}&#8221;][vc_column_text css=&#8221;&#8221;]<\/p>\n<p style=\"font-weight: 400;\">En Noatum Logistics, comprendemos que la gesti\u00f3n de aranceles de importaci\u00f3n y exportaci\u00f3n puede ser un desaf\u00edo. Por ello, nos enfocamos en simplificar este proceso para ti. Nuestros servicios de consultor\u00eda en mitigaci\u00f3n de aranceles est\u00e1n dise\u00f1ados para impulsar el crecimiento de tu negocio y garantizar su competitividad global. Aprovechando diversos programas espec\u00edficos de cada pa\u00eds, te asistimos en diferir o mitigar los pagos de aranceles e impuestos de importaci\u00f3n y exportaci\u00f3n, adapt\u00e1ndonos a tus actividades comerciales, como fabricaci\u00f3n, importaci\u00f3n, importaci\u00f3n temporal, exportaci\u00f3n y almacenamiento.<\/p>\n<p>[\/vc_column_text][\/vc_column_inner][\/vc_row_inner][\/vc_column][\/vc_row][vc_row center_row=&#8221;yes&#8221; css=&#8221;.vc_custom_1724410047118{margin-top: 60px !important;border-top-width: 0px !important;padding-top: 0px !important;}&#8221; el_class=&#8221;Vinetasred&#8221;][vc_column]<div class=\"zozo-parallax-header VinetasRed\"><div class=\"parallax-header\"><h2 class=\"parallax-title text-left text-none\">Nuestros servicios en mitigaci\u00f3n de impuestos<\/h2><\/div><\/div>[vc_row_inner el_class=&#8221;warehouses&#8221;][vc_column_inner width=&#8221;2\/3&#8243; css=&#8221;.vc_custom_1724414325123{padding-left: 15px !important;}&#8221;][vc_column_text css=&#8221;&#8221; el_class=&#8221;VinetasRed&#8221;]Ofrecemos un programa integral de consultor\u00eda en mitigaci\u00f3n de impuestos y aranceles, con una amplia gama de servicios personalizados para satisfacer tus necesidades espec\u00edficas:<\/p>\n<div class=\"row\" style=\"margin-bottom: 10px;\">\n<div class=\"col-md-6\">\n<ul>\n<li><strong>Despacho aduanero y procedimientos posteriores<\/strong>: asistencia con el despacho aduanero y manejo de procedimientos posteriores para asegurar el cumplimiento y resolver contratiempos.<\/li>\n<li><strong>Programas de reconciliaci\u00f3n aduanera<\/strong>: implementaci\u00f3n de programas aduaneros para reportar y reconciliar datos de importaci\u00f3n con precisi\u00f3n.<\/li>\n<li><strong>Almacenes aduaneros<\/strong>: uso de almacenes aduaneros para diferir los pagos de aranceles hasta que las mercanc\u00edas se liberen para el consumo interno.<\/li>\n<li><strong>Devoluci\u00f3n de aranceles:<\/strong> facilitaci\u00f3n de reclamaciones de devoluci\u00f3n de aranceles para recuperar los aranceles pagados en mercanc\u00edas importadas que luego se exportan.<\/li>\n<li><strong>Programas de educaci\u00f3n y formaci\u00f3n<\/strong>: desarrollo e impartici\u00f3n de programas de formaci\u00f3n para educar a tu equipo sobre estrategias de mitigaci\u00f3n de aranceles y cumplimiento normativo.<\/li>\n<\/ul>\n<\/div>\n<div class=\"col-md-6\">\n<ul>\n<li><strong>Zonas de comercio exterior \/ zonas francas (FTZ):<\/strong> Asistencia en el uso de FTZs para diferir o reducir los pagos de aranceles y mejorar la eficiencia operativa.<\/li>\n<li><strong>Gesti\u00f3n de la regla de la primera venta<\/strong>: Gesti\u00f3n de la regla de la primera venta para reducir el valor imponible de las mercanc\u00edas importadas.<\/li>\n<li><strong>Impuesto al valor agregado (IVA):<\/strong> Orientaci\u00f3n sobre la presentaci\u00f3n y recuperaci\u00f3n del IVA para asegurar el cumplimiento y optimizar el flujo de caja.<\/li>\n<li><strong>Presentaci\u00f3n \/ recuperaci\u00f3n del impuesto sobre bienes y servicios (GST):<\/strong> Asistencia con la presentaci\u00f3n y recuperaci\u00f3n del GST para asegurar el cumplimiento y maximizar los reembolsos.<\/li>\n<li><strong>Exenci\u00f3n de aranceles para importaciones temporales:<\/strong> Facilitaci\u00f3n de exenciones de aranceles para importaciones temporales para reducir costos y mejorar el flujo de caja.<\/li>\n<\/ul>\n<\/div>\n<\/div>\n<p>[\/vc_column_text][\/vc_column_inner][vc_column_inner width=&#8221;1\/3&#8243;][vc_single_image image=&#8221;3260&#8243; img_size=&#8221;320&#215;320&#8243; alignment=&#8221;right&#8221; style=&#8221;vc_box_shadow_border_circle&#8221; css=&#8221;&#8221;][\/vc_column_inner][\/vc_row_inner][\/vc_column][\/vc_row][vc_row css_animation=&#8221;left-to-right&#8221; center_row=&#8221;yes&#8221; opn_row_gutter=&#8221;100&#8243; el_id=&#8221;contactform&#8221; css=&#8221;.vc_custom_1582792022784{background-color: #f7f7f7 !important;}&#8221;][vc_column][vc_column_text css=&#8221;&#8221; el_class=&#8221;cert_nombre&#8221;]<\/p>\n<h2 style=\"text-align: center;\"><strong><span style=\"color: #aa272f; font-size: 28px;\">Por favor, cont\u00e1ctenos para m\u00e1s informaci\u00f3n<\/span><\/strong><\/h2>\n<p>[\/vc_column_text][vc_column_text]\n<div class=\"wpcf7 no-js\" id=\"wpcf7-f209-o1\" lang=\"es-ES\" dir=\"ltr\" data-wpcf7-id=\"209\">\n<div class=\"screen-reader-response\"><p role=\"status\" aria-live=\"polite\" aria-atomic=\"true\"><\/p> <ul><\/ul><\/div>\n<form action=\"\/pe\/wp-json\/wp\/v2\/pages\/3259#wpcf7-f209-o1\" method=\"post\" class=\"wpcf7-form init\" aria-label=\"Formulario de contacto\" novalidate=\"novalidate\" data-status=\"init\">\n<fieldset class=\"hidden-fields-container\"><input type=\"hidden\" name=\"_wpcf7\" value=\"209\" \/><input type=\"hidden\" name=\"_wpcf7_version\" value=\"6.1.5\" \/><input type=\"hidden\" name=\"_wpcf7_locale\" value=\"es_ES\" \/><input type=\"hidden\" name=\"_wpcf7_unit_tag\" value=\"wpcf7-f209-o1\" \/><input type=\"hidden\" name=\"_wpcf7_container_post\" value=\"0\" \/><input type=\"hidden\" name=\"_wpcf7_posted_data_hash\" value=\"\" \/><input type=\"hidden\" name=\"_wpcf7dtx_version\" value=\"5.0.5\" \/><input type=\"hidden\" name=\"_wpcf7_recaptcha_response\" value=\"\" \/>\n<\/fieldset>\n<div class=\"row\">\n\t<div class=\"col-md-12\">\n\t<div class=\"wpcf7-response-output\" aria-hidden=\"true\"><\/div>\n\t<\/div>\n<\/div>\n<p style=\"font-size: 12px; font-weight:400; \">Todos los campos son obligatorios.\n<\/p>\n<div class=\"row\">\n\t<div class=\"col-md-6\">\n\t\t<p><span class=\"wpcf7-form-control-wrap\" data-name=\"tu-nombre\"><input size=\"40\" maxlength=\"400\" class=\"wpcf7-form-control wpcf7-text wpcf7-validates-as-required\" aria-required=\"true\" aria-invalid=\"false\" placeholder=\"Nombre\" value=\"\" type=\"text\" name=\"tu-nombre\" \/><\/span>\n\t\t<\/p>\n\t\t<p><span class=\"wpcf7-form-control-wrap\" data-name=\"tu-Empresa\"><input size=\"40\" maxlength=\"400\" class=\"wpcf7-form-control wpcf7-text wpcf7-validates-as-required\" aria-required=\"true\" aria-invalid=\"false\" placeholder=\"Empresa\" value=\"\" type=\"text\" name=\"tu-Empresa\" \/><\/span>\n\t\t<\/p>\n\t\t<p><span class=\"wpcf7-form-control-wrap\" data-name=\"tel-564\"><input size=\"40\" maxlength=\"400\" class=\"wpcf7-form-control wpcf7-tel wpcf7-validates-as-required wpcf7-text wpcf7-validates-as-tel\" aria-required=\"true\" aria-invalid=\"false\" placeholder=\"Tel\u00e9fono\" value=\"\" type=\"tel\" name=\"tel-564\" \/><\/span>\n\t\t<\/p>\n\t<\/div>\n\t<div class=\"col-md-6\">\n\t\t<p><span class=\"wpcf7-form-control-wrap\" data-name=\"tu-email\"><input size=\"40\" maxlength=\"400\" class=\"wpcf7-form-control wpcf7-email wpcf7-validates-as-required wpcf7-text wpcf7-validates-as-email\" aria-required=\"true\" aria-invalid=\"false\" placeholder=\"Email\" value=\"\" type=\"email\" name=\"tu-email\" \/><\/span>\n\t\t<\/p>\n\t<span class=\"wpcf7-form-control-wrap recipient-email\" data-name=\"recipient-email\"><input type=\"hidden\" name=\"recipient-email\" class=\"wpcf7-form-control wpcf7-hidden wpcf7dtx wpcf7dtx-hidden\" aria-invalid=\"false\" value=\"&#105;&#110;&#102;&#111;&#064;&#110;&#111;&#097;&#116;&#117;&#109;&#108;&#111;&#103;&#105;&#115;&#116;&#105;&#099;&#115;&#046;&#099;&#111;&#109;\"><\/span>\n\t\t<p><span class=\"wpcf7-form-control-wrap\" data-name=\"your-message\"><textarea cols=\"40\" rows=\"10\" maxlength=\"2000\" class=\"wpcf7-form-control wpcf7-textarea\" aria-invalid=\"false\" placeholder=\"Mensaje\" name=\"your-message\"><\/textarea><\/span>\n\t\t<\/p>\n\t<\/div>\n<\/div>\n<div class=\"row\">\n\t<div class=\"col-md-12 legalnotice\">\n\t\t<p style=\"font-weight: 300;font-size: 12px;line-height: 1.5em;margin-top: 10px;\">Noatum Holdings S.L.U., con domicilio en la Avenida de Italia n\u00ba2 (CTC), de Coslada (Madrid, Espa\u00f1a), utiliza con su consentimiento los datos personales consignados para responder a su solicitud, envi\u00e1ndolos a la empresa del grupo Noatum m\u00e1s indicada para ello. No se conservar\u00e1n m\u00e1s all\u00e1 del tiempo necesario para responderle. Si acepta la recepci\u00f3n de publicidad de nuestros servicios marcando la casilla correspondiente los conservaremos en tanto no manifieste su voluntad en contrario.\n\t\t<\/p>\n\t\t<p style=\"font-weight: 300;font-size: 12px;line-height: 1.5em; margin-top: 5px;\">Puede contactar con el delegado de protecci\u00f3n de datos en (<a href=\"mailto:dpo@noatum.com\">dpo@noatum.com<\/a>). Si considera que sus derechos han sido vulnerados, puede interponer una reclamaci\u00f3n ante la Agencia Espa\u00f1ola de Protecci\u00f3n de Datos. Si lo desea, puede retirar su consentimiento y ejercer los derechos de acceso, rectificaci\u00f3n, supresi\u00f3n, oposici\u00f3n y limitaci\u00f3n en cualquier momento dirigi\u00e9ndose al correo (<a href=\"mailto:dpo@noatum.com\">dpo@noatum.com<\/a>).\n\t\t<\/p>\n\t<\/div>\n<\/div>\n<div class=\"row\" style=\"margin-top: 10px; margin-bottom: 15px;\">\n\t<div class=\"col-md-12\">\n\t\t<p><span class=\"wpcf7-form-control-wrap\" data-name=\"acceptance-182\"><span class=\"wpcf7-form-control wpcf7-acceptance\"><span class=\"wpcf7-list-item\"><label><input type=\"checkbox\" name=\"acceptance-182\" value=\"1\" aria-invalid=\"false\" \/><span class=\"wpcf7-list-item-label\">Acepto la recepci\u00f3n de publicidad de los servicios del grupo Noatum en mi direcci\u00f3n de correo electr\u00f3nico.<\/span><\/label><\/span><\/span><\/span>\n\t\t<\/p>\n\t<\/div>\n<\/div>\n<div class=\"row\">\n\t<div class=\"col-md-12\">\n\t\t<p><input class=\"wpcf7-form-control wpcf7-submit has-spinner\" type=\"submit\" value=\"Enviar\" \/>\n\t\t<\/p>\n\t<\/div>\n<\/div>\n<\/form>\n<\/div>\n[\/vc_column_text][\/vc_column][\/vc_row]<\/p>\n<\/div>","protected":false},"excerpt":{"rendered":"<p>[vc_row center_row=&#8221;yes&#8221; bg_overlay=&#8221;yes&#8221; typo_style=&#8221;light&#8221; css=&#8221;.vc_custom_1724421767352{padding-top: 120px !important;padding-bottom: 120px !important;background-image: url(https:\/\/www.noatumlogistics.com\/pe\/wp-content\/uploads\/sites\/24\/2024\/11\/Noatum-Logistics_Solutions_Global-trade-management_Duty-mitigation_1.jpg?id=20244) !important;background-position: center !important;background-repeat: no-repeat !important;background-size: cover !important;}&#8221; el_class=&#8221;primerafila&#8221;][vc_column][vc_btn title=&#8221;Contacto&#8221; link=&#8221;url:%23contactform|&#8221;][\/vc_column][\/vc_row][vc_row center_row=&#8221;yes&#8221; el_class=&#8221;menucarousel&#8221; css=&#8221;.vc_custom_1582807539452{background-image: url(https:\/\/www.noatumlogistics.com\/wp-content\/uploads\/2016\/06\/fondo-directorio.jpg?id=1359) !important;background-position: center !important;background-repeat: no-repeat !important;background-size: cover&#8230;<\/p>\n","protected":false},"author":12,"featured_media":3230,"parent":3205,"menu_order":0,"comment_status":"closed","ping_status":"closed","template":"template-fullwidth.php","meta":{"footnotes":""},"class_list":["post-3259","page","type-page","status-publish","has-post-thumbnail","hentry"],"yoast_head":"<!-- This site is optimized with the Yoast SEO plugin v27.3 - https:\/\/yoast.com\/product\/yoast-seo-wordpress\/ -->\n<title>Consultor\u00eda para Gesti\u00f3n de Aranceles en Importaci\u00f3n-Exportaci\u00f3n | Noatum Logistics<\/title>\n<meta name=\"description\" content=\"Simplifica el comercio global con Noatum Logistics. Reduce costos, cumple con las normativas y aumenta beneficios con nuestros servicios.\" \/>\n<meta name=\"robots\" content=\"index, follow, max-snippet:-1, max-image-preview:large, max-video-preview:-1\" \/>\n<link rel=\"canonical\" href=\"https:\/\/www.noatumlogistics.com\/pe\/consultoria-comercio-internacional\/gestion-de-impuestos\/\" \/>\n<meta property=\"og:locale\" content=\"es_ES\" \/>\n<meta property=\"og:type\" content=\"article\" \/>\n<meta property=\"og:title\" content=\"Consultor\u00eda para Gesti\u00f3n de Aranceles en Importaci\u00f3n-Exportaci\u00f3n | Noatum Logistics\" \/>\n<meta property=\"og:description\" content=\"Simplifica el comercio global con Noatum Logistics. Reduce costos, cumple con las normativas y aumenta beneficios con nuestros servicios.\" \/>\n<meta property=\"og:url\" content=\"https:\/\/www.noatumlogistics.com\/pe\/consultoria-comercio-internacional\/gestion-de-impuestos\/\" \/>\n<meta property=\"og:site_name\" content=\"Per\u00fa\" \/>\n<meta property=\"og:image\" content=\"https:\/\/www.noatumlogistics.com\/pe\/wp-content\/uploads\/sites\/24\/2024\/11\/Noatum-Logistics_Solutions_Global-trade-management_Duty-mitigation_1.jpg\" \/>\n\t<meta property=\"og:image:width\" content=\"2000\" \/>\n\t<meta property=\"og:image:height\" content=\"1333\" \/>\n\t<meta property=\"og:image:type\" content=\"image\/jpeg\" \/>\n<meta name=\"twitter:card\" content=\"summary_large_image\" \/>\n<meta name=\"twitter:label1\" content=\"Tiempo de lectura\" \/>\n\t<meta name=\"twitter:data1\" content=\"3 minutos\" \/>\n<script type=\"application\/ld+json\" class=\"yoast-schema-graph\">{\"@context\":\"https:\\\/\\\/schema.org\",\"@graph\":[{\"@type\":\"WebPage\",\"@id\":\"https:\\\/\\\/www.noatumlogistics.com\\\/pe\\\/consultoria-comercio-internacional\\\/gestion-de-impuestos\\\/\",\"url\":\"https:\\\/\\\/www.noatumlogistics.com\\\/pe\\\/consultoria-comercio-internacional\\\/gestion-de-impuestos\\\/\",\"name\":\"Consultor\u00eda para Gesti\u00f3n de Aranceles en Importaci\u00f3n-Exportaci\u00f3n | Noatum Logistics\",\"isPartOf\":{\"@id\":\"https:\\\/\\\/www.noatumlogistics.com\\\/pe\\\/#website\"},\"primaryImageOfPage\":{\"@id\":\"https:\\\/\\\/www.noatumlogistics.com\\\/pe\\\/consultoria-comercio-internacional\\\/gestion-de-impuestos\\\/#primaryimage\"},\"image\":{\"@id\":\"https:\\\/\\\/www.noatumlogistics.com\\\/pe\\\/consultoria-comercio-internacional\\\/gestion-de-impuestos\\\/#primaryimage\"},\"thumbnailUrl\":\"https:\\\/\\\/www.noatumlogistics.com\\\/pe\\\/wp-content\\\/uploads\\\/sites\\\/24\\\/2024\\\/11\\\/Noatum-Logistics_Solutions_Global-trade-management_Duty-mitigation_1.jpg\",\"datePublished\":\"2024-10-25T13:17:12+00:00\",\"description\":\"Simplifica el comercio global con Noatum Logistics. Reduce costos, cumple con las normativas y aumenta beneficios con nuestros servicios.\",\"breadcrumb\":{\"@id\":\"https:\\\/\\\/www.noatumlogistics.com\\\/pe\\\/consultoria-comercio-internacional\\\/gestion-de-impuestos\\\/#breadcrumb\"},\"inLanguage\":\"es\",\"potentialAction\":[{\"@type\":\"ReadAction\",\"target\":[\"https:\\\/\\\/www.noatumlogistics.com\\\/pe\\\/consultoria-comercio-internacional\\\/gestion-de-impuestos\\\/\"]}]},{\"@type\":\"ImageObject\",\"inLanguage\":\"es\",\"@id\":\"https:\\\/\\\/www.noatumlogistics.com\\\/pe\\\/consultoria-comercio-internacional\\\/gestion-de-impuestos\\\/#primaryimage\",\"url\":\"https:\\\/\\\/www.noatumlogistics.com\\\/pe\\\/wp-content\\\/uploads\\\/sites\\\/24\\\/2024\\\/11\\\/Noatum-Logistics_Solutions_Global-trade-management_Duty-mitigation_1.jpg\",\"contentUrl\":\"https:\\\/\\\/www.noatumlogistics.com\\\/pe\\\/wp-content\\\/uploads\\\/sites\\\/24\\\/2024\\\/11\\\/Noatum-Logistics_Solutions_Global-trade-management_Duty-mitigation_1.jpg\",\"width\":2000,\"height\":1333},{\"@type\":\"BreadcrumbList\",\"@id\":\"https:\\\/\\\/www.noatumlogistics.com\\\/pe\\\/consultoria-comercio-internacional\\\/gestion-de-impuestos\\\/#breadcrumb\",\"itemListElement\":[{\"@type\":\"ListItem\",\"position\":1,\"name\":\"Home\",\"item\":\"https:\\\/\\\/www.noatumlogistics.com\\\/pe\\\/\"},{\"@type\":\"ListItem\",\"position\":2,\"name\":\"Consultor\u00eda en comercio internacional\",\"item\":\"https:\\\/\\\/www.noatumlogistics.com\\\/pe\\\/consultoria-comercio-internacional\\\/\"},{\"@type\":\"ListItem\",\"position\":3,\"name\":\"Gesti\u00f3n de impuestos y aranceles\"}]},{\"@type\":\"WebSite\",\"@id\":\"https:\\\/\\\/www.noatumlogistics.com\\\/pe\\\/#website\",\"url\":\"https:\\\/\\\/www.noatumlogistics.com\\\/pe\\\/\",\"name\":\"Per\u00fa\",\"description\":\"Just another Noatum Logistics site\",\"potentialAction\":[{\"@type\":\"SearchAction\",\"target\":{\"@type\":\"EntryPoint\",\"urlTemplate\":\"https:\\\/\\\/www.noatumlogistics.com\\\/pe\\\/?s={search_term_string}\"},\"query-input\":{\"@type\":\"PropertyValueSpecification\",\"valueRequired\":true,\"valueName\":\"search_term_string\"}}],\"inLanguage\":\"es\"}]}<\/script>\n<!-- \/ Yoast SEO plugin. -->","yoast_head_json":{"title":"Consultor\u00eda para Gesti\u00f3n de Aranceles en Importaci\u00f3n-Exportaci\u00f3n | Noatum Logistics","description":"Simplifica el comercio global con Noatum Logistics. Reduce costos, cumple con las normativas y aumenta beneficios con nuestros servicios.","robots":{"index":"index","follow":"follow","max-snippet":"max-snippet:-1","max-image-preview":"max-image-preview:large","max-video-preview":"max-video-preview:-1"},"canonical":"https:\/\/www.noatumlogistics.com\/pe\/consultoria-comercio-internacional\/gestion-de-impuestos\/","og_locale":"es_ES","og_type":"article","og_title":"Consultor\u00eda para Gesti\u00f3n de Aranceles en Importaci\u00f3n-Exportaci\u00f3n | Noatum Logistics","og_description":"Simplifica el comercio global con Noatum Logistics. Reduce costos, cumple con las normativas y aumenta beneficios con nuestros servicios.","og_url":"https:\/\/www.noatumlogistics.com\/pe\/consultoria-comercio-internacional\/gestion-de-impuestos\/","og_site_name":"Per\u00fa","og_image":[{"width":2000,"height":1333,"url":"https:\/\/www.noatumlogistics.com\/pe\/wp-content\/uploads\/sites\/24\/2024\/11\/Noatum-Logistics_Solutions_Global-trade-management_Duty-mitigation_1.jpg","type":"image\/jpeg"}],"twitter_card":"summary_large_image","twitter_misc":{"Tiempo de lectura":"3 minutos"},"schema":{"@context":"https:\/\/schema.org","@graph":[{"@type":"WebPage","@id":"https:\/\/www.noatumlogistics.com\/pe\/consultoria-comercio-internacional\/gestion-de-impuestos\/","url":"https:\/\/www.noatumlogistics.com\/pe\/consultoria-comercio-internacional\/gestion-de-impuestos\/","name":"Consultor\u00eda para Gesti\u00f3n de Aranceles en Importaci\u00f3n-Exportaci\u00f3n | Noatum Logistics","isPartOf":{"@id":"https:\/\/www.noatumlogistics.com\/pe\/#website"},"primaryImageOfPage":{"@id":"https:\/\/www.noatumlogistics.com\/pe\/consultoria-comercio-internacional\/gestion-de-impuestos\/#primaryimage"},"image":{"@id":"https:\/\/www.noatumlogistics.com\/pe\/consultoria-comercio-internacional\/gestion-de-impuestos\/#primaryimage"},"thumbnailUrl":"https:\/\/www.noatumlogistics.com\/pe\/wp-content\/uploads\/sites\/24\/2024\/11\/Noatum-Logistics_Solutions_Global-trade-management_Duty-mitigation_1.jpg","datePublished":"2024-10-25T13:17:12+00:00","description":"Simplifica el comercio global con Noatum Logistics. Reduce costos, cumple con las normativas y aumenta beneficios con nuestros servicios.","breadcrumb":{"@id":"https:\/\/www.noatumlogistics.com\/pe\/consultoria-comercio-internacional\/gestion-de-impuestos\/#breadcrumb"},"inLanguage":"es","potentialAction":[{"@type":"ReadAction","target":["https:\/\/www.noatumlogistics.com\/pe\/consultoria-comercio-internacional\/gestion-de-impuestos\/"]}]},{"@type":"ImageObject","inLanguage":"es","@id":"https:\/\/www.noatumlogistics.com\/pe\/consultoria-comercio-internacional\/gestion-de-impuestos\/#primaryimage","url":"https:\/\/www.noatumlogistics.com\/pe\/wp-content\/uploads\/sites\/24\/2024\/11\/Noatum-Logistics_Solutions_Global-trade-management_Duty-mitigation_1.jpg","contentUrl":"https:\/\/www.noatumlogistics.com\/pe\/wp-content\/uploads\/sites\/24\/2024\/11\/Noatum-Logistics_Solutions_Global-trade-management_Duty-mitigation_1.jpg","width":2000,"height":1333},{"@type":"BreadcrumbList","@id":"https:\/\/www.noatumlogistics.com\/pe\/consultoria-comercio-internacional\/gestion-de-impuestos\/#breadcrumb","itemListElement":[{"@type":"ListItem","position":1,"name":"Home","item":"https:\/\/www.noatumlogistics.com\/pe\/"},{"@type":"ListItem","position":2,"name":"Consultor\u00eda en comercio internacional","item":"https:\/\/www.noatumlogistics.com\/pe\/consultoria-comercio-internacional\/"},{"@type":"ListItem","position":3,"name":"Gesti\u00f3n de impuestos y aranceles"}]},{"@type":"WebSite","@id":"https:\/\/www.noatumlogistics.com\/pe\/#website","url":"https:\/\/www.noatumlogistics.com\/pe\/","name":"Per\u00fa","description":"Just another Noatum Logistics site","potentialAction":[{"@type":"SearchAction","target":{"@type":"EntryPoint","urlTemplate":"https:\/\/www.noatumlogistics.com\/pe\/?s={search_term_string}"},"query-input":{"@type":"PropertyValueSpecification","valueRequired":true,"valueName":"search_term_string"}}],"inLanguage":"es"}]}},"_links":{"self":[{"href":"https:\/\/www.noatumlogistics.com\/pe\/wp-json\/wp\/v2\/pages\/3259","targetHints":{"allow":["GET"]}}],"collection":[{"href":"https:\/\/www.noatumlogistics.com\/pe\/wp-json\/wp\/v2\/pages"}],"about":[{"href":"https:\/\/www.noatumlogistics.com\/pe\/wp-json\/wp\/v2\/types\/page"}],"author":[{"embeddable":true,"href":"https:\/\/www.noatumlogistics.com\/pe\/wp-json\/wp\/v2\/users\/12"}],"replies":[{"embeddable":true,"href":"https:\/\/www.noatumlogistics.com\/pe\/wp-json\/wp\/v2\/comments?post=3259"}],"version-history":[{"count":1,"href":"https:\/\/www.noatumlogistics.com\/pe\/wp-json\/wp\/v2\/pages\/3259\/revisions"}],"predecessor-version":[{"id":3262,"href":"https:\/\/www.noatumlogistics.com\/pe\/wp-json\/wp\/v2\/pages\/3259\/revisions\/3262"}],"up":[{"embeddable":true,"href":"https:\/\/www.noatumlogistics.com\/pe\/wp-json\/wp\/v2\/pages\/3205"}],"wp:featuredmedia":[{"embeddable":true,"href":"https:\/\/www.noatumlogistics.com\/pe\/wp-json\/wp\/v2\/media\/3230"}],"wp:attachment":[{"href":"https:\/\/www.noatumlogistics.com\/pe\/wp-json\/wp\/v2\/media?parent=3259"}],"curies":[{"name":"wp","href":"https:\/\/api.w.org\/{rel}","templated":true}]}}