{"id":2943,"date":"2023-09-01T09:01:40","date_gmt":"2023-09-01T09:01:40","guid":{"rendered":"https:\/\/www.noatumlogistics.com\/pe\/?page_id=2943"},"modified":"2023-09-01T10:02:30","modified_gmt":"2023-09-01T10:02:30","slug":"politica-integrada-de-gestion","status":"publish","type":"page","link":"https:\/\/www.noatumlogistics.com\/pe\/politica-integrada-de-gestion\/","title":{"rendered":"Pol\u00edtica integrada de Gesti\u00f3n"},"content":{"rendered":"<div class=\"wpb-content-wrapper\"><p>[vc_row css=&#8221;.vc_custom_1631549207855{margin: 0px !important;padding: 0px !important;}&#8221;][vc_column][\/vc_column][\/vc_row][vc_row match_height=&#8221;yes&#8221;][vc_column width=&#8221;1\/3&#8243;]<div class=\"zozo-parallax-header\"><div class=\"parallax-header\"><h5 class=\"parallax-title text-left\">Pol\u00edtica Integrada de gesti\u00f3n<\/h5><\/div><\/div>[vc_single_image image=&#8221;2951&#8243; img_size=&#8221;full&#8221; add_caption=&#8221;yes&#8221;][vc_btn title=&#8221;Pol\u00edtica Integrada de Gesti\u00f3n&#8221; align=&#8221;left&#8221; i_icon_fontawesome=&#8221;fas fa-book-open&#8221; add_icon=&#8221;true&#8221; link=&#8221;url:https%3A%2F%2Fwww.noatumlogistics.com%2Fpe%2Fwp-content%2Fuploads%2Fsites%2F24%2F2023%2F09%2FPolitica-integrada_gestion-LATAM-ES.pdf&#8221;][\/vc_column][\/vc_row]<\/p>\n<\/div>","protected":false},"excerpt":{"rendered":"<p>[vc_row css=&#8221;.vc_custom_1631549207855{margin: 0px !important;padding: 0px !important;}&#8221;][vc_column][\/vc_column][\/vc_row][vc_row match_height=&#8221;yes&#8221;][vc_column width=&#8221;1\/3&#8243;][vc_single_image image=&#8221;2951&#8243; img_size=&#8221;full&#8221; add_caption=&#8221;yes&#8221;][vc_btn title=&#8221;Pol\u00edtica Integrada de Gesti\u00f3n&#8221; align=&#8221;left&#8221; i_icon_fontawesome=&#8221;fas fa-book-open&#8221; add_icon=&#8221;true&#8221; link=&#8221;url:https%3A%2F%2Fwww.noatumlogistics.com%2Fpe%2Fwp-content%2Fuploads%2Fsites%2F24%2F2023%2F09%2FPolitica-integrada_gestion-LATAM-ES.pdf&#8221;][\/vc_column][\/vc_row]<\/p>\n","protected":false},"author":9,"featured_media":0,"parent":0,"menu_order":0,"comment_status":"closed","ping_status":"closed","template":"","meta":{"footnotes":""},"class_list":["post-2943","page","type-page","status-publish","hentry"],"yoast_head":"<!-- This site is optimized with the Yoast SEO plugin v27.3 - https:\/\/yoast.com\/product\/yoast-seo-wordpress\/ -->\n<title>Pol\u00edtica integrada de Gesti\u00f3n - Per\u00fa<\/title>\n<meta name=\"robots\" content=\"index, follow, max-snippet:-1, max-image-preview:large, max-video-preview:-1\" \/>\n<link rel=\"canonical\" href=\"https:\/\/www.noatumlogistics.com\/pe\/politica-integrada-de-gestion\/\" \/>\n<meta property=\"og:locale\" content=\"es_ES\" \/>\n<meta property=\"og:type\" content=\"article\" \/>\n<meta property=\"og:title\" content=\"Pol\u00edtica integrada de Gesti\u00f3n - Per\u00fa\" \/>\n<meta property=\"og:description\" content=\"[vc_row css=&#8221;.vc_custom_1631549207855{margin: 0px !important;padding: 0px !important;}&#8221;][vc_column][\/vc_column][\/vc_row][vc_row match_height=&#8221;yes&#8221;][vc_column width=&#8221;1\/3&#8243;][vc_single_image image=&#8221;2951&#8243; img_size=&#8221;full&#8221; add_caption=&#8221;yes&#8221;][vc_btn title=&#8221;Pol\u00edtica Integrada de Gesti\u00f3n&#8221; align=&#8221;left&#8221; i_icon_fontawesome=&#8221;fas fa-book-open&#8221; add_icon=&#8221;true&#8221; link=&#8221;url:https%3A%2F%2Fwww.noatumlogistics.com%2Fpe%2Fwp-content%2Fuploads%2Fsites%2F24%2F2023%2F09%2FPolitica-integrada_gestion-LATAM-ES.pdf&#8221;][\/vc_column][\/vc_row]\" \/>\n<meta property=\"og:url\" content=\"https:\/\/www.noatumlogistics.com\/pe\/politica-integrada-de-gestion\/\" \/>\n<meta property=\"og:site_name\" content=\"Per\u00fa\" \/>\n<meta property=\"article:modified_time\" content=\"2023-09-01T10:02:30+00:00\" \/>\n<meta name=\"twitter:card\" content=\"summary_large_image\" \/>\n<meta name=\"twitter:label1\" content=\"Tiempo de lectura\" \/>\n\t<meta name=\"twitter:data1\" content=\"1 minuto\" \/>\n<script type=\"application\/ld+json\" class=\"yoast-schema-graph\">{\"@context\":\"https:\\\/\\\/schema.org\",\"@graph\":[{\"@type\":\"WebPage\",\"@id\":\"https:\\\/\\\/www.noatumlogistics.com\\\/pe\\\/politica-integrada-de-gestion\\\/\",\"url\":\"https:\\\/\\\/www.noatumlogistics.com\\\/pe\\\/politica-integrada-de-gestion\\\/\",\"name\":\"Pol\u00edtica integrada de Gesti\u00f3n - Per\u00fa\",\"isPartOf\":{\"@id\":\"https:\\\/\\\/www.noatumlogistics.com\\\/pe\\\/#website\"},\"datePublished\":\"2023-09-01T09:01:40+00:00\",\"dateModified\":\"2023-09-01T10:02:30+00:00\",\"breadcrumb\":{\"@id\":\"https:\\\/\\\/www.noatumlogistics.com\\\/pe\\\/politica-integrada-de-gestion\\\/#breadcrumb\"},\"inLanguage\":\"es\",\"potentialAction\":[{\"@type\":\"ReadAction\",\"target\":[\"https:\\\/\\\/www.noatumlogistics.com\\\/pe\\\/politica-integrada-de-gestion\\\/\"]}]},{\"@type\":\"BreadcrumbList\",\"@id\":\"https:\\\/\\\/www.noatumlogistics.com\\\/pe\\\/politica-integrada-de-gestion\\\/#breadcrumb\",\"itemListElement\":[{\"@type\":\"ListItem\",\"position\":1,\"name\":\"Home\",\"item\":\"https:\\\/\\\/www.noatumlogistics.com\\\/pe\\\/\"},{\"@type\":\"ListItem\",\"position\":2,\"name\":\"Pol\u00edtica integrada de Gesti\u00f3n\"}]},{\"@type\":\"WebSite\",\"@id\":\"https:\\\/\\\/www.noatumlogistics.com\\\/pe\\\/#website\",\"url\":\"https:\\\/\\\/www.noatumlogistics.com\\\/pe\\\/\",\"name\":\"Per\u00fa\",\"description\":\"Just another Noatum Logistics site\",\"potentialAction\":[{\"@type\":\"SearchAction\",\"target\":{\"@type\":\"EntryPoint\",\"urlTemplate\":\"https:\\\/\\\/www.noatumlogistics.com\\\/pe\\\/?s={search_term_string}\"},\"query-input\":{\"@type\":\"PropertyValueSpecification\",\"valueRequired\":true,\"valueName\":\"search_term_string\"}}],\"inLanguage\":\"es\"}]}<\/script>\n<!-- \/ Yoast SEO plugin. -->","yoast_head_json":{"title":"Pol\u00edtica integrada de Gesti\u00f3n - Per\u00fa","robots":{"index":"index","follow":"follow","max-snippet":"max-snippet:-1","max-image-preview":"max-image-preview:large","max-video-preview":"max-video-preview:-1"},"canonical":"https:\/\/www.noatumlogistics.com\/pe\/politica-integrada-de-gestion\/","og_locale":"es_ES","og_type":"article","og_title":"Pol\u00edtica integrada de Gesti\u00f3n - Per\u00fa","og_description":"[vc_row css=&#8221;.vc_custom_1631549207855{margin: 0px !important;padding: 0px !important;}&#8221;][vc_column][\/vc_column][\/vc_row][vc_row match_height=&#8221;yes&#8221;][vc_column width=&#8221;1\/3&#8243;][vc_single_image image=&#8221;2951&#8243; img_size=&#8221;full&#8221; add_caption=&#8221;yes&#8221;][vc_btn title=&#8221;Pol\u00edtica Integrada de Gesti\u00f3n&#8221; align=&#8221;left&#8221; i_icon_fontawesome=&#8221;fas fa-book-open&#8221; add_icon=&#8221;true&#8221; link=&#8221;url:https%3A%2F%2Fwww.noatumlogistics.com%2Fpe%2Fwp-content%2Fuploads%2Fsites%2F24%2F2023%2F09%2FPolitica-integrada_gestion-LATAM-ES.pdf&#8221;][\/vc_column][\/vc_row]","og_url":"https:\/\/www.noatumlogistics.com\/pe\/politica-integrada-de-gestion\/","og_site_name":"Per\u00fa","article_modified_time":"2023-09-01T10:02:30+00:00","twitter_card":"summary_large_image","twitter_misc":{"Tiempo de lectura":"1 minuto"},"schema":{"@context":"https:\/\/schema.org","@graph":[{"@type":"WebPage","@id":"https:\/\/www.noatumlogistics.com\/pe\/politica-integrada-de-gestion\/","url":"https:\/\/www.noatumlogistics.com\/pe\/politica-integrada-de-gestion\/","name":"Pol\u00edtica integrada de Gesti\u00f3n - Per\u00fa","isPartOf":{"@id":"https:\/\/www.noatumlogistics.com\/pe\/#website"},"datePublished":"2023-09-01T09:01:40+00:00","dateModified":"2023-09-01T10:02:30+00:00","breadcrumb":{"@id":"https:\/\/www.noatumlogistics.com\/pe\/politica-integrada-de-gestion\/#breadcrumb"},"inLanguage":"es","potentialAction":[{"@type":"ReadAction","target":["https:\/\/www.noatumlogistics.com\/pe\/politica-integrada-de-gestion\/"]}]},{"@type":"BreadcrumbList","@id":"https:\/\/www.noatumlogistics.com\/pe\/politica-integrada-de-gestion\/#breadcrumb","itemListElement":[{"@type":"ListItem","position":1,"name":"Home","item":"https:\/\/www.noatumlogistics.com\/pe\/"},{"@type":"ListItem","position":2,"name":"Pol\u00edtica integrada de Gesti\u00f3n"}]},{"@type":"WebSite","@id":"https:\/\/www.noatumlogistics.com\/pe\/#website","url":"https:\/\/www.noatumlogistics.com\/pe\/","name":"Per\u00fa","description":"Just another Noatum Logistics site","potentialAction":[{"@type":"SearchAction","target":{"@type":"EntryPoint","urlTemplate":"https:\/\/www.noatumlogistics.com\/pe\/?s={search_term_string}"},"query-input":{"@type":"PropertyValueSpecification","valueRequired":true,"valueName":"search_term_string"}}],"inLanguage":"es"}]}},"_links":{"self":[{"href":"https:\/\/www.noatumlogistics.com\/pe\/wp-json\/wp\/v2\/pages\/2943","targetHints":{"allow":["GET"]}}],"collection":[{"href":"https:\/\/www.noatumlogistics.com\/pe\/wp-json\/wp\/v2\/pages"}],"about":[{"href":"https:\/\/www.noatumlogistics.com\/pe\/wp-json\/wp\/v2\/types\/page"}],"author":[{"embeddable":true,"href":"https:\/\/www.noatumlogistics.com\/pe\/wp-json\/wp\/v2\/users\/9"}],"replies":[{"embeddable":true,"href":"https:\/\/www.noatumlogistics.com\/pe\/wp-json\/wp\/v2\/comments?post=2943"}],"version-history":[{"count":16,"href":"https:\/\/www.noatumlogistics.com\/pe\/wp-json\/wp\/v2\/pages\/2943\/revisions"}],"predecessor-version":[{"id":2968,"href":"https:\/\/www.noatumlogistics.com\/pe\/wp-json\/wp\/v2\/pages\/2943\/revisions\/2968"}],"wp:attachment":[{"href":"https:\/\/www.noatumlogistics.com\/pe\/wp-json\/wp\/v2\/media?parent=2943"}],"curies":[{"name":"wp","href":"https:\/\/api.w.org\/{rel}","templated":true}]}}