{"id":2493,"date":"2021-12-17T12:18:52","date_gmt":"2021-12-17T12:18:52","guid":{"rendered":"https:\/\/www.noatumlogistics.com\/pe\/?page_id=2493"},"modified":"2022-03-15T16:10:58","modified_gmt":"2022-03-15T16:10:58","slug":"portal-tarifario","status":"publish","type":"page","link":"https:\/\/www.noatumlogistics.com\/pe\/portal-tarifario\/","title":{"rendered":"Portal Tarifario"},"content":{"rendered":"<div class=\"wpb-content-wrapper\"><p>[vc_row center_row=&#8221;yes&#8221; css=&#8221;.vc_custom_1639746252424{background-position: center !important;background-repeat: no-repeat !important;background-size: cover !important;}&#8221; el_id=&#8221;advantages&#8221;][vc_column]<div class=\"zozo-parallax-header\"><div class=\"parallax-header\"><h2 class=\"parallax-title text-center\">Importaci\u00f3n<\/h2><\/div><\/div>[vc_row_inner][vc_column_inner width=&#8221;1\/2&#8243;]<div class=\"zozo-parallax-header\"><div class=\"parallax-header\"><h4 class=\"parallax-title text-left\">Mar\u00edtimo<\/h4><\/div><\/div><div class=\"cq-datatable   cq-datatable-medium cq-datatable-gray\"><div class=\"cq-datatable-row cq-datatable-header cq-datatable-bg-customized\" style=\"background:#af2626\"><div class=\"cq-datatable-cell\" data-title=\"Servicio\"> Servicio <\/div><div class=\"cq-datatable-cell\" data-title=\"Tarifa\"> Tarifa <\/div><div class=\"cq-datatable-cell\" data-title=\"Aplica por\"> Aplica por <\/div><div class=\"cq-datatable-cell\" data-title=\"Tiempo de duraci\u00f3n\"> Tiempo de duraci\u00f3n <\/div><\/div><div class=\"cq-datatable-row cq-datatable-data\"><div class=\"cq-datatable-cell\"> Handling <\/div><div class=\"cq-datatable-cell\"> USD 85.00 <\/div><div class=\"cq-datatable-cell\"> BL <\/div><div class=\"cq-datatable-cell\"> 3 d\u00edas utiles. <\/div><\/div><div class=\"cq-datatable-row cq-datatable-data\"><div class=\"cq-datatable-cell\"> Documentaci\u00f3n <\/div><div class=\"cq-datatable-cell\"> USD 100.00 <\/div><div class=\"cq-datatable-cell\"> BL <\/div><div class=\"cq-datatable-cell\"> 3 d\u00edas utiles <\/div><\/div>\n<\/div>[\/vc_column_inner][vc_column_inner width=&#8221;1\/2&#8243;]<div class=\"zozo-parallax-header\"><div class=\"parallax-header\"><h4 class=\"parallax-title text-left\">A\u00e9reo<\/h4><\/div><\/div><div class=\"cq-datatable   cq-datatable-medium cq-datatable-gray\"><div class=\"cq-datatable-row cq-datatable-header cq-datatable-bg-customized\" style=\"background:#af2626\"><div class=\"cq-datatable-cell\" data-title=\"Servicio\"> Servicio <\/div><div class=\"cq-datatable-cell\" data-title=\"Tarifa\"> Tarifa <\/div><div class=\"cq-datatable-cell\" data-title=\"Aplica por\"> Aplica por <\/div><div class=\"cq-datatable-cell\" data-title=\"Tiempo de duraci\u00f3n\"> Tiempo de duraci\u00f3n <\/div><\/div><div class=\"cq-datatable-row cq-datatable-data\"><div class=\"cq-datatable-cell\"> Handling <\/div><div class=\"cq-datatable-cell\"> USD 100.00 <\/div><div class=\"cq-datatable-cell\"> AWB <\/div><div class=\"cq-datatable-cell\"> 2 d\u00edas utiles <\/div><\/div><div class=\"cq-datatable-row cq-datatable-data\"><div class=\"cq-datatable-cell\"> Documentaci\u00f3n <\/div><div class=\"cq-datatable-cell\"> USD 50.00 <\/div><div class=\"cq-datatable-cell\"> AWB <\/div><div class=\"cq-datatable-cell\"> 2 d\u00edas utiles <\/div><\/div>\n<\/div>[\/vc_column_inner][\/vc_row_inner][vc_separator css=&#8221;.vc_custom_1639745560647{margin-top: 40px !important;}&#8221;][vc_row_inner][vc_column_inner width=&#8221;1\/2&#8243;][vc_column_text el_class=&#8221;VinetasRedd&#8221;]*Definiciones:<\/p>\n<ul>\n<li><strong>Handling:<\/strong> Relacionado al pago por transmisi\u00f3n del manifiesto y presentaci\u00f3n de documentos a los carriers<\/li>\n<li><strong>Documentaci\u00f3n:<\/strong> Relacionado a la Emisi\u00f3n de los Documentos de Embarque<\/li>\n<\/ul>\n<p>[\/vc_column_text][\/vc_column_inner][vc_column_inner width=&#8221;1\/2&#8243;][vc_column_text el_class=&#8221;VinetasRedd&#8221;]*Tarifas no incluyen IGV<\/p>\n<p>*Tiempos de Atenci\u00f3n 3 d\u00edas h\u00e1biles sujeto a disponibilidad de documentos de la naviera\/aerol\u00ednea.<\/p>\n<p>* Aplican para todas las Intendencias<\/p>\n<p>* Aplican excepciones y servicios adicionales se cotizan seg\u00fan el alcance del servicio.[\/vc_column_text][\/vc_column_inner][\/vc_row_inner][\/vc_column][\/vc_row][vc_row center_row=&#8221;yes&#8221; css=&#8221;.vc_custom_1639746231368{background-image: url(https:\/\/www.noatumlogistics.com\/pe\/wp-content\/uploads\/sites\/24\/2021\/12\/fondoservicios2.png?id=2517) !important;background-position: center !important;background-repeat: no-repeat !important;background-size: cover !important;}&#8221;][vc_column]<div class=\"zozo-parallax-header\"><div class=\"parallax-header\"><h2 class=\"parallax-title text-center\">Exportaci\u00f3n<\/h2><\/div><\/div>[vc_row_inner][vc_column_inner width=&#8221;1\/2&#8243;]<div class=\"zozo-parallax-header\"><div class=\"parallax-header\"><h4 class=\"parallax-title text-left\">Mar\u00edtimo<\/h4><\/div><\/div><div class=\"cq-datatable   cq-datatable-medium cq-datatable-gray\"><div class=\"cq-datatable-row cq-datatable-header cq-datatable-bg-customized\" style=\"background:#af2626\"><div class=\"cq-datatable-cell\" data-title=\"Servicio\"> Servicio <\/div><div class=\"cq-datatable-cell\" data-title=\"Tarifa\"> Tarifa <\/div><div class=\"cq-datatable-cell\" data-title=\"Aplica por\"> Aplica por <\/div><div class=\"cq-datatable-cell\" data-title=\"Tiempo de duraci\u00f3n\"> Tiempo de duraci\u00f3n <\/div><\/div><div class=\"cq-datatable-row cq-datatable-data\"><div class=\"cq-datatable-cell\"> Handling <\/div><div class=\"cq-datatable-cell\"> USD 85.00 <\/div><div class=\"cq-datatable-cell\"> BL <\/div><div class=\"cq-datatable-cell\"> 3 d\u00edas utiles <\/div><\/div><div class=\"cq-datatable-row cq-datatable-data\"><div class=\"cq-datatable-cell\"> Documentaci\u00f3n <\/div><div class=\"cq-datatable-cell\"> USD 100.00 <\/div><div class=\"cq-datatable-cell\"> BL <\/div><div class=\"cq-datatable-cell\"> 3 d\u00edas utiles <\/div><\/div>\n<\/div>[\/vc_column_inner][vc_column_inner width=&#8221;1\/2&#8243;]<div class=\"zozo-parallax-header\"><div class=\"parallax-header\"><h4 class=\"parallax-title text-left\">A\u00e9reo<\/h4><\/div><\/div><div class=\"cq-datatable   cq-datatable-medium cq-datatable-gray\"><div class=\"cq-datatable-row cq-datatable-header cq-datatable-bg-customized\" style=\"background:#af2626\"><div class=\"cq-datatable-cell\" data-title=\"Servicio\"> Servicio <\/div><div class=\"cq-datatable-cell\" data-title=\"Tarifa\"> Tarifa <\/div><div class=\"cq-datatable-cell\" data-title=\"Aplica por\"> Aplica por <\/div><div class=\"cq-datatable-cell\" data-title=\"Tiempo de duraci\u00f3n\"> Tiempo de duraci\u00f3n <\/div><\/div><div class=\"cq-datatable-row cq-datatable-data\"><div class=\"cq-datatable-cell\"> Handling <\/div><div class=\"cq-datatable-cell\"> USD 100.00 <\/div><div class=\"cq-datatable-cell\"> AWB <\/div><div class=\"cq-datatable-cell\"> 3 d\u00edas utiles <\/div><\/div><div class=\"cq-datatable-row cq-datatable-data\"><div class=\"cq-datatable-cell\"> Documentaci\u00f3n <\/div><div class=\"cq-datatable-cell\"> USD 50.00 <\/div><div class=\"cq-datatable-cell\"> AWB <\/div><div class=\"cq-datatable-cell\"> 3 d\u00edas utiles <\/div><\/div>\n<\/div>[\/vc_column_inner][\/vc_row_inner][vc_separator css=&#8221;.vc_custom_1639745560647{margin-top: 40px !important;}&#8221;][vc_row_inner][vc_column_inner width=&#8221;1\/2&#8243;][vc_column_text el_class=&#8221;VinetasRedd&#8221;]*Definiciones:<\/p>\n<ul>\n<li><strong>Handling:<\/strong> Relacionado al pago por transmisi\u00f3n del manifiesto y presentaci\u00f3n de documentos a los carriers<\/li>\n<li><strong>Documentaci\u00f3n:<\/strong> Relacionado a la Emisi\u00f3n de los Documentos de Embarque<\/li>\n<\/ul>\n<p>[\/vc_column_text][\/vc_column_inner][vc_column_inner width=&#8221;1\/2&#8243;][vc_column_text el_class=&#8221;VinetasRedd&#8221;]*Tarifas no incluyen IGV<\/p>\n<p>*Tiempos de Atenci\u00f3n 3 d\u00edas h\u00e1biles sujeto a disponibilidad de documentos de la naviera\/aerol\u00ednea.<\/p>\n<p>* Aplican para todas las Intendencias<\/p>\n<p>* Aplican excepciones y servicios adicionales se cotizan seg\u00fan el alcance del servicio.[\/vc_column_text][\/vc_column_inner][\/vc_row_inner][\/vc_column][\/vc_row][vc_row center_row=&#8221;yes&#8221;][vc_column width=&#8221;1\/2&#8243;]<div id=\"contact-info-1\" class=\"contact-info-container contact-info-default show-separator\"><div class=\"contact-info-inner text-default\"><div class=\"contact-top-header\"><\/div><div class=\"contact-phone-box\"><div class=\"contact-phone-label\"><h6>Telefono<\/h6><\/div><div class=\"contact-phone\"><h5>615 7676<\/h5><\/div><\/div><\/div><\/div>[\/vc_column][vc_column width=&#8221;1\/2&#8243;]<div id=\"contact-info-2\" class=\"contact-info-container contact-info-default show-separator\"><div class=\"contact-info-inner text-default\"><div class=\"contact-top-header\"><\/div><div class=\"contact-email-box\"><div class=\"contact-email-label\"><h6>Email<\/h6><\/div><div class=\"contact-email\"><h5><a href=\"mailto:opspelimmf@noatumlogistics.com\">opspelimmf@noatumlogistics.com<\/a><\/h5><\/div><\/div><\/div><\/div>[\/vc_column][\/vc_row]<\/p>\n<\/div>","protected":false},"excerpt":{"rendered":"<p>[vc_row center_row=&#8221;yes&#8221; css=&#8221;.vc_custom_1639746252424{background-position: center !important;background-repeat: no-repeat !important;background-size: cover !important;}&#8221; el_id=&#8221;advantages&#8221;][vc_column][vc_row_inner][vc_column_inner width=&#8221;1\/2&#8243;][\/vc_column_inner][vc_column_inner width=&#8221;1\/2&#8243;][\/vc_column_inner][\/vc_row_inner][vc_separator css=&#8221;.vc_custom_1639745560647{margin-top: 40px !important;}&#8221;][vc_row_inner][vc_column_inner width=&#8221;1\/2&#8243;][vc_column_text el_class=&#8221;VinetasRedd&#8221;]*Definiciones: Handling: Relacionado al pago por transmisi\u00f3n del manifiesto y presentaci\u00f3n de documentos a&#8230;<\/p>\n","protected":false},"author":15,"featured_media":1260,"parent":0,"menu_order":0,"comment_status":"closed","ping_status":"closed","template":"template-fullwidth.php","meta":{"footnotes":""},"class_list":["post-2493","page","type-page","status-publish","has-post-thumbnail","hentry"],"yoast_head":"<!-- This site is optimized with the Yoast SEO plugin v27.3 - https:\/\/yoast.com\/product\/yoast-seo-wordpress\/ -->\n<title>Portal Tarifario<\/title>\n<meta name=\"robots\" content=\"index, follow, max-snippet:-1, max-image-preview:large, max-video-preview:-1\" \/>\n<link rel=\"canonical\" href=\"https:\/\/www.noatumlogistics.com\/pe\/portal-tarifario\/\" \/>\n<meta property=\"og:locale\" content=\"es_ES\" \/>\n<meta property=\"og:type\" content=\"article\" \/>\n<meta property=\"og:title\" content=\"Portal Tarifario\" \/>\n<meta property=\"og:description\" content=\"[vc_row center_row=&#8221;yes&#8221; css=&#8221;.vc_custom_1639746252424{background-position: center !important;background-repeat: no-repeat !important;background-size: cover !important;}&#8221; el_id=&#8221;advantages&#8221;][vc_column][vc_row_inner][vc_column_inner width=&#8221;1\/2&#8243;][\/vc_column_inner][vc_column_inner width=&#8221;1\/2&#8243;][\/vc_column_inner][\/vc_row_inner][vc_separator css=&#8221;.vc_custom_1639745560647{margin-top: 40px !important;}&#8221;][vc_row_inner][vc_column_inner width=&#8221;1\/2&#8243;][vc_column_text el_class=&#8221;VinetasRedd&#8221;]*Definiciones: Handling: Relacionado al pago por transmisi\u00f3n del manifiesto y presentaci\u00f3n de documentos a...\" \/>\n<meta property=\"og:url\" content=\"https:\/\/www.noatumlogistics.com\/pe\/portal-tarifario\/\" \/>\n<meta property=\"og:site_name\" content=\"Per\u00fa\" \/>\n<meta property=\"article:modified_time\" content=\"2022-03-15T16:10:58+00:00\" \/>\n<meta property=\"og:image\" content=\"https:\/\/www.noatumlogistics.com\/pe\/wp-content\/uploads\/sites\/24\/2020\/11\/slider-home-banner-empresa-sin-brillo-final.jpg\" \/>\n\t<meta property=\"og:image:width\" content=\"1903\" \/>\n\t<meta property=\"og:image:height\" content=\"700\" \/>\n\t<meta property=\"og:image:type\" content=\"image\/jpeg\" \/>\n<meta name=\"twitter:card\" content=\"summary_large_image\" \/>\n<meta name=\"twitter:label1\" content=\"Tiempo de lectura\" \/>\n\t<meta name=\"twitter:data1\" content=\"2 minutos\" \/>\n<script type=\"application\/ld+json\" class=\"yoast-schema-graph\">{\"@context\":\"https:\\\/\\\/schema.org\",\"@graph\":[{\"@type\":\"WebPage\",\"@id\":\"https:\\\/\\\/www.noatumlogistics.com\\\/pe\\\/portal-tarifario\\\/\",\"url\":\"https:\\\/\\\/www.noatumlogistics.com\\\/pe\\\/portal-tarifario\\\/\",\"name\":\"Portal Tarifario\",\"isPartOf\":{\"@id\":\"https:\\\/\\\/www.noatumlogistics.com\\\/pe\\\/#website\"},\"primaryImageOfPage\":{\"@id\":\"https:\\\/\\\/www.noatumlogistics.com\\\/pe\\\/portal-tarifario\\\/#primaryimage\"},\"image\":{\"@id\":\"https:\\\/\\\/www.noatumlogistics.com\\\/pe\\\/portal-tarifario\\\/#primaryimage\"},\"thumbnailUrl\":\"https:\\\/\\\/www.noatumlogistics.com\\\/pe\\\/wp-content\\\/uploads\\\/sites\\\/24\\\/2020\\\/11\\\/slider-home-banner-empresa-sin-brillo-final.jpg\",\"datePublished\":\"2021-12-17T12:18:52+00:00\",\"dateModified\":\"2022-03-15T16:10:58+00:00\",\"breadcrumb\":{\"@id\":\"https:\\\/\\\/www.noatumlogistics.com\\\/pe\\\/portal-tarifario\\\/#breadcrumb\"},\"inLanguage\":\"es\",\"potentialAction\":[{\"@type\":\"ReadAction\",\"target\":[\"https:\\\/\\\/www.noatumlogistics.com\\\/pe\\\/portal-tarifario\\\/\"]}]},{\"@type\":\"ImageObject\",\"inLanguage\":\"es\",\"@id\":\"https:\\\/\\\/www.noatumlogistics.com\\\/pe\\\/portal-tarifario\\\/#primaryimage\",\"url\":\"https:\\\/\\\/www.noatumlogistics.com\\\/pe\\\/wp-content\\\/uploads\\\/sites\\\/24\\\/2020\\\/11\\\/slider-home-banner-empresa-sin-brillo-final.jpg\",\"contentUrl\":\"https:\\\/\\\/www.noatumlogistics.com\\\/pe\\\/wp-content\\\/uploads\\\/sites\\\/24\\\/2020\\\/11\\\/slider-home-banner-empresa-sin-brillo-final.jpg\",\"width\":1903,\"height\":700},{\"@type\":\"BreadcrumbList\",\"@id\":\"https:\\\/\\\/www.noatumlogistics.com\\\/pe\\\/portal-tarifario\\\/#breadcrumb\",\"itemListElement\":[{\"@type\":\"ListItem\",\"position\":1,\"name\":\"Home\",\"item\":\"https:\\\/\\\/www.noatumlogistics.com\\\/pe\\\/\"},{\"@type\":\"ListItem\",\"position\":2,\"name\":\"Portal Tarifario\"}]},{\"@type\":\"WebSite\",\"@id\":\"https:\\\/\\\/www.noatumlogistics.com\\\/pe\\\/#website\",\"url\":\"https:\\\/\\\/www.noatumlogistics.com\\\/pe\\\/\",\"name\":\"Per\u00fa\",\"description\":\"Just another Noatum Logistics site\",\"potentialAction\":[{\"@type\":\"SearchAction\",\"target\":{\"@type\":\"EntryPoint\",\"urlTemplate\":\"https:\\\/\\\/www.noatumlogistics.com\\\/pe\\\/?s={search_term_string}\"},\"query-input\":{\"@type\":\"PropertyValueSpecification\",\"valueRequired\":true,\"valueName\":\"search_term_string\"}}],\"inLanguage\":\"es\"}]}<\/script>\n<!-- \/ Yoast SEO plugin. -->","yoast_head_json":{"title":"Portal Tarifario","robots":{"index":"index","follow":"follow","max-snippet":"max-snippet:-1","max-image-preview":"max-image-preview:large","max-video-preview":"max-video-preview:-1"},"canonical":"https:\/\/www.noatumlogistics.com\/pe\/portal-tarifario\/","og_locale":"es_ES","og_type":"article","og_title":"Portal Tarifario","og_description":"[vc_row center_row=&#8221;yes&#8221; css=&#8221;.vc_custom_1639746252424{background-position: center !important;background-repeat: no-repeat !important;background-size: cover !important;}&#8221; el_id=&#8221;advantages&#8221;][vc_column][vc_row_inner][vc_column_inner width=&#8221;1\/2&#8243;][\/vc_column_inner][vc_column_inner width=&#8221;1\/2&#8243;][\/vc_column_inner][\/vc_row_inner][vc_separator css=&#8221;.vc_custom_1639745560647{margin-top: 40px !important;}&#8221;][vc_row_inner][vc_column_inner width=&#8221;1\/2&#8243;][vc_column_text el_class=&#8221;VinetasRedd&#8221;]*Definiciones: Handling: Relacionado al pago por transmisi\u00f3n del manifiesto y presentaci\u00f3n de documentos a...","og_url":"https:\/\/www.noatumlogistics.com\/pe\/portal-tarifario\/","og_site_name":"Per\u00fa","article_modified_time":"2022-03-15T16:10:58+00:00","og_image":[{"width":1903,"height":700,"url":"https:\/\/www.noatumlogistics.com\/pe\/wp-content\/uploads\/sites\/24\/2020\/11\/slider-home-banner-empresa-sin-brillo-final.jpg","type":"image\/jpeg"}],"twitter_card":"summary_large_image","twitter_misc":{"Tiempo de lectura":"2 minutos"},"schema":{"@context":"https:\/\/schema.org","@graph":[{"@type":"WebPage","@id":"https:\/\/www.noatumlogistics.com\/pe\/portal-tarifario\/","url":"https:\/\/www.noatumlogistics.com\/pe\/portal-tarifario\/","name":"Portal Tarifario","isPartOf":{"@id":"https:\/\/www.noatumlogistics.com\/pe\/#website"},"primaryImageOfPage":{"@id":"https:\/\/www.noatumlogistics.com\/pe\/portal-tarifario\/#primaryimage"},"image":{"@id":"https:\/\/www.noatumlogistics.com\/pe\/portal-tarifario\/#primaryimage"},"thumbnailUrl":"https:\/\/www.noatumlogistics.com\/pe\/wp-content\/uploads\/sites\/24\/2020\/11\/slider-home-banner-empresa-sin-brillo-final.jpg","datePublished":"2021-12-17T12:18:52+00:00","dateModified":"2022-03-15T16:10:58+00:00","breadcrumb":{"@id":"https:\/\/www.noatumlogistics.com\/pe\/portal-tarifario\/#breadcrumb"},"inLanguage":"es","potentialAction":[{"@type":"ReadAction","target":["https:\/\/www.noatumlogistics.com\/pe\/portal-tarifario\/"]}]},{"@type":"ImageObject","inLanguage":"es","@id":"https:\/\/www.noatumlogistics.com\/pe\/portal-tarifario\/#primaryimage","url":"https:\/\/www.noatumlogistics.com\/pe\/wp-content\/uploads\/sites\/24\/2020\/11\/slider-home-banner-empresa-sin-brillo-final.jpg","contentUrl":"https:\/\/www.noatumlogistics.com\/pe\/wp-content\/uploads\/sites\/24\/2020\/11\/slider-home-banner-empresa-sin-brillo-final.jpg","width":1903,"height":700},{"@type":"BreadcrumbList","@id":"https:\/\/www.noatumlogistics.com\/pe\/portal-tarifario\/#breadcrumb","itemListElement":[{"@type":"ListItem","position":1,"name":"Home","item":"https:\/\/www.noatumlogistics.com\/pe\/"},{"@type":"ListItem","position":2,"name":"Portal Tarifario"}]},{"@type":"WebSite","@id":"https:\/\/www.noatumlogistics.com\/pe\/#website","url":"https:\/\/www.noatumlogistics.com\/pe\/","name":"Per\u00fa","description":"Just another Noatum Logistics site","potentialAction":[{"@type":"SearchAction","target":{"@type":"EntryPoint","urlTemplate":"https:\/\/www.noatumlogistics.com\/pe\/?s={search_term_string}"},"query-input":{"@type":"PropertyValueSpecification","valueRequired":true,"valueName":"search_term_string"}}],"inLanguage":"es"}]}},"_links":{"self":[{"href":"https:\/\/www.noatumlogistics.com\/pe\/wp-json\/wp\/v2\/pages\/2493","targetHints":{"allow":["GET"]}}],"collection":[{"href":"https:\/\/www.noatumlogistics.com\/pe\/wp-json\/wp\/v2\/pages"}],"about":[{"href":"https:\/\/www.noatumlogistics.com\/pe\/wp-json\/wp\/v2\/types\/page"}],"author":[{"embeddable":true,"href":"https:\/\/www.noatumlogistics.com\/pe\/wp-json\/wp\/v2\/users\/15"}],"replies":[{"embeddable":true,"href":"https:\/\/www.noatumlogistics.com\/pe\/wp-json\/wp\/v2\/comments?post=2493"}],"version-history":[{"count":30,"href":"https:\/\/www.noatumlogistics.com\/pe\/wp-json\/wp\/v2\/pages\/2493\/revisions"}],"predecessor-version":[{"id":2638,"href":"https:\/\/www.noatumlogistics.com\/pe\/wp-json\/wp\/v2\/pages\/2493\/revisions\/2638"}],"wp:featuredmedia":[{"embeddable":true,"href":"https:\/\/www.noatumlogistics.com\/pe\/wp-json\/wp\/v2\/media\/1260"}],"wp:attachment":[{"href":"https:\/\/www.noatumlogistics.com\/pe\/wp-json\/wp\/v2\/media?parent=2493"}],"curies":[{"name":"wp","href":"https:\/\/api.w.org\/{rel}","templated":true}]}}