{"id":2140,"date":"2021-04-08T16:14:17","date_gmt":"2021-04-08T16:14:17","guid":{"rendered":"https:\/\/www.noatumlogistics.com\/pe\/noatum-logistics\/nuestro-equipo\/"},"modified":"2026-01-14T16:16:32","modified_gmt":"2026-01-14T16:16:32","slug":"nuestro-equipo","status":"publish","type":"page","link":"https:\/\/www.noatumlogistics.com\/pe\/noatum-logistics\/nuestro-equipo\/","title":{"rendered":"Nuestro equipo"},"content":{"rendered":"<div class=\"wpb-content-wrapper\"><p>[vc_row center_row=&#8221;yes&#8221; css=&#8221;.vc_custom_1754388198114{background-color: #FFFFFF !important;background-position: center !important;background-repeat: no-repeat !important;background-size: cover !important;}&#8221; el_id=&#8221;mission&#8221;][vc_column][vc_row_inner][vc_column_inner]<div class=\"zozo-parallax-header\"><div class=\"parallax-header\"><h2 class=\"parallax-title text-left\">CEO<\/h2><\/div><\/div><div class=\"zozo-team-grid-wrapper team-columns-4\"><div class=\"row team-grid-inner\"><div class=\"team-item col-md-3 col-sm-6 col-xs-12 text-left\"><div class=\"team-item-img\"><img loading=\"lazy\" decoding=\"async\" src=\"https:\/\/www.noatumlogistics.com\/pe\/wp-content\/uploads\/sites\/24\/2025\/12\/Jochen-Thewes-Website-500x600.jpg\" width=\"500\" height=\"600\" alt=\"Jochen Thewes\" class=\"img-responsive\" \/><\/div><div class=\"team-content\"><h5 class=\"team-member-name\"><span class=\"memebername\">Jochen Thewes<\/span><\/br><span class=\"team-member-designation\">Chief Executive Officer<\/span><\/h5><\/div><\/div> <!-- Team item --><div class=\"team-item col-md-3 col-sm-6 col-xs-12 text-left\"><div class=\"team-item-img\"><img loading=\"lazy\" decoding=\"async\" src=\"https:\/\/www.noatumlogistics.com\/pe\/wp-content\/uploads\/sites\/24\/2025\/08\/samir-chaturvedi-ceo-noatum-logistics-500x600.jpg\" width=\"500\" height=\"600\" alt=\"Samir Chaturvedi\" class=\"img-responsive\" \/><\/div><div class=\"team-content\"><h5 class=\"team-member-name\"><span class=\"memebername\">Samir Chaturvedi<\/span><\/br><span class=\"team-member-designation\">CEO Noatum Logistics<\/span><\/h5><\/div><\/div> <!-- Team item --><\/div><\/div>[\/vc_column_inner][\/vc_row_inner][\/vc_column][\/vc_row][vc_row center_row=&#8221;yes&#8221; css=&#8221;.vc_custom_1591169655735{background-image: url(https:\/\/www.noatumlogistics.com\/wp-content\/uploads\/2020\/02\/fondo-directorio-2.jpg?id=9849) !important;background-position: center !important;background-repeat: no-repeat !important;background-size: cover !important;}&#8221;][vc_column]<div class=\"zozo-parallax-header\"><div class=\"parallax-header\"><h2 class=\"parallax-title text-left\">Global Leadership<\/h2><\/div><\/div><div class=\"zozo-team-grid-wrapper team-columns-4\"><div class=\"row team-grid-inner\"><div class=\"team-item col-md-3 col-sm-6 col-xs-12 text-left\"><div class=\"team-item-img\"><img loading=\"lazy\" decoding=\"async\" src=\"https:\/\/www.noatumlogistics.com\/pe\/wp-content\/uploads\/sites\/24\/2025\/08\/sheetal-gulati-chief-financial-officer-500x600.jpg\" width=\"500\" height=\"600\" alt=\"Sheetal Gulati\" class=\"img-responsive\" \/><\/div><div class=\"team-content\"><h5 class=\"team-member-name\"><span class=\"memebername\">Sheetal Gulati<\/span><\/br><span class=\"team-member-designation\">Chief Financial Officer<\/span><\/h5><\/div><\/div> <!-- Team item --><\/div><\/div>[\/vc_column][\/vc_row][vc_row center_row=&#8221;yes&#8221; css=&#8221;.vc_custom_1591169655735{background-image: url(https:\/\/www.noatumlogistics.com\/wp-content\/uploads\/2020\/02\/fondo-directorio-2.jpg?id=9849) !important;background-position: center !important;background-repeat: no-repeat !important;background-size: cover !important;}&#8221;][vc_column]<div class=\"zozo-parallax-header\"><div class=\"parallax-header\"><h2 class=\"parallax-title text-left\">Regional Expertise<\/h2><\/div><\/div><div class=\"zozo-team-grid-wrapper team-columns-4\"><div class=\"row team-grid-inner\"><div class=\"team-item col-md-3 col-sm-6 col-xs-12 text-left\"><div class=\"team-item-img\"><img loading=\"lazy\" decoding=\"async\" src=\"https:\/\/www.noatumlogistics.com\/pe\/wp-content\/uploads\/sites\/24\/2021\/05\/ramon-gallen-noatum-logistics-500x600.jpg\" width=\"500\" height=\"600\" alt=\"Ramon Gallen\" class=\"img-responsive\" \/><\/div><div class=\"team-content\"><h5 class=\"team-member-name\"><span class=\"memebername\">Ram\u00f3n Gall\u00e9n<\/span><\/br><span class=\"team-member-designation\">Managing Director Asia-Pacific<\/span><\/h5><\/div><\/div> <!-- Team item --><div class=\"team-item col-md-3 col-sm-6 col-xs-12 text-left\"><div class=\"team-item-img\"><img loading=\"lazy\" decoding=\"async\" src=\"https:\/\/www.noatumlogistics.com\/pe\/wp-content\/uploads\/sites\/24\/2021\/05\/ramon-gallen-noatum-logistics-500x600.jpg\" width=\"500\" height=\"600\" alt=\"Ram\u00f3n Gall\u00e9n\" class=\"img-responsive\" \/><\/div><div class=\"team-content\"><h5 class=\"team-member-name\"><span class=\"memebername\">Ram\u00f3n Gall\u00e9n<\/span><\/br><span class=\"team-member-designation\">Managing Director Asia-Pacific<\/span><\/h5><\/div><\/div> <!-- Team item --><div class=\"team-item col-md-3 col-sm-6 col-xs-12 text-left\"><div class=\"team-item-img\"><img loading=\"lazy\" decoding=\"async\" src=\"https:\/\/www.noatumlogistics.com\/pe\/wp-content\/uploads\/sites\/24\/2021\/06\/Levent-ozyuruk-noatum-logistics-1-500x600.jpg\" width=\"500\" height=\"600\" alt=\"Levent \u00d6zy\u00fcr\u00fck\" class=\"img-responsive\" \/><\/div><div class=\"team-content\"><h5 class=\"team-member-name\"><span class=\"memebername\">Levent \u00d6zy\u00fcr\u00fck<\/span><\/br><span class=\"team-member-designation\">Managing Director East Europe<\/span><\/h5><\/div><\/div> <!-- Team item --><div class=\"team-item col-md-3 col-sm-6 col-xs-12 text-left\"><div class=\"team-item-img\"><img loading=\"lazy\" decoding=\"async\" src=\"https:\/\/www.noatumlogistics.com\/pe\/wp-content\/uploads\/sites\/24\/2021\/06\/Levent-ozyuruk-noatum-logistics-1-500x600.jpg\" width=\"500\" height=\"600\" alt=\"Levent \u00d6zy\u00fcr\u00fck\" class=\"img-responsive\" \/><\/div><div class=\"team-content\"><h5 class=\"team-member-name\"><span class=\"memebername\">Levent \u00d6zy\u00fcr\u00fck<\/span><\/br><span class=\"team-member-designation\">Managing Director East Europe<\/span><\/h5><\/div><\/div> <!-- Team item --><div class=\"team-clearfix clearfix\"><\/div><div class=\"team-item col-md-3 col-sm-6 col-xs-12 text-left\"><div class=\"team-item-img\"><img loading=\"lazy\" decoding=\"async\" src=\"https:\/\/www.noatumlogistics.com\/pe\/wp-content\/uploads\/sites\/24\/2021\/04\/tony-tintore-noatum-logistics-500x700.png\" width=\"429\" height=\"600\" alt=\"Tony Tintor\u00e9\" class=\"img-responsive\" \/><\/div><div class=\"team-content\"><h5 class=\"team-member-name\"><span class=\"memebername\">Tony Tintor\u00e9<\/span><\/br><span class=\"team-member-designation\">Managing Director West Europe<\/span><\/h5><\/div><\/div> <!-- Team item --><div class=\"team-item col-md-3 col-sm-6 col-xs-12 text-left\"><div class=\"team-item-img\"><img loading=\"lazy\" decoding=\"async\" src=\"https:\/\/www.noatumlogistics.com\/pe\/wp-content\/uploads\/sites\/24\/2021\/04\/tony-tintore-noatum-logistics-500x600.jpg\" width=\"500\" height=\"600\" alt=\"Tony Tintor\u00e9\" class=\"img-responsive\" \/><\/div><div class=\"team-content\"><h5 class=\"team-member-name\"><span class=\"memebername\">Tony Tintor\u00e9<\/span><\/br><span class=\"team-member-designation\">Managing Director West Europe<\/span><\/h5><\/div><\/div> <!-- Team item --><div class=\"team-item col-md-3 col-sm-6 col-xs-12 text-left\"><div class=\"team-item-img\"><img loading=\"lazy\" decoding=\"async\" src=\"https:\/\/www.noatumlogistics.com\/pe\/wp-content\/uploads\/sites\/24\/2026\/01\/Guido-Gries-MD-North-America-500x600.jpg\" width=\"500\" height=\"600\" alt=\"Guido Gries\" class=\"img-responsive\" \/><\/div><div class=\"team-content\"><h5 class=\"team-member-name\"><span class=\"memebername\">Guido Gries<\/span><\/br><span class=\"team-member-designation\">Managing Director North America<\/span><\/h5><\/div><\/div> <!-- Team item --><\/div><\/div>[\/vc_column][\/vc_row]<\/p>\n<\/div>","protected":false},"excerpt":{"rendered":"<p>[vc_row center_row=&#8221;yes&#8221; css=&#8221;.vc_custom_1754388198114{background-color: #FFFFFF !important;background-position: center !important;background-repeat: no-repeat !important;background-size: cover !important;}&#8221; el_id=&#8221;mission&#8221;][vc_column][vc_row_inner][vc_column_inner][\/vc_column_inner][\/vc_row_inner][\/vc_column][\/vc_row][vc_row center_row=&#8221;yes&#8221; css=&#8221;.vc_custom_1591169655735{background-image: url(https:\/\/www.noatumlogistics.com\/wp-content\/uploads\/2020\/02\/fondo-directorio-2.jpg?id=9849) !important;background-position: center !important;background-repeat: no-repeat !important;background-size: cover !important;}&#8221;][vc_column][\/vc_column][\/vc_row][vc_row center_row=&#8221;yes&#8221; css=&#8221;.vc_custom_1591169655735{background-image: url(https:\/\/www.noatumlogistics.com\/wp-content\/uploads\/2020\/02\/fondo-directorio-2.jpg?id=9849) !important;background-position: center !important;background-repeat: no-repeat !important;background-size:&#8230;<\/p>\n","protected":false},"author":9,"featured_media":1260,"parent":129,"menu_order":0,"comment_status":"closed","ping_status":"closed","template":"template-fullwidth.php","meta":{"footnotes":""},"class_list":["post-2140","page","type-page","status-publish","has-post-thumbnail","hentry"],"yoast_head":"<!-- This site is optimized with the Yoast SEO plugin v27.3 - https:\/\/yoast.com\/product\/yoast-seo-wordpress\/ -->\n<title>Nuestro equipo directivo | Noatum Logistics<\/title>\n<meta name=\"description\" content=\"Nuestro Senior Logistics Management Team (SLMT) est\u00e1 formado por un equipo de experimentados ejecutivos, comprometidos con impulsar el \u00e9xito de nuestros clientes y stakeholders\" \/>\n<meta name=\"robots\" content=\"index, follow, max-snippet:-1, max-image-preview:large, max-video-preview:-1\" \/>\n<link rel=\"canonical\" href=\"https:\/\/www.noatumlogistics.com\/pe\/noatum-logistics\/nuestro-equipo\/\" \/>\n<meta property=\"og:locale\" content=\"es_ES\" \/>\n<meta property=\"og:type\" content=\"article\" \/>\n<meta property=\"og:title\" content=\"Nuestro equipo directivo | Noatum Logistics\" \/>\n<meta property=\"og:description\" content=\"Nuestro Senior Logistics Management Team (SLMT) est\u00e1 formado por un equipo de experimentados ejecutivos, comprometidos con impulsar el \u00e9xito de nuestros clientes y stakeholders\" \/>\n<meta property=\"og:url\" content=\"https:\/\/www.noatumlogistics.com\/pe\/noatum-logistics\/nuestro-equipo\/\" \/>\n<meta property=\"og:site_name\" content=\"Per\u00fa\" \/>\n<meta property=\"article:modified_time\" content=\"2026-01-14T16:16:32+00:00\" \/>\n<meta property=\"og:image\" content=\"https:\/\/www.noatumlogistics.com\/pe\/wp-content\/uploads\/sites\/24\/2020\/11\/slider-home-banner-empresa-sin-brillo-final.jpg\" \/>\n\t<meta property=\"og:image:width\" content=\"1903\" \/>\n\t<meta property=\"og:image:height\" content=\"700\" \/>\n\t<meta property=\"og:image:type\" content=\"image\/jpeg\" \/>\n<meta name=\"twitter:card\" content=\"summary_large_image\" \/>\n<meta name=\"twitter:label1\" content=\"Tiempo de lectura\" \/>\n\t<meta name=\"twitter:data1\" content=\"1 minuto\" \/>\n<script type=\"application\/ld+json\" class=\"yoast-schema-graph\">{\"@context\":\"https:\\\/\\\/schema.org\",\"@graph\":[{\"@type\":\"WebPage\",\"@id\":\"https:\\\/\\\/www.noatumlogistics.com\\\/pe\\\/noatum-logistics\\\/nuestro-equipo\\\/\",\"url\":\"https:\\\/\\\/www.noatumlogistics.com\\\/pe\\\/noatum-logistics\\\/nuestro-equipo\\\/\",\"name\":\"Nuestro equipo directivo | Noatum Logistics\",\"isPartOf\":{\"@id\":\"https:\\\/\\\/www.noatumlogistics.com\\\/pe\\\/#website\"},\"primaryImageOfPage\":{\"@id\":\"https:\\\/\\\/www.noatumlogistics.com\\\/pe\\\/noatum-logistics\\\/nuestro-equipo\\\/#primaryimage\"},\"image\":{\"@id\":\"https:\\\/\\\/www.noatumlogistics.com\\\/pe\\\/noatum-logistics\\\/nuestro-equipo\\\/#primaryimage\"},\"thumbnailUrl\":\"https:\\\/\\\/www.noatumlogistics.com\\\/pe\\\/wp-content\\\/uploads\\\/sites\\\/24\\\/2020\\\/11\\\/slider-home-banner-empresa-sin-brillo-final.jpg\",\"datePublished\":\"2021-04-08T16:14:17+00:00\",\"dateModified\":\"2026-01-14T16:16:32+00:00\",\"description\":\"Nuestro Senior Logistics Management Team (SLMT) est\u00e1 formado por un equipo de experimentados ejecutivos, comprometidos con impulsar el \u00e9xito de nuestros clientes y stakeholders\",\"breadcrumb\":{\"@id\":\"https:\\\/\\\/www.noatumlogistics.com\\\/pe\\\/noatum-logistics\\\/nuestro-equipo\\\/#breadcrumb\"},\"inLanguage\":\"es\",\"potentialAction\":[{\"@type\":\"ReadAction\",\"target\":[\"https:\\\/\\\/www.noatumlogistics.com\\\/pe\\\/noatum-logistics\\\/nuestro-equipo\\\/\"]}]},{\"@type\":\"ImageObject\",\"inLanguage\":\"es\",\"@id\":\"https:\\\/\\\/www.noatumlogistics.com\\\/pe\\\/noatum-logistics\\\/nuestro-equipo\\\/#primaryimage\",\"url\":\"https:\\\/\\\/www.noatumlogistics.com\\\/pe\\\/wp-content\\\/uploads\\\/sites\\\/24\\\/2020\\\/11\\\/slider-home-banner-empresa-sin-brillo-final.jpg\",\"contentUrl\":\"https:\\\/\\\/www.noatumlogistics.com\\\/pe\\\/wp-content\\\/uploads\\\/sites\\\/24\\\/2020\\\/11\\\/slider-home-banner-empresa-sin-brillo-final.jpg\",\"width\":1903,\"height\":700},{\"@type\":\"BreadcrumbList\",\"@id\":\"https:\\\/\\\/www.noatumlogistics.com\\\/pe\\\/noatum-logistics\\\/nuestro-equipo\\\/#breadcrumb\",\"itemListElement\":[{\"@type\":\"ListItem\",\"position\":1,\"name\":\"Home\",\"item\":\"https:\\\/\\\/www.noatumlogistics.com\\\/pe\\\/\"},{\"@type\":\"ListItem\",\"position\":2,\"name\":\"Nuestro equipo\"}]},{\"@type\":\"WebSite\",\"@id\":\"https:\\\/\\\/www.noatumlogistics.com\\\/pe\\\/#website\",\"url\":\"https:\\\/\\\/www.noatumlogistics.com\\\/pe\\\/\",\"name\":\"Per\u00fa\",\"description\":\"Just another Noatum Logistics site\",\"potentialAction\":[{\"@type\":\"SearchAction\",\"target\":{\"@type\":\"EntryPoint\",\"urlTemplate\":\"https:\\\/\\\/www.noatumlogistics.com\\\/pe\\\/?s={search_term_string}\"},\"query-input\":{\"@type\":\"PropertyValueSpecification\",\"valueRequired\":true,\"valueName\":\"search_term_string\"}}],\"inLanguage\":\"es\"}]}<\/script>\n<!-- \/ Yoast SEO plugin. -->","yoast_head_json":{"title":"Nuestro equipo directivo | Noatum Logistics","description":"Nuestro Senior Logistics Management Team (SLMT) est\u00e1 formado por un equipo de experimentados ejecutivos, comprometidos con impulsar el \u00e9xito de nuestros clientes y stakeholders","robots":{"index":"index","follow":"follow","max-snippet":"max-snippet:-1","max-image-preview":"max-image-preview:large","max-video-preview":"max-video-preview:-1"},"canonical":"https:\/\/www.noatumlogistics.com\/pe\/noatum-logistics\/nuestro-equipo\/","og_locale":"es_ES","og_type":"article","og_title":"Nuestro equipo directivo | Noatum Logistics","og_description":"Nuestro Senior Logistics Management Team (SLMT) est\u00e1 formado por un equipo de experimentados ejecutivos, comprometidos con impulsar el \u00e9xito de nuestros clientes y stakeholders","og_url":"https:\/\/www.noatumlogistics.com\/pe\/noatum-logistics\/nuestro-equipo\/","og_site_name":"Per\u00fa","article_modified_time":"2026-01-14T16:16:32+00:00","og_image":[{"width":1903,"height":700,"url":"https:\/\/www.noatumlogistics.com\/pe\/wp-content\/uploads\/sites\/24\/2020\/11\/slider-home-banner-empresa-sin-brillo-final.jpg","type":"image\/jpeg"}],"twitter_card":"summary_large_image","twitter_misc":{"Tiempo de lectura":"1 minuto"},"schema":{"@context":"https:\/\/schema.org","@graph":[{"@type":"WebPage","@id":"https:\/\/www.noatumlogistics.com\/pe\/noatum-logistics\/nuestro-equipo\/","url":"https:\/\/www.noatumlogistics.com\/pe\/noatum-logistics\/nuestro-equipo\/","name":"Nuestro equipo directivo | Noatum Logistics","isPartOf":{"@id":"https:\/\/www.noatumlogistics.com\/pe\/#website"},"primaryImageOfPage":{"@id":"https:\/\/www.noatumlogistics.com\/pe\/noatum-logistics\/nuestro-equipo\/#primaryimage"},"image":{"@id":"https:\/\/www.noatumlogistics.com\/pe\/noatum-logistics\/nuestro-equipo\/#primaryimage"},"thumbnailUrl":"https:\/\/www.noatumlogistics.com\/pe\/wp-content\/uploads\/sites\/24\/2020\/11\/slider-home-banner-empresa-sin-brillo-final.jpg","datePublished":"2021-04-08T16:14:17+00:00","dateModified":"2026-01-14T16:16:32+00:00","description":"Nuestro Senior Logistics Management Team (SLMT) est\u00e1 formado por un equipo de experimentados ejecutivos, comprometidos con impulsar el \u00e9xito de nuestros clientes y stakeholders","breadcrumb":{"@id":"https:\/\/www.noatumlogistics.com\/pe\/noatum-logistics\/nuestro-equipo\/#breadcrumb"},"inLanguage":"es","potentialAction":[{"@type":"ReadAction","target":["https:\/\/www.noatumlogistics.com\/pe\/noatum-logistics\/nuestro-equipo\/"]}]},{"@type":"ImageObject","inLanguage":"es","@id":"https:\/\/www.noatumlogistics.com\/pe\/noatum-logistics\/nuestro-equipo\/#primaryimage","url":"https:\/\/www.noatumlogistics.com\/pe\/wp-content\/uploads\/sites\/24\/2020\/11\/slider-home-banner-empresa-sin-brillo-final.jpg","contentUrl":"https:\/\/www.noatumlogistics.com\/pe\/wp-content\/uploads\/sites\/24\/2020\/11\/slider-home-banner-empresa-sin-brillo-final.jpg","width":1903,"height":700},{"@type":"BreadcrumbList","@id":"https:\/\/www.noatumlogistics.com\/pe\/noatum-logistics\/nuestro-equipo\/#breadcrumb","itemListElement":[{"@type":"ListItem","position":1,"name":"Home","item":"https:\/\/www.noatumlogistics.com\/pe\/"},{"@type":"ListItem","position":2,"name":"Nuestro equipo"}]},{"@type":"WebSite","@id":"https:\/\/www.noatumlogistics.com\/pe\/#website","url":"https:\/\/www.noatumlogistics.com\/pe\/","name":"Per\u00fa","description":"Just another Noatum Logistics site","potentialAction":[{"@type":"SearchAction","target":{"@type":"EntryPoint","urlTemplate":"https:\/\/www.noatumlogistics.com\/pe\/?s={search_term_string}"},"query-input":{"@type":"PropertyValueSpecification","valueRequired":true,"valueName":"search_term_string"}}],"inLanguage":"es"}]}},"_links":{"self":[{"href":"https:\/\/www.noatumlogistics.com\/pe\/wp-json\/wp\/v2\/pages\/2140","targetHints":{"allow":["GET"]}}],"collection":[{"href":"https:\/\/www.noatumlogistics.com\/pe\/wp-json\/wp\/v2\/pages"}],"about":[{"href":"https:\/\/www.noatumlogistics.com\/pe\/wp-json\/wp\/v2\/types\/page"}],"author":[{"embeddable":true,"href":"https:\/\/www.noatumlogistics.com\/pe\/wp-json\/wp\/v2\/users\/9"}],"replies":[{"embeddable":true,"href":"https:\/\/www.noatumlogistics.com\/pe\/wp-json\/wp\/v2\/comments?post=2140"}],"version-history":[{"count":4,"href":"https:\/\/www.noatumlogistics.com\/pe\/wp-json\/wp\/v2\/pages\/2140\/revisions"}],"predecessor-version":[{"id":4257,"href":"https:\/\/www.noatumlogistics.com\/pe\/wp-json\/wp\/v2\/pages\/2140\/revisions\/4257"}],"up":[{"embeddable":true,"href":"https:\/\/www.noatumlogistics.com\/pe\/wp-json\/wp\/v2\/pages\/129"}],"wp:featuredmedia":[{"embeddable":true,"href":"https:\/\/www.noatumlogistics.com\/pe\/wp-json\/wp\/v2\/media\/1260"}],"wp:attachment":[{"href":"https:\/\/www.noatumlogistics.com\/pe\/wp-json\/wp\/v2\/media?parent=2140"}],"curies":[{"name":"wp","href":"https:\/\/api.w.org\/{rel}","templated":true}]}}