{"id":857,"date":"2016-09-12T07:51:44","date_gmt":"2016-09-12T07:51:44","guid":{"rendered":"https:\/\/www.noatumlogistics.com\/mx\/codigo-arancelario-mercancias\/"},"modified":"2020-12-28T11:32:13","modified_gmt":"2020-12-28T11:32:13","slug":"codigo-arancelario-mercancias","status":"publish","type":"page","link":"https:\/\/www.noatumlogistics.com\/mx\/codigo-arancelario-mercancias\/","title":{"rendered":"C\u00f3digo arancelario mercanc\u00edas"},"content":{"rendered":"<div class=\"wpb-content-wrapper\"><p>[vc_row center_row=&#8221;yes&#8221;][vc_column]<div class=\"zozo-parallax-header\"><div class=\"parallax-header\"><h5 class=\"parallax-title text-center\" style=\"font-size:16px;margin:0px 0px 20px 0px;\">HERRAMIENTAS \/ C\u00d3DIGO ARANCELARIO MERCANC\u00cdAS.<\/h5><div class=\"parallax-desc default-style text-center\"><h5 style=\"text-align: left\"><\/h5>\n<\/div><\/div><\/div>[vc_column_text css=&#8221;.vc_custom_1591197568304{padding-top: 0px !important;}&#8221;]<span style=\"font-size: 22px;font-weight: bold\">Secci\u00f3n I &#8211; Animales vivos y productos del reino animal<\/span><\/p>\n<div id=\"boxscroll\" class=\"guia\">\n<p><strong>01.<\/strong> Animales vivos.<br \/>\n<strong>02.<\/strong> Carne y despojos comestibles.<br \/>\n<strong>03.<\/strong> Pescados y crust\u00e1ceos; moluscos y otros invertebrados acu\u00e1ticos.<br \/>\n<strong>04.<\/strong> Leche y productos l\u00e1cteos; huevos de ave; miel natural; productos comestibles de origen animal no expresados ni comprendidos en otros cap\u00edtulos.<br \/>\n<strong>05.<\/strong> Los dem\u00e1s productos de origen animal no expresados ni comprendidos en otra parte.<\/p>\n<h3>Secci\u00f3n II &#8211; Productos del reino vegetal<\/h3>\n<p><strong>06.<\/strong> Plantas vivas y productos de la floricultura.<br \/>\n<strong>07.<\/strong> Legumbres y hortalizas, plantas, ra\u00edces y tub\u00e9rculos alimenticios.<br \/>\n<strong>08.<\/strong> Frutos comestibles, cortezas de agrios o de melones.<br \/>\n<strong>09.<\/strong> Caf\u00e9 , te, yerba mate y especias.<br \/>\n<strong>10.<\/strong> Cereales.<br \/>\n<strong>11.<\/strong> Productos de la moliner\u00eda, malta, almid\u00f3n y f\u00e9cula, inulina, gluten de trigo.<br \/>\n<strong>12.<\/strong> Semillas y frutos oleaginosos, semillas y frutos diversos, plantas industriales o medicinales, paja y forrajes.<br \/>\n<strong>13.<\/strong> Gomas; resinas y dem\u00e1s jugos y extractos vegetales.<br \/>\n<strong>14.<\/strong> Materias trenzables y dem\u00e1s productos de origen vegetal; no expresados ni comprendidos en otros cap\u00edtulos.<\/p>\n<h3>Secci\u00f3n III &#8211; Grasa y aceites animales y vegetales; productos de su desdoblamiento; grasas alimenticias elaboradas; ceras de origen animal o vegetal<\/h3>\n<p><strong>15.<\/strong> Grasas y aceites animales o vegetales, productos de su desdoblamiento, grasas alimenticias elaboradas, ceras de origen animal o vegetal.<\/p>\n<h3>Secci\u00f3n IV &#8211; Productos de las industrias alimentarias bebidas, l\u00edquidos alcoh\u00f3licos y vinagres; tabaco y suced\u00e1neos del tabaco elaborados<\/h3>\n<p><strong>16.<\/strong> Preparaciones de carne; de pescado o de crust\u00e1ceos; de moluscos o de otros invertebrados acu\u00e1ticos.<br \/>\n<strong>17.<\/strong> Azucares y art\u00edculos de confiter\u00eda.<br \/>\n<strong>18.<\/strong> Cacao y sus preparaciones.<br \/>\n<strong>19.<\/strong> Preparaciones a base de cereales, harina, almid\u00f3n, f\u00e9cula o leche, productos de pasteler\u00eda.<br \/>\n<strong>20.<\/strong> Preparaciones de legumbres u hortalizas, de frutos o de otras partes de plantas.<br \/>\n<strong>21.<\/strong> Preparaciones alimenticias diversas.<br \/>\n<strong>22.<\/strong> Bebidas, l\u00edquidos alcoh\u00f3licos y vinagre.<br \/>\n<strong>23.<\/strong> Residuos y desperdicios de las industrias alimentarias, alimentos preparados para animales.<br \/>\n<strong>24.<\/strong> Tabaco y suced\u00e1neos del tabaco; elaborados.<\/p>\n<h3>Secci\u00f3n V &#8211; Productos minerales<\/h3>\n<p><strong>25.<\/strong> Sal, azufre, tierras y piedras, yesos, cales y cementos.<br \/>\n<strong>26.<\/strong> Minerales, escorias y cenizas.<br \/>\n<strong>27.<\/strong> Combustibles minerales, aceites minerales y productos de su destilaci\u00f3n, materias bituminosas, ceras minerales.<\/p>\n<h3>Secci\u00f3n VI &#8211; Productos de las industrias qu\u00edmicas o de las industrias conexas<\/h3>\n<p><strong>28.<\/strong> Productos qu\u00edmicos inorg\u00e1nicos; compuestos inorg\u00e1nicos u org\u00e1nicos de los metales preciosos; de los elementos radiactivos; de los metales de las tierras raras o de isotopos.<br \/>\n<strong>29.<\/strong> Productos qu\u00edmicos org\u00e1nicos.<br \/>\n<strong>30.<\/strong> Productos farmac\u00e9uticos.<br \/>\n<strong>31.<\/strong> Abonos.<br \/>\n<strong>32.<\/strong> Extractos curtientes o tint\u00f3reos; taninos y sus derivados; pigmentos y dem\u00e1s materias colorantes; pinturas y barnices; mastiques; tintas.<br \/>\n<strong>33.<\/strong> Aceites esenciales y resinoides, preparaciones de perfumer\u00eda, de tocador o de cosm\u00e9tica.<br \/>\n<strong>34.<\/strong> Jabones; agentes de superficie org\u00e1nicos; preparaciones para lavar; preparaciones lubricantes; ceras artificiales; ceras preparadas; productos de limpieza; velas y art\u00edculos similares; pasta para modelar; &#8221;ceras para odontolog\u00eda&#8221; y preparaciones para odontolog\u00eda a base de yeso.<br \/>\n<strong>35.<\/strong> Materias albuminoideas, productos a base de almid\u00f3n o de f\u00e9culas modificados, colas, enzimas.<br \/>\n<strong>36.<\/strong> P\u00f3lvoras y explosivos, art\u00edculos de pirotecnia, f\u00f3sforos (cerillas), aleaciones pirof\u00f3ricas, materias flamables.<br \/>\n<strong>37.<\/strong> Productos fotogr\u00e1ficos o cinematogr\u00e1ficos.<br \/>\n<strong>38.<\/strong> Productos diversos de las industrias qu\u00edmicas.<\/p>\n<h3>Secci\u00f3n VII &#8211; Materias pl\u00e1sticas y manufacturas de estas materias; caucho y manufacturas de caucho<\/h3>\n<p><strong>39.<\/strong> Materias pl\u00e1sticas y manufacturas de estas materias.<br \/>\n<strong>40.<\/strong> Caucho y manufacturas de caucho.<\/p>\n<h3>Secci\u00f3n VIII &#8211; Pieles cueros, peleter\u00eda y manufacturas de estas materias; art\u00edculos de guarnicioner\u00eda o de talabarter\u00eda; art\u00edculos de viaje; bolsos de mano y continentes similares; manufacturas de tripa<\/h3>\n<p><strong>41.<\/strong> Pieles (excepto la peleter\u00eda) y cueros.<br \/>\n<strong>42.<\/strong> Manufacturas de cuero, art\u00edculos de guarnicioner\u00eda o de talabarter\u00eda, art\u00edculos de viaje, bolsos de mano y continentes similares, manufacturas de tripa.<br \/>\n<strong>43.<\/strong> Peleter\u00eda y confecciones de peleter\u00eda, peleter\u00eda artificial o facticia.<\/p>\n<h3>Secci\u00f3n IX &#8211; Madera, carb\u00f3n vegetal y manufacturas de madera; corcho y manufacturas de corcho; manufacturas de esparteria o de cesteria<\/h3>\n<p><strong>44.<\/strong> Madera, carb\u00f3n vegetal y manufacturas de madera.<br \/>\n<strong>45.<\/strong> Corcho y sus manufacturas.<br \/>\n<strong>46.<\/strong> Manufacturas de esparter\u00eda o de cester\u00eda.<\/p>\n<h3>Secci\u00f3n X &#8211; Pasta de madera o de otras materias fibrosas celulosicas papel o cart\u00f3n para reciclar (desperdicios y desechos); papel y sus aplicaciones<\/h3>\n<p><strong>47.<\/strong> Pasta de madera o de otras materias fibrosas celul\u00f3sicas; recuperadas, desperdicios y desechos de papel o cart\u00f3n.<br \/>\n<strong>48.<\/strong> Papel y cart\u00f3n, manufacturas de pasta de celulosa, de papel o de cart\u00f3n.<br \/>\n<strong>49.<\/strong> Productos editoriales; de la prensa o de otras industrias graficas; textos manuscritos o mecanografiados y planos.<\/p>\n<h3>Secci\u00f3n XI &#8211; Materias textiles y sus manufacturas<\/h3>\n<p><strong>50.<\/strong> Seda.<br \/>\n<strong>51.<\/strong> Lana y pelo fino u ordinario, hilados y tejidos de crin.<br \/>\n<strong>52.<\/strong> Algod\u00f3n.<br \/>\n<strong>53.<\/strong> Las dem\u00e1s fibras textiles vegetales; hilados de papel y tejidos de hilados de papel.<br \/>\n<strong>54.<\/strong> Filamentos sint\u00e9ticos o artificiales.<br \/>\n<strong>55.<\/strong> Fibras sint\u00e9ticas o artificiales discontinuas.<br \/>\n<strong>56.<\/strong> Guata, fieltro y telas sin tejer, hilados especiales, cordeles, cuerdas y cordajes, art\u00edculos de cordeler\u00eda.<br \/>\n<strong>57.<\/strong> Alfombras y dem\u00e1s revestimientos para el suelo; de materias textiles.<br \/>\n<strong>58.<\/strong> Tejidos especiales, superficies textiles con pelo insertado, encajes, tapicer\u00eda, pasamaner\u00eda, bordados.<br \/>\n<strong>59.<\/strong> Tejidos impregnados, recubiertos, revestidos o estratificados, art\u00edculos t\u00e9cnicos de materias textiles.<br \/>\n<strong>60.<\/strong> Tejidos de punto.<br \/>\n<strong>61.<\/strong> Prendas y complementos de vestir, de punto.<br \/>\n<strong>62.<\/strong> Prendas y complementos de vestir, excepto los de punto.<br \/>\n<strong>63.<\/strong> Los dem\u00e1s art\u00edculos textiles confeccionados; surtidos; prender\u00eda y trapos.<\/p>\n<h3>Secci\u00f3n XII &#8211; Calzado, sombrerer\u00eda, paraguas, quitasoles, bastones, l\u00e1tigos, fustas y sus partes; plumas preparadas y art\u00edculos de plumas, flores artificiales, manufacturas de cabello<\/h3>\n<p><strong>64.<\/strong> Calzado; polainas; botines y art\u00edculos an\u00e1logos; partes de estos art\u00edculos.<br \/>\n<strong>65.<\/strong> Art\u00edculos de sombrerer\u00eda y sus partes.<br \/>\n<strong>66.<\/strong> Paraguas; sombrillas; quitasoles; bastones-asiento; l\u00e1tigos; fustas y sus partes.<br \/>\n<strong>67.<\/strong> Plumas y plum\u00f3n preparados y art\u00edculos de plumas o plum\u00f3n, flores artificiales, manufacturas de cabellos.<\/p>\n<h3>Secci\u00f3n XIII &#8211; Manufacturas de piedra, yeso, cemento, amianto, mica o materias an\u00e1logas; productos cer\u00e1micos; vidrio y manufacturas de vidrio<\/h3>\n<p><strong>68.<\/strong> Manufacturas de piedra; yeso; cemento; amianto; mica o materias an\u00e1logas.<br \/>\n<strong>69.<\/strong> Productos cer\u00e1micos.<br \/>\n<strong>70.<\/strong> Vidrio y manufacturas de vidrio.<\/p>\n<h3>Secci\u00f3n XIV &#8211; Perlas finas o cultivadas, piedras preciosas y semipreciosas o similares, metales preciosos, chapados de metales preciosos y manufacturas de estas materias; bisuter\u00eda; monedas<\/h3>\n<p><strong>71.<\/strong> Perlas finas o cultivadas, piedras preciosas y semipreciosas o similares, metales preciosos, chapados de metales preciosos y manufacturas de estas materias; bisuter\u00eda; monedas.<\/p>\n<h3>Secci\u00f3n XV &#8211; Metales comunes y manufacturas de estos metales<\/h3>\n<p><strong>72.<\/strong> Fundici\u00f3n, hierro y acero.<br \/>\n<strong>73.<\/strong> Manufacturas de fundici\u00f3n, de hierro o de acero.<br \/>\n<strong>74.<\/strong> Cobre y manufacturas de cobre.<br \/>\n<strong>75.<\/strong> N\u00edquel y manufacturas de n\u00edquel.<br \/>\n<strong>76.<\/strong> Aluminio y manufacturas de aluminio.<br \/>\n<strong>78.<\/strong> Plomo y manufacturas de plomo.<br \/>\n<strong>79.<\/strong> Cinc y manufacturas de cinc.<br \/>\n<strong>80.<\/strong> Esta\u00f1o y manufacturas de esta\u00f1o.<br \/>\n<strong>81.<\/strong> Los dem\u00e1s metales comunes; &#8221;cermets&#8221;; manufacturas de estas materias.<br \/>\n<strong>82.<\/strong> Herramientas y \u00fatiles art\u00edculos de cuchiller\u00eda y cubiertos de mesa, de metales comunes, partes de estos art\u00edculos, de metales comunes.<\/p>\n<h3>Secci\u00f3n XVI &#8211; M\u00e1quinas y aparatos, material el\u00e9ctrico y sus partes, aparatos de grabaci\u00f3n o reproducci\u00f3n de sonido, aparatos de grabaci\u00f3n o reproducci\u00f3n de im\u00e1genes y sonido en televisi\u00f3n, y las partes y accesorios de estos aparatos<\/h3>\n<p><strong>84.<\/strong> Reactores nucleares; calderas; maquinas; aparatos y artefactos mec\u00e1nicos; partes de estas maquinas o aparatos.<br \/>\n<strong>85.<\/strong> M\u00e1quinas; aparatos y material el\u00e9ctrico y sus partes; aparatos de grabaci\u00f3n o reproducci\u00f3n de sonido; aparatos de grabaci\u00f3n o reproducci\u00f3n de im\u00e1genes y sonido en televisi\u00f3n; y las partes y accesorios de esos aparatos.<\/p>\n<h3>Secci\u00f3n XV &#8211; Metales comunes y manufacturas de estos metales<\/h3>\n<p><strong>86.<\/strong> Veh\u00edculos y material para v\u00edas f\u00e9rreas o similares y sus partes; aparatos mec\u00e1nicos (incluso electromec\u00e1nicos) de se\u00f1alizaci\u00f3n para v\u00edas de comunicaci\u00f3n.<br \/>\n<strong>87.<\/strong> Veh\u00edculos autom\u00f3viles; tractores; ciclos y dem\u00e1s veh\u00edculos terrestres; sus partes y accesorios.<br \/>\n<strong>88.<\/strong> Navegaci\u00f3n a\u00e9rea o espacial.<br \/>\n<strong>89.<\/strong> Navegaci\u00f3n mar\u00edtima o fluvial.<\/p>\n<h3>Secci\u00f3n XVIII &#8211; Instrumentos y aparatos de \u00f3ptica, fotograf\u00eda o cinematograf\u00eda, de medida, control o de precisi\u00f3n; instrumentos y aparatos medico quir\u00fargicos; relojer\u00eda; instrumentos de m\u00fasica; partes y accesorios de estos instrumentos o aparatos<\/h3>\n<p><strong>90.<\/strong> Instrumentos y aparatos de \u00f3ptica, fotograf\u00eda o cinematograf\u00eda, de medida, control o de precisi\u00f3n, instrumentos y aparatos medico quir\u00fargicos, partes de estos instrumentos o aparatos.<br \/>\n<strong>91.<\/strong> Relojer\u00eda.<br \/>\n<strong>92.<\/strong> Instrumentos musicales, partes y accesorios de estos instrumentos.<\/p>\n<h3>Secci\u00f3n XIX &#8211; Armas y municiones, y sus partes y accesorios<\/h3>\n<p><strong>93.<\/strong> Armas y municiones y sus partes y accesorios.<\/p>\n<h3>Secci\u00f3n XX &#8211; Mercancias y productos diversos<\/h3>\n<p><strong>94.<\/strong> Muebles, mobiliario m\u00e9dico quir\u00fargico, art\u00edculos de cama y similares, aparatos de alumbrado no expresados ni comprendidos en otros cap\u00edtulos, anuncios, letreros y placas indicadoras, luminosos, y art\u00edculos similares, construcciones prefabricadas.<br \/>\n<strong>95.<\/strong> Juguetes, juegos y art\u00edculos para recreo o para deporte, partes y accesorios.<\/p>\n<p><strong>97.<\/strong> Objetos de arte; de colecci\u00f3n o de antig\u00fcedad:<br \/>\n<strong>99.<\/strong> Env\u00edos formados por un conjunto heterog\u00e9neo de mercanc\u00edas aforables por diferentes partidas arancelarias y supuestos no contemplados en el arancel aduanero espec\u00edficamente.<\/p>\n<\/div>\n<p>[\/vc_column_text][\/vc_column][\/vc_row]<\/p>\n<\/div>","protected":false},"excerpt":{"rendered":"<p>[vc_row center_row=&#8221;yes&#8221;][vc_column][vc_column_text css=&#8221;.vc_custom_1591197568304{padding-top: 0px !important;}&#8221;]Secci\u00f3n I &#8211; Animales vivos y productos del reino animal 01. Animales vivos. 02. Carne y despojos comestibles. 03. Pescados y crust\u00e1ceos; moluscos y otros invertebrados&#8230;<\/p>\n","protected":false},"author":1,"featured_media":1465,"parent":0,"menu_order":0,"comment_status":"closed","ping_status":"closed","template":"template-fullwidth.php","meta":{"footnotes":""},"class_list":["post-857","page","type-page","status-publish","has-post-thumbnail","hentry"],"yoast_head":"<!-- This site is optimized with the Yoast SEO plugin v27.3 - https:\/\/yoast.com\/product\/yoast-seo-wordpress\/ -->\n<title>C\u00f3digo arancelario mercanc\u00edas | Noatum Logistics<\/title>\n<meta name=\"description\" content=\"Un c\u00f3digo arancelario es un c\u00f3digo espec\u00edfico de un producto recogido en el Sistema Armonizado (SA) de la Organizaci\u00f3n Mundial de Aduanas\" \/>\n<meta name=\"robots\" content=\"noindex, follow, max-snippet:-1, max-image-preview:large, max-video-preview:-1\" \/>\n<meta property=\"og:locale\" content=\"es_ES\" \/>\n<meta property=\"og:type\" content=\"article\" \/>\n<meta property=\"og:title\" content=\"C\u00f3digo arancelario mercanc\u00edas | Noatum Logistics\" \/>\n<meta property=\"og:description\" content=\"Un c\u00f3digo arancelario es un c\u00f3digo espec\u00edfico de un producto recogido en el Sistema Armonizado (SA) de la Organizaci\u00f3n Mundial de Aduanas\" \/>\n<meta property=\"og:url\" content=\"https:\/\/www.noatumlogistics.com\/mx\/codigo-arancelario-mercancias\/\" \/>\n<meta property=\"og:site_name\" content=\"M\u00e9xico\" \/>\n<meta property=\"article:modified_time\" content=\"2020-12-28T11:32:13+00:00\" \/>\n<meta property=\"og:image\" content=\"https:\/\/www.noatumlogistics.com\/mx\/wp-content\/uploads\/sites\/20\/2020\/12\/paisesypuertos-head.jpg\" \/>\n\t<meta property=\"og:image:width\" content=\"2362\" \/>\n\t<meta property=\"og:image:height\" content=\"700\" \/>\n\t<meta property=\"og:image:type\" content=\"image\/jpeg\" \/>\n<meta name=\"twitter:card\" content=\"summary_large_image\" \/>\n<meta name=\"twitter:label1\" content=\"Tiempo de lectura\" \/>\n\t<meta name=\"twitter:data1\" content=\"8 minutos\" \/>\n<script type=\"application\/ld+json\" class=\"yoast-schema-graph\">{\"@context\":\"https:\\\/\\\/schema.org\",\"@graph\":[{\"@type\":\"WebPage\",\"@id\":\"https:\\\/\\\/www.noatumlogistics.com\\\/mx\\\/codigo-arancelario-mercancias\\\/\",\"url\":\"https:\\\/\\\/www.noatumlogistics.com\\\/mx\\\/codigo-arancelario-mercancias\\\/\",\"name\":\"C\u00f3digo arancelario mercanc\u00edas | Noatum Logistics\",\"isPartOf\":{\"@id\":\"https:\\\/\\\/www.noatumlogistics.com\\\/mx\\\/#website\"},\"primaryImageOfPage\":{\"@id\":\"https:\\\/\\\/www.noatumlogistics.com\\\/mx\\\/codigo-arancelario-mercancias\\\/#primaryimage\"},\"image\":{\"@id\":\"https:\\\/\\\/www.noatumlogistics.com\\\/mx\\\/codigo-arancelario-mercancias\\\/#primaryimage\"},\"thumbnailUrl\":\"https:\\\/\\\/www.noatumlogistics.com\\\/mx\\\/wp-content\\\/uploads\\\/sites\\\/20\\\/2020\\\/12\\\/paisesypuertos-head.jpg\",\"datePublished\":\"2016-09-12T07:51:44+00:00\",\"dateModified\":\"2020-12-28T11:32:13+00:00\",\"description\":\"Un c\u00f3digo arancelario es un c\u00f3digo espec\u00edfico de un producto recogido en el Sistema Armonizado (SA) de la Organizaci\u00f3n Mundial de Aduanas\",\"breadcrumb\":{\"@id\":\"https:\\\/\\\/www.noatumlogistics.com\\\/mx\\\/codigo-arancelario-mercancias\\\/#breadcrumb\"},\"inLanguage\":\"es\",\"potentialAction\":[{\"@type\":\"ReadAction\",\"target\":[\"https:\\\/\\\/www.noatumlogistics.com\\\/mx\\\/codigo-arancelario-mercancias\\\/\"]}]},{\"@type\":\"ImageObject\",\"inLanguage\":\"es\",\"@id\":\"https:\\\/\\\/www.noatumlogistics.com\\\/mx\\\/codigo-arancelario-mercancias\\\/#primaryimage\",\"url\":\"https:\\\/\\\/www.noatumlogistics.com\\\/mx\\\/wp-content\\\/uploads\\\/sites\\\/20\\\/2020\\\/12\\\/paisesypuertos-head.jpg\",\"contentUrl\":\"https:\\\/\\\/www.noatumlogistics.com\\\/mx\\\/wp-content\\\/uploads\\\/sites\\\/20\\\/2020\\\/12\\\/paisesypuertos-head.jpg\",\"width\":2362,\"height\":700},{\"@type\":\"BreadcrumbList\",\"@id\":\"https:\\\/\\\/www.noatumlogistics.com\\\/mx\\\/codigo-arancelario-mercancias\\\/#breadcrumb\",\"itemListElement\":[{\"@type\":\"ListItem\",\"position\":1,\"name\":\"Home\",\"item\":\"https:\\\/\\\/www.noatumlogistics.com\\\/mx\\\/\"},{\"@type\":\"ListItem\",\"position\":2,\"name\":\"C\u00f3digo arancelario mercanc\u00edas\"}]},{\"@type\":\"WebSite\",\"@id\":\"https:\\\/\\\/www.noatumlogistics.com\\\/mx\\\/#website\",\"url\":\"https:\\\/\\\/www.noatumlogistics.com\\\/mx\\\/\",\"name\":\"M\u00e9xico\",\"description\":\"Just another Noatum Logistics site\",\"potentialAction\":[{\"@type\":\"SearchAction\",\"target\":{\"@type\":\"EntryPoint\",\"urlTemplate\":\"https:\\\/\\\/www.noatumlogistics.com\\\/mx\\\/?s={search_term_string}\"},\"query-input\":{\"@type\":\"PropertyValueSpecification\",\"valueRequired\":true,\"valueName\":\"search_term_string\"}}],\"inLanguage\":\"es\"}]}<\/script>\n<!-- \/ Yoast SEO plugin. -->","yoast_head_json":{"title":"C\u00f3digo arancelario mercanc\u00edas | Noatum Logistics","description":"Un c\u00f3digo arancelario es un c\u00f3digo espec\u00edfico de un producto recogido en el Sistema Armonizado (SA) de la Organizaci\u00f3n Mundial de Aduanas","robots":{"index":"noindex","follow":"follow","max-snippet":"max-snippet:-1","max-image-preview":"max-image-preview:large","max-video-preview":"max-video-preview:-1"},"og_locale":"es_ES","og_type":"article","og_title":"C\u00f3digo arancelario mercanc\u00edas | Noatum Logistics","og_description":"Un c\u00f3digo arancelario es un c\u00f3digo espec\u00edfico de un producto recogido en el Sistema Armonizado (SA) de la Organizaci\u00f3n Mundial de Aduanas","og_url":"https:\/\/www.noatumlogistics.com\/mx\/codigo-arancelario-mercancias\/","og_site_name":"M\u00e9xico","article_modified_time":"2020-12-28T11:32:13+00:00","og_image":[{"width":2362,"height":700,"url":"https:\/\/www.noatumlogistics.com\/mx\/wp-content\/uploads\/sites\/20\/2020\/12\/paisesypuertos-head.jpg","type":"image\/jpeg"}],"twitter_card":"summary_large_image","twitter_misc":{"Tiempo de lectura":"8 minutos"},"schema":{"@context":"https:\/\/schema.org","@graph":[{"@type":"WebPage","@id":"https:\/\/www.noatumlogistics.com\/mx\/codigo-arancelario-mercancias\/","url":"https:\/\/www.noatumlogistics.com\/mx\/codigo-arancelario-mercancias\/","name":"C\u00f3digo arancelario mercanc\u00edas | Noatum Logistics","isPartOf":{"@id":"https:\/\/www.noatumlogistics.com\/mx\/#website"},"primaryImageOfPage":{"@id":"https:\/\/www.noatumlogistics.com\/mx\/codigo-arancelario-mercancias\/#primaryimage"},"image":{"@id":"https:\/\/www.noatumlogistics.com\/mx\/codigo-arancelario-mercancias\/#primaryimage"},"thumbnailUrl":"https:\/\/www.noatumlogistics.com\/mx\/wp-content\/uploads\/sites\/20\/2020\/12\/paisesypuertos-head.jpg","datePublished":"2016-09-12T07:51:44+00:00","dateModified":"2020-12-28T11:32:13+00:00","description":"Un c\u00f3digo arancelario es un c\u00f3digo espec\u00edfico de un producto recogido en el Sistema Armonizado (SA) de la Organizaci\u00f3n Mundial de Aduanas","breadcrumb":{"@id":"https:\/\/www.noatumlogistics.com\/mx\/codigo-arancelario-mercancias\/#breadcrumb"},"inLanguage":"es","potentialAction":[{"@type":"ReadAction","target":["https:\/\/www.noatumlogistics.com\/mx\/codigo-arancelario-mercancias\/"]}]},{"@type":"ImageObject","inLanguage":"es","@id":"https:\/\/www.noatumlogistics.com\/mx\/codigo-arancelario-mercancias\/#primaryimage","url":"https:\/\/www.noatumlogistics.com\/mx\/wp-content\/uploads\/sites\/20\/2020\/12\/paisesypuertos-head.jpg","contentUrl":"https:\/\/www.noatumlogistics.com\/mx\/wp-content\/uploads\/sites\/20\/2020\/12\/paisesypuertos-head.jpg","width":2362,"height":700},{"@type":"BreadcrumbList","@id":"https:\/\/www.noatumlogistics.com\/mx\/codigo-arancelario-mercancias\/#breadcrumb","itemListElement":[{"@type":"ListItem","position":1,"name":"Home","item":"https:\/\/www.noatumlogistics.com\/mx\/"},{"@type":"ListItem","position":2,"name":"C\u00f3digo arancelario mercanc\u00edas"}]},{"@type":"WebSite","@id":"https:\/\/www.noatumlogistics.com\/mx\/#website","url":"https:\/\/www.noatumlogistics.com\/mx\/","name":"M\u00e9xico","description":"Just another Noatum Logistics site","potentialAction":[{"@type":"SearchAction","target":{"@type":"EntryPoint","urlTemplate":"https:\/\/www.noatumlogistics.com\/mx\/?s={search_term_string}"},"query-input":{"@type":"PropertyValueSpecification","valueRequired":true,"valueName":"search_term_string"}}],"inLanguage":"es"}]}},"_links":{"self":[{"href":"https:\/\/www.noatumlogistics.com\/mx\/wp-json\/wp\/v2\/pages\/857","targetHints":{"allow":["GET"]}}],"collection":[{"href":"https:\/\/www.noatumlogistics.com\/mx\/wp-json\/wp\/v2\/pages"}],"about":[{"href":"https:\/\/www.noatumlogistics.com\/mx\/wp-json\/wp\/v2\/types\/page"}],"author":[{"embeddable":true,"href":"https:\/\/www.noatumlogistics.com\/mx\/wp-json\/wp\/v2\/users\/1"}],"replies":[{"embeddable":true,"href":"https:\/\/www.noatumlogistics.com\/mx\/wp-json\/wp\/v2\/comments?post=857"}],"version-history":[{"count":2,"href":"https:\/\/www.noatumlogistics.com\/mx\/wp-json\/wp\/v2\/pages\/857\/revisions"}],"predecessor-version":[{"id":1464,"href":"https:\/\/www.noatumlogistics.com\/mx\/wp-json\/wp\/v2\/pages\/857\/revisions\/1464"}],"wp:featuredmedia":[{"embeddable":true,"href":"https:\/\/www.noatumlogistics.com\/mx\/wp-json\/wp\/v2\/media\/1465"}],"wp:attachment":[{"href":"https:\/\/www.noatumlogistics.com\/mx\/wp-json\/wp\/v2\/media?parent=857"}],"curies":[{"name":"wp","href":"https:\/\/api.w.org\/{rel}","templated":true}]}}