{"id":821,"date":"2016-08-09T22:49:23","date_gmt":"2016-08-09T22:49:23","guid":{"rendered":"https:\/\/www.noatumlogistics.com\/mx\/etiqueta-de-mercancia-peligrosa\/"},"modified":"2024-07-08T11:18:59","modified_gmt":"2024-07-08T11:18:59","slug":"etiqueta-de-mercancia-peligrosa","status":"publish","type":"page","link":"https:\/\/www.noatumlogistics.com\/mx\/etiqueta-de-mercancia-peligrosa\/","title":{"rendered":"Etiqueta de mercanc\u00eda peligrosa"},"content":{"rendered":"<div class=\"wpb-content-wrapper\"><p>[vc_row center_row=&#8221;yes&#8221; opn_row_id=&#8221;somos&#8221; opn_row_gutter=&#8221;70&#8243; css=&#8221;.vc_custom_1470769969354{background-image: url(https:\/\/www.noatumlogistics.com\/wp-content\/uploads\/2016\/06\/fondo-directorio-2.jpg?id=1367) !important;}&#8221;][vc_column css=&#8221;.vc_custom_1470771386196{margin-bottom: -20px !important;}&#8221;]<div id=\"ult-easy-separator-471689869d933c27604e\" class=\"ult-easy-separator-wrapper ult-responsive ult-top-easy-separator  \" style=\"\" data-vc-row=\"wpb_row\"  data-ultimate-target='#ult-easy-separator-471689869d933c27604e'  data-responsive-json-new='{\"width\":\"\"}' ><div class=\"ult-easy-separator-inner-wrapper\"><div class=\"ult-no-animation\" style=\"opacity:0;\"   ><img decoding=\"async\" class=\"ult-easy-separator-img\" alt=\"null\" src=\"https:\/\/www.noatumlogistics.com\/mx\/wp-content\/uploads\/sites\/20\/2020\/06\/arrowdown-1.png\" \/><a href=\"#direccion\" ><\/a><\/div><\/div><\/div><div class=\"zozo-parallax-header\"><div class=\"parallax-header\"><h5 class=\"parallax-title text-center text-capitalize\" style=\"font-size:16px;margin:0px 0px 0px 0px;\">HERRAMIENTAS \/ ETIQUETA DE MERCANC\u00cdA PELIGROSA<\/h5><div class=\"parallax-desc default-style text-center\"><h3 style=\"color: #af2626;margin-top: 20px;text-align: center\">Clasificaci\u00f3n de las etiquetas de mercanc\u00eda peligrosa<\/h3>\n<\/div><\/div><\/div>[vc_column_text]Las <strong>mercanc\u00edas peligrosas<\/strong> son aquellas sustancias que por sus caracter\u00edsticas y composici\u00f3n pueden representar un peligro para la salud y la seguridad de las personas y el medio ambiente. Es obligatorio cumplir con una serie de estrictos requisitos para su almacenamiento, manipulaci\u00f3n y transporte.<\/p>\n<p>Las <strong>etiquetas de mercanc\u00edas peligrosas<\/strong> se utilizan de forma obligatoria en el transporte para identificar los riesgos de los productos que est\u00e1n siendo transportados. Tal y como muestra la normativa internacional <a title=\"BOE ADR 2019\" href=\"https:\/\/www.boe.es\/buscar\/doc.php?id=BOE-A-2019-9661\" target=\"_blank\" rel=\"noopener, nofollow noopener noreferrer\">ADR 2019 (Acuerdo Europeo sobre el Transporte de Mercanc\u00edas Peligrosas por carretera)<\/a>, las mercanc\u00edas se clasifican seg\u00fan su composici\u00f3n y grado de peligrosidad.<\/p>\n<ul>\n<li>Clase 1: Materias y objetos explosivos. Toda aquella mercanc\u00eda con riesgo de producir una explosi\u00f3n, ya sea explosi\u00f3n en masa, incendio ligero, onda expansiva, etc. Se identifican por un icono o n\u00famero en negro sobre fondo naranja.<\/li>\n<li>Clase 2: Gases. Clasificamos en tres subdivisiones seg\u00fan sean inflamables (icono llama sobre fondo rojo, no inflamables no t\u00f3xicos (icono bombona sobre fondo verde) o t\u00f3xicos (icono calavera sobre fondo blanco).<\/li>\n<li>Clase 3: L\u00edquidos inflamables. Materiales cuyo punto de inflamaci\u00f3n m\u00e1ximo sea de 60\u00baC.<\/li>\n<li>Clase 4: S\u00f3lidos inflamables y otras materias explosivas s\u00f3lidas. Se subdividen en mercanc\u00eda s\u00f3lida inflamable (4.1 fondo rayas blancas y rojas), sustancia autorreactiva (4.2 fondo blanco\/rojo) y sustancias que desprenden gases inflamables en contacto con agua (4.3 fondo azul).<\/li>\n<li>Clase 5: Sustancias comburentes y per\u00f3xidos org\u00e1nicos. Se identifican por el fondo amarillo.<\/li>\n<li>Clase 6: Sustancias t\u00f3xicas (que pueden da\u00f1ar la salud y llegar a provocar la muerte) o infecciosas (que contienen microorganismos, como bacterias o virus). La etiqueta tiene fondo blanco.<\/li>\n<li>Clase 7: Materias radioactivas. La etiqueta tiene el fondo blanco o amarillo\/blanco en funci\u00f3n del nivel de radioactividad de la mercanc\u00eda.<\/li>\n<li>Clase 8: Materias corrosivas. Icono de dos pipetas sobre fondo blanco y fondo negro con la palabra \u201cCorrosive\u201d.<\/li>\n<li>Clase 9: Otras sustancias de peligros diversos. La etiqueta se reconoce por las rayas blancas y negras de la parte superior, con un fondo blanco en la parte inferior.<\/li>\n<\/ul>\n<p>[\/vc_column_text][\/vc_column][\/vc_row][vc_row center_row=&#8221;yes&#8221; opn_row_id=&#8221;somos&#8221; opn_row_gutter=&#8221;70&#8243; css=&#8221;.vc_custom_1470770366885{margin-top: -40px !important;}&#8221;][vc_column][vc_row_inner][vc_column_inner width=&#8221;1\/4&#8243;][vc_column_text]<\/p>\n<p style=\"text-align: center\"><span style=\"font-size: 12px\">N\u00b01<\/span><\/p>\n<p>[\/vc_column_text][\/vc_column_inner][vc_column_inner width=&#8221;1\/4&#8243;][vc_column_text]<\/p>\n<p style=\"text-align: center\"><span style=\"font-size: 12px\">N\u00b02<\/span><\/p>\n<p>[\/vc_column_text][\/vc_column_inner][vc_column_inner width=&#8221;1\/4&#8243;][vc_column_text]<\/p>\n<p style=\"text-align: center\"><span style=\"font-size: 12px\">N\u00b03<\/span><\/p>\n<p>[\/vc_column_text][\/vc_column_inner][vc_column_inner width=&#8221;1\/4&#8243;][vc_column_text]<\/p>\n<p style=\"text-align: center\"><span style=\"font-size: 12px\">N\u00b04.1<\/span><\/p>\n<p>[\/vc_column_text][\/vc_column_inner][\/vc_row_inner][vc_row_inner][vc_column_inner width=&#8221;1\/4&#8243;][vc_single_image image=&#8221;830&#8243; alignment=&#8221;center&#8221;][\/vc_column_inner][vc_column_inner width=&#8221;1\/4&#8243;][vc_single_image image=&#8221;828&#8243; alignment=&#8221;center&#8221;][\/vc_column_inner][vc_column_inner width=&#8221;1\/4&#8243;][vc_single_image image=&#8221;822&#8243; alignment=&#8221;center&#8221;][\/vc_column_inner][vc_column_inner width=&#8221;1\/4&#8243;][vc_single_image image=&#8221;826&#8243; alignment=&#8221;center&#8221;][\/vc_column_inner][\/vc_row_inner][vc_row_inner][vc_column_inner width=&#8221;1\/4&#8243;][vc_column_text]<\/p>\n<p style=\"text-align: center\">Explosivos<\/p>\n<p>[\/vc_column_text][\/vc_column_inner][vc_column_inner width=&#8221;1\/2&#8243;][vc_column_text]<\/p>\n<p style=\"text-align: center\">Materiales l\u00edquidos inflamables. Peligro de fuego<\/p>\n<p>[\/vc_column_text][\/vc_column_inner][vc_column_inner width=&#8221;1\/4&#8243;][vc_column_text]<\/p>\n<p style=\"text-align: center\">S\u00f3lidos inflamables<\/p>\n<p>[\/vc_column_text][\/vc_column_inner][\/vc_row_inner][\/vc_column][\/vc_row][vc_row center_row=&#8221;yes&#8221; opn_row_id=&#8221;somos&#8221; opn_row_gutter=&#8221;70&#8243; css=&#8221;.vc_custom_1470785382794{margin-top: -40px !important;}&#8221;][vc_column][vc_row_inner][vc_column_inner width=&#8221;1\/4&#8243;][vc_column_text]<\/p>\n<p style=\"text-align: center\"><span style=\"font-size: 12px\">N\u00b04.2<\/span><\/p>\n<p>[\/vc_column_text][\/vc_column_inner][vc_column_inner width=&#8221;1\/4&#8243;][vc_column_text]<\/p>\n<p style=\"text-align: center\"><span style=\"font-size: 12px\">N\u00b04.3<\/span><\/p>\n<p>[\/vc_column_text][\/vc_column_inner][vc_column_inner width=&#8221;1\/4&#8243;][vc_column_text]<\/p>\n<p style=\"text-align: center\"><span style=\"font-size: 12px\">N\u00b04.4<\/span><\/p>\n<p>[\/vc_column_text][\/vc_column_inner][vc_column_inner width=&#8221;1\/4&#8243;][vc_column_text]<\/p>\n<p style=\"text-align: center\"><span style=\"font-size: 12px\">N\u00b05<\/span><\/p>\n<p>[\/vc_column_text][\/vc_column_inner][\/vc_row_inner][vc_row_inner][vc_column_inner width=&#8221;1\/4&#8243;][vc_single_image image=&#8221;824&#8243; alignment=&#8221;center&#8221;][\/vc_column_inner][vc_column_inner width=&#8221;1\/4&#8243;][vc_single_image image=&#8221;854&#8243; alignment=&#8221;center&#8221;][\/vc_column_inner][vc_column_inner width=&#8221;1\/4&#8243;][vc_single_image image=&#8221;852&#8243; alignment=&#8221;center&#8221;][\/vc_column_inner][vc_column_inner width=&#8221;1\/4&#8243;][vc_single_image image=&#8221;850&#8243; alignment=&#8221;center&#8221;][\/vc_column_inner][\/vc_row_inner][vc_row_inner][vc_column_inner width=&#8221;1\/4&#8243;][vc_column_text]<\/p>\n<p style=\"text-align: center\">Materia inflamable espontaneamente<\/p>\n<p>[\/vc_column_text][\/vc_column_inner][vc_column_inner width=&#8221;1\/2&#8243;][vc_column_text]<\/p>\n<p style=\"text-align: center\">Desprendimiento de gases inflamables en contacto con el agua<\/p>\n<p>[\/vc_column_text][\/vc_column_inner][vc_column_inner width=&#8221;1\/4&#8243;][vc_column_text]<\/p>\n<p style=\"text-align: center\">Comburente o per\u00f3xido org\u00e1nico<\/p>\n<p>[\/vc_column_text][\/vc_column_inner][\/vc_row_inner][\/vc_column][\/vc_row][vc_row center_row=&#8221;yes&#8221; opn_row_id=&#8221;somos&#8221; opn_row_gutter=&#8221;70&#8243; css=&#8221;.vc_custom_1470785382794{margin-top: -40px !important;}&#8221;][vc_column][vc_row_inner][vc_column_inner width=&#8221;1\/4&#8243;][vc_column_text]<\/p>\n<p style=\"text-align: center\"><span style=\"font-size: 12px\">N\u00b06.1<\/span><\/p>\n<p>[\/vc_column_text][\/vc_column_inner][vc_column_inner width=&#8221;1\/4&#8243;][vc_column_text]<\/p>\n<p style=\"text-align: center\"><span style=\"font-size: 12px\">N\u00b06.1A<\/span><\/p>\n<p>[\/vc_column_text][\/vc_column_inner][vc_column_inner width=&#8221;1\/4&#8243;][vc_column_text]<\/p>\n<p style=\"text-align: center\"><span style=\"font-size: 12px\">N\u00b07A<\/span><\/p>\n<p>[\/vc_column_text][\/vc_column_inner][vc_column_inner width=&#8221;1\/4&#8243;][vc_column_text]<\/p>\n<p style=\"text-align: center\"><span style=\"font-size: 12px\">N\u00b07B<\/span><\/p>\n<p>[\/vc_column_text][\/vc_column_inner][\/vc_row_inner][vc_row_inner][vc_column_inner width=&#8221;1\/4&#8243;][vc_single_image image=&#8221;848&#8243; alignment=&#8221;center&#8221;][\/vc_column_inner][vc_column_inner width=&#8221;1\/4&#8243;][vc_single_image image=&#8221;846&#8243; alignment=&#8221;center&#8221;][\/vc_column_inner][vc_column_inner width=&#8221;1\/4&#8243;][vc_single_image image=&#8221;844&#8243; alignment=&#8221;center&#8221;][\/vc_column_inner][vc_column_inner width=&#8221;1\/4&#8243;][vc_single_image image=&#8221;842&#8243; alignment=&#8221;center&#8221;][\/vc_column_inner][\/vc_row_inner][vc_row_inner][vc_column_inner width=&#8221;1\/4&#8243;][vc_column_text]<\/p>\n<div class=\"etiqueta primera\">\n<div class=\"clear\" style=\"text-align: center\">Materia t\u00f3xica<\/div>\n<\/div>\n<p>[\/vc_column_text][\/vc_column_inner][vc_column_inner width=&#8221;1\/4&#8243;][vc_column_text]<\/p>\n<p style=\"text-align: center\">Materia nociva<\/p>\n<p>[\/vc_column_text][\/vc_column_inner][vc_column_inner width=&#8221;2\/4&#8243;][vc_column_text]<\/p>\n<div class=\"linea-etiquetas\">\n<div class=\"etiqueta doble\">\n<div class=\"clear\" style=\"text-align: center\">Materia radiactiva<\/div>\n<\/div>\n<\/div>\n<p>[\/vc_column_text][\/vc_column_inner][\/vc_row_inner][\/vc_column][\/vc_row][vc_row center_row=&#8221;yes&#8221; opn_row_id=&#8221;somos&#8221; opn_row_gutter=&#8221;70&#8243; css=&#8221;.vc_custom_1470785382794{margin-top: -40px !important;}&#8221;][vc_column][vc_row_inner][vc_column_inner width=&#8221;1\/4&#8243;][vc_column_text]<\/p>\n<p style=\"text-align: center\"><span style=\"font-size: 12px\">N\u00b07C<\/span><\/p>\n<p>[\/vc_column_text][\/vc_column_inner][vc_column_inner width=&#8221;1\/4&#8243;][vc_column_text]<\/p>\n<p style=\"text-align: center\"><span style=\"font-size: 12px\">N\u00b07D<\/span><\/p>\n<p>[\/vc_column_text][\/vc_column_inner][vc_column_inner width=&#8221;1\/4&#8243;][vc_column_text]<\/p>\n<p style=\"text-align: center\"><span style=\"font-size: 12px\">N\u00b08<\/span><\/p>\n<p>[\/vc_column_text][\/vc_column_inner][vc_column_inner width=&#8221;1\/4&#8243;][vc_column_text]<\/p>\n<p style=\"text-align: center\"><span style=\"font-size: 12px\">N\u00b09<\/span><\/p>\n<p>[\/vc_column_text][\/vc_column_inner][\/vc_row_inner][vc_row_inner][vc_column_inner width=&#8221;1\/4&#8243;][vc_single_image image=&#8221;840&#8243; alignment=&#8221;center&#8221;][\/vc_column_inner][vc_column_inner width=&#8221;1\/4&#8243;][vc_single_image image=&#8221;838&#8243; alignment=&#8221;center&#8221;][\/vc_column_inner][vc_column_inner width=&#8221;1\/4&#8243;][vc_single_image image=&#8221;836&#8243; alignment=&#8221;center&#8221;][\/vc_column_inner][vc_column_inner width=&#8221;1\/4&#8243;][vc_single_image image=&#8221;834&#8243; alignment=&#8221;center&#8221;][\/vc_column_inner][\/vc_row_inner][vc_row_inner][vc_column_inner width=&#8221;2\/4&#8243;][vc_column_text]<\/p>\n<div class=\"etiqueta primera\">\n<div class=\"clear\" style=\"text-align: center\">Materia radiactiva<\/div>\n<\/div>\n<p>[\/vc_column_text][\/vc_column_inner][vc_column_inner width=&#8221;1\/4&#8243;][vc_column_text]<\/p>\n<p style=\"text-align: center\">Materia corrosiva<\/p>\n<p>[\/vc_column_text][\/vc_column_inner][vc_column_inner width=&#8221;1\/4&#8243;][vc_column_text]<\/p>\n<div class=\"linea-etiquetas\">\n<div class=\"etiqueta doble\">\n<div class=\"clear\" style=\"text-align: center\">Otros peligros<\/div>\n<\/div>\n<\/div>\n<p>[\/vc_column_text][\/vc_column_inner][\/vc_row_inner][\/vc_column][\/vc_row]<\/p>\n<\/div>","protected":false},"excerpt":{"rendered":"<p>[vc_row center_row=&#8221;yes&#8221; opn_row_id=&#8221;somos&#8221; opn_row_gutter=&#8221;70&#8243; css=&#8221;.vc_custom_1470769969354{background-image: url(https:\/\/www.noatumlogistics.com\/wp-content\/uploads\/2016\/06\/fondo-directorio-2.jpg?id=1367) !important;}&#8221;][vc_column css=&#8221;.vc_custom_1470771386196{margin-bottom: -20px !important;}&#8221;][vc_column_text]Las mercanc\u00edas peligrosas son aquellas sustancias que por sus caracter\u00edsticas y composici\u00f3n pueden representar un peligro para la salud y la&#8230;<\/p>\n","protected":false},"author":1,"featured_media":1465,"parent":0,"menu_order":0,"comment_status":"closed","ping_status":"closed","template":"template-fullwidth.php","meta":{"footnotes":""},"class_list":["post-821","page","type-page","status-publish","has-post-thumbnail","hentry"],"yoast_head":"<!-- This site is optimized with the Yoast SEO plugin v27.3 - https:\/\/yoast.com\/product\/yoast-seo-wordpress\/ -->\n<title>Etiqueta de mercanc\u00eda peligrosa | Noatum Logistics<\/title>\n<meta name=\"description\" content=\"Descubre aqu\u00ed las etiquetas de mercanc\u00edas peligrosas, a qu\u00e9 corresponde cada una para no caer en errores. Herramienta gratuita\" \/>\n<meta name=\"robots\" content=\"noindex, follow, max-snippet:-1, max-image-preview:large, max-video-preview:-1\" \/>\n<meta property=\"og:locale\" content=\"es_ES\" \/>\n<meta property=\"og:type\" content=\"article\" \/>\n<meta property=\"og:title\" content=\"Etiqueta de mercanc\u00eda peligrosa | Noatum Logistics\" \/>\n<meta property=\"og:description\" content=\"Descubre aqu\u00ed las etiquetas de mercanc\u00edas peligrosas, a qu\u00e9 corresponde cada una para no caer en errores. Herramienta gratuita\" \/>\n<meta property=\"og:url\" content=\"https:\/\/www.noatumlogistics.com\/mx\/etiqueta-de-mercancia-peligrosa\/\" \/>\n<meta property=\"og:site_name\" content=\"M\u00e9xico\" \/>\n<meta property=\"article:modified_time\" content=\"2024-07-08T11:18:59+00:00\" \/>\n<meta property=\"og:image\" content=\"https:\/\/www.noatumlogistics.com\/mx\/wp-content\/uploads\/sites\/20\/2020\/12\/paisesypuertos-head.jpg\" \/>\n\t<meta property=\"og:image:width\" content=\"2362\" \/>\n\t<meta property=\"og:image:height\" content=\"700\" \/>\n\t<meta property=\"og:image:type\" content=\"image\/jpeg\" \/>\n<meta name=\"twitter:card\" content=\"summary_large_image\" \/>\n<meta name=\"twitter:label1\" content=\"Tiempo de lectura\" \/>\n\t<meta name=\"twitter:data1\" content=\"6 minutos\" \/>\n<script type=\"application\/ld+json\" class=\"yoast-schema-graph\">{\"@context\":\"https:\\\/\\\/schema.org\",\"@graph\":[{\"@type\":\"WebPage\",\"@id\":\"https:\\\/\\\/www.noatumlogistics.com\\\/mx\\\/etiqueta-de-mercancia-peligrosa\\\/\",\"url\":\"https:\\\/\\\/www.noatumlogistics.com\\\/mx\\\/etiqueta-de-mercancia-peligrosa\\\/\",\"name\":\"Etiqueta de mercanc\u00eda peligrosa | Noatum Logistics\",\"isPartOf\":{\"@id\":\"https:\\\/\\\/www.noatumlogistics.com\\\/mx\\\/#website\"},\"primaryImageOfPage\":{\"@id\":\"https:\\\/\\\/www.noatumlogistics.com\\\/mx\\\/etiqueta-de-mercancia-peligrosa\\\/#primaryimage\"},\"image\":{\"@id\":\"https:\\\/\\\/www.noatumlogistics.com\\\/mx\\\/etiqueta-de-mercancia-peligrosa\\\/#primaryimage\"},\"thumbnailUrl\":\"https:\\\/\\\/www.noatumlogistics.com\\\/mx\\\/wp-content\\\/uploads\\\/sites\\\/20\\\/2020\\\/12\\\/paisesypuertos-head.jpg\",\"datePublished\":\"2016-08-09T22:49:23+00:00\",\"dateModified\":\"2024-07-08T11:18:59+00:00\",\"description\":\"Descubre aqu\u00ed las etiquetas de mercanc\u00edas peligrosas, a qu\u00e9 corresponde cada una para no caer en errores. Herramienta gratuita\",\"breadcrumb\":{\"@id\":\"https:\\\/\\\/www.noatumlogistics.com\\\/mx\\\/etiqueta-de-mercancia-peligrosa\\\/#breadcrumb\"},\"inLanguage\":\"es\",\"potentialAction\":[{\"@type\":\"ReadAction\",\"target\":[\"https:\\\/\\\/www.noatumlogistics.com\\\/mx\\\/etiqueta-de-mercancia-peligrosa\\\/\"]}]},{\"@type\":\"ImageObject\",\"inLanguage\":\"es\",\"@id\":\"https:\\\/\\\/www.noatumlogistics.com\\\/mx\\\/etiqueta-de-mercancia-peligrosa\\\/#primaryimage\",\"url\":\"https:\\\/\\\/www.noatumlogistics.com\\\/mx\\\/wp-content\\\/uploads\\\/sites\\\/20\\\/2020\\\/12\\\/paisesypuertos-head.jpg\",\"contentUrl\":\"https:\\\/\\\/www.noatumlogistics.com\\\/mx\\\/wp-content\\\/uploads\\\/sites\\\/20\\\/2020\\\/12\\\/paisesypuertos-head.jpg\",\"width\":2362,\"height\":700},{\"@type\":\"BreadcrumbList\",\"@id\":\"https:\\\/\\\/www.noatumlogistics.com\\\/mx\\\/etiqueta-de-mercancia-peligrosa\\\/#breadcrumb\",\"itemListElement\":[{\"@type\":\"ListItem\",\"position\":1,\"name\":\"Home\",\"item\":\"https:\\\/\\\/www.noatumlogistics.com\\\/mx\\\/\"},{\"@type\":\"ListItem\",\"position\":2,\"name\":\"Etiqueta de mercanc\u00eda peligrosa\"}]},{\"@type\":\"WebSite\",\"@id\":\"https:\\\/\\\/www.noatumlogistics.com\\\/mx\\\/#website\",\"url\":\"https:\\\/\\\/www.noatumlogistics.com\\\/mx\\\/\",\"name\":\"M\u00e9xico\",\"description\":\"Just another Noatum Logistics site\",\"potentialAction\":[{\"@type\":\"SearchAction\",\"target\":{\"@type\":\"EntryPoint\",\"urlTemplate\":\"https:\\\/\\\/www.noatumlogistics.com\\\/mx\\\/?s={search_term_string}\"},\"query-input\":{\"@type\":\"PropertyValueSpecification\",\"valueRequired\":true,\"valueName\":\"search_term_string\"}}],\"inLanguage\":\"es\"}]}<\/script>\n<!-- \/ Yoast SEO plugin. -->","yoast_head_json":{"title":"Etiqueta de mercanc\u00eda peligrosa | Noatum Logistics","description":"Descubre aqu\u00ed las etiquetas de mercanc\u00edas peligrosas, a qu\u00e9 corresponde cada una para no caer en errores. Herramienta gratuita","robots":{"index":"noindex","follow":"follow","max-snippet":"max-snippet:-1","max-image-preview":"max-image-preview:large","max-video-preview":"max-video-preview:-1"},"og_locale":"es_ES","og_type":"article","og_title":"Etiqueta de mercanc\u00eda peligrosa | Noatum Logistics","og_description":"Descubre aqu\u00ed las etiquetas de mercanc\u00edas peligrosas, a qu\u00e9 corresponde cada una para no caer en errores. Herramienta gratuita","og_url":"https:\/\/www.noatumlogistics.com\/mx\/etiqueta-de-mercancia-peligrosa\/","og_site_name":"M\u00e9xico","article_modified_time":"2024-07-08T11:18:59+00:00","og_image":[{"width":2362,"height":700,"url":"https:\/\/www.noatumlogistics.com\/mx\/wp-content\/uploads\/sites\/20\/2020\/12\/paisesypuertos-head.jpg","type":"image\/jpeg"}],"twitter_card":"summary_large_image","twitter_misc":{"Tiempo de lectura":"6 minutos"},"schema":{"@context":"https:\/\/schema.org","@graph":[{"@type":"WebPage","@id":"https:\/\/www.noatumlogistics.com\/mx\/etiqueta-de-mercancia-peligrosa\/","url":"https:\/\/www.noatumlogistics.com\/mx\/etiqueta-de-mercancia-peligrosa\/","name":"Etiqueta de mercanc\u00eda peligrosa | Noatum Logistics","isPartOf":{"@id":"https:\/\/www.noatumlogistics.com\/mx\/#website"},"primaryImageOfPage":{"@id":"https:\/\/www.noatumlogistics.com\/mx\/etiqueta-de-mercancia-peligrosa\/#primaryimage"},"image":{"@id":"https:\/\/www.noatumlogistics.com\/mx\/etiqueta-de-mercancia-peligrosa\/#primaryimage"},"thumbnailUrl":"https:\/\/www.noatumlogistics.com\/mx\/wp-content\/uploads\/sites\/20\/2020\/12\/paisesypuertos-head.jpg","datePublished":"2016-08-09T22:49:23+00:00","dateModified":"2024-07-08T11:18:59+00:00","description":"Descubre aqu\u00ed las etiquetas de mercanc\u00edas peligrosas, a qu\u00e9 corresponde cada una para no caer en errores. Herramienta gratuita","breadcrumb":{"@id":"https:\/\/www.noatumlogistics.com\/mx\/etiqueta-de-mercancia-peligrosa\/#breadcrumb"},"inLanguage":"es","potentialAction":[{"@type":"ReadAction","target":["https:\/\/www.noatumlogistics.com\/mx\/etiqueta-de-mercancia-peligrosa\/"]}]},{"@type":"ImageObject","inLanguage":"es","@id":"https:\/\/www.noatumlogistics.com\/mx\/etiqueta-de-mercancia-peligrosa\/#primaryimage","url":"https:\/\/www.noatumlogistics.com\/mx\/wp-content\/uploads\/sites\/20\/2020\/12\/paisesypuertos-head.jpg","contentUrl":"https:\/\/www.noatumlogistics.com\/mx\/wp-content\/uploads\/sites\/20\/2020\/12\/paisesypuertos-head.jpg","width":2362,"height":700},{"@type":"BreadcrumbList","@id":"https:\/\/www.noatumlogistics.com\/mx\/etiqueta-de-mercancia-peligrosa\/#breadcrumb","itemListElement":[{"@type":"ListItem","position":1,"name":"Home","item":"https:\/\/www.noatumlogistics.com\/mx\/"},{"@type":"ListItem","position":2,"name":"Etiqueta de mercanc\u00eda peligrosa"}]},{"@type":"WebSite","@id":"https:\/\/www.noatumlogistics.com\/mx\/#website","url":"https:\/\/www.noatumlogistics.com\/mx\/","name":"M\u00e9xico","description":"Just another Noatum Logistics site","potentialAction":[{"@type":"SearchAction","target":{"@type":"EntryPoint","urlTemplate":"https:\/\/www.noatumlogistics.com\/mx\/?s={search_term_string}"},"query-input":{"@type":"PropertyValueSpecification","valueRequired":true,"valueName":"search_term_string"}}],"inLanguage":"es"}]}},"_links":{"self":[{"href":"https:\/\/www.noatumlogistics.com\/mx\/wp-json\/wp\/v2\/pages\/821","targetHints":{"allow":["GET"]}}],"collection":[{"href":"https:\/\/www.noatumlogistics.com\/mx\/wp-json\/wp\/v2\/pages"}],"about":[{"href":"https:\/\/www.noatumlogistics.com\/mx\/wp-json\/wp\/v2\/types\/page"}],"author":[{"embeddable":true,"href":"https:\/\/www.noatumlogistics.com\/mx\/wp-json\/wp\/v2\/users\/1"}],"replies":[{"embeddable":true,"href":"https:\/\/www.noatumlogistics.com\/mx\/wp-json\/wp\/v2\/comments?post=821"}],"version-history":[{"count":4,"href":"https:\/\/www.noatumlogistics.com\/mx\/wp-json\/wp\/v2\/pages\/821\/revisions"}],"predecessor-version":[{"id":3777,"href":"https:\/\/www.noatumlogistics.com\/mx\/wp-json\/wp\/v2\/pages\/821\/revisions\/3777"}],"wp:featuredmedia":[{"embeddable":true,"href":"https:\/\/www.noatumlogistics.com\/mx\/wp-json\/wp\/v2\/media\/1465"}],"wp:attachment":[{"href":"https:\/\/www.noatumlogistics.com\/mx\/wp-json\/wp\/v2\/media?parent=821"}],"curies":[{"name":"wp","href":"https:\/\/api.w.org\/{rel}","templated":true}]}}