{"id":817,"date":"2016-08-09T19:33:31","date_gmt":"2016-08-09T19:33:31","guid":{"rendered":"https:\/\/www.noatumlogistics.com\/mx\/incoterms\/"},"modified":"2020-12-28T10:32:59","modified_gmt":"2020-12-28T10:32:59","slug":"incoterms","status":"publish","type":"page","link":"https:\/\/www.noatumlogistics.com\/mx\/incoterms\/","title":{"rendered":"Incoterms"},"content":{"rendered":"<div class=\"wpb-content-wrapper\"><p>[vc_row center_row=&#8221;yes&#8221; opn_row_id=&#8221;somos&#8221; opn_row_gutter=&#8221;70&#8243; css=&#8221;.vc_custom_1470769969354{background-image: url(https:\/\/www.noatumlogistics.com\/wp-content\/uploads\/2016\/06\/fondo-directorio-2.jpg?id=1367) !important;}&#8221;][vc_column]<div id=\"ult-easy-separator-216673220769d8ec7ea5e5a\" class=\"ult-easy-separator-wrapper ult-responsive ult-top-easy-separator  \" style=\"\" data-vc-row=\"wpb_row\"  data-ultimate-target='#ult-easy-separator-216673220769d8ec7ea5e5a'  data-responsive-json-new='{\"width\":\"\"}' ><div class=\"ult-easy-separator-inner-wrapper\"><div class=\"ult-no-animation\" style=\"opacity:0;\"   ><img decoding=\"async\" class=\"ult-easy-separator-img\" alt=\"null\" src=\"https:\/\/www.noatumlogistics.com\/wp-content\/uploads\/2016\/04\/arrowdown-1.png\" \/><a href=\"#direccion\" ><\/a><\/div><\/div><\/div><div class=\"zozo-parallax-header\"><div class=\"parallax-header\"><h5 class=\"parallax-title text-center text-capitalize\" style=\"font-size:16px;margin:0px 0px 0px 0px;\">HERRAMIENTAS \/ INCOTERMS<\/h5><div class=\"parallax-desc default-style text-center\" style=\"font-size:bullet_blue;\"><h3 style=\"color: #af2626;margin-top: 20px;text-align: center\">Los Incoterms son reglas internacionales que especifican:<\/h3>\n<ul class=\"bullet_azul\">\n<li style=\"text-align: center\">El costo del transporte que asume el vendedor.<\/li>\n<li style=\"text-align: center\">D\u00f3nde se transmite el riesgo de p\u00e9rdida de vendedor a comprador.<\/li>\n<li style=\"text-align: center\">Qui\u00e9n asume las formalidades aduaneras.<\/li>\n<li style=\"text-align: center\">Qui\u00e9n paga los derechos de aduana.<\/li>\n<li style=\"text-align: center\">Qui\u00e9n tiene que proveer la cobertura del seguro.<\/li>\n<\/ul>\n<\/div><\/div><\/div>[\/vc_column][\/vc_row][vc_row center_row=&#8221;yes&#8221; opn_row_id=&#8221;somos&#8221; opn_row_gutter=&#8221;70&#8243;][vc_column]<div id=\"ult-easy-separator-345775831469d8ec7ea60c0\" class=\"ult-easy-separator-wrapper ult-responsive ult-top-easy-separator  \" style=\"\" data-vc-row=\"wpb_row\"  data-ultimate-target='#ult-easy-separator-345775831469d8ec7ea60c0'  data-responsive-json-new='{\"width\":\"\"}' ><div class=\"ult-easy-separator-inner-wrapper\"><div class=\"ult-no-animation\" style=\"opacity:0;\"   ><img decoding=\"async\" class=\"ult-easy-separator-img\" alt=\"null\" src=\"https:\/\/www.noatumlogistics.com\/wp-content\/uploads\/2016\/04\/arrowdown-1.png\" \/><a href=\"#direccion\" ><\/a><\/div><\/div><\/div>[vc_row_inner][vc_column_inner width=&#8221;2\/3&#8243;]<div class=\"zozo-parallax-header\"><div class=\"parallax-header\"><div class=\"parallax-desc default-style text-left\"><h3 style=\"color: #af2626;margin-top: 20px\">Existen once Incoterms distribuidos en cuatro categor\u00edas:<\/h3>\n<ul class=\"bullet_red\">\n<li><strong>E (EXW):<\/strong> El vendedor pone las mercader\u00edas a disposici\u00f3n del comprador en los propios locales del vendedor.<\/li>\n<li><strong>F (FCA, FAS, FOB):<\/strong> El vendedor entrega las mercader\u00edas a un transportista designado por el comprador.<\/li>\n<li><strong>C (CFR, CIF, CPT, CIP):<\/strong> El vendedor contrata el transporte pero sin asumir riesgo de p\u00e9rdida o da\u00f1o de las mercader\u00edas o de costos adicionales debido a los hechos acaecidos despu\u00e9s de la carga y despacho.<\/li>\n<li><strong>D (DAT DAP, DDP):<\/strong> El vendedor soporta todos los gastos y riesgos hasta el lugar de destino.<\/li>\n<\/ul>\n<\/div><\/div><\/div>[\/vc_column_inner][vc_column_inner width=&#8221;1\/3&#8243;][vc_single_image image=&#8221;818&#8243; img_size=&#8221;&#8221; alignment=&#8221;center&#8221;][vc_btn title=&#8221;VER CUADRO&#8221; align=&#8221;center&#8221; i_icon_fontawesome=&#8221;fa fa-calendar-o&#8221; add_icon=&#8221;true&#8221; link=&#8221;url:https%3A%2F%2Fwww.noatumlogistics.com%2Fwp-content%2Fuploads%2F2019%2F11%2FIncoterms-NL-2020.pdf||target:%20_blank|&#8221;][\/vc_column_inner][\/vc_row_inner][\/vc_column][\/vc_row]<\/p>\n<\/div>","protected":false},"excerpt":{"rendered":"<p>[vc_row center_row=&#8221;yes&#8221; opn_row_id=&#8221;somos&#8221; opn_row_gutter=&#8221;70&#8243; css=&#8221;.vc_custom_1470769969354{background-image: url(https:\/\/www.noatumlogistics.com\/wp-content\/uploads\/2016\/06\/fondo-directorio-2.jpg?id=1367) !important;}&#8221;][vc_column][\/vc_column][\/vc_row][vc_row center_row=&#8221;yes&#8221; opn_row_id=&#8221;somos&#8221; opn_row_gutter=&#8221;70&#8243;][vc_column][vc_row_inner][vc_column_inner width=&#8221;2\/3&#8243;][\/vc_column_inner][vc_column_inner width=&#8221;1\/3&#8243;][vc_single_image image=&#8221;818&#8243; img_size=&#8221;&#8221; alignment=&#8221;center&#8221;][vc_btn title=&#8221;VER CUADRO&#8221; align=&#8221;center&#8221; i_icon_fontawesome=&#8221;fa fa-calendar-o&#8221; add_icon=&#8221;true&#8221; link=&#8221;url:https%3A%2F%2Fwww.noatumlogistics.com%2Fwp-content%2Fuploads%2F2019%2F11%2FIncoterms-NL-2020.pdf||target:%20_blank|&#8221;][\/vc_column_inner][\/vc_row_inner][\/vc_column][\/vc_row]<\/p>\n","protected":false},"author":1,"featured_media":773,"parent":0,"menu_order":0,"comment_status":"closed","ping_status":"closed","template":"template-fullwidth.php","meta":{"footnotes":""},"class_list":["post-817","page","type-page","status-publish","has-post-thumbnail","hentry"],"yoast_head":"<!-- This site is optimized with the Yoast SEO plugin v27.3 - https:\/\/yoast.com\/product\/yoast-seo-wordpress\/ -->\n<title>Incoterms 2020: Normas del comercio internacional | Noatum Logistics<\/title>\n<meta name=\"description\" content=\"Incoterms 2020: Los Incoterms son reglas internacionales que especifican diferentes par\u00e1metros relacionados con la log\u00edstica del transporte.\" \/>\n<meta name=\"robots\" content=\"noindex, follow, max-snippet:-1, max-image-preview:large, max-video-preview:-1\" \/>\n<meta property=\"og:locale\" content=\"es_ES\" \/>\n<meta property=\"og:type\" content=\"article\" \/>\n<meta property=\"og:title\" content=\"Incoterms 2020: Normas del comercio internacional | Noatum Logistics\" \/>\n<meta property=\"og:description\" content=\"Incoterms 2020: Los Incoterms son reglas internacionales que especifican diferentes par\u00e1metros relacionados con la log\u00edstica del transporte.\" \/>\n<meta property=\"og:url\" content=\"https:\/\/www.noatumlogistics.com\/mx\/incoterms\/\" \/>\n<meta property=\"og:site_name\" content=\"M\u00e9xico\" \/>\n<meta property=\"article:modified_time\" content=\"2020-12-28T10:32:59+00:00\" \/>\n<meta property=\"og:image\" content=\"https:\/\/www.noatumlogistics.com\/mx\/wp-content\/uploads\/sites\/20\/2020\/06\/import-2.jpg\" \/>\n\t<meta property=\"og:image:width\" content=\"2000\" \/>\n\t<meta property=\"og:image:height\" content=\"400\" \/>\n\t<meta property=\"og:image:type\" content=\"image\/jpeg\" \/>\n<meta name=\"twitter:card\" content=\"summary_large_image\" \/>\n<meta name=\"twitter:label1\" content=\"Tiempo de lectura\" \/>\n\t<meta name=\"twitter:data1\" content=\"2 minutos\" \/>\n<script type=\"application\/ld+json\" class=\"yoast-schema-graph\">{\"@context\":\"https:\\\/\\\/schema.org\",\"@graph\":[{\"@type\":\"WebPage\",\"@id\":\"https:\\\/\\\/www.noatumlogistics.com\\\/mx\\\/incoterms\\\/\",\"url\":\"https:\\\/\\\/www.noatumlogistics.com\\\/mx\\\/incoterms\\\/\",\"name\":\"Incoterms 2020: Normas del comercio internacional | Noatum Logistics\",\"isPartOf\":{\"@id\":\"https:\\\/\\\/www.noatumlogistics.com\\\/mx\\\/#website\"},\"primaryImageOfPage\":{\"@id\":\"https:\\\/\\\/www.noatumlogistics.com\\\/mx\\\/incoterms\\\/#primaryimage\"},\"image\":{\"@id\":\"https:\\\/\\\/www.noatumlogistics.com\\\/mx\\\/incoterms\\\/#primaryimage\"},\"thumbnailUrl\":\"https:\\\/\\\/www.noatumlogistics.com\\\/mx\\\/wp-content\\\/uploads\\\/sites\\\/20\\\/2020\\\/06\\\/import-2.jpg\",\"datePublished\":\"2016-08-09T19:33:31+00:00\",\"dateModified\":\"2020-12-28T10:32:59+00:00\",\"description\":\"Incoterms 2020: Los Incoterms son reglas internacionales que especifican diferentes par\u00e1metros relacionados con la log\u00edstica del transporte.\",\"breadcrumb\":{\"@id\":\"https:\\\/\\\/www.noatumlogistics.com\\\/mx\\\/incoterms\\\/#breadcrumb\"},\"inLanguage\":\"es\",\"potentialAction\":[{\"@type\":\"ReadAction\",\"target\":[\"https:\\\/\\\/www.noatumlogistics.com\\\/mx\\\/incoterms\\\/\"]}]},{\"@type\":\"ImageObject\",\"inLanguage\":\"es\",\"@id\":\"https:\\\/\\\/www.noatumlogistics.com\\\/mx\\\/incoterms\\\/#primaryimage\",\"url\":\"https:\\\/\\\/www.noatumlogistics.com\\\/mx\\\/wp-content\\\/uploads\\\/sites\\\/20\\\/2020\\\/06\\\/import-2.jpg\",\"contentUrl\":\"https:\\\/\\\/www.noatumlogistics.com\\\/mx\\\/wp-content\\\/uploads\\\/sites\\\/20\\\/2020\\\/06\\\/import-2.jpg\",\"width\":2000,\"height\":400},{\"@type\":\"BreadcrumbList\",\"@id\":\"https:\\\/\\\/www.noatumlogistics.com\\\/mx\\\/incoterms\\\/#breadcrumb\",\"itemListElement\":[{\"@type\":\"ListItem\",\"position\":1,\"name\":\"Home\",\"item\":\"https:\\\/\\\/www.noatumlogistics.com\\\/mx\\\/\"},{\"@type\":\"ListItem\",\"position\":2,\"name\":\"Incoterms\"}]},{\"@type\":\"WebSite\",\"@id\":\"https:\\\/\\\/www.noatumlogistics.com\\\/mx\\\/#website\",\"url\":\"https:\\\/\\\/www.noatumlogistics.com\\\/mx\\\/\",\"name\":\"M\u00e9xico\",\"description\":\"Just another Noatum Logistics site\",\"potentialAction\":[{\"@type\":\"SearchAction\",\"target\":{\"@type\":\"EntryPoint\",\"urlTemplate\":\"https:\\\/\\\/www.noatumlogistics.com\\\/mx\\\/?s={search_term_string}\"},\"query-input\":{\"@type\":\"PropertyValueSpecification\",\"valueRequired\":true,\"valueName\":\"search_term_string\"}}],\"inLanguage\":\"es\"}]}<\/script>\n<!-- \/ Yoast SEO plugin. -->","yoast_head_json":{"title":"Incoterms 2020: Normas del comercio internacional | Noatum Logistics","description":"Incoterms 2020: Los Incoterms son reglas internacionales que especifican diferentes par\u00e1metros relacionados con la log\u00edstica del transporte.","robots":{"index":"noindex","follow":"follow","max-snippet":"max-snippet:-1","max-image-preview":"max-image-preview:large","max-video-preview":"max-video-preview:-1"},"og_locale":"es_ES","og_type":"article","og_title":"Incoterms 2020: Normas del comercio internacional | Noatum Logistics","og_description":"Incoterms 2020: Los Incoterms son reglas internacionales que especifican diferentes par\u00e1metros relacionados con la log\u00edstica del transporte.","og_url":"https:\/\/www.noatumlogistics.com\/mx\/incoterms\/","og_site_name":"M\u00e9xico","article_modified_time":"2020-12-28T10:32:59+00:00","og_image":[{"width":2000,"height":400,"url":"https:\/\/www.noatumlogistics.com\/mx\/wp-content\/uploads\/sites\/20\/2020\/06\/import-2.jpg","type":"image\/jpeg"}],"twitter_card":"summary_large_image","twitter_misc":{"Tiempo de lectura":"2 minutos"},"schema":{"@context":"https:\/\/schema.org","@graph":[{"@type":"WebPage","@id":"https:\/\/www.noatumlogistics.com\/mx\/incoterms\/","url":"https:\/\/www.noatumlogistics.com\/mx\/incoterms\/","name":"Incoterms 2020: Normas del comercio internacional | Noatum Logistics","isPartOf":{"@id":"https:\/\/www.noatumlogistics.com\/mx\/#website"},"primaryImageOfPage":{"@id":"https:\/\/www.noatumlogistics.com\/mx\/incoterms\/#primaryimage"},"image":{"@id":"https:\/\/www.noatumlogistics.com\/mx\/incoterms\/#primaryimage"},"thumbnailUrl":"https:\/\/www.noatumlogistics.com\/mx\/wp-content\/uploads\/sites\/20\/2020\/06\/import-2.jpg","datePublished":"2016-08-09T19:33:31+00:00","dateModified":"2020-12-28T10:32:59+00:00","description":"Incoterms 2020: Los Incoterms son reglas internacionales que especifican diferentes par\u00e1metros relacionados con la log\u00edstica del transporte.","breadcrumb":{"@id":"https:\/\/www.noatumlogistics.com\/mx\/incoterms\/#breadcrumb"},"inLanguage":"es","potentialAction":[{"@type":"ReadAction","target":["https:\/\/www.noatumlogistics.com\/mx\/incoterms\/"]}]},{"@type":"ImageObject","inLanguage":"es","@id":"https:\/\/www.noatumlogistics.com\/mx\/incoterms\/#primaryimage","url":"https:\/\/www.noatumlogistics.com\/mx\/wp-content\/uploads\/sites\/20\/2020\/06\/import-2.jpg","contentUrl":"https:\/\/www.noatumlogistics.com\/mx\/wp-content\/uploads\/sites\/20\/2020\/06\/import-2.jpg","width":2000,"height":400},{"@type":"BreadcrumbList","@id":"https:\/\/www.noatumlogistics.com\/mx\/incoterms\/#breadcrumb","itemListElement":[{"@type":"ListItem","position":1,"name":"Home","item":"https:\/\/www.noatumlogistics.com\/mx\/"},{"@type":"ListItem","position":2,"name":"Incoterms"}]},{"@type":"WebSite","@id":"https:\/\/www.noatumlogistics.com\/mx\/#website","url":"https:\/\/www.noatumlogistics.com\/mx\/","name":"M\u00e9xico","description":"Just another Noatum Logistics site","potentialAction":[{"@type":"SearchAction","target":{"@type":"EntryPoint","urlTemplate":"https:\/\/www.noatumlogistics.com\/mx\/?s={search_term_string}"},"query-input":{"@type":"PropertyValueSpecification","valueRequired":true,"valueName":"search_term_string"}}],"inLanguage":"es"}]}},"_links":{"self":[{"href":"https:\/\/www.noatumlogistics.com\/mx\/wp-json\/wp\/v2\/pages\/817","targetHints":{"allow":["GET"]}}],"collection":[{"href":"https:\/\/www.noatumlogistics.com\/mx\/wp-json\/wp\/v2\/pages"}],"about":[{"href":"https:\/\/www.noatumlogistics.com\/mx\/wp-json\/wp\/v2\/types\/page"}],"author":[{"embeddable":true,"href":"https:\/\/www.noatumlogistics.com\/mx\/wp-json\/wp\/v2\/users\/1"}],"replies":[{"embeddable":true,"href":"https:\/\/www.noatumlogistics.com\/mx\/wp-json\/wp\/v2\/comments?post=817"}],"version-history":[{"count":4,"href":"https:\/\/www.noatumlogistics.com\/mx\/wp-json\/wp\/v2\/pages\/817\/revisions"}],"predecessor-version":[{"id":1461,"href":"https:\/\/www.noatumlogistics.com\/mx\/wp-json\/wp\/v2\/pages\/817\/revisions\/1461"}],"wp:featuredmedia":[{"embeddable":true,"href":"https:\/\/www.noatumlogistics.com\/mx\/wp-json\/wp\/v2\/media\/773"}],"wp:attachment":[{"href":"https:\/\/www.noatumlogistics.com\/mx\/wp-json\/wp\/v2\/media?parent=817"}],"curies":[{"name":"wp","href":"https:\/\/api.w.org\/{rel}","templated":true}]}}