{"id":815,"date":"2016-08-24T11:04:54","date_gmt":"2016-08-24T11:04:54","guid":{"rendered":"https:\/\/www.noatumlogistics.com\/mx\/tablas-de-conversiones\/"},"modified":"2022-12-05T16:13:10","modified_gmt":"2022-12-05T16:13:10","slug":"tablas-de-conversiones","status":"publish","type":"page","link":"https:\/\/www.noatumlogistics.com\/mx\/tablas-de-conversiones\/","title":{"rendered":"Tablas de conversiones"},"content":{"rendered":"<div class=\"wpb-content-wrapper\"><p>[vc_row center_row=&#8221;yes&#8221; opn_row_gutter=&#8221;100&#8243; el_id=&#8221;volscrol&#8221;][vc_column]<div id=\"ult-easy-separator-285649136269d8f2cbb783d\" class=\"ult-easy-separator-wrapper ult-responsive ult-top-easy-separator  \" style=\"\" data-vc-row=\"wpb_row\"  data-ultimate-target='#ult-easy-separator-285649136269d8f2cbb783d'  data-responsive-json-new='{\"width\":\"\"}' ><div class=\"ult-easy-separator-inner-wrapper\"><div class=\"ult-no-animation\" style=\"opacity:0;\"   ><img decoding=\"async\" class=\"ult-easy-separator-img\" alt=\"null\" src=\"https:\/\/www.noatumlogistics.com\/mx\/wp-content\/uploads\/sites\/20\/2020\/06\/arrowdown-1.png\" \/><a href=\"#volscrol\" ><\/a><\/div><\/div><\/div><div class=\"zozo-parallax-header\"><div class=\"parallax-header\"><h5 class=\"parallax-title text-center\" style=\"font-size:16px;margin:0px 0px 20px 0px;\">CALCULAR VOLUMEN<\/h5><div class=\"parallax-desc default-style text-center\"><p>Si ya dispone de los m3 puede entrarlos en la casilla del total y se calcular\u00e1 el peso tarifable <\/p>\n<\/div><\/div><\/div>[vc_row_inner el_class=&#8221;volumen&#8221;][vc_column_inner el_class=&#8221;flex&#8221;][vc_raw_html]JTNDcCUzRVZvbHVtZW4lM0MlMkZwJTNFJTBBJTNDaW5wdXQlMjB0eXBlJTNEJTIydGV4dCUyMiUyMG5hbWUlM0QlMjJ2b2x1bWVuJTIyJTIwaWQlM0QlMjJ2b2x1bWVuJTIyJTIwJTJGJTNF[\/vc_raw_html][vc_raw_html el_class=&#8221;chart&#8221;]JTNE[\/vc_raw_html][vc_raw_html]JTNDcCUzRUFsdG8lMjhjbSUyOSUzQyUyRnAlM0UlMEElM0NpbnB1dCUyMHR5cGUlM0QlMjJ0ZXh0JTIyJTIwbmFtZSUzRCUyMmFsdG8lMjIlMjBpZCUzRCUyMmFsdG8lMjIlMjAlMkYlM0U=[\/vc_raw_html][vc_raw_html el_class=&#8221;chart&#8221;]eA==[\/vc_raw_html][vc_raw_html]JTNDcCUzRUFuY2hvJTI4Y20lMjklM0MlMkZwJTNFJTBBJTNDaW5wdXQlMjB0eXBlJTNEJTIydGV4dCUyMiUyMG5hbWUlM0QlMjJhbmNobyUyMiUyMGlkJTNEJTIyYW5jaG8lMjIlMjAlMkYlM0U=[\/vc_raw_html][vc_raw_html el_class=&#8221;chart&#8221;]eA==[\/vc_raw_html][vc_raw_html]JTNDcCUzRUxhcmdvJTI4Y20lMjklM0MlMkZwJTNFJTBBJTNDaW5wdXQlMjB0eXBlJTNEJTIydGV4dCUyMiUyMG5hbWUlM0QlMjJsYXJnbyUyMiUyMGlkJTNEJTIybGFyZ28lMjIlMjAlMkYlM0U=[\/vc_raw_html][\/vc_column_inner][\/vc_row_inner][vc_row_inner css=&#8221;.vc_custom_1472053736725{margin-top: 20px !important;}&#8221; el_class=&#8221;volumen&#8221;][vc_column_inner][vc_raw_html]JTNDcCUzRVRlcnJlc3RyZSUyOEtnJTI5JTNDJTJGcCUzRSUwQSUzQ2lucHV0JTIwdHlwZSUzRCUyMnRleHQlMjIlMjBuYW1lJTNEJTIydGVya2clMjIlMjBpZCUzRCUyMnRlcmtnJTIyJTIwcmVhZG9ubHklM0QlMjJyZWFkb25seSUyMiUyMCUyRiUzRQ==[\/vc_raw_html][vc_raw_html el_class=&#8221;chart&#8221;]JTNE[\/vc_raw_html][vc_raw_html]JTNDcCUzRUElQzMlQTlyZW8lMjhLZyUyOSUzQyUyRnAlM0UlMEElM0NpbnB1dCUyMHR5cGUlM0QlMjJ0ZXh0JTIyJTIwbmFtZSUzRCUyMmFlcmtnJTIyJTIwaWQlM0QlMjJhZXJrZyUyMiUyMHJlYWRvbmx5JTNEJTIycmVhZG9ubHklMjIlMjAlMkYlM0U=[\/vc_raw_html][vc_raw_html el_class=&#8221;chart&#8221;]eA==[\/vc_raw_html][vc_raw_html]JTNDcCUzRU1hciVDMyVBRHRpbW8lMjhLZyUyOSUzQyUyRnAlM0UlMEElM0NpbnB1dCUyMHR5cGUlM0QlMjJ0ZXh0JTIyJTIwbmFtZSUzRCUyMm1hcmtnJTIyJTIwaWQlM0QlMjJtYXJrZyUyMiUyMHJlYWRvbmx5JTNEJTIycmVhZG9ubHklMjIlMjAlMkYlM0U=[\/vc_raw_html][vc_raw_html el_class=&#8221;chart&#8221;]UGVzbyUyMHRhcmlmYWJsZQ==[\/vc_raw_html][vc_column_text][\/vc_column_text][\/vc_column_inner][\/vc_row_inner][vc_btn title=&#8221;CALCULAR&#8221; align=&#8221;center&#8221; el_class=&#8221;calcVol&#8221; css=&#8221;.vc_custom_1472056872087{margin-top: 35px !important;}&#8221;][\/vc_column][\/vc_row][vc_row center_row=&#8221;yes&#8221; opn_row_id=&#8221;100&#8243; css=&#8221;.vc_custom_1472060933492{background-color: #f7f7f7 !important;}&#8221; el_id=&#8221;longscrol&#8221;][vc_column el_class=&#8221;longitud&#8221;]<div id=\"ult-easy-separator-178792609969d8f2cbb7990\" class=\"ult-easy-separator-wrapper ult-responsive ult-top-easy-separator  \" style=\"\" data-vc-row=\"wpb_row\"  data-ultimate-target='#ult-easy-separator-178792609969d8f2cbb7990'  data-responsive-json-new='{\"width\":\"\"}' ><div class=\"ult-easy-separator-inner-wrapper\"><div class=\"ult-no-animation\" style=\"opacity:0;\"   ><img decoding=\"async\" class=\"ult-easy-separator-img\" alt=\"null\" src=\"https:\/\/www.noatumlogistics.com\/mx\/wp-content\/uploads\/sites\/20\/2020\/06\/arrowdown-1.png\" \/><a href=\"#longscrol\" ><\/a><\/div><\/div><\/div><div class=\"zozo-parallax-header\"><div class=\"parallax-header\"><h5 class=\"parallax-title text-center\" style=\"font-size:16px;margin:0px 0px 20px 0px;\">CONVERSOR DE LONGITUD<\/h5><\/div><\/div>[vc_row_inner][vc_column_inner][vc_raw_html]JTNDcCUzRU1pbGxhcyUzQyUyRnAlM0UlM0NpbnB1dCUyMHR5cGUlM0QlMjJ0ZXh0JTIyJTIwbmFtZSUzRCUyMm1sbCUyMiUyMGlkJTNEJTIybWxsJTIyJTIwJTJGJTNFJTNDJTJGdGQlM0U=[\/vc_raw_html][vc_raw_html]JTNDcCUzRVlhcmRhcyUzQyUyRnAlM0UlM0NpbnB1dCUyMHR5cGUlM0QlMjJ0ZXh0JTIyJTIwbmFtZSUzRCUyMnlkJTIyJTIwaWQlM0QlMjJ5ZCUyMiUyMCUyRiUzRSUzQyUyRnRkJTNF[\/vc_raw_html][vc_raw_html]JTIwJTNDcCUzRVBpZXMlM0MlMkZwJTNFJTNDaW5wdXQlMjB0eXBlJTNEJTIydGV4dCUyMiUyMG5hbWUlM0QlMjJwcyUyMiUyMGlkJTNEJTIycHMlMjIlMjAlMkYlM0UlM0MlMkZ0ZCUzRQ==[\/vc_raw_html][vc_raw_html]JTIwJTIwJTNDcCUzRVB1bGdhZGFzJTNDJTJGcCUzRSUyMCUzQ2lucHV0JTIwdHlwZSUzRCUyMnRleHQlMjIlMjBuYW1lJTNEJTIycGclMjIlMjBpZCUzRCUyMnBnJTIyJTIwJTJGJTNFJTNDJTJGdGQlM0U=[\/vc_raw_html][vc_raw_html]JTNDcCUzRUNlbnQlQzMlQURtZXRyb3MlM0MlMkZwJTNFJTIwJTNDaW5wdXQlMjB0eXBlJTNEJTIydGV4dCUyMiUyMG5hbWUlM0QlMjJjbSUyMiUyMGlkJTNEJTIyY20lMjIlMjAlMkYlM0UlM0MlMkZ0ZCUzRQ==[\/vc_raw_html][vc_raw_html]JTNDcCUzRU1ldHJvcyUzQyUyRnAlM0UlMEElM0NpbnB1dCUyMHR5cGUlM0QlMjJ0ZXh0JTIyJTIwbmFtZSUzRCUyMm10JTIyJTIwaWQlM0QlMjJtdCUyMiUyMCUyRiUzRSUzQyUyRnRkJTNF[\/vc_raw_html][vc_raw_html]JTNDcCUzRUtpbCVDMyVCM21ldHJvcyUzQyUyRnAlM0UlMEElM0NpbnB1dCUyMHR5cGUlM0QlMjJ0ZXh0JTIyJTIwbmFtZSUzRCUyMmttJTIyJTIwaWQlM0QlMjJrbSUyMiUyMCUyRiUzRQ==[\/vc_raw_html][\/vc_column_inner][\/vc_row_inner][vc_btn title=&#8221;CALCULAR&#8221; align=&#8221;center&#8221; el_class=&#8221;convLong&#8221; css=&#8221;.vc_custom_1472056710840{margin-top: 20px !important;}&#8221;][\/vc_column][\/vc_row][vc_row center_row=&#8221;yes&#8221; opn_row_gutter=&#8221;100&#8243; el_class=&#8221;peso&#8221; el_id=&#8221;pesoscrol&#8221;][vc_column]<div id=\"ult-easy-separator-30887327969d8f2cbb7a91\" class=\"ult-easy-separator-wrapper ult-responsive ult-top-easy-separator  \" style=\"\" data-vc-row=\"wpb_row\"  data-ultimate-target='#ult-easy-separator-30887327969d8f2cbb7a91'  data-responsive-json-new='{\"width\":\"\"}' ><div class=\"ult-easy-separator-inner-wrapper\"><div class=\"ult-no-animation\" style=\"opacity:0;\"   ><img decoding=\"async\" class=\"ult-easy-separator-img\" alt=\"null\" src=\"https:\/\/www.noatumlogistics.com\/mx\/wp-content\/uploads\/sites\/20\/2020\/06\/arrowdown-1.png\" \/><a href=\"#pesoscrol\" ><\/a><\/div><\/div><\/div><div class=\"zozo-parallax-header\"><div class=\"parallax-header\"><h5 class=\"parallax-title text-center\" style=\"font-size:16px;margin:0px 0px 20px 0px;\">CONVERSOR DE PESO<\/h5><\/div><\/div>[vc_row_inner][vc_column_inner][vc_raw_html]JTNDcCUzRVRvbmVsYWRhJTIwTWFyJUMzJUFEdGltYSUzQyUyRnAlM0UlM0NpbnB1dCUyMHR5cGUlM0QlMjJ0ZXh0JTIyJTIwbmFtZSUzRCUyMnRubSUyMiUyMGlkJTNEJTIydG5tJTIyJTIwJTJGJTNF[\/vc_raw_html][vc_raw_html]JTNDcCUyMHN0eWxlJTNEJTIyJTIwJTIwJTIwJTIwbWFyZ2luLXRvcCUzQSUyMC0yNXB4JTNCJTIyJTNFVG9uZWxhZGFzJTIwSW5nbGVzYSUyMExhcmdhJTNDJTJGcCUzRSUzQ2lucHV0JTIwdHlwZSUzRCUyMnRleHQlMjIlMjBuYW1lJTNEJTIydG5jJTIyJTIwaWQlM0QlMjJ0bmwlMjIlMjAlMkYlM0U=[\/vc_raw_html][vc_raw_html]JTNDcCUyMHN0eWxlJTNEJTIyJTIwJTIwJTIwJTIwbWFyZ2luLXRvcCUzQSUyMC0yNXB4JTNCJTIyJTNFVG9uZWxhZGFzJTIwSW5nbGVzYSUyMENvcnRhJTNDJTJGcCUzRSUzQ2lucHV0JTIwdHlwZSUzRCUyMnRleHQlMjIlMjBuYW1lJTNEJTIydG5jJTIyJTIwaWQlM0QlMjJ0bmMlMjIlMjAlMkYlM0U=[\/vc_raw_html][vc_raw_html]JTIwJTNDcCUzRVBpZWRyYXMlM0MlMkZwJTNFJTNDaW5wdXQlMjB0eXBlJTNEJTIydGV4dCUyMiUyMG5hbWUlM0QlMjJwaSUyMiUyMGlkJTNEJTIycGklMjIlMjAlMkYlM0U=[\/vc_raw_html][vc_raw_html]JTIwJTIwJTNDcCUzRUxpYnJhcyUzQyUyRnAlM0UlMjAlM0NpbnB1dCUyMHR5cGUlM0QlMjJ0ZXh0JTIyJTIwbmFtZSUzRCUyMmxpYiUyMiUyMGlkJTNEJTIybGliJTIyJTIwJTJGJTNF[\/vc_raw_html][vc_raw_html]JTNDcCUzRU9uemFzJTNDJTJGcCUzRSUyMCUyMCUzQ2lucHV0JTIwdHlwZSUzRCUyMnRleHQlMjIlMjBuYW1lJTNEJTIyb256JTIyJTIwaWQlM0QlMjJvbnolMjIlMjAlMkYlM0U=[\/vc_raw_html][vc_raw_html]JTNDcCUzRUdyYW1vcyUzQyUyRnAlM0UlMEElMjAlM0NpbnB1dCUyMHR5cGUlM0QlMjJ0ZXh0JTIyJTIwbmFtZSUzRCUyMmdyJTIyJTIwaWQlM0QlMjJnciUyMiUyMCUyRiUzRQ==[\/vc_raw_html][vc_raw_html]JTNDcCUzRUtpbG9ncmFtb3MlM0MlMkZwJTNFJTBBJTNDaW5wdXQlMjB0eXBlJTNEJTIydGV4dCUyMiUyMG5hbWUlM0QlMjJrZyUyMiUyMGlkJTNEJTIya2clMjIlMjAlMkYlM0U=[\/vc_raw_html][\/vc_column_inner][\/vc_row_inner][vc_btn title=&#8221;CALCULAR&#8221; align=&#8221;center&#8221; el_class=&#8221;convPeso&#8221; css=&#8221;.vc_custom_1472056897234{margin-top: 35px !important;}&#8221;][\/vc_column][\/vc_row][vc_row center_row=&#8221;yes&#8221; opn_row_gutter=&#8221;100&#8243; el_class=&#8221;volumen2&#8243; css=&#8221;.vc_custom_1472060980641{background-color: #f7f7f7 !important;}&#8221; el_id=&#8221;volscrol2&#8243;][vc_column]<div id=\"ult-easy-separator-90294876269d8f2cbb7b8b\" class=\"ult-easy-separator-wrapper ult-responsive ult-top-easy-separator  \" style=\"\" data-vc-row=\"wpb_row\"  data-ultimate-target='#ult-easy-separator-90294876269d8f2cbb7b8b'  data-responsive-json-new='{\"width\":\"\"}' ><div class=\"ult-easy-separator-inner-wrapper\"><div class=\"ult-no-animation\" style=\"opacity:0;\"   ><img decoding=\"async\" class=\"ult-easy-separator-img\" alt=\"null\" src=\"https:\/\/www.noatumlogistics.com\/mx\/wp-content\/uploads\/sites\/20\/2020\/06\/arrowdown-1.png\" \/><a href=\"#volscrol2\" ><\/a><\/div><\/div><\/div><div class=\"zozo-parallax-header\"><div class=\"parallax-header\"><h5 class=\"parallax-title text-center\" style=\"font-size:16px;margin:0px 0px 20px 0px;\">CONVERSOR DE VOLUMEN<\/h5><\/div><\/div>[vc_row_inner][vc_column_inner][vc_raw_html]JTNDcCUyMHN0eWxlJTNEJTIyJTIyJTNFR2Fsb25lcyUyMEltcGVyaWFsZXMlM0MlMkZwJTNFJTNDaW5wdXQlMjB0eXBlJTNEJTIydGV4dCUyMiUyMG5hbWUlM0QlMjJnYWxpJTIyJTIwaWQlM0QlMjJnYWxpJTIyJTIwJTJGJTNF[\/vc_raw_html][vc_raw_html]JTIwJTNDcCUzRUdhbG9uZXMlM0MlMkZwJTNFJTNDaW5wdXQlMjB0eXBlJTNEJTIydGV4dCUyMiUyMG5hbWUlM0QlMjJnYWxvJTIyJTIwaWQlM0QlMjJnYWxvJTIyJTIwJTJGJTNF[\/vc_raw_html][vc_raw_html]JTIwJTIwJTNDcCUzRUN1YXJ0b3MlM0MlMkZwJTNFJTIwJTNDaW5wdXQlMjB0eXBlJTNEJTIydGV4dCUyMiUyMG5hbWUlM0QlMjJjdWFyJTIyJTIwaWQlM0QlMjJjdWFyJTIyJTIwJTJGJTNF[\/vc_raw_html][vc_raw_html]JTNDcCUzRU9uemFzJTIwbCVDMyVBRHF1aWRhcyUzQyUyRnAlM0UlMjAlMjAlM0NpbnB1dCUyMHR5cGUlM0QlMjJ0ZXh0JTIyJTIwbmFtZSUzRCUyMm9uemwlMjIlMjBpZCUzRCUyMm9uemwlMjIlMjAlMkYlM0U=[\/vc_raw_html][vc_raw_html]JTNDcCUzRUxpdHJvcyUzQyUyRnAlM0UlMEElM0NpbnB1dCUyMHR5cGUlM0QlMjJ0ZXh0JTIyJTIwbmFtZSUzRCUyMmxpdHIlMjIlMjBpZCUzRCUyMmxpdHIlMjIlMjAlMkYlM0U=[\/vc_raw_html][vc_raw_html]JTNDcCUzRW0zJTNDJTJGcCUzRSUwQSUzQ2lucHV0JTIwdHlwZSUzRCUyMnRleHQlMjIlMjBuYW1lJTNEJTIybWN1YiUyMiUyMGlkJTNEJTIybWN1YiUyMiUyMCUyRiUzRQ==[\/vc_raw_html][\/vc_column_inner][\/vc_row_inner][vc_btn title=&#8221;CALCULAR&#8221; align=&#8221;center&#8221; el_class=&#8221;convVol&#8221; css=&#8221;.vc_custom_1472056987591{margin-top: 35px !important;}&#8221;][\/vc_column][\/vc_row]<\/p>\n<\/div>","protected":false},"excerpt":{"rendered":"<p>[vc_row center_row=&#8221;yes&#8221; opn_row_gutter=&#8221;100&#8243; el_id=&#8221;volscrol&#8221;][vc_column][vc_row_inner el_class=&#8221;volumen&#8221;][vc_column_inner el_class=&#8221;flex&#8221;][vc_raw_html]JTNDcCUzRVZvbHVtZW4lM0MlMkZwJTNFJTBBJTNDaW5wdXQlMjB0eXBlJTNEJTIydGV4dCUyMiUyMG5hbWUlM0QlMjJ2b2x1bWVuJTIyJTIwaWQlM0QlMjJ2b2x1bWVuJTIyJTIwJTJGJTNF[\/vc_raw_html][vc_raw_html el_class=&#8221;chart&#8221;]JTNE[\/vc_raw_html][vc_raw_html]JTNDcCUzRUFsdG8lMjhjbSUyOSUzQyUyRnAlM0UlMEElM0NpbnB1dCUyMHR5cGUlM0QlMjJ0ZXh0JTIyJTIwbmFtZSUzRCUyMmFsdG8lMjIlMjBpZCUzRCUyMmFsdG8lMjIlMjAlMkYlM0U=[\/vc_raw_html][vc_raw_html el_class=&#8221;chart&#8221;]eA==[\/vc_raw_html][vc_raw_html]JTNDcCUzRUFuY2hvJTI4Y20lMjklM0MlMkZwJTNFJTBBJTNDaW5wdXQlMjB0eXBlJTNEJTIydGV4dCUyMiUyMG5hbWUlM0QlMjJhbmNobyUyMiUyMGlkJTNEJTIyYW5jaG8lMjIlMjAlMkYlM0U=[\/vc_raw_html][vc_raw_html el_class=&#8221;chart&#8221;]eA==[\/vc_raw_html][vc_raw_html]JTNDcCUzRUxhcmdvJTI4Y20lMjklM0MlMkZwJTNFJTBBJTNDaW5wdXQlMjB0eXBlJTNEJTIydGV4dCUyMiUyMG5hbWUlM0QlMjJsYXJnbyUyMiUyMGlkJTNEJTIybGFyZ28lMjIlMjAlMkYlM0U=[\/vc_raw_html][\/vc_column_inner][\/vc_row_inner][vc_row_inner css=&#8221;.vc_custom_1472053736725{margin-top: 20px !important;}&#8221; el_class=&#8221;volumen&#8221;][vc_column_inner][vc_raw_html]JTNDcCUzRVRlcnJlc3RyZSUyOEtnJTI5JTNDJTJGcCUzRSUwQSUzQ2lucHV0JTIwdHlwZSUzRCUyMnRleHQlMjIlMjBuYW1lJTNEJTIydGVya2clMjIlMjBpZCUzRCUyMnRlcmtnJTIyJTIwcmVhZG9ubHklM0QlMjJyZWFkb25seSUyMiUyMCUyRiUzRQ==[\/vc_raw_html][vc_raw_html el_class=&#8221;chart&#8221;]JTNE[\/vc_raw_html][vc_raw_html]JTNDcCUzRUElQzMlQTlyZW8lMjhLZyUyOSUzQyUyRnAlM0UlMEElM0NpbnB1dCUyMHR5cGUlM0QlMjJ0ZXh0JTIyJTIwbmFtZSUzRCUyMmFlcmtnJTIyJTIwaWQlM0QlMjJhZXJrZyUyMiUyMHJlYWRvbmx5JTNEJTIycmVhZG9ubHklMjIlMjAlMkYlM0U=[\/vc_raw_html][vc_raw_html el_class=&#8221;chart&#8221;]eA==[\/vc_raw_html][vc_raw_html]JTNDcCUzRU1hciVDMyVBRHRpbW8lMjhLZyUyOSUzQyUyRnAlM0UlMEElM0NpbnB1dCUyMHR5cGUlM0QlMjJ0ZXh0JTIyJTIwbmFtZSUzRCUyMm1hcmtnJTIyJTIwaWQlM0QlMjJtYXJrZyUyMiUyMHJlYWRvbmx5JTNEJTIycmVhZG9ubHklMjIlMjAlMkYlM0U=[\/vc_raw_html][vc_raw_html el_class=&#8221;chart&#8221;]UGVzbyUyMHRhcmlmYWJsZQ==[\/vc_raw_html][vc_column_text][\/vc_column_text][\/vc_column_inner][\/vc_row_inner][vc_btn title=&#8221;CALCULAR&#8221; align=&#8221;center&#8221; el_class=&#8221;calcVol&#8221; css=&#8221;.vc_custom_1472056872087{margin-top: 35px !important;}&#8221;][\/vc_column][\/vc_row][vc_row center_row=&#8221;yes&#8221; opn_row_id=&#8221;100&#8243; css=&#8221;.vc_custom_1472060933492{background-color: #f7f7f7 !important;}&#8221; el_id=&#8221;longscrol&#8221;][vc_column el_class=&#8221;longitud&#8221;][vc_row_inner][vc_column_inner][vc_raw_html]JTNDcCUzRU1pbGxhcyUzQyUyRnAlM0UlM0NpbnB1dCUyMHR5cGUlM0QlMjJ0ZXh0JTIyJTIwbmFtZSUzRCUyMm1sbCUyMiUyMGlkJTNEJTIybWxsJTIyJTIwJTJGJTNFJTNDJTJGdGQlM0U=[\/vc_raw_html][vc_raw_html]JTNDcCUzRVlhcmRhcyUzQyUyRnAlM0UlM0NpbnB1dCUyMHR5cGUlM0QlMjJ0ZXh0JTIyJTIwbmFtZSUzRCUyMnlkJTIyJTIwaWQlM0QlMjJ5ZCUyMiUyMCUyRiUzRSUzQyUyRnRkJTNF[\/vc_raw_html][vc_raw_html]JTIwJTNDcCUzRVBpZXMlM0MlMkZwJTNFJTNDaW5wdXQlMjB0eXBlJTNEJTIydGV4dCUyMiUyMG5hbWUlM0QlMjJwcyUyMiUyMGlkJTNEJTIycHMlMjIlMjAlMkYlM0UlM0MlMkZ0ZCUzRQ==[\/vc_raw_html][vc_raw_html]JTIwJTIwJTNDcCUzRVB1bGdhZGFzJTNDJTJGcCUzRSUyMCUzQ2lucHV0JTIwdHlwZSUzRCUyMnRleHQlMjIlMjBuYW1lJTNEJTIycGclMjIlMjBpZCUzRCUyMnBnJTIyJTIwJTJGJTNFJTNDJTJGdGQlM0U=[\/vc_raw_html][vc_raw_html]JTNDcCUzRUNlbnQlQzMlQURtZXRyb3MlM0MlMkZwJTNFJTIwJTNDaW5wdXQlMjB0eXBlJTNEJTIydGV4dCUyMiUyMG5hbWUlM0QlMjJjbSUyMiUyMGlkJTNEJTIyY20lMjIlMjAlMkYlM0UlM0MlMkZ0ZCUzRQ==[\/vc_raw_html][vc_raw_html]JTNDcCUzRU1ldHJvcyUzQyUyRnAlM0UlMEElM0NpbnB1dCUyMHR5cGUlM0QlMjJ0ZXh0JTIyJTIwbmFtZSUzRCUyMm10JTIyJTIwaWQlM0QlMjJtdCUyMiUyMCUyRiUzRSUzQyUyRnRkJTNF[\/vc_raw_html][vc_raw_html]JTNDcCUzRUtpbCVDMyVCM21ldHJvcyUzQyUyRnAlM0UlMEElM0NpbnB1dCUyMHR5cGUlM0QlMjJ0ZXh0JTIyJTIwbmFtZSUzRCUyMmttJTIyJTIwaWQlM0QlMjJrbSUyMiUyMCUyRiUzRQ==[\/vc_raw_html][\/vc_column_inner][\/vc_row_inner][vc_btn title=&#8221;CALCULAR&#8221;&#8230;<\/p>\n","protected":false},"author":1,"featured_media":1465,"parent":0,"menu_order":0,"comment_status":"closed","ping_status":"closed","template":"template-conversiones.php","meta":{"footnotes":""},"class_list":["post-815","page","type-page","status-publish","has-post-thumbnail","hentry"],"yoast_head":"<!-- This site is optimized with the Yoast SEO plugin v27.3 - https:\/\/yoast.com\/product\/yoast-seo-wordpress\/ -->\n<title>Tablas de conversiones para comercia y log\u00edstica | Noatum Logistics<\/title>\n<meta name=\"description\" content=\"Calculadora y tabla de conversiones. Calcule los pesos y tama\u00f1os de su carga para ajustarlos a su servicio de log\u00edstica.\" \/>\n<meta name=\"robots\" content=\"noindex, follow, max-snippet:-1, max-image-preview:large, max-video-preview:-1\" \/>\n<meta property=\"og:locale\" content=\"es_ES\" \/>\n<meta property=\"og:type\" content=\"article\" \/>\n<meta property=\"og:title\" content=\"Tablas de conversiones para comercia y log\u00edstica | Noatum Logistics\" \/>\n<meta property=\"og:description\" content=\"Calculadora y tabla de conversiones. Calcule los pesos y tama\u00f1os de su carga para ajustarlos a su servicio de log\u00edstica.\" \/>\n<meta property=\"og:url\" content=\"https:\/\/www.noatumlogistics.com\/mx\/tablas-de-conversiones\/\" \/>\n<meta property=\"og:site_name\" content=\"M\u00e9xico\" \/>\n<meta property=\"article:modified_time\" content=\"2022-12-05T16:13:10+00:00\" \/>\n<meta property=\"og:image\" content=\"https:\/\/www.noatumlogistics.com\/mx\/wp-content\/uploads\/sites\/20\/2020\/12\/paisesypuertos-head.jpg\" \/>\n\t<meta property=\"og:image:width\" content=\"2362\" \/>\n\t<meta property=\"og:image:height\" content=\"700\" \/>\n\t<meta property=\"og:image:type\" content=\"image\/jpeg\" \/>\n<meta name=\"twitter:card\" content=\"summary_large_image\" \/>\n<meta name=\"twitter:label1\" content=\"Tiempo de lectura\" \/>\n\t<meta name=\"twitter:data1\" content=\"1 minuto\" \/>\n<script type=\"application\/ld+json\" class=\"yoast-schema-graph\">{\"@context\":\"https:\\\/\\\/schema.org\",\"@graph\":[{\"@type\":\"WebPage\",\"@id\":\"https:\\\/\\\/www.noatumlogistics.com\\\/mx\\\/tablas-de-conversiones\\\/\",\"url\":\"https:\\\/\\\/www.noatumlogistics.com\\\/mx\\\/tablas-de-conversiones\\\/\",\"name\":\"Tablas de conversiones para comercia y log\u00edstica | Noatum Logistics\",\"isPartOf\":{\"@id\":\"https:\\\/\\\/www.noatumlogistics.com\\\/mx\\\/#website\"},\"primaryImageOfPage\":{\"@id\":\"https:\\\/\\\/www.noatumlogistics.com\\\/mx\\\/tablas-de-conversiones\\\/#primaryimage\"},\"image\":{\"@id\":\"https:\\\/\\\/www.noatumlogistics.com\\\/mx\\\/tablas-de-conversiones\\\/#primaryimage\"},\"thumbnailUrl\":\"https:\\\/\\\/www.noatumlogistics.com\\\/mx\\\/wp-content\\\/uploads\\\/sites\\\/20\\\/2020\\\/12\\\/paisesypuertos-head.jpg\",\"datePublished\":\"2016-08-24T11:04:54+00:00\",\"dateModified\":\"2022-12-05T16:13:10+00:00\",\"description\":\"Calculadora y tabla de conversiones. Calcule los pesos y tama\u00f1os de su carga para ajustarlos a su servicio de log\u00edstica.\",\"breadcrumb\":{\"@id\":\"https:\\\/\\\/www.noatumlogistics.com\\\/mx\\\/tablas-de-conversiones\\\/#breadcrumb\"},\"inLanguage\":\"es\",\"potentialAction\":[{\"@type\":\"ReadAction\",\"target\":[\"https:\\\/\\\/www.noatumlogistics.com\\\/mx\\\/tablas-de-conversiones\\\/\"]}]},{\"@type\":\"ImageObject\",\"inLanguage\":\"es\",\"@id\":\"https:\\\/\\\/www.noatumlogistics.com\\\/mx\\\/tablas-de-conversiones\\\/#primaryimage\",\"url\":\"https:\\\/\\\/www.noatumlogistics.com\\\/mx\\\/wp-content\\\/uploads\\\/sites\\\/20\\\/2020\\\/12\\\/paisesypuertos-head.jpg\",\"contentUrl\":\"https:\\\/\\\/www.noatumlogistics.com\\\/mx\\\/wp-content\\\/uploads\\\/sites\\\/20\\\/2020\\\/12\\\/paisesypuertos-head.jpg\",\"width\":2362,\"height\":700},{\"@type\":\"BreadcrumbList\",\"@id\":\"https:\\\/\\\/www.noatumlogistics.com\\\/mx\\\/tablas-de-conversiones\\\/#breadcrumb\",\"itemListElement\":[{\"@type\":\"ListItem\",\"position\":1,\"name\":\"Home\",\"item\":\"https:\\\/\\\/www.noatumlogistics.com\\\/mx\\\/\"},{\"@type\":\"ListItem\",\"position\":2,\"name\":\"Tablas de conversiones\"}]},{\"@type\":\"WebSite\",\"@id\":\"https:\\\/\\\/www.noatumlogistics.com\\\/mx\\\/#website\",\"url\":\"https:\\\/\\\/www.noatumlogistics.com\\\/mx\\\/\",\"name\":\"M\u00e9xico\",\"description\":\"Just another Noatum Logistics site\",\"potentialAction\":[{\"@type\":\"SearchAction\",\"target\":{\"@type\":\"EntryPoint\",\"urlTemplate\":\"https:\\\/\\\/www.noatumlogistics.com\\\/mx\\\/?s={search_term_string}\"},\"query-input\":{\"@type\":\"PropertyValueSpecification\",\"valueRequired\":true,\"valueName\":\"search_term_string\"}}],\"inLanguage\":\"es\"}]}<\/script>\n<!-- \/ Yoast SEO plugin. -->","yoast_head_json":{"title":"Tablas de conversiones para comercia y log\u00edstica | Noatum Logistics","description":"Calculadora y tabla de conversiones. Calcule los pesos y tama\u00f1os de su carga para ajustarlos a su servicio de log\u00edstica.","robots":{"index":"noindex","follow":"follow","max-snippet":"max-snippet:-1","max-image-preview":"max-image-preview:large","max-video-preview":"max-video-preview:-1"},"og_locale":"es_ES","og_type":"article","og_title":"Tablas de conversiones para comercia y log\u00edstica | Noatum Logistics","og_description":"Calculadora y tabla de conversiones. Calcule los pesos y tama\u00f1os de su carga para ajustarlos a su servicio de log\u00edstica.","og_url":"https:\/\/www.noatumlogistics.com\/mx\/tablas-de-conversiones\/","og_site_name":"M\u00e9xico","article_modified_time":"2022-12-05T16:13:10+00:00","og_image":[{"width":2362,"height":700,"url":"https:\/\/www.noatumlogistics.com\/mx\/wp-content\/uploads\/sites\/20\/2020\/12\/paisesypuertos-head.jpg","type":"image\/jpeg"}],"twitter_card":"summary_large_image","twitter_misc":{"Tiempo de lectura":"1 minuto"},"schema":{"@context":"https:\/\/schema.org","@graph":[{"@type":"WebPage","@id":"https:\/\/www.noatumlogistics.com\/mx\/tablas-de-conversiones\/","url":"https:\/\/www.noatumlogistics.com\/mx\/tablas-de-conversiones\/","name":"Tablas de conversiones para comercia y log\u00edstica | Noatum Logistics","isPartOf":{"@id":"https:\/\/www.noatumlogistics.com\/mx\/#website"},"primaryImageOfPage":{"@id":"https:\/\/www.noatumlogistics.com\/mx\/tablas-de-conversiones\/#primaryimage"},"image":{"@id":"https:\/\/www.noatumlogistics.com\/mx\/tablas-de-conversiones\/#primaryimage"},"thumbnailUrl":"https:\/\/www.noatumlogistics.com\/mx\/wp-content\/uploads\/sites\/20\/2020\/12\/paisesypuertos-head.jpg","datePublished":"2016-08-24T11:04:54+00:00","dateModified":"2022-12-05T16:13:10+00:00","description":"Calculadora y tabla de conversiones. Calcule los pesos y tama\u00f1os de su carga para ajustarlos a su servicio de log\u00edstica.","breadcrumb":{"@id":"https:\/\/www.noatumlogistics.com\/mx\/tablas-de-conversiones\/#breadcrumb"},"inLanguage":"es","potentialAction":[{"@type":"ReadAction","target":["https:\/\/www.noatumlogistics.com\/mx\/tablas-de-conversiones\/"]}]},{"@type":"ImageObject","inLanguage":"es","@id":"https:\/\/www.noatumlogistics.com\/mx\/tablas-de-conversiones\/#primaryimage","url":"https:\/\/www.noatumlogistics.com\/mx\/wp-content\/uploads\/sites\/20\/2020\/12\/paisesypuertos-head.jpg","contentUrl":"https:\/\/www.noatumlogistics.com\/mx\/wp-content\/uploads\/sites\/20\/2020\/12\/paisesypuertos-head.jpg","width":2362,"height":700},{"@type":"BreadcrumbList","@id":"https:\/\/www.noatumlogistics.com\/mx\/tablas-de-conversiones\/#breadcrumb","itemListElement":[{"@type":"ListItem","position":1,"name":"Home","item":"https:\/\/www.noatumlogistics.com\/mx\/"},{"@type":"ListItem","position":2,"name":"Tablas de conversiones"}]},{"@type":"WebSite","@id":"https:\/\/www.noatumlogistics.com\/mx\/#website","url":"https:\/\/www.noatumlogistics.com\/mx\/","name":"M\u00e9xico","description":"Just another Noatum Logistics site","potentialAction":[{"@type":"SearchAction","target":{"@type":"EntryPoint","urlTemplate":"https:\/\/www.noatumlogistics.com\/mx\/?s={search_term_string}"},"query-input":{"@type":"PropertyValueSpecification","valueRequired":true,"valueName":"search_term_string"}}],"inLanguage":"es"}]}},"_links":{"self":[{"href":"https:\/\/www.noatumlogistics.com\/mx\/wp-json\/wp\/v2\/pages\/815","targetHints":{"allow":["GET"]}}],"collection":[{"href":"https:\/\/www.noatumlogistics.com\/mx\/wp-json\/wp\/v2\/pages"}],"about":[{"href":"https:\/\/www.noatumlogistics.com\/mx\/wp-json\/wp\/v2\/types\/page"}],"author":[{"embeddable":true,"href":"https:\/\/www.noatumlogistics.com\/mx\/wp-json\/wp\/v2\/users\/1"}],"replies":[{"embeddable":true,"href":"https:\/\/www.noatumlogistics.com\/mx\/wp-json\/wp\/v2\/comments?post=815"}],"version-history":[{"count":9,"href":"https:\/\/www.noatumlogistics.com\/mx\/wp-json\/wp\/v2\/pages\/815\/revisions"}],"predecessor-version":[{"id":3345,"href":"https:\/\/www.noatumlogistics.com\/mx\/wp-json\/wp\/v2\/pages\/815\/revisions\/3345"}],"wp:featuredmedia":[{"embeddable":true,"href":"https:\/\/www.noatumlogistics.com\/mx\/wp-json\/wp\/v2\/media\/1465"}],"wp:attachment":[{"href":"https:\/\/www.noatumlogistics.com\/mx\/wp-json\/wp\/v2\/media?parent=815"}],"curies":[{"name":"wp","href":"https:\/\/api.w.org\/{rel}","templated":true}]}}