{"id":3762,"date":"2024-10-25T14:48:38","date_gmt":"2024-10-25T13:48:38","guid":{"rendered":"https:\/\/www.noatumlogistics.com\/esp\/consultoria-comercio-internacional\/acuerdos-comerciales\/"},"modified":"2025-01-15T15:48:05","modified_gmt":"2025-01-15T15:48:05","slug":"consultoria-aduanera","status":"publish","type":"page","link":"https:\/\/www.noatumlogistics.com\/esp\/consultoria-comercio-internacional\/consultoria-aduanera\/","title":{"rendered":"Consultor\u00eda aduanera"},"content":{"rendered":"<div class=\"wpb-content-wrapper\"><p>[vc_row center_row=&#8221;yes&#8221; bg_overlay=&#8221;yes&#8221; typo_style=&#8221;light&#8221; css=&#8221;.vc_custom_1724423252505{padding-top: 120px !important;padding-bottom: 120px !important;background-image: url(https:\/\/www.noatumlogistics.com\/wp-content\/uploads\/2024\/08\/Noatum-Logistics_Solutions_Global-trade-management_Agreement-programme_1.jpg?id=20242) !important;background-position: center !important;background-repeat: no-repeat !important;background-size: cover !important;}&#8221; el_class=&#8221;primerafila&#8221;][vc_column]<div class=\"zozo-parallax-header\"><div class=\"parallax-header\"><h1 class=\"parallax-title text-left\">Consultor\u00eda aduanera<\/h1><\/div><\/div>[vc_btn title=&#8221;Contacto&#8221; link=&#8221;url:%23contactform|&#8221;][\/vc_column][\/vc_row][vc_row center_row=&#8221;yes&#8221; el_class=&#8221;menucarousel&#8221; css=&#8221;.vc_custom_1582807539452{background-image: url(https:\/\/www.noatumlogistics.com\/wp-content\/uploads\/2016\/06\/fondo-directorio.jpg?id=1359) !important;background-position: center !important;background-repeat: no-repeat !important;background-size: cover !important;}&#8221;][vc_column el_class=&#8221;solcarousel&#8221;][vc_row_inner][vc_column_inner width=&#8221;1\/3&#8243;]<div class=\"zozo-parallax-header\"><div class=\"parallax-header\"><h2 class=\"parallax-title text-left text-none\">Navegamos las regulaciones aduaneras con experiencia<\/h2><\/div><\/div>[\/vc_column_inner][vc_column_inner width=&#8221;2\/3&#8243; css=&#8221;.vc_custom_1724410473159{padding-top: 10px !important;}&#8221;][vc_column_text css=&#8221;&#8221;]En Noatum Logistics, ofrecemos servicios especializados de consultor\u00eda para resolver cualquier duda o necesidad relacionada con temas aduaneros.[\/vc_column_text][\/vc_column_inner][\/vc_row_inner][\/vc_column][\/vc_row][vc_row center_row=&#8221;yes&#8221; css=&#8221;.vc_custom_1724410047118{margin-top: 60px !important;border-top-width: 0px !important;padding-top: 0px !important;}&#8221; el_class=&#8221;Vinetasred&#8221;][vc_column]<div class=\"zozo-parallax-header VinetasRed\"><div class=\"parallax-header\"><h2 class=\"parallax-title text-left text-none\">\u00c1reas de consultor\u00eda especializada en aduanas<\/h2><\/div><\/div>[vc_row_inner el_class=&#8221;warehouses&#8221;][vc_column_inner width=&#8221;2\/3&#8243; css=&#8221;.vc_custom_1724414325123{padding-left: 15px !important;}&#8221;][vc_column_text css=&#8221;&#8221; el_class=&#8221;VinetasRed&#8221;]Nuestros servicios abarcan una amplia variedad de normativas, dise\u00f1ados para asegurar el cumplimiento de las regulaciones aplicables:<\/p>\n<div class=\"row\" style=\"margin-bottom: 10px;\">\n<div class=\"col-md-6\">\n<ul>\n<li><strong>Consultas sobre materia aduanera:<\/strong> Estudio, investigaci\u00f3n y redacci\u00f3n de informes sobre diferentes temas aduaneros.<\/li>\n<li><strong>Tarifa plana mensual de consultor\u00eda:<\/strong> Respuesta a hasta 10 preguntas mensuales<\/li>\n<li><strong>Asistencia a inspecciones de Aduanas:<\/strong> Acompa\u00f1amiento y asesoramiento durante las inspecciones.<\/li>\n<li><strong>ROHS-RAEE:<\/strong> Asesoramiento y acompa\u00f1amiento al cliente para poder gestionar la documentaci\u00f3n t\u00e9cnica al SOIVRE. Presentaci\u00f3n, e inclusion en el DOCUCICE.<\/li>\n<li>Formaci\u00f3n presencial u online, en materia aduanera.<\/li>\n<\/ul>\n<\/div>\n<div class=\"col-md-6\">\n<ul>\n<li><strong>EUDR<\/strong> \u2013 Reglamento Deforestacion:\n<ul>\n<li><strong>Asesoramiento:<\/strong> Orientaci\u00f3n sobre los requisitos del Reglamento de Deforestaci\u00f3n de la Uni\u00f3n Europea (EUDR).<\/li>\n<li><strong>Colaboraci\u00f3n<\/strong>: Apoyo en la implementaci\u00f3n de medidas y procedimientos para asegurar el cumplimiento del EUDR.<\/li>\n<li><strong>Documentaci\u00f3n<\/strong>: Asistencia en la preparaci\u00f3n y presentaci\u00f3n de la documentaci\u00f3n necesaria para cumplir con el EUDR.<\/li>\n<\/ul>\n<\/li>\n<li><strong>CBAM\u2013 <\/strong>Mecanismo de Ajuste en Frontera por Carbono\n<ul>\n<li><strong>Asesoramiento<\/strong>: Orientaci\u00f3n sobre los requisitos del Mecanismo de Ajuste en Frontera por Carbono (CBAM).<\/li>\n<li><strong>Elaboraci\u00f3n de Informes<\/strong>: Asistencia en la preparaci\u00f3n y presentaci\u00f3n de informes CBAM para cumplir con las normativas de la Uni\u00f3n Europea.<\/li>\n<\/ul>\n<\/li>\n<\/ul>\n<\/div>\n<\/div>\n<p>[\/vc_column_text][\/vc_column_inner][vc_column_inner width=&#8221;1\/3&#8243;][vc_single_image image=&#8221;3763&#8243; img_size=&#8221;320&#215;320&#8243; alignment=&#8221;right&#8221; style=&#8221;vc_box_shadow_border_circle&#8221; css=&#8221;&#8221;][\/vc_column_inner][\/vc_row_inner][\/vc_column][\/vc_row][vc_row center_row=&#8221;yes&#8221; el_class=&#8221;menucarousel&#8221; css=&#8221;.vc_custom_1582807539452{background-image: url(https:\/\/www.noatumlogistics.com\/wp-content\/uploads\/2016\/06\/fondo-directorio.jpg?id=1359) !important;background-position: center !important;background-repeat: no-repeat !important;background-size: cover !important;}&#8221;][vc_column el_class=&#8221;solcarousel&#8221;][vc_row_inner][vc_column_inner width=&#8221;1\/3&#8243;]<div class=\"zozo-parallax-header\"><div class=\"parallax-header\"><h2 class=\"parallax-title text-left text-none\">Mejoramos la eficiencia en el comercio internacional<\/h2><\/div><\/div>[\/vc_column_inner][vc_column_inner width=&#8221;1\/3&#8243; css=&#8221;.vc_custom_1724410473159{padding-top: 10px !important;}&#8221;][vc_column_text css=&#8221;&#8221;]En Noatum Logistics, trabajamos para convertirnos en tu aliado estrat\u00e9gico, asegurando un acompa\u00f1amiento continuo y eficiente en todas tus gestiones aduaneras:[\/vc_column_text][\/vc_column_inner][vc_column_inner width=&#8221;1\/3&#8243;][vc_column_text css=&#8221;&#8221;]<\/p>\n<ul>\n<li>Asesoramiento experto y personalizado.<\/li>\n<li>Respuesta r\u00e1pida y eficiente a tus consultas.<\/li>\n<li>Apoyo durante inspecciones y procesos aduaneros.<\/li>\n<\/ul>\n<p>[\/vc_column_text][\/vc_column_inner][\/vc_row_inner][\/vc_column][\/vc_row][vc_row css_animation=&#8221;left-to-right&#8221; center_row=&#8221;yes&#8221; opn_row_gutter=&#8221;100&#8243; el_id=&#8221;contactform&#8221; css=&#8221;.vc_custom_1582792022784{background-color: #f7f7f7 !important;}&#8221;][vc_column][vc_column_text css=&#8221;&#8221; el_class=&#8221;cert_nombre&#8221;]<\/p>\n<h2 style=\"text-align: center;\"><strong><span style=\"color: #aa272f; font-size: 28px;\">Por favor, cont\u00e1ctenos para m\u00e1s informaci\u00f3n<\/span><\/strong><\/h2>\n<p>[\/vc_column_text][vc_column_text]\n<div class=\"wpcf7 no-js\" id=\"wpcf7-f209-o1\" lang=\"es-ES\" dir=\"ltr\" data-wpcf7-id=\"209\">\n<div class=\"screen-reader-response\"><p role=\"status\" aria-live=\"polite\" aria-atomic=\"true\"><\/p> <ul><\/ul><\/div>\n<form action=\"\/esp\/wp-json\/wp\/v2\/pages\/3762#wpcf7-f209-o1\" method=\"post\" class=\"wpcf7-form init\" aria-label=\"Formulario de contacto\" novalidate=\"novalidate\" data-status=\"init\">\n<fieldset class=\"hidden-fields-container\"><input type=\"hidden\" name=\"_wpcf7\" value=\"209\" \/><input type=\"hidden\" name=\"_wpcf7_version\" value=\"6.1.5\" \/><input type=\"hidden\" name=\"_wpcf7_locale\" value=\"es_ES\" \/><input type=\"hidden\" name=\"_wpcf7_unit_tag\" value=\"wpcf7-f209-o1\" \/><input type=\"hidden\" name=\"_wpcf7_container_post\" value=\"0\" \/><input type=\"hidden\" name=\"_wpcf7_posted_data_hash\" value=\"\" \/><input type=\"hidden\" name=\"_wpcf7dtx_version\" value=\"5.0.5\" \/><input type=\"hidden\" name=\"_wpcf7_recaptcha_response\" value=\"\" \/>\n<\/fieldset>\n<div class=\"row\">\n\t<div class=\"col-md-12\">\n\t<div class=\"wpcf7-response-output\" aria-hidden=\"true\"><\/div>\n\t<\/div>\n<\/div>\n<p style=\"font-size: 12px; font-weight:400; \">Todos los campos son obligatorios.\n<\/p>\n<div class=\"row\">\n\t<div class=\"col-md-6\">\n\t\t<p><span class=\"wpcf7-form-control-wrap\" data-name=\"tu-nombre\"><input size=\"40\" maxlength=\"400\" class=\"wpcf7-form-control wpcf7-text wpcf7-validates-as-required\" aria-required=\"true\" aria-invalid=\"false\" placeholder=\"Nombre\" value=\"\" type=\"text\" name=\"tu-nombre\" \/><\/span>\n\t\t<\/p>\n\t\t<p><span class=\"wpcf7-form-control-wrap\" data-name=\"tu-Empresa\"><input size=\"40\" maxlength=\"400\" class=\"wpcf7-form-control wpcf7-text wpcf7-validates-as-required\" aria-required=\"true\" aria-invalid=\"false\" placeholder=\"Empresa\" value=\"\" type=\"text\" name=\"tu-Empresa\" \/><\/span>\n\t\t<\/p>\n\t\t<p><span class=\"wpcf7-form-control-wrap\" data-name=\"tel-564\"><input size=\"40\" maxlength=\"400\" class=\"wpcf7-form-control wpcf7-tel wpcf7-validates-as-required wpcf7-text wpcf7-validates-as-tel\" aria-required=\"true\" aria-invalid=\"false\" placeholder=\"Tel\u00e9fono\" value=\"\" type=\"tel\" name=\"tel-564\" \/><\/span>\n\t\t<\/p>\n\t<\/div>\n\t<div class=\"col-md-6\">\n\t\t<p><span class=\"wpcf7-form-control-wrap\" data-name=\"tu-email\"><input size=\"40\" maxlength=\"400\" class=\"wpcf7-form-control wpcf7-email wpcf7-validates-as-required wpcf7-text wpcf7-validates-as-email\" aria-required=\"true\" aria-invalid=\"false\" placeholder=\"Email\" value=\"\" type=\"email\" name=\"tu-email\" \/><\/span>\n\t\t<\/p>\n\t<span class=\"wpcf7-form-control-wrap recipient-email\" data-name=\"recipient-email\"><input type=\"hidden\" name=\"recipient-email\" class=\"wpcf7-form-control wpcf7-hidden wpcf7dtx wpcf7dtx-hidden\" aria-invalid=\"false\" value=\"&#105;&#110;&#102;&#111;&#064;&#110;&#111;&#097;&#116;&#117;&#109;&#108;&#111;&#103;&#105;&#115;&#116;&#105;&#099;&#115;&#046;&#099;&#111;&#109;\"><\/span>\n\t\t<p><span class=\"wpcf7-form-control-wrap\" data-name=\"your-message\"><textarea cols=\"40\" rows=\"10\" maxlength=\"2000\" class=\"wpcf7-form-control wpcf7-textarea\" aria-invalid=\"false\" placeholder=\"Mensaje\" name=\"your-message\"><\/textarea><\/span>\n\t\t<\/p>\n\t<\/div>\n<\/div>\n<div class=\"row\">\n\t<div class=\"col-md-12 legalnotice\">\n\t\t<p style=\"font-weight: 300;font-size: 12px;line-height: 1.5em;margin-top: 10px;\">Noatum Holdings S.L.U., con domicilio en la Avenida de Italia n\u00ba2 (CTC), de Coslada (Madrid, Espa\u00f1a), utiliza con su consentimiento los datos personales consignados para responder a su solicitud, envi\u00e1ndolos a la empresa del grupo Noatum m\u00e1s indicada para ello. No se conservar\u00e1n m\u00e1s all\u00e1 del tiempo necesario para responderle. Si acepta la recepci\u00f3n de publicidad de nuestros servicios marcando la casilla correspondiente los conservaremos en tanto no manifieste su voluntad en contrario.\n\t\t<\/p>\n\t\t<p style=\"font-weight: 300;font-size: 12px;line-height: 1.5em; margin-top: 5px;\">Puede contactar con el delegado de protecci\u00f3n de datos en (<a href=\"mailto:dpo@noatum.com\">dpo@noatum.com<\/a>). Si considera que sus derechos han sido vulnerados, puede interponer una reclamaci\u00f3n ante la Agencia Espa\u00f1ola de Protecci\u00f3n de Datos. Si lo desea, puede retirar su consentimiento y ejercer los derechos de acceso, rectificaci\u00f3n, supresi\u00f3n, oposici\u00f3n y limitaci\u00f3n en cualquier momento dirigi\u00e9ndose al correo (<a href=\"mailto:dpo@noatum.com\">dpo@noatum.com<\/a>).\n\t\t<\/p>\n\t<\/div>\n<\/div>\n<div class=\"row\" style=\"margin-top: 10px; margin-bottom: 15px;\">\n\t<div class=\"col-md-12\">\n\t\t<p><span class=\"wpcf7-form-control-wrap\" data-name=\"acceptance-182\"><span class=\"wpcf7-form-control wpcf7-acceptance\"><span class=\"wpcf7-list-item\"><label><input type=\"checkbox\" name=\"acceptance-182\" value=\"1\" aria-invalid=\"false\" \/><span class=\"wpcf7-list-item-label\">Acepto la recepci\u00f3n de publicidad de los servicios del grupo Noatum en mi direcci\u00f3n de correo electr\u00f3nico.<\/span><\/label><\/span><\/span><\/span>\n\t\t<\/p>\n\t<\/div>\n<\/div>\n<div class=\"row\">\n\t<div class=\"col-md-12\">\n\t\t<p><input class=\"wpcf7-form-control wpcf7-submit has-spinner\" type=\"submit\" value=\"Enviar\" \/>\n\t\t<\/p>\n\t<\/div>\n<\/div>\n<\/form>\n<\/div>\n[\/vc_column_text][\/vc_column][\/vc_row]<\/p>\n<\/div>","protected":false},"excerpt":{"rendered":"<p>[vc_row center_row=&#8221;yes&#8221; bg_overlay=&#8221;yes&#8221; typo_style=&#8221;light&#8221; css=&#8221;.vc_custom_1724423252505{padding-top: 120px !important;padding-bottom: 120px !important;background-image: url(https:\/\/www.noatumlogistics.com\/wp-content\/uploads\/2024\/08\/Noatum-Logistics_Solutions_Global-trade-management_Agreement-programme_1.jpg?id=20242) !important;background-position: center !important;background-repeat: no-repeat !important;background-size: cover !important;}&#8221; el_class=&#8221;primerafila&#8221;][vc_column][vc_btn title=&#8221;Contacto&#8221; link=&#8221;url:%23contactform|&#8221;][\/vc_column][\/vc_row][vc_row center_row=&#8221;yes&#8221; el_class=&#8221;menucarousel&#8221; css=&#8221;.vc_custom_1582807539452{background-image: url(https:\/\/www.noatumlogistics.com\/wp-content\/uploads\/2016\/06\/fondo-directorio.jpg?id=1359) !important;background-position: center !important;background-repeat: no-repeat !important;background-size: cover&#8230;<\/p>\n","protected":false},"author":12,"featured_media":0,"parent":3712,"menu_order":0,"comment_status":"closed","ping_status":"closed","template":"template-fullwidth.php","meta":{"footnotes":""},"class_list":["post-3762","page","type-page","status-publish","hentry"],"yoast_head":"<!-- This site is optimized with the Yoast SEO plugin v27.3 - https:\/\/yoast.com\/product\/yoast-seo-wordpress\/ -->\n<title>Consultor\u00eda aduanera especializada | Noatum Logistics<\/title>\n<meta name=\"description\" content=\"Ofrecemos servicios especializados de consultor\u00eda para resolver cualquier duda o necesidad relacionada con temas aduaneros.\" \/>\n<meta name=\"robots\" content=\"index, follow, max-snippet:-1, max-image-preview:large, max-video-preview:-1\" \/>\n<link rel=\"canonical\" href=\"https:\/\/www.noatumlogistics.com\/esp\/consultoria-comercio-internacional\/consultoria-aduanera\/\" \/>\n<meta property=\"og:locale\" content=\"es_ES\" \/>\n<meta property=\"og:type\" content=\"article\" \/>\n<meta property=\"og:title\" content=\"Consultor\u00eda aduanera especializada | Noatum Logistics\" \/>\n<meta property=\"og:description\" content=\"Ofrecemos servicios especializados de consultor\u00eda para resolver cualquier duda o necesidad relacionada con temas aduaneros.\" \/>\n<meta property=\"og:url\" content=\"https:\/\/www.noatumlogistics.com\/esp\/consultoria-comercio-internacional\/consultoria-aduanera\/\" \/>\n<meta property=\"og:site_name\" content=\"Espa\u00f1a\" \/>\n<meta property=\"article:modified_time\" content=\"2025-01-15T15:48:05+00:00\" \/>\n<meta name=\"twitter:card\" content=\"summary_large_image\" \/>\n<meta name=\"twitter:label1\" content=\"Tiempo de lectura\" \/>\n\t<meta name=\"twitter:data1\" content=\"2 minutos\" \/>\n<script type=\"application\/ld+json\" class=\"yoast-schema-graph\">{\"@context\":\"https:\\\/\\\/schema.org\",\"@graph\":[{\"@type\":\"WebPage\",\"@id\":\"https:\\\/\\\/www.noatumlogistics.com\\\/esp\\\/consultoria-comercio-internacional\\\/consultoria-aduanera\\\/\",\"url\":\"https:\\\/\\\/www.noatumlogistics.com\\\/esp\\\/consultoria-comercio-internacional\\\/consultoria-aduanera\\\/\",\"name\":\"Consultor\u00eda aduanera especializada | Noatum Logistics\",\"isPartOf\":{\"@id\":\"https:\\\/\\\/www.noatumlogistics.com\\\/esp\\\/#website\"},\"datePublished\":\"2024-10-25T13:48:38+00:00\",\"dateModified\":\"2025-01-15T15:48:05+00:00\",\"description\":\"Ofrecemos servicios especializados de consultor\u00eda para resolver cualquier duda o necesidad relacionada con temas aduaneros.\",\"breadcrumb\":{\"@id\":\"https:\\\/\\\/www.noatumlogistics.com\\\/esp\\\/consultoria-comercio-internacional\\\/consultoria-aduanera\\\/#breadcrumb\"},\"inLanguage\":\"es\",\"potentialAction\":[{\"@type\":\"ReadAction\",\"target\":[\"https:\\\/\\\/www.noatumlogistics.com\\\/esp\\\/consultoria-comercio-internacional\\\/consultoria-aduanera\\\/\"]}]},{\"@type\":\"BreadcrumbList\",\"@id\":\"https:\\\/\\\/www.noatumlogistics.com\\\/esp\\\/consultoria-comercio-internacional\\\/consultoria-aduanera\\\/#breadcrumb\",\"itemListElement\":[{\"@type\":\"ListItem\",\"position\":1,\"name\":\"Home\",\"item\":\"https:\\\/\\\/www.noatumlogistics.com\\\/esp\\\/\"},{\"@type\":\"ListItem\",\"position\":2,\"name\":\"Consultor\u00eda en comercio internacional\",\"item\":\"https:\\\/\\\/www.noatumlogistics.com\\\/esp\\\/consultoria-comercio-internacional\\\/\"},{\"@type\":\"ListItem\",\"position\":3,\"name\":\"Consultor\u00eda aduanera\"}]},{\"@type\":\"WebSite\",\"@id\":\"https:\\\/\\\/www.noatumlogistics.com\\\/esp\\\/#website\",\"url\":\"https:\\\/\\\/www.noatumlogistics.com\\\/esp\\\/\",\"name\":\"Espa\u00f1a\",\"description\":\"Just another Noatum Logistics site\",\"potentialAction\":[{\"@type\":\"SearchAction\",\"target\":{\"@type\":\"EntryPoint\",\"urlTemplate\":\"https:\\\/\\\/www.noatumlogistics.com\\\/esp\\\/?s={search_term_string}\"},\"query-input\":{\"@type\":\"PropertyValueSpecification\",\"valueRequired\":true,\"valueName\":\"search_term_string\"}}],\"inLanguage\":\"es\"}]}<\/script>\n<!-- \/ Yoast SEO plugin. -->","yoast_head_json":{"title":"Consultor\u00eda aduanera especializada | Noatum Logistics","description":"Ofrecemos servicios especializados de consultor\u00eda para resolver cualquier duda o necesidad relacionada con temas aduaneros.","robots":{"index":"index","follow":"follow","max-snippet":"max-snippet:-1","max-image-preview":"max-image-preview:large","max-video-preview":"max-video-preview:-1"},"canonical":"https:\/\/www.noatumlogistics.com\/esp\/consultoria-comercio-internacional\/consultoria-aduanera\/","og_locale":"es_ES","og_type":"article","og_title":"Consultor\u00eda aduanera especializada | Noatum Logistics","og_description":"Ofrecemos servicios especializados de consultor\u00eda para resolver cualquier duda o necesidad relacionada con temas aduaneros.","og_url":"https:\/\/www.noatumlogistics.com\/esp\/consultoria-comercio-internacional\/consultoria-aduanera\/","og_site_name":"Espa\u00f1a","article_modified_time":"2025-01-15T15:48:05+00:00","twitter_card":"summary_large_image","twitter_misc":{"Tiempo de lectura":"2 minutos"},"schema":{"@context":"https:\/\/schema.org","@graph":[{"@type":"WebPage","@id":"https:\/\/www.noatumlogistics.com\/esp\/consultoria-comercio-internacional\/consultoria-aduanera\/","url":"https:\/\/www.noatumlogistics.com\/esp\/consultoria-comercio-internacional\/consultoria-aduanera\/","name":"Consultor\u00eda aduanera especializada | Noatum Logistics","isPartOf":{"@id":"https:\/\/www.noatumlogistics.com\/esp\/#website"},"datePublished":"2024-10-25T13:48:38+00:00","dateModified":"2025-01-15T15:48:05+00:00","description":"Ofrecemos servicios especializados de consultor\u00eda para resolver cualquier duda o necesidad relacionada con temas aduaneros.","breadcrumb":{"@id":"https:\/\/www.noatumlogistics.com\/esp\/consultoria-comercio-internacional\/consultoria-aduanera\/#breadcrumb"},"inLanguage":"es","potentialAction":[{"@type":"ReadAction","target":["https:\/\/www.noatumlogistics.com\/esp\/consultoria-comercio-internacional\/consultoria-aduanera\/"]}]},{"@type":"BreadcrumbList","@id":"https:\/\/www.noatumlogistics.com\/esp\/consultoria-comercio-internacional\/consultoria-aduanera\/#breadcrumb","itemListElement":[{"@type":"ListItem","position":1,"name":"Home","item":"https:\/\/www.noatumlogistics.com\/esp\/"},{"@type":"ListItem","position":2,"name":"Consultor\u00eda en comercio internacional","item":"https:\/\/www.noatumlogistics.com\/esp\/consultoria-comercio-internacional\/"},{"@type":"ListItem","position":3,"name":"Consultor\u00eda aduanera"}]},{"@type":"WebSite","@id":"https:\/\/www.noatumlogistics.com\/esp\/#website","url":"https:\/\/www.noatumlogistics.com\/esp\/","name":"Espa\u00f1a","description":"Just another Noatum Logistics site","potentialAction":[{"@type":"SearchAction","target":{"@type":"EntryPoint","urlTemplate":"https:\/\/www.noatumlogistics.com\/esp\/?s={search_term_string}"},"query-input":{"@type":"PropertyValueSpecification","valueRequired":true,"valueName":"search_term_string"}}],"inLanguage":"es"}]}},"_links":{"self":[{"href":"https:\/\/www.noatumlogistics.com\/esp\/wp-json\/wp\/v2\/pages\/3762","targetHints":{"allow":["GET"]}}],"collection":[{"href":"https:\/\/www.noatumlogistics.com\/esp\/wp-json\/wp\/v2\/pages"}],"about":[{"href":"https:\/\/www.noatumlogistics.com\/esp\/wp-json\/wp\/v2\/types\/page"}],"author":[{"embeddable":true,"href":"https:\/\/www.noatumlogistics.com\/esp\/wp-json\/wp\/v2\/users\/12"}],"replies":[{"embeddable":true,"href":"https:\/\/www.noatumlogistics.com\/esp\/wp-json\/wp\/v2\/comments?post=3762"}],"version-history":[{"count":4,"href":"https:\/\/www.noatumlogistics.com\/esp\/wp-json\/wp\/v2\/pages\/3762\/revisions"}],"predecessor-version":[{"id":4336,"href":"https:\/\/www.noatumlogistics.com\/esp\/wp-json\/wp\/v2\/pages\/3762\/revisions\/4336"}],"up":[{"embeddable":true,"href":"https:\/\/www.noatumlogistics.com\/esp\/wp-json\/wp\/v2\/pages\/3712"}],"wp:attachment":[{"href":"https:\/\/www.noatumlogistics.com\/esp\/wp-json\/wp\/v2\/media?parent=3762"}],"curies":[{"name":"wp","href":"https:\/\/api.w.org\/{rel}","templated":true}]}}