{"id":1075,"date":"2016-08-17T00:53:16","date_gmt":"2016-08-17T00:53:16","guid":{"rendered":"https:\/\/www.noatumlogistics.com\/esp\/tipo-de-contenedores-maritimos-reefer\/"},"modified":"2016-08-17T00:53:16","modified_gmt":"2016-08-17T00:53:16","slug":"tipo-de-contenedores-maritimos-reefer","status":"publish","type":"page","link":"https:\/\/www.noatumlogistics.com\/esp\/tipo-de-contenedores-maritimos-reefer\/","title":{"rendered":"Tipo de Contenedores Mar\u00edtimos &#8211; Reefer"},"content":{"rendered":"<div class=\"wpb-content-wrapper\"><p>[vc_row center_row=&#8221;yes&#8221; opn_row_id=&#8221;somos&#8221; opn_row_gutter=&#8221;70&#8243; css=&#8221;.vc_custom_1470769969354{background-image: url(https:\/\/www.noatumlogistics.com\/wp-content\/uploads\/2016\/06\/fondo-directorio-2.jpg?id=1367) !important;}&#8221;][vc_column css=&#8221;.vc_custom_1470771386196{margin-bottom: -20px !important;}&#8221;]<div id=\"ult-easy-separator-300560258269d11b64e66f8\" class=\"ult-easy-separator-wrapper ult-responsive ult-top-easy-separator  \" style=\"\" data-vc-row=\"wpb_row\"  data-ultimate-target='#ult-easy-separator-300560258269d11b64e66f8'  data-responsive-json-new='{\"width\":\"\"}' ><div class=\"ult-easy-separator-inner-wrapper\"><div class=\"ult-no-animation\" style=\"opacity:0;\"   ><img decoding=\"async\" class=\"ult-easy-separator-img\" alt=\"null\" src=\"https:\/\/www.noatumlogistics.com\/wp-content\/uploads\/2016\/04\/arrowdown-1.png\" \/><a href=\"#direccion\" ><\/a><\/div><\/div><\/div><div class=\"zozo-parallax-header\"><div class=\"parallax-header\"><h5 class=\"parallax-title text-center text-capitalize\" style=\"font-size:16px;margin:0px 0px 0px 0px;\">HERRAMIENTAS<\/h5><div class=\"parallax-desc default-style text-center\"><h3 style=\"color: #af2626; margin-top: 20px; text-align: center;\">Tipo de Contenedores Maritimos\u00a0&#8211;\u00a0Reefer<\/h3>\n<div class=\"menu-container-type-maritime-container\"><ul id=\"menu-container-type-maritime\" class=\"menu navcontainerstype\"><li id=\"menu-item-1101\" class=\"menu-item menu-item-type-post_type menu-item-object-page menu-item-1101\"><a href=\"https:\/\/www.noatumlogistics.com\/esp\/tipo-de-contenedores-maritimos-estandar\/\">Estandar<\/a><\/li>\n<li id=\"menu-item-1107\" class=\"menu-item menu-item-type-post_type menu-item-object-page menu-item-1107\"><a href=\"https:\/\/www.noatumlogistics.com\/esp\/tipo-de-contenedores-maritimos-open-top\/\">Open Top<\/a><\/li>\n<li id=\"menu-item-1099\" class=\"menu-item menu-item-type-post_type menu-item-object-page menu-item-1099\"><a href=\"https:\/\/www.noatumlogistics.com\/esp\/tipo-de-contenedores-maritimos-reefer\/\">Reefer<\/a><\/li>\n<li id=\"menu-item-1102\" class=\"menu-item menu-item-type-post_type menu-item-object-page menu-item-1102\"><a href=\"https:\/\/www.noatumlogistics.com\/esp\/tipo-de-contenedores-maritimos-aislantes\/\">Aislantes<\/a><\/li>\n<li id=\"menu-item-1098\" class=\"menu-item menu-item-type-post_type menu-item-object-page menu-item-1098\"><a href=\"https:\/\/www.noatumlogistics.com\/esp\/tipo-de-contenedores-maritimos-tanques\/\">Tanques<\/a><\/li>\n<li id=\"menu-item-1097\" class=\"menu-item menu-item-type-post_type menu-item-object-page menu-item-1097\"><a href=\"https:\/\/www.noatumlogistics.com\/esp\/tipo-de-contenedores-maritimos-flattracks\/\">Flat Racks<\/a><\/li>\n<li id=\"menu-item-1100\" class=\"menu-item menu-item-type-post_type menu-item-object-page menu-item-1100\"><a href=\"https:\/\/www.noatumlogistics.com\/esp\/tipo-de-contenedores-maritimos-plataforma\/\">Plataforma<\/a><\/li>\n<\/ul><\/div>\n<\/div><\/div><\/div>[\/vc_column][\/vc_row][vc_row match_height=&#8221;yes&#8221; center_row=&#8221;yes&#8221;][vc_column][vc_column_text]<\/p>\n<table border=\"0\" width=\"100%\" cellspacing=\"0\" cellpadding=\"5\">\n<tbody>\n<tr>\n<td style=\"color: #ffffff;\" colspan=\"8\" bgcolor=\"#00305e\" height=\"10\">Contenedor Reefer. Contenedor con Control de Temperatura. 20&#8242; x 8&#8242; x 8&#8217;6<\/td>\n<\/tr>\n<tr>\n<td colspan=\"8\" height=\"10\">Con equipo propio de generaci\u00f3n de fr\u00edo. Dise\u00f1ados para el transporte de carga que requiere temperaturas constantes sobre bajo cero. Ejemplo: carne, pescado, frutas, etc.<\/td>\n<\/tr>\n<tr>\n<td bgcolor=\"#efefef\" height=\"20\">Dimensiones<\/td>\n<td bgcolor=\"#efefef\" height=\"20\"><\/td>\n<td bgcolor=\"#efefef\" height=\"20\">Largo<\/td>\n<td bgcolor=\"#efefef\">5,444 mm<\/td>\n<td bgcolor=\"#efefef\" height=\"20\">Ancho<\/td>\n<td bgcolor=\"#efefef\" height=\"20\">2,268 mm<\/td>\n<td bgcolor=\"#efefef\" height=\"20\">Alto<\/td>\n<td bgcolor=\"#efefef\" height=\"20\">2,272 mm<\/td>\n<\/tr>\n<tr>\n<td height=\"10\">Apertura puerta<\/td>\n<td height=\"10\"><\/td>\n<td colspan=\"2\" rowspan=\"3\">\u00a0<img loading=\"lazy\" decoding=\"async\" class=\"size-full wp-image-1078 aligncenter\" src=\"https:\/\/www.noatumlogistics.com\/esp\/wp-content\/uploads\/sites\/7\/2020\/06\/refrigerados_20x8x8-6.gif\" alt=\"refrigerados_20x8x8-6\" width=\"186\" height=\"85\" \/><\/td>\n<td height=\"10\">Ancho<\/td>\n<td height=\"10\">2,276 mm<\/td>\n<td height=\"10\">Alto<\/td>\n<td height=\"10\">2,261 mm<\/td>\n<\/tr>\n<tr>\n<td bgcolor=\"#efefef\" height=\"20\">Tara<\/td>\n<td bgcolor=\"#efefef\" height=\"20\">3,080 kg<\/td>\n<td colspan=\"2\" bgcolor=\"#EFEFEF\" height=\"20\">Capacidad<\/td>\n<td bgcolor=\"#EFEFEF\" height=\"20\">28.1 m3<\/td>\n<td bgcolor=\"#EFEFEF\" height=\"20\"><\/td>\n<\/tr>\n<tr>\n<td height=\"20\">Peso bruto m\u00e1ximo de carga<\/td>\n<td height=\"20\">30,480 kg<\/td>\n<td colspan=\"2\" height=\"20\">Peso bruto m\u00e1ximo total<\/td>\n<td height=\"20\">32,480 kg<\/td>\n<td height=\"20\"><\/td>\n<\/tr>\n<\/tbody>\n<\/table>\n<p>[\/vc_column_text][\/vc_column][\/vc_row][vc_row match_height=&#8221;yes&#8221; center_row=&#8221;yes&#8221; css=&#8221;.vc_custom_1471445453521{padding-top: 40px !important;}&#8221;][vc_column][vc_column_text]<\/p>\n<table border=\"0\" width=\"100%\" cellspacing=\"0\" cellpadding=\"5\">\n<tbody>\n<tr>\n<td style=\"color: #ffffff;\" colspan=\"8\" bgcolor=\"#00305e\" height=\"10\">Contenedor Reefer. Contenedor con Control de Temperatura. REEFER 40&#8242; x 8&#8242; x 8&#8217;6<\/td>\n<\/tr>\n<tr>\n<td colspan=\"8\" height=\"10\">Con equipo propio de generaci\u00f3n de fr\u00edo. Dise\u00f1ados para el transporte de carga que requiere temperaturas constantes sobre bajo cero. Ejemplo: carne, pescado, frutas, etc.<\/td>\n<\/tr>\n<tr>\n<td bgcolor=\"#efefef\" height=\"20\">Dimensiones<\/td>\n<td bgcolor=\"#efefef\" height=\"20\"><\/td>\n<td bgcolor=\"#efefef\" height=\"20\">Largo<\/td>\n<td bgcolor=\"#efefef\">11,561\u00a0mm<\/td>\n<td bgcolor=\"#efefef\" height=\"20\">Ancho<\/td>\n<td bgcolor=\"#efefef\" height=\"20\">2,280 mm<\/td>\n<td bgcolor=\"#efefef\" height=\"20\">Alto<\/td>\n<td bgcolor=\"#efefef\" height=\"20\">2,249\u00a0mm<\/td>\n<\/tr>\n<tr>\n<td height=\"10\">Apertura puerta<\/td>\n<td height=\"10\"><\/td>\n<td colspan=\"2\" rowspan=\"3\">\u00a0<img loading=\"lazy\" decoding=\"async\" class=\"size-full wp-image-1076 aligncenter\" src=\"https:\/\/www.noatumlogistics.com\/esp\/wp-content\/uploads\/sites\/7\/2020\/06\/refrigerados_40x8x8-6.gif\" alt=\"refrigerados_40x8x8-6\" width=\"186\" height=\"85\" \/><\/td>\n<td height=\"10\">Ancho<\/td>\n<td height=\"10\">2,280\u00a0mm<\/td>\n<td height=\"10\">Alto<\/td>\n<td height=\"10\">2,205\u00a0mm<\/td>\n<\/tr>\n<tr>\n<td bgcolor=\"#efefef\" height=\"20\">Tara<\/td>\n<td bgcolor=\"#efefef\" height=\"20\">4,800\u00a0kg<\/td>\n<td colspan=\"2\" bgcolor=\"#EFEFEF\" height=\"20\">Capacidad<\/td>\n<td bgcolor=\"#EFEFEF\" height=\"20\">59.3\u00a0m3<\/td>\n<td bgcolor=\"#EFEFEF\" height=\"20\"><\/td>\n<\/tr>\n<tr>\n<td height=\"20\">Peso bruto m\u00e1ximo de carga<\/td>\n<td height=\"20\">27,700\u00a0kg<\/td>\n<td colspan=\"2\" height=\"20\">Peso bruto m\u00e1ximo total<\/td>\n<td height=\"20\">32,500\u00a0kg<\/td>\n<td height=\"20\"><\/td>\n<\/tr>\n<\/tbody>\n<\/table>\n<p>[\/vc_column_text][\/vc_column][\/vc_row][vc_row match_height=&#8221;yes&#8221; center_row=&#8221;yes&#8221; css=&#8221;.vc_custom_1471445468200{padding-top: 40px !important;}&#8221;][vc_column][vc_column_text]<\/p>\n<table border=\"0\" width=\"100%\" cellspacing=\"0\" cellpadding=\"5\">\n<tbody>\n<tr>\n<td style=\"color: #ffffff;\" colspan=\"8\" bgcolor=\"#00305e\" height=\"10\">Contenedor Reefer. Contenedor con Control de Temperatura. HIGH CUBE REEFER 40&#8242; x 8&#8242; x 9&#8217;6<\/td>\n<\/tr>\n<tr>\n<td colspan=\"8\" height=\"10\">Con equipo propio de generaci\u00f3n de fr\u00edo. Dise\u00f1ados para el transporte de carga que requiere temperaturas constantes sobre bajo cero. Ejemplo: carne, pescado, frutas, etc.<\/td>\n<\/tr>\n<tr>\n<td bgcolor=\"#efefef\" height=\"20\">Dimensiones<\/td>\n<td bgcolor=\"#efefef\" height=\"20\"><\/td>\n<td bgcolor=\"#efefef\" height=\"20\">Largo<\/td>\n<td bgcolor=\"#efefef\">11,561\u00a0mm<\/td>\n<td bgcolor=\"#efefef\" height=\"20\">Ancho<\/td>\n<td bgcolor=\"#efefef\" height=\"20\">2,268 mm<\/td>\n<td bgcolor=\"#efefef\" height=\"20\">Alto<\/td>\n<td bgcolor=\"#efefef\" height=\"20\">2,553 mm<\/td>\n<\/tr>\n<tr>\n<td height=\"10\">Apertura puerta<\/td>\n<td height=\"10\"><\/td>\n<td colspan=\"2\" rowspan=\"3\">\u00a0<img loading=\"lazy\" decoding=\"async\" class=\"size-full wp-image-1076 aligncenter\" src=\"https:\/\/www.noatumlogistics.com\/esp\/wp-content\/uploads\/sites\/7\/2020\/06\/refrigerados_40x8x8-6.gif\" alt=\"refrigerados_40x8x8-6\" width=\"186\" height=\"85\" \/><\/td>\n<td height=\"10\">Ancho<\/td>\n<td height=\"10\">2,276 mm<\/td>\n<td height=\"10\">Alto<\/td>\n<td height=\"10\">2,501 mm<\/td>\n<\/tr>\n<tr>\n<td bgcolor=\"#efefef\" height=\"20\">Tara<\/td>\n<td bgcolor=\"#efefef\" height=\"20\">4,850\u00a0kg<\/td>\n<td colspan=\"2\" bgcolor=\"#EFEFEF\" height=\"20\">Capacidad<\/td>\n<td bgcolor=\"#EFEFEF\" height=\"20\">67\u00a0m3<\/td>\n<td bgcolor=\"#EFEFEF\" height=\"20\"><\/td>\n<\/tr>\n<tr>\n<td height=\"20\">Peso bruto m\u00e1ximo de carga<\/td>\n<td height=\"20\">29,150 kg<\/td>\n<td colspan=\"2\" height=\"20\">Peso bruto m\u00e1ximo total<\/td>\n<td height=\"20\">34,000 kg<\/td>\n<td height=\"20\"><\/td>\n<\/tr>\n<\/tbody>\n<\/table>\n<p>[\/vc_column_text][\/vc_column][\/vc_row]<\/p>\n<\/div>","protected":false},"excerpt":{"rendered":"<p>[vc_row center_row=&#8221;yes&#8221; opn_row_id=&#8221;somos&#8221; opn_row_gutter=&#8221;70&#8243; css=&#8221;.vc_custom_1470769969354{background-image: url(https:\/\/www.noatumlogistics.com\/wp-content\/uploads\/2016\/06\/fondo-directorio-2.jpg?id=1367) !important;}&#8221;][vc_column css=&#8221;.vc_custom_1470771386196{margin-bottom: -20px !important;}&#8221;][\/vc_column][\/vc_row][vc_row match_height=&#8221;yes&#8221; center_row=&#8221;yes&#8221;][vc_column][vc_column_text] Contenedor Reefer. Contenedor con Control de Temperatura. 20&#8242; x 8&#8242; x 8&#8217;6 Con equipo propio de generaci\u00f3n de&#8230;<\/p>\n","protected":false},"author":1,"featured_media":0,"parent":0,"menu_order":0,"comment_status":"closed","ping_status":"closed","template":"template-fullwidth.php","meta":{"footnotes":""},"class_list":["post-1075","page","type-page","status-publish","hentry"],"yoast_head":"<!-- This site is optimized with the Yoast SEO plugin v27.3 - https:\/\/yoast.com\/product\/yoast-seo-wordpress\/ -->\n<title>Tipo de Contenedores Mar\u00edtimos - Reefer - Espa\u00f1a<\/title>\n<meta name=\"robots\" content=\"index, follow, max-snippet:-1, max-image-preview:large, max-video-preview:-1\" \/>\n<link rel=\"canonical\" href=\"https:\/\/www.noatumlogistics.com\/esp\/tipo-de-contenedores-maritimos-reefer\/\" \/>\n<meta property=\"og:locale\" content=\"es_ES\" \/>\n<meta property=\"og:type\" content=\"article\" \/>\n<meta property=\"og:title\" content=\"Tipo de Contenedores Mar\u00edtimos - Reefer - Espa\u00f1a\" \/>\n<meta property=\"og:description\" content=\"[vc_row center_row=&#8221;yes&#8221; opn_row_id=&#8221;somos&#8221; opn_row_gutter=&#8221;70&#8243; css=&#8221;.vc_custom_1470769969354{background-image: url(https:\/\/www.noatumlogistics.com\/wp-content\/uploads\/2016\/06\/fondo-directorio-2.jpg?id=1367) !important;}&#8221;][vc_column css=&#8221;.vc_custom_1470771386196{margin-bottom: -20px !important;}&#8221;][\/vc_column][\/vc_row][vc_row match_height=&#8221;yes&#8221; center_row=&#8221;yes&#8221;][vc_column][vc_column_text] Contenedor Reefer. Contenedor con Control de Temperatura. 20&#8242; x 8&#8242; x 8&#8217;6 Con equipo propio de generaci\u00f3n de...\" \/>\n<meta property=\"og:url\" content=\"https:\/\/www.noatumlogistics.com\/esp\/tipo-de-contenedores-maritimos-reefer\/\" \/>\n<meta property=\"og:site_name\" content=\"Espa\u00f1a\" \/>\n<meta property=\"og:image\" content=\"https:\/\/www.noatumlogistics.com\/esp\/wp-content\/uploads\/sites\/7\/2020\/06\/refrigerados_20x8x8-6.gif\" \/>\n<meta name=\"twitter:card\" content=\"summary_large_image\" \/>\n<meta name=\"twitter:label1\" content=\"Tiempo de lectura\" \/>\n\t<meta name=\"twitter:data1\" content=\"2 minutos\" \/>\n<script type=\"application\/ld+json\" class=\"yoast-schema-graph\">{\"@context\":\"https:\\\/\\\/schema.org\",\"@graph\":[{\"@type\":\"WebPage\",\"@id\":\"https:\\\/\\\/www.noatumlogistics.com\\\/esp\\\/tipo-de-contenedores-maritimos-reefer\\\/\",\"url\":\"https:\\\/\\\/www.noatumlogistics.com\\\/esp\\\/tipo-de-contenedores-maritimos-reefer\\\/\",\"name\":\"Tipo de Contenedores Mar\u00edtimos - Reefer - Espa\u00f1a\",\"isPartOf\":{\"@id\":\"https:\\\/\\\/www.noatumlogistics.com\\\/esp\\\/#website\"},\"primaryImageOfPage\":{\"@id\":\"https:\\\/\\\/www.noatumlogistics.com\\\/esp\\\/tipo-de-contenedores-maritimos-reefer\\\/#primaryimage\"},\"image\":{\"@id\":\"https:\\\/\\\/www.noatumlogistics.com\\\/esp\\\/tipo-de-contenedores-maritimos-reefer\\\/#primaryimage\"},\"thumbnailUrl\":\"https:\\\/\\\/www.noatumlogistics.com\\\/esp\\\/wp-content\\\/uploads\\\/sites\\\/7\\\/2020\\\/06\\\/refrigerados_20x8x8-6.gif\",\"datePublished\":\"2016-08-17T00:53:16+00:00\",\"breadcrumb\":{\"@id\":\"https:\\\/\\\/www.noatumlogistics.com\\\/esp\\\/tipo-de-contenedores-maritimos-reefer\\\/#breadcrumb\"},\"inLanguage\":\"es\",\"potentialAction\":[{\"@type\":\"ReadAction\",\"target\":[\"https:\\\/\\\/www.noatumlogistics.com\\\/esp\\\/tipo-de-contenedores-maritimos-reefer\\\/\"]}]},{\"@type\":\"ImageObject\",\"inLanguage\":\"es\",\"@id\":\"https:\\\/\\\/www.noatumlogistics.com\\\/esp\\\/tipo-de-contenedores-maritimos-reefer\\\/#primaryimage\",\"url\":\"https:\\\/\\\/www.noatumlogistics.com\\\/esp\\\/wp-content\\\/uploads\\\/sites\\\/7\\\/2020\\\/06\\\/refrigerados_20x8x8-6.gif\",\"contentUrl\":\"https:\\\/\\\/www.noatumlogistics.com\\\/esp\\\/wp-content\\\/uploads\\\/sites\\\/7\\\/2020\\\/06\\\/refrigerados_20x8x8-6.gif\",\"width\":186,\"height\":85},{\"@type\":\"BreadcrumbList\",\"@id\":\"https:\\\/\\\/www.noatumlogistics.com\\\/esp\\\/tipo-de-contenedores-maritimos-reefer\\\/#breadcrumb\",\"itemListElement\":[{\"@type\":\"ListItem\",\"position\":1,\"name\":\"Home\",\"item\":\"https:\\\/\\\/www.noatumlogistics.com\\\/esp\\\/\"},{\"@type\":\"ListItem\",\"position\":2,\"name\":\"Tipo de Contenedores Mar\u00edtimos &#8211; Reefer\"}]},{\"@type\":\"WebSite\",\"@id\":\"https:\\\/\\\/www.noatumlogistics.com\\\/esp\\\/#website\",\"url\":\"https:\\\/\\\/www.noatumlogistics.com\\\/esp\\\/\",\"name\":\"Espa\u00f1a\",\"description\":\"Just another Noatum Logistics site\",\"potentialAction\":[{\"@type\":\"SearchAction\",\"target\":{\"@type\":\"EntryPoint\",\"urlTemplate\":\"https:\\\/\\\/www.noatumlogistics.com\\\/esp\\\/?s={search_term_string}\"},\"query-input\":{\"@type\":\"PropertyValueSpecification\",\"valueRequired\":true,\"valueName\":\"search_term_string\"}}],\"inLanguage\":\"es\"}]}<\/script>\n<!-- \/ Yoast SEO plugin. -->","yoast_head_json":{"title":"Tipo de Contenedores Mar\u00edtimos - Reefer - Espa\u00f1a","robots":{"index":"index","follow":"follow","max-snippet":"max-snippet:-1","max-image-preview":"max-image-preview:large","max-video-preview":"max-video-preview:-1"},"canonical":"https:\/\/www.noatumlogistics.com\/esp\/tipo-de-contenedores-maritimos-reefer\/","og_locale":"es_ES","og_type":"article","og_title":"Tipo de Contenedores Mar\u00edtimos - Reefer - Espa\u00f1a","og_description":"[vc_row center_row=&#8221;yes&#8221; opn_row_id=&#8221;somos&#8221; opn_row_gutter=&#8221;70&#8243; css=&#8221;.vc_custom_1470769969354{background-image: url(https:\/\/www.noatumlogistics.com\/wp-content\/uploads\/2016\/06\/fondo-directorio-2.jpg?id=1367) !important;}&#8221;][vc_column css=&#8221;.vc_custom_1470771386196{margin-bottom: -20px !important;}&#8221;][\/vc_column][\/vc_row][vc_row match_height=&#8221;yes&#8221; center_row=&#8221;yes&#8221;][vc_column][vc_column_text] Contenedor Reefer. Contenedor con Control de Temperatura. 20&#8242; x 8&#8242; x 8&#8217;6 Con equipo propio de generaci\u00f3n de...","og_url":"https:\/\/www.noatumlogistics.com\/esp\/tipo-de-contenedores-maritimos-reefer\/","og_site_name":"Espa\u00f1a","og_image":[{"url":"https:\/\/www.noatumlogistics.com\/esp\/wp-content\/uploads\/sites\/7\/2020\/06\/refrigerados_20x8x8-6.gif","type":"","width":"","height":""}],"twitter_card":"summary_large_image","twitter_misc":{"Tiempo de lectura":"2 minutos"},"schema":{"@context":"https:\/\/schema.org","@graph":[{"@type":"WebPage","@id":"https:\/\/www.noatumlogistics.com\/esp\/tipo-de-contenedores-maritimos-reefer\/","url":"https:\/\/www.noatumlogistics.com\/esp\/tipo-de-contenedores-maritimos-reefer\/","name":"Tipo de Contenedores Mar\u00edtimos - Reefer - Espa\u00f1a","isPartOf":{"@id":"https:\/\/www.noatumlogistics.com\/esp\/#website"},"primaryImageOfPage":{"@id":"https:\/\/www.noatumlogistics.com\/esp\/tipo-de-contenedores-maritimos-reefer\/#primaryimage"},"image":{"@id":"https:\/\/www.noatumlogistics.com\/esp\/tipo-de-contenedores-maritimos-reefer\/#primaryimage"},"thumbnailUrl":"https:\/\/www.noatumlogistics.com\/esp\/wp-content\/uploads\/sites\/7\/2020\/06\/refrigerados_20x8x8-6.gif","datePublished":"2016-08-17T00:53:16+00:00","breadcrumb":{"@id":"https:\/\/www.noatumlogistics.com\/esp\/tipo-de-contenedores-maritimos-reefer\/#breadcrumb"},"inLanguage":"es","potentialAction":[{"@type":"ReadAction","target":["https:\/\/www.noatumlogistics.com\/esp\/tipo-de-contenedores-maritimos-reefer\/"]}]},{"@type":"ImageObject","inLanguage":"es","@id":"https:\/\/www.noatumlogistics.com\/esp\/tipo-de-contenedores-maritimos-reefer\/#primaryimage","url":"https:\/\/www.noatumlogistics.com\/esp\/wp-content\/uploads\/sites\/7\/2020\/06\/refrigerados_20x8x8-6.gif","contentUrl":"https:\/\/www.noatumlogistics.com\/esp\/wp-content\/uploads\/sites\/7\/2020\/06\/refrigerados_20x8x8-6.gif","width":186,"height":85},{"@type":"BreadcrumbList","@id":"https:\/\/www.noatumlogistics.com\/esp\/tipo-de-contenedores-maritimos-reefer\/#breadcrumb","itemListElement":[{"@type":"ListItem","position":1,"name":"Home","item":"https:\/\/www.noatumlogistics.com\/esp\/"},{"@type":"ListItem","position":2,"name":"Tipo de Contenedores Mar\u00edtimos &#8211; Reefer"}]},{"@type":"WebSite","@id":"https:\/\/www.noatumlogistics.com\/esp\/#website","url":"https:\/\/www.noatumlogistics.com\/esp\/","name":"Espa\u00f1a","description":"Just another Noatum Logistics site","potentialAction":[{"@type":"SearchAction","target":{"@type":"EntryPoint","urlTemplate":"https:\/\/www.noatumlogistics.com\/esp\/?s={search_term_string}"},"query-input":{"@type":"PropertyValueSpecification","valueRequired":true,"valueName":"search_term_string"}}],"inLanguage":"es"}]}},"_links":{"self":[{"href":"https:\/\/www.noatumlogistics.com\/esp\/wp-json\/wp\/v2\/pages\/1075","targetHints":{"allow":["GET"]}}],"collection":[{"href":"https:\/\/www.noatumlogistics.com\/esp\/wp-json\/wp\/v2\/pages"}],"about":[{"href":"https:\/\/www.noatumlogistics.com\/esp\/wp-json\/wp\/v2\/types\/page"}],"author":[{"embeddable":true,"href":"https:\/\/www.noatumlogistics.com\/esp\/wp-json\/wp\/v2\/users\/1"}],"replies":[{"embeddable":true,"href":"https:\/\/www.noatumlogistics.com\/esp\/wp-json\/wp\/v2\/comments?post=1075"}],"version-history":[{"count":1,"href":"https:\/\/www.noatumlogistics.com\/esp\/wp-json\/wp\/v2\/pages\/1075\/revisions"}],"predecessor-version":[{"id":1080,"href":"https:\/\/www.noatumlogistics.com\/esp\/wp-json\/wp\/v2\/pages\/1075\/revisions\/1080"}],"wp:attachment":[{"href":"https:\/\/www.noatumlogistics.com\/esp\/wp-json\/wp\/v2\/media?parent=1075"}],"curies":[{"name":"wp","href":"https:\/\/api.w.org\/{rel}","templated":true}]}}