{"id":1020,"date":"2020-04-15T18:43:35","date_gmt":"2020-04-15T17:43:35","guid":{"rendered":"https:\/\/www.noatumlogistics.com\/esp\/logistica-ferrioviaria\/"},"modified":"2021-04-15T10:00:59","modified_gmt":"2021-04-15T10:00:59","slug":"logistica-ferrioviaria","status":"publish","type":"page","link":"https:\/\/www.noatumlogistics.com\/esp\/logistica-ferrioviaria\/","title":{"rendered":"Log\u00edstica de proyectos ferroviarios"},"content":{"rendered":"<div class=\"wpb-content-wrapper\"><p>[vc_row center_row=&#8221;yes&#8221; bg_overlay=&#8221;yes&#8221; typo_style=&#8221;light&#8221; min_height=&#8221;150&#8243; el_class=&#8221;redgradientbgtranss&#8221; css=&#8221;.vc_custom_1586850048507{background-image: url(https:\/\/www.noatumlogistics.com\/esp\/wp-content\/uploads\/sites\/7\/2020\/06\/rail-projects-logistics-banner.jpg?id=13521) !important;background-position: center !important;background-repeat: no-repeat !important;background-size: cover !important;}&#8221;][vc_column]<div class=\"zozo-parallax-header\"><div class=\"parallax-header\"><h1 class=\"parallax-title text-left\" style=\"font-size:34px;\">Log\u00edstica de proyectos ferroviarios<\/h1><div class=\"parallax-desc default-style text-left\"><p>Ofrecemos el mejor servicio a los fabricantes de equipamientos ferroviarios, con soluciones a medida y plena capacidad para abordar espec\u00edficamente cada una de las necesidades log\u00edsticas que surgen en esta industria.<\/p>\n<\/div><\/div><\/div>[vc_btn title=&#8221;Visitar Web&#8221; i_icon_fontawesome=&#8221;fas fa-external-link-alt&#8221; add_icon=&#8221;true&#8221; link=&#8221;url:https%3A%2F%2Fwww.noatum.com%2Frail-project-logistics%2F|target:%20_blank|&#8221;][\/vc_column][\/vc_row][vc_row content_placement=&#8221;middle&#8221; center_row=&#8221;yes&#8221; el_class=&#8221;VinetasRed&#8221; css=&#8221;.vc_custom_1583258489155{background-image: url(https:\/\/www.noatumlogistics.com\/wp-content\/uploads\/2020\/02\/fondo-directorio-2.jpg?id=9849) !important;background-position: center !important;background-repeat: no-repeat !important;background-size: cover !important;}&#8221;][vc_column][vc_row_inner][vc_column_inner width=&#8221;2\/3&#8243; offset=&#8221;vc_col-xs-12&#8243;]<div class=\"zozo-parallax-header\"><div class=\"parallax-header\"><h2 class=\"parallax-title text-left\">Un desaf\u00edo que podemos manejar con eficiencia y experiencia<\/h2><div class=\"parallax-desc default-style text-left\"><p>Noatum Logistics tiene una larga y probada trayectoria en log\u00edstica de proyectos ferroviarios complejos. Nuestro equipo especializado entiende a la perfecci\u00f3n el desaf\u00edo log\u00edstico que supone el transporte de vagones y locomotoras y otras cargas de gran tama\u00f1o.<\/p>\n<p>Tenemos las habilidades, los conocimientos y los recursos necesarios para gestionar el env\u00edo y la entrega de todo tipo de cargas pesadas y de gran tama\u00f1o y podemos proporcionar una gama completa de soluciones log\u00edsticas para estos proyectos tan complejos.<\/p>\n<\/div><\/div><\/div>[\/vc_column_inner][vc_column_inner width=&#8221;1\/3&#8243; offset=&#8221;vc_hidden-xs&#8221;][vc_single_image image=&#8221;1026&#8243; img_size=&#8221;320&#215;320&#8243; alignment=&#8221;right&#8221; style=&#8221;vc_box_shadow_border_circle&#8221;][\/vc_column_inner][\/vc_row_inner][\/vc_column][\/vc_row][vc_row center_row=&#8221;yes&#8221; el_class=&#8221;VinetasRed&#8221;][vc_column]<div class=\"zozo-parallax-header\"><div class=\"parallax-header\"><h2 class=\"parallax-title text-center\">Soluciones espec\u00edficas para la log\u00edstica de proyectos ferroviarios<\/h2><div class=\"parallax-desc default-style text-center\"><p>Noatum Logistics ofrece una amplia variedad de servicios que cubren todas las necesidades que esta industria requiere. Tenemos una extensa y reconocida experiencia en el sector de proyectos ferroviarios y contamos con las m\u00e1s exigentes certificaciones de control y calidad:<\/p>\n<\/div><\/div><\/div>[vc_row_inner][vc_column_inner width=&#8221;1\/2&#8243;][vc_column_text]<\/p>\n<ul>\n<li>Asistencia a reuniones con equipos de ingenier\u00eda para participar en decisiones de transporte y planificaci\u00f3n.<\/li>\n<li>Inspecci\u00f3n de cargas y operaciones para garantizar el cumplimiento de la normativa internacional a todos los niveles.<\/li>\n<li>Monitorizaci\u00f3n especial del transporte de productos pesados y sobredimensionados, as\u00ed como env\u00edos complejos o peligrosos.<\/li>\n<\/ul>\n<p>[\/vc_column_text][\/vc_column_inner][vc_column_inner width=&#8221;1\/2&#8243;][vc_column_text]<\/p>\n<ul>\n<li>Supervisi\u00f3n de la entrega hasta la ubicaci\u00f3n final.<\/li>\n<li>Aplicaci\u00f3n y realizaci\u00f3n de inspecciones de carga en caso de incidentes.<\/li>\n<li>Asistencia en puerto para operaciones de carga-descarga y estiba-descarga, supervisando los planes de carga.<\/li>\n<li>Fomento de la cooperaci\u00f3n entre la tripulaci\u00f3n del buque, los armadores, los estibadores y los transportistas.<\/li>\n<\/ul>\n<p>[\/vc_column_text][\/vc_column_inner][\/vc_row_inner][\/vc_column][\/vc_row][vc_row center_row=&#8221;yes&#8221; bg_overlay=&#8221;yes&#8221; bg_overlay_style=&#8221;overlay-primary&#8221; typo_style=&#8221;light&#8221; el_class=&#8221;redgradientbgtrans&#8221; css=&#8221;.vc_custom_1586850125387{background-image: url(https:\/\/www.noatumlogistics.com\/wp-content\/uploads\/2020\/04\/oil-gas-solutions-detail.jpg?id=13159) !important;background-position: center !important;background-repeat: no-repeat !important;background-size: cover !important;}&#8221; el_id=&#8221;why&#8221;][vc_column]<div class=\"zozo-parallax-header\"><div class=\"parallax-header\"><h2 class=\"parallax-title text-center\">Por qu\u00e9 elegir las soluciones de Noatum Logistics para el sector ferroviario<\/h2><div class=\"parallax-desc default-style text-center\"><p>Hemos transportado m\u00e1s de 2.000 veh\u00edculos &#8211; vagones de metro, trenes, locomotoras y tranv\u00edas- en los 5 continentes.<\/p>\n<\/div><\/div><\/div>[vc_row_inner css=&#8221;.vc_custom_1586269816158{margin-top: 40px !important;}&#8221;][vc_column_inner width=&#8221;1\/3&#8243;][vc_column_text el_class=&#8221;text-center boxwhy&#8221;]<img decoding=\"async\" style=\"margin: 10px auto\" src=\"\/wp-content\/uploads\/2020\/03\/TEAM-02-e1585138686890.png\" width=\"84\" \/><\/p>\n<h4 class=\"parallax-title text-center\" style=\"font-size: 22px\">EQUIPO<\/h4>\n<p>Equipo profesional especializado en proyectos ferroviarios, con una amplia experiencia en log\u00edstica de la industria ferroviaria.[\/vc_column_text][\/vc_column_inner][vc_column_inner width=&#8221;1\/3&#8243;][vc_column_text el_class=&#8221;text-center boxwhy&#8221;]<img decoding=\"async\" src=\"\/wp-content\/uploads\/2020\/04\/customer-satisfaction-01.svg\" width=\"65px\" \/><\/p>\n<h4 class=\"parallax-title text-center\" style=\"font-size: 22px\">SATISFACCI\u00d3N DEL CLIENTE<\/h4>\n<p>Planificamos y realizamos nuestro trabajo concienzudamente, manteniendo altos niveles de profesionalidad y transparencia.[\/vc_column_text][\/vc_column_inner][vc_column_inner width=&#8221;1\/3&#8243;][vc_column_text el_class=&#8221;text-center boxwhy&#8221;]<img decoding=\"async\" style=\"margin: 19px auto\" src=\"\/wp-content\/uploads\/2020\/04\/professionalism.svg\" width=\"81px\" \/><\/p>\n<h4 class=\"parallax-title text-center\" style=\"font-size: 22px\">PROFESIONALIDAD<\/h4>\n<p>Trabajamos con el m\u00e1ximo rigor, haciendo propias las necesidades de nuestros clientes.[\/vc_column_text][\/vc_column_inner][\/vc_row_inner][\/vc_column][\/vc_row][vc_row center_row=&#8221;yes&#8221; css=&#8221;.vc_custom_1586850114910{background-color: #f7f7f7 !important;}&#8221; el_id=&#8221;contactform&#8221;][vc_column][vc_single_image image=&#8221;862&#8243; img_size=&#8221;&#8221; alignment=&#8221;center&#8221; el_class=&#8221;imgsep&#8221;][vc_column_text]<\/p>\n<p style=\"text-align: center\"><span style=\"color: #aa272f;font-size: 28px\">Por favor, cont\u00e1ctenos para m\u00e1s informaci\u00f3n<\/span><\/p>\n<p>[\/vc_column_text][vc_column_text]\n<div class=\"wpcf7 no-js\" id=\"wpcf7-f209-o1\" lang=\"es-ES\" dir=\"ltr\" data-wpcf7-id=\"209\">\n<div class=\"screen-reader-response\"><p role=\"status\" aria-live=\"polite\" aria-atomic=\"true\"><\/p> <ul><\/ul><\/div>\n<form action=\"\/esp\/wp-json\/wp\/v2\/pages\/1020#wpcf7-f209-o1\" method=\"post\" class=\"wpcf7-form init\" aria-label=\"Formulario de contacto\" novalidate=\"novalidate\" data-status=\"init\">\n<fieldset class=\"hidden-fields-container\"><input type=\"hidden\" name=\"_wpcf7\" value=\"209\" \/><input type=\"hidden\" name=\"_wpcf7_version\" value=\"6.1.5\" \/><input type=\"hidden\" name=\"_wpcf7_locale\" value=\"es_ES\" \/><input type=\"hidden\" name=\"_wpcf7_unit_tag\" value=\"wpcf7-f209-o1\" \/><input type=\"hidden\" name=\"_wpcf7_container_post\" value=\"0\" \/><input type=\"hidden\" name=\"_wpcf7_posted_data_hash\" value=\"\" \/><input type=\"hidden\" name=\"_wpcf7dtx_version\" value=\"5.0.5\" \/><input type=\"hidden\" name=\"_wpcf7_recaptcha_response\" value=\"\" \/>\n<\/fieldset>\n<div class=\"row\">\n\t<div class=\"col-md-12\">\n\t<div class=\"wpcf7-response-output\" aria-hidden=\"true\"><\/div>\n\t<\/div>\n<\/div>\n<p style=\"font-size: 12px; font-weight:400; \">Todos los campos son obligatorios.\n<\/p>\n<div class=\"row\">\n\t<div class=\"col-md-6\">\n\t\t<p><span class=\"wpcf7-form-control-wrap\" data-name=\"tu-nombre\"><input size=\"40\" maxlength=\"400\" class=\"wpcf7-form-control wpcf7-text wpcf7-validates-as-required\" aria-required=\"true\" aria-invalid=\"false\" placeholder=\"Nombre\" value=\"\" type=\"text\" name=\"tu-nombre\" \/><\/span>\n\t\t<\/p>\n\t\t<p><span class=\"wpcf7-form-control-wrap\" data-name=\"tu-Empresa\"><input size=\"40\" maxlength=\"400\" class=\"wpcf7-form-control wpcf7-text wpcf7-validates-as-required\" aria-required=\"true\" aria-invalid=\"false\" placeholder=\"Empresa\" value=\"\" type=\"text\" name=\"tu-Empresa\" \/><\/span>\n\t\t<\/p>\n\t\t<p><span class=\"wpcf7-form-control-wrap\" data-name=\"tel-564\"><input size=\"40\" maxlength=\"400\" class=\"wpcf7-form-control wpcf7-tel wpcf7-validates-as-required wpcf7-text wpcf7-validates-as-tel\" aria-required=\"true\" aria-invalid=\"false\" placeholder=\"Tel\u00e9fono\" value=\"\" type=\"tel\" name=\"tel-564\" \/><\/span>\n\t\t<\/p>\n\t<\/div>\n\t<div class=\"col-md-6\">\n\t\t<p><span class=\"wpcf7-form-control-wrap\" data-name=\"tu-email\"><input size=\"40\" maxlength=\"400\" class=\"wpcf7-form-control wpcf7-email wpcf7-validates-as-required wpcf7-text wpcf7-validates-as-email\" aria-required=\"true\" aria-invalid=\"false\" placeholder=\"Email\" value=\"\" type=\"email\" name=\"tu-email\" \/><\/span>\n\t\t<\/p>\n\t<span class=\"wpcf7-form-control-wrap recipient-email\" data-name=\"recipient-email\"><input type=\"hidden\" name=\"recipient-email\" class=\"wpcf7-form-control wpcf7-hidden wpcf7dtx wpcf7dtx-hidden\" aria-invalid=\"false\" value=\"&#106;&#108;&#103;&#097;&#108;&#122;&#111;&#114;&#114;&#105;&#122;&#064;&#110;&#111;&#097;&#116;&#117;&#109;&#108;&#111;&#103;&#105;&#115;&#116;&#105;&#099;&#115;&#046;&#099;&#111;&#109;\"><\/span>\n\t\t<p><span class=\"wpcf7-form-control-wrap\" data-name=\"your-message\"><textarea cols=\"40\" rows=\"10\" maxlength=\"2000\" class=\"wpcf7-form-control wpcf7-textarea\" aria-invalid=\"false\" placeholder=\"Mensaje\" name=\"your-message\"><\/textarea><\/span>\n\t\t<\/p>\n\t<\/div>\n<\/div>\n<div class=\"row\">\n\t<div class=\"col-md-12 legalnotice\">\n\t\t<p style=\"font-weight: 300;font-size: 12px;line-height: 1.5em;margin-top: 10px;\">Noatum Holdings S.L.U., con domicilio en la Avenida de Italia n\u00ba2 (CTC), de Coslada (Madrid, Espa\u00f1a), utiliza con su consentimiento los datos personales consignados para responder a su solicitud, envi\u00e1ndolos a la empresa del grupo Noatum m\u00e1s indicada para ello. No se conservar\u00e1n m\u00e1s all\u00e1 del tiempo necesario para responderle. Si acepta la recepci\u00f3n de publicidad de nuestros servicios marcando la casilla correspondiente los conservaremos en tanto no manifieste su voluntad en contrario.\n\t\t<\/p>\n\t\t<p style=\"font-weight: 300;font-size: 12px;line-height: 1.5em; margin-top: 5px;\">Puede contactar con el delegado de protecci\u00f3n de datos en (<a href=\"mailto:dpo@noatum.com\">dpo@noatum.com<\/a>). Si considera que sus derechos han sido vulnerados, puede interponer una reclamaci\u00f3n ante la Agencia Espa\u00f1ola de Protecci\u00f3n de Datos. Si lo desea, puede retirar su consentimiento y ejercer los derechos de acceso, rectificaci\u00f3n, supresi\u00f3n, oposici\u00f3n y limitaci\u00f3n en cualquier momento dirigi\u00e9ndose al correo (<a href=\"mailto:dpo@noatum.com\">dpo@noatum.com<\/a>).\n\t\t<\/p>\n\t<\/div>\n<\/div>\n<div class=\"row\" style=\"margin-top: 10px; margin-bottom: 15px;\">\n\t<div class=\"col-md-12\">\n\t\t<p><span class=\"wpcf7-form-control-wrap\" data-name=\"acceptance-182\"><span class=\"wpcf7-form-control wpcf7-acceptance\"><span class=\"wpcf7-list-item\"><label><input type=\"checkbox\" name=\"acceptance-182\" value=\"1\" aria-invalid=\"false\" \/><span class=\"wpcf7-list-item-label\">Acepto la recepci\u00f3n de publicidad de los servicios del grupo Noatum en mi direcci\u00f3n de correo electr\u00f3nico.<\/span><\/label><\/span><\/span><\/span>\n\t\t<\/p>\n\t<\/div>\n<\/div>\n<div class=\"row\">\n\t<div class=\"col-md-12\">\n\t\t<p><input class=\"wpcf7-form-control wpcf7-submit has-spinner\" type=\"submit\" value=\"Enviar\" \/>\n\t\t<\/p>\n\t<\/div>\n<\/div>\n<\/form>\n<\/div>\n[\/vc_column_text][\/vc_column][\/vc_row]<\/p>\n<\/div>","protected":false},"excerpt":{"rendered":"<p>[vc_row center_row=&#8221;yes&#8221; bg_overlay=&#8221;yes&#8221; typo_style=&#8221;light&#8221; min_height=&#8221;150&#8243; el_class=&#8221;redgradientbgtranss&#8221; css=&#8221;.vc_custom_1586850048507{background-image: url(https:\/\/www.noatumlogistics.com\/esp\/wp-content\/uploads\/sites\/7\/2020\/06\/rail-projects-logistics-banner.jpg?id=13521) !important;background-position: center !important;background-repeat: no-repeat !important;background-size: cover !important;}&#8221;][vc_column][vc_btn title=&#8221;Visitar Web&#8221; i_icon_fontawesome=&#8221;fas fa-external-link-alt&#8221; add_icon=&#8221;true&#8221; link=&#8221;url:https%3A%2F%2Fwww.noatum.com%2Frail-project-logistics%2F|target:%20_blank|&#8221;][\/vc_column][\/vc_row][vc_row content_placement=&#8221;middle&#8221; center_row=&#8221;yes&#8221; el_class=&#8221;VinetasRed&#8221; css=&#8221;.vc_custom_1583258489155{background-image: url(https:\/\/www.noatumlogistics.com\/wp-content\/uploads\/2020\/02\/fondo-directorio-2.jpg?id=9849) !important;background-position: center !important;background-repeat: no-repeat&#8230;<\/p>\n","protected":false},"author":9,"featured_media":1021,"parent":0,"menu_order":0,"comment_status":"closed","ping_status":"closed","template":"template-fullwidth.php","meta":{"footnotes":""},"class_list":["post-1020","page","type-page","status-publish","has-post-thumbnail","hentry"],"yoast_head":"<!-- This site is optimized with the Yoast SEO plugin v27.4 - https:\/\/yoast.com\/product\/yoast-seo-wordpress\/ -->\n<title>Log\u00edstica para proyectos de carga ferroviaria | Noatum Logistics<\/title>\n<meta name=\"description\" content=\"Experiencia probada en el transporte y gesti\u00f3n de cargas de proyectos ferroviarios a nivel internacional. Asesoramiento mediante equipos de ingenier\u00eda propios.\" \/>\n<meta name=\"robots\" content=\"index, follow, max-snippet:-1, max-image-preview:large, max-video-preview:-1\" \/>\n<link rel=\"canonical\" href=\"https:\/\/www.noatumlogistics.com\/esp\/logistica-ferrioviaria\/\" \/>\n<meta property=\"og:locale\" content=\"es_ES\" \/>\n<meta property=\"og:type\" content=\"article\" \/>\n<meta property=\"og:title\" content=\"Log\u00edstica para proyectos de carga ferroviaria | Noatum Logistics\" \/>\n<meta property=\"og:description\" content=\"Experiencia probada en el transporte y gesti\u00f3n de cargas de proyectos ferroviarios a nivel internacional. Asesoramiento mediante equipos de ingenier\u00eda propios.\" \/>\n<meta property=\"og:url\" content=\"https:\/\/www.noatumlogistics.com\/esp\/logistica-ferrioviaria\/\" \/>\n<meta property=\"og:site_name\" content=\"Espa\u00f1a\" \/>\n<meta property=\"article:modified_time\" content=\"2021-04-15T10:00:59+00:00\" \/>\n<meta name=\"twitter:card\" content=\"summary_large_image\" \/>\n<meta name=\"twitter:label1\" content=\"Tiempo de lectura\" \/>\n\t<meta name=\"twitter:data1\" content=\"3 minutos\" \/>\n<script type=\"application\/ld+json\" class=\"yoast-schema-graph\">{\"@context\":\"https:\\\/\\\/schema.org\",\"@graph\":[{\"@type\":\"WebPage\",\"@id\":\"https:\\\/\\\/www.noatumlogistics.com\\\/esp\\\/logistica-ferrioviaria\\\/\",\"url\":\"https:\\\/\\\/www.noatumlogistics.com\\\/esp\\\/logistica-ferrioviaria\\\/\",\"name\":\"Log\u00edstica para proyectos de carga ferroviaria | Noatum Logistics\",\"isPartOf\":{\"@id\":\"https:\\\/\\\/www.noatumlogistics.com\\\/esp\\\/#website\"},\"primaryImageOfPage\":{\"@id\":\"https:\\\/\\\/www.noatumlogistics.com\\\/esp\\\/logistica-ferrioviaria\\\/#primaryimage\"},\"image\":{\"@id\":\"https:\\\/\\\/www.noatumlogistics.com\\\/esp\\\/logistica-ferrioviaria\\\/#primaryimage\"},\"thumbnailUrl\":\"https:\\\/\\\/www.noatumlogistics.com\\\/esp\\\/wp-content\\\/uploads\\\/sites\\\/7\\\/2020\\\/06\\\/rail-projects-logistics-banner.jpg\",\"datePublished\":\"2020-04-15T17:43:35+00:00\",\"dateModified\":\"2021-04-15T10:00:59+00:00\",\"description\":\"Experiencia probada en el transporte y gesti\u00f3n de cargas de proyectos ferroviarios a nivel internacional. Asesoramiento mediante equipos de ingenier\u00eda propios.\",\"breadcrumb\":{\"@id\":\"https:\\\/\\\/www.noatumlogistics.com\\\/esp\\\/logistica-ferrioviaria\\\/#breadcrumb\"},\"inLanguage\":\"es\",\"potentialAction\":[{\"@type\":\"ReadAction\",\"target\":[\"https:\\\/\\\/www.noatumlogistics.com\\\/esp\\\/logistica-ferrioviaria\\\/\"]}]},{\"@type\":\"ImageObject\",\"inLanguage\":\"es\",\"@id\":\"https:\\\/\\\/www.noatumlogistics.com\\\/esp\\\/logistica-ferrioviaria\\\/#primaryimage\",\"url\":\"https:\\\/\\\/www.noatumlogistics.com\\\/esp\\\/wp-content\\\/uploads\\\/sites\\\/7\\\/2020\\\/06\\\/rail-projects-logistics-banner.jpg\",\"contentUrl\":\"https:\\\/\\\/www.noatumlogistics.com\\\/esp\\\/wp-content\\\/uploads\\\/sites\\\/7\\\/2020\\\/06\\\/rail-projects-logistics-banner.jpg\",\"width\":2000,\"height\":400},{\"@type\":\"BreadcrumbList\",\"@id\":\"https:\\\/\\\/www.noatumlogistics.com\\\/esp\\\/logistica-ferrioviaria\\\/#breadcrumb\",\"itemListElement\":[{\"@type\":\"ListItem\",\"position\":1,\"name\":\"Home\",\"item\":\"https:\\\/\\\/www.noatumlogistics.com\\\/esp\\\/\"},{\"@type\":\"ListItem\",\"position\":2,\"name\":\"Log\u00edstica de proyectos ferroviarios\"}]},{\"@type\":\"WebSite\",\"@id\":\"https:\\\/\\\/www.noatumlogistics.com\\\/esp\\\/#website\",\"url\":\"https:\\\/\\\/www.noatumlogistics.com\\\/esp\\\/\",\"name\":\"Espa\u00f1a\",\"description\":\"Just another Noatum Logistics site\",\"potentialAction\":[{\"@type\":\"SearchAction\",\"target\":{\"@type\":\"EntryPoint\",\"urlTemplate\":\"https:\\\/\\\/www.noatumlogistics.com\\\/esp\\\/?s={search_term_string}\"},\"query-input\":{\"@type\":\"PropertyValueSpecification\",\"valueRequired\":true,\"valueName\":\"search_term_string\"}}],\"inLanguage\":\"es\"}]}<\/script>\n<!-- \/ Yoast SEO plugin. -->","yoast_head_json":{"title":"Log\u00edstica para proyectos de carga ferroviaria | Noatum Logistics","description":"Experiencia probada en el transporte y gesti\u00f3n de cargas de proyectos ferroviarios a nivel internacional. Asesoramiento mediante equipos de ingenier\u00eda propios.","robots":{"index":"index","follow":"follow","max-snippet":"max-snippet:-1","max-image-preview":"max-image-preview:large","max-video-preview":"max-video-preview:-1"},"canonical":"https:\/\/www.noatumlogistics.com\/esp\/logistica-ferrioviaria\/","og_locale":"es_ES","og_type":"article","og_title":"Log\u00edstica para proyectos de carga ferroviaria | Noatum Logistics","og_description":"Experiencia probada en el transporte y gesti\u00f3n de cargas de proyectos ferroviarios a nivel internacional. Asesoramiento mediante equipos de ingenier\u00eda propios.","og_url":"https:\/\/www.noatumlogistics.com\/esp\/logistica-ferrioviaria\/","og_site_name":"Espa\u00f1a","article_modified_time":"2021-04-15T10:00:59+00:00","twitter_card":"summary_large_image","twitter_misc":{"Tiempo de lectura":"3 minutos"},"schema":{"@context":"https:\/\/schema.org","@graph":[{"@type":"WebPage","@id":"https:\/\/www.noatumlogistics.com\/esp\/logistica-ferrioviaria\/","url":"https:\/\/www.noatumlogistics.com\/esp\/logistica-ferrioviaria\/","name":"Log\u00edstica para proyectos de carga ferroviaria | Noatum Logistics","isPartOf":{"@id":"https:\/\/www.noatumlogistics.com\/esp\/#website"},"primaryImageOfPage":{"@id":"https:\/\/www.noatumlogistics.com\/esp\/logistica-ferrioviaria\/#primaryimage"},"image":{"@id":"https:\/\/www.noatumlogistics.com\/esp\/logistica-ferrioviaria\/#primaryimage"},"thumbnailUrl":"https:\/\/www.noatumlogistics.com\/esp\/wp-content\/uploads\/sites\/7\/2020\/06\/rail-projects-logistics-banner.jpg","datePublished":"2020-04-15T17:43:35+00:00","dateModified":"2021-04-15T10:00:59+00:00","description":"Experiencia probada en el transporte y gesti\u00f3n de cargas de proyectos ferroviarios a nivel internacional. Asesoramiento mediante equipos de ingenier\u00eda propios.","breadcrumb":{"@id":"https:\/\/www.noatumlogistics.com\/esp\/logistica-ferrioviaria\/#breadcrumb"},"inLanguage":"es","potentialAction":[{"@type":"ReadAction","target":["https:\/\/www.noatumlogistics.com\/esp\/logistica-ferrioviaria\/"]}]},{"@type":"ImageObject","inLanguage":"es","@id":"https:\/\/www.noatumlogistics.com\/esp\/logistica-ferrioviaria\/#primaryimage","url":"https:\/\/www.noatumlogistics.com\/esp\/wp-content\/uploads\/sites\/7\/2020\/06\/rail-projects-logistics-banner.jpg","contentUrl":"https:\/\/www.noatumlogistics.com\/esp\/wp-content\/uploads\/sites\/7\/2020\/06\/rail-projects-logistics-banner.jpg","width":2000,"height":400},{"@type":"BreadcrumbList","@id":"https:\/\/www.noatumlogistics.com\/esp\/logistica-ferrioviaria\/#breadcrumb","itemListElement":[{"@type":"ListItem","position":1,"name":"Home","item":"https:\/\/www.noatumlogistics.com\/esp\/"},{"@type":"ListItem","position":2,"name":"Log\u00edstica de proyectos ferroviarios"}]},{"@type":"WebSite","@id":"https:\/\/www.noatumlogistics.com\/esp\/#website","url":"https:\/\/www.noatumlogistics.com\/esp\/","name":"Espa\u00f1a","description":"Just another Noatum Logistics site","potentialAction":[{"@type":"SearchAction","target":{"@type":"EntryPoint","urlTemplate":"https:\/\/www.noatumlogistics.com\/esp\/?s={search_term_string}"},"query-input":{"@type":"PropertyValueSpecification","valueRequired":true,"valueName":"search_term_string"}}],"inLanguage":"es"}]}},"_links":{"self":[{"href":"https:\/\/www.noatumlogistics.com\/esp\/wp-json\/wp\/v2\/pages\/1020","targetHints":{"allow":["GET"]}}],"collection":[{"href":"https:\/\/www.noatumlogistics.com\/esp\/wp-json\/wp\/v2\/pages"}],"about":[{"href":"https:\/\/www.noatumlogistics.com\/esp\/wp-json\/wp\/v2\/types\/page"}],"author":[{"embeddable":true,"href":"https:\/\/www.noatumlogistics.com\/esp\/wp-json\/wp\/v2\/users\/9"}],"replies":[{"embeddable":true,"href":"https:\/\/www.noatumlogistics.com\/esp\/wp-json\/wp\/v2\/comments?post=1020"}],"version-history":[{"count":6,"href":"https:\/\/www.noatumlogistics.com\/esp\/wp-json\/wp\/v2\/pages\/1020\/revisions"}],"predecessor-version":[{"id":1704,"href":"https:\/\/www.noatumlogistics.com\/esp\/wp-json\/wp\/v2\/pages\/1020\/revisions\/1704"}],"wp:featuredmedia":[{"embeddable":true,"href":"https:\/\/www.noatumlogistics.com\/esp\/wp-json\/wp\/v2\/media\/1021"}],"wp:attachment":[{"href":"https:\/\/www.noatumlogistics.com\/esp\/wp-json\/wp\/v2\/media?parent=1020"}],"curies":[{"name":"wp","href":"https:\/\/api.w.org\/{rel}","templated":true}]}}