{"id":9146,"date":"2019-03-29T09:51:47","date_gmt":"2019-03-29T08:51:47","guid":{"rendered":"https:\/\/www.noatumlogistics.com\/?page_id=9146"},"modified":"2024-04-19T08:31:17","modified_gmt":"2024-04-19T07:31:17","slug":"localizacion-y-contacto-2","status":"publish","type":"page","link":"https:\/\/www.noatumlogistics.com\/es\/localizacion-y-contacto-2\/","title":{"rendered":"Localizaci\u00f3n y contacto"},"content":{"rendered":"<div class=\"wpb-content-wrapper\"><p>[vc_row typo_style=&#8221;default&#8221; el_class=&#8221;contenedormapa&#8221;][vc_column]<div class=\"zozo-parallax-header\"><div class=\"parallax-header\"><h2 class=\"parallax-title text-center text-none\">Contacta con Noatum Logistics<\/h2><div class=\"parallax-desc default-style text-center\"><p>Selecciona en el mapa la oficina de Noatum Logistics con la que quieres contactar.<br \/>\nEn los pa\u00edses en los que no tenemos oficina propia, tambi\u00e9n ofrecemos servicios a trav\u00e9s de agentes exclusivos.<\/p>\n<\/div><\/div><\/div>[vc_column_text css=&#8221;&#8221;]<div id=\"mapplic-id19179\" data-mapdata=\"{&quot;mapwidth&quot;:&quot;1800&quot;,&quot;mapheight&quot;:&quot;1065&quot;,&quot;height&quot;:&quot;1065&quot;,&quot;action&quot;:&quot;open-link&quot;,&quot;fillcolor&quot;:&quot;#00a4c9&quot;,&quot;maxscale&quot;:&quot;3&quot;,&quot;customcss&quot;:&quot;.mapplic-tooltip::after {\\n    margin-bottom: 40px !important;\\n    border-color: rgb(106, 159, 209) transparent transparent !important;\\n}\\n\\n.mapplic-hovertip .mapplic-tooltip-title {\\n\\ttext-transform: uppercase;\\n\\tcolor: #fff!important;\\n\\tline-height: 37px!important;\\n\\tfont-weight: 100!important;\\n\\tfont-size:18px!important;\\n}\\n\\n.mapplic-pin {\\n\\tbackground-color: #bd232e!important;\\n\\twidth: 10px!important;\\n  height: 10px!important;\\n}\\n\\n\\n.mapplic-tooltip-wrap {\\n    background-color: #6a9fd1!important;\\n}&quot;,&quot;fullscreen&quot;:false,&quot;hovertip&quot;:true,&quot;hovertipdesc&quot;:false,&quot;smartip&quot;:true,&quot;deeplinking&quot;:false,&quot;linknewtab&quot;:false,&quot;minimap&quot;:false,&quot;animations&quot;:false,&quot;zoom&quot;:false,&quot;zoombuttons&quot;:false,&quot;clearbutton&quot;:false,&quot;zoomoutclose&quot;:false,&quot;closezoomout&quot;:false,&quot;mousewheel&quot;:false,&quot;mapfill&quot;:false,&quot;sidebar&quot;:false,&quot;search&quot;:false,&quot;searchdescription&quot;:false,&quot;alphabetic&quot;:false,&quot;thumbholder&quot;:false,&quot;sidebartoggle&quot;:false,&quot;filtersopened&quot;:false,&quot;highlight&quot;:false,&quot;levels&quot;:[{&quot;id&quot;:&quot;v2&quot;,&quot;title&quot;:&quot;v2&quot;,&quot;map&quot;:&quot;\/\/www.noatumlogistics.com\/wp-content\/uploads\/2024\/04\/noatummaritime-optimized-6-2-01.svg&quot;,&quot;minimap&quot;:&quot;&quot;,&quot;locations&quot;:[{&quot;id&quot;:&quot;ES&quot;,&quot;title&quot;:&quot;ESPA&Ntilde;A&quot;,&quot;pin&quot;:&quot;noatum&quot;,&quot;category&quot;:null,&quot;action&quot;:&quot;default&quot;,&quot;x&quot;:&quot;0.4681&quot;,&quot;y&quot;:&quot;0.4361&quot;,&quot;thumbnail&quot;:&quot;https:\/\/www.noatummaritime.com\/wp-content\/uploads\/2019\/01\/Cesar_Cegarra_OK.jpg&quot;,&quot;link&quot;:&quot;\/es\/oficinas\/?search=Spain&quot;,&quot;color&quot;:&quot;#00a4c9&quot;,&quot;level&quot;:&quot;v2&quot;},{&quot;id&quot;:&quot;AR&quot;,&quot;title&quot;:&quot;Argentina&quot;,&quot;pin&quot;:&quot;noatum&quot;,&quot;category&quot;:null,&quot;action&quot;:&quot;default&quot;,&quot;x&quot;:&quot;0.2987&quot;,&quot;y&quot;:&quot;0.8382&quot;,&quot;link&quot;:&quot;\/es\/oficinas\/?search=argentina&quot;,&quot;color&quot;:&quot;#00a4c9&quot;,&quot;level&quot;:&quot;v2&quot;},{&quot;id&quot;:&quot;PERU&quot;,&quot;title&quot;:&quot;PERU&quot;,&quot;pin&quot;:&quot;noatum&quot;,&quot;category&quot;:null,&quot;action&quot;:&quot;default&quot;,&quot;x&quot;:&quot;0.2635&quot;,&quot;y&quot;:&quot;0.7064&quot;,&quot;link&quot;:&quot;\/es\/oficinas\/?search=peru&quot;,&quot;color&quot;:&quot;#00a4c9&quot;,&quot;level&quot;:&quot;v2&quot;},{&quot;id&quot;:&quot;COLOMBIA&quot;,&quot;title&quot;:&quot;COLOMBIA&quot;,&quot;pin&quot;:&quot;noatum&quot;,&quot;category&quot;:null,&quot;action&quot;:&quot;default&quot;,&quot;x&quot;:&quot;0.2681&quot;,&quot;y&quot;:&quot;0.6267&quot;,&quot;link&quot;:&quot;\/es\/oficinas\/?search=Colombia&quot;,&quot;color&quot;:&quot;#00a4c9&quot;,&quot;level&quot;:&quot;v2&quot;},{&quot;id&quot;:&quot;MX&quot;,&quot;title&quot;:&quot;M&eacute;xico&quot;,&quot;pin&quot;:&quot;noatum&quot;,&quot;category&quot;:null,&quot;action&quot;:&quot;default&quot;,&quot;x&quot;:&quot;0.1888&quot;,&quot;y&quot;:&quot;0.5278&quot;,&quot;link&quot;:&quot;\/es\/oficinas\/?search=M&eacute;xico&quot;,&quot;color&quot;:&quot;#00a4c9&quot;,&quot;level&quot;:&quot;v2&quot;},{&quot;id&quot;:&quot;ALGERIA&quot;,&quot;title&quot;:&quot;ALGERIA&quot;,&quot;pin&quot;:&quot;noatum&quot;,&quot;category&quot;:null,&quot;action&quot;:&quot;default&quot;,&quot;x&quot;:&quot;0.4847&quot;,&quot;y&quot;:&quot;0.5106&quot;,&quot;link&quot;:&quot;\/es\/oficinas\/?search=algeria&quot;,&quot;color&quot;:&quot;#00a4c9&quot;,&quot;level&quot;:&quot;v2&quot;},{&quot;id&quot;:&quot;TK&quot;,&quot;title&quot;:&quot;Turqu&iacute;a&quot;,&quot;pin&quot;:&quot;noatum&quot;,&quot;category&quot;:null,&quot;action&quot;:&quot;default&quot;,&quot;x&quot;:&quot;0.5743&quot;,&quot;y&quot;:&quot;0.4421&quot;,&quot;link&quot;:&quot;\/es\/oficinas\/?search=turkey&quot;,&quot;color&quot;:&quot;#00a4c9&quot;,&quot;level&quot;:&quot;v2&quot;},{&quot;id&quot;:&quot;INDIA&quot;,&quot;title&quot;:&quot;India&quot;,&quot;pin&quot;:&quot;noatum&quot;,&quot;category&quot;:null,&quot;action&quot;:&quot;default&quot;,&quot;x&quot;:&quot;0.7035&quot;,&quot;y&quot;:&quot;0.5389&quot;,&quot;link&quot;:&quot;\/es\/oficinas\/?search=india&quot;,&quot;color&quot;:&quot;#00a4c9&quot;,&quot;level&quot;:&quot;v2&quot;},{&quot;id&quot;:&quot;COREASUR&quot;,&quot;title&quot;:&quot;Corea del Sur&quot;,&quot;pin&quot;:&quot;noatum&quot;,&quot;category&quot;:null,&quot;action&quot;:&quot;default&quot;,&quot;x&quot;:&quot;0.8376&quot;,&quot;y&quot;:&quot;0.4413&quot;,&quot;link&quot;:&quot;\/es\/oficinas\/?search=Korea&quot;,&quot;color&quot;:&quot;#00a4c9&quot;,&quot;level&quot;:&quot;v2&quot;},{&quot;id&quot;:&quot;JAPAN&quot;,&quot;title&quot;:&quot;Jap&oacute;n&quot;,&quot;pin&quot;:&quot;noatum&quot;,&quot;category&quot;:null,&quot;action&quot;:&quot;default&quot;,&quot;x&quot;:&quot;0.8680&quot;,&quot;y&quot;:&quot;0.4400&quot;,&quot;link&quot;:&quot;\/es\/oficinas\/?search=Japan&quot;,&quot;color&quot;:&quot;#00a4c9&quot;,&quot;level&quot;:&quot;v2&quot;},{&quot;id&quot;:&quot;THAI&quot;,&quot;title&quot;:&quot;Thailand&quot;,&quot;pin&quot;:&quot;noatum&quot;,&quot;category&quot;:null,&quot;action&quot;:&quot;default&quot;,&quot;x&quot;:&quot;0.7714&quot;,&quot;y&quot;:&quot;0.5658&quot;,&quot;link&quot;:&quot;\/es\/oficinas\/?search=Thailand&quot;,&quot;color&quot;:&quot;#00a4c9&quot;,&quot;level&quot;:&quot;v2&quot;},{&quot;id&quot;:&quot;CHILE&quot;,&quot;title&quot;:&quot;CHILE&quot;,&quot;pin&quot;:&quot;noatum&quot;,&quot;category&quot;:null,&quot;action&quot;:&quot;default&quot;,&quot;x&quot;:&quot;0.2797&quot;,&quot;y&quot;:&quot;0.8430&quot;,&quot;link&quot;:&quot;\/es\/oficinas\/?search=chile&quot;,&quot;color&quot;:&quot;#00a4c9&quot;,&quot;level&quot;:&quot;v2&quot;},{&quot;id&quot;:&quot;MALASIA&quot;,&quot;title&quot;:&quot;Malaysia&quot;,&quot;pin&quot;:&quot;noatum&quot;,&quot;category&quot;:null,&quot;action&quot;:&quot;default&quot;,&quot;x&quot;:&quot;0.7751&quot;,&quot;y&quot;:&quot;0.6248&quot;,&quot;link&quot;:&quot;\/es\/oficinas\/?search=Malaysia&quot;,&quot;color&quot;:&quot;#00a4c9&quot;,&quot;level&quot;:&quot;v2&quot;},{&quot;id&quot;:&quot;PT&quot;,&quot;title&quot;:&quot;Portugal&quot;,&quot;pin&quot;:&quot;noatum&quot;,&quot;action&quot;:&quot;default&quot;,&quot;x&quot;:&quot;0.4553&quot;,&quot;y&quot;:&quot;0.4469&quot;,&quot;link&quot;:&quot;\/es\/oficinas\/?search=portugal&quot;,&quot;color&quot;:&quot;#00a4c9&quot;,&quot;level&quot;:&quot;v2&quot;},{&quot;id&quot;:&quot;UK&quot;,&quot;title&quot;:&quot;UK&quot;,&quot;pin&quot;:&quot;noatum&quot;,&quot;category&quot;:null,&quot;action&quot;:&quot;default&quot;,&quot;x&quot;:&quot;0.4740&quot;,&quot;y&quot;:&quot;0.3597&quot;,&quot;link&quot;:&quot;\/es\/oficinas\/?search=United Kingdom&quot;,&quot;color&quot;:&quot;#00a4c9&quot;,&quot;level&quot;:&quot;v2&quot;},{&quot;id&quot;:&quot;PAISESBAJOS&quot;,&quot;title&quot;:&quot;Netherlands&quot;,&quot;pin&quot;:&quot;noatum&quot;,&quot;category&quot;:null,&quot;action&quot;:&quot;default&quot;,&quot;x&quot;:&quot;0.4919&quot;,&quot;y&quot;:&quot;0.3608&quot;,&quot;link&quot;:&quot;\/es\/oficinas\/?search=Netherlands&quot;,&quot;color&quot;:&quot;#00a4c9&quot;,&quot;level&quot;:&quot;v2&quot;},{&quot;id&quot;:&quot;CHINA&quot;,&quot;title&quot;:&quot;CHINA&quot;,&quot;pin&quot;:&quot;noatum&quot;,&quot;category&quot;:null,&quot;action&quot;:&quot;default&quot;,&quot;x&quot;:&quot;0.7611&quot;,&quot;y&quot;:&quot;0.4640&quot;,&quot;link&quot;:&quot;\/es\/oficinas\/?search=china&quot;,&quot;color&quot;:&quot;#00a4c9&quot;,&quot;level&quot;:&quot;v2&quot;},{&quot;id&quot;:&quot;HONGKONG&quot;,&quot;title&quot;:&quot;HONGKONG&quot;,&quot;pin&quot;:&quot;noatum&quot;,&quot;category&quot;:null,&quot;action&quot;:&quot;default&quot;,&quot;x&quot;:&quot;0.8068&quot;,&quot;y&quot;:&quot;0.5225&quot;,&quot;link&quot;:&quot;\/es\/oficinas\/?search=hong%20kong&quot;,&quot;color&quot;:&quot;#00a4c9&quot;,&quot;level&quot;:&quot;v2&quot;},{&quot;id&quot;:&quot;VIETNAM&quot;,&quot;title&quot;:&quot;VIETNAM&quot;,&quot;pin&quot;:&quot;noatum&quot;,&quot;category&quot;:null,&quot;action&quot;:&quot;default&quot;,&quot;x&quot;:&quot;0.7932&quot;,&quot;y&quot;:&quot;0.5810&quot;,&quot;link&quot;:&quot;\/es\/oficinas\/?search=Vietnam&quot;,&quot;color&quot;:&quot;#00a4c9&quot;,&quot;level&quot;:&quot;v2&quot;},{&quot;id&quot;:&quot;TAIWAN&quot;,&quot;title&quot;:&quot;TAIWAN&quot;,&quot;pin&quot;:&quot;noatum&quot;,&quot;category&quot;:null,&quot;action&quot;:&quot;default&quot;,&quot;x&quot;:&quot;0.8246&quot;,&quot;y&quot;:&quot;0.5214&quot;,&quot;link&quot;:&quot;\/es\/oficinas\/?search=taiwan&quot;,&quot;color&quot;:&quot;#00a4c9&quot;,&quot;level&quot;:&quot;v2&quot;},{&quot;id&quot;:&quot;SINGAPUR&quot;,&quot;title&quot;:&quot;SINGAPUR&quot;,&quot;pin&quot;:&quot;noatum&quot;,&quot;category&quot;:null,&quot;action&quot;:&quot;default&quot;,&quot;x&quot;:&quot;0.7807&quot;,&quot;y&quot;:&quot;0.6370&quot;,&quot;link&quot;:&quot;\/es\/oficinas\/?search=Singapore&quot;,&quot;color&quot;:&quot;#00a4c9&quot;,&quot;level&quot;:&quot;v2&quot;},{&quot;id&quot;:&quot;INDO&quot;,&quot;title&quot;:&quot;Indonesia&quot;,&quot;pin&quot;:&quot;noatum&quot;,&quot;link&quot;:&quot;\/es\/oficinas\/?search=Indonesia&quot;,&quot;category&quot;:null,&quot;action&quot;:&quot;default&quot;,&quot;x&quot;:&quot;0.8030&quot;,&quot;y&quot;:&quot;0.6788&quot;,&quot;color&quot;:&quot;#00a4c9&quot;,&quot;level&quot;:&quot;v2&quot;},{&quot;id&quot;:&quot;USA_1_&quot;,&quot;title&quot;:&quot;USA&quot;,&quot;description&quot;:&quot;USA&quot;,&quot;pin&quot;:&quot;noatum&quot;,&quot;action&quot;:&quot;default&quot;,&quot;x&quot;:&quot;0.1986&quot;,&quot;y&quot;:&quot;0.4288&quot;,&quot;link&quot;:&quot;\/es\/oficinas\/?search=United States&quot;},{&quot;id&quot;:&quot;Emiratos &aacute;rabes&quot;,&quot;title&quot;:&quot;Emiratos &aacute;rabes&quot;,&quot;pin&quot;:&quot;noatum&quot;,&quot;link&quot;:&quot;\/locations\/?search=uae&quot;,&quot;action&quot;:&quot;default&quot;,&quot;x&quot;:&quot;0.6377&quot;,&quot;y&quot;:&quot;0.5081&quot;}]}],&quot;styles&quot;:[],&quot;categories&quot;:[{&quot;title&quot;:&quot;Log&iacute;sticos&quot;,&quot;id&quot;:&quot;Log&iacute;sticos&quot;,&quot;about&quot;:&quot;&quot;,&quot;color&quot;:&quot;#dd3333&quot;}],&quot;hidenofilter&quot;:false,&quot;csv&quot;:&quot;&quot;,&quot;topLat&quot;:&quot;&quot;,&quot;leftLng&quot;:&quot;&quot;,&quot;bottomLat&quot;:&quot;&quot;,&quot;rightLng&quot;:&quot;&quot;}\" data-height=\"auto\"><\/div>[\/vc_column_text][\/vc_column][\/vc_row]<\/p>\n<\/div>","protected":false},"excerpt":{"rendered":"<p>[vc_row typo_style=&#8221;default&#8221; el_class=&#8221;contenedormapa&#8221;][vc_column][vc_column_text css=&#8221;&#8221;][\/vc_column_text][\/vc_column][\/vc_row]<\/p>\n","protected":false},"author":9,"featured_media":0,"parent":0,"menu_order":0,"comment_status":"closed","ping_status":"closed","template":"","meta":{"footnotes":""},"class_list":["post-9146","page","type-page","status-publish","hentry"],"yoast_head":"<!-- This site is optimized with the Yoast SEO plugin v27.3 - https:\/\/yoast.com\/product\/yoast-seo-wordpress\/ -->\n<title>Localizaci\u00f3n y contacto - oficinas y forwarders | Noatum Logistics<\/title>\n<meta name=\"description\" content=\"Red de agentes - forwarders y oficinas de Noatum Logistics. Estamos presentes en 25 pa\u00edses y 98 localizaciones a nivel internacional\" \/>\n<meta name=\"robots\" content=\"index, follow, max-snippet:-1, max-image-preview:large, max-video-preview:-1\" \/>\n<link rel=\"canonical\" href=\"https:\/\/www.noatumlogistics.com\/es\/localizacion-y-contacto-2\/\" \/>\n<meta property=\"og:locale\" content=\"es_ES\" \/>\n<meta property=\"og:type\" content=\"article\" \/>\n<meta property=\"og:title\" content=\"Localizaci\u00f3n y contacto - oficinas y forwarders | Noatum Logistics\" \/>\n<meta property=\"og:description\" content=\"Red de agentes - forwarders y oficinas de Noatum Logistics. Estamos presentes en 25 pa\u00edses y 98 localizaciones a nivel internacional\" \/>\n<meta property=\"og:url\" content=\"https:\/\/www.noatumlogistics.com\/es\/localizacion-y-contacto-2\/\" \/>\n<meta property=\"og:site_name\" content=\"Global\" \/>\n<meta property=\"article:modified_time\" content=\"2024-04-19T07:31:17+00:00\" \/>\n<meta property=\"og:image\" content=\"https:\/\/www.noatumlogistics.com\/wp-content\/uploads\/2020\/04\/mapa-noatum-logistics.png\" \/>\n\t<meta property=\"og:image:width\" content=\"1200\" \/>\n\t<meta property=\"og:image:height\" content=\"507\" \/>\n\t<meta property=\"og:image:type\" content=\"image\/png\" \/>\n<meta name=\"twitter:card\" content=\"summary_large_image\" \/>\n<meta name=\"twitter:title\" content=\"Localizaci\u00f3n y contacto - oficinas y forwarders | Noatum Logistics\" \/>\n<meta name=\"twitter:description\" content=\"Red de agentes - forwarders y oficinas de Noatum Logistics. Estamos presentes en 25 pa\u00edses y 98 localizaciones a nivel internacional\" \/>\n<meta name=\"twitter:image\" content=\"https:\/\/www.noatumlogistics.com\/wp-content\/uploads\/2020\/04\/mapa-noatum-logistics.png\" \/>\n<meta name=\"twitter:label1\" content=\"Tiempo de lectura\" \/>\n\t<meta name=\"twitter:data1\" content=\"1 minuto\" \/>\n<script type=\"application\/ld+json\" class=\"yoast-schema-graph\">{\"@context\":\"https:\\\/\\\/schema.org\",\"@graph\":[{\"@type\":\"WebPage\",\"@id\":\"https:\\\/\\\/www.noatumlogistics.com\\\/es\\\/localizacion-y-contacto-2\\\/\",\"url\":\"https:\\\/\\\/www.noatumlogistics.com\\\/es\\\/localizacion-y-contacto-2\\\/\",\"name\":\"Localizaci\u00f3n y contacto - oficinas y forwarders | Noatum Logistics\",\"isPartOf\":{\"@id\":\"https:\\\/\\\/www.noatumlogistics.com\\\/es\\\/#website\"},\"datePublished\":\"2019-03-29T08:51:47+00:00\",\"dateModified\":\"2024-04-19T07:31:17+00:00\",\"description\":\"Red de agentes - forwarders y oficinas de Noatum Logistics. Estamos presentes en 25 pa\u00edses y 98 localizaciones a nivel internacional\",\"breadcrumb\":{\"@id\":\"https:\\\/\\\/www.noatumlogistics.com\\\/es\\\/localizacion-y-contacto-2\\\/#breadcrumb\"},\"inLanguage\":\"es\",\"potentialAction\":[{\"@type\":\"ReadAction\",\"target\":[\"https:\\\/\\\/www.noatumlogistics.com\\\/es\\\/localizacion-y-contacto-2\\\/\"]}]},{\"@type\":\"BreadcrumbList\",\"@id\":\"https:\\\/\\\/www.noatumlogistics.com\\\/es\\\/localizacion-y-contacto-2\\\/#breadcrumb\",\"itemListElement\":[{\"@type\":\"ListItem\",\"position\":1,\"name\":\"Home\",\"item\":\"https:\\\/\\\/www.noatumlogistics.com\\\/es\\\/\"},{\"@type\":\"ListItem\",\"position\":2,\"name\":\"Localizaci\u00f3n y contacto\"}]},{\"@type\":\"WebSite\",\"@id\":\"https:\\\/\\\/www.noatumlogistics.com\\\/es\\\/#website\",\"url\":\"https:\\\/\\\/www.noatumlogistics.com\\\/es\\\/\",\"name\":\"Global\",\"description\":\"Excelencia en servicios log\u00edsticos\",\"potentialAction\":[{\"@type\":\"SearchAction\",\"target\":{\"@type\":\"EntryPoint\",\"urlTemplate\":\"https:\\\/\\\/www.noatumlogistics.com\\\/es\\\/?s={search_term_string}\"},\"query-input\":{\"@type\":\"PropertyValueSpecification\",\"valueRequired\":true,\"valueName\":\"search_term_string\"}}],\"inLanguage\":\"es\"}]}<\/script>\n<!-- \/ Yoast SEO plugin. -->","yoast_head_json":{"title":"Localizaci\u00f3n y contacto - oficinas y forwarders | Noatum Logistics","description":"Red de agentes - forwarders y oficinas de Noatum Logistics. Estamos presentes en 25 pa\u00edses y 98 localizaciones a nivel internacional","robots":{"index":"index","follow":"follow","max-snippet":"max-snippet:-1","max-image-preview":"max-image-preview:large","max-video-preview":"max-video-preview:-1"},"canonical":"https:\/\/www.noatumlogistics.com\/es\/localizacion-y-contacto-2\/","og_locale":"es_ES","og_type":"article","og_title":"Localizaci\u00f3n y contacto - oficinas y forwarders | Noatum Logistics","og_description":"Red de agentes - forwarders y oficinas de Noatum Logistics. Estamos presentes en 25 pa\u00edses y 98 localizaciones a nivel internacional","og_url":"https:\/\/www.noatumlogistics.com\/es\/localizacion-y-contacto-2\/","og_site_name":"Global","article_modified_time":"2024-04-19T07:31:17+00:00","og_image":[{"width":1200,"height":507,"url":"https:\/\/www.noatumlogistics.com\/wp-content\/uploads\/2020\/04\/mapa-noatum-logistics.png","type":"image\/png"}],"twitter_card":"summary_large_image","twitter_title":"Localizaci\u00f3n y contacto - oficinas y forwarders | Noatum Logistics","twitter_description":"Red de agentes - forwarders y oficinas de Noatum Logistics. Estamos presentes en 25 pa\u00edses y 98 localizaciones a nivel internacional","twitter_image":"https:\/\/www.noatumlogistics.com\/wp-content\/uploads\/2020\/04\/mapa-noatum-logistics.png","twitter_misc":{"Tiempo de lectura":"1 minuto"},"schema":{"@context":"https:\/\/schema.org","@graph":[{"@type":"WebPage","@id":"https:\/\/www.noatumlogistics.com\/es\/localizacion-y-contacto-2\/","url":"https:\/\/www.noatumlogistics.com\/es\/localizacion-y-contacto-2\/","name":"Localizaci\u00f3n y contacto - oficinas y forwarders | Noatum Logistics","isPartOf":{"@id":"https:\/\/www.noatumlogistics.com\/es\/#website"},"datePublished":"2019-03-29T08:51:47+00:00","dateModified":"2024-04-19T07:31:17+00:00","description":"Red de agentes - forwarders y oficinas de Noatum Logistics. Estamos presentes en 25 pa\u00edses y 98 localizaciones a nivel internacional","breadcrumb":{"@id":"https:\/\/www.noatumlogistics.com\/es\/localizacion-y-contacto-2\/#breadcrumb"},"inLanguage":"es","potentialAction":[{"@type":"ReadAction","target":["https:\/\/www.noatumlogistics.com\/es\/localizacion-y-contacto-2\/"]}]},{"@type":"BreadcrumbList","@id":"https:\/\/www.noatumlogistics.com\/es\/localizacion-y-contacto-2\/#breadcrumb","itemListElement":[{"@type":"ListItem","position":1,"name":"Home","item":"https:\/\/www.noatumlogistics.com\/es\/"},{"@type":"ListItem","position":2,"name":"Localizaci\u00f3n y contacto"}]},{"@type":"WebSite","@id":"https:\/\/www.noatumlogistics.com\/es\/#website","url":"https:\/\/www.noatumlogistics.com\/es\/","name":"Global","description":"Excelencia en servicios log\u00edsticos","potentialAction":[{"@type":"SearchAction","target":{"@type":"EntryPoint","urlTemplate":"https:\/\/www.noatumlogistics.com\/es\/?s={search_term_string}"},"query-input":{"@type":"PropertyValueSpecification","valueRequired":true,"valueName":"search_term_string"}}],"inLanguage":"es"}]}},"_links":{"self":[{"href":"https:\/\/www.noatumlogistics.com\/es\/wp-json\/wp\/v2\/pages\/9146","targetHints":{"allow":["GET"]}}],"collection":[{"href":"https:\/\/www.noatumlogistics.com\/es\/wp-json\/wp\/v2\/pages"}],"about":[{"href":"https:\/\/www.noatumlogistics.com\/es\/wp-json\/wp\/v2\/types\/page"}],"author":[{"embeddable":true,"href":"https:\/\/www.noatumlogistics.com\/es\/wp-json\/wp\/v2\/users\/9"}],"replies":[{"embeddable":true,"href":"https:\/\/www.noatumlogistics.com\/es\/wp-json\/wp\/v2\/comments?post=9146"}],"version-history":[{"count":27,"href":"https:\/\/www.noatumlogistics.com\/es\/wp-json\/wp\/v2\/pages\/9146\/revisions"}],"predecessor-version":[{"id":19406,"href":"https:\/\/www.noatumlogistics.com\/es\/wp-json\/wp\/v2\/pages\/9146\/revisions\/19406"}],"wp:attachment":[{"href":"https:\/\/www.noatumlogistics.com\/es\/wp-json\/wp\/v2\/media?parent=9146"}],"curies":[{"name":"wp","href":"https:\/\/api.w.org\/{rel}","templated":true}]}}