{"id":3641,"date":"2016-08-17T19:54:00","date_gmt":"2016-08-17T19:54:00","guid":{"rendered":"https:\/\/www.noatumlogistics.com\/?page_id=3641"},"modified":"2020-08-27T14:41:03","modified_gmt":"2020-08-27T13:41:03","slug":"tipo-de-contenedores-aereos-isotermicos","status":"publish","type":"page","link":"https:\/\/www.noatumlogistics.com\/es\/tipo-de-contenedores-aereos-isotermicos\/","title":{"rendered":"Tipo de Contenedores A\u00e9reos &#8211; Isotermicos"},"content":{"rendered":"<div class=\"wpb-content-wrapper\"><p>[vc_row center_row=&#8221;yes&#8221; opn_row_id=&#8221;somos&#8221; opn_row_gutter=&#8221;70&#8243; css=&#8221;.vc_custom_1470769969354{background-image: url(https:\/\/www.noatumlogistics.com\/wp-content\/uploads\/2016\/06\/fondo-directorio-2.jpg?id=1367) !important;}&#8221;][vc_column css=&#8221;.vc_custom_1470771386196{margin-bottom: -20px !important;}&#8221;]<div id=\"ult-easy-separator-303628672269e4ee6933dff\" class=\"ult-easy-separator-wrapper ult-responsive ult-top-easy-separator  \" style=\"\" data-vc-row=\"wpb_row\"  data-ultimate-target='#ult-easy-separator-303628672269e4ee6933dff'  data-responsive-json-new='{\"width\":\"\"}' ><div class=\"ult-easy-separator-inner-wrapper\"><div class=\"ult-no-animation\" style=\"opacity:0;\"   ><img decoding=\"async\" class=\"ult-easy-separator-img\" alt=\"null\" src=\"https:\/\/www.noatumlogistics.com\/wp-content\/uploads\/2016\/04\/arrowdown-1.png\" \/><a href=\"#direccion\" ><\/a><\/div><\/div><\/div><div class=\"zozo-parallax-header\"><div class=\"parallax-header\"><h5 class=\"parallax-title text-center text-capitalize\" style=\"font-size:16px;margin:0px 0px 0px 0px;\">HERRAMIENTAS<\/h5><div class=\"parallax-desc default-style text-center\"><h3 style=\"color: #af2626;margin-top: 20px;text-align: center\">Tipo de Contenedores A\u00e9reos\u00a0&#8211;\u00a0Isotermicos<\/h3>\n<div class=\"menu-container-type-air-container\"><ul id=\"menu-container-type-air\" class=\"menu navcontainerstype\"><li id=\"menu-item-15104\" class=\"menu-item menu-item-type-post_type menu-item-object-page menu-item-15104\"><a href=\"https:\/\/www.noatumlogistics.com\/es\/tipo-de-contenedores-aereos-estandar\/\">Estandar<\/a><\/li>\n<li id=\"menu-item-15105\" class=\"menu-item menu-item-type-post_type menu-item-object-page menu-item-15105\"><a href=\"https:\/\/www.noatumlogistics.com\/es\/tipo-de-contenedores-aereos-de-seguridad\/\">De Seguridad<\/a><\/li>\n<li id=\"menu-item-15103\" class=\"menu-item menu-item-type-post_type menu-item-object-page menu-item-15103\"><a href=\"https:\/\/www.noatumlogistics.com\/es\/tipo-de-contenedores-aereos-isotermicos\/\">Isotermicos<\/a><\/li>\n<li id=\"menu-item-15101\" class=\"menu-item menu-item-type-post_type menu-item-object-page menu-item-15101\"><a href=\"https:\/\/www.noatumlogistics.com\/es\/tipo-de-contenedores-aereos-animales\/\">Para Animales Vivos<\/a><\/li>\n<li id=\"menu-item-15102\" class=\"menu-item menu-item-type-post_type menu-item-object-page menu-item-15102\"><a href=\"https:\/\/www.noatumlogistics.com\/es\/tipo-de-contenedores-aereos-pallets\/\">Pallets<\/a><\/li>\n<\/ul><\/div>\n<\/div><\/div><\/div>[\/vc_column][\/vc_row][vc_row match_height=&#8221;yes&#8221; center_row=&#8221;yes&#8221;][vc_column][vc_column_text]<\/p>\n<table border=\"0\" width=\"100%\" cellspacing=\"0\" cellpadding=\"5\">\n<tbody>\n<tr>\n<td style=\"color: #ffffff\" colspan=\"8\" bgcolor=\"#00305e\" height=\"10\">Contenedor a temperatura regulable C\u00f3digo IATA RKN<\/td>\n<\/tr>\n<tr>\n<td colspan=\"8\" height=\"10\"><strong>Rango de temperatura:<\/strong><br \/>\n-4 + 68\u00b0 F. (Equipado con un termostato <em>Envirotainer Standard<\/em> para 16 bater\u00edas alcalinas tama\u00f1o 16D<br \/>\n<strong>Capacidad para almacenar hielo<\/strong>:<br \/>\nBloques de hielo hasta 180 kg. o hielo a granel hasta 95 kg<\/td>\n<\/tr>\n<tr>\n<td bgcolor=\"#efefef\" height=\"20\">Dimensiones<\/td>\n<td bgcolor=\"#efefef\" height=\"20\"><\/td>\n<td bgcolor=\"#efefef\" height=\"20\">Largo<\/td>\n<td bgcolor=\"#efefef\">156\u00a0cm<\/td>\n<td bgcolor=\"#efefef\" height=\"20\">Ancho<\/td>\n<td bgcolor=\"#efefef\" height=\"20\">153\u00a0cm<\/td>\n<td bgcolor=\"#efefef\" height=\"20\">Alto<\/td>\n<td bgcolor=\"#efefef\" height=\"20\">162\u00a0cm<\/td>\n<\/tr>\n<tr>\n<td height=\"20\">Tara<\/td>\n<td height=\"20\">267\u00a0kg<\/td>\n<td colspan=\"2\" rowspan=\"2\"><img loading=\"lazy\" decoding=\"async\" class=\"size-full wp-image-3643 aligncenter\" src=\"https:\/\/www.noatumlogistics.com\/wp-content\/uploads\/2016\/08\/Isotermicos-RKN.gif\" alt=\"Isotermicos-RKN\" width=\"186\" height=\"85\" \/><\/td>\n<td colspan=\"2\" height=\"20\">Volumen disponible<\/td>\n<td height=\"20\">3\u00a0m3<\/td>\n<td height=\"20\"><\/td>\n<\/tr>\n<tr>\n<td bgcolor=\"#EFEFEF\" height=\"20\">Peso bruto m\u00e1ximo de carga<\/td>\n<td bgcolor=\"#EFEFEF\" height=\"20\">1,588\u00a0kg<\/td>\n<td colspan=\"2\" bgcolor=\"#EFEFEF\" height=\"20\">Compatibilidad con aeronaves:<\/td>\n<td colspan=\"2\" bgcolor=\"#EFEFEF\" height=\"20\">B747 \/ B777 \/340 \/ A330<\/td>\n<\/tr>\n<\/tbody>\n<\/table>\n<p>[\/vc_column_text][\/vc_column][\/vc_row][vc_row match_height=&#8221;yes&#8221; center_row=&#8221;yes&#8221; css=&#8221;.vc_custom_1471463806732{padding-top: 40px !important;}&#8221;][vc_column][vc_column_text]<\/p>\n<table border=\"0\" width=\"100%\" cellspacing=\"0\" cellpadding=\"5\">\n<tbody>\n<tr>\n<td style=\"color: #ffffff\" colspan=\"8\" bgcolor=\"#00305e\" height=\"10\">Contenedor a temperatura regulable C\u00f3digo IATA RAP<\/td>\n<\/tr>\n<tr>\n<td colspan=\"8\" height=\"10\"><strong>Rango de temperatura:<\/strong><br \/>\n-4 + 68\u00b0 F. (Equipado con un termostato <em>Envirotainer Standard<\/em> para 16 bater\u00edas alcalinas tama\u00f1o 16D<br \/>\n<strong>Capacidad para almacenar hielo<\/strong>:<br \/>\nBloques de hielo hasta 180 kg. o hielo a granel hasta 95 kg<\/td>\n<\/tr>\n<tr>\n<td bgcolor=\"#efefef\" height=\"20\">Dimensiones<\/td>\n<td bgcolor=\"#efefef\" height=\"20\"><\/td>\n<td bgcolor=\"#efefef\" height=\"20\">Largo<\/td>\n<td bgcolor=\"#efefef\">317\u00a0cm<\/td>\n<td bgcolor=\"#efefef\" height=\"20\">Ancho<\/td>\n<td bgcolor=\"#efefef\" height=\"20\">223\u00a0cm<\/td>\n<td bgcolor=\"#efefef\" height=\"20\">Alto<\/td>\n<td bgcolor=\"#efefef\" height=\"20\">162\u00a0cm<\/td>\n<\/tr>\n<tr>\n<td height=\"20\">Tara<\/td>\n<td height=\"20\">438 kg. seg\u00fan constructor<\/td>\n<td colspan=\"2\" rowspan=\"2\"><img loading=\"lazy\" decoding=\"async\" class=\"size-full wp-image-3645 aligncenter\" src=\"https:\/\/www.noatumlogistics.com\/wp-content\/uploads\/2016\/08\/Isotermicos-RAP.gif\" alt=\"Isotermicos-RAP\" width=\"186\" height=\"85\" \/><\/td>\n<td colspan=\"2\" height=\"20\">Volumen disponible<\/td>\n<td height=\"20\">8.3\u00a0m3<\/td>\n<td height=\"20\"><\/td>\n<\/tr>\n<tr>\n<td bgcolor=\"#EFEFEF\" height=\"20\">Peso bruto m\u00e1ximo de carga<\/td>\n<td bgcolor=\"#EFEFEF\" height=\"20\">6,800\u00a0kg<\/td>\n<td colspan=\"2\" bgcolor=\"#EFEFEF\" height=\"20\">Compatibilidad con aeronaves:<\/td>\n<td colspan=\"2\" bgcolor=\"#EFEFEF\" height=\"20\">B747 \/ B777 \/ A340 \/ A330<\/td>\n<\/tr>\n<\/tbody>\n<\/table>\n<p>[\/vc_column_text][\/vc_column][\/vc_row][vc_row match_height=&#8221;yes&#8221; center_row=&#8221;yes&#8221; css=&#8221;.vc_custom_1471463806732{padding-top: 40px !important;}&#8221;][vc_column][vc_column_text]<\/p>\n<table border=\"0\" width=\"100%\" cellspacing=\"0\" cellpadding=\"5\">\n<tbody>\n<tr>\n<td style=\"color: #ffffff\" colspan=\"8\" bgcolor=\"#00305e\" height=\"10\">Contenedor a temperatura regulable 96&#8243; x 125 x 64&#8243; C\u00f3digo IATA RMP<\/td>\n<\/tr>\n<tr>\n<td colspan=\"8\" height=\"10\">Espuma de Poli\u00e9ster entre los paneles laterales. Temperatura controlada entre 0 + 20\u00b0 C. Apertura con puerta sellable. Comportamiento con Capacidad de hasta 400 kg. de hielo seco con espacio para bater\u00edas de ventilador en un lado.<\/td>\n<\/tr>\n<tr>\n<td bgcolor=\"#efefef\" height=\"20\">Dimensiones exteriores<\/td>\n<td bgcolor=\"#efefef\" height=\"20\"><\/td>\n<td bgcolor=\"#efefef\" height=\"20\">Largo<\/td>\n<td bgcolor=\"#efefef\">317.1\u00a0cm<\/td>\n<td bgcolor=\"#efefef\" height=\"20\">Ancho<\/td>\n<td bgcolor=\"#efefef\" height=\"20\">244\u00a0cm<\/td>\n<td bgcolor=\"#efefef\" height=\"20\">Alto<\/td>\n<td bgcolor=\"#efefef\" height=\"20\">162.6\u00a0cm<\/td>\n<\/tr>\n<tr>\n<td height=\"20\">Dimensiones interiores<\/td>\n<td height=\"20\"><\/td>\n<td>Largo<\/td>\n<td>301 cm<\/td>\n<td height=\"20\">Ancho<\/td>\n<td height=\"20\">223.5 cm<\/td>\n<td height=\"20\">Alto<\/td>\n<td height=\"20\">141 cm<\/td>\n<\/tr>\n<tr>\n<td bgcolor=\"#EFEFEF\" height=\"20\">Tara<\/td>\n<td bgcolor=\"#EFEFEF\" height=\"20\">600 kg. director<\/td>\n<td colspan=\"2\" rowspan=\"2\"><img loading=\"lazy\" decoding=\"async\" class=\"size-full wp-image-3646 aligncenter\" src=\"https:\/\/www.noatumlogistics.com\/wp-content\/uploads\/2016\/08\/Isotermicos-RMP.gif\" alt=\"Isotermicos-RMP\" width=\"186\" height=\"85\" \/><\/td>\n<td colspan=\"2\" bgcolor=\"#EFEFEF\" height=\"20\">Vol\u00famen disponible<\/td>\n<td colspan=\"2\" bgcolor=\"#EFEFEF\" height=\"20\">10 m3.<\/td>\n<\/tr>\n<tr>\n<td height=\"20\">Peso bruto m\u00e1ximo<\/td>\n<td height=\"20\">6,033 kg. <strong>F (FCA, FAS, FOB):<\/strong> El vendedor entrega las mercader\u00edas a un transportista designado por el comprador. PMD Ver mapa B747<\/p>\n<p>4,200 kg. para PDL del B747 \/ Combi \/ A340 \/ A330 \/ B777<\/td>\n<td colspan=\"2\" height=\"20\">Compatibilidad con aeronaves:<\/td>\n<td colspan=\"2\" height=\"20\">B747 \/ B777 \/ A340 \/ A330<\/td>\n<\/tr>\n<\/tbody>\n<\/table>\n<p>[\/vc_column_text][\/vc_column][\/vc_row][vc_row match_height=&#8221;yes&#8221; center_row=&#8221;yes&#8221; css=&#8221;.vc_custom_1471463806732{padding-top: 40px !important;}&#8221;][vc_column][vc_column_text]<\/p>\n<table border=\"0\" width=\"100%\" cellspacing=\"0\" cellpadding=\"5\">\n<tbody>\n<tr>\n<td style=\"color: #ffffff\" colspan=\"8\" bgcolor=\"#00305e\" height=\"10\">Contenedor a temperatura regulable 87&#8243; x 61.5 x 63&#8243; C\u00f3digo IATA JPP<\/td>\n<\/tr>\n<tr>\n<td colspan=\"8\" height=\"10\">Contenedor isot\u00e9rmico para el transporte de carga, empaque compuesto por paneles de espuma de poli\u00e9ster. Posee puerta sellada de seguridad.<\/td>\n<\/tr>\n<tr>\n<td bgcolor=\"#efefef\" height=\"20\">Dimensiones<\/td>\n<td bgcolor=\"#efefef\" height=\"20\"><\/td>\n<td bgcolor=\"#efefef\" height=\"20\">Largo<\/td>\n<td bgcolor=\"#efefef\">317 cm<\/td>\n<td bgcolor=\"#efefef\" height=\"20\">Ancho<\/td>\n<td bgcolor=\"#efefef\" height=\"20\">223\u00a0cm<\/td>\n<td bgcolor=\"#efefef\" height=\"20\">Alto<\/td>\n<td bgcolor=\"#efefef\" height=\"20\">162\u00a0cm<\/td>\n<\/tr>\n<tr>\n<td height=\"20\">Tara<\/td>\n<td height=\"20\">438 kg. director<\/td>\n<td colspan=\"2\" rowspan=\"2\"><img loading=\"lazy\" decoding=\"async\" class=\"alignnone size-full wp-image-3647\" src=\"https:\/\/www.noatumlogistics.com\/wp-content\/uploads\/2016\/08\/Isotermicos-JPP.gif\" alt=\"Isotermicos-JPP\" width=\"186\" height=\"85\" \/><\/td>\n<td colspan=\"2\" height=\"20\">Vol\u00famen disponible<\/td>\n<td colspan=\"2\" height=\"20\">8.3 m3.<\/td>\n<\/tr>\n<tr>\n<td bgcolor=\"#EFEFEF\" height=\"20\">Peso bruto m\u00e1ximo<\/td>\n<td bgcolor=\"#EFEFEF\" height=\"20\">6,800 kg.<\/td>\n<td colspan=\"2\" bgcolor=\"#EFEFEF\" height=\"20\">Compatibilidad con aeronaves:<\/td>\n<td colspan=\"2\" bgcolor=\"#EFEFEF\" height=\"20\">A continuaci\u00f3n puede observar las plazas donde Marmedsa Noatum Maritime tiene empresas en.<\/td>\n<\/tr>\n<\/tbody>\n<\/table>\n<p>[\/vc_column_text][\/vc_column][\/vc_row]<\/p>\n<\/div>","protected":false},"excerpt":{"rendered":"<p>[vc_row center_row=&#8221;yes&#8221; opn_row_id=&#8221;somos&#8221; opn_row_gutter=&#8221;70&#8243; css=&#8221;.vc_custom_1470769969354{background-image: url(https:\/\/www.noatumlogistics.com\/wp-content\/uploads\/2016\/06\/fondo-directorio-2.jpg?id=1367) !important;}&#8221;][vc_column css=&#8221;.vc_custom_1470771386196{margin-bottom: -20px !important;}&#8221;][\/vc_column][\/vc_row][vc_row match_height=&#8221;yes&#8221; center_row=&#8221;yes&#8221;][vc_column][vc_column_text] Contenedor a temperatura regulable C\u00f3digo IATA RKN Rango de temperatura: -4 + 68\u00b0 F. (Equipado con un termostato&#8230;<\/p>\n","protected":false},"author":1,"featured_media":3856,"parent":0,"menu_order":0,"comment_status":"closed","ping_status":"closed","template":"","meta":{"footnotes":""},"class_list":["post-3641","page","type-page","status-publish","has-post-thumbnail","hentry"],"yoast_head":"<!-- This site is optimized with the Yoast SEO plugin v27.4 - https:\/\/yoast.com\/product\/yoast-seo-wordpress\/ -->\n<title>Tipo de Contenedores A\u00e9reos - Isotermicos | Noatum Logistics<\/title>\n<meta name=\"description\" content=\"\u00bfEst\u00e1s planeando transportar tus contenedores isot\u00e9rmicos? Descubre nuestro servicio de transporte de contenedores isot\u00e9rmicos por v\u00eda a\u00e9rea.\" \/>\n<meta name=\"robots\" content=\"index, follow, max-snippet:-1, max-image-preview:large, max-video-preview:-1\" \/>\n<link rel=\"canonical\" href=\"https:\/\/www.noatumlogistics.com\/es\/tipo-de-contenedores-aereos-isotermicos\/\" \/>\n<meta property=\"og:locale\" content=\"es_ES\" \/>\n<meta property=\"og:type\" content=\"article\" \/>\n<meta property=\"og:title\" content=\"Tipo de Contenedores A\u00e9reos - Isotermicos | Noatum Logistics\" \/>\n<meta property=\"og:description\" content=\"\u00bfEst\u00e1s planeando transportar tus contenedores isot\u00e9rmicos? Descubre nuestro servicio de transporte de contenedores isot\u00e9rmicos por v\u00eda a\u00e9rea.\" \/>\n<meta property=\"og:url\" content=\"https:\/\/www.noatumlogistics.com\/es\/tipo-de-contenedores-aereos-isotermicos\/\" \/>\n<meta property=\"og:site_name\" content=\"Global\" \/>\n<meta property=\"article:modified_time\" content=\"2020-08-27T13:41:03+00:00\" \/>\n<meta property=\"og:image\" content=\"https:\/\/www.noatumlogistics.com\/wp-content\/uploads\/2016\/07\/servicios-logisticos1-1.jpg\" \/>\n\t<meta property=\"og:image:width\" content=\"2200\" \/>\n\t<meta property=\"og:image:height\" content=\"800\" \/>\n\t<meta property=\"og:image:type\" content=\"image\/jpeg\" \/>\n<meta name=\"twitter:card\" content=\"summary_large_image\" \/>\n<meta name=\"twitter:label1\" content=\"Tiempo de lectura\" \/>\n\t<meta name=\"twitter:data1\" content=\"3 minutos\" \/>\n<script type=\"application\/ld+json\" class=\"yoast-schema-graph\">{\"@context\":\"https:\\\/\\\/schema.org\",\"@graph\":[{\"@type\":\"WebPage\",\"@id\":\"https:\\\/\\\/www.noatumlogistics.com\\\/es\\\/tipo-de-contenedores-aereos-isotermicos\\\/\",\"url\":\"https:\\\/\\\/www.noatumlogistics.com\\\/es\\\/tipo-de-contenedores-aereos-isotermicos\\\/\",\"name\":\"Tipo de Contenedores A\u00e9reos - Isotermicos | Noatum Logistics\",\"isPartOf\":{\"@id\":\"https:\\\/\\\/www.noatumlogistics.com\\\/es\\\/#website\"},\"primaryImageOfPage\":{\"@id\":\"https:\\\/\\\/www.noatumlogistics.com\\\/es\\\/tipo-de-contenedores-aereos-isotermicos\\\/#primaryimage\"},\"image\":{\"@id\":\"https:\\\/\\\/www.noatumlogistics.com\\\/es\\\/tipo-de-contenedores-aereos-isotermicos\\\/#primaryimage\"},\"thumbnailUrl\":\"https:\\\/\\\/www.noatumlogistics.com\\\/wp-content\\\/uploads\\\/2016\\\/07\\\/servicios-logisticos1-1.jpg\",\"datePublished\":\"2016-08-17T19:54:00+00:00\",\"dateModified\":\"2020-08-27T13:41:03+00:00\",\"description\":\"\u00bfEst\u00e1s planeando transportar tus contenedores isot\u00e9rmicos? Descubre nuestro servicio de transporte de contenedores isot\u00e9rmicos por v\u00eda a\u00e9rea.\",\"breadcrumb\":{\"@id\":\"https:\\\/\\\/www.noatumlogistics.com\\\/es\\\/tipo-de-contenedores-aereos-isotermicos\\\/#breadcrumb\"},\"inLanguage\":\"es\",\"potentialAction\":[{\"@type\":\"ReadAction\",\"target\":[\"https:\\\/\\\/www.noatumlogistics.com\\\/es\\\/tipo-de-contenedores-aereos-isotermicos\\\/\"]}]},{\"@type\":\"ImageObject\",\"inLanguage\":\"es\",\"@id\":\"https:\\\/\\\/www.noatumlogistics.com\\\/es\\\/tipo-de-contenedores-aereos-isotermicos\\\/#primaryimage\",\"url\":\"https:\\\/\\\/www.noatumlogistics.com\\\/wp-content\\\/uploads\\\/2016\\\/07\\\/servicios-logisticos1-1.jpg\",\"contentUrl\":\"https:\\\/\\\/www.noatumlogistics.com\\\/wp-content\\\/uploads\\\/2016\\\/07\\\/servicios-logisticos1-1.jpg\",\"width\":2200,\"height\":800,\"caption\":\"porte conteneurs le soir plein rgime\"},{\"@type\":\"BreadcrumbList\",\"@id\":\"https:\\\/\\\/www.noatumlogistics.com\\\/es\\\/tipo-de-contenedores-aereos-isotermicos\\\/#breadcrumb\",\"itemListElement\":[{\"@type\":\"ListItem\",\"position\":1,\"name\":\"Home\",\"item\":\"https:\\\/\\\/www.noatumlogistics.com\\\/es\\\/\"},{\"@type\":\"ListItem\",\"position\":2,\"name\":\"Tipo de Contenedores A\u00e9reos &#8211; Isotermicos\"}]},{\"@type\":\"WebSite\",\"@id\":\"https:\\\/\\\/www.noatumlogistics.com\\\/es\\\/#website\",\"url\":\"https:\\\/\\\/www.noatumlogistics.com\\\/es\\\/\",\"name\":\"Global\",\"description\":\"Excelencia en servicios log\u00edsticos\",\"potentialAction\":[{\"@type\":\"SearchAction\",\"target\":{\"@type\":\"EntryPoint\",\"urlTemplate\":\"https:\\\/\\\/www.noatumlogistics.com\\\/es\\\/?s={search_term_string}\"},\"query-input\":{\"@type\":\"PropertyValueSpecification\",\"valueRequired\":true,\"valueName\":\"search_term_string\"}}],\"inLanguage\":\"es\"}]}<\/script>\n<!-- \/ Yoast SEO plugin. -->","yoast_head_json":{"title":"Tipo de Contenedores A\u00e9reos - Isotermicos | Noatum Logistics","description":"\u00bfEst\u00e1s planeando transportar tus contenedores isot\u00e9rmicos? Descubre nuestro servicio de transporte de contenedores isot\u00e9rmicos por v\u00eda a\u00e9rea.","robots":{"index":"index","follow":"follow","max-snippet":"max-snippet:-1","max-image-preview":"max-image-preview:large","max-video-preview":"max-video-preview:-1"},"canonical":"https:\/\/www.noatumlogistics.com\/es\/tipo-de-contenedores-aereos-isotermicos\/","og_locale":"es_ES","og_type":"article","og_title":"Tipo de Contenedores A\u00e9reos - Isotermicos | Noatum Logistics","og_description":"\u00bfEst\u00e1s planeando transportar tus contenedores isot\u00e9rmicos? Descubre nuestro servicio de transporte de contenedores isot\u00e9rmicos por v\u00eda a\u00e9rea.","og_url":"https:\/\/www.noatumlogistics.com\/es\/tipo-de-contenedores-aereos-isotermicos\/","og_site_name":"Global","article_modified_time":"2020-08-27T13:41:03+00:00","og_image":[{"width":2200,"height":800,"url":"https:\/\/www.noatumlogistics.com\/wp-content\/uploads\/2016\/07\/servicios-logisticos1-1.jpg","type":"image\/jpeg"}],"twitter_card":"summary_large_image","twitter_misc":{"Tiempo de lectura":"3 minutos"},"schema":{"@context":"https:\/\/schema.org","@graph":[{"@type":"WebPage","@id":"https:\/\/www.noatumlogistics.com\/es\/tipo-de-contenedores-aereos-isotermicos\/","url":"https:\/\/www.noatumlogistics.com\/es\/tipo-de-contenedores-aereos-isotermicos\/","name":"Tipo de Contenedores A\u00e9reos - Isotermicos | Noatum Logistics","isPartOf":{"@id":"https:\/\/www.noatumlogistics.com\/es\/#website"},"primaryImageOfPage":{"@id":"https:\/\/www.noatumlogistics.com\/es\/tipo-de-contenedores-aereos-isotermicos\/#primaryimage"},"image":{"@id":"https:\/\/www.noatumlogistics.com\/es\/tipo-de-contenedores-aereos-isotermicos\/#primaryimage"},"thumbnailUrl":"https:\/\/www.noatumlogistics.com\/wp-content\/uploads\/2016\/07\/servicios-logisticos1-1.jpg","datePublished":"2016-08-17T19:54:00+00:00","dateModified":"2020-08-27T13:41:03+00:00","description":"\u00bfEst\u00e1s planeando transportar tus contenedores isot\u00e9rmicos? Descubre nuestro servicio de transporte de contenedores isot\u00e9rmicos por v\u00eda a\u00e9rea.","breadcrumb":{"@id":"https:\/\/www.noatumlogistics.com\/es\/tipo-de-contenedores-aereos-isotermicos\/#breadcrumb"},"inLanguage":"es","potentialAction":[{"@type":"ReadAction","target":["https:\/\/www.noatumlogistics.com\/es\/tipo-de-contenedores-aereos-isotermicos\/"]}]},{"@type":"ImageObject","inLanguage":"es","@id":"https:\/\/www.noatumlogistics.com\/es\/tipo-de-contenedores-aereos-isotermicos\/#primaryimage","url":"https:\/\/www.noatumlogistics.com\/wp-content\/uploads\/2016\/07\/servicios-logisticos1-1.jpg","contentUrl":"https:\/\/www.noatumlogistics.com\/wp-content\/uploads\/2016\/07\/servicios-logisticos1-1.jpg","width":2200,"height":800,"caption":"porte conteneurs le soir plein rgime"},{"@type":"BreadcrumbList","@id":"https:\/\/www.noatumlogistics.com\/es\/tipo-de-contenedores-aereos-isotermicos\/#breadcrumb","itemListElement":[{"@type":"ListItem","position":1,"name":"Home","item":"https:\/\/www.noatumlogistics.com\/es\/"},{"@type":"ListItem","position":2,"name":"Tipo de Contenedores A\u00e9reos &#8211; Isotermicos"}]},{"@type":"WebSite","@id":"https:\/\/www.noatumlogistics.com\/es\/#website","url":"https:\/\/www.noatumlogistics.com\/es\/","name":"Global","description":"Excelencia en servicios log\u00edsticos","potentialAction":[{"@type":"SearchAction","target":{"@type":"EntryPoint","urlTemplate":"https:\/\/www.noatumlogistics.com\/es\/?s={search_term_string}"},"query-input":{"@type":"PropertyValueSpecification","valueRequired":true,"valueName":"search_term_string"}}],"inLanguage":"es"}]}},"_links":{"self":[{"href":"https:\/\/www.noatumlogistics.com\/es\/wp-json\/wp\/v2\/pages\/3641","targetHints":{"allow":["GET"]}}],"collection":[{"href":"https:\/\/www.noatumlogistics.com\/es\/wp-json\/wp\/v2\/pages"}],"about":[{"href":"https:\/\/www.noatumlogistics.com\/es\/wp-json\/wp\/v2\/types\/page"}],"author":[{"embeddable":true,"href":"https:\/\/www.noatumlogistics.com\/es\/wp-json\/wp\/v2\/users\/1"}],"replies":[{"embeddable":true,"href":"https:\/\/www.noatumlogistics.com\/es\/wp-json\/wp\/v2\/comments?post=3641"}],"version-history":[{"count":2,"href":"https:\/\/www.noatumlogistics.com\/es\/wp-json\/wp\/v2\/pages\/3641\/revisions"}],"predecessor-version":[{"id":15645,"href":"https:\/\/www.noatumlogistics.com\/es\/wp-json\/wp\/v2\/pages\/3641\/revisions\/15645"}],"wp:featuredmedia":[{"embeddable":true,"href":"https:\/\/www.noatumlogistics.com\/es\/wp-json\/wp\/v2\/media\/3856"}],"wp:attachment":[{"href":"https:\/\/www.noatumlogistics.com\/es\/wp-json\/wp\/v2\/media?parent=3641"}],"curies":[{"name":"wp","href":"https:\/\/api.w.org\/{rel}","templated":true}]}}