{"id":3626,"date":"2016-08-17T18:16:45","date_gmt":"2016-08-17T18:16:45","guid":{"rendered":"https:\/\/www.noatumlogistics.com\/?page_id=3626"},"modified":"2024-05-14T13:23:44","modified_gmt":"2024-05-14T12:23:44","slug":"tipo-de-contenedores-aereos-estandar","status":"publish","type":"page","link":"https:\/\/www.noatumlogistics.com\/es\/tipo-de-contenedores-aereos-estandar\/","title":{"rendered":"Tipo de Contenedores A\u00e9reos &#8211; Estandar"},"content":{"rendered":"<div class=\"wpb-content-wrapper\"><p>[vc_row center_row=&#8221;yes&#8221; opn_row_id=&#8221;somos&#8221; opn_row_gutter=&#8221;70&#8243; css=&#8221;.vc_custom_1470769969354{background-image: url(https:\/\/www.noatumlogistics.com\/wp-content\/uploads\/2016\/06\/fondo-directorio-2.jpg?id=1367) !important;}&#8221;][vc_column css=&#8221;.vc_custom_1470771386196{margin-bottom: -20px !important;}&#8221;]<div id=\"ult-easy-separator-429267858069d5603d56048\" class=\"ult-easy-separator-wrapper ult-responsive ult-top-easy-separator  \" style=\"\" data-vc-row=\"wpb_row\"  data-ultimate-target='#ult-easy-separator-429267858069d5603d56048'  data-responsive-json-new='{\"width\":\"\"}' ><div class=\"ult-easy-separator-inner-wrapper\"><div class=\"ult-no-animation\" style=\"opacity:0;\"   ><img decoding=\"async\" class=\"ult-easy-separator-img\" alt=\"null\" src=\"https:\/\/www.noatumlogistics.com\/wp-content\/uploads\/2016\/04\/arrowdown-1.png\" \/><a href=\"#direccion\" ><\/a><\/div><\/div><\/div><div class=\"zozo-parallax-header\"><div class=\"parallax-header\"><h5 class=\"parallax-title text-center text-capitalize\" style=\"font-size:16px;margin:0px 0px 0px 0px;\">HERRAMIENTAS<\/h5><div class=\"parallax-desc default-style text-center\"><h3 style=\"color: #af2626; margin-top: 20px; text-align: center;\">Tipo de Contenedores A\u00e9reos\u00a0&#8211;\u00a0Estandar<\/h3>\n<div class=\"menu-container-type-air-container\"><ul id=\"menu-container-type-air\" class=\"menu navcontainerstype\"><li id=\"menu-item-15104\" class=\"menu-item menu-item-type-post_type menu-item-object-page menu-item-15104\"><a href=\"https:\/\/www.noatumlogistics.com\/es\/tipo-de-contenedores-aereos-estandar\/\">Estandar<\/a><\/li>\n<li id=\"menu-item-15105\" class=\"menu-item menu-item-type-post_type menu-item-object-page menu-item-15105\"><a href=\"https:\/\/www.noatumlogistics.com\/es\/tipo-de-contenedores-aereos-de-seguridad\/\">De Seguridad<\/a><\/li>\n<li id=\"menu-item-15103\" class=\"menu-item menu-item-type-post_type menu-item-object-page menu-item-15103\"><a href=\"https:\/\/www.noatumlogistics.com\/es\/tipo-de-contenedores-aereos-isotermicos\/\">Isotermicos<\/a><\/li>\n<li id=\"menu-item-15101\" class=\"menu-item menu-item-type-post_type menu-item-object-page menu-item-15101\"><a href=\"https:\/\/www.noatumlogistics.com\/es\/tipo-de-contenedores-aereos-animales\/\">Para Animales Vivos<\/a><\/li>\n<li id=\"menu-item-15102\" class=\"menu-item menu-item-type-post_type menu-item-object-page menu-item-15102\"><a href=\"https:\/\/www.noatumlogistics.com\/es\/tipo-de-contenedores-aereos-pallets\/\">Pallets<\/a><\/li>\n<\/ul><\/div>\n<\/div><\/div><\/div>[\/vc_column][\/vc_row][vc_row match_height=&#8221;yes&#8221; center_row=&#8221;yes&#8221;][vc_column][vc_column_text]<\/p>\n<table border=\"0\" width=\"100%\" cellspacing=\"0\" cellpadding=\"5\">\n<tbody>\n<tr>\n<td style=\"color: #ffffff;\" colspan=\"8\" bgcolor=\"#00305e\" height=\"10\">Contenedor estandar. Contenedor 88 x 125 x 63&#8243;. C\u00f3digo IATA AAP \/ AA2<\/td>\n<\/tr>\n<tr>\n<td colspan=\"8\" height=\"10\">Contenedor completamente de aluminio, se abre por uno de los lados de 317.5 cm., cerrado por una solapa y una red con correas.\u00a0Puede ser adaptado para cargar prendas con colgantes. Algunos contenedores est\u00e1n equipados con puertas de seguridad.<\/td>\n<\/tr>\n<tr>\n<td bgcolor=\"#efefef\" height=\"20\">Dimensiones<\/td>\n<td bgcolor=\"#efefef\" height=\"20\"><\/td>\n<td bgcolor=\"#efefef\" height=\"20\">Largo<\/td>\n<td bgcolor=\"#efefef\">317.5 cm<\/td>\n<td bgcolor=\"#efefef\" height=\"20\">Ancho<\/td>\n<td bgcolor=\"#efefef\" height=\"20\">223.5\u00a0cm<\/td>\n<td bgcolor=\"#efefef\" height=\"20\">Alto<\/td>\n<td bgcolor=\"#efefef\" height=\"20\">162.5\u00a0cm<\/td>\n<\/tr>\n<tr>\n<td height=\"20\">Tara<\/td>\n<td height=\"20\">230\u00a0kg<\/td>\n<td colspan=\"2\" rowspan=\"2\"><img loading=\"lazy\" decoding=\"async\" class=\"size-full wp-image-3629 aligncenter\" src=\"https:\/\/www.noatumlogistics.com\/wp-content\/uploads\/2016\/08\/Contenedor_88-125-63.gif\" alt=\"Contenedor_88-125-63\" width=\"186\" height=\"85\" \/><\/td>\n<td colspan=\"2\" height=\"20\">Volumen disponible<\/td>\n<td height=\"20\">9.8 m3<\/td>\n<td height=\"20\"><\/td>\n<\/tr>\n<tr>\n<td bgcolor=\"#EFEFEF\" height=\"20\">Peso bruto m\u00e1ximo de carga<\/td>\n<td bgcolor=\"#EFEFEF\" height=\"20\">4,625\u00a0kg<\/td>\n<td colspan=\"2\" bgcolor=\"#EFEFEF\" height=\"20\">Compatibilidad con aeronaves:<\/td>\n<td colspan=\"2\" bgcolor=\"#EFEFEF\" height=\"20\">B747 F \/ B747 \/ A340 \/ A330 \/ B777<\/td>\n<\/tr>\n<\/tbody>\n<\/table>\n<p>[\/vc_column_text][\/vc_column][\/vc_row][vc_row match_height=&#8221;yes&#8221; center_row=&#8221;yes&#8221; css=&#8221;.vc_custom_1471461071986{padding-top: 40px !important;}&#8221;][vc_column][vc_column_text]<\/p>\n<table border=\"0\" width=\"100%\" cellspacing=\"0\" cellpadding=\"5\">\n<tbody>\n<tr>\n<td style=\"color: #ffffff;\" colspan=\"8\" bgcolor=\"#00305e\" height=\"10\">Contenedor estandar. Contenedor 96 x 125 x 63&#8243;. C\u00f3digo IATA AMP<\/td>\n<\/tr>\n<tr>\n<td colspan=\"8\" height=\"10\">Contenedor completamente de aluminio, se abre por uno de los lados de 317.5 cm., cerrado por una solapa y una red con correas.\u00a0Puede ser adaptado para cargar prendas con colgantes. Algunos contenedores est\u00e1n equipados con puertas de seguridad.<\/td>\n<\/tr>\n<tr>\n<td bgcolor=\"#efefef\" height=\"20\">Dimensiones<\/td>\n<td bgcolor=\"#efefef\" height=\"20\"><\/td>\n<td bgcolor=\"#efefef\" height=\"20\">Largo<\/td>\n<td bgcolor=\"#efefef\">317.5 cm<\/td>\n<td bgcolor=\"#efefef\" height=\"20\">Ancho<\/td>\n<td bgcolor=\"#efefef\" height=\"20\">244\u00a0cm<\/td>\n<td bgcolor=\"#efefef\" height=\"20\">Alto<\/td>\n<td bgcolor=\"#efefef\" height=\"20\">162.5\u00a0cm<\/td>\n<\/tr>\n<tr>\n<td height=\"20\">Tara<\/td>\n<td height=\"20\">285\u00a0kg<\/td>\n<td colspan=\"2\" rowspan=\"2\"><img loading=\"lazy\" decoding=\"async\" class=\"size-full wp-image-3630 aligncenter\" src=\"https:\/\/www.noatumlogistics.com\/wp-content\/uploads\/2016\/08\/Contenedor_96-125-63.gif\" alt=\"Contenedor_96-125-63\" width=\"186\" height=\"85\" \/><\/td>\n<td colspan=\"2\" height=\"20\">Volumen disponible<\/td>\n<td height=\"20\">10.8\u00a0m3<\/td>\n<td height=\"20\"><\/td>\n<\/tr>\n<tr>\n<td bgcolor=\"#EFEFEF\" height=\"20\">Peso bruto m\u00e1ximo<\/td>\n<td bgcolor=\"#EFEFEF\" height=\"20\">6,800 kg. para PMD<br \/>\n4,625 kg. para PLD<\/td>\n<td colspan=\"2\" bgcolor=\"#EFEFEF\" height=\"20\">Compatibilidad con aeronaves:<\/td>\n<td colspan=\"2\" bgcolor=\"#EFEFEF\" height=\"20\">B747 F \/ B747 \/ A340 \/ A330 \/ B777<\/td>\n<\/tr>\n<\/tbody>\n<\/table>\n<p>[\/vc_column_text][\/vc_column][\/vc_row][vc_row match_height=&#8221;yes&#8221; center_row=&#8221;yes&#8221; css=&#8221;.vc_custom_1471461176423{padding-top: 40px !important;}&#8221;][vc_column][vc_column_text]<\/p>\n<table border=\"0\" width=\"100%\" cellspacing=\"0\" cellpadding=\"5\">\n<tbody>\n<tr>\n<td style=\"color: #ffffff;\" colspan=\"8\" bgcolor=\"#00305e\" height=\"10\">Contenedor estandar. Contenedor 96 x 125 x 96&#8243;. C\u00f3digo IATA AMA \/ AQ6<\/td>\n<\/tr>\n<tr>\n<td colspan=\"8\" height=\"10\">Contenedor completamente de aluminio, se abre por uno de los lados de 317.5 cm., cerrado por una solapa y una red con correas.\u00a0Puede ser adaptado para cargar prendas con colgantes. Algunos contenedores est\u00e1n equipados con puertas de seguridad.<\/td>\n<\/tr>\n<tr>\n<td bgcolor=\"#efefef\" height=\"20\">Dimensiones<\/td>\n<td bgcolor=\"#efefef\" height=\"20\"><\/td>\n<td bgcolor=\"#efefef\" height=\"20\">Largo<\/td>\n<td bgcolor=\"#efefef\">317.5 cm<\/td>\n<td bgcolor=\"#efefef\" height=\"20\">Ancho<\/td>\n<td bgcolor=\"#efefef\" height=\"20\">244\u00a0cm<\/td>\n<td bgcolor=\"#efefef\" height=\"20\">Alto<\/td>\n<td bgcolor=\"#efefef\" height=\"20\">244\u00a0cm<\/td>\n<\/tr>\n<tr>\n<td height=\"20\">Tara<\/td>\n<td height=\"20\">270\u00a0kg<\/td>\n<td colspan=\"2\" rowspan=\"2\"><img loading=\"lazy\" decoding=\"async\" class=\"size-full wp-image-3631 aligncenter\" src=\"https:\/\/www.noatumlogistics.com\/wp-content\/uploads\/2016\/08\/Contenedor_96-125-96.gif\" alt=\"Contenedor_96-125-96\" width=\"186\" height=\"85\" \/><\/td>\n<td colspan=\"2\" height=\"20\">Volumen disponible<\/td>\n<td height=\"20\">15.7\u00a0m3<\/td>\n<td height=\"20\"><\/td>\n<\/tr>\n<tr>\n<td bgcolor=\"#EFEFEF\" height=\"20\">Peso bruto m\u00e1ximo<\/td>\n<td bgcolor=\"#EFEFEF\" height=\"20\">6,800 kg.<\/td>\n<td colspan=\"2\" bgcolor=\"#EFEFEF\" height=\"20\">Compatibilidad con aeronaves:<\/td>\n<td colspan=\"2\" bgcolor=\"#EFEFEF\" height=\"20\">B747 F<\/td>\n<\/tr>\n<\/tbody>\n<\/table>\n<p>[\/vc_column_text][\/vc_column][\/vc_row][vc_row match_height=&#8221;yes&#8221; center_row=&#8221;yes&#8221; css=&#8221;.vc_custom_1471461192964{padding-top: 40px !important;}&#8221;][vc_column][vc_column_text]<\/p>\n<table border=\"0\" width=\"100%\" cellspacing=\"0\" cellpadding=\"5\">\n<tbody>\n<tr>\n<td style=\"color: #ffffff;\" colspan=\"8\" bgcolor=\"#00305e\" height=\"10\">Contenedor estandar. Contenedor. C\u00f3digo IATA AKH<\/td>\n<\/tr>\n<tr>\n<td colspan=\"8\" height=\"10\">Contenedor completamente de aluminio, se abre por uno de los lados de de 156 cm., Manejable por montacargas.<\/td>\n<\/tr>\n<tr>\n<td bgcolor=\"#efefef\" height=\"20\">Dimensiones<\/td>\n<td bgcolor=\"#efefef\" height=\"20\"><\/td>\n<td bgcolor=\"#efefef\" height=\"20\">Largo<\/td>\n<td bgcolor=\"#efefef\">156\u00a0cm<\/td>\n<td bgcolor=\"#efefef\" height=\"20\">Ancho<\/td>\n<td bgcolor=\"#efefef\" height=\"20\">153.4\u00a0cm<\/td>\n<td bgcolor=\"#efefef\" height=\"20\">Alto<\/td>\n<td bgcolor=\"#efefef\" height=\"20\">114\u00a0cm<\/td>\n<\/tr>\n<tr>\n<td height=\"20\">Tara<\/td>\n<td height=\"20\">85\u00a0kg<\/td>\n<td colspan=\"2\" rowspan=\"2\"><img loading=\"lazy\" decoding=\"async\" class=\"size-full wp-image-3632 aligncenter\" src=\"https:\/\/www.noatumlogistics.com\/wp-content\/uploads\/2016\/08\/Contenedor_AKH.gif\" alt=\"Contenedor_AKH\" width=\"186\" height=\"85\" \/><\/td>\n<td colspan=\"2\" height=\"20\">Volumen disponible<\/td>\n<td height=\"20\">3.5\u00a0m3<\/td>\n<td height=\"20\"><\/td>\n<\/tr>\n<tr>\n<td bgcolor=\"#EFEFEF\" height=\"20\">Peso bruto m\u00e1ximo<\/td>\n<td bgcolor=\"#EFEFEF\" height=\"20\">1,135\u00a0kg.<\/td>\n<td colspan=\"2\" bgcolor=\"#EFEFEF\" height=\"20\">Compatibilidad con aeronaves:<\/td>\n<td colspan=\"2\" bgcolor=\"#EFEFEF\" height=\"20\">A320 \/\u00a0A321<\/td>\n<\/tr>\n<\/tbody>\n<\/table>\n<p>[\/vc_column_text][\/vc_column][\/vc_row][vc_row match_height=&#8221;yes&#8221; center_row=&#8221;yes&#8221; css=&#8221;.vc_custom_1471461368903{padding-top: 40px !important;}&#8221;][vc_column][vc_column_text]<\/p>\n<table border=\"0\" width=\"100%\" cellspacing=\"0\" cellpadding=\"5\">\n<tbody>\n<tr>\n<td style=\"color: #ffffff;\" colspan=\"8\" bgcolor=\"#00305e\" height=\"10\">Contenedor estandar. Contenedor. C\u00f3digo IATA AKE<\/td>\n<\/tr>\n<tr>\n<td colspan=\"8\" height=\"10\">Contenedor completamente de aluminio, se abre por uno de los lados\u00a0de 156 cm., Cerrado por una solapa.<\/td>\n<\/tr>\n<tr>\n<td bgcolor=\"#efefef\" height=\"20\">Dimensiones<\/td>\n<td bgcolor=\"#efefef\" height=\"20\"><\/td>\n<td bgcolor=\"#efefef\" height=\"20\">Largo<\/td>\n<td bgcolor=\"#efefef\">156\u00a0cm<\/td>\n<td bgcolor=\"#efefef\" height=\"20\">Ancho<\/td>\n<td bgcolor=\"#efefef\" height=\"20\">153.4\u00a0cm<\/td>\n<td bgcolor=\"#efefef\" height=\"20\">Alto<\/td>\n<td bgcolor=\"#efefef\" height=\"20\">160 cm<\/td>\n<\/tr>\n<tr>\n<td height=\"20\">Tara<\/td>\n<td height=\"20\">75\u00a0kg<\/td>\n<td colspan=\"2\" rowspan=\"2\"><img loading=\"lazy\" decoding=\"async\" class=\"size-full wp-image-3633 aligncenter\" src=\"https:\/\/www.noatumlogistics.com\/wp-content\/uploads\/2016\/08\/Contenedor_AKE.gif\" alt=\"Contenedor_AKE\" width=\"186\" height=\"85\" \/><\/td>\n<td colspan=\"2\" height=\"20\">Volumen disponible<\/td>\n<td height=\"20\">4.5\u00a0m3<\/td>\n<td height=\"20\"><\/td>\n<\/tr>\n<tr>\n<td bgcolor=\"#EFEFEF\" height=\"20\">Peso bruto m\u00e1ximo<\/td>\n<td bgcolor=\"#EFEFEF\" height=\"20\">1,587 kg.<\/td>\n<td colspan=\"2\" bgcolor=\"#EFEFEF\" height=\"20\">Compatibilidad con aeronaves:<\/td>\n<td colspan=\"2\" bgcolor=\"#EFEFEF\" height=\"20\">B747 \/ A340 \/\u00a0A330 \/ B777<\/td>\n<\/tr>\n<\/tbody>\n<\/table>\n<p>[\/vc_column_text][\/vc_column][\/vc_row][vc_row match_height=&#8221;yes&#8221; center_row=&#8221;yes&#8221; css=&#8221;.vc_custom_1471461398934{padding-top: 40px !important;}&#8221;][vc_column][vc_column_text]<\/p>\n<table border=\"0\" width=\"100%\" cellspacing=\"0\" cellpadding=\"5\">\n<tbody>\n<tr>\n<td style=\"color: #ffffff;\" colspan=\"8\" bgcolor=\"#00305e\" height=\"10\">Contenedor estandar. Contenedor. C\u00f3digo IATA AKN<\/td>\n<\/tr>\n<tr>\n<td colspan=\"8\" height=\"10\">Contenedor completamente de aluminio, se abre por uno de los lados de de 156 cm., Cerrado por una doble puerta met\u00e1lica. Contenedor disponible con VARIATION FASHION. Manejable por montacargas. Plaf\u00f3n modulable adaptado para prendas con colgantes. Puede ser sellado.<\/td>\n<\/tr>\n<tr>\n<td bgcolor=\"#efefef\" height=\"20\">Dimensiones<\/td>\n<td bgcolor=\"#efefef\" height=\"20\"><\/td>\n<td bgcolor=\"#efefef\" height=\"20\">Largo<\/td>\n<td bgcolor=\"#efefef\">156\u00a0cm<\/td>\n<td bgcolor=\"#efefef\" height=\"20\">Ancho<\/td>\n<td bgcolor=\"#efefef\" height=\"20\">153.4\u00a0cm<\/td>\n<td bgcolor=\"#efefef\" height=\"20\">Alto<\/td>\n<td bgcolor=\"#efefef\" height=\"20\">160 cm<\/td>\n<\/tr>\n<tr>\n<td height=\"20\">Tara<\/td>\n<td height=\"20\">120\u00a0kg<\/td>\n<td colspan=\"2\" rowspan=\"2\"><img loading=\"lazy\" decoding=\"async\" class=\"size-full wp-image-3634 aligncenter\" src=\"https:\/\/www.noatumlogistics.com\/wp-content\/uploads\/2016\/08\/Contenedor_AKN.gif\" alt=\"Contenedor_AKN\" width=\"186\" height=\"85\" \/><\/td>\n<td colspan=\"2\" height=\"20\">Volumen disponible<\/td>\n<td height=\"20\">3.9\u00a0m3<\/td>\n<td height=\"20\"><\/td>\n<\/tr>\n<tr>\n<td bgcolor=\"#EFEFEF\" height=\"20\">Peso bruto m\u00e1ximo<\/td>\n<td bgcolor=\"#EFEFEF\" height=\"20\">1,587 kg.<\/td>\n<td colspan=\"2\" bgcolor=\"#EFEFEF\" height=\"20\">Compatibilidad con aeronaves:<\/td>\n<td colspan=\"2\" bgcolor=\"#EFEFEF\" height=\"20\">A340 \/\u00a0A330<\/td>\n<\/tr>\n<\/tbody>\n<\/table>\n<p>[\/vc_column_text][\/vc_column][\/vc_row]<\/p>\n<\/div>","protected":false},"excerpt":{"rendered":"<p>[vc_row center_row=&#8221;yes&#8221; opn_row_id=&#8221;somos&#8221; opn_row_gutter=&#8221;70&#8243; css=&#8221;.vc_custom_1470769969354{background-image: url(https:\/\/www.noatumlogistics.com\/wp-content\/uploads\/2016\/06\/fondo-directorio-2.jpg?id=1367) !important;}&#8221;][vc_column css=&#8221;.vc_custom_1470771386196{margin-bottom: -20px !important;}&#8221;][\/vc_column][\/vc_row][vc_row match_height=&#8221;yes&#8221; center_row=&#8221;yes&#8221;][vc_column][vc_column_text] Contenedor estandar. Contenedor 88 x 125 x 63&#8243;. C\u00f3digo IATA AAP \/ AA2 Contenedor completamente de aluminio, se&#8230;<\/p>\n","protected":false},"author":1,"featured_media":0,"parent":0,"menu_order":0,"comment_status":"closed","ping_status":"closed","template":"","meta":{"footnotes":""},"class_list":["post-3626","page","type-page","status-publish","hentry"],"yoast_head":"<!-- This site is optimized with the Yoast SEO plugin v27.3 - https:\/\/yoast.com\/product\/yoast-seo-wordpress\/ -->\n<title>Tipo de Contenedores A\u00e9reos - Estandar | Noatum Logistics<\/title>\n<meta name=\"description\" content=\"\u00bfEst\u00e1s planeando transportar tus contenedores est\u00e1ndar? Descubre nuestro servicio de transporte de contenedores est\u00e1ndar por v\u00eda a\u00e9rea.\" \/>\n<meta name=\"robots\" content=\"index, follow, max-snippet:-1, max-image-preview:large, max-video-preview:-1\" \/>\n<link rel=\"canonical\" href=\"https:\/\/www.noatumlogistics.com\/es\/tipo-de-contenedores-aereos-estandar\/\" \/>\n<meta property=\"og:locale\" content=\"es_ES\" \/>\n<meta property=\"og:type\" content=\"article\" \/>\n<meta property=\"og:title\" content=\"Tipo de Contenedores A\u00e9reos - Estandar | Noatum Logistics\" \/>\n<meta property=\"og:description\" content=\"\u00bfEst\u00e1s planeando transportar tus contenedores est\u00e1ndar? Descubre nuestro servicio de transporte de contenedores est\u00e1ndar por v\u00eda a\u00e9rea.\" \/>\n<meta property=\"og:url\" content=\"https:\/\/www.noatumlogistics.com\/es\/tipo-de-contenedores-aereos-estandar\/\" \/>\n<meta property=\"og:site_name\" content=\"Global\" \/>\n<meta property=\"article:modified_time\" content=\"2024-05-14T12:23:44+00:00\" \/>\n<meta property=\"og:image\" content=\"https:\/\/www.noatumlogistics.com\/wp-content\/uploads\/2016\/08\/Contenedor_88-125-63.gif\" \/>\n<meta name=\"twitter:card\" content=\"summary_large_image\" \/>\n<meta name=\"twitter:label1\" content=\"Tiempo de lectura\" \/>\n\t<meta name=\"twitter:data1\" content=\"4 minutos\" \/>\n<script type=\"application\/ld+json\" class=\"yoast-schema-graph\">{\"@context\":\"https:\\\/\\\/schema.org\",\"@graph\":[{\"@type\":\"WebPage\",\"@id\":\"https:\\\/\\\/www.noatumlogistics.com\\\/es\\\/tipo-de-contenedores-aereos-estandar\\\/\",\"url\":\"https:\\\/\\\/www.noatumlogistics.com\\\/es\\\/tipo-de-contenedores-aereos-estandar\\\/\",\"name\":\"Tipo de Contenedores A\u00e9reos - Estandar | Noatum Logistics\",\"isPartOf\":{\"@id\":\"https:\\\/\\\/www.noatumlogistics.com\\\/es\\\/#website\"},\"primaryImageOfPage\":{\"@id\":\"https:\\\/\\\/www.noatumlogistics.com\\\/es\\\/tipo-de-contenedores-aereos-estandar\\\/#primaryimage\"},\"image\":{\"@id\":\"https:\\\/\\\/www.noatumlogistics.com\\\/es\\\/tipo-de-contenedores-aereos-estandar\\\/#primaryimage\"},\"thumbnailUrl\":\"https:\\\/\\\/www.noatumlogistics.com\\\/wp-content\\\/uploads\\\/2016\\\/08\\\/Contenedor_88-125-63.gif\",\"datePublished\":\"2016-08-17T18:16:45+00:00\",\"dateModified\":\"2024-05-14T12:23:44+00:00\",\"description\":\"\u00bfEst\u00e1s planeando transportar tus contenedores est\u00e1ndar? Descubre nuestro servicio de transporte de contenedores est\u00e1ndar por v\u00eda a\u00e9rea.\",\"breadcrumb\":{\"@id\":\"https:\\\/\\\/www.noatumlogistics.com\\\/es\\\/tipo-de-contenedores-aereos-estandar\\\/#breadcrumb\"},\"inLanguage\":\"es\",\"potentialAction\":[{\"@type\":\"ReadAction\",\"target\":[\"https:\\\/\\\/www.noatumlogistics.com\\\/es\\\/tipo-de-contenedores-aereos-estandar\\\/\"]}]},{\"@type\":\"ImageObject\",\"inLanguage\":\"es\",\"@id\":\"https:\\\/\\\/www.noatumlogistics.com\\\/es\\\/tipo-de-contenedores-aereos-estandar\\\/#primaryimage\",\"url\":\"https:\\\/\\\/www.noatumlogistics.com\\\/wp-content\\\/uploads\\\/2016\\\/08\\\/Contenedor_88-125-63.gif\",\"contentUrl\":\"https:\\\/\\\/www.noatumlogistics.com\\\/wp-content\\\/uploads\\\/2016\\\/08\\\/Contenedor_88-125-63.gif\"},{\"@type\":\"BreadcrumbList\",\"@id\":\"https:\\\/\\\/www.noatumlogistics.com\\\/es\\\/tipo-de-contenedores-aereos-estandar\\\/#breadcrumb\",\"itemListElement\":[{\"@type\":\"ListItem\",\"position\":1,\"name\":\"Home\",\"item\":\"https:\\\/\\\/www.noatumlogistics.com\\\/es\\\/\"},{\"@type\":\"ListItem\",\"position\":2,\"name\":\"Tipo de Contenedores A\u00e9reos &#8211; Estandar\"}]},{\"@type\":\"WebSite\",\"@id\":\"https:\\\/\\\/www.noatumlogistics.com\\\/es\\\/#website\",\"url\":\"https:\\\/\\\/www.noatumlogistics.com\\\/es\\\/\",\"name\":\"Global\",\"description\":\"Excelencia en servicios log\u00edsticos\",\"potentialAction\":[{\"@type\":\"SearchAction\",\"target\":{\"@type\":\"EntryPoint\",\"urlTemplate\":\"https:\\\/\\\/www.noatumlogistics.com\\\/es\\\/?s={search_term_string}\"},\"query-input\":{\"@type\":\"PropertyValueSpecification\",\"valueRequired\":true,\"valueName\":\"search_term_string\"}}],\"inLanguage\":\"es\"}]}<\/script>\n<!-- \/ Yoast SEO plugin. -->","yoast_head_json":{"title":"Tipo de Contenedores A\u00e9reos - Estandar | Noatum Logistics","description":"\u00bfEst\u00e1s planeando transportar tus contenedores est\u00e1ndar? Descubre nuestro servicio de transporte de contenedores est\u00e1ndar por v\u00eda a\u00e9rea.","robots":{"index":"index","follow":"follow","max-snippet":"max-snippet:-1","max-image-preview":"max-image-preview:large","max-video-preview":"max-video-preview:-1"},"canonical":"https:\/\/www.noatumlogistics.com\/es\/tipo-de-contenedores-aereos-estandar\/","og_locale":"es_ES","og_type":"article","og_title":"Tipo de Contenedores A\u00e9reos - Estandar | Noatum Logistics","og_description":"\u00bfEst\u00e1s planeando transportar tus contenedores est\u00e1ndar? Descubre nuestro servicio de transporte de contenedores est\u00e1ndar por v\u00eda a\u00e9rea.","og_url":"https:\/\/www.noatumlogistics.com\/es\/tipo-de-contenedores-aereos-estandar\/","og_site_name":"Global","article_modified_time":"2024-05-14T12:23:44+00:00","og_image":[{"url":"https:\/\/www.noatumlogistics.com\/wp-content\/uploads\/2016\/08\/Contenedor_88-125-63.gif","type":"","width":"","height":""}],"twitter_card":"summary_large_image","twitter_misc":{"Tiempo de lectura":"4 minutos"},"schema":{"@context":"https:\/\/schema.org","@graph":[{"@type":"WebPage","@id":"https:\/\/www.noatumlogistics.com\/es\/tipo-de-contenedores-aereos-estandar\/","url":"https:\/\/www.noatumlogistics.com\/es\/tipo-de-contenedores-aereos-estandar\/","name":"Tipo de Contenedores A\u00e9reos - Estandar | Noatum Logistics","isPartOf":{"@id":"https:\/\/www.noatumlogistics.com\/es\/#website"},"primaryImageOfPage":{"@id":"https:\/\/www.noatumlogistics.com\/es\/tipo-de-contenedores-aereos-estandar\/#primaryimage"},"image":{"@id":"https:\/\/www.noatumlogistics.com\/es\/tipo-de-contenedores-aereos-estandar\/#primaryimage"},"thumbnailUrl":"https:\/\/www.noatumlogistics.com\/wp-content\/uploads\/2016\/08\/Contenedor_88-125-63.gif","datePublished":"2016-08-17T18:16:45+00:00","dateModified":"2024-05-14T12:23:44+00:00","description":"\u00bfEst\u00e1s planeando transportar tus contenedores est\u00e1ndar? Descubre nuestro servicio de transporte de contenedores est\u00e1ndar por v\u00eda a\u00e9rea.","breadcrumb":{"@id":"https:\/\/www.noatumlogistics.com\/es\/tipo-de-contenedores-aereos-estandar\/#breadcrumb"},"inLanguage":"es","potentialAction":[{"@type":"ReadAction","target":["https:\/\/www.noatumlogistics.com\/es\/tipo-de-contenedores-aereos-estandar\/"]}]},{"@type":"ImageObject","inLanguage":"es","@id":"https:\/\/www.noatumlogistics.com\/es\/tipo-de-contenedores-aereos-estandar\/#primaryimage","url":"https:\/\/www.noatumlogistics.com\/wp-content\/uploads\/2016\/08\/Contenedor_88-125-63.gif","contentUrl":"https:\/\/www.noatumlogistics.com\/wp-content\/uploads\/2016\/08\/Contenedor_88-125-63.gif"},{"@type":"BreadcrumbList","@id":"https:\/\/www.noatumlogistics.com\/es\/tipo-de-contenedores-aereos-estandar\/#breadcrumb","itemListElement":[{"@type":"ListItem","position":1,"name":"Home","item":"https:\/\/www.noatumlogistics.com\/es\/"},{"@type":"ListItem","position":2,"name":"Tipo de Contenedores A\u00e9reos &#8211; Estandar"}]},{"@type":"WebSite","@id":"https:\/\/www.noatumlogistics.com\/es\/#website","url":"https:\/\/www.noatumlogistics.com\/es\/","name":"Global","description":"Excelencia en servicios log\u00edsticos","potentialAction":[{"@type":"SearchAction","target":{"@type":"EntryPoint","urlTemplate":"https:\/\/www.noatumlogistics.com\/es\/?s={search_term_string}"},"query-input":{"@type":"PropertyValueSpecification","valueRequired":true,"valueName":"search_term_string"}}],"inLanguage":"es"}]}},"_links":{"self":[{"href":"https:\/\/www.noatumlogistics.com\/es\/wp-json\/wp\/v2\/pages\/3626","targetHints":{"allow":["GET"]}}],"collection":[{"href":"https:\/\/www.noatumlogistics.com\/es\/wp-json\/wp\/v2\/pages"}],"about":[{"href":"https:\/\/www.noatumlogistics.com\/es\/wp-json\/wp\/v2\/types\/page"}],"author":[{"embeddable":true,"href":"https:\/\/www.noatumlogistics.com\/es\/wp-json\/wp\/v2\/users\/1"}],"replies":[{"embeddable":true,"href":"https:\/\/www.noatumlogistics.com\/es\/wp-json\/wp\/v2\/comments?post=3626"}],"version-history":[{"count":5,"href":"https:\/\/www.noatumlogistics.com\/es\/wp-json\/wp\/v2\/pages\/3626\/revisions"}],"predecessor-version":[{"id":19438,"href":"https:\/\/www.noatumlogistics.com\/es\/wp-json\/wp\/v2\/pages\/3626\/revisions\/19438"}],"wp:attachment":[{"href":"https:\/\/www.noatumlogistics.com\/es\/wp-json\/wp\/v2\/media?parent=3626"}],"curies":[{"name":"wp","href":"https:\/\/api.w.org\/{rel}","templated":true}]}}