{"id":3556,"date":"2016-08-16T20:02:43","date_gmt":"2016-08-16T20:02:43","guid":{"rendered":"https:\/\/www.noatumlogistics.com\/?page_id=3556"},"modified":"2022-05-27T11:04:34","modified_gmt":"2022-05-27T10:04:34","slug":"tipo-de-contenedores-maritimos-estandar","status":"publish","type":"page","link":"https:\/\/www.noatumlogistics.com\/es\/tipo-de-contenedores-maritimos-estandar\/","title":{"rendered":"Tipo de Contenedores Mar\u00edtimos &#8211; Estandar"},"content":{"rendered":"<div class=\"wpb-content-wrapper\"><p>[vc_row center_row=&#8221;yes&#8221; opn_row_id=&#8221;somos&#8221; opn_row_gutter=&#8221;70&#8243; css=&#8221;.vc_custom_1470769969354{background-image: url(https:\/\/www.noatumlogistics.com\/wp-content\/uploads\/2016\/06\/fondo-directorio-2.jpg?id=1367) !important;}&#8221;][vc_column css=&#8221;.vc_custom_1470771386196{margin-bottom: -20px !important;}&#8221;]<div id=\"ult-easy-separator-23893355869d11b708d8ad\" class=\"ult-easy-separator-wrapper ult-responsive ult-top-easy-separator  \" style=\"\" data-vc-row=\"wpb_row\"  data-ultimate-target='#ult-easy-separator-23893355869d11b708d8ad'  data-responsive-json-new='{\"width\":\"\"}' ><div class=\"ult-easy-separator-inner-wrapper\"><div class=\"ult-no-animation\" style=\"opacity:0;\"   ><img decoding=\"async\" class=\"ult-easy-separator-img\" alt=\"null\" src=\"https:\/\/www.noatumlogistics.com\/wp-content\/uploads\/2016\/04\/arrowdown-1.png\" \/><a href=\"#direccion\" ><\/a><\/div><\/div><\/div><div class=\"zozo-parallax-header\"><div class=\"parallax-header\"><h5 class=\"parallax-title text-center text-capitalize\" style=\"font-size:16px;margin:0px 0px 0px 0px;\">HERRAMIENTAS<\/h5><div class=\"parallax-desc default-style text-center\"><h3 style=\"color: #af2626;margin-top: 20px;text-align: center\">Tipo de Contenedores Maritimos &#8211;\u00a0Estandar<\/h3>\n<div class=\"menu-container-type-maritime-container\"><ul id=\"menu-container-type-maritime\" class=\"menu navcontainerstype\"><li id=\"menu-item-15077\" class=\"menu-item menu-item-type-post_type menu-item-object-page menu-item-15077\"><a href=\"https:\/\/www.noatumlogistics.com\/es\/tipo-de-contenedores-maritimos-estandar\/\">Estandar<\/a><\/li>\n<li id=\"menu-item-15075\" class=\"menu-item menu-item-type-post_type menu-item-object-page menu-item-15075\"><a href=\"https:\/\/www.noatumlogistics.com\/es\/tipo-de-contenedores-maritimos-open-top\/\">Open Top<\/a><\/li>\n<li id=\"menu-item-15073\" class=\"menu-item menu-item-type-post_type menu-item-object-page menu-item-15073\"><a href=\"https:\/\/www.noatumlogistics.com\/es\/tipo-de-contenedores-maritimos-reefer\/\">Reefer<\/a><\/li>\n<li id=\"menu-item-15076\" class=\"menu-item menu-item-type-post_type menu-item-object-page menu-item-15076\"><a href=\"https:\/\/www.noatumlogistics.com\/es\/tipo-de-contenedores-maritimos-flattracks\/\">Flat Racks<\/a><\/li>\n<\/ul><\/div>\n<\/div><\/div><\/div>[\/vc_column][\/vc_row][vc_row match_height=&#8221;yes&#8221; center_row=&#8221;yes&#8221;][vc_column][vc_column_text]<\/p>\n<table border=\"0\" width=\"100%\" cellspacing=\"0\" cellpadding=\"5\">\n<tbody>\n<tr>\n<td style=\"color: #ffffff\" colspan=\"8\" bgcolor=\"#00305e\" height=\"10\">Contenedor estandar. STANDARD 20&#8242; x 8&#8242; x 8&#8217;6<\/td>\n<\/tr>\n<tr>\n<td colspan=\"8\" height=\"10\">Contenedores disponibles y preparados para cualquier carga seca normal, como pallets, bolsas, cajas, etc.<\/td>\n<\/tr>\n<tr>\n<td bgcolor=\"#efefef\" height=\"20\">Dimensiones<\/td>\n<td bgcolor=\"#efefef\" height=\"20\"><\/td>\n<td bgcolor=\"#efefef\" height=\"20\">Largo<\/td>\n<td bgcolor=\"#efefef\">5,898 mm<\/td>\n<td bgcolor=\"#efefef\" height=\"20\">Ancho<\/td>\n<td bgcolor=\"#efefef\" height=\"20\">2,352 mm<\/td>\n<td bgcolor=\"#efefef\" height=\"20\">Alto<\/td>\n<td bgcolor=\"#efefef\" height=\"20\">2,393 mm<\/td>\n<\/tr>\n<tr>\n<td height=\"20\">Apertura puerta<\/td>\n<td height=\"20\"><\/td>\n<td colspan=\"2\" rowspan=\"3\">\u00a0<img loading=\"lazy\" decoding=\"async\" class=\"size-full wp-image-3578 aligncenter\" src=\"https:\/\/www.noatumlogistics.com\/wp-content\/uploads\/2016\/08\/standar_20x8x8-6.gif\" alt=\"standar_20x8x8-6\" width=\"186\" height=\"85\" \/><\/td>\n<td height=\"20\">Ancho<\/td>\n<td height=\"20\">2,340 mm<\/td>\n<td height=\"20\">Alto<\/td>\n<td height=\"20\">2,280 mm<\/td>\n<\/tr>\n<tr>\n<td bgcolor=\"#efefef\" height=\"20\">Tara<\/td>\n<td bgcolor=\"#efefef\" height=\"20\">2,300 kg<\/td>\n<td colspan=\"2\" bgcolor=\"#efefef\" height=\"20\">Capacidad<\/td>\n<td bgcolor=\"#efefef\" height=\"20\">33.2 m3<\/td>\n<td bgcolor=\"#efefef\" height=\"20\"><\/td>\n<\/tr>\n<tr>\n<td height=\"20\">Peso bruto m\u00e1ximo de carga<\/td>\n<td height=\"20\">28,180 kg<\/td>\n<td colspan=\"2\" height=\"20\">Peso bruto m\u00e1ximo total<\/td>\n<td height=\"20\">30,480 kg<\/td>\n<td height=\"20\"><\/td>\n<\/tr>\n<\/tbody>\n<\/table>\n<p>[\/vc_column_text][\/vc_column][\/vc_row][vc_row match_height=&#8221;yes&#8221; center_row=&#8221;yes&#8221; css=&#8221;.vc_custom_1471384624207{padding-top: 40px !important;}&#8221;][vc_column][vc_column_text]<\/p>\n<table border=\"0\" width=\"100%\" cellspacing=\"0\" cellpadding=\"5\">\n<tbody>\n<tr>\n<td style=\"color: #ffffff\" colspan=\"8\" bgcolor=\"#00305e\" height=\"10\">Contenedor estandar. STANDARD 40&#8242; x 8&#8242; x 8&#8217;6<\/td>\n<\/tr>\n<tr>\n<td colspan=\"8\" height=\"10\">Contenedores disponibles y preparados para cualquier carga seca normal, como pallets, bolsas, cajas, etc.<\/td>\n<\/tr>\n<tr>\n<td bgcolor=\"#efefef\" height=\"20\">Dimensiones<\/td>\n<td bgcolor=\"#efefef\" height=\"20\"><\/td>\n<td bgcolor=\"#efefef\" height=\"20\">Largo<\/td>\n<td bgcolor=\"#efefef\">12,032 mm<\/td>\n<td bgcolor=\"#efefef\" height=\"20\">Ancho<\/td>\n<td bgcolor=\"#efefef\" height=\"20\">2,352 mm<\/td>\n<td bgcolor=\"#efefef\" height=\"20\">Alto<\/td>\n<td bgcolor=\"#efefef\" height=\"20\">2,393 mm<\/td>\n<\/tr>\n<tr>\n<td height=\"20\">Apertura puerta<\/td>\n<td height=\"20\"><\/td>\n<td colspan=\"2\" rowspan=\"3\"><img loading=\"lazy\" decoding=\"async\" class=\"alignnone size-full wp-image-3579 aligncenter\" src=\"https:\/\/www.noatumlogistics.com\/wp-content\/uploads\/2016\/08\/standar_40x8x8-6.gif\" alt=\"standar_40x8x8-6\" width=\"186\" height=\"85\" \/><\/td>\n<td height=\"20\">Ancho<\/td>\n<td height=\"20\">2,340 mm<\/td>\n<td height=\"20\">Alto<\/td>\n<td height=\"20\">2,280 mm<\/td>\n<\/tr>\n<tr>\n<td bgcolor=\"#efefef\" height=\"20\">Tara<\/td>\n<td bgcolor=\"#efefef\" height=\"20\">3,750 kg<\/td>\n<td colspan=\"2\" bgcolor=\"#efefef\" height=\"20\">Capacidad<\/td>\n<td bgcolor=\"#efefef\" height=\"20\">67.7\u00a0m3<\/td>\n<td bgcolor=\"#efefef\" height=\"20\"><\/td>\n<\/tr>\n<tr>\n<td height=\"20\">Peso bruto m\u00e1ximo de carga<\/td>\n<td height=\"20\">28,750 kg<\/td>\n<td colspan=\"2\" height=\"20\">Peso bruto m\u00e1ximo total<\/td>\n<td height=\"20\">32,500\u00a0kg<\/td>\n<td height=\"20\"><\/td>\n<\/tr>\n<\/tbody>\n<\/table>\n<p>[\/vc_column_text][\/vc_column][\/vc_row][vc_row match_height=&#8221;yes&#8221; center_row=&#8221;yes&#8221; css=&#8221;.vc_custom_1471384644345{padding-top: 40px !important;}&#8221;][vc_column][vc_column_text]<\/p>\n<table border=\"0\" width=\"100%\" cellspacing=\"0\" cellpadding=\"5\">\n<tbody>\n<tr>\n<td style=\"color: #ffffff\" colspan=\"8\" bgcolor=\"#00305e\" height=\"10\">Contenedor estandar. STANDARD HIGH CUBE 40&#8242; x 9&#8242; x 9&#8217;6<\/td>\n<\/tr>\n<tr>\n<td colspan=\"8\" height=\"10\">Contenedores disponibles y preparados para cualquier carga seca normal, como pallets, bolsas, cajas, etc.<\/td>\n<\/tr>\n<tr>\n<td bgcolor=\"#efefef\" height=\"20\">Dimensiones<\/td>\n<td bgcolor=\"#efefef\" height=\"20\"><\/td>\n<td bgcolor=\"#efefef\" height=\"20\">Largo<\/td>\n<td bgcolor=\"#efefef\">12,032 mm<\/td>\n<td bgcolor=\"#efefef\" height=\"20\">Ancho<\/td>\n<td bgcolor=\"#efefef\" height=\"20\">2,352 mm<\/td>\n<td bgcolor=\"#efefef\" height=\"20\">Alto<\/td>\n<td bgcolor=\"#efefef\" height=\"20\">2,698 \u00a0mm<\/td>\n<\/tr>\n<tr>\n<td height=\"20\">Apertura puerta<\/td>\n<td height=\"20\"><\/td>\n<td colspan=\"2\" rowspan=\"3\"><img loading=\"lazy\" decoding=\"async\" class=\"alignnone size-full wp-image-3580 aligncenter\" src=\"https:\/\/www.noatumlogistics.com\/wp-content\/uploads\/2016\/08\/standar_40x8x9-6.gif\" alt=\"standar_40x8x9-6\" width=\"186\" height=\"85\" \/><\/td>\n<td height=\"20\">Ancho<\/td>\n<td height=\"20\">2,340 mm<\/td>\n<td height=\"20\">Alto<\/td>\n<td height=\"20\">2,580 mm<\/td>\n<\/tr>\n<tr>\n<td bgcolor=\"#efefef\" height=\"20\">Tara<\/td>\n<td bgcolor=\"#efefef\" height=\"20\">3,940 kg<\/td>\n<td colspan=\"2\" bgcolor=\"#efefef\" height=\"20\">Capacidad<\/td>\n<td bgcolor=\"#efefef\" height=\"20\">76.4\u00a0\u00a0m3<\/td>\n<td bgcolor=\"#efefef\" height=\"20\"><\/td>\n<\/tr>\n<tr>\n<td height=\"20\">Peso bruto m\u00e1ximo de carga<\/td>\n<td height=\"20\">28,560 kg<\/td>\n<td colspan=\"2\" height=\"20\">Peso bruto m\u00e1ximo total<\/td>\n<td height=\"20\">32,500\u00a0kg<\/td>\n<td height=\"20\"><\/td>\n<\/tr>\n<\/tbody>\n<\/table>\n<p>[\/vc_column_text][\/vc_column][\/vc_row]<\/p>\n<\/div>","protected":false},"excerpt":{"rendered":"<p>[vc_row center_row=&#8221;yes&#8221; opn_row_id=&#8221;somos&#8221; opn_row_gutter=&#8221;70&#8243; css=&#8221;.vc_custom_1470769969354{background-image: url(https:\/\/www.noatumlogistics.com\/wp-content\/uploads\/2016\/06\/fondo-directorio-2.jpg?id=1367) !important;}&#8221;][vc_column css=&#8221;.vc_custom_1470771386196{margin-bottom: -20px !important;}&#8221;][\/vc_column][\/vc_row][vc_row match_height=&#8221;yes&#8221; center_row=&#8221;yes&#8221;][vc_column][vc_column_text] Contenedor estandar. STANDARD 20&#8242; x 8&#8242; x 8&#8217;6 Contenedores disponibles y preparados para cualquier carga seca normal, como&#8230;<\/p>\n","protected":false},"author":1,"featured_media":3803,"parent":0,"menu_order":0,"comment_status":"closed","ping_status":"closed","template":"template-fullwidth.php","meta":{"footnotes":""},"class_list":["post-3556","page","type-page","status-publish","has-post-thumbnail","hentry"],"yoast_head":"<!-- This site is optimized with the Yoast SEO plugin v27.3 - https:\/\/yoast.com\/product\/yoast-seo-wordpress\/ -->\n<title>Tipo de Contenedores Mar\u00edtimos - Estandar | Noatum Logistics<\/title>\n<meta name=\"description\" content=\"\u00bfEst\u00e1s planeando transportar tus contenedores est\u00e1ndar? Descubre nuestro servicio de transporte de contenedores est\u00e1ndar por v\u00eda mar\u00edtima.\" \/>\n<meta name=\"robots\" content=\"index, follow, max-snippet:-1, max-image-preview:large, max-video-preview:-1\" \/>\n<link rel=\"canonical\" href=\"https:\/\/www.noatumlogistics.com\/es\/tipo-de-contenedores-maritimos-estandar\/\" \/>\n<meta property=\"og:locale\" content=\"es_ES\" \/>\n<meta property=\"og:type\" content=\"article\" \/>\n<meta property=\"og:title\" content=\"Tipo de Contenedores Mar\u00edtimos - Estandar | Noatum Logistics\" \/>\n<meta property=\"og:description\" content=\"\u00bfEst\u00e1s planeando transportar tus contenedores est\u00e1ndar? Descubre nuestro servicio de transporte de contenedores est\u00e1ndar por v\u00eda mar\u00edtima.\" \/>\n<meta property=\"og:url\" content=\"https:\/\/www.noatumlogistics.com\/es\/tipo-de-contenedores-maritimos-estandar\/\" \/>\n<meta property=\"og:site_name\" content=\"Global\" \/>\n<meta property=\"article:modified_time\" content=\"2022-05-27T10:04:34+00:00\" \/>\n<meta property=\"og:image\" content=\"https:\/\/www.noatumlogistics.com\/wp-content\/uploads\/2016\/08\/82797229-B.jpg\" \/>\n\t<meta property=\"og:image:width\" content=\"704\" \/>\n\t<meta property=\"og:image:height\" content=\"500\" \/>\n\t<meta property=\"og:image:type\" content=\"image\/jpeg\" \/>\n<meta name=\"twitter:card\" content=\"summary_large_image\" \/>\n<meta name=\"twitter:label1\" content=\"Tiempo de lectura\" \/>\n\t<meta name=\"twitter:data1\" content=\"2 minutos\" \/>\n<script type=\"application\/ld+json\" class=\"yoast-schema-graph\">{\"@context\":\"https:\\\/\\\/schema.org\",\"@graph\":[{\"@type\":\"WebPage\",\"@id\":\"https:\\\/\\\/www.noatumlogistics.com\\\/es\\\/tipo-de-contenedores-maritimos-estandar\\\/\",\"url\":\"https:\\\/\\\/www.noatumlogistics.com\\\/es\\\/tipo-de-contenedores-maritimos-estandar\\\/\",\"name\":\"Tipo de Contenedores Mar\u00edtimos - Estandar | Noatum Logistics\",\"isPartOf\":{\"@id\":\"https:\\\/\\\/www.noatumlogistics.com\\\/es\\\/#website\"},\"primaryImageOfPage\":{\"@id\":\"https:\\\/\\\/www.noatumlogistics.com\\\/es\\\/tipo-de-contenedores-maritimos-estandar\\\/#primaryimage\"},\"image\":{\"@id\":\"https:\\\/\\\/www.noatumlogistics.com\\\/es\\\/tipo-de-contenedores-maritimos-estandar\\\/#primaryimage\"},\"thumbnailUrl\":\"https:\\\/\\\/www.noatumlogistics.com\\\/wp-content\\\/uploads\\\/2016\\\/08\\\/82797229-B.jpg\",\"datePublished\":\"2016-08-16T20:02:43+00:00\",\"dateModified\":\"2022-05-27T10:04:34+00:00\",\"description\":\"\u00bfEst\u00e1s planeando transportar tus contenedores est\u00e1ndar? Descubre nuestro servicio de transporte de contenedores est\u00e1ndar por v\u00eda mar\u00edtima.\",\"breadcrumb\":{\"@id\":\"https:\\\/\\\/www.noatumlogistics.com\\\/es\\\/tipo-de-contenedores-maritimos-estandar\\\/#breadcrumb\"},\"inLanguage\":\"es\",\"potentialAction\":[{\"@type\":\"ReadAction\",\"target\":[\"https:\\\/\\\/www.noatumlogistics.com\\\/es\\\/tipo-de-contenedores-maritimos-estandar\\\/\"]}]},{\"@type\":\"ImageObject\",\"inLanguage\":\"es\",\"@id\":\"https:\\\/\\\/www.noatumlogistics.com\\\/es\\\/tipo-de-contenedores-maritimos-estandar\\\/#primaryimage\",\"url\":\"https:\\\/\\\/www.noatumlogistics.com\\\/wp-content\\\/uploads\\\/2016\\\/08\\\/82797229-B.jpg\",\"contentUrl\":\"https:\\\/\\\/www.noatumlogistics.com\\\/wp-content\\\/uploads\\\/2016\\\/08\\\/82797229-B.jpg\",\"width\":704,\"height\":500,\"caption\":\"servicios mar\u00edtimos\"},{\"@type\":\"BreadcrumbList\",\"@id\":\"https:\\\/\\\/www.noatumlogistics.com\\\/es\\\/tipo-de-contenedores-maritimos-estandar\\\/#breadcrumb\",\"itemListElement\":[{\"@type\":\"ListItem\",\"position\":1,\"name\":\"Home\",\"item\":\"https:\\\/\\\/www.noatumlogistics.com\\\/es\\\/\"},{\"@type\":\"ListItem\",\"position\":2,\"name\":\"Tipo de Contenedores Mar\u00edtimos &#8211; Estandar\"}]},{\"@type\":\"WebSite\",\"@id\":\"https:\\\/\\\/www.noatumlogistics.com\\\/es\\\/#website\",\"url\":\"https:\\\/\\\/www.noatumlogistics.com\\\/es\\\/\",\"name\":\"Global\",\"description\":\"Excelencia en servicios log\u00edsticos\",\"potentialAction\":[{\"@type\":\"SearchAction\",\"target\":{\"@type\":\"EntryPoint\",\"urlTemplate\":\"https:\\\/\\\/www.noatumlogistics.com\\\/es\\\/?s={search_term_string}\"},\"query-input\":{\"@type\":\"PropertyValueSpecification\",\"valueRequired\":true,\"valueName\":\"search_term_string\"}}],\"inLanguage\":\"es\"}]}<\/script>\n<!-- \/ Yoast SEO plugin. -->","yoast_head_json":{"title":"Tipo de Contenedores Mar\u00edtimos - Estandar | Noatum Logistics","description":"\u00bfEst\u00e1s planeando transportar tus contenedores est\u00e1ndar? Descubre nuestro servicio de transporte de contenedores est\u00e1ndar por v\u00eda mar\u00edtima.","robots":{"index":"index","follow":"follow","max-snippet":"max-snippet:-1","max-image-preview":"max-image-preview:large","max-video-preview":"max-video-preview:-1"},"canonical":"https:\/\/www.noatumlogistics.com\/es\/tipo-de-contenedores-maritimos-estandar\/","og_locale":"es_ES","og_type":"article","og_title":"Tipo de Contenedores Mar\u00edtimos - Estandar | Noatum Logistics","og_description":"\u00bfEst\u00e1s planeando transportar tus contenedores est\u00e1ndar? Descubre nuestro servicio de transporte de contenedores est\u00e1ndar por v\u00eda mar\u00edtima.","og_url":"https:\/\/www.noatumlogistics.com\/es\/tipo-de-contenedores-maritimos-estandar\/","og_site_name":"Global","article_modified_time":"2022-05-27T10:04:34+00:00","og_image":[{"width":704,"height":500,"url":"https:\/\/www.noatumlogistics.com\/wp-content\/uploads\/2016\/08\/82797229-B.jpg","type":"image\/jpeg"}],"twitter_card":"summary_large_image","twitter_misc":{"Tiempo de lectura":"2 minutos"},"schema":{"@context":"https:\/\/schema.org","@graph":[{"@type":"WebPage","@id":"https:\/\/www.noatumlogistics.com\/es\/tipo-de-contenedores-maritimos-estandar\/","url":"https:\/\/www.noatumlogistics.com\/es\/tipo-de-contenedores-maritimos-estandar\/","name":"Tipo de Contenedores Mar\u00edtimos - Estandar | Noatum Logistics","isPartOf":{"@id":"https:\/\/www.noatumlogistics.com\/es\/#website"},"primaryImageOfPage":{"@id":"https:\/\/www.noatumlogistics.com\/es\/tipo-de-contenedores-maritimos-estandar\/#primaryimage"},"image":{"@id":"https:\/\/www.noatumlogistics.com\/es\/tipo-de-contenedores-maritimos-estandar\/#primaryimage"},"thumbnailUrl":"https:\/\/www.noatumlogistics.com\/wp-content\/uploads\/2016\/08\/82797229-B.jpg","datePublished":"2016-08-16T20:02:43+00:00","dateModified":"2022-05-27T10:04:34+00:00","description":"\u00bfEst\u00e1s planeando transportar tus contenedores est\u00e1ndar? Descubre nuestro servicio de transporte de contenedores est\u00e1ndar por v\u00eda mar\u00edtima.","breadcrumb":{"@id":"https:\/\/www.noatumlogistics.com\/es\/tipo-de-contenedores-maritimos-estandar\/#breadcrumb"},"inLanguage":"es","potentialAction":[{"@type":"ReadAction","target":["https:\/\/www.noatumlogistics.com\/es\/tipo-de-contenedores-maritimos-estandar\/"]}]},{"@type":"ImageObject","inLanguage":"es","@id":"https:\/\/www.noatumlogistics.com\/es\/tipo-de-contenedores-maritimos-estandar\/#primaryimage","url":"https:\/\/www.noatumlogistics.com\/wp-content\/uploads\/2016\/08\/82797229-B.jpg","contentUrl":"https:\/\/www.noatumlogistics.com\/wp-content\/uploads\/2016\/08\/82797229-B.jpg","width":704,"height":500,"caption":"servicios mar\u00edtimos"},{"@type":"BreadcrumbList","@id":"https:\/\/www.noatumlogistics.com\/es\/tipo-de-contenedores-maritimos-estandar\/#breadcrumb","itemListElement":[{"@type":"ListItem","position":1,"name":"Home","item":"https:\/\/www.noatumlogistics.com\/es\/"},{"@type":"ListItem","position":2,"name":"Tipo de Contenedores Mar\u00edtimos &#8211; Estandar"}]},{"@type":"WebSite","@id":"https:\/\/www.noatumlogistics.com\/es\/#website","url":"https:\/\/www.noatumlogistics.com\/es\/","name":"Global","description":"Excelencia en servicios log\u00edsticos","potentialAction":[{"@type":"SearchAction","target":{"@type":"EntryPoint","urlTemplate":"https:\/\/www.noatumlogistics.com\/es\/?s={search_term_string}"},"query-input":{"@type":"PropertyValueSpecification","valueRequired":true,"valueName":"search_term_string"}}],"inLanguage":"es"}]}},"_links":{"self":[{"href":"https:\/\/www.noatumlogistics.com\/es\/wp-json\/wp\/v2\/pages\/3556","targetHints":{"allow":["GET"]}}],"collection":[{"href":"https:\/\/www.noatumlogistics.com\/es\/wp-json\/wp\/v2\/pages"}],"about":[{"href":"https:\/\/www.noatumlogistics.com\/es\/wp-json\/wp\/v2\/types\/page"}],"author":[{"embeddable":true,"href":"https:\/\/www.noatumlogistics.com\/es\/wp-json\/wp\/v2\/users\/1"}],"replies":[{"embeddable":true,"href":"https:\/\/www.noatumlogistics.com\/es\/wp-json\/wp\/v2\/comments?post=3556"}],"version-history":[{"count":7,"href":"https:\/\/www.noatumlogistics.com\/es\/wp-json\/wp\/v2\/pages\/3556\/revisions"}],"predecessor-version":[{"id":17490,"href":"https:\/\/www.noatumlogistics.com\/es\/wp-json\/wp\/v2\/pages\/3556\/revisions\/17490"}],"wp:featuredmedia":[{"embeddable":true,"href":"https:\/\/www.noatumlogistics.com\/es\/wp-json\/wp\/v2\/media\/3803"}],"wp:attachment":[{"href":"https:\/\/www.noatumlogistics.com\/es\/wp-json\/wp\/v2\/media?parent=3556"}],"curies":[{"name":"wp","href":"https:\/\/api.w.org\/{rel}","templated":true}]}}