{"id":20172,"date":"2024-10-28T14:00:08","date_gmt":"2024-10-28T13:00:08","guid":{"rendered":"https:\/\/www.noatumlogistics.com\/?page_id=20172"},"modified":"2025-08-05T08:49:01","modified_gmt":"2025-08-05T07:49:01","slug":"powerview","status":"publish","type":"page","link":"https:\/\/www.noatumlogistics.com\/es\/supply-chain-solutions-old\/powerview\/","title":{"rendered":"Supply Chain Solutions: PowerView"},"content":{"rendered":"<div class=\"wpb-content-wrapper\"><p>[vc_row center_row=&#8221;yes&#8221; bg_overlay=&#8221;yes&#8221; typo_style=&#8221;light&#8221; css=&#8221;.vc_custom_1730730580601{padding-top: 120px !important;padding-right: 120px !important;padding-bottom: 120px !important;padding-left: 120px !important;background-image: url(https:\/\/www.noatumlogistics.com\/wp-content\/uploads\/2024\/08\/Noatum-Logistics_Solutions_International-supply-chain_Powerview_1.jpg?id=20183) !important;background-position: center !important;background-repeat: no-repeat !important;background-size: cover !important;}&#8221; el_class=&#8221;primerafila&#8221;][vc_column]<div class=\"zozo-parallax-header\"><div class=\"parallax-header\"><h1 class=\"parallax-title text-left\">Supply Chain Solutions: PowerView<\/h1><\/div><\/div>[vc_btn title=&#8221;Contacto&#8221; link=&#8221;url:%23contactform|&#8221;][\/vc_column][\/vc_row][vc_row center_row=&#8221;yes&#8221; css=&#8221;.vc_custom_1724328701763{margin-bottom: 50px !important;padding-bottom: 0px !important;}&#8221; el_class=&#8221;Vinetasred&#8221;][vc_column]<div class=\"zozo-parallax-header VinetasRed\"><div class=\"parallax-header\"><h2 class=\"parallax-title text-center text-none\">Nuestra galardonada tecnolog\u00eda basada en la nube<\/h2><div class=\"parallax-desc default-style text-center\"><p><strong>PowerView<\/strong> ha transformado las cadenas de suministro durante m\u00e1s de diez a\u00f1os. Ofrece una integraci\u00f3n sin complicaciones, interfaces amigables y una visibilidad global completa. Nuestra plataforma digital no solo optimiza el rendimiento, sino que tambi\u00e9n reduce costos y apoya la sostenibilidad ambiental.<\/p>\n<\/div><\/div><\/div>[\/vc_column][\/vc_row][vc_row center_row=&#8221;yes&#8221; el_class=&#8221;VinetasRed boxesservicios&#8221; css=&#8221;.vc_custom_1724339291709{margin-top: 0px !important;margin-bottom: 30px !important;border-top-width: 0px !important;border-bottom-width: 0px !important;padding-top: 0px !important;padding-bottom: 0px !important;background-color: #ffffff !important;}&#8221;][vc_column width=&#8221;1\/2&#8243; css=&#8221;.vc_custom_1724109537635{margin-top: 0px !important;border-top-width: 0px !important;padding-top: 0px !important;}&#8221;][vc_row_inner el_class=&#8221;boxservicio&#8221;][vc_column_inner width=&#8221;1\/3&#8243; offset=&#8221;vc_col-xs-12&#8243;][vc_single_image image=&#8221;20185&#8243; img_size=&#8221;full&#8221; css=&#8221;&#8221;][\/vc_column_inner][vc_column_inner width=&#8221;2\/3&#8243; offset=&#8221;vc_col-xs-12&#8243; css=&#8221;.vc_custom_1724175601321{padding-top: 15px !important;padding-bottom: 20px !important;}&#8221;]<div class=\"zozo-parallax-header ppading\"><div class=\"parallax-header\"><h3 class=\"parallax-title text-left text-none\" style=\"font-size:24px;\">La ventaja de PowerView<\/h3><div class=\"parallax-desc default-style text-left\"><ul>\n<li><strong>Despliegue simplificado: <\/strong>proceso de implementaci\u00f3n r\u00e1pido y sencillo.<\/li>\n<li><strong>Interfaces intuitivas: <\/strong>dise\u00f1o intuitivo y eficiente para todos los usuarios.<\/li>\n<li><strong>Visibilidad total: <\/strong><span data-teams=\"true\"><span class=\"ui-provider a b c d e f g h i j k l m n o p q r s t u v w x y z ab ac ae af ag ah ai aj ak\" dir=\"ltr\">supervisi\u00f3n completa de los env\u00edos<\/span><\/span>.<\/li>\n<li><strong>Reducci\u00f3n de costos: <\/strong><span data-teams=\"true\"><span class=\"ui-provider a b c d e f g h i j k l m n o p q r s t u v w x y z ab ac ae af ag ah ai aj ak\" dir=\"ltr\">optimizaci\u00f3n eficiente de la log\u00edstica<\/span><\/span>.<\/li>\n<li><strong>Impacto ambiental: <\/strong>funciones como el calculador de CO2 ayudan a reducir tu huella de carbono.<\/li>\n<\/ul>\n<\/div><\/div><\/div>[\/vc_column_inner][\/vc_row_inner][\/vc_column][vc_column width=&#8221;1\/2&#8243; css=&#8221;.vc_custom_1724109600484{margin-top: 0px !important;border-top-width: 0px !important;padding-top: 0px !important;}&#8221;][vc_row_inner el_class=&#8221;boxservicio&#8221;][vc_column_inner width=&#8221;1\/3&#8243; offset=&#8221;vc_col-xs-12&#8243;][vc_single_image image=&#8221;20187&#8243; img_size=&#8221;full&#8221; css=&#8221;&#8221;][\/vc_column_inner][vc_column_inner width=&#8221;2\/3&#8243; offset=&#8221;vc_col-xs-12&#8243; css=&#8221;.vc_custom_1724175593357{padding-top: 15px !important;padding-bottom: 20px !important;}&#8221;]<div class=\"zozo-parallax-header ppading\"><div class=\"parallax-header\"><h3 class=\"parallax-title text-left text-none\" style=\"font-size:24px;\">Personalizaci\u00f3n y control<\/h3><div class=\"parallax-desc default-style text-left\"><p style=\"font-weight: 400;\">PowerView no es solo una herramienta; es una soluci\u00f3n adaptada a los requisitos \u00fanicos de cada negocio. Con paneles personalizables y potentes capacidades de informes, nuestro equipo de gesti\u00f3n de cuentas trabaja contigo para convertir a PowerView en tu socio ideal para la cadena de suministro.<\/p>\n<\/div><\/div><\/div>[\/vc_column_inner][\/vc_row_inner][\/vc_column][\/vc_row][vc_row center_row=&#8221;yes&#8221; el_class=&#8221;VinetasRed boxesservicios&#8221; css=&#8221;.vc_custom_1724336822703{margin-top: 0px !important;margin-bottom: 0px !important;border-top-width: 0px !important;border-bottom-width: 0px !important;padding-top: 0px !important;padding-bottom: 0px !important;background-color: #ffffff !important;}&#8221;][vc_column width=&#8221;1\/2&#8243; css=&#8221;.vc_custom_1724109537635{margin-top: 0px !important;border-top-width: 0px !important;padding-top: 0px !important;}&#8221;][vc_row_inner el_class=&#8221;boxservicio&#8221;][vc_column_inner width=&#8221;1\/3&#8243; offset=&#8221;vc_col-xs-12&#8243;][vc_single_image image=&#8221;20199&#8243; img_size=&#8221;full&#8221; css=&#8221;&#8221;][\/vc_column_inner][vc_column_inner width=&#8221;2\/3&#8243; offset=&#8221;vc_col-xs-12&#8243; css=&#8221;.vc_custom_1724175601321{padding-top: 15px !important;padding-bottom: 20px !important;}&#8221;]<div class=\"zozo-parallax-header ppading\"><div class=\"parallax-header\"><h3 class=\"parallax-title text-left text-none\" style=\"font-size:24px;\">Evolucionando con el mercado<\/h3><div class=\"parallax-desc default-style text-left\"><p style=\"font-weight: 400;\">As\u00ed como el mercado evoluciona, tambi\u00e9n lo hace PowerView. Continuamente mejoramos nuestro sistema para satisfacer tus necesidades, ofreciendo nuevas y mejoradas funcionalidades como:<\/p>\n<ul>\n<li><strong>Integraciones de Sistemas<\/strong>.<\/li>\n<li><strong>Calculadora de CO2<\/strong>.<\/li>\n<li><strong>Calendario de Entradas<\/strong>.<\/li>\n<li><strong>Herramienta de Cotizaci\u00f3n<\/strong>.<\/li>\n<\/ul>\n<\/div><\/div><\/div>[\/vc_column_inner][\/vc_row_inner][\/vc_column][vc_column width=&#8221;1\/2&#8243; css=&#8221;.vc_custom_1724109600484{margin-top: 0px !important;border-top-width: 0px !important;padding-top: 0px !important;}&#8221;][vc_row_inner el_class=&#8221;boxservicio&#8221;][vc_column_inner width=&#8221;1\/3&#8243; offset=&#8221;vc_col-xs-12&#8243;][vc_single_image image=&#8221;20201&#8243; img_size=&#8221;full&#8221; css=&#8221;&#8221;][\/vc_column_inner][vc_column_inner width=&#8221;2\/3&#8243; offset=&#8221;vc_col-xs-12&#8243; css=&#8221;.vc_custom_1724175593357{padding-top: 15px !important;padding-bottom: 20px !important;}&#8221;]<div class=\"zozo-parallax-header ppading Checkout\"><div class=\"parallax-header\"><h3 class=\"parallax-title text-left text-none\" style=\"font-size:24px;\">Funcionalidades destacadas de PowerView<\/h3><div class=\"parallax-desc default-style text-left\"><ul>\n<li><strong>Seguimiento en Tiempo Real<\/strong>.<\/li>\n<li><strong>Optimizaci\u00f3n del Flujo de Trabajo<\/strong>.<\/li>\n<li><strong>Acceso Global<\/strong>.<\/li>\n<li><strong>Seguimiento Integral.<\/strong><\/li>\n<li><strong>Gesti\u00f3n de Proveedores<\/strong>.<\/li>\n<li><strong>Gesti\u00f3n de Excepciones<\/strong>.<\/li>\n<li><strong>Panel Personalizable<\/strong>.<\/li>\n<li><strong>Comunicaci\u00f3n mejorada<\/strong>.<\/li>\n<\/ul>\n<\/div><\/div><\/div>[\/vc_column_inner][\/vc_row_inner][\/vc_column][\/vc_row][vc_row css_animation=&#8221;left-to-right&#8221; center_row=&#8221;yes&#8221; opn_row_gutter=&#8221;100&#8243; el_id=&#8221;contactform&#8221; css=&#8221;.vc_custom_1724328448828{margin-top: 60px !important;background-color: #f7f7f7 !important;}&#8221;][vc_column][vc_column_text css=&#8221;&#8221;]<\/p>\n<p style=\"text-align: center;\"><span style=\"color: #aa272f; font-size: 28px;\">Por favor, cont\u00e1ctenos para m\u00e1s informaci\u00f3n<\/span><\/p>\n<p>[\/vc_column_text][vc_column_text]\n<div class=\"wpcf7 no-js\" id=\"wpcf7-f13635-o1\" lang=\"es-ES\" dir=\"ltr\" data-wpcf7-id=\"13635\">\n<div class=\"screen-reader-response\"><p role=\"status\" aria-live=\"polite\" aria-atomic=\"true\"><\/p> <ul><\/ul><\/div>\n<form action=\"\/es\/wp-json\/wp\/v2\/pages\/20172#wpcf7-f13635-o1\" method=\"post\" class=\"wpcf7-form init wpcf7-acceptance-as-validation\" aria-label=\"Formulario de contacto\" novalidate=\"novalidate\" data-status=\"init\">\n<fieldset class=\"hidden-fields-container\"><input type=\"hidden\" name=\"_wpcf7\" value=\"13635\" \/><input type=\"hidden\" name=\"_wpcf7_version\" value=\"6.1.5\" \/><input type=\"hidden\" name=\"_wpcf7_locale\" value=\"es_ES\" \/><input type=\"hidden\" name=\"_wpcf7_unit_tag\" value=\"wpcf7-f13635-o1\" \/><input type=\"hidden\" name=\"_wpcf7_container_post\" value=\"0\" \/><input type=\"hidden\" name=\"_wpcf7_posted_data_hash\" value=\"\" \/><input type=\"hidden\" name=\"_wpcf7dtx_version\" value=\"5.0.5\" \/><input type=\"hidden\" name=\"_wpcf7_recaptcha_response\" value=\"\" \/>\n<\/fieldset>\n<div class=\"row\">\n\t<div class=\"col-md-12\">\n\t<div class=\"wpcf7-response-output\" aria-hidden=\"true\"><\/div>\n\t<\/div>\n<\/div>\n<p style=\"font-size: 12px; font-weight:400; \">Todos los campos son obligatorios.\n<\/p>\n<div class=\"row\">\n\t<div class=\"col-md-6\">\n\t\t<p><span class=\"wpcf7-form-control-wrap\" data-name=\"tu-nombre\"><input size=\"40\" maxlength=\"400\" class=\"wpcf7-form-control wpcf7-text wpcf7-validates-as-required\" aria-required=\"true\" aria-invalid=\"false\" placeholder=\"Nombre\" value=\"\" type=\"text\" name=\"tu-nombre\" \/><\/span>\n\t\t<\/p>\n\t\t<p><span class=\"wpcf7-form-control-wrap\" data-name=\"tu-Empresa\"><input size=\"40\" maxlength=\"400\" class=\"wpcf7-form-control wpcf7-text wpcf7-validates-as-required\" aria-required=\"true\" aria-invalid=\"false\" placeholder=\"Empresa\" value=\"\" type=\"text\" name=\"tu-Empresa\" \/><\/span>\n\t\t<\/p>\n\t\t<p><span class=\"wpcf7-form-control-wrap\" data-name=\"tel-564\"><input size=\"40\" maxlength=\"400\" class=\"wpcf7-form-control wpcf7-tel wpcf7-validates-as-required wpcf7-text wpcf7-validates-as-tel\" aria-required=\"true\" aria-invalid=\"false\" placeholder=\"Tel\u00e9fono\" value=\"\" type=\"tel\" name=\"tel-564\" \/><\/span>\n\t\t<\/p>\n\t<\/div>\n\t<div class=\"col-md-6\">\n\t\t<p><span class=\"wpcf7-form-control-wrap\" data-name=\"tu-email\"><input size=\"40\" maxlength=\"400\" class=\"wpcf7-form-control wpcf7-email wpcf7-validates-as-required wpcf7-text wpcf7-validates-as-email\" aria-required=\"true\" aria-invalid=\"false\" placeholder=\"Email\" value=\"\" type=\"email\" name=\"tu-email\" \/><\/span>\n\t\t<\/p>\n\t<span class=\"wpcf7-form-control-wrap recipient-email\" data-name=\"recipient-email\"><input type=\"hidden\" name=\"recipient-email\" class=\"wpcf7-form-control wpcf7-hidden wpcf7dtx wpcf7dtx-hidden\" aria-invalid=\"false\" value=\"&#106;&#111;&#104;&#110;&#046;&#104;&#111;&#119;&#108;&#101;&#116;&#116;&#064;&#110;&#111;&#097;&#116;&#117;&#109;&#108;&#111;&#103;&#105;&#115;&#116;&#105;&#099;&#115;&#046;&#099;&#111;&#109;\"><\/span>\n\t\t<p><span class=\"wpcf7-form-control-wrap\" data-name=\"your-message\"><textarea cols=\"40\" rows=\"10\" maxlength=\"2000\" class=\"wpcf7-form-control wpcf7-textarea\" aria-invalid=\"false\" placeholder=\"Mensaje\" name=\"your-message\"><\/textarea><\/span>\n\t\t<\/p>\n\t<\/div>\n<\/div>\n<div class=\"row\">\n\t<div class=\"col-md-12 legalnotice\">\n\t\t<p style=\"font-weight: 300;font-size: 12px;line-height: 1.5em;margin-top: 10px;\">Noatum Holdings S.L.U., con domicilio en la Avenida de Italia n\u00ba2 (CTC), de Coslada (Madrid, Espa\u00f1a), utiliza con su consentimiento los datos personales consignados para responder a su solicitud, envi\u00e1ndolos a la empresa del grupo Noatum m\u00e1s indicada para ello. No se conservar\u00e1n m\u00e1s all\u00e1 del tiempo necesario para responderle. Si acepta la recepci\u00f3n de publicidad de nuestros servicios marcando la casilla correspondiente los conservaremos en tanto no manifieste su voluntad en contrario.\n\t\t<\/p>\n\t\t<p style=\"font-weight: 300;font-size: 12px;line-height: 1.5em; margin-top: 5px;\">Puede contactar con el delegado de protecci\u00f3n de datos en (<a href=\"mailto:dpo@noatum.com\">dpo@noatum.com<\/a>). Si considera que sus derechos han sido vulnerados, puede interponer una reclamaci\u00f3n ante la Agencia Espa\u00f1ola de Protecci\u00f3n de Datos. Si lo desea, puede retirar su consentimiento y ejercer los derechos de acceso, rectificaci\u00f3n, supresi\u00f3n, oposici\u00f3n y limitaci\u00f3n en cualquier momento dirigi\u00e9ndose al correo (<a href=\"mailto:dpo@noatum.com\">dpo@noatum.com<\/a>).\n\t\t<\/p>\n\t<\/div>\n<\/div>\n<div class=\"row\" style=\"margin-top: 10px; margin-bottom: 15px;\">\n\t<div class=\"col-md-12\">\n\t\t<p><span class=\"wpcf7-form-control-wrap\" data-name=\"acceptance-182\"><span class=\"wpcf7-form-control wpcf7-acceptance\"><span class=\"wpcf7-list-item\"><label><input type=\"checkbox\" name=\"acceptance-182\" value=\"1\" aria-invalid=\"false\" \/><span class=\"wpcf7-list-item-label\">Acepto la recepci\u00f3n de publicidad de los servicios del grupo Noatum en mi direcci\u00f3n de correo electr\u00f3nico.<\/span><\/label><\/span><\/span><\/span>\n\t\t<\/p>\n\t<\/div>\n<\/div>\n<div class=\"row\">\n\t<div class=\"col-md-12\">\n\t\t<p><input class=\"wpcf7-form-control wpcf7-submit has-spinner\" type=\"submit\" value=\"Enviar\" \/>\n\t\t<\/p>\n\t<\/div>\n<\/div>\n<\/form>\n<\/div>\n[\/vc_column_text][\/vc_column][\/vc_row]<\/p>\n<\/div>","protected":false},"excerpt":{"rendered":"<p>[vc_row center_row=&#8221;yes&#8221; bg_overlay=&#8221;yes&#8221; typo_style=&#8221;light&#8221; css=&#8221;.vc_custom_1730730580601{padding-top: 120px !important;padding-right: 120px !important;padding-bottom: 120px !important;padding-left: 120px !important;background-image: url(https:\/\/www.noatumlogistics.com\/wp-content\/uploads\/2024\/08\/Noatum-Logistics_Solutions_International-supply-chain_Powerview_1.jpg?id=20183) !important;background-position: center !important;background-repeat: no-repeat !important;background-size: cover !important;}&#8221; el_class=&#8221;primerafila&#8221;][vc_column][vc_btn title=&#8221;Contacto&#8221; link=&#8221;url:%23contactform|&#8221;][\/vc_column][\/vc_row][vc_row center_row=&#8221;yes&#8221; css=&#8221;.vc_custom_1724328701763{margin-bottom: 50px !important;padding-bottom: 0px !important;}&#8221;&#8230;<\/p>\n","protected":false},"author":12,"featured_media":20184,"parent":19672,"menu_order":0,"comment_status":"closed","ping_status":"closed","template":"template-fullwidth.php","meta":{"footnotes":""},"class_list":["post-20172","page","type-page","status-publish","has-post-thumbnail","hentry"],"yoast_head":"<!-- This site is optimized with the Yoast SEO plugin v27.3 - https:\/\/yoast.com\/product\/yoast-seo-wordpress\/ -->\n<title>Optimizaci\u00f3n de la Cadena de Suministro con la Integraci\u00f3n de Datos de PowerView | Noatum Logistics<\/title>\n<meta name=\"description\" content=\"Mejora tu cadena de suministro con la tecnolog\u00eda en la nube de PowerView. Disfruta de seguimiento en tiempo real, reducci\u00f3n de costos y visibilidad global.\" \/>\n<meta name=\"robots\" content=\"index, follow, max-snippet:-1, max-image-preview:large, max-video-preview:-1\" \/>\n<link rel=\"canonical\" href=\"https:\/\/www.noatumlogistics.com\/es\/supply-chain-solutions-old\/powerview\/\" \/>\n<meta property=\"og:locale\" content=\"es_ES\" \/>\n<meta property=\"og:type\" content=\"article\" \/>\n<meta property=\"og:title\" content=\"Optimizaci\u00f3n de la Cadena de Suministro con la Integraci\u00f3n de Datos de PowerView | Noatum Logistics\" \/>\n<meta property=\"og:description\" content=\"Mejora tu cadena de suministro con la tecnolog\u00eda en la nube de PowerView. Disfruta de seguimiento en tiempo real, reducci\u00f3n de costos y visibilidad global.\" \/>\n<meta property=\"og:url\" content=\"https:\/\/www.noatumlogistics.com\/es\/supply-chain-solutions-old\/powerview\/\" \/>\n<meta property=\"og:site_name\" content=\"Global\" \/>\n<meta property=\"article:modified_time\" content=\"2025-08-05T07:49:01+00:00\" \/>\n<meta property=\"og:image\" content=\"https:\/\/www.noatumlogistics.com\/wp-content\/uploads\/2020\/03\/international-supply-chain-management_Noatum.jpg\" \/>\n\t<meta property=\"og:image:width\" content=\"800\" \/>\n\t<meta property=\"og:image:height\" content=\"533\" \/>\n\t<meta property=\"og:image:type\" content=\"image\/jpeg\" \/>\n<meta name=\"twitter:card\" content=\"summary_large_image\" \/>\n<meta name=\"twitter:image\" content=\"https:\/\/www.noatumlogistics.com\/wp-content\/uploads\/2020\/03\/international-supply-chain-management_Noatum.jpg\" \/>\n<meta name=\"twitter:label1\" content=\"Tiempo de lectura\" \/>\n\t<meta name=\"twitter:data1\" content=\"3 minutos\" \/>\n<script type=\"application\/ld+json\" class=\"yoast-schema-graph\">{\"@context\":\"https:\\\/\\\/schema.org\",\"@graph\":[{\"@type\":\"WebPage\",\"@id\":\"https:\\\/\\\/www.noatumlogistics.com\\\/es\\\/supply-chain-solutions-old\\\/powerview\\\/\",\"url\":\"https:\\\/\\\/www.noatumlogistics.com\\\/es\\\/supply-chain-solutions-old\\\/powerview\\\/\",\"name\":\"Optimizaci\u00f3n de la Cadena de Suministro con la Integraci\u00f3n de Datos de PowerView | Noatum Logistics\",\"isPartOf\":{\"@id\":\"https:\\\/\\\/www.noatumlogistics.com\\\/es\\\/#website\"},\"primaryImageOfPage\":{\"@id\":\"https:\\\/\\\/www.noatumlogistics.com\\\/es\\\/supply-chain-solutions-old\\\/powerview\\\/#primaryimage\"},\"image\":{\"@id\":\"https:\\\/\\\/www.noatumlogistics.com\\\/es\\\/supply-chain-solutions-old\\\/powerview\\\/#primaryimage\"},\"thumbnailUrl\":\"https:\\\/\\\/www.noatumlogistics.com\\\/wp-content\\\/uploads\\\/2024\\\/08\\\/Noatum-Logistics_Solutions_International-supply-chain_Powerview_1.jpg\",\"datePublished\":\"2024-10-28T13:00:08+00:00\",\"dateModified\":\"2025-08-05T07:49:01+00:00\",\"description\":\"Mejora tu cadena de suministro con la tecnolog\u00eda en la nube de PowerView. Disfruta de seguimiento en tiempo real, reducci\u00f3n de costos y visibilidad global.\",\"breadcrumb\":{\"@id\":\"https:\\\/\\\/www.noatumlogistics.com\\\/es\\\/supply-chain-solutions-old\\\/powerview\\\/#breadcrumb\"},\"inLanguage\":\"es\",\"potentialAction\":[{\"@type\":\"ReadAction\",\"target\":[\"https:\\\/\\\/www.noatumlogistics.com\\\/es\\\/supply-chain-solutions-old\\\/powerview\\\/\"]}]},{\"@type\":\"ImageObject\",\"inLanguage\":\"es\",\"@id\":\"https:\\\/\\\/www.noatumlogistics.com\\\/es\\\/supply-chain-solutions-old\\\/powerview\\\/#primaryimage\",\"url\":\"https:\\\/\\\/www.noatumlogistics.com\\\/wp-content\\\/uploads\\\/2024\\\/08\\\/Noatum-Logistics_Solutions_International-supply-chain_Powerview_1.jpg\",\"contentUrl\":\"https:\\\/\\\/www.noatumlogistics.com\\\/wp-content\\\/uploads\\\/2024\\\/08\\\/Noatum-Logistics_Solutions_International-supply-chain_Powerview_1.jpg\",\"width\":2000,\"height\":1333},{\"@type\":\"BreadcrumbList\",\"@id\":\"https:\\\/\\\/www.noatumlogistics.com\\\/es\\\/supply-chain-solutions-old\\\/powerview\\\/#breadcrumb\",\"itemListElement\":[{\"@type\":\"ListItem\",\"position\":1,\"name\":\"Home\",\"item\":\"https:\\\/\\\/www.noatumlogistics.com\\\/es\\\/\"},{\"@type\":\"ListItem\",\"position\":2,\"name\":\"Supply Chain Solutions: soluci\u00f3n para cadenas de suministro integradas\",\"item\":\"https:\\\/\\\/www.noatumlogistics.com\\\/es\\\/?page_id=19672\"},{\"@type\":\"ListItem\",\"position\":3,\"name\":\"Supply Chain Solutions: PowerView\"}]},{\"@type\":\"WebSite\",\"@id\":\"https:\\\/\\\/www.noatumlogistics.com\\\/es\\\/#website\",\"url\":\"https:\\\/\\\/www.noatumlogistics.com\\\/es\\\/\",\"name\":\"Global\",\"description\":\"Excelencia en servicios log\u00edsticos\",\"potentialAction\":[{\"@type\":\"SearchAction\",\"target\":{\"@type\":\"EntryPoint\",\"urlTemplate\":\"https:\\\/\\\/www.noatumlogistics.com\\\/es\\\/?s={search_term_string}\"},\"query-input\":{\"@type\":\"PropertyValueSpecification\",\"valueRequired\":true,\"valueName\":\"search_term_string\"}}],\"inLanguage\":\"es\"}]}<\/script>\n<!-- \/ Yoast SEO plugin. -->","yoast_head_json":{"title":"Optimizaci\u00f3n de la Cadena de Suministro con la Integraci\u00f3n de Datos de PowerView | Noatum Logistics","description":"Mejora tu cadena de suministro con la tecnolog\u00eda en la nube de PowerView. Disfruta de seguimiento en tiempo real, reducci\u00f3n de costos y visibilidad global.","robots":{"index":"index","follow":"follow","max-snippet":"max-snippet:-1","max-image-preview":"max-image-preview:large","max-video-preview":"max-video-preview:-1"},"canonical":"https:\/\/www.noatumlogistics.com\/es\/supply-chain-solutions-old\/powerview\/","og_locale":"es_ES","og_type":"article","og_title":"Optimizaci\u00f3n de la Cadena de Suministro con la Integraci\u00f3n de Datos de PowerView | Noatum Logistics","og_description":"Mejora tu cadena de suministro con la tecnolog\u00eda en la nube de PowerView. Disfruta de seguimiento en tiempo real, reducci\u00f3n de costos y visibilidad global.","og_url":"https:\/\/www.noatumlogistics.com\/es\/supply-chain-solutions-old\/powerview\/","og_site_name":"Global","article_modified_time":"2025-08-05T07:49:01+00:00","og_image":[{"width":800,"height":533,"url":"https:\/\/www.noatumlogistics.com\/wp-content\/uploads\/2020\/03\/international-supply-chain-management_Noatum.jpg","type":"image\/jpeg"}],"twitter_card":"summary_large_image","twitter_image":"https:\/\/www.noatumlogistics.com\/wp-content\/uploads\/2020\/03\/international-supply-chain-management_Noatum.jpg","twitter_misc":{"Tiempo de lectura":"3 minutos"},"schema":{"@context":"https:\/\/schema.org","@graph":[{"@type":"WebPage","@id":"https:\/\/www.noatumlogistics.com\/es\/supply-chain-solutions-old\/powerview\/","url":"https:\/\/www.noatumlogistics.com\/es\/supply-chain-solutions-old\/powerview\/","name":"Optimizaci\u00f3n de la Cadena de Suministro con la Integraci\u00f3n de Datos de PowerView | Noatum Logistics","isPartOf":{"@id":"https:\/\/www.noatumlogistics.com\/es\/#website"},"primaryImageOfPage":{"@id":"https:\/\/www.noatumlogistics.com\/es\/supply-chain-solutions-old\/powerview\/#primaryimage"},"image":{"@id":"https:\/\/www.noatumlogistics.com\/es\/supply-chain-solutions-old\/powerview\/#primaryimage"},"thumbnailUrl":"https:\/\/www.noatumlogistics.com\/wp-content\/uploads\/2024\/08\/Noatum-Logistics_Solutions_International-supply-chain_Powerview_1.jpg","datePublished":"2024-10-28T13:00:08+00:00","dateModified":"2025-08-05T07:49:01+00:00","description":"Mejora tu cadena de suministro con la tecnolog\u00eda en la nube de PowerView. Disfruta de seguimiento en tiempo real, reducci\u00f3n de costos y visibilidad global.","breadcrumb":{"@id":"https:\/\/www.noatumlogistics.com\/es\/supply-chain-solutions-old\/powerview\/#breadcrumb"},"inLanguage":"es","potentialAction":[{"@type":"ReadAction","target":["https:\/\/www.noatumlogistics.com\/es\/supply-chain-solutions-old\/powerview\/"]}]},{"@type":"ImageObject","inLanguage":"es","@id":"https:\/\/www.noatumlogistics.com\/es\/supply-chain-solutions-old\/powerview\/#primaryimage","url":"https:\/\/www.noatumlogistics.com\/wp-content\/uploads\/2024\/08\/Noatum-Logistics_Solutions_International-supply-chain_Powerview_1.jpg","contentUrl":"https:\/\/www.noatumlogistics.com\/wp-content\/uploads\/2024\/08\/Noatum-Logistics_Solutions_International-supply-chain_Powerview_1.jpg","width":2000,"height":1333},{"@type":"BreadcrumbList","@id":"https:\/\/www.noatumlogistics.com\/es\/supply-chain-solutions-old\/powerview\/#breadcrumb","itemListElement":[{"@type":"ListItem","position":1,"name":"Home","item":"https:\/\/www.noatumlogistics.com\/es\/"},{"@type":"ListItem","position":2,"name":"Supply Chain Solutions: soluci\u00f3n para cadenas de suministro integradas","item":"https:\/\/www.noatumlogistics.com\/es\/?page_id=19672"},{"@type":"ListItem","position":3,"name":"Supply Chain Solutions: PowerView"}]},{"@type":"WebSite","@id":"https:\/\/www.noatumlogistics.com\/es\/#website","url":"https:\/\/www.noatumlogistics.com\/es\/","name":"Global","description":"Excelencia en servicios log\u00edsticos","potentialAction":[{"@type":"SearchAction","target":{"@type":"EntryPoint","urlTemplate":"https:\/\/www.noatumlogistics.com\/es\/?s={search_term_string}"},"query-input":{"@type":"PropertyValueSpecification","valueRequired":true,"valueName":"search_term_string"}}],"inLanguage":"es"}]}},"_links":{"self":[{"href":"https:\/\/www.noatumlogistics.com\/es\/wp-json\/wp\/v2\/pages\/20172","targetHints":{"allow":["GET"]}}],"collection":[{"href":"https:\/\/www.noatumlogistics.com\/es\/wp-json\/wp\/v2\/pages"}],"about":[{"href":"https:\/\/www.noatumlogistics.com\/es\/wp-json\/wp\/v2\/types\/page"}],"author":[{"embeddable":true,"href":"https:\/\/www.noatumlogistics.com\/es\/wp-json\/wp\/v2\/users\/12"}],"replies":[{"embeddable":true,"href":"https:\/\/www.noatumlogistics.com\/es\/wp-json\/wp\/v2\/comments?post=20172"}],"version-history":[{"count":19,"href":"https:\/\/www.noatumlogistics.com\/es\/wp-json\/wp\/v2\/pages\/20172\/revisions"}],"predecessor-version":[{"id":21297,"href":"https:\/\/www.noatumlogistics.com\/es\/wp-json\/wp\/v2\/pages\/20172\/revisions\/21297"}],"up":[{"embeddable":true,"href":"https:\/\/www.noatumlogistics.com\/es\/wp-json\/wp\/v2\/pages\/19672"}],"wp:featuredmedia":[{"embeddable":true,"href":"https:\/\/www.noatumlogistics.com\/es\/wp-json\/wp\/v2\/media\/20184"}],"wp:attachment":[{"href":"https:\/\/www.noatumlogistics.com\/es\/wp-json\/wp\/v2\/media?parent=20172"}],"curies":[{"name":"wp","href":"https:\/\/api.w.org\/{rel}","templated":true}]}}