{"id":17245,"date":"2022-02-16T16:03:45","date_gmt":"2022-02-16T15:03:45","guid":{"rendered":"https:\/\/www.noatumlogistics.com\/?page_id=17245"},"modified":"2023-01-19T16:32:27","modified_gmt":"2023-01-19T15:32:27","slug":"transporte-aereo-madrid-latinoamerica","status":"publish","type":"page","link":"https:\/\/www.noatumlogistics.com\/es\/transporte-aereo-madrid-latinoamerica\/","title":{"rendered":"Servicio A\u00e9reo Directo Madrid \u2013 Latinoam\u00e9rica"},"content":{"rendered":"<div class=\"wpb-content-wrapper\"><p>[vc_row css=&#8221;.vc_custom_1658399293930{margin-bottom: -40px !important;}&#8221;][vc_column width=&#8221;1\/3&#8243;][\/vc_column][vc_column width=&#8221;1\/3&#8243;][vc_single_image image=&#8221;16804&#8243; img_size=&#8221;400&#215;80&#8243; alignment=&#8221;center&#8221; onclick=&#8221;custom_link&#8221; link=&#8221;https:\/\/www.noatumlogistics.com\/esp\/&#8221; css=&#8221;.vc_custom_1626807107914{margin-top: -40px !important;margin-bottom: -80px !important;}&#8221;][\/vc_column][vc_column width=&#8221;1\/3&#8243;][\/vc_column][\/vc_row][vc_row center_row=&#8221;yes&#8221; bg_overlay=&#8221;yes&#8221; typo_style=&#8221;light&#8221; css=&#8221;.vc_custom_1658399315559{padding-top: 120px !important;padding-bottom: 120px !important;background-image: url(https:\/\/www.noatumlogistics.com\/wp-content\/uploads\/2022\/07\/air-charter-spain-south-america-2.jpg?id=17583) !important;background-position: center !important;background-repeat: no-repeat !important;background-size: cover !important;}&#8221; el_class=&#8221;primerafila&#8221;][vc_column]<div class=\"zozo-parallax-header\"><div class=\"parallax-header\"><h2 class=\"parallax-title text-left\">Servicio A\u00e9reo Directo Madrid (Espa\u00f1a) a Latinoam\u00e9rica<\/h2><div class=\"parallax-desc default-style text-left\"><h4>Salidas semanales desde Madrid con posibilidad de recogida en toda la pen\u00ednsula.<\/h4>\n<\/div><\/div><\/div>[vc_btn title=&#8221;Solicita presupuesto&#8221; link=&#8221;url:%23contactform|&#8221;][\/vc_column][\/vc_row][vc_row center_row=&#8221;yes&#8221; el_class=&#8221;VinetasRed&#8221; css=&#8221;.vc_custom_1584956782188{background-image: url(https:\/\/www.noatumlogistics.com\/wp-content\/uploads\/2016\/06\/fondo-directorio.jpg?id=1359) !important;background-position: center !important;background-repeat: no-repeat !important;background-size: cover !important;}&#8221;][vc_column el_class=&#8221;solcarousel&#8221;]<div class=\"zozo-parallax-header\"><div class=\"parallax-header\"><h2 class=\"parallax-title text-left text-none\">Sin escalas: servicio directo de transporte a\u00e9reo desde Madrid a Bogot\u00e1 y M\u00e9xico<\/h2><\/div><\/div>[vc_row_inner][vc_column_inner width=&#8221;1\/2&#8243;][vc_column_text el_class=&#8221;ss_servicios&#8221;]\u00bfQuiere aumentar la eficiencia del transporte de sus mercanc\u00edas entre Espa\u00f1a y Suram\u00e9rica? \u00bfNecesita acortar al m\u00e1ximo el <strong>tiempo de tr\u00e1nsito<\/strong>? Desde Noatum Logistics le ofrecemos la posibilidad de trasportar sus exportaciones\u00a0<strong>desde Madrid hasta Bogot\u00e1 (Colombia) y Ciudad de M\u00e9xico <\/strong>en un tiempo r\u00e9cord y sin necesidad de planificar con antelaci\u00f3n.<\/p>\n<p>Adem\u00e1s este servicio le permite proteger espacios en\u00a0<strong>Peak Season<\/strong> al realizar carga regular en los meses anteriores.[\/vc_column_text][\/vc_column_inner][vc_column_inner width=&#8221;1\/2&#8243;][vc_column_text]<span style=\"color: #aa272f;\"><strong>COLOMBIA Y MEXICO<\/strong><\/span><\/p>\n<p>Ofrecemos un servicio semanal directo, con salida los s\u00e1bados desde Madrid (MAD) y los viernes desde Barcelona (BCN), Bilbao (BIO) y Valencia (VLC).<\/p>\n<ul>\n<li>Recogida en cualquier punto de Espa\u00f1a<\/li>\n<li>Oficina Propia en origen y destino<\/li>\n<li>Tarifa v\u00e1lida a partir del 31\/07\/22<\/li>\n<\/ul>\n<p>[\/vc_column_text][\/vc_column_inner][\/vc_row_inner][\/vc_column][\/vc_row][vc_row center_row=&#8221;yes&#8221; css=&#8221;.vc_custom_1626807461370{margin-bottom: -80px !important;padding-bottom: 0px !important;}&#8221; el_class=&#8221;Vinetasred&#8221;][vc_column]<div class=\"zozo-parallax-header VinetasRed\"><div class=\"parallax-header\"><h2 class=\"parallax-title text-center text-none\">Claves de la exportaci\u00f3n de mercanc\u00eda desde Espa\u00f1a a Colombia y M\u00e9xico<\/h2><div class=\"parallax-desc default-style text-center\"><p>El servicio semanal a Bogot\u00e1 y Ciudad de M\u00e9xico de Noatum Logistics se caracteriza por:<\/p>\n<\/div><\/div><\/div>[vc_row_inner el_class=&#8221;VinetasRed&#8221; css=&#8221;.vc_custom_1626807538467{margin-bottom: -80px !important;padding-bottom: 0px !important;}&#8221;][vc_column_inner el_class=&#8221;nopadding&#8221; width=&#8221;1\/4&#8243;][vc_column_text]<\/p>\n<ul>\n<li>Agilidad y eficiencia en la gesti\u00f3n de la carga a\u00e9rea.<\/li>\n<\/ul>\n<p>[\/vc_column_text][\/vc_column_inner][vc_column_inner el_class=&#8221;nopadding&#8221; width=&#8221;1\/4&#8243;][vc_column_text]<\/p>\n<ul>\n<li>Servicio semanal directo.<\/li>\n<\/ul>\n<p>[\/vc_column_text][\/vc_column_inner][vc_column_inner el_class=&#8221;nopadding&#8221; width=&#8221;1\/4&#8243;][vc_column_text]<\/p>\n<ul>\n<li>Protecci\u00f3n de espacios en Peak Season con carga en los meses anteriores.<\/li>\n<\/ul>\n<p>[\/vc_column_text][\/vc_column_inner][vc_column_inner el_class=&#8221;nopadding&#8221; width=&#8221;1\/4&#8243;][vc_column_text el_class=&#8221;nopadding&#8221;]<\/p>\n<ul>\n<li>Posibilidad de recogida en toda la pen\u00ednsula.<\/li>\n<\/ul>\n<p>[\/vc_column_text][\/vc_column_inner][\/vc_row_inner][\/vc_column][\/vc_row][vc_row full_width=&#8221;stretch_row_content_no_spaces&#8221; center_row=&#8221;yes&#8221; el_class=&#8221;rowservicio boxesservicios&#8221; css=&#8221;.vc_custom_1645023427788{margin-top: 0px !important;padding-top: -80px !important;}&#8221;][vc_column][vc_single_image image=&#8221;17333&#8243; img_size=&#8221;full&#8221;][\/vc_column][\/vc_row][vc_row css_animation=&#8221;left-to-right&#8221; center_row=&#8221;yes&#8221; opn_row_gutter=&#8221;100&#8243; el_id=&#8221;contactform&#8221; css=&#8221;.vc_custom_1582792022784{background-color: #f7f7f7 !important;}&#8221;][vc_column]<div class=\"zozo-parallax-header\"><div class=\"parallax-header\"><h2 class=\"parallax-title text-center text-none\" style=\"color:#ae2626;\">Cont\u00e1ctanos para m\u00e1s informaci\u00f3n y solicitar un presupuesto gratuito.<\/h2><\/div><\/div>[vc_column_text]\n<div class=\"wpcf7 no-js\" id=\"wpcf7-f13635-o1\" lang=\"es-ES\" dir=\"ltr\" data-wpcf7-id=\"13635\">\n<div class=\"screen-reader-response\"><p role=\"status\" aria-live=\"polite\" aria-atomic=\"true\"><\/p> <ul><\/ul><\/div>\n<form action=\"\/es\/wp-json\/wp\/v2\/pages\/17245#wpcf7-f13635-o1\" method=\"post\" class=\"wpcf7-form init wpcf7-acceptance-as-validation\" aria-label=\"Formulario de contacto\" novalidate=\"novalidate\" data-status=\"init\">\n<fieldset class=\"hidden-fields-container\"><input type=\"hidden\" name=\"_wpcf7\" value=\"13635\" \/><input type=\"hidden\" name=\"_wpcf7_version\" value=\"6.1.5\" \/><input type=\"hidden\" name=\"_wpcf7_locale\" value=\"es_ES\" \/><input type=\"hidden\" name=\"_wpcf7_unit_tag\" value=\"wpcf7-f13635-o1\" \/><input type=\"hidden\" name=\"_wpcf7_container_post\" value=\"0\" \/><input type=\"hidden\" name=\"_wpcf7_posted_data_hash\" value=\"\" \/><input type=\"hidden\" name=\"_wpcf7dtx_version\" value=\"5.0.5\" \/><input type=\"hidden\" name=\"_wpcf7_recaptcha_response\" value=\"\" \/>\n<\/fieldset>\n<div class=\"row\">\n\t<div class=\"col-md-12\">\n\t<div class=\"wpcf7-response-output\" aria-hidden=\"true\"><\/div>\n\t<\/div>\n<\/div>\n<p style=\"font-size: 12px; font-weight:400; \">Todos los campos son obligatorios.\n<\/p>\n<div class=\"row\">\n\t<div class=\"col-md-6\">\n\t\t<p><span class=\"wpcf7-form-control-wrap\" data-name=\"tu-nombre\"><input size=\"40\" maxlength=\"400\" class=\"wpcf7-form-control wpcf7-text wpcf7-validates-as-required\" aria-required=\"true\" aria-invalid=\"false\" placeholder=\"Nombre\" value=\"\" type=\"text\" name=\"tu-nombre\" \/><\/span>\n\t\t<\/p>\n\t\t<p><span class=\"wpcf7-form-control-wrap\" data-name=\"tu-Empresa\"><input size=\"40\" maxlength=\"400\" class=\"wpcf7-form-control wpcf7-text wpcf7-validates-as-required\" aria-required=\"true\" aria-invalid=\"false\" placeholder=\"Empresa\" value=\"\" type=\"text\" name=\"tu-Empresa\" \/><\/span>\n\t\t<\/p>\n\t\t<p><span class=\"wpcf7-form-control-wrap\" data-name=\"tel-564\"><input size=\"40\" maxlength=\"400\" class=\"wpcf7-form-control wpcf7-tel wpcf7-validates-as-required wpcf7-text wpcf7-validates-as-tel\" aria-required=\"true\" aria-invalid=\"false\" placeholder=\"Tel\u00e9fono\" value=\"\" type=\"tel\" name=\"tel-564\" \/><\/span>\n\t\t<\/p>\n\t<\/div>\n\t<div class=\"col-md-6\">\n\t\t<p><span class=\"wpcf7-form-control-wrap\" data-name=\"tu-email\"><input size=\"40\" maxlength=\"400\" class=\"wpcf7-form-control wpcf7-email wpcf7-validates-as-required wpcf7-text wpcf7-validates-as-email\" aria-required=\"true\" aria-invalid=\"false\" placeholder=\"Email\" value=\"\" type=\"email\" name=\"tu-email\" \/><\/span>\n\t\t<\/p>\n\t<span class=\"wpcf7-form-control-wrap recipient-email\" data-name=\"recipient-email\"><input type=\"hidden\" name=\"recipient-email\" class=\"wpcf7-form-control wpcf7-hidden wpcf7dtx wpcf7dtx-hidden\" aria-invalid=\"false\" value=\"&#109;&#109;&#097;&#115;&#100;&#101;&#117;&#064;&#110;&#111;&#097;&#116;&#117;&#109;&#108;&#111;&#103;&#105;&#115;&#116;&#105;&#099;&#115;&#046;&#099;&#111;&#109;&#044;&#032;&#101;&#109;&#111;&#110;&#116;&#101;&#115;&#064;&#110;&#111;&#097;&#116;&#117;&#109;&#108;&#111;&#103;&#105;&#115;&#116;&#105;&#099;&#115;&#046;&#099;&#111;&#109;&#044;&#032;&#109;&#115;&#097;&#110;&#116;&#097;&#109;&#097;&#114;&#105;&#097;&#064;&#110;&#111;&#097;&#116;&#117;&#109;&#108;&#111;&#103;&#105;&#115;&#116;&#105;&#099;&#115;&#046;&#099;&#111;&#109;&#044;&#032;&#069;&#122;&#101;&#113;&#117;&#105;&#101;&#108;&#046;&#080;&#111;&#110;&#116;&#101;&#099;&#111;&#114;&#118;&#111;&#064;&#110;&#111;&#097;&#116;&#117;&#109;&#108;&#111;&#103;&#105;&#115;&#116;&#105;&#099;&#115;&#046;&#099;&#111;&#109;&#044;&#032;&#112;&#097;&#115;&#101;&#110;&#115;&#105;&#111;&#064;&#110;&#111;&#097;&#116;&#117;&#109;&#108;&#111;&#103;&#105;&#115;&#116;&#105;&#099;&#115;&#046;&#099;&#111;&#109;\"><\/span>\n\t\t<p><span class=\"wpcf7-form-control-wrap\" data-name=\"your-message\"><textarea cols=\"40\" rows=\"10\" maxlength=\"2000\" class=\"wpcf7-form-control wpcf7-textarea\" aria-invalid=\"false\" placeholder=\"Mensaje\" name=\"your-message\"><\/textarea><\/span>\n\t\t<\/p>\n\t<\/div>\n<\/div>\n<div class=\"row\">\n\t<div class=\"col-md-12 legalnotice\">\n\t\t<p style=\"font-weight: 300;font-size: 12px;line-height: 1.5em;margin-top: 10px;\">Noatum Holdings S.L.U., con domicilio en la Avenida de Italia n\u00ba2 (CTC), de Coslada (Madrid, Espa\u00f1a), utiliza con su consentimiento los datos personales consignados para responder a su solicitud, envi\u00e1ndolos a la empresa del grupo Noatum m\u00e1s indicada para ello. No se conservar\u00e1n m\u00e1s all\u00e1 del tiempo necesario para responderle. Si acepta la recepci\u00f3n de publicidad de nuestros servicios marcando la casilla correspondiente los conservaremos en tanto no manifieste su voluntad en contrario.\n\t\t<\/p>\n\t\t<p style=\"font-weight: 300;font-size: 12px;line-height: 1.5em; margin-top: 5px;\">Puede contactar con el delegado de protecci\u00f3n de datos en (<a href=\"mailto:dpo@noatum.com\">dpo@noatum.com<\/a>). Si considera que sus derechos han sido vulnerados, puede interponer una reclamaci\u00f3n ante la Agencia Espa\u00f1ola de Protecci\u00f3n de Datos. Si lo desea, puede retirar su consentimiento y ejercer los derechos de acceso, rectificaci\u00f3n, supresi\u00f3n, oposici\u00f3n y limitaci\u00f3n en cualquier momento dirigi\u00e9ndose al correo (<a href=\"mailto:dpo@noatum.com\">dpo@noatum.com<\/a>).\n\t\t<\/p>\n\t<\/div>\n<\/div>\n<div class=\"row\" style=\"margin-top: 10px; margin-bottom: 15px;\">\n\t<div class=\"col-md-12\">\n\t\t<p><span class=\"wpcf7-form-control-wrap\" data-name=\"acceptance-182\"><span class=\"wpcf7-form-control wpcf7-acceptance\"><span class=\"wpcf7-list-item\"><label><input type=\"checkbox\" name=\"acceptance-182\" value=\"1\" aria-invalid=\"false\" \/><span class=\"wpcf7-list-item-label\">Acepto la recepci\u00f3n de publicidad de los servicios del grupo Noatum en mi direcci\u00f3n de correo electr\u00f3nico.<\/span><\/label><\/span><\/span><\/span>\n\t\t<\/p>\n\t<\/div>\n<\/div>\n<div class=\"row\">\n\t<div class=\"col-md-12\">\n\t\t<p><input class=\"wpcf7-form-control wpcf7-submit has-spinner\" type=\"submit\" value=\"Enviar\" \/>\n\t\t<\/p>\n\t<\/div>\n<\/div>\n<\/form>\n<\/div>\n[\/vc_column_text][\/vc_column][\/vc_row]<\/p>\n<\/div>","protected":false},"excerpt":{"rendered":"<p>[vc_row css=&#8221;.vc_custom_1658399293930{margin-bottom: -40px !important;}&#8221;][vc_column width=&#8221;1\/3&#8243;][\/vc_column][vc_column width=&#8221;1\/3&#8243;][vc_single_image image=&#8221;16804&#8243; img_size=&#8221;400&#215;80&#8243; alignment=&#8221;center&#8221; onclick=&#8221;custom_link&#8221; link=&#8221;https:\/\/www.noatumlogistics.com\/esp\/&#8221; css=&#8221;.vc_custom_1626807107914{margin-top: -40px !important;margin-bottom: -80px !important;}&#8221;][\/vc_column][vc_column width=&#8221;1\/3&#8243;][\/vc_column][\/vc_row][vc_row center_row=&#8221;yes&#8221; bg_overlay=&#8221;yes&#8221; typo_style=&#8221;light&#8221; css=&#8221;.vc_custom_1658399315559{padding-top: 120px !important;padding-bottom: 120px !important;background-image: url(https:\/\/www.noatumlogistics.com\/wp-content\/uploads\/2022\/07\/air-charter-spain-south-america-2.jpg?id=17583) !important;background-position: center !important;background-repeat: no-repeat&#8230;<\/p>\n","protected":false},"author":9,"featured_media":17575,"parent":0,"menu_order":0,"comment_status":"closed","ping_status":"closed","template":"template-fullwidth.php","meta":{"footnotes":""},"class_list":["post-17245","page","type-page","status-publish","has-post-thumbnail","hentry"],"yoast_head":"<!-- This site is optimized with the Yoast SEO plugin v27.3 - https:\/\/yoast.com\/product\/yoast-seo-wordpress\/ -->\n<title>Servicio A\u00e9reo Directo Madrid \u2013 Latinoam\u00e9rica | Noatum Logistics<\/title>\n<meta name=\"robots\" content=\"index, follow, max-snippet:-1, max-image-preview:large, max-video-preview:-1\" \/>\n<link rel=\"canonical\" href=\"https:\/\/www.noatumlogistics.com\/es\/transporte-aereo-madrid-latinoamerica\/\" \/>\n<meta property=\"og:locale\" content=\"es_ES\" \/>\n<meta property=\"og:type\" content=\"article\" \/>\n<meta property=\"og:title\" content=\"Servicio A\u00e9reo Directo Madrid \u2013 Latinoam\u00e9rica | Noatum Logistics\" \/>\n<meta property=\"og:description\" content=\"[vc_row css=&#8221;.vc_custom_1658399293930{margin-bottom: -40px !important;}&#8221;][vc_column width=&#8221;1\/3&#8243;][\/vc_column][vc_column width=&#8221;1\/3&#8243;][vc_single_image image=&#8221;16804&#8243; img_size=&#8221;400&#215;80&#8243; alignment=&#8221;center&#8221; onclick=&#8221;custom_link&#8221; link=&#8221;https:\/\/www.noatumlogistics.com\/esp\/&#8221; css=&#8221;.vc_custom_1626807107914{margin-top: -40px !important;margin-bottom: -80px !important;}&#8221;][\/vc_column][vc_column width=&#8221;1\/3&#8243;][\/vc_column][\/vc_row][vc_row center_row=&#8221;yes&#8221; bg_overlay=&#8221;yes&#8221; typo_style=&#8221;light&#8221; css=&#8221;.vc_custom_1658399315559{padding-top: 120px !important;padding-bottom: 120px !important;background-image: url(https:\/\/www.noatumlogistics.com\/wp-content\/uploads\/2022\/07\/air-charter-spain-south-america-2.jpg?id=17583) !important;background-position: center !important;background-repeat: no-repeat...\" \/>\n<meta property=\"og:url\" content=\"https:\/\/www.noatumlogistics.com\/es\/transporte-aereo-madrid-latinoamerica\/\" \/>\n<meta property=\"og:site_name\" content=\"Global\" \/>\n<meta property=\"article:modified_time\" content=\"2023-01-19T15:32:27+00:00\" \/>\n<meta property=\"og:image\" content=\"https:\/\/www.noatumlogistics.com\/wp-content\/uploads\/2022\/07\/air-charter-spain-south-america.jpg\" \/>\n\t<meta property=\"og:image:width\" content=\"1903\" \/>\n\t<meta property=\"og:image:height\" content=\"700\" \/>\n\t<meta property=\"og:image:type\" content=\"image\/jpeg\" \/>\n<meta name=\"twitter:card\" content=\"summary_large_image\" \/>\n<meta name=\"twitter:label1\" content=\"Tiempo de lectura\" \/>\n\t<meta name=\"twitter:data1\" content=\"2 minutos\" \/>\n<script type=\"application\/ld+json\" class=\"yoast-schema-graph\">{\"@context\":\"https:\\\/\\\/schema.org\",\"@graph\":[{\"@type\":\"WebPage\",\"@id\":\"https:\\\/\\\/www.noatumlogistics.com\\\/es\\\/transporte-aereo-madrid-latinoamerica\\\/\",\"url\":\"https:\\\/\\\/www.noatumlogistics.com\\\/es\\\/transporte-aereo-madrid-latinoamerica\\\/\",\"name\":\"Servicio A\u00e9reo Directo Madrid \u2013 Latinoam\u00e9rica | Noatum Logistics\",\"isPartOf\":{\"@id\":\"https:\\\/\\\/www.noatumlogistics.com\\\/es\\\/#website\"},\"primaryImageOfPage\":{\"@id\":\"https:\\\/\\\/www.noatumlogistics.com\\\/es\\\/transporte-aereo-madrid-latinoamerica\\\/#primaryimage\"},\"image\":{\"@id\":\"https:\\\/\\\/www.noatumlogistics.com\\\/es\\\/transporte-aereo-madrid-latinoamerica\\\/#primaryimage\"},\"thumbnailUrl\":\"https:\\\/\\\/www.noatumlogistics.com\\\/wp-content\\\/uploads\\\/2022\\\/07\\\/air-charter-spain-south-america.jpg\",\"datePublished\":\"2022-02-16T15:03:45+00:00\",\"dateModified\":\"2023-01-19T15:32:27+00:00\",\"breadcrumb\":{\"@id\":\"https:\\\/\\\/www.noatumlogistics.com\\\/es\\\/transporte-aereo-madrid-latinoamerica\\\/#breadcrumb\"},\"inLanguage\":\"es\",\"potentialAction\":[{\"@type\":\"ReadAction\",\"target\":[\"https:\\\/\\\/www.noatumlogistics.com\\\/es\\\/transporte-aereo-madrid-latinoamerica\\\/\"]}]},{\"@type\":\"ImageObject\",\"inLanguage\":\"es\",\"@id\":\"https:\\\/\\\/www.noatumlogistics.com\\\/es\\\/transporte-aereo-madrid-latinoamerica\\\/#primaryimage\",\"url\":\"https:\\\/\\\/www.noatumlogistics.com\\\/wp-content\\\/uploads\\\/2022\\\/07\\\/air-charter-spain-south-america.jpg\",\"contentUrl\":\"https:\\\/\\\/www.noatumlogistics.com\\\/wp-content\\\/uploads\\\/2022\\\/07\\\/air-charter-spain-south-america.jpg\",\"width\":1903,\"height\":700},{\"@type\":\"BreadcrumbList\",\"@id\":\"https:\\\/\\\/www.noatumlogistics.com\\\/es\\\/transporte-aereo-madrid-latinoamerica\\\/#breadcrumb\",\"itemListElement\":[{\"@type\":\"ListItem\",\"position\":1,\"name\":\"Home\",\"item\":\"https:\\\/\\\/www.noatumlogistics.com\\\/es\\\/\"},{\"@type\":\"ListItem\",\"position\":2,\"name\":\"Servicio A\u00e9reo Directo Madrid \u2013 Latinoam\u00e9rica\"}]},{\"@type\":\"WebSite\",\"@id\":\"https:\\\/\\\/www.noatumlogistics.com\\\/es\\\/#website\",\"url\":\"https:\\\/\\\/www.noatumlogistics.com\\\/es\\\/\",\"name\":\"Global\",\"description\":\"Excelencia en servicios log\u00edsticos\",\"potentialAction\":[{\"@type\":\"SearchAction\",\"target\":{\"@type\":\"EntryPoint\",\"urlTemplate\":\"https:\\\/\\\/www.noatumlogistics.com\\\/es\\\/?s={search_term_string}\"},\"query-input\":{\"@type\":\"PropertyValueSpecification\",\"valueRequired\":true,\"valueName\":\"search_term_string\"}}],\"inLanguage\":\"es\"}]}<\/script>\n<!-- \/ Yoast SEO plugin. -->","yoast_head_json":{"title":"Servicio A\u00e9reo Directo Madrid \u2013 Latinoam\u00e9rica | Noatum Logistics","robots":{"index":"index","follow":"follow","max-snippet":"max-snippet:-1","max-image-preview":"max-image-preview:large","max-video-preview":"max-video-preview:-1"},"canonical":"https:\/\/www.noatumlogistics.com\/es\/transporte-aereo-madrid-latinoamerica\/","og_locale":"es_ES","og_type":"article","og_title":"Servicio A\u00e9reo Directo Madrid \u2013 Latinoam\u00e9rica | Noatum Logistics","og_description":"[vc_row css=&#8221;.vc_custom_1658399293930{margin-bottom: -40px !important;}&#8221;][vc_column width=&#8221;1\/3&#8243;][\/vc_column][vc_column width=&#8221;1\/3&#8243;][vc_single_image image=&#8221;16804&#8243; img_size=&#8221;400&#215;80&#8243; alignment=&#8221;center&#8221; onclick=&#8221;custom_link&#8221; link=&#8221;https:\/\/www.noatumlogistics.com\/esp\/&#8221; css=&#8221;.vc_custom_1626807107914{margin-top: -40px !important;margin-bottom: -80px !important;}&#8221;][\/vc_column][vc_column width=&#8221;1\/3&#8243;][\/vc_column][\/vc_row][vc_row center_row=&#8221;yes&#8221; bg_overlay=&#8221;yes&#8221; typo_style=&#8221;light&#8221; css=&#8221;.vc_custom_1658399315559{padding-top: 120px !important;padding-bottom: 120px !important;background-image: url(https:\/\/www.noatumlogistics.com\/wp-content\/uploads\/2022\/07\/air-charter-spain-south-america-2.jpg?id=17583) !important;background-position: center !important;background-repeat: no-repeat...","og_url":"https:\/\/www.noatumlogistics.com\/es\/transporte-aereo-madrid-latinoamerica\/","og_site_name":"Global","article_modified_time":"2023-01-19T15:32:27+00:00","og_image":[{"width":1903,"height":700,"url":"https:\/\/www.noatumlogistics.com\/wp-content\/uploads\/2022\/07\/air-charter-spain-south-america.jpg","type":"image\/jpeg"}],"twitter_card":"summary_large_image","twitter_misc":{"Tiempo de lectura":"2 minutos"},"schema":{"@context":"https:\/\/schema.org","@graph":[{"@type":"WebPage","@id":"https:\/\/www.noatumlogistics.com\/es\/transporte-aereo-madrid-latinoamerica\/","url":"https:\/\/www.noatumlogistics.com\/es\/transporte-aereo-madrid-latinoamerica\/","name":"Servicio A\u00e9reo Directo Madrid \u2013 Latinoam\u00e9rica | Noatum Logistics","isPartOf":{"@id":"https:\/\/www.noatumlogistics.com\/es\/#website"},"primaryImageOfPage":{"@id":"https:\/\/www.noatumlogistics.com\/es\/transporte-aereo-madrid-latinoamerica\/#primaryimage"},"image":{"@id":"https:\/\/www.noatumlogistics.com\/es\/transporte-aereo-madrid-latinoamerica\/#primaryimage"},"thumbnailUrl":"https:\/\/www.noatumlogistics.com\/wp-content\/uploads\/2022\/07\/air-charter-spain-south-america.jpg","datePublished":"2022-02-16T15:03:45+00:00","dateModified":"2023-01-19T15:32:27+00:00","breadcrumb":{"@id":"https:\/\/www.noatumlogistics.com\/es\/transporte-aereo-madrid-latinoamerica\/#breadcrumb"},"inLanguage":"es","potentialAction":[{"@type":"ReadAction","target":["https:\/\/www.noatumlogistics.com\/es\/transporte-aereo-madrid-latinoamerica\/"]}]},{"@type":"ImageObject","inLanguage":"es","@id":"https:\/\/www.noatumlogistics.com\/es\/transporte-aereo-madrid-latinoamerica\/#primaryimage","url":"https:\/\/www.noatumlogistics.com\/wp-content\/uploads\/2022\/07\/air-charter-spain-south-america.jpg","contentUrl":"https:\/\/www.noatumlogistics.com\/wp-content\/uploads\/2022\/07\/air-charter-spain-south-america.jpg","width":1903,"height":700},{"@type":"BreadcrumbList","@id":"https:\/\/www.noatumlogistics.com\/es\/transporte-aereo-madrid-latinoamerica\/#breadcrumb","itemListElement":[{"@type":"ListItem","position":1,"name":"Home","item":"https:\/\/www.noatumlogistics.com\/es\/"},{"@type":"ListItem","position":2,"name":"Servicio A\u00e9reo Directo Madrid \u2013 Latinoam\u00e9rica"}]},{"@type":"WebSite","@id":"https:\/\/www.noatumlogistics.com\/es\/#website","url":"https:\/\/www.noatumlogistics.com\/es\/","name":"Global","description":"Excelencia en servicios log\u00edsticos","potentialAction":[{"@type":"SearchAction","target":{"@type":"EntryPoint","urlTemplate":"https:\/\/www.noatumlogistics.com\/es\/?s={search_term_string}"},"query-input":{"@type":"PropertyValueSpecification","valueRequired":true,"valueName":"search_term_string"}}],"inLanguage":"es"}]}},"_links":{"self":[{"href":"https:\/\/www.noatumlogistics.com\/es\/wp-json\/wp\/v2\/pages\/17245","targetHints":{"allow":["GET"]}}],"collection":[{"href":"https:\/\/www.noatumlogistics.com\/es\/wp-json\/wp\/v2\/pages"}],"about":[{"href":"https:\/\/www.noatumlogistics.com\/es\/wp-json\/wp\/v2\/types\/page"}],"author":[{"embeddable":true,"href":"https:\/\/www.noatumlogistics.com\/es\/wp-json\/wp\/v2\/users\/9"}],"replies":[{"embeddable":true,"href":"https:\/\/www.noatumlogistics.com\/es\/wp-json\/wp\/v2\/comments?post=17245"}],"version-history":[{"count":26,"href":"https:\/\/www.noatumlogistics.com\/es\/wp-json\/wp\/v2\/pages\/17245\/revisions"}],"predecessor-version":[{"id":18376,"href":"https:\/\/www.noatumlogistics.com\/es\/wp-json\/wp\/v2\/pages\/17245\/revisions\/18376"}],"wp:featuredmedia":[{"embeddable":true,"href":"https:\/\/www.noatumlogistics.com\/es\/wp-json\/wp\/v2\/media\/17575"}],"wp:attachment":[{"href":"https:\/\/www.noatumlogistics.com\/es\/wp-json\/wp\/v2\/media?parent=17245"}],"curies":[{"name":"wp","href":"https:\/\/api.w.org\/{rel}","templated":true}]}}