{"id":16796,"date":"2021-07-20T19:46:51","date_gmt":"2021-07-20T18:46:51","guid":{"rendered":"https:\/\/www.noatumlogistics.com\/?page_id=16796"},"modified":"2021-10-04T11:09:34","modified_gmt":"2021-10-04T10:09:34","slug":"transporte-aereo-hongkong-espana","status":"publish","type":"page","link":"https:\/\/www.noatumlogistics.com\/es\/transporte-aereo-hongkong-espana\/","title":{"rendered":"Servicio Air Cargo Directo: Hong Kong &#8211; Espa\u00f1a"},"content":{"rendered":"<div class=\"wpb-content-wrapper\"><p>[vc_row css=&#8221;.vc_custom_1606994625500{margin-bottom: -40px !important;}&#8221;][vc_column width=&#8221;1\/3&#8243;][\/vc_column][vc_column width=&#8221;1\/3&#8243;][vc_single_image image=&#8221;16804&#8243; img_size=&#8221;400&#215;80&#8243; alignment=&#8221;center&#8221; onclick=&#8221;custom_link&#8221; link=&#8221;https:\/\/www.noatumlogistics.com\/esp\/&#8221; css=&#8221;.vc_custom_1626807107914{margin-top: -40px !important;margin-bottom: -80px !important;}&#8221;][\/vc_column][vc_column width=&#8221;1\/3&#8243;][\/vc_column][\/vc_row][vc_row center_row=&#8221;yes&#8221; bg_overlay=&#8221;yes&#8221; typo_style=&#8221;light&#8221; css=&#8221;.vc_custom_1633342157902{padding-top: 120px !important;padding-bottom: 120px !important;background-image: url(https:\/\/www.noatumlogistics.com\/wp-content\/uploads\/2021\/07\/air-cargo-hong-kong-spain.jpg?id=16797) !important;background-position: center !important;background-repeat: no-repeat !important;background-size: cover !important;}&#8221; el_class=&#8221;primerafila&#8221;][vc_column]<div class=\"zozo-parallax-header\"><div class=\"parallax-header\"><h2 class=\"parallax-title text-left\">Servicio a\u00e9reo Hong Kong - Madrid (Espa\u00f1a)<\/h2><div class=\"parallax-desc default-style text-left\"><h4>\u00danico en el mercado: servicio Air Cargo semanal desde Hong Kong a Madrid (Espa\u00f1a) con shuttle a Barcelona. Transporta mercanc\u00edas desde Hong Kong a Espa\u00f1a de forma r\u00e1pida y eficiente.<\/h4>\n<\/div><\/div><\/div>[vc_btn title=&#8221;Solicitar presupuesto&#8221; link=&#8221;url:%23contactform|&#8221;][\/vc_column][\/vc_row][vc_row center_row=&#8221;yes&#8221; el_class=&#8221;VinetasRed&#8221; css=&#8221;.vc_custom_1584956782188{background-image: url(https:\/\/www.noatumlogistics.com\/wp-content\/uploads\/2016\/06\/fondo-directorio.jpg?id=1359) !important;background-position: center !important;background-repeat: no-repeat !important;background-size: cover !important;}&#8221;][vc_column el_class=&#8221;solcarousel&#8221;]<div class=\"zozo-parallax-header\"><div class=\"parallax-header\"><h2 class=\"parallax-title text-left text-none\">Sin escalas: servicio directo de transporte a\u00e9reo desde Hong Kong hasta Madrid (Espa\u00f1a)<\/h2><\/div><\/div>[vc_row_inner][vc_column_inner width=&#8221;1\/2&#8243;][vc_column_text el_class=&#8221;ss_servicios&#8221;]\u00bfQuieres aumentar la eficiencia del transporte de tus mercanc\u00edas entre Hong Kong y Espa\u00f1a? \u00bfNecesitas acortar al m\u00e1ximo el <strong>tiempo de tr\u00e1nsito<\/strong>? Desde Noatum Logistics te ofrecemos la posibilidad de trasportar tus importaciones <strong>desde Hong Kong hasta Madrid (Espa\u00f1a)<\/strong> en un tiempo r\u00e9cord y sin necesidad de planificar con antelaci\u00f3n.<\/p>\n<p>Adem\u00e1s este servicio te permite proteger espacios en <strong>Peak Season<\/strong> (de septiembre a Diciembre) al realizar carga regular en Julio \u2013 Agosto.[\/vc_column_text][\/vc_column_inner][vc_column_inner width=&#8221;1\/2&#8243;][vc_column_text el_class=&#8221;ss_servicios&#8221;]Te proponemos un servicio directo semanal, con salidas en s\u00e1bado y con los siguientes tiempos de tr\u00e1nsito:<\/p>\n<p><b>HKG <\/b><b>\u2013 <\/b><b>MAD <\/b>(Llegada Domingo): 1 d\u00eda<\/p>\n<p><b>MAD <\/b><b>\u2013 BCN<\/b> (Llegada Martes): 4 d\u00edas[\/vc_column_text][\/vc_column_inner][\/vc_row_inner][\/vc_column][\/vc_row][vc_row center_row=&#8221;yes&#8221; css=&#8221;.vc_custom_1626807461370{margin-bottom: -80px !important;padding-bottom: 0px !important;}&#8221; el_class=&#8221;Vinetasred&#8221;][vc_column]<div class=\"zozo-parallax-header VinetasRed\"><div class=\"parallax-header\"><h2 class=\"parallax-title text-center text-none\">Claves de la importaci\u00f3n de mercanc\u00eda entre Hong Kong y Espa\u00f1a<\/h2><div class=\"parallax-desc default-style text-center\"><p>El servicio semanal entre Hong Kong-Espa\u00f1a de Noatum Logistics se caracteriza por:<\/p>\n<\/div><\/div><\/div>[vc_row_inner el_class=&#8221;VinetasRed&#8221; css=&#8221;.vc_custom_1626807538467{margin-bottom: -80px !important;padding-bottom: 0px !important;}&#8221;][vc_column_inner el_class=&#8221;nopadding&#8221; width=&#8221;1\/4&#8243;][vc_column_text]<\/p>\n<ul>\n<li>Agilidad y eficiencia en la gesti\u00f3n de la carga a\u00e9rea.<\/li>\n<\/ul>\n<p>[\/vc_column_text][\/vc_column_inner][vc_column_inner el_class=&#8221;nopadding&#8221; width=&#8221;1\/4&#8243;][vc_column_text]<\/p>\n<ul>\n<li>Servicio semanal directo.<\/li>\n<\/ul>\n<p>[\/vc_column_text][\/vc_column_inner][vc_column_inner el_class=&#8221;nopadding&#8221; width=&#8221;1\/4&#8243;][vc_column_text]<\/p>\n<ul>\n<li>Protecci\u00f3n de espacios en Peak Season con carga en Julio-Agosto.<\/li>\n<\/ul>\n<p>[\/vc_column_text][\/vc_column_inner][vc_column_inner el_class=&#8221;nopadding&#8221; width=&#8221;1\/4&#8243;][vc_column_text el_class=&#8221;nopadding&#8221;]<\/p>\n<ul>\n<li>Servicio \u00fanico en el mercado.<\/li>\n<\/ul>\n<p>[\/vc_column_text][\/vc_column_inner][\/vc_row_inner][\/vc_column][\/vc_row][vc_row full_width=&#8221;stretch_row_content_no_spaces&#8221; center_row=&#8221;yes&#8221; el_class=&#8221;rowservicio boxesservicios&#8221; css=&#8221;.vc_custom_1626807523293{margin-top: 0px !important;margin-bottom: -80px !important;padding-top: -80px !important;}&#8221;][vc_column][vc_single_image image=&#8221;16799&#8243; img_size=&#8221;full&#8221;][\/vc_column][\/vc_row][vc_row css_animation=&#8221;left-to-right&#8221; center_row=&#8221;yes&#8221; opn_row_gutter=&#8221;100&#8243; el_id=&#8221;contactform&#8221; css=&#8221;.vc_custom_1582792022784{background-color: #f7f7f7 !important;}&#8221;][vc_column]<div class=\"zozo-parallax-header\"><div class=\"parallax-header\"><h2 class=\"parallax-title text-center text-none\" style=\"color:#ae2626;\">Escr\u00edbenos para m\u00e1s informaci\u00f3n y solicita presupuesto sin compromiso<\/h2><\/div><\/div>[vc_column_text]\n<div class=\"wpcf7 no-js\" id=\"wpcf7-f13635-o1\" lang=\"es-ES\" dir=\"ltr\" data-wpcf7-id=\"13635\">\n<div class=\"screen-reader-response\"><p role=\"status\" aria-live=\"polite\" aria-atomic=\"true\"><\/p> <ul><\/ul><\/div>\n<form action=\"\/es\/wp-json\/wp\/v2\/pages\/16796#wpcf7-f13635-o1\" method=\"post\" class=\"wpcf7-form init wpcf7-acceptance-as-validation\" aria-label=\"Formulario de contacto\" novalidate=\"novalidate\" data-status=\"init\">\n<fieldset class=\"hidden-fields-container\"><input type=\"hidden\" name=\"_wpcf7\" value=\"13635\" \/><input type=\"hidden\" name=\"_wpcf7_version\" value=\"6.1.5\" \/><input type=\"hidden\" name=\"_wpcf7_locale\" value=\"es_ES\" \/><input type=\"hidden\" name=\"_wpcf7_unit_tag\" value=\"wpcf7-f13635-o1\" \/><input type=\"hidden\" name=\"_wpcf7_container_post\" value=\"0\" \/><input type=\"hidden\" name=\"_wpcf7_posted_data_hash\" value=\"\" \/><input type=\"hidden\" name=\"_wpcf7dtx_version\" value=\"5.0.5\" \/><input type=\"hidden\" name=\"_wpcf7_recaptcha_response\" value=\"\" \/>\n<\/fieldset>\n<div class=\"row\">\n\t<div class=\"col-md-12\">\n\t<div class=\"wpcf7-response-output\" aria-hidden=\"true\"><\/div>\n\t<\/div>\n<\/div>\n<p style=\"font-size: 12px; font-weight:400; \">Todos los campos son obligatorios.\n<\/p>\n<div class=\"row\">\n\t<div class=\"col-md-6\">\n\t\t<p><span class=\"wpcf7-form-control-wrap\" data-name=\"tu-nombre\"><input size=\"40\" maxlength=\"400\" class=\"wpcf7-form-control wpcf7-text wpcf7-validates-as-required\" aria-required=\"true\" aria-invalid=\"false\" placeholder=\"Nombre\" value=\"\" type=\"text\" name=\"tu-nombre\" \/><\/span>\n\t\t<\/p>\n\t\t<p><span class=\"wpcf7-form-control-wrap\" data-name=\"tu-Empresa\"><input size=\"40\" maxlength=\"400\" class=\"wpcf7-form-control wpcf7-text wpcf7-validates-as-required\" aria-required=\"true\" aria-invalid=\"false\" placeholder=\"Empresa\" value=\"\" type=\"text\" name=\"tu-Empresa\" \/><\/span>\n\t\t<\/p>\n\t\t<p><span class=\"wpcf7-form-control-wrap\" data-name=\"tel-564\"><input size=\"40\" maxlength=\"400\" class=\"wpcf7-form-control wpcf7-tel wpcf7-validates-as-required wpcf7-text wpcf7-validates-as-tel\" aria-required=\"true\" aria-invalid=\"false\" placeholder=\"Tel\u00e9fono\" value=\"\" type=\"tel\" name=\"tel-564\" \/><\/span>\n\t\t<\/p>\n\t<\/div>\n\t<div class=\"col-md-6\">\n\t\t<p><span class=\"wpcf7-form-control-wrap\" data-name=\"tu-email\"><input size=\"40\" maxlength=\"400\" class=\"wpcf7-form-control wpcf7-email wpcf7-validates-as-required wpcf7-text wpcf7-validates-as-email\" aria-required=\"true\" aria-invalid=\"false\" placeholder=\"Email\" value=\"\" type=\"email\" name=\"tu-email\" \/><\/span>\n\t\t<\/p>\n\t<span class=\"wpcf7-form-control-wrap recipient-email\" data-name=\"recipient-email\"><input type=\"hidden\" name=\"recipient-email\" class=\"wpcf7-form-control wpcf7-hidden wpcf7dtx wpcf7dtx-hidden\" aria-invalid=\"false\" value=\"&#106;&#108;&#111;&#108;&#111;&#064;&#110;&#111;&#097;&#116;&#117;&#109;&#108;&#111;&#103;&#105;&#115;&#116;&#105;&#099;&#115;&#046;&#099;&#111;&#109;\"><\/span>\n\t\t<p><span class=\"wpcf7-form-control-wrap\" data-name=\"your-message\"><textarea cols=\"40\" rows=\"10\" maxlength=\"2000\" class=\"wpcf7-form-control wpcf7-textarea\" aria-invalid=\"false\" placeholder=\"Mensaje\" name=\"your-message\"><\/textarea><\/span>\n\t\t<\/p>\n\t<\/div>\n<\/div>\n<div class=\"row\">\n\t<div class=\"col-md-12 legalnotice\">\n\t\t<p style=\"font-weight: 300;font-size: 12px;line-height: 1.5em;margin-top: 10px;\">Noatum Holdings S.L.U., con domicilio en la Avenida de Italia n\u00ba2 (CTC), de Coslada (Madrid, Espa\u00f1a), utiliza con su consentimiento los datos personales consignados para responder a su solicitud, envi\u00e1ndolos a la empresa del grupo Noatum m\u00e1s indicada para ello. No se conservar\u00e1n m\u00e1s all\u00e1 del tiempo necesario para responderle. Si acepta la recepci\u00f3n de publicidad de nuestros servicios marcando la casilla correspondiente los conservaremos en tanto no manifieste su voluntad en contrario.\n\t\t<\/p>\n\t\t<p style=\"font-weight: 300;font-size: 12px;line-height: 1.5em; margin-top: 5px;\">Puede contactar con el delegado de protecci\u00f3n de datos en (<a href=\"mailto:dpo@noatum.com\">dpo@noatum.com<\/a>). Si considera que sus derechos han sido vulnerados, puede interponer una reclamaci\u00f3n ante la Agencia Espa\u00f1ola de Protecci\u00f3n de Datos. Si lo desea, puede retirar su consentimiento y ejercer los derechos de acceso, rectificaci\u00f3n, supresi\u00f3n, oposici\u00f3n y limitaci\u00f3n en cualquier momento dirigi\u00e9ndose al correo (<a href=\"mailto:dpo@noatum.com\">dpo@noatum.com<\/a>).\n\t\t<\/p>\n\t<\/div>\n<\/div>\n<div class=\"row\" style=\"margin-top: 10px; margin-bottom: 15px;\">\n\t<div class=\"col-md-12\">\n\t\t<p><span class=\"wpcf7-form-control-wrap\" data-name=\"acceptance-182\"><span class=\"wpcf7-form-control wpcf7-acceptance\"><span class=\"wpcf7-list-item\"><label><input type=\"checkbox\" name=\"acceptance-182\" value=\"1\" aria-invalid=\"false\" \/><span class=\"wpcf7-list-item-label\">Acepto la recepci\u00f3n de publicidad de los servicios del grupo Noatum en mi direcci\u00f3n de correo electr\u00f3nico.<\/span><\/label><\/span><\/span><\/span>\n\t\t<\/p>\n\t<\/div>\n<\/div>\n<div class=\"row\">\n\t<div class=\"col-md-12\">\n\t\t<p><input class=\"wpcf7-form-control wpcf7-submit has-spinner\" type=\"submit\" value=\"Enviar\" \/>\n\t\t<\/p>\n\t<\/div>\n<\/div>\n<\/form>\n<\/div>\n[\/vc_column_text][\/vc_column][\/vc_row]<\/p>\n<\/div>","protected":false},"excerpt":{"rendered":"<p>[vc_row css=&#8221;.vc_custom_1606994625500{margin-bottom: -40px !important;}&#8221;][vc_column width=&#8221;1\/3&#8243;][\/vc_column][vc_column width=&#8221;1\/3&#8243;][vc_single_image image=&#8221;16804&#8243; img_size=&#8221;400&#215;80&#8243; alignment=&#8221;center&#8221; onclick=&#8221;custom_link&#8221; link=&#8221;https:\/\/www.noatumlogistics.com\/esp\/&#8221; css=&#8221;.vc_custom_1626807107914{margin-top: -40px !important;margin-bottom: -80px !important;}&#8221;][\/vc_column][vc_column width=&#8221;1\/3&#8243;][\/vc_column][\/vc_row][vc_row center_row=&#8221;yes&#8221; bg_overlay=&#8221;yes&#8221; typo_style=&#8221;light&#8221; css=&#8221;.vc_custom_1633342157902{padding-top: 120px !important;padding-bottom: 120px !important;background-image: url(https:\/\/www.noatumlogistics.com\/wp-content\/uploads\/2021\/07\/air-cargo-hong-kong-spain.jpg?id=16797) !important;background-position: center !important;background-repeat: no-repeat&#8230;<\/p>\n","protected":false},"author":9,"featured_media":16797,"parent":0,"menu_order":0,"comment_status":"closed","ping_status":"closed","template":"template-fullwidth.php","meta":{"footnotes":""},"class_list":["post-16796","page","type-page","status-publish","has-post-thumbnail","hentry"],"yoast_head":"<!-- This site is optimized with the Yoast SEO plugin v27.4 - https:\/\/yoast.com\/product\/yoast-seo-wordpress\/ -->\n<title>Servicio Air Cargo Directo: Hong Kong - Espa\u00f1a | Noatum Logistics<\/title>\n<meta name=\"robots\" content=\"index, follow, max-snippet:-1, max-image-preview:large, max-video-preview:-1\" \/>\n<link rel=\"canonical\" href=\"https:\/\/www.noatumlogistics.com\/es\/transporte-aereo-hongkong-espana\/\" \/>\n<meta property=\"og:locale\" content=\"es_ES\" \/>\n<meta property=\"og:type\" content=\"article\" \/>\n<meta property=\"og:title\" content=\"Servicio Air Cargo Directo: Hong Kong - Espa\u00f1a | Noatum Logistics\" \/>\n<meta property=\"og:description\" content=\"[vc_row css=&#8221;.vc_custom_1606994625500{margin-bottom: -40px !important;}&#8221;][vc_column width=&#8221;1\/3&#8243;][\/vc_column][vc_column width=&#8221;1\/3&#8243;][vc_single_image image=&#8221;16804&#8243; img_size=&#8221;400&#215;80&#8243; alignment=&#8221;center&#8221; onclick=&#8221;custom_link&#8221; link=&#8221;https:\/\/www.noatumlogistics.com\/esp\/&#8221; css=&#8221;.vc_custom_1626807107914{margin-top: -40px !important;margin-bottom: -80px !important;}&#8221;][\/vc_column][vc_column width=&#8221;1\/3&#8243;][\/vc_column][\/vc_row][vc_row center_row=&#8221;yes&#8221; bg_overlay=&#8221;yes&#8221; typo_style=&#8221;light&#8221; css=&#8221;.vc_custom_1633342157902{padding-top: 120px !important;padding-bottom: 120px !important;background-image: url(https:\/\/www.noatumlogistics.com\/wp-content\/uploads\/2021\/07\/air-cargo-hong-kong-spain.jpg?id=16797) !important;background-position: center !important;background-repeat: no-repeat...\" \/>\n<meta property=\"og:url\" content=\"https:\/\/www.noatumlogistics.com\/es\/transporte-aereo-hongkong-espana\/\" \/>\n<meta property=\"og:site_name\" content=\"Global\" \/>\n<meta property=\"article:modified_time\" content=\"2021-10-04T10:09:34+00:00\" \/>\n<meta property=\"og:image\" content=\"https:\/\/www.noatumlogistics.com\/wp-content\/uploads\/2021\/07\/air-cargo-hong-kong-spain.jpg\" \/>\n\t<meta property=\"og:image:width\" content=\"1903\" \/>\n\t<meta property=\"og:image:height\" content=\"700\" \/>\n\t<meta property=\"og:image:type\" content=\"image\/jpeg\" \/>\n<meta name=\"twitter:card\" content=\"summary_large_image\" \/>\n<meta name=\"twitter:label1\" content=\"Tiempo de lectura\" \/>\n\t<meta name=\"twitter:data1\" content=\"2 minutos\" \/>\n<script type=\"application\/ld+json\" class=\"yoast-schema-graph\">{\"@context\":\"https:\\\/\\\/schema.org\",\"@graph\":[{\"@type\":\"WebPage\",\"@id\":\"https:\\\/\\\/www.noatumlogistics.com\\\/es\\\/transporte-aereo-hongkong-espana\\\/\",\"url\":\"https:\\\/\\\/www.noatumlogistics.com\\\/es\\\/transporte-aereo-hongkong-espana\\\/\",\"name\":\"Servicio Air Cargo Directo: Hong Kong - Espa\u00f1a | Noatum Logistics\",\"isPartOf\":{\"@id\":\"https:\\\/\\\/www.noatumlogistics.com\\\/es\\\/#website\"},\"primaryImageOfPage\":{\"@id\":\"https:\\\/\\\/www.noatumlogistics.com\\\/es\\\/transporte-aereo-hongkong-espana\\\/#primaryimage\"},\"image\":{\"@id\":\"https:\\\/\\\/www.noatumlogistics.com\\\/es\\\/transporte-aereo-hongkong-espana\\\/#primaryimage\"},\"thumbnailUrl\":\"https:\\\/\\\/www.noatumlogistics.com\\\/wp-content\\\/uploads\\\/2021\\\/07\\\/air-cargo-hong-kong-spain.jpg\",\"datePublished\":\"2021-07-20T18:46:51+00:00\",\"dateModified\":\"2021-10-04T10:09:34+00:00\",\"breadcrumb\":{\"@id\":\"https:\\\/\\\/www.noatumlogistics.com\\\/es\\\/transporte-aereo-hongkong-espana\\\/#breadcrumb\"},\"inLanguage\":\"es\",\"potentialAction\":[{\"@type\":\"ReadAction\",\"target\":[\"https:\\\/\\\/www.noatumlogistics.com\\\/es\\\/transporte-aereo-hongkong-espana\\\/\"]}]},{\"@type\":\"ImageObject\",\"inLanguage\":\"es\",\"@id\":\"https:\\\/\\\/www.noatumlogistics.com\\\/es\\\/transporte-aereo-hongkong-espana\\\/#primaryimage\",\"url\":\"https:\\\/\\\/www.noatumlogistics.com\\\/wp-content\\\/uploads\\\/2021\\\/07\\\/air-cargo-hong-kong-spain.jpg\",\"contentUrl\":\"https:\\\/\\\/www.noatumlogistics.com\\\/wp-content\\\/uploads\\\/2021\\\/07\\\/air-cargo-hong-kong-spain.jpg\",\"width\":1903,\"height\":700,\"caption\":\"Servicio Air Cargo Directo Hong Kong Espa\u00f1a\"},{\"@type\":\"BreadcrumbList\",\"@id\":\"https:\\\/\\\/www.noatumlogistics.com\\\/es\\\/transporte-aereo-hongkong-espana\\\/#breadcrumb\",\"itemListElement\":[{\"@type\":\"ListItem\",\"position\":1,\"name\":\"Home\",\"item\":\"https:\\\/\\\/www.noatumlogistics.com\\\/es\\\/\"},{\"@type\":\"ListItem\",\"position\":2,\"name\":\"Servicio Air Cargo Directo: Hong Kong &#8211; Espa\u00f1a\"}]},{\"@type\":\"WebSite\",\"@id\":\"https:\\\/\\\/www.noatumlogistics.com\\\/es\\\/#website\",\"url\":\"https:\\\/\\\/www.noatumlogistics.com\\\/es\\\/\",\"name\":\"Global\",\"description\":\"Excelencia en servicios log\u00edsticos\",\"potentialAction\":[{\"@type\":\"SearchAction\",\"target\":{\"@type\":\"EntryPoint\",\"urlTemplate\":\"https:\\\/\\\/www.noatumlogistics.com\\\/es\\\/?s={search_term_string}\"},\"query-input\":{\"@type\":\"PropertyValueSpecification\",\"valueRequired\":true,\"valueName\":\"search_term_string\"}}],\"inLanguage\":\"es\"}]}<\/script>\n<!-- \/ Yoast SEO plugin. -->","yoast_head_json":{"title":"Servicio Air Cargo Directo: Hong Kong - Espa\u00f1a | Noatum Logistics","robots":{"index":"index","follow":"follow","max-snippet":"max-snippet:-1","max-image-preview":"max-image-preview:large","max-video-preview":"max-video-preview:-1"},"canonical":"https:\/\/www.noatumlogistics.com\/es\/transporte-aereo-hongkong-espana\/","og_locale":"es_ES","og_type":"article","og_title":"Servicio Air Cargo Directo: Hong Kong - Espa\u00f1a | Noatum Logistics","og_description":"[vc_row css=&#8221;.vc_custom_1606994625500{margin-bottom: -40px !important;}&#8221;][vc_column width=&#8221;1\/3&#8243;][\/vc_column][vc_column width=&#8221;1\/3&#8243;][vc_single_image image=&#8221;16804&#8243; img_size=&#8221;400&#215;80&#8243; alignment=&#8221;center&#8221; onclick=&#8221;custom_link&#8221; link=&#8221;https:\/\/www.noatumlogistics.com\/esp\/&#8221; css=&#8221;.vc_custom_1626807107914{margin-top: -40px !important;margin-bottom: -80px !important;}&#8221;][\/vc_column][vc_column width=&#8221;1\/3&#8243;][\/vc_column][\/vc_row][vc_row center_row=&#8221;yes&#8221; bg_overlay=&#8221;yes&#8221; typo_style=&#8221;light&#8221; css=&#8221;.vc_custom_1633342157902{padding-top: 120px !important;padding-bottom: 120px !important;background-image: url(https:\/\/www.noatumlogistics.com\/wp-content\/uploads\/2021\/07\/air-cargo-hong-kong-spain.jpg?id=16797) !important;background-position: center !important;background-repeat: no-repeat...","og_url":"https:\/\/www.noatumlogistics.com\/es\/transporte-aereo-hongkong-espana\/","og_site_name":"Global","article_modified_time":"2021-10-04T10:09:34+00:00","og_image":[{"width":1903,"height":700,"url":"https:\/\/www.noatumlogistics.com\/wp-content\/uploads\/2021\/07\/air-cargo-hong-kong-spain.jpg","type":"image\/jpeg"}],"twitter_card":"summary_large_image","twitter_misc":{"Tiempo de lectura":"2 minutos"},"schema":{"@context":"https:\/\/schema.org","@graph":[{"@type":"WebPage","@id":"https:\/\/www.noatumlogistics.com\/es\/transporte-aereo-hongkong-espana\/","url":"https:\/\/www.noatumlogistics.com\/es\/transporte-aereo-hongkong-espana\/","name":"Servicio Air Cargo Directo: Hong Kong - Espa\u00f1a | Noatum Logistics","isPartOf":{"@id":"https:\/\/www.noatumlogistics.com\/es\/#website"},"primaryImageOfPage":{"@id":"https:\/\/www.noatumlogistics.com\/es\/transporte-aereo-hongkong-espana\/#primaryimage"},"image":{"@id":"https:\/\/www.noatumlogistics.com\/es\/transporte-aereo-hongkong-espana\/#primaryimage"},"thumbnailUrl":"https:\/\/www.noatumlogistics.com\/wp-content\/uploads\/2021\/07\/air-cargo-hong-kong-spain.jpg","datePublished":"2021-07-20T18:46:51+00:00","dateModified":"2021-10-04T10:09:34+00:00","breadcrumb":{"@id":"https:\/\/www.noatumlogistics.com\/es\/transporte-aereo-hongkong-espana\/#breadcrumb"},"inLanguage":"es","potentialAction":[{"@type":"ReadAction","target":["https:\/\/www.noatumlogistics.com\/es\/transporte-aereo-hongkong-espana\/"]}]},{"@type":"ImageObject","inLanguage":"es","@id":"https:\/\/www.noatumlogistics.com\/es\/transporte-aereo-hongkong-espana\/#primaryimage","url":"https:\/\/www.noatumlogistics.com\/wp-content\/uploads\/2021\/07\/air-cargo-hong-kong-spain.jpg","contentUrl":"https:\/\/www.noatumlogistics.com\/wp-content\/uploads\/2021\/07\/air-cargo-hong-kong-spain.jpg","width":1903,"height":700,"caption":"Servicio Air Cargo Directo Hong Kong Espa\u00f1a"},{"@type":"BreadcrumbList","@id":"https:\/\/www.noatumlogistics.com\/es\/transporte-aereo-hongkong-espana\/#breadcrumb","itemListElement":[{"@type":"ListItem","position":1,"name":"Home","item":"https:\/\/www.noatumlogistics.com\/es\/"},{"@type":"ListItem","position":2,"name":"Servicio Air Cargo Directo: Hong Kong &#8211; Espa\u00f1a"}]},{"@type":"WebSite","@id":"https:\/\/www.noatumlogistics.com\/es\/#website","url":"https:\/\/www.noatumlogistics.com\/es\/","name":"Global","description":"Excelencia en servicios log\u00edsticos","potentialAction":[{"@type":"SearchAction","target":{"@type":"EntryPoint","urlTemplate":"https:\/\/www.noatumlogistics.com\/es\/?s={search_term_string}"},"query-input":{"@type":"PropertyValueSpecification","valueRequired":true,"valueName":"search_term_string"}}],"inLanguage":"es"}]}},"_links":{"self":[{"href":"https:\/\/www.noatumlogistics.com\/es\/wp-json\/wp\/v2\/pages\/16796","targetHints":{"allow":["GET"]}}],"collection":[{"href":"https:\/\/www.noatumlogistics.com\/es\/wp-json\/wp\/v2\/pages"}],"about":[{"href":"https:\/\/www.noatumlogistics.com\/es\/wp-json\/wp\/v2\/types\/page"}],"author":[{"embeddable":true,"href":"https:\/\/www.noatumlogistics.com\/es\/wp-json\/wp\/v2\/users\/9"}],"replies":[{"embeddable":true,"href":"https:\/\/www.noatumlogistics.com\/es\/wp-json\/wp\/v2\/comments?post=16796"}],"version-history":[{"count":13,"href":"https:\/\/www.noatumlogistics.com\/es\/wp-json\/wp\/v2\/pages\/16796\/revisions"}],"predecessor-version":[{"id":17003,"href":"https:\/\/www.noatumlogistics.com\/es\/wp-json\/wp\/v2\/pages\/16796\/revisions\/17003"}],"wp:featuredmedia":[{"embeddable":true,"href":"https:\/\/www.noatumlogistics.com\/es\/wp-json\/wp\/v2\/media\/16797"}],"wp:attachment":[{"href":"https:\/\/www.noatumlogistics.com\/es\/wp-json\/wp\/v2\/media?parent=16796"}],"curies":[{"name":"wp","href":"https:\/\/api.w.org\/{rel}","templated":true}]}}