{"id":16787,"date":"2021-12-27T11:05:14","date_gmt":"2021-12-27T10:05:14","guid":{"rendered":"https:\/\/www.noatumlogistics.com\/?page_id=16787"},"modified":"2024-11-01T16:10:24","modified_gmt":"2024-11-01T15:10:24","slug":"servicios-logisticos_old","status":"publish","type":"page","link":"https:\/\/www.noatumlogistics.com\/es\/servicios-logisticos_old\/","title":{"rendered":"Servicios Log\u00edsticos OLD"},"content":{"rendered":"<div class=\"wpb-content-wrapper\"><p>[vc_row center_row=&#8221;yes&#8221; bg_overlay=&#8221;yes&#8221; typo_style=&#8221;light&#8221; css=&#8221;.vc_custom_1625757698338{padding-top: 120px !important;padding-bottom: 120px !important;background-image: url(https:\/\/www.noatumlogistics.com\/wp-content\/uploads\/2021\/07\/Logistics-Services-banner.jpg?id=16678) !important;background-position: center !important;background-repeat: no-repeat !important;background-size: cover !important;}&#8221; el_class=&#8221;primerafila&#8221;][vc_column]<div class=\"zozo-parallax-header\"><div class=\"parallax-header\"><h2 class=\"parallax-title text-left\">Servicios Log\u00edsticos<\/h2><div class=\"parallax-desc default-style text-left\"><h4>Entendemos las diferentes necesidades que implica cualquier operaci\u00f3n comercial. Deje que nuestro equipo senior de log\u00edstica gestione cada paso de su cadena de suministro.<\/h4>\n<\/div><\/div><\/div>[\/vc_column][\/vc_row][vc_row full_width=&#8221;stretch_row_content_no_spaces&#8221; match_height=&#8221;yes&#8221; center_row=&#8221;yes&#8221; el_class=&#8221;rowservicio boxesservicios&#8221; css=&#8221;.vc_custom_1625830786981{margin-top: 40px !important;}&#8221;][vc_column width=&#8221;2\/3&#8243; css=&#8221;.vc_custom_1625760728157{background-image: url(https:\/\/www.noatumlogistics.com\/wp-content\/uploads\/2020\/03\/freight-management_Noatum.jpg?id=10888) !important;background-position: center !important;background-repeat: no-repeat !important;background-size: cover !important;}&#8221;][vc_empty_space height=&#8221;300px&#8221;][\/vc_column][vc_column width=&#8221;1\/3&#8243; css=&#8221;.vc_custom_1625830689074{padding-bottom: 30px !important;background-color: #af2626 !important;}&#8221; el_class=&#8221;rowservices&#8221;]<div class=\"zozo-parallax-header textcolpadding VinetasRed\"><div class=\"parallax-header\"><h4 class=\"parallax-title text-left text-none\" style=\"color:#ffffff;margin:0 0 0.4em 0!important;\">Freight Management<\/h4><div class=\"parallax-desc default-style text-left\" style=\"color:#ffffff;margin:0 0 0 0!important;\"><p>Nos encargamos de todos los aspectos de su transporte. Nuestro equipo de expertos puede ofrecer las mejores soluciones con confianza, seguridad y rapidez.<\/p>\n<\/div><\/div><\/div>[vc_btn title=&#8221;Ver m\u00e1s&#8221; style=&#8221;outline&#8221; css=&#8221;.vc_custom_1625814399465{padding-right: 30px !important;padding-left: 30px !important;border-radius: 10px !important;}&#8221; link=&#8221;url:https%3A%2F%2Fwww.noatumlogistics.com%2Fes%2Fgestion-transporte%2F|title:Freight%20management|&#8221; el_id=&#8221;botonespazos&#8221;][\/vc_column][\/vc_row][vc_row full_width=&#8221;stretch_row_content_no_spaces&#8221; rtl_reverse=&#8221;yes&#8221; match_height=&#8221;yes&#8221; center_row=&#8221;yes&#8221; el_class=&#8221;rowservicio boxesservicios&#8221; css=&#8221;.vc_custom_1625834547640{margin-top: 10px !important;}&#8221;][vc_column width=&#8221;1\/3&#8243; css=&#8221;.vc_custom_1625831256277{padding-bottom: 30px !important;background-color: #af2626 !important;}&#8221; el_class=&#8221;rowservices&#8221;]<div class=\"zozo-parallax-header textcolpadding VinetasRed\"><div class=\"parallax-header\"><h4 class=\"parallax-title text-left text-none\" style=\"color:#ffffff;margin:0 0 0.4em 0!important;\">Log\u00edstica integral \/ Almacenaje y distribuci\u00f3n<\/h4><div class=\"parallax-desc default-style text-left\" style=\"color:#ffffff;margin:0 0 0 0!important;\"><p>Nuestro equipo ofrece el mejor asesoramiento y apoyo para cualquier actividad log\u00edstica, agregando valor a toda la cadena de suministro.<\/p>\n<\/div><\/div><\/div>[vc_btn title=&#8221;Ver m\u00e1s&#8221; style=&#8221;outline&#8221; css=&#8221;.vc_custom_1672673278259{padding-right: 30px !important;padding-left: 30px !important;border-radius: 10px !important;}&#8221; link=&#8221;url:https%3A%2F%2Fwww.noatumlogistics.com%2Fes%2Flogistica-integral%2F|title:Contract%20Logistics%20%2F%20Warehouse%20%26%20Distribution|&#8221;][\/vc_column][vc_column width=&#8221;2\/3&#8243; css=&#8221;.vc_custom_1672673310392{background-image: url(https:\/\/www.noatumlogistics.com\/wp-content\/uploads\/2020\/04\/contract-logistics-noatum-home.jpg?id=13651) !important;background-position: center !important;background-repeat: no-repeat !important;background-size: cover !important;}&#8221;][vc_empty_space height=&#8221;300px&#8221;][\/vc_column][\/vc_row][vc_row full_width=&#8221;stretch_row_content_no_spaces&#8221; match_height=&#8221;yes&#8221; center_row=&#8221;yes&#8221; el_class=&#8221;rowservicio boxesservicios&#8221; css=&#8221;.vc_custom_1625830799425{margin-top: 10px !important;}&#8221;][vc_column width=&#8221;2\/3&#8243; css=&#8221;.vc_custom_1634126517689{background-image: url(https:\/\/www.noatumlogistics.com\/wp-content\/uploads\/2020\/03\/home_golbaltrade-1.jpg?id=11236) !important;background-position: center !important;background-repeat: no-repeat !important;background-size: cover !important;}&#8221;][vc_empty_space height=&#8221;300px&#8221;][\/vc_column][vc_column width=&#8221;1\/3&#8243; css=&#8221;.vc_custom_1625830671806{padding-bottom: 30px !important;background-color: #af2626 !important;}&#8221; el_class=&#8221;rowservices&#8221;]<div class=\"zozo-parallax-header textcolpadding VinetasRed\"><div class=\"parallax-header\"><h4 class=\"parallax-title text-left text-none\" style=\"color:#ffffff;margin:0 0 0.4em 0!important;\">Aduanas y Comercio internacional<\/h4><div class=\"parallax-desc default-style text-left\" style=\"color:#ffffff;margin:0 0 0 0!important;\"><p>Ofrecemos los mejores servicios profesionales de consultor\u00eda comercial. Nuestros agentes le ayudar\u00e1n a identificar oportunidades de crecimiento internacional.<\/p>\n<\/div><\/div><\/div>[vc_btn title=&#8221;Ver m\u00e1s&#8221; style=&#8221;outline&#8221; css=&#8221;.vc_custom_1720433811626{padding-right: 30px !important;padding-left: 30px !important;border-radius: 10px !important;}&#8221; link=&#8221;url:https%3A%2F%2Fwww.noatumlogistics.com%2Fes%2Faduanas-comercio-internacional%2F|title:Global%20trade%20management&#8221;][\/vc_column][\/vc_row][vc_row css_animation=&#8221;left-to-right&#8221; center_row=&#8221;yes&#8221; opn_row_gutter=&#8221;100&#8243; el_id=&#8221;contactform&#8221; css=&#8221;.vc_custom_1582792022784{background-color: #f7f7f7 !important;}&#8221;][vc_column][vc_column_text css=&#8221;&#8221;]<\/p>\n<p style=\"text-align: center;\"><span style=\"color: #aa272f; font-size: 28px;\">Por favor, cont\u00e1ctenos para m\u00e1s informaci\u00f3n<\/span><\/p>\n<p>[\/vc_column_text][vc_column_text css=&#8221;&#8221;]\n<div class=\"wpcf7 no-js\" id=\"wpcf7-f13635-o1\" lang=\"es-ES\" dir=\"ltr\" data-wpcf7-id=\"13635\">\n<div class=\"screen-reader-response\"><p role=\"status\" aria-live=\"polite\" aria-atomic=\"true\"><\/p> <ul><\/ul><\/div>\n<form action=\"\/es\/wp-json\/wp\/v2\/pages\/16787#wpcf7-f13635-o1\" method=\"post\" class=\"wpcf7-form init wpcf7-acceptance-as-validation\" aria-label=\"Formulario de contacto\" novalidate=\"novalidate\" data-status=\"init\">\n<fieldset class=\"hidden-fields-container\"><input type=\"hidden\" name=\"_wpcf7\" value=\"13635\" \/><input type=\"hidden\" name=\"_wpcf7_version\" value=\"6.1.5\" \/><input type=\"hidden\" name=\"_wpcf7_locale\" value=\"es_ES\" \/><input type=\"hidden\" name=\"_wpcf7_unit_tag\" value=\"wpcf7-f13635-o1\" \/><input type=\"hidden\" name=\"_wpcf7_container_post\" value=\"0\" \/><input type=\"hidden\" name=\"_wpcf7_posted_data_hash\" value=\"\" \/><input type=\"hidden\" name=\"_wpcf7dtx_version\" value=\"5.0.5\" \/><input type=\"hidden\" name=\"_wpcf7_recaptcha_response\" value=\"\" \/>\n<\/fieldset>\n<div class=\"row\">\n\t<div class=\"col-md-12\">\n\t<div class=\"wpcf7-response-output\" aria-hidden=\"true\"><\/div>\n\t<\/div>\n<\/div>\n<p style=\"font-size: 12px; font-weight:400; \">Todos los campos son obligatorios.\n<\/p>\n<div class=\"row\">\n\t<div class=\"col-md-6\">\n\t\t<p><span class=\"wpcf7-form-control-wrap\" data-name=\"tu-nombre\"><input size=\"40\" maxlength=\"400\" class=\"wpcf7-form-control wpcf7-text wpcf7-validates-as-required\" aria-required=\"true\" aria-invalid=\"false\" placeholder=\"Nombre\" value=\"\" type=\"text\" name=\"tu-nombre\" \/><\/span>\n\t\t<\/p>\n\t\t<p><span class=\"wpcf7-form-control-wrap\" data-name=\"tu-Empresa\"><input size=\"40\" maxlength=\"400\" class=\"wpcf7-form-control wpcf7-text wpcf7-validates-as-required\" aria-required=\"true\" aria-invalid=\"false\" placeholder=\"Empresa\" value=\"\" type=\"text\" name=\"tu-Empresa\" \/><\/span>\n\t\t<\/p>\n\t\t<p><span class=\"wpcf7-form-control-wrap\" data-name=\"tel-564\"><input size=\"40\" maxlength=\"400\" class=\"wpcf7-form-control wpcf7-tel wpcf7-validates-as-required wpcf7-text wpcf7-validates-as-tel\" aria-required=\"true\" aria-invalid=\"false\" placeholder=\"Tel\u00e9fono\" value=\"\" type=\"tel\" name=\"tel-564\" \/><\/span>\n\t\t<\/p>\n\t<\/div>\n\t<div class=\"col-md-6\">\n\t\t<p><span class=\"wpcf7-form-control-wrap\" data-name=\"tu-email\"><input size=\"40\" maxlength=\"400\" class=\"wpcf7-form-control wpcf7-email wpcf7-validates-as-required wpcf7-text wpcf7-validates-as-email\" aria-required=\"true\" aria-invalid=\"false\" placeholder=\"Email\" value=\"\" type=\"email\" name=\"tu-email\" \/><\/span>\n\t\t<\/p>\n\t<span class=\"wpcf7-form-control-wrap recipient-email\" data-name=\"recipient-email\"><input type=\"hidden\" name=\"recipient-email\" class=\"wpcf7-form-control wpcf7-hidden wpcf7dtx wpcf7dtx-hidden\" aria-invalid=\"false\"><\/span>\n\t\t<p><span class=\"wpcf7-form-control-wrap\" data-name=\"your-message\"><textarea cols=\"40\" rows=\"10\" maxlength=\"2000\" class=\"wpcf7-form-control wpcf7-textarea\" aria-invalid=\"false\" placeholder=\"Mensaje\" name=\"your-message\"><\/textarea><\/span>\n\t\t<\/p>\n\t<\/div>\n<\/div>\n<div class=\"row\">\n\t<div class=\"col-md-12 legalnotice\">\n\t\t<p style=\"font-weight: 300;font-size: 12px;line-height: 1.5em;margin-top: 10px;\">Noatum Holdings S.L.U., con domicilio en la Avenida de Italia n\u00ba2 (CTC), de Coslada (Madrid, Espa\u00f1a), utiliza con su consentimiento los datos personales consignados para responder a su solicitud, envi\u00e1ndolos a la empresa del grupo Noatum m\u00e1s indicada para ello. No se conservar\u00e1n m\u00e1s all\u00e1 del tiempo necesario para responderle. Si acepta la recepci\u00f3n de publicidad de nuestros servicios marcando la casilla correspondiente los conservaremos en tanto no manifieste su voluntad en contrario.\n\t\t<\/p>\n\t\t<p style=\"font-weight: 300;font-size: 12px;line-height: 1.5em; margin-top: 5px;\">Puede contactar con el delegado de protecci\u00f3n de datos en (<a href=\"mailto:dpo@noatum.com\">dpo@noatum.com<\/a>). Si considera que sus derechos han sido vulnerados, puede interponer una reclamaci\u00f3n ante la Agencia Espa\u00f1ola de Protecci\u00f3n de Datos. Si lo desea, puede retirar su consentimiento y ejercer los derechos de acceso, rectificaci\u00f3n, supresi\u00f3n, oposici\u00f3n y limitaci\u00f3n en cualquier momento dirigi\u00e9ndose al correo (<a href=\"mailto:dpo@noatum.com\">dpo@noatum.com<\/a>).\n\t\t<\/p>\n\t<\/div>\n<\/div>\n<div class=\"row\" style=\"margin-top: 10px; margin-bottom: 15px;\">\n\t<div class=\"col-md-12\">\n\t\t<p><span class=\"wpcf7-form-control-wrap\" data-name=\"acceptance-182\"><span class=\"wpcf7-form-control wpcf7-acceptance\"><span class=\"wpcf7-list-item\"><label><input type=\"checkbox\" name=\"acceptance-182\" value=\"1\" aria-invalid=\"false\" \/><span class=\"wpcf7-list-item-label\">Acepto la recepci\u00f3n de publicidad de los servicios del grupo Noatum en mi direcci\u00f3n de correo electr\u00f3nico.<\/span><\/label><\/span><\/span><\/span>\n\t\t<\/p>\n\t<\/div>\n<\/div>\n<div class=\"row\">\n\t<div class=\"col-md-12\">\n\t\t<p><input class=\"wpcf7-form-control wpcf7-submit has-spinner\" type=\"submit\" value=\"Enviar\" \/>\n\t\t<\/p>\n\t<\/div>\n<\/div>\n<\/form>\n<\/div>\n[\/vc_column_text][\/vc_column][\/vc_row]<\/p>\n<\/div>","protected":false},"excerpt":{"rendered":"<p>[vc_row center_row=&#8221;yes&#8221; bg_overlay=&#8221;yes&#8221; typo_style=&#8221;light&#8221; css=&#8221;.vc_custom_1625757698338{padding-top: 120px !important;padding-bottom: 120px !important;background-image: url(https:\/\/www.noatumlogistics.com\/wp-content\/uploads\/2021\/07\/Logistics-Services-banner.jpg?id=16678) !important;background-position: center !important;background-repeat: no-repeat !important;background-size: cover !important;}&#8221; el_class=&#8221;primerafila&#8221;][vc_column][\/vc_column][\/vc_row][vc_row full_width=&#8221;stretch_row_content_no_spaces&#8221; match_height=&#8221;yes&#8221; center_row=&#8221;yes&#8221; el_class=&#8221;rowservicio boxesservicios&#8221; css=&#8221;.vc_custom_1625830786981{margin-top: 40px !important;}&#8221;][vc_column width=&#8221;2\/3&#8243; css=&#8221;.vc_custom_1625760728157{background-image: url(https:\/\/www.noatumlogistics.com\/wp-content\/uploads\/2020\/03\/freight-management_Noatum.jpg?id=10888) !important;background-position:&#8230;<\/p>\n","protected":false},"author":12,"featured_media":16679,"parent":0,"menu_order":0,"comment_status":"closed","ping_status":"closed","template":"template-fullwidth.php","meta":{"footnotes":""},"class_list":["post-16787","page","type-page","status-publish","has-post-thumbnail","hentry"],"yoast_head":"<!-- This site is optimized with the Yoast SEO plugin v27.3 - https:\/\/yoast.com\/product\/yoast-seo-wordpress\/ -->\n<title>Servicios Log\u00edsticos | Noatum Logistics<\/title>\n<meta name=\"description\" content=\"Conocemos todas las necesidades que conlleva cualquier operaci\u00f3n comercial. Deje que nuestro equipo s\u00e9nior de log\u00edstica gestione cada paso de su cadena de suministro.\" \/>\n<meta name=\"robots\" content=\"index, follow, max-snippet:-1, max-image-preview:large, max-video-preview:-1\" \/>\n<link rel=\"canonical\" href=\"https:\/\/www.noatumlogistics.com\/es\/servicios-logisticos_old\/\" \/>\n<meta property=\"og:locale\" content=\"es_ES\" \/>\n<meta property=\"og:type\" content=\"article\" \/>\n<meta property=\"og:title\" content=\"Servicios Log\u00edsticos | Noatum Logistics\" \/>\n<meta property=\"og:description\" content=\"Conocemos todas las necesidades que conlleva cualquier operaci\u00f3n comercial. Deje que nuestro equipo s\u00e9nior de log\u00edstica gestione cada paso de su cadena de suministro.\" \/>\n<meta property=\"og:url\" content=\"https:\/\/www.noatumlogistics.com\/es\/servicios-logisticos_old\/\" \/>\n<meta property=\"og:site_name\" content=\"Global\" \/>\n<meta property=\"article:modified_time\" content=\"2024-11-01T15:10:24+00:00\" \/>\n<meta property=\"og:image\" content=\"https:\/\/www.noatumlogistics.com\/wp-content\/uploads\/2021\/07\/Logistics-Services-banner.jpg\" \/>\n\t<meta property=\"og:image:width\" content=\"1840\" \/>\n\t<meta property=\"og:image:height\" content=\"1033\" \/>\n\t<meta property=\"og:image:type\" content=\"image\/jpeg\" \/>\n<meta name=\"twitter:card\" content=\"summary_large_image\" \/>\n<meta name=\"twitter:label1\" content=\"Tiempo de lectura\" \/>\n\t<meta name=\"twitter:data1\" content=\"2 minutos\" \/>\n<script type=\"application\/ld+json\" class=\"yoast-schema-graph\">{\"@context\":\"https:\\\/\\\/schema.org\",\"@graph\":[{\"@type\":\"WebPage\",\"@id\":\"https:\\\/\\\/www.noatumlogistics.com\\\/es\\\/servicios-logisticos_old\\\/\",\"url\":\"https:\\\/\\\/www.noatumlogistics.com\\\/es\\\/servicios-logisticos_old\\\/\",\"name\":\"Servicios Log\u00edsticos | Noatum Logistics\",\"isPartOf\":{\"@id\":\"https:\\\/\\\/www.noatumlogistics.com\\\/es\\\/#website\"},\"primaryImageOfPage\":{\"@id\":\"https:\\\/\\\/www.noatumlogistics.com\\\/es\\\/servicios-logisticos_old\\\/#primaryimage\"},\"image\":{\"@id\":\"https:\\\/\\\/www.noatumlogistics.com\\\/es\\\/servicios-logisticos_old\\\/#primaryimage\"},\"thumbnailUrl\":\"https:\\\/\\\/www.noatumlogistics.com\\\/wp-content\\\/uploads\\\/2021\\\/07\\\/Logistics-Services-banner.jpg\",\"datePublished\":\"2021-12-27T10:05:14+00:00\",\"dateModified\":\"2024-11-01T15:10:24+00:00\",\"description\":\"Conocemos todas las necesidades que conlleva cualquier operaci\u00f3n comercial. Deje que nuestro equipo s\u00e9nior de log\u00edstica gestione cada paso de su cadena de suministro.\",\"breadcrumb\":{\"@id\":\"https:\\\/\\\/www.noatumlogistics.com\\\/es\\\/servicios-logisticos_old\\\/#breadcrumb\"},\"inLanguage\":\"es\",\"potentialAction\":[{\"@type\":\"ReadAction\",\"target\":[\"https:\\\/\\\/www.noatumlogistics.com\\\/es\\\/servicios-logisticos_old\\\/\"]}]},{\"@type\":\"ImageObject\",\"inLanguage\":\"es\",\"@id\":\"https:\\\/\\\/www.noatumlogistics.com\\\/es\\\/servicios-logisticos_old\\\/#primaryimage\",\"url\":\"https:\\\/\\\/www.noatumlogistics.com\\\/wp-content\\\/uploads\\\/2021\\\/07\\\/Logistics-Services-banner.jpg\",\"contentUrl\":\"https:\\\/\\\/www.noatumlogistics.com\\\/wp-content\\\/uploads\\\/2021\\\/07\\\/Logistics-Services-banner.jpg\",\"width\":1840,\"height\":1033},{\"@type\":\"BreadcrumbList\",\"@id\":\"https:\\\/\\\/www.noatumlogistics.com\\\/es\\\/servicios-logisticos_old\\\/#breadcrumb\",\"itemListElement\":[{\"@type\":\"ListItem\",\"position\":1,\"name\":\"Home\",\"item\":\"https:\\\/\\\/www.noatumlogistics.com\\\/es\\\/\"},{\"@type\":\"ListItem\",\"position\":2,\"name\":\"Servicios Log\u00edsticos OLD\"}]},{\"@type\":\"WebSite\",\"@id\":\"https:\\\/\\\/www.noatumlogistics.com\\\/es\\\/#website\",\"url\":\"https:\\\/\\\/www.noatumlogistics.com\\\/es\\\/\",\"name\":\"Global\",\"description\":\"Excelencia en servicios log\u00edsticos\",\"potentialAction\":[{\"@type\":\"SearchAction\",\"target\":{\"@type\":\"EntryPoint\",\"urlTemplate\":\"https:\\\/\\\/www.noatumlogistics.com\\\/es\\\/?s={search_term_string}\"},\"query-input\":{\"@type\":\"PropertyValueSpecification\",\"valueRequired\":true,\"valueName\":\"search_term_string\"}}],\"inLanguage\":\"es\"}]}<\/script>\n<!-- \/ Yoast SEO plugin. -->","yoast_head_json":{"title":"Servicios Log\u00edsticos | Noatum Logistics","description":"Conocemos todas las necesidades que conlleva cualquier operaci\u00f3n comercial. Deje que nuestro equipo s\u00e9nior de log\u00edstica gestione cada paso de su cadena de suministro.","robots":{"index":"index","follow":"follow","max-snippet":"max-snippet:-1","max-image-preview":"max-image-preview:large","max-video-preview":"max-video-preview:-1"},"canonical":"https:\/\/www.noatumlogistics.com\/es\/servicios-logisticos_old\/","og_locale":"es_ES","og_type":"article","og_title":"Servicios Log\u00edsticos | Noatum Logistics","og_description":"Conocemos todas las necesidades que conlleva cualquier operaci\u00f3n comercial. Deje que nuestro equipo s\u00e9nior de log\u00edstica gestione cada paso de su cadena de suministro.","og_url":"https:\/\/www.noatumlogistics.com\/es\/servicios-logisticos_old\/","og_site_name":"Global","article_modified_time":"2024-11-01T15:10:24+00:00","og_image":[{"width":1840,"height":1033,"url":"https:\/\/www.noatumlogistics.com\/wp-content\/uploads\/2021\/07\/Logistics-Services-banner.jpg","type":"image\/jpeg"}],"twitter_card":"summary_large_image","twitter_misc":{"Tiempo de lectura":"2 minutos"},"schema":{"@context":"https:\/\/schema.org","@graph":[{"@type":"WebPage","@id":"https:\/\/www.noatumlogistics.com\/es\/servicios-logisticos_old\/","url":"https:\/\/www.noatumlogistics.com\/es\/servicios-logisticos_old\/","name":"Servicios Log\u00edsticos | Noatum Logistics","isPartOf":{"@id":"https:\/\/www.noatumlogistics.com\/es\/#website"},"primaryImageOfPage":{"@id":"https:\/\/www.noatumlogistics.com\/es\/servicios-logisticos_old\/#primaryimage"},"image":{"@id":"https:\/\/www.noatumlogistics.com\/es\/servicios-logisticos_old\/#primaryimage"},"thumbnailUrl":"https:\/\/www.noatumlogistics.com\/wp-content\/uploads\/2021\/07\/Logistics-Services-banner.jpg","datePublished":"2021-12-27T10:05:14+00:00","dateModified":"2024-11-01T15:10:24+00:00","description":"Conocemos todas las necesidades que conlleva cualquier operaci\u00f3n comercial. Deje que nuestro equipo s\u00e9nior de log\u00edstica gestione cada paso de su cadena de suministro.","breadcrumb":{"@id":"https:\/\/www.noatumlogistics.com\/es\/servicios-logisticos_old\/#breadcrumb"},"inLanguage":"es","potentialAction":[{"@type":"ReadAction","target":["https:\/\/www.noatumlogistics.com\/es\/servicios-logisticos_old\/"]}]},{"@type":"ImageObject","inLanguage":"es","@id":"https:\/\/www.noatumlogistics.com\/es\/servicios-logisticos_old\/#primaryimage","url":"https:\/\/www.noatumlogistics.com\/wp-content\/uploads\/2021\/07\/Logistics-Services-banner.jpg","contentUrl":"https:\/\/www.noatumlogistics.com\/wp-content\/uploads\/2021\/07\/Logistics-Services-banner.jpg","width":1840,"height":1033},{"@type":"BreadcrumbList","@id":"https:\/\/www.noatumlogistics.com\/es\/servicios-logisticos_old\/#breadcrumb","itemListElement":[{"@type":"ListItem","position":1,"name":"Home","item":"https:\/\/www.noatumlogistics.com\/es\/"},{"@type":"ListItem","position":2,"name":"Servicios Log\u00edsticos OLD"}]},{"@type":"WebSite","@id":"https:\/\/www.noatumlogistics.com\/es\/#website","url":"https:\/\/www.noatumlogistics.com\/es\/","name":"Global","description":"Excelencia en servicios log\u00edsticos","potentialAction":[{"@type":"SearchAction","target":{"@type":"EntryPoint","urlTemplate":"https:\/\/www.noatumlogistics.com\/es\/?s={search_term_string}"},"query-input":{"@type":"PropertyValueSpecification","valueRequired":true,"valueName":"search_term_string"}}],"inLanguage":"es"}]}},"_links":{"self":[{"href":"https:\/\/www.noatumlogistics.com\/es\/wp-json\/wp\/v2\/pages\/16787","targetHints":{"allow":["GET"]}}],"collection":[{"href":"https:\/\/www.noatumlogistics.com\/es\/wp-json\/wp\/v2\/pages"}],"about":[{"href":"https:\/\/www.noatumlogistics.com\/es\/wp-json\/wp\/v2\/types\/page"}],"author":[{"embeddable":true,"href":"https:\/\/www.noatumlogistics.com\/es\/wp-json\/wp\/v2\/users\/12"}],"replies":[{"embeddable":true,"href":"https:\/\/www.noatumlogistics.com\/es\/wp-json\/wp\/v2\/comments?post=16787"}],"version-history":[{"count":15,"href":"https:\/\/www.noatumlogistics.com\/es\/wp-json\/wp\/v2\/pages\/16787\/revisions"}],"predecessor-version":[{"id":20690,"href":"https:\/\/www.noatumlogistics.com\/es\/wp-json\/wp\/v2\/pages\/16787\/revisions\/20690"}],"wp:featuredmedia":[{"embeddable":true,"href":"https:\/\/www.noatumlogistics.com\/es\/wp-json\/wp\/v2\/media\/16679"}],"wp:attachment":[{"href":"https:\/\/www.noatumlogistics.com\/es\/wp-json\/wp\/v2\/media?parent=16787"}],"curies":[{"name":"wp","href":"https:\/\/api.w.org\/{rel}","templated":true}]}}