{"id":14372,"date":"2020-05-08T09:06:54","date_gmt":"2020-05-08T08:06:54","guid":{"rendered":"https:\/\/www.noatumlogistics.com\/global-trade-management\/import-consulting\/"},"modified":"2021-12-31T12:43:59","modified_gmt":"2021-12-31T11:43:59","slug":"consultoria-importacion-aduanas","status":"publish","type":"page","link":"https:\/\/www.noatumlogistics.com\/es\/aduanas-comercio-internacional_old\/consultoria-importacion-aduanas\/","title":{"rendered":"Consultor\u00eda de importaci\u00f3n"},"content":{"rendered":"<div class=\"wpb-content-wrapper\"><p>[vc_row center_row=&#8221;yes&#8221; css=&#8221;.vc_custom_1585559969371{padding-top: 0px !important;background-position: center !important;background-repeat: no-repeat !important;background-size: cover !important;}&#8221; el_class=&#8221;VinetasRed&#8221;][vc_column][vc_column_text]<\/p>\n<h4>Adaptaci\u00f3n de los productos y las necesidades de nuestros clientes al cumplimiento de la normativa vigente junto con herramientas que disminuyan el riesgo.<\/h4>\n<p>[\/vc_column_text][vc_separator][vc_row_inner][vc_column_inner]<div class=\"zozo-parallax-header\"><div class=\"parallax-header\"><h3 class=\"parallax-title text-left text-uppercase\" style=\"font-size:18px;\">PROGRAMA CUMPLIMIENTO REQUISITOS DE IMPORTACI\u00d3N<\/h3><div class=\"parallax-desc default-style text-left\"><p>La consultor\u00eda de importaci\u00f3n de Noatum Logistics ayuda a nuestros clientes a crear un programa de cumplimiento de la normativa que regula la importaci\u00f3n, con la finalidad de entender: los requisitos exigidos para la importaci\u00f3n, la documentaci\u00f3n necesaria, el procedimiento y los requerimientos para cada producto y as\u00ed poder reducir los aranceles, mejorar el cumplimiento de la regulaci\u00f3n y facilitar la importaci\u00f3n de los productos.<\/p>\n<p>Nuestros servicios de consultor\u00eda de importaci\u00f3n ofrecen asesoramiento a nuestros clientes para construir una base de cumplimiento de la normativa s\u00f3lida, en un entorno de aprendizaje y mejora continua. La construcci\u00f3n de una pol\u00edtica de cumplimiento de la normativa se basa en el desarrollo de acciones formativas, procesos y procedimientos relacionados con los siguientes elementos regulatorios comerciales cr\u00edticos:<\/p>\n<\/div><\/div><\/div>[\/vc_column_inner][\/vc_row_inner][vc_row_inner css=&#8221;.vc_custom_1588930908466{margin-top: 40px !important;}&#8221;][vc_column_inner width=&#8221;1\/2&#8243;][vc_column_text]<\/p>\n<ul>\n<li>Determinaci\u00f3n de derechos antidumping \/ compensatorios<\/li>\n<li>Auditor\u00edas \/ an\u00e1lisis de entrada de aduanas<\/li>\n<li>Modificaciones \/ ajustes de entrada de aduanas<\/li>\n<li>Procedimientos de cumplimiento de la normativa aduanera<\/li>\n<li>An\u00e1lisis de datos<\/li>\n<li>Programas de formaci\u00f3n \/ educaci\u00f3n<\/li>\n<li>Licencias de Importaci\u00f3n<\/li>\n<li>Desarrollo del manual de procedimientos del proveedor<\/li>\n<\/ul>\n<p>[\/vc_column_text][\/vc_column_inner][vc_column_inner width=&#8221;1\/2&#8243;][vc_column_text]<\/p>\n<ul>\n<li>Auditor\u00eda de los procesos de importaci\u00f3n<\/li>\n<li>Participaci\u00f3n en agencias de cumplimiento gubernamentales<\/li>\n<li>Producto &#8211; Revisi\u00f3n y desarrollo de la clasificaci\u00f3n arancelaria<\/li>\n<li>Producto \u2013 Valor en Aduana<\/li>\n<li>Producto &#8211; Pa\u00eds de origen \/ Prueba de origen<\/li>\n<li>Producto \u2013 consultas vinculantes sobre clasificaci\u00f3n de mercanc\u00edas<\/li>\n<li>Proceso de mantenimiento de registros \/ Procedimientos \/ Revisi\u00f3n<\/li>\n<\/ul>\n<p>[\/vc_column_text][\/vc_column_inner][\/vc_row_inner][\/vc_column][\/vc_row][vc_row center_row=&#8221;yes&#8221; bg_overlay=&#8221;yes&#8221; typo_style=&#8221;light&#8221; css=&#8221;.vc_custom_1585560314928{margin-bottom: 60px !important;background-image: url(https:\/\/www.noatumlogistics.com\/wp-content\/uploads\/2020\/03\/global-trade-management1.jpg?id=11210) !important;background-position: center !important;background-repeat: no-repeat !important;background-size: cover !important;}&#8221; el_class=&#8221;redgradientbgtrans&#8221;][vc_column]<div class=\"zozo-parallax-header\"><div class=\"parallax-header\"><h2 class=\"parallax-title text-center text-none\">Por qu\u00e9 elegir los servicios de Global Trade Management de Noatum Logistics<\/h2><\/div><\/div>[vc_row_inner][vc_column_inner width=&#8221;1\/2&#8243; css=&#8221;.vc_custom_1585214466581{padding-right: 60px !important;padding-left: 60px !important;}&#8221;][vc_column_text el_class=&#8221;text-center&#8221;]<img decoding=\"async\" src=\"https:\/\/www.noatumlogistics.com\/wp-content\/uploads\/2020\/03\/expertise-02-e1585150149621-279x300.png\" width=\"60\" \/>[\/vc_column_text]<div class=\"zozo-parallax-header\"><div class=\"parallax-header\"><h4 class=\"parallax-title text-center\" style=\"font-size:24px;\">EXPERIENCIA<\/h4><div class=\"parallax-desc default-style text-center\"><p>Nuestros clientes compiten y prosperan en los mercados internacionales a trav\u00e9s de sus sectores y verticales especializados y eligen los servicios GTM de Noatum Logistics para ayudarles a interpretar y cumplir la normativa para las importaciones y exportaciones en el comercio global actual, cada vez m\u00e1s din\u00e1mico y complejo.<\/p>\n<\/div><\/div><\/div>[\/vc_column_inner][vc_column_inner width=&#8221;1\/2&#8243; css=&#8221;.vc_custom_1585214477869{padding-right: 60px !important;padding-left: 60px !important;}&#8221;][vc_column_text el_class=&#8221;text-center&#8221;]<img decoding=\"async\" src=\"https:\/\/www.noatumlogistics.com\/wp-content\/uploads\/2020\/03\/professional-267x300.png\" alt=\"\" width=\"60\" \/>[\/vc_column_text]<div class=\"zozo-parallax-header\"><div class=\"parallax-header\"><h4 class=\"parallax-title text-center\" style=\"font-size:24px;\">EQUIPO PROFESIONAL<\/h4><div class=\"parallax-desc default-style text-center\"><p>El equipo GTM de Noatum Logistics est\u00e1 compuesto por profesionales apasionados y fiables, expertos en la regulaci\u00f3n del comercio internacional, gesti\u00f3n de la cadena de suministro, tecnolog\u00eda de la inteligencia empresarial y negocios internacionales, que trabajan en asociaci\u00f3n con nuestros clientes.<\/p>\n<\/div><\/div><\/div>[\/vc_column_inner][\/vc_row_inner][\/vc_column][\/vc_row][vc_row css_animation=&#8221;left-to-right&#8221; center_row=&#8221;yes&#8221; opn_row_gutter=&#8221;100&#8243; el_id=&#8221;contactform&#8221; css=&#8221;.vc_custom_1582792022784{background-color: #f7f7f7 !important;}&#8221;][vc_column]<div class=\"zozo-parallax-header\"><div class=\"parallax-header\"><h2 class=\"parallax-title text-center text-none\" style=\"color:#ae2626;\">Por favor, cont\u00e1ctenos para m\u00e1s informaci\u00f3n<\/h2><\/div><\/div>[vc_column_text]\n<div class=\"wpcf7 no-js\" id=\"wpcf7-f13635-o1\" lang=\"es-ES\" dir=\"ltr\" data-wpcf7-id=\"13635\">\n<div class=\"screen-reader-response\"><p role=\"status\" aria-live=\"polite\" aria-atomic=\"true\"><\/p> <ul><\/ul><\/div>\n<form action=\"\/es\/wp-json\/wp\/v2\/pages\/14372#wpcf7-f13635-o1\" method=\"post\" class=\"wpcf7-form init wpcf7-acceptance-as-validation\" aria-label=\"Formulario de contacto\" novalidate=\"novalidate\" data-status=\"init\">\n<fieldset class=\"hidden-fields-container\"><input type=\"hidden\" name=\"_wpcf7\" value=\"13635\" \/><input type=\"hidden\" name=\"_wpcf7_version\" value=\"6.1.5\" \/><input type=\"hidden\" name=\"_wpcf7_locale\" value=\"es_ES\" \/><input type=\"hidden\" name=\"_wpcf7_unit_tag\" value=\"wpcf7-f13635-o1\" \/><input type=\"hidden\" name=\"_wpcf7_container_post\" value=\"0\" \/><input type=\"hidden\" name=\"_wpcf7_posted_data_hash\" value=\"\" \/><input type=\"hidden\" name=\"_wpcf7dtx_version\" value=\"5.0.5\" \/><input type=\"hidden\" name=\"_wpcf7_recaptcha_response\" value=\"\" \/>\n<\/fieldset>\n<div class=\"row\">\n\t<div class=\"col-md-12\">\n\t<div class=\"wpcf7-response-output\" aria-hidden=\"true\"><\/div>\n\t<\/div>\n<\/div>\n<p style=\"font-size: 12px; font-weight:400; \">Todos los campos son obligatorios.\n<\/p>\n<div class=\"row\">\n\t<div class=\"col-md-6\">\n\t\t<p><span class=\"wpcf7-form-control-wrap\" data-name=\"tu-nombre\"><input size=\"40\" maxlength=\"400\" class=\"wpcf7-form-control wpcf7-text wpcf7-validates-as-required\" aria-required=\"true\" aria-invalid=\"false\" placeholder=\"Nombre\" value=\"\" type=\"text\" name=\"tu-nombre\" \/><\/span>\n\t\t<\/p>\n\t\t<p><span class=\"wpcf7-form-control-wrap\" data-name=\"tu-Empresa\"><input size=\"40\" maxlength=\"400\" class=\"wpcf7-form-control wpcf7-text wpcf7-validates-as-required\" aria-required=\"true\" aria-invalid=\"false\" placeholder=\"Empresa\" value=\"\" type=\"text\" name=\"tu-Empresa\" \/><\/span>\n\t\t<\/p>\n\t\t<p><span class=\"wpcf7-form-control-wrap\" data-name=\"tel-564\"><input size=\"40\" maxlength=\"400\" class=\"wpcf7-form-control wpcf7-tel wpcf7-validates-as-required wpcf7-text wpcf7-validates-as-tel\" aria-required=\"true\" aria-invalid=\"false\" placeholder=\"Tel\u00e9fono\" value=\"\" type=\"tel\" name=\"tel-564\" \/><\/span>\n\t\t<\/p>\n\t<\/div>\n\t<div class=\"col-md-6\">\n\t\t<p><span class=\"wpcf7-form-control-wrap\" data-name=\"tu-email\"><input size=\"40\" maxlength=\"400\" class=\"wpcf7-form-control wpcf7-email wpcf7-validates-as-required wpcf7-text wpcf7-validates-as-email\" aria-required=\"true\" aria-invalid=\"false\" placeholder=\"Email\" value=\"\" type=\"email\" name=\"tu-email\" \/><\/span>\n\t\t<\/p>\n\t<span class=\"wpcf7-form-control-wrap recipient-email\" data-name=\"recipient-email\"><input type=\"hidden\" name=\"recipient-email\" class=\"wpcf7-form-control wpcf7-hidden wpcf7dtx wpcf7dtx-hidden\" aria-invalid=\"false\" value=\"&#107;&#101;&#118;&#105;&#110;&#046;&#101;&#107;&#115;&#116;&#114;&#097;&#110;&#100;&#064;&#110;&#111;&#097;&#116;&#117;&#109;&#108;&#111;&#103;&#105;&#115;&#116;&#105;&#099;&#115;&#046;&#099;&#111;&#109;\"><\/span>\n\t\t<p><span class=\"wpcf7-form-control-wrap\" data-name=\"your-message\"><textarea cols=\"40\" rows=\"10\" maxlength=\"2000\" class=\"wpcf7-form-control wpcf7-textarea\" aria-invalid=\"false\" placeholder=\"Mensaje\" name=\"your-message\"><\/textarea><\/span>\n\t\t<\/p>\n\t<\/div>\n<\/div>\n<div class=\"row\">\n\t<div class=\"col-md-12 legalnotice\">\n\t\t<p style=\"font-weight: 300;font-size: 12px;line-height: 1.5em;margin-top: 10px;\">Noatum Holdings S.L.U., con domicilio en la Avenida de Italia n\u00ba2 (CTC), de Coslada (Madrid, Espa\u00f1a), utiliza con su consentimiento los datos personales consignados para responder a su solicitud, envi\u00e1ndolos a la empresa del grupo Noatum m\u00e1s indicada para ello. No se conservar\u00e1n m\u00e1s all\u00e1 del tiempo necesario para responderle. Si acepta la recepci\u00f3n de publicidad de nuestros servicios marcando la casilla correspondiente los conservaremos en tanto no manifieste su voluntad en contrario.\n\t\t<\/p>\n\t\t<p style=\"font-weight: 300;font-size: 12px;line-height: 1.5em; margin-top: 5px;\">Puede contactar con el delegado de protecci\u00f3n de datos en (<a href=\"mailto:dpo@noatum.com\">dpo@noatum.com<\/a>). Si considera que sus derechos han sido vulnerados, puede interponer una reclamaci\u00f3n ante la Agencia Espa\u00f1ola de Protecci\u00f3n de Datos. Si lo desea, puede retirar su consentimiento y ejercer los derechos de acceso, rectificaci\u00f3n, supresi\u00f3n, oposici\u00f3n y limitaci\u00f3n en cualquier momento dirigi\u00e9ndose al correo (<a href=\"mailto:dpo@noatum.com\">dpo@noatum.com<\/a>).\n\t\t<\/p>\n\t<\/div>\n<\/div>\n<div class=\"row\" style=\"margin-top: 10px; margin-bottom: 15px;\">\n\t<div class=\"col-md-12\">\n\t\t<p><span class=\"wpcf7-form-control-wrap\" data-name=\"acceptance-182\"><span class=\"wpcf7-form-control wpcf7-acceptance\"><span class=\"wpcf7-list-item\"><label><input type=\"checkbox\" name=\"acceptance-182\" value=\"1\" aria-invalid=\"false\" \/><span class=\"wpcf7-list-item-label\">Acepto la recepci\u00f3n de publicidad de los servicios del grupo Noatum en mi direcci\u00f3n de correo electr\u00f3nico.<\/span><\/label><\/span><\/span><\/span>\n\t\t<\/p>\n\t<\/div>\n<\/div>\n<div class=\"row\">\n\t<div class=\"col-md-12\">\n\t\t<p><input class=\"wpcf7-form-control wpcf7-submit has-spinner\" type=\"submit\" value=\"Enviar\" \/>\n\t\t<\/p>\n\t<\/div>\n<\/div>\n<\/form>\n<\/div>\n[\/vc_column_text][\/vc_column][\/vc_row]<\/p>\n<\/div>","protected":false},"excerpt":{"rendered":"<p>[vc_row center_row=&#8221;yes&#8221; css=&#8221;.vc_custom_1585559969371{padding-top: 0px !important;background-position: center !important;background-repeat: no-repeat !important;background-size: cover !important;}&#8221; el_class=&#8221;VinetasRed&#8221;][vc_column][vc_column_text] Adaptaci\u00f3n de los productos y las necesidades de nuestros clientes al cumplimiento de la normativa vigente junto con&#8230;<\/p>\n","protected":false},"author":9,"featured_media":0,"parent":14366,"menu_order":0,"comment_status":"closed","ping_status":"closed","template":"","meta":{"footnotes":""},"class_list":["post-14372","page","type-page","status-publish","hentry"],"yoast_head":"<!-- This site is optimized with the Yoast SEO plugin v27.3 - https:\/\/yoast.com\/product\/yoast-seo-wordpress\/ -->\n<title>Consultor\u00eda de importaci\u00f3n - Aduanas | Noatum Logistics<\/title>\n<meta name=\"description\" content=\"Adaptaci\u00f3n de los productos y las necesidades de nuestros clientes al cumplimiento de la normativa vigente y herramientas para reducir riesgo\" \/>\n<meta name=\"robots\" content=\"index, follow, max-snippet:-1, max-image-preview:large, max-video-preview:-1\" \/>\n<link rel=\"canonical\" href=\"https:\/\/www.noatumlogistics.com\/es\/aduanas-comercio-internacional_old\/consultoria-importacion-aduanas\/\" \/>\n<meta property=\"og:locale\" content=\"es_ES\" \/>\n<meta property=\"og:type\" content=\"article\" \/>\n<meta property=\"og:title\" content=\"Consultor\u00eda de importaci\u00f3n - Aduanas | Noatum Logistics\" \/>\n<meta property=\"og:description\" content=\"Adaptaci\u00f3n de los productos y las necesidades de nuestros clientes al cumplimiento de la normativa vigente y herramientas para reducir riesgo\" \/>\n<meta property=\"og:url\" content=\"https:\/\/www.noatumlogistics.com\/es\/aduanas-comercio-internacional_old\/consultoria-importacion-aduanas\/\" \/>\n<meta property=\"og:site_name\" content=\"Global\" \/>\n<meta property=\"article:modified_time\" content=\"2021-12-31T11:43:59+00:00\" \/>\n<meta property=\"og:image\" content=\"https:\/\/www.noatumlogistics.com\/wp-content\/uploads\/2020\/03\/expertise-02-e1585150149621-279x300.png\" \/>\n<meta name=\"twitter:card\" content=\"summary_large_image\" \/>\n<meta name=\"twitter:label1\" content=\"Tiempo de lectura\" \/>\n\t<meta name=\"twitter:data1\" content=\"4 minutos\" \/>\n<script type=\"application\/ld+json\" class=\"yoast-schema-graph\">{\"@context\":\"https:\\\/\\\/schema.org\",\"@graph\":[{\"@type\":\"WebPage\",\"@id\":\"https:\\\/\\\/www.noatumlogistics.com\\\/es\\\/aduanas-comercio-internacional_old\\\/consultoria-importacion-aduanas\\\/\",\"url\":\"https:\\\/\\\/www.noatumlogistics.com\\\/es\\\/aduanas-comercio-internacional_old\\\/consultoria-importacion-aduanas\\\/\",\"name\":\"Consultor\u00eda de importaci\u00f3n - Aduanas | Noatum Logistics\",\"isPartOf\":{\"@id\":\"https:\\\/\\\/www.noatumlogistics.com\\\/es\\\/#website\"},\"primaryImageOfPage\":{\"@id\":\"https:\\\/\\\/www.noatumlogistics.com\\\/es\\\/aduanas-comercio-internacional_old\\\/consultoria-importacion-aduanas\\\/#primaryimage\"},\"image\":{\"@id\":\"https:\\\/\\\/www.noatumlogistics.com\\\/es\\\/aduanas-comercio-internacional_old\\\/consultoria-importacion-aduanas\\\/#primaryimage\"},\"thumbnailUrl\":\"https:\\\/\\\/www.noatumlogistics.com\\\/wp-content\\\/uploads\\\/2020\\\/03\\\/expertise-02-e1585150149621-279x300.png\",\"datePublished\":\"2020-05-08T08:06:54+00:00\",\"dateModified\":\"2021-12-31T11:43:59+00:00\",\"description\":\"Adaptaci\u00f3n de los productos y las necesidades de nuestros clientes al cumplimiento de la normativa vigente y herramientas para reducir riesgo\",\"breadcrumb\":{\"@id\":\"https:\\\/\\\/www.noatumlogistics.com\\\/es\\\/aduanas-comercio-internacional_old\\\/consultoria-importacion-aduanas\\\/#breadcrumb\"},\"inLanguage\":\"es\",\"potentialAction\":[{\"@type\":\"ReadAction\",\"target\":[\"https:\\\/\\\/www.noatumlogistics.com\\\/es\\\/aduanas-comercio-internacional_old\\\/consultoria-importacion-aduanas\\\/\"]}]},{\"@type\":\"ImageObject\",\"inLanguage\":\"es\",\"@id\":\"https:\\\/\\\/www.noatumlogistics.com\\\/es\\\/aduanas-comercio-internacional_old\\\/consultoria-importacion-aduanas\\\/#primaryimage\",\"url\":\"https:\\\/\\\/www.noatumlogistics.com\\\/wp-content\\\/uploads\\\/2020\\\/03\\\/expertise-02-e1585150149621-279x300.png\",\"contentUrl\":\"https:\\\/\\\/www.noatumlogistics.com\\\/wp-content\\\/uploads\\\/2020\\\/03\\\/expertise-02-e1585150149621-279x300.png\"},{\"@type\":\"BreadcrumbList\",\"@id\":\"https:\\\/\\\/www.noatumlogistics.com\\\/es\\\/aduanas-comercio-internacional_old\\\/consultoria-importacion-aduanas\\\/#breadcrumb\",\"itemListElement\":[{\"@type\":\"ListItem\",\"position\":1,\"name\":\"Home\",\"item\":\"https:\\\/\\\/www.noatumlogistics.com\\\/es\\\/\"},{\"@type\":\"ListItem\",\"position\":2,\"name\":\"Aduanas y Comercio internacional OLD\",\"item\":\"https:\\\/\\\/www.noatumlogistics.com\\\/es\\\/customs-services\\\/\"},{\"@type\":\"ListItem\",\"position\":3,\"name\":\"Consultor\u00eda de importaci\u00f3n\"}]},{\"@type\":\"WebSite\",\"@id\":\"https:\\\/\\\/www.noatumlogistics.com\\\/es\\\/#website\",\"url\":\"https:\\\/\\\/www.noatumlogistics.com\\\/es\\\/\",\"name\":\"Global\",\"description\":\"Excelencia en servicios log\u00edsticos\",\"potentialAction\":[{\"@type\":\"SearchAction\",\"target\":{\"@type\":\"EntryPoint\",\"urlTemplate\":\"https:\\\/\\\/www.noatumlogistics.com\\\/es\\\/?s={search_term_string}\"},\"query-input\":{\"@type\":\"PropertyValueSpecification\",\"valueRequired\":true,\"valueName\":\"search_term_string\"}}],\"inLanguage\":\"es\"}]}<\/script>\n<!-- \/ Yoast SEO plugin. -->","yoast_head_json":{"title":"Consultor\u00eda de importaci\u00f3n - Aduanas | Noatum Logistics","description":"Adaptaci\u00f3n de los productos y las necesidades de nuestros clientes al cumplimiento de la normativa vigente y herramientas para reducir riesgo","robots":{"index":"index","follow":"follow","max-snippet":"max-snippet:-1","max-image-preview":"max-image-preview:large","max-video-preview":"max-video-preview:-1"},"canonical":"https:\/\/www.noatumlogistics.com\/es\/aduanas-comercio-internacional_old\/consultoria-importacion-aduanas\/","og_locale":"es_ES","og_type":"article","og_title":"Consultor\u00eda de importaci\u00f3n - Aduanas | Noatum Logistics","og_description":"Adaptaci\u00f3n de los productos y las necesidades de nuestros clientes al cumplimiento de la normativa vigente y herramientas para reducir riesgo","og_url":"https:\/\/www.noatumlogistics.com\/es\/aduanas-comercio-internacional_old\/consultoria-importacion-aduanas\/","og_site_name":"Global","article_modified_time":"2021-12-31T11:43:59+00:00","og_image":[{"url":"https:\/\/www.noatumlogistics.com\/wp-content\/uploads\/2020\/03\/expertise-02-e1585150149621-279x300.png","type":"","width":"","height":""}],"twitter_card":"summary_large_image","twitter_misc":{"Tiempo de lectura":"4 minutos"},"schema":{"@context":"https:\/\/schema.org","@graph":[{"@type":"WebPage","@id":"https:\/\/www.noatumlogistics.com\/es\/aduanas-comercio-internacional_old\/consultoria-importacion-aduanas\/","url":"https:\/\/www.noatumlogistics.com\/es\/aduanas-comercio-internacional_old\/consultoria-importacion-aduanas\/","name":"Consultor\u00eda de importaci\u00f3n - Aduanas | Noatum Logistics","isPartOf":{"@id":"https:\/\/www.noatumlogistics.com\/es\/#website"},"primaryImageOfPage":{"@id":"https:\/\/www.noatumlogistics.com\/es\/aduanas-comercio-internacional_old\/consultoria-importacion-aduanas\/#primaryimage"},"image":{"@id":"https:\/\/www.noatumlogistics.com\/es\/aduanas-comercio-internacional_old\/consultoria-importacion-aduanas\/#primaryimage"},"thumbnailUrl":"https:\/\/www.noatumlogistics.com\/wp-content\/uploads\/2020\/03\/expertise-02-e1585150149621-279x300.png","datePublished":"2020-05-08T08:06:54+00:00","dateModified":"2021-12-31T11:43:59+00:00","description":"Adaptaci\u00f3n de los productos y las necesidades de nuestros clientes al cumplimiento de la normativa vigente y herramientas para reducir riesgo","breadcrumb":{"@id":"https:\/\/www.noatumlogistics.com\/es\/aduanas-comercio-internacional_old\/consultoria-importacion-aduanas\/#breadcrumb"},"inLanguage":"es","potentialAction":[{"@type":"ReadAction","target":["https:\/\/www.noatumlogistics.com\/es\/aduanas-comercio-internacional_old\/consultoria-importacion-aduanas\/"]}]},{"@type":"ImageObject","inLanguage":"es","@id":"https:\/\/www.noatumlogistics.com\/es\/aduanas-comercio-internacional_old\/consultoria-importacion-aduanas\/#primaryimage","url":"https:\/\/www.noatumlogistics.com\/wp-content\/uploads\/2020\/03\/expertise-02-e1585150149621-279x300.png","contentUrl":"https:\/\/www.noatumlogistics.com\/wp-content\/uploads\/2020\/03\/expertise-02-e1585150149621-279x300.png"},{"@type":"BreadcrumbList","@id":"https:\/\/www.noatumlogistics.com\/es\/aduanas-comercio-internacional_old\/consultoria-importacion-aduanas\/#breadcrumb","itemListElement":[{"@type":"ListItem","position":1,"name":"Home","item":"https:\/\/www.noatumlogistics.com\/es\/"},{"@type":"ListItem","position":2,"name":"Aduanas y Comercio internacional OLD","item":"https:\/\/www.noatumlogistics.com\/es\/customs-services\/"},{"@type":"ListItem","position":3,"name":"Consultor\u00eda de importaci\u00f3n"}]},{"@type":"WebSite","@id":"https:\/\/www.noatumlogistics.com\/es\/#website","url":"https:\/\/www.noatumlogistics.com\/es\/","name":"Global","description":"Excelencia en servicios log\u00edsticos","potentialAction":[{"@type":"SearchAction","target":{"@type":"EntryPoint","urlTemplate":"https:\/\/www.noatumlogistics.com\/es\/?s={search_term_string}"},"query-input":{"@type":"PropertyValueSpecification","valueRequired":true,"valueName":"search_term_string"}}],"inLanguage":"es"}]}},"_links":{"self":[{"href":"https:\/\/www.noatumlogistics.com\/es\/wp-json\/wp\/v2\/pages\/14372","targetHints":{"allow":["GET"]}}],"collection":[{"href":"https:\/\/www.noatumlogistics.com\/es\/wp-json\/wp\/v2\/pages"}],"about":[{"href":"https:\/\/www.noatumlogistics.com\/es\/wp-json\/wp\/v2\/types\/page"}],"author":[{"embeddable":true,"href":"https:\/\/www.noatumlogistics.com\/es\/wp-json\/wp\/v2\/users\/9"}],"replies":[{"embeddable":true,"href":"https:\/\/www.noatumlogistics.com\/es\/wp-json\/wp\/v2\/comments?post=14372"}],"version-history":[{"count":8,"href":"https:\/\/www.noatumlogistics.com\/es\/wp-json\/wp\/v2\/pages\/14372\/revisions"}],"predecessor-version":[{"id":17173,"href":"https:\/\/www.noatumlogistics.com\/es\/wp-json\/wp\/v2\/pages\/14372\/revisions\/17173"}],"up":[{"embeddable":true,"href":"https:\/\/www.noatumlogistics.com\/es\/wp-json\/wp\/v2\/pages\/14366"}],"wp:attachment":[{"href":"https:\/\/www.noatumlogistics.com\/es\/wp-json\/wp\/v2\/media?parent=14372"}],"curies":[{"name":"wp","href":"https:\/\/api.w.org\/{rel}","templated":true}]}}