{"id":13466,"date":"2020-04-15T18:43:34","date_gmt":"2020-04-15T17:43:34","guid":{"rendered":"https:\/\/www.noatumlogistics.com\/?page_id=13466"},"modified":"2024-11-01T15:32:27","modified_gmt":"2024-11-01T14:32:27","slug":"logistica-reefer_old","status":"publish","type":"page","link":"https:\/\/www.noatumlogistics.com\/es\/logistica-reefer_old\/","title":{"rendered":"Log\u00edstica reefer OLD"},"content":{"rendered":"<div class=\"wpb-content-wrapper\"><p>[vc_row center_row=&#8221;yes&#8221; bg_overlay=&#8221;yes&#8221; typo_style=&#8221;light&#8221; min_height=&#8221;150&#8243; el_class=&#8221;redgradientbgtranss&#8221; css=&#8221;.vc_custom_1594833426485{background-image: url(https:\/\/www.noatumlogistics.com\/wp-content\/uploads\/2020\/07\/carga-reefer-carnica2.jpg?id=15529) !important;background-position: center !important;background-repeat: no-repeat !important;background-size: cover !important;}&#8221;][vc_column]<div class=\"zozo-parallax-header\"><div class=\"parallax-header\"><h1 class=\"parallax-title text-left\" style=\"font-size:34px;\">Log\u00edstica para el sector Reefer<\/h1><div class=\"parallax-desc default-style text-left\"><p>Debido a las caracter\u00edsticas de la industria de productos perecederos, Noatum Logistics ha implementado una variedad de servicios especializados para tus productos y necesidades.<\/p>\n<\/div><\/div><\/div>[\/vc_column][\/vc_row][vc_row content_placement=&#8221;middle&#8221; center_row=&#8221;yes&#8221; el_class=&#8221;VinetasRed&#8221; css=&#8221;.vc_custom_1583258489155{background-image: url(https:\/\/www.noatumlogistics.com\/wp-content\/uploads\/2020\/02\/fondo-directorio-2.jpg?id=9849) !important;background-position: center !important;background-repeat: no-repeat !important;background-size: cover !important;}&#8221;][vc_column][vc_row_inner][vc_column_inner width=&#8221;2\/3&#8243; offset=&#8221;vc_col-xs-12&#8243;]<div class=\"zozo-parallax-header\"><div class=\"parallax-header\"><h2 class=\"parallax-title text-left\">Soluciones de temperatura controlada para la cadena de suministro<\/h2><div class=\"parallax-desc default-style text-left\"><p>Adem\u00e1s de ser partners de los principales operadores mundiales y ofrecer servicios globales, trabajamos manos a mano con tu equipo para garantizar que tu producto sea transportado y monitorizado para mantener sus caracter\u00edsticas intactas.<\/p>\n<p>Con m\u00e1s de 50 a\u00f1os de experiencia en la industria mar\u00edtima y como l\u00edderes en el mercado de productos perecederos, puede confiar en Noatum Logistics para gestionar cuidadosamente su negocio.<\/p>\n<\/div><\/div><\/div>[\/vc_column_inner][vc_column_inner width=&#8221;1\/3&#8243; offset=&#8221;vc_hidden-xs&#8221;][vc_single_image image=&#8221;13468&#8243; img_size=&#8221;320&#215;320&#8243; alignment=&#8221;right&#8221; style=&#8221;vc_box_shadow_border_circle&#8221;][\/vc_column_inner][\/vc_row_inner][\/vc_column][\/vc_row][vc_row center_row=&#8221;yes&#8221; el_class=&#8221;VinetasRed&#8221;][vc_column]<div class=\"zozo-parallax-header\"><div class=\"parallax-header\"><h2 class=\"parallax-title text-center\">Servicios espec\u00edficos de Reefer Logistics<\/h2><div class=\"parallax-desc default-style text-center\"><p>Garantizamos en todo momento los medios necesarios para la conservaci\u00f3n, manipulaci\u00f3n y distribuci\u00f3n especial que el producto requiere, cumpliendo con los m\u00e1s exigentes est\u00e1ndares de calidad y servicio.<\/p>\n<\/div><\/div><\/div>[vc_row_inner][vc_column_inner width=&#8221;1\/2&#8243;][vc_column_text]<\/p>\n<ul>\n<li>Cobertura global, servicios mar\u00edtimos, a\u00e9reos y terrestres con temperatura controlada.<\/li>\n<li>Fletes en contenedores reefer, especialidad en carne, pescado y fruta.<\/li>\n<li>Transporte mar\u00edtimo en buques reefer<\/li>\n<li>Contrato de fletamiento.<\/li>\n<li>Seguimiento de carga.<\/li>\n<li>Cross booking.<\/li>\n<li>Soluciones integrales para control de la cadena de fr\u00edo.<\/li>\n<li>Terminales frigor\u00edficas con capacidad para manipular, almacenar y controlar productos perecederos a temperatura controlada.<\/li>\n<li>Agencia de aduana propia para la presentaci\u00f3n de despachos de productos alimenticios perecederos (frutas, verduras, carne, pescado y bebidas), incluido el tr\u00e1mite de todos los servicios de aduanas en los puntos de inspecci\u00f3n en las fronteras (fitosanitarios, sanitarios y veterinarios).<\/li>\n<\/ul>\n<p>[\/vc_column_text][\/vc_column_inner][vc_column_inner width=&#8221;1\/2&#8243;][vc_column_text]<\/p>\n<ul>\n<li>Agencias en destino \/ origen para agilizar los tr\u00e1mites.<\/li>\n<li>Grupaje de mercanc\u00edas.<\/li>\n<li>Trasbordo cami\u00f3n\/contenedor directo a c\u00e1mara.<\/li>\n<li>Centros de distribuci\u00f3n.<\/li>\n<li>Etiquetado y clasificaci\u00f3n.<\/li>\n<li>Carga congelada y carga refrigerada.<\/li>\n<li>Tratamiento fr\u00edo.<\/li>\n<li>Atm\u00f3sfera controlada.<\/li>\n<li>Hielo seco, packaging y envases ambientales.<\/li>\n<li>Deshumidificaci\u00f3n y verificaci\u00f3n de ventilaci\u00f3n.<\/li>\n<li>Almacenes fr\u00edos.<\/li>\n<li>Drayage y servicios LTL y FTL.<\/li>\n<\/ul>\n<p>[\/vc_column_text][\/vc_column_inner][\/vc_row_inner][\/vc_column][\/vc_row][vc_row center_row=&#8221;yes&#8221; bg_overlay=&#8221;yes&#8221; bg_overlay_style=&#8221;overlay-primary&#8221; typo_style=&#8221;light&#8221; el_class=&#8221;redgradientbgtrans&#8221; css=&#8221;.vc_custom_1594833439359{background-image: url(https:\/\/www.noatumlogistics.com\/wp-content\/uploads\/2020\/07\/carga-reefer-carnica2.jpg?id=15529) !important;background-position: center !important;background-repeat: no-repeat !important;background-size: cover !important;}&#8221; el_id=&#8221;why&#8221;][vc_column]<div class=\"zozo-parallax-header\"><div class=\"parallax-header\"><h2 class=\"parallax-title text-center\">Por qu\u00e9 elegir las soluciones de Noatum Logistics para Reefer<\/h2><div class=\"parallax-desc default-style text-center\"><p>Noatum Logistics ofrece soluciones integrales adaptadas a las necesidades de nuestros clientes, siempre enfocadas en la innovaci\u00f3n, la calidad, la seguridad y el ahorro de costes.<\/p>\n<\/div><\/div><\/div>[vc_row_inner css=&#8221;.vc_custom_1586269816158{margin-top: 40px !important;}&#8221;][vc_column_inner width=&#8221;1\/3&#8243;][vc_column_text el_class=&#8221;text-center boxwhy&#8221;]<img decoding=\"async\" src=\"\/wp-content\/uploads\/2020\/04\/expertise.png\" \/><\/p>\n<h4 class=\"parallax-title text-center\">EXPERIENCIA<\/h4>\n<p>Experiencia multidisciplinar con plena capacidad para responder espec\u00edficamente a cada una de las necesidades log\u00edsticas existentes en la industria perecedera.[\/vc_column_text][\/vc_column_inner][vc_column_inner width=&#8221;1\/3&#8243;][vc_column_text el_class=&#8221;text-center boxwhy&#8221;]<img decoding=\"async\" src=\"\/wp-content\/uploads\/2020\/04\/quality-e1586381059892.png\" \/><\/p>\n<h4 class=\"parallax-title text-center\">CALIDAD<\/h4>\n<p>Noatum Logistics ofrece un servicio de m\u00e1xima calidad, aunando para ello una gran variedad de profesionales especializados que completan toda la cadena log\u00edstica.[\/vc_column_text][\/vc_column_inner][vc_column_inner width=&#8221;1\/3&#8243;][vc_column_text el_class=&#8221;text-center boxwhy&#8221;]<img decoding=\"async\" src=\"\/wp-content\/uploads\/2020\/04\/add-value.svg\" \/><\/p>\n<h4 class=\"parallax-title text-center\">EFICIENCIA<\/h4>\n<p>Podemos reducir los costes de operaci\u00f3n y ofrecer la m\u00e1xima eficacia, as\u00ed como los mejores medios y soluciones en la industria.[\/vc_column_text][\/vc_column_inner][\/vc_row_inner][\/vc_column][\/vc_row][vc_row center_row=&#8221;yes&#8221; el_id=&#8221;contactform&#8221; css=&#8221;.vc_custom_1588770654277{background-color: #f7f7f7 !important;}&#8221;][vc_column][vc_single_image image=&#8221;15335&#8243; img_size=&#8221;&#8221; alignment=&#8221;center&#8221; el_class=&#8221;imgsep&#8221;][vc_column_text]<\/p>\n<p style=\"text-align: center;\"><span style=\"color: #aa272f; font-size: 28px;\">Please contact us for more information<\/span><\/p>\n<p>[\/vc_column_text][vc_column_text]\n<div class=\"wpcf7 no-js\" id=\"wpcf7-f13635-o1\" lang=\"es-ES\" dir=\"ltr\" data-wpcf7-id=\"13635\">\n<div class=\"screen-reader-response\"><p role=\"status\" aria-live=\"polite\" aria-atomic=\"true\"><\/p> <ul><\/ul><\/div>\n<form action=\"\/es\/wp-json\/wp\/v2\/pages\/13466#wpcf7-f13635-o1\" method=\"post\" class=\"wpcf7-form init wpcf7-acceptance-as-validation\" aria-label=\"Formulario de contacto\" novalidate=\"novalidate\" data-status=\"init\">\n<fieldset class=\"hidden-fields-container\"><input type=\"hidden\" name=\"_wpcf7\" value=\"13635\" \/><input type=\"hidden\" name=\"_wpcf7_version\" value=\"6.1.5\" \/><input type=\"hidden\" name=\"_wpcf7_locale\" value=\"es_ES\" \/><input type=\"hidden\" name=\"_wpcf7_unit_tag\" value=\"wpcf7-f13635-o1\" \/><input type=\"hidden\" name=\"_wpcf7_container_post\" value=\"0\" \/><input type=\"hidden\" name=\"_wpcf7_posted_data_hash\" value=\"\" \/><input type=\"hidden\" name=\"_wpcf7dtx_version\" value=\"5.0.5\" \/><input type=\"hidden\" name=\"_wpcf7_recaptcha_response\" value=\"\" \/>\n<\/fieldset>\n<div class=\"row\">\n\t<div class=\"col-md-12\">\n\t<div class=\"wpcf7-response-output\" aria-hidden=\"true\"><\/div>\n\t<\/div>\n<\/div>\n<p style=\"font-size: 12px; font-weight:400; \">Todos los campos son obligatorios.\n<\/p>\n<div class=\"row\">\n\t<div class=\"col-md-6\">\n\t\t<p><span class=\"wpcf7-form-control-wrap\" data-name=\"tu-nombre\"><input size=\"40\" maxlength=\"400\" class=\"wpcf7-form-control wpcf7-text wpcf7-validates-as-required\" aria-required=\"true\" aria-invalid=\"false\" placeholder=\"Nombre\" value=\"\" type=\"text\" name=\"tu-nombre\" \/><\/span>\n\t\t<\/p>\n\t\t<p><span class=\"wpcf7-form-control-wrap\" data-name=\"tu-Empresa\"><input size=\"40\" maxlength=\"400\" class=\"wpcf7-form-control wpcf7-text wpcf7-validates-as-required\" aria-required=\"true\" aria-invalid=\"false\" placeholder=\"Empresa\" value=\"\" type=\"text\" name=\"tu-Empresa\" \/><\/span>\n\t\t<\/p>\n\t\t<p><span class=\"wpcf7-form-control-wrap\" data-name=\"tel-564\"><input size=\"40\" maxlength=\"400\" class=\"wpcf7-form-control wpcf7-tel wpcf7-validates-as-required wpcf7-text wpcf7-validates-as-tel\" aria-required=\"true\" aria-invalid=\"false\" placeholder=\"Tel\u00e9fono\" value=\"\" type=\"tel\" name=\"tel-564\" \/><\/span>\n\t\t<\/p>\n\t<\/div>\n\t<div class=\"col-md-6\">\n\t\t<p><span class=\"wpcf7-form-control-wrap\" data-name=\"tu-email\"><input size=\"40\" maxlength=\"400\" class=\"wpcf7-form-control wpcf7-email wpcf7-validates-as-required wpcf7-text wpcf7-validates-as-email\" aria-required=\"true\" aria-invalid=\"false\" placeholder=\"Email\" value=\"\" type=\"email\" name=\"tu-email\" \/><\/span>\n\t\t<\/p>\n\t<span class=\"wpcf7-form-control-wrap recipient-email\" data-name=\"recipient-email\"><input type=\"hidden\" name=\"recipient-email\" class=\"wpcf7-form-control wpcf7-hidden wpcf7dtx wpcf7dtx-hidden\" aria-invalid=\"false\" value=\"&#097;&#099;&#105;&#100;&#111;&#110;&#064;&#110;&#111;&#097;&#116;&#117;&#109;&#108;&#111;&#103;&#105;&#115;&#116;&#105;&#099;&#115;&#046;&#099;&#111;&#109;\"><\/span>\n\t\t<p><span class=\"wpcf7-form-control-wrap\" data-name=\"your-message\"><textarea cols=\"40\" rows=\"10\" maxlength=\"2000\" class=\"wpcf7-form-control wpcf7-textarea\" aria-invalid=\"false\" placeholder=\"Mensaje\" name=\"your-message\"><\/textarea><\/span>\n\t\t<\/p>\n\t<\/div>\n<\/div>\n<div class=\"row\">\n\t<div class=\"col-md-12 legalnotice\">\n\t\t<p style=\"font-weight: 300;font-size: 12px;line-height: 1.5em;margin-top: 10px;\">Noatum Holdings S.L.U., con domicilio en la Avenida de Italia n\u00ba2 (CTC), de Coslada (Madrid, Espa\u00f1a), utiliza con su consentimiento los datos personales consignados para responder a su solicitud, envi\u00e1ndolos a la empresa del grupo Noatum m\u00e1s indicada para ello. No se conservar\u00e1n m\u00e1s all\u00e1 del tiempo necesario para responderle. Si acepta la recepci\u00f3n de publicidad de nuestros servicios marcando la casilla correspondiente los conservaremos en tanto no manifieste su voluntad en contrario.\n\t\t<\/p>\n\t\t<p style=\"font-weight: 300;font-size: 12px;line-height: 1.5em; margin-top: 5px;\">Puede contactar con el delegado de protecci\u00f3n de datos en (<a href=\"mailto:dpo@noatum.com\">dpo@noatum.com<\/a>). Si considera que sus derechos han sido vulnerados, puede interponer una reclamaci\u00f3n ante la Agencia Espa\u00f1ola de Protecci\u00f3n de Datos. Si lo desea, puede retirar su consentimiento y ejercer los derechos de acceso, rectificaci\u00f3n, supresi\u00f3n, oposici\u00f3n y limitaci\u00f3n en cualquier momento dirigi\u00e9ndose al correo (<a href=\"mailto:dpo@noatum.com\">dpo@noatum.com<\/a>).\n\t\t<\/p>\n\t<\/div>\n<\/div>\n<div class=\"row\" style=\"margin-top: 10px; margin-bottom: 15px;\">\n\t<div class=\"col-md-12\">\n\t\t<p><span class=\"wpcf7-form-control-wrap\" data-name=\"acceptance-182\"><span class=\"wpcf7-form-control wpcf7-acceptance\"><span class=\"wpcf7-list-item\"><label><input type=\"checkbox\" name=\"acceptance-182\" value=\"1\" aria-invalid=\"false\" \/><span class=\"wpcf7-list-item-label\">Acepto la recepci\u00f3n de publicidad de los servicios del grupo Noatum en mi direcci\u00f3n de correo electr\u00f3nico.<\/span><\/label><\/span><\/span><\/span>\n\t\t<\/p>\n\t<\/div>\n<\/div>\n<div class=\"row\">\n\t<div class=\"col-md-12\">\n\t\t<p><input class=\"wpcf7-form-control wpcf7-submit has-spinner\" type=\"submit\" value=\"Enviar\" \/>\n\t\t<\/p>\n\t<\/div>\n<\/div>\n<\/form>\n<\/div>\n[\/vc_column_text][\/vc_column][\/vc_row]<\/p>\n<\/div>","protected":false},"excerpt":{"rendered":"<p>[vc_row center_row=&#8221;yes&#8221; bg_overlay=&#8221;yes&#8221; typo_style=&#8221;light&#8221; min_height=&#8221;150&#8243; el_class=&#8221;redgradientbgtranss&#8221; css=&#8221;.vc_custom_1594833426485{background-image: url(https:\/\/www.noatumlogistics.com\/wp-content\/uploads\/2020\/07\/carga-reefer-carnica2.jpg?id=15529) !important;background-position: center !important;background-repeat: no-repeat !important;background-size: cover !important;}&#8221;][vc_column][\/vc_column][\/vc_row][vc_row content_placement=&#8221;middle&#8221; center_row=&#8221;yes&#8221; el_class=&#8221;VinetasRed&#8221; css=&#8221;.vc_custom_1583258489155{background-image: url(https:\/\/www.noatumlogistics.com\/wp-content\/uploads\/2020\/02\/fondo-directorio-2.jpg?id=9849) !important;background-position: center !important;background-repeat: no-repeat !important;background-size: cover !important;}&#8221;][vc_column][vc_row_inner][vc_column_inner width=&#8221;2\/3&#8243; offset=&#8221;vc_col-xs-12&#8243;][\/vc_column_inner][vc_column_inner width=&#8221;1\/3&#8243;&#8230;<\/p>\n","protected":false},"author":9,"featured_media":15528,"parent":0,"menu_order":0,"comment_status":"closed","ping_status":"closed","template":"template-fullwidth.php","meta":{"footnotes":""},"class_list":["post-13466","page","type-page","status-publish","has-post-thumbnail","hentry"],"yoast_head":"<!-- This site is optimized with the Yoast SEO plugin v27.3 - https:\/\/yoast.com\/product\/yoast-seo-wordpress\/ -->\n<title>Soluciones de log\u00edstica para carga reefer | Noatum Logistics<\/title>\n<meta name=\"description\" content=\"Servicios espec\u00edficos para el suministro de productos de carga reefer, con control de temperatura y los m\u00e1s altos est\u00e1ndares de calidad\" \/>\n<meta name=\"robots\" content=\"index, follow, max-snippet:-1, max-image-preview:large, max-video-preview:-1\" \/>\n<link rel=\"canonical\" href=\"https:\/\/www.noatumlogistics.com\/es\/logistica-reefer_old\/\" \/>\n<meta property=\"og:locale\" content=\"es_ES\" \/>\n<meta property=\"og:type\" content=\"article\" \/>\n<meta property=\"og:title\" content=\"Soluciones de log\u00edstica para carga reefer | Noatum Logistics\" \/>\n<meta property=\"og:description\" content=\"Servicios espec\u00edficos para el suministro de productos de carga reefer, con control de temperatura y los m\u00e1s altos est\u00e1ndares de calidad\" \/>\n<meta property=\"og:url\" content=\"https:\/\/www.noatumlogistics.com\/es\/logistica-reefer_old\/\" \/>\n<meta property=\"og:site_name\" content=\"Global\" \/>\n<meta property=\"article:modified_time\" content=\"2024-11-01T14:32:27+00:00\" \/>\n<meta property=\"og:image\" content=\"https:\/\/www.noatumlogistics.com\/wp-content\/uploads\/2020\/07\/carga-reefer-carnica2.jpg\" \/>\n\t<meta property=\"og:image:width\" content=\"1670\" \/>\n\t<meta property=\"og:image:height\" content=\"1113\" \/>\n\t<meta property=\"og:image:type\" content=\"image\/jpeg\" \/>\n<meta name=\"twitter:card\" content=\"summary_large_image\" \/>\n<meta name=\"twitter:image\" content=\"https:\/\/www.noatumlogistics.com\/wp-content\/uploads\/2020\/07\/carga-reefer-carnica2.jpg\" \/>\n<meta name=\"twitter:label1\" content=\"Tiempo de lectura\" \/>\n\t<meta name=\"twitter:data1\" content=\"3 minutos\" \/>\n<script type=\"application\/ld+json\" class=\"yoast-schema-graph\">{\"@context\":\"https:\\\/\\\/schema.org\",\"@graph\":[{\"@type\":\"WebPage\",\"@id\":\"https:\\\/\\\/www.noatumlogistics.com\\\/es\\\/logistica-reefer_old\\\/\",\"url\":\"https:\\\/\\\/www.noatumlogistics.com\\\/es\\\/logistica-reefer_old\\\/\",\"name\":\"Soluciones de log\u00edstica para carga reefer | Noatum Logistics\",\"isPartOf\":{\"@id\":\"https:\\\/\\\/www.noatumlogistics.com\\\/es\\\/#website\"},\"primaryImageOfPage\":{\"@id\":\"https:\\\/\\\/www.noatumlogistics.com\\\/es\\\/logistica-reefer_old\\\/#primaryimage\"},\"image\":{\"@id\":\"https:\\\/\\\/www.noatumlogistics.com\\\/es\\\/logistica-reefer_old\\\/#primaryimage\"},\"thumbnailUrl\":\"https:\\\/\\\/www.noatumlogistics.com\\\/wp-content\\\/uploads\\\/2020\\\/07\\\/carga-reefer-carnica2.jpg\",\"datePublished\":\"2020-04-15T17:43:34+00:00\",\"dateModified\":\"2024-11-01T14:32:27+00:00\",\"description\":\"Servicios espec\u00edficos para el suministro de productos de carga reefer, con control de temperatura y los m\u00e1s altos est\u00e1ndares de calidad\",\"breadcrumb\":{\"@id\":\"https:\\\/\\\/www.noatumlogistics.com\\\/es\\\/logistica-reefer_old\\\/#breadcrumb\"},\"inLanguage\":\"es\",\"potentialAction\":[{\"@type\":\"ReadAction\",\"target\":[\"https:\\\/\\\/www.noatumlogistics.com\\\/es\\\/logistica-reefer_old\\\/\"]}]},{\"@type\":\"ImageObject\",\"inLanguage\":\"es\",\"@id\":\"https:\\\/\\\/www.noatumlogistics.com\\\/es\\\/logistica-reefer_old\\\/#primaryimage\",\"url\":\"https:\\\/\\\/www.noatumlogistics.com\\\/wp-content\\\/uploads\\\/2020\\\/07\\\/carga-reefer-carnica2.jpg\",\"contentUrl\":\"https:\\\/\\\/www.noatumlogistics.com\\\/wp-content\\\/uploads\\\/2020\\\/07\\\/carga-reefer-carnica2.jpg\",\"width\":1670,\"height\":1113,\"caption\":\"Carga reefer\"},{\"@type\":\"BreadcrumbList\",\"@id\":\"https:\\\/\\\/www.noatumlogistics.com\\\/es\\\/logistica-reefer_old\\\/#breadcrumb\",\"itemListElement\":[{\"@type\":\"ListItem\",\"position\":1,\"name\":\"Home\",\"item\":\"https:\\\/\\\/www.noatumlogistics.com\\\/es\\\/\"},{\"@type\":\"ListItem\",\"position\":2,\"name\":\"Log\u00edstica reefer OLD\"}]},{\"@type\":\"WebSite\",\"@id\":\"https:\\\/\\\/www.noatumlogistics.com\\\/es\\\/#website\",\"url\":\"https:\\\/\\\/www.noatumlogistics.com\\\/es\\\/\",\"name\":\"Global\",\"description\":\"Excelencia en servicios log\u00edsticos\",\"potentialAction\":[{\"@type\":\"SearchAction\",\"target\":{\"@type\":\"EntryPoint\",\"urlTemplate\":\"https:\\\/\\\/www.noatumlogistics.com\\\/es\\\/?s={search_term_string}\"},\"query-input\":{\"@type\":\"PropertyValueSpecification\",\"valueRequired\":true,\"valueName\":\"search_term_string\"}}],\"inLanguage\":\"es\"}]}<\/script>\n<!-- \/ Yoast SEO plugin. -->","yoast_head_json":{"title":"Soluciones de log\u00edstica para carga reefer | Noatum Logistics","description":"Servicios espec\u00edficos para el suministro de productos de carga reefer, con control de temperatura y los m\u00e1s altos est\u00e1ndares de calidad","robots":{"index":"index","follow":"follow","max-snippet":"max-snippet:-1","max-image-preview":"max-image-preview:large","max-video-preview":"max-video-preview:-1"},"canonical":"https:\/\/www.noatumlogistics.com\/es\/logistica-reefer_old\/","og_locale":"es_ES","og_type":"article","og_title":"Soluciones de log\u00edstica para carga reefer | Noatum Logistics","og_description":"Servicios espec\u00edficos para el suministro de productos de carga reefer, con control de temperatura y los m\u00e1s altos est\u00e1ndares de calidad","og_url":"https:\/\/www.noatumlogistics.com\/es\/logistica-reefer_old\/","og_site_name":"Global","article_modified_time":"2024-11-01T14:32:27+00:00","og_image":[{"width":1670,"height":1113,"url":"https:\/\/www.noatumlogistics.com\/wp-content\/uploads\/2020\/07\/carga-reefer-carnica2.jpg","type":"image\/jpeg"}],"twitter_card":"summary_large_image","twitter_image":"https:\/\/www.noatumlogistics.com\/wp-content\/uploads\/2020\/07\/carga-reefer-carnica2.jpg","twitter_misc":{"Tiempo de lectura":"3 minutos"},"schema":{"@context":"https:\/\/schema.org","@graph":[{"@type":"WebPage","@id":"https:\/\/www.noatumlogistics.com\/es\/logistica-reefer_old\/","url":"https:\/\/www.noatumlogistics.com\/es\/logistica-reefer_old\/","name":"Soluciones de log\u00edstica para carga reefer | Noatum Logistics","isPartOf":{"@id":"https:\/\/www.noatumlogistics.com\/es\/#website"},"primaryImageOfPage":{"@id":"https:\/\/www.noatumlogistics.com\/es\/logistica-reefer_old\/#primaryimage"},"image":{"@id":"https:\/\/www.noatumlogistics.com\/es\/logistica-reefer_old\/#primaryimage"},"thumbnailUrl":"https:\/\/www.noatumlogistics.com\/wp-content\/uploads\/2020\/07\/carga-reefer-carnica2.jpg","datePublished":"2020-04-15T17:43:34+00:00","dateModified":"2024-11-01T14:32:27+00:00","description":"Servicios espec\u00edficos para el suministro de productos de carga reefer, con control de temperatura y los m\u00e1s altos est\u00e1ndares de calidad","breadcrumb":{"@id":"https:\/\/www.noatumlogistics.com\/es\/logistica-reefer_old\/#breadcrumb"},"inLanguage":"es","potentialAction":[{"@type":"ReadAction","target":["https:\/\/www.noatumlogistics.com\/es\/logistica-reefer_old\/"]}]},{"@type":"ImageObject","inLanguage":"es","@id":"https:\/\/www.noatumlogistics.com\/es\/logistica-reefer_old\/#primaryimage","url":"https:\/\/www.noatumlogistics.com\/wp-content\/uploads\/2020\/07\/carga-reefer-carnica2.jpg","contentUrl":"https:\/\/www.noatumlogistics.com\/wp-content\/uploads\/2020\/07\/carga-reefer-carnica2.jpg","width":1670,"height":1113,"caption":"Carga reefer"},{"@type":"BreadcrumbList","@id":"https:\/\/www.noatumlogistics.com\/es\/logistica-reefer_old\/#breadcrumb","itemListElement":[{"@type":"ListItem","position":1,"name":"Home","item":"https:\/\/www.noatumlogistics.com\/es\/"},{"@type":"ListItem","position":2,"name":"Log\u00edstica reefer OLD"}]},{"@type":"WebSite","@id":"https:\/\/www.noatumlogistics.com\/es\/#website","url":"https:\/\/www.noatumlogistics.com\/es\/","name":"Global","description":"Excelencia en servicios log\u00edsticos","potentialAction":[{"@type":"SearchAction","target":{"@type":"EntryPoint","urlTemplate":"https:\/\/www.noatumlogistics.com\/es\/?s={search_term_string}"},"query-input":{"@type":"PropertyValueSpecification","valueRequired":true,"valueName":"search_term_string"}}],"inLanguage":"es"}]}},"_links":{"self":[{"href":"https:\/\/www.noatumlogistics.com\/es\/wp-json\/wp\/v2\/pages\/13466","targetHints":{"allow":["GET"]}}],"collection":[{"href":"https:\/\/www.noatumlogistics.com\/es\/wp-json\/wp\/v2\/pages"}],"about":[{"href":"https:\/\/www.noatumlogistics.com\/es\/wp-json\/wp\/v2\/types\/page"}],"author":[{"embeddable":true,"href":"https:\/\/www.noatumlogistics.com\/es\/wp-json\/wp\/v2\/users\/9"}],"replies":[{"embeddable":true,"href":"https:\/\/www.noatumlogistics.com\/es\/wp-json\/wp\/v2\/comments?post=13466"}],"version-history":[{"count":16,"href":"https:\/\/www.noatumlogistics.com\/es\/wp-json\/wp\/v2\/pages\/13466\/revisions"}],"predecessor-version":[{"id":20681,"href":"https:\/\/www.noatumlogistics.com\/es\/wp-json\/wp\/v2\/pages\/13466\/revisions\/20681"}],"wp:featuredmedia":[{"embeddable":true,"href":"https:\/\/www.noatumlogistics.com\/es\/wp-json\/wp\/v2\/media\/15528"}],"wp:attachment":[{"href":"https:\/\/www.noatumlogistics.com\/es\/wp-json\/wp\/v2\/media?parent=13466"}],"curies":[{"name":"wp","href":"https:\/\/api.w.org\/{rel}","templated":true}]}}