{"id":4462,"date":"2023-02-24T09:47:23","date_gmt":"2023-02-24T07:47:23","guid":{"rendered":"https:\/\/www.noatumlogistics.com\/ecommerce-solutions\/?page_id=4462"},"modified":"2023-03-16T10:42:04","modified_gmt":"2023-03-16T08:42:04","slug":"los-retos-tecnologicos-de-la-logistica-para-ecommerce","status":"publish","type":"page","link":"https:\/\/www.noatumlogistics.com\/ecommerce-solutions\/es\/los-retos-tecnologicos-de-la-logistica-para-ecommerce\/","title":{"rendered":"Los retos tecnol\u00f3gicos de la log\u00edstica para eCommerce"},"content":{"rendered":"\n<div class=\"wp-block-group full-width full-width-responsive\"><div class=\"wp-block-group__inner-container is-layout-flow wp-block-group-is-layout-flow\">\n<figure class=\"wp-block-image size-full is-resized background-image\"><img loading=\"lazy\" decoding=\"async\" src=\"https:\/\/www.noatumlogistics.com\/ecommerce-solutions\/wp-content\/uploads\/2023\/02\/background-landing-scaled.jpg\" alt=\"\" class=\"wp-image-4498\" width=\"730\" height=\"264\" srcset=\"https:\/\/www.noatumlogistics.com\/ecommerce-solutions\/wp-content\/uploads\/2023\/02\/background-landing-scaled.jpg 2560w, https:\/\/www.noatumlogistics.com\/ecommerce-solutions\/wp-content\/uploads\/2023\/02\/background-landing-300x109.jpg 300w, https:\/\/www.noatumlogistics.com\/ecommerce-solutions\/wp-content\/uploads\/2023\/02\/background-landing-1024x371.jpg 1024w, https:\/\/www.noatumlogistics.com\/ecommerce-solutions\/wp-content\/uploads\/2023\/02\/background-landing-768x278.jpg 768w, https:\/\/www.noatumlogistics.com\/ecommerce-solutions\/wp-content\/uploads\/2023\/02\/background-landing-1536x556.jpg 1536w, https:\/\/www.noatumlogistics.com\/ecommerce-solutions\/wp-content\/uploads\/2023\/02\/background-landing-2048x741.jpg 2048w\" sizes=\"auto, (max-width: 730px) 100vw, 730px\" \/><\/figure>\n\n\n\n<div class=\"wp-block-columns max-width-wide desktop is-layout-flex wp-container-core-columns-is-layout-9d6595d7 wp-block-columns-is-layout-flex\">\n<div class=\"wp-block-column is-layout-flow wp-block-column-is-layout-flow\" style=\"flex-basis:55%\"><\/div>\n\n\n\n<div class=\"wp-block-column barra-lateral-wrapper is-layout-flow wp-block-column-is-layout-flow\">\n<div class=\"wp-block-group barra-lateral\"><div class=\"wp-block-group__inner-container is-layout-flow wp-block-group-is-layout-flow\">\n<p class=\"has-text-align-center no-margin-top has-medium-font-size\"><strong>16 de Marzo de 2023<\/strong><\/p>\n\n\n\n<p class=\"has-text-align-center\">De 18.30 h a 21.00 h<\/p>\n\n\n\n<p class=\"has-text-align-center with-icon link-blue\"><a href=\"https:\/\/www.google.es\/maps\/place\/La+Nave\/@40.3475973,-3.7004818,17z\/data=!4m14!1m7!3m6!1s0xd4226dc6a64c46b:0x23e1b239d4aea935!2sLa+Nave!8m2!3d40.3475974!4d-3.6959971!16s%2Fg%2F11bz0mzwm7!3m5!1s0xd4226dc6a64c46b:0x23e1b239d4aea935!8m2!3d40.3475974!4d-3.6959971!16s%2Fg%2F11bz0mzwm7?hl=es\" target=\"_blank\" rel=\"noreferrer noopener\"><img loading=\"lazy\" decoding=\"async\" width=\"14\" height=\"17\" class=\"wp-image-4525\" style=\"width: 14px;\" src=\"https:\/\/www.noatumlogistics.com\/ecommerce-solutions\/wp-content\/uploads\/2023\/02\/Group-106.png\" alt=\"\"> Madrid | La Nave<\/a><\/p>\n\n\n\n<p class=\"has-text-align-center has-text-color has-large-font-size\" style=\"color:#b9262d\"><strong>Inscripciones cerradas<\/strong><\/p>\n<\/div><\/div>\n<\/div>\n<\/div>\n\n\n\n<div class=\"wp-block-columns max-width-wide padding-sides is-layout-flex wp-container-core-columns-is-layout-9d6595d7 wp-block-columns-is-layout-flex\">\n<div class=\"wp-block-column is-layout-flow wp-block-column-is-layout-flow\">\n<div style=\"height:80px\" aria-hidden=\"true\" class=\"wp-block-spacer mobile\"><\/div>\n\n\n\n<div style=\"height:140px\" aria-hidden=\"true\" class=\"wp-block-spacer desktop\"><\/div>\n\n\n\n<p class=\"has-text-color\" style=\"color:#cfd9e7\"><strong>#eSolutionsMeetings<\/strong><\/p>\n\n\n\n<h1 class=\"has-white-color has-text-color wp-block-heading\">Los retos tecnol\u00f3gicos de la log\u00edstica para eCommerce<\/h1>\n\n\n\n<p class=\"has-text-align-center has-white-color has-vivid-red-background-color has-text-color has-background\">Evento presencial en Madrid (no disponible online)<\/p>\n\n\n\n<div style=\"height:10px\" aria-hidden=\"true\" class=\"wp-block-spacer\"><\/div>\n\n\n\n<p class=\"has-white-color has-text-color\">El auge de las compras online ha sido un desaf\u00edo para las eCommerce y Startups, que han visto c\u00f3mo han tenido que acelerar el crecimiento de la parte log\u00edstica de su negocio sin repercutir en la experiencia de compra de los consumidores.<\/p>\n\n\n\n<div style=\"height:40px\" aria-hidden=\"true\" class=\"wp-block-spacer\"><\/div>\n<\/div>\n\n\n\n<div class=\"wp-block-column is-layout-flow wp-block-column-is-layout-flow\"><\/div>\n<\/div>\n\n\n\n<div class=\"wp-block-columns max-width-wide mobile is-layout-flex wp-container-core-columns-is-layout-9d6595d7 wp-block-columns-is-layout-flex\">\n<div class=\"wp-block-column is-layout-flow wp-block-column-is-layout-flow\" style=\"flex-basis:55%\"><\/div>\n\n\n\n<div class=\"wp-block-column barra-lateral-wrapper is-layout-flow wp-block-column-is-layout-flow\">\n<div class=\"wp-block-group barra-lateral\"><div class=\"wp-block-group__inner-container is-layout-flow wp-block-group-is-layout-flow\">\n<p class=\"has-text-align-center no-margin-top has-medium-font-size\"><strong>16 de Marzo de 2023<\/strong><\/p>\n\n\n\n<p class=\"has-text-align-center\">De 18.30 h a 21.00 h<\/p>\n\n\n\n<p class=\"has-text-align-center with-icon has-small-font-size\"><img loading=\"lazy\" decoding=\"async\" width=\"14\" height=\"17\" class=\"wp-image-4525\" style=\"width: 14px;\" src=\"https:\/\/www.noatumlogistics.com\/ecommerce-solutions\/wp-content\/uploads\/2023\/02\/Group-106.png\" alt=\"\"> Madrid | La Nave<\/p>\n\n\n\n<p class=\"has-text-align-center has-text-color has-large-font-size\" style=\"color:#b9262d\"><strong>\u00a1Ap\u00fantate ahora!<\/strong><\/p>\n\n\n\n<div class=\"wpcf7 no-js\" id=\"wpcf7-f4474-o1\" lang=\"es-ES\" dir=\"ltr\" data-wpcf7-id=\"4474\">\n<div class=\"screen-reader-response\"><p role=\"status\" aria-live=\"polite\" aria-atomic=\"true\"><\/p> <ul><\/ul><\/div>\n<form action=\"\/ecommerce-solutions\/es\/wp-json\/wp\/v2\/pages\/4462#wpcf7-f4474-o1\" method=\"post\" class=\"wpcf7-form init\" aria-label=\"Formulario de contacto\" novalidate=\"novalidate\" data-status=\"init\">\n<fieldset class=\"hidden-fields-container\"><input type=\"hidden\" name=\"_wpcf7\" value=\"4474\" \/><input type=\"hidden\" name=\"_wpcf7_version\" value=\"6.1.4\" \/><input type=\"hidden\" name=\"_wpcf7_locale\" value=\"es_ES\" \/><input type=\"hidden\" name=\"_wpcf7_unit_tag\" value=\"wpcf7-f4474-o1\" \/><input type=\"hidden\" name=\"_wpcf7_container_post\" value=\"0\" \/><input type=\"hidden\" name=\"_wpcf7_posted_data_hash\" value=\"\" \/><input type=\"hidden\" name=\"csrf_token\" value=\"29610d232192d5ef31b21bc0253e82be81ab3a31550adef0067ebc6e27eba3c2\" \/><input type=\"hidden\" name=\"_wpcf7_recaptcha_response\" value=\"\" \/>\n<\/fieldset>\n<p><label> Nombre*<br \/>\n<span class=\"wpcf7-form-control-wrap\" data-name=\"your-nombre\"><input size=\"40\" maxlength=\"400\" class=\"wpcf7-form-control wpcf7-text wpcf7-validates-as-required\" autocomplete=\"name\" aria-required=\"true\" aria-invalid=\"false\" value=\"\" type=\"text\" name=\"your-nombre\" \/><\/span> <\/label>\n<\/p>\n<p><label> Apellido*<br \/>\n<span class=\"wpcf7-form-control-wrap\" data-name=\"your-apellido\"><input size=\"40\" maxlength=\"400\" class=\"wpcf7-form-control wpcf7-text wpcf7-validates-as-required\" autocomplete=\"surname\" aria-required=\"true\" aria-invalid=\"false\" value=\"\" type=\"text\" name=\"your-apellido\" \/><\/span> <\/label>\n<\/p>\n<p><label> Empresa*<br \/>\n<span class=\"wpcf7-form-control-wrap\" data-name=\"your-empresa\"><input size=\"40\" maxlength=\"400\" class=\"wpcf7-form-control wpcf7-text wpcf7-validates-as-required\" autocomplete=\"company\" aria-required=\"true\" aria-invalid=\"false\" value=\"\" type=\"text\" name=\"your-empresa\" \/><\/span> <\/label>\n<\/p>\n<p><label> Cargo*<br \/>\n<span class=\"wpcf7-form-control-wrap\" data-name=\"your-cargo\"><input size=\"40\" maxlength=\"400\" class=\"wpcf7-form-control wpcf7-text wpcf7-validates-as-required\" autocomplete=\"role\" aria-required=\"true\" aria-invalid=\"false\" value=\"\" type=\"text\" name=\"your-cargo\" \/><\/span> <\/label>\n<\/p>\n<p><label> Email*<br \/>\n<span class=\"wpcf7-form-control-wrap\" data-name=\"your-email\"><input size=\"40\" maxlength=\"400\" class=\"wpcf7-form-control wpcf7-email wpcf7-validates-as-required wpcf7-text wpcf7-validates-as-email\" autocomplete=\"email\" aria-required=\"true\" aria-invalid=\"false\" value=\"\" type=\"email\" name=\"your-email\" \/><\/span> <\/label>\n<\/p>\n<p><label> Tel\u00e9fono*<br \/>\n<span class=\"wpcf7-form-control-wrap\" data-name=\"your-telefono\"><input size=\"40\" maxlength=\"400\" class=\"wpcf7-form-control wpcf7-text wpcf7-validates-as-required\" aria-required=\"true\" aria-invalid=\"false\" value=\"\" type=\"text\" name=\"your-telefono\" \/><\/span> <\/label>\n<\/p>\n<p><label> Matr\u00edcula (Solo si vas a venir en coche)<br \/>\n<span class=\"wpcf7-form-control-wrap\" data-name=\"your-matricula\"><input size=\"40\" maxlength=\"400\" class=\"wpcf7-form-control wpcf7-text\" aria-invalid=\"false\" value=\"\" type=\"text\" name=\"your-matricula\" \/><\/span> <\/label>\n<\/p>\n<div class=\"submit-button\">\n\t<p><input class=\"wpcf7-form-control wpcf7-submit has-spinner\" type=\"submit\" value=\"Enviar\" \/>\n\t<\/p>\n<\/div><div class=\"wpcf7-response-output\" aria-hidden=\"true\"><\/div>\n<\/form>\n<\/div>\n\n\n\n\n<p class=\"has-small-font-size\">Lorem Ipsum es simplemente el texto de relleno de las imprentas y archivos de texto. Lorem Ipsum ha sido el texto de relleno est\u00e1ndar de las industrias desde el a\u00f1o 1500, cuando un impresor (N. del T. persona que se dedica a la imprenta) desconocido us\u00f3 una galer\u00eda de textos y los mezcl\u00f3 de tal manera que logr\u00f3 hacer un libro de textos especimen. No s\u00f3lo sobrevivi\u00f3 500 a\u00f1os, sino que tambien ingres\u00f3 como texto de relleno en documentos electr\u00f3nicos, quedando esencialmente igual al original.<\/p>\n<\/div><\/div>\n<\/div>\n<\/div>\n<\/div><\/div>\n\n\n\n<p><\/p>\n\n\n\n<div class=\"wp-block-columns max-width-wide is-layout-flex wp-container-core-columns-is-layout-9d6595d7 wp-block-columns-is-layout-flex\">\n<div class=\"wp-block-column is-layout-flow wp-block-column-is-layout-flow\">\n<div style=\"height:30px\" aria-hidden=\"true\" class=\"wp-block-spacer\"><\/div>\n\n\n\n<p>En esta jornada presencial presentaremos los retos futuros de la log\u00edstica para eCommerce y c\u00f3mo <strong>la digitalizaci\u00f3n y la automatizaci\u00f3n de los procesos<\/strong> est\u00e1n optimizando por completo la cadena de suministro, desde el fulfillment de pedidos hasta la entrega de \u00faltima milla. En concreto hablaremos sobre la <strong>aplicaci\u00f3n de la Inteligencia Artificial, el Big Data y los Digital Twins<\/strong> pero, sobre todo, daremos respuesta a esta pregunta: \u00bfc\u00f3mo la tecnolog\u00eda aplicada a la log\u00edstica puede mejorar los resultados de mi negocio online?<\/p>\n\n\n\n<p>Tras la intervenci\u00f3n de los expertos, disfrutaremos de un tiempo de networking con aperitivo.<\/p>\n\n\n\n<div style=\"height:23px\" aria-hidden=\"true\" class=\"wp-block-spacer\"><\/div>\n\n\n\n<p class=\"has-medium-font-size\"><strong>Ponentes<\/strong><\/p>\n\n\n\n<div style=\"height:23px\" aria-hidden=\"true\" class=\"wp-block-spacer\"><\/div>\n\n\n\n<div class=\"wp-block-columns is-layout-flex wp-container-core-columns-is-layout-9d6595d7 wp-block-columns-is-layout-flex\">\n<div class=\"wp-block-column is-layout-flow wp-block-column-is-layout-flow\"><div class=\"wp-block-image\">\n<figure class=\"aligncenter size-full is-resized\"><img loading=\"lazy\" decoding=\"async\" src=\"https:\/\/www.noatumlogistics.com\/ecommerce-solutions\/wp-content\/uploads\/2023\/02\/david-sanchez.jpg\" alt=\"\" class=\"wp-image-4475\" width=\"165\" height=\"165\" srcset=\"https:\/\/www.noatumlogistics.com\/ecommerce-solutions\/wp-content\/uploads\/2023\/02\/david-sanchez.jpg 330w, https:\/\/www.noatumlogistics.com\/ecommerce-solutions\/wp-content\/uploads\/2023\/02\/david-sanchez-300x300.jpg 300w, https:\/\/www.noatumlogistics.com\/ecommerce-solutions\/wp-content\/uploads\/2023\/02\/david-sanchez-150x150.jpg 150w\" sizes=\"auto, (max-width: 165px) 100vw, 165px\" \/><\/figure><\/div>\n\n\n<p class=\"has-text-align-center has-text-color\" style=\"color:#b9262d\">David S\u00e1nchez S\u00e1nchez<\/p>\n\n\n\n<p class=\"has-text-align-center\"><strong>Baobab Soluciones<\/strong><\/p>\n\n\n<div class=\"wp-block-image\">\n<figure class=\"aligncenter size-full is-resized\"><a href=\"https:\/\/www.linkedin.com\/in\/davidsanchez71\/\" target=\"_blank\" rel=\"noreferrer noopener\"><img loading=\"lazy\" decoding=\"async\" src=\"https:\/\/www.noatumlogistics.com\/ecommerce-solutions\/wp-content\/uploads\/2023\/02\/linkedinlogo.png\" alt=\"\" class=\"wp-image-4479\" width=\"30\" height=\"30\"\/><\/a><\/figure><\/div>\n\n\n<p class=\"has-text-align-center\">Head of Product &amp; Business Development<\/p>\n\n\n\n<p class=\"has-text-align-center\"><strong>Ponencia:<\/strong><br>\u201cIA &amp; Big Data en eCommerce\u201d<\/p>\n<\/div>\n\n\n\n<div class=\"wp-block-column is-layout-flow wp-block-column-is-layout-flow\"><div class=\"wp-block-image\">\n<figure class=\"aligncenter size-full is-resized\"><img loading=\"lazy\" decoding=\"async\" src=\"https:\/\/www.noatumlogistics.com\/ecommerce-solutions\/wp-content\/uploads\/2023\/02\/luz-diaz.jpg\" alt=\"\" class=\"wp-image-4485\" width=\"165\" height=\"165\" srcset=\"https:\/\/www.noatumlogistics.com\/ecommerce-solutions\/wp-content\/uploads\/2023\/02\/luz-diaz.jpg 330w, https:\/\/www.noatumlogistics.com\/ecommerce-solutions\/wp-content\/uploads\/2023\/02\/luz-diaz-300x300.jpg 300w, https:\/\/www.noatumlogistics.com\/ecommerce-solutions\/wp-content\/uploads\/2023\/02\/luz-diaz-150x150.jpg 150w\" sizes=\"auto, (max-width: 165px) 100vw, 165px\" \/><\/figure><\/div>\n\n\n<p class=\"has-text-align-center has-text-color\" style=\"color:#b9262d\">Luz D\u00edaz Ochagavia<\/p>\n\n\n\n<p class=\"has-text-align-center\"><strong>Baobab Soluciones<\/strong><\/p>\n\n\n<div class=\"wp-block-image\">\n<figure class=\"aligncenter size-full is-resized\"><a href=\"https:\/\/www.linkedin.com\/in\/%E2%9C%94%EF%B8%8F-luz-d-91a5a712b\/\" target=\"_blank\" rel=\"noreferrer noopener\"><img loading=\"lazy\" decoding=\"async\" src=\"https:\/\/www.noatumlogistics.com\/ecommerce-solutions\/wp-content\/uploads\/2023\/02\/linkedinlogo.png\" alt=\"\" class=\"wp-image-4479\" width=\"30\" height=\"30\"\/><\/a><\/figure><\/div>\n\n\n<p class=\"has-text-align-center\">Business Development Director<\/p>\n\n\n\n<p class=\"has-text-align-center\"><strong>Ponencia:<\/strong><br>\u201cEl uso de Digital Twins en la cadena de suministro\u201d<\/p>\n<\/div>\n<\/div>\n\n\n\n<div style=\"height:57px\" aria-hidden=\"true\" class=\"wp-block-spacer\"><\/div>\n\n\n\n<div class=\"wp-block-columns is-layout-flex wp-container-core-columns-is-layout-9d6595d7 wp-block-columns-is-layout-flex\">\n<div class=\"wp-block-column half-column is-layout-flow wp-block-column-is-layout-flow\"><div class=\"wp-block-image\">\n<figure class=\"aligncenter size-full is-resized\"><img loading=\"lazy\" decoding=\"async\" src=\"https:\/\/www.noatumlogistics.com\/ecommerce-solutions\/wp-content\/uploads\/2023\/02\/david-villasante.jpg\" alt=\"\" class=\"wp-image-4488\" width=\"165\" height=\"165\" srcset=\"https:\/\/www.noatumlogistics.com\/ecommerce-solutions\/wp-content\/uploads\/2023\/02\/david-villasante.jpg 330w, https:\/\/www.noatumlogistics.com\/ecommerce-solutions\/wp-content\/uploads\/2023\/02\/david-villasante-300x300.jpg 300w, https:\/\/www.noatumlogistics.com\/ecommerce-solutions\/wp-content\/uploads\/2023\/02\/david-villasante-150x150.jpg 150w\" sizes=\"auto, (max-width: 165px) 100vw, 165px\" \/><\/figure><\/div>\n\n\n<p class=\"has-text-align-center has-text-color\" style=\"color:#b9262d\">David Villasante<\/p>\n\n\n\n<p class=\"has-text-align-center\"><strong>Noatum eSolutions<\/strong><\/p>\n\n\n<div class=\"wp-block-image\">\n<figure class=\"aligncenter size-full is-resized\"><a href=\"https:\/\/www.linkedin.com\/in\/david-villasante-rico-04025588\/\" target=\"_blank\" rel=\"noreferrer noopener\"><img loading=\"lazy\" decoding=\"async\" src=\"https:\/\/www.noatumlogistics.com\/ecommerce-solutions\/wp-content\/uploads\/2023\/02\/linkedinlogo.png\" alt=\"\" class=\"wp-image-4479\" width=\"30\" height=\"30\"\/><\/a><\/figure><\/div>\n\n\n<p class=\"has-text-align-center\">Director \u2013 West Med<\/p>\n\n\n\n<p class=\"has-text-align-center\"><strong>Moderador<\/strong><br>Experto en la transformaci\u00f3n de Centros Log\u00edsticos para optimizar las cadenas de suministro.<\/p>\n<\/div>\n<\/div>\n\n\n\n<div style=\"height:37px\" aria-hidden=\"true\" class=\"wp-block-spacer\"><\/div>\n\n\n\n<p class=\"has-text-align-center\"><strong>Las ponencias no estar\u00e1n disponibles online una vez finalizado el evento.<\/strong><\/p>\n<\/div>\n\n\n\n<div class=\"wp-block-column is-layout-flow wp-block-column-is-layout-flow\"><\/div>\n<\/div>\n\n\n\n<div style=\"height:83px\" aria-hidden=\"true\" class=\"wp-block-spacer\"><\/div>\n\n\n\n<p class=\"has-text-align-center\">En colaboraci\u00f3n con:<\/p>\n\n\n<div class=\"wp-block-image\">\n<figure class=\"aligncenter size-full is-resized\"><img loading=\"lazy\" decoding=\"async\" src=\"https:\/\/www.noatumlogistics.com\/ecommerce-solutions\/wp-content\/uploads\/2023\/02\/Logo-ICIL-2018.png\" alt=\"\" class=\"wp-image-4463\" width=\"438\" height=\"89\" srcset=\"https:\/\/www.noatumlogistics.com\/ecommerce-solutions\/wp-content\/uploads\/2023\/02\/Logo-ICIL-2018.png 876w, https:\/\/www.noatumlogistics.com\/ecommerce-solutions\/wp-content\/uploads\/2023\/02\/Logo-ICIL-2018-300x61.png 300w, https:\/\/www.noatumlogistics.com\/ecommerce-solutions\/wp-content\/uploads\/2023\/02\/Logo-ICIL-2018-768x156.png 768w\" sizes=\"auto, (max-width: 438px) 100vw, 438px\" \/><\/figure><\/div>\n\n\n<div style=\"height:137px\" aria-hidden=\"true\" class=\"wp-block-spacer\"><\/div>\n","protected":false},"excerpt":{"rendered":"<p>16 de Marzo de 2023 De 18.30 h a 21.00 h Madrid | La Nave Inscripciones cerradas #eSolutionsMeetings Los retos tecnol\u00f3gicos de la log\u00edstica para eCommerce Evento presencial en Madrid (no disponible online) El auge de las compras online ha sido un desaf\u00edo para las [&hellip;]<\/p>\n","protected":false},"author":1,"featured_media":0,"parent":0,"menu_order":0,"comment_status":"closed","ping_status":"closed","template":"template-headerinverted.php","meta":{"footnotes":""},"class_list":["post-4462","page","type-page","status-publish","hentry"],"_links":{"self":[{"href":"https:\/\/www.noatumlogistics.com\/ecommerce-solutions\/es\/wp-json\/wp\/v2\/pages\/4462","targetHints":{"allow":["GET"]}}],"collection":[{"href":"https:\/\/www.noatumlogistics.com\/ecommerce-solutions\/es\/wp-json\/wp\/v2\/pages"}],"about":[{"href":"https:\/\/www.noatumlogistics.com\/ecommerce-solutions\/es\/wp-json\/wp\/v2\/types\/page"}],"author":[{"embeddable":true,"href":"https:\/\/www.noatumlogistics.com\/ecommerce-solutions\/es\/wp-json\/wp\/v2\/users\/1"}],"replies":[{"embeddable":true,"href":"https:\/\/www.noatumlogistics.com\/ecommerce-solutions\/es\/wp-json\/wp\/v2\/comments?post=4462"}],"version-history":[{"count":65,"href":"https:\/\/www.noatumlogistics.com\/ecommerce-solutions\/es\/wp-json\/wp\/v2\/pages\/4462\/revisions"}],"predecessor-version":[{"id":4718,"href":"https:\/\/www.noatumlogistics.com\/ecommerce-solutions\/es\/wp-json\/wp\/v2\/pages\/4462\/revisions\/4718"}],"wp:attachment":[{"href":"https:\/\/www.noatumlogistics.com\/ecommerce-solutions\/es\/wp-json\/wp\/v2\/media?parent=4462"}],"curies":[{"name":"wp","href":"https:\/\/api.w.org\/{rel}","templated":true}]}}