{"id":4204,"date":"2021-12-23T11:40:22","date_gmt":"2021-12-23T09:40:22","guid":{"rendered":"https:\/\/www.noatumlogistics.com\/ecommerce-solutions\/politica-de-privacidad\/"},"modified":"2024-06-05T10:54:47","modified_gmt":"2024-06-05T08:54:47","slug":"politica-de-privacidad","status":"publish","type":"page","link":"https:\/\/www.noatumlogistics.com\/ecommerce-solutions\/es\/politica-de-privacidad\/","title":{"rendered":"Pol\u00edtica de privacidad"},"content":{"rendered":"\n<div style=\"height:90px\" aria-hidden=\"true\" class=\"wp-block-spacer\"><\/div>\n\n\n\n<h1 class=\"wp-block-heading\">Pol\u00edtica de privacidad<\/h1>\n\n\n\n<div class=\"wp-block-group\"><div class=\"wp-block-group__inner-container is-layout-constrained wp-block-group-is-layout-constrained\">\n<div class=\"wp-block-group\"><div class=\"wp-block-group__inner-container is-layout-constrained wp-block-group-is-layout-constrained\">\n<h2 class=\"wp-block-heading\"><strong>Objeto y \u00e1mbito de aplicaci\u00f3n<\/strong><\/h2>\n\n\n\n<p>Noatum est\u00e1 comprometido con el cumplimiento de las normas de protecci\u00f3n de los datos personales que afectan a todas las actividades de tratamiento de las que es responsable o encargado. Esta Pol\u00edtica de Privacidad establece las pautas generales que se observan en dicho cumplimiento.<\/p>\n\n\n\n<p>Esta Pol\u00edtica de Privacidad de Noatum es de obligado cumplimiento para todos sus empleados y colaboradores internos o externos que tengan acceso a datos de car\u00e1cter personal.<\/p>\n\n\n\n<p>La Pol\u00edtica de Privacidad est\u00e1 aprobada por el Comit\u00e9 de Seguridad y la direcci\u00f3n de&nbsp;Noatum, quien establece de esta forma las directrices b\u00e1sicas a seguir dentro de la organizaci\u00f3n, a la vez que da su consentimiento y respaldo al conjunto de una forma expl\u00edcita.<\/p>\n\n\n\n<h2 class=\"wp-block-heading\"><strong>Principios<\/strong><\/h2>\n\n\n\n<p>Noatum trata los datos personales bajo su responsabilidad conforme a los siguientes principios:<\/p>\n\n\n\n<ul class=\"wp-block-list\">\n<li><strong>Licitud, lealtad y transparencia: <\/strong>los datos de car\u00e1cter personal ser\u00e1n tratados de manera l\u00edcita, leal y transparente en relaci\u00f3n con el interesado.<\/li>\n\n\n\n<li><strong>Legitimaci\u00f3n en el tratamiento de datos personales:<\/strong> solo se tratar\u00e1n los datos de car\u00e1cter personal cuando dicho tratamiento se encuentre amparado en la normativa de protecci\u00f3n de datos.<\/li>\n\n\n\n<li><strong>Limitaci\u00f3n de la finalidad:<\/strong> los datos de car\u00e1cter personal ser\u00e1n tratados para el cumplimiento de fines determinados, expl\u00edcitos y leg\u00edtimos, y no ser\u00e1n tratados ulteriormente de manera incompatible con dichos fines.<\/li>\n\n\n\n<li><strong>Minimizaci\u00f3n de datos: <\/strong>los datos de car\u00e1cter personal ser\u00e1n adecuados, pertinentes y limitados a lo necesario en relaci\u00f3n con los fines para los que son tratados.<\/li>\n\n\n\n<li><strong>Exactitud:<\/strong> los datos de car\u00e1cter personal ser\u00e1n exactos y, si fuera necesario, actualizados; se adoptar\u00e1n todas las medidas razonables para que se supriman o rectifiquen sin dilaci\u00f3n los datos personales que sean inexactos con respecto a los fines para los que se tratan.<\/li>\n<\/ul>\n\n\n\n<ul class=\"wp-block-list\">\n<li><strong>Limitaci\u00f3n del plazo de conservaci\u00f3n:<\/strong> los datos de car\u00e1cter personal personales ser\u00e1n mantenidos de forma que se permita la identificaci\u00f3n de los interesados durante no m\u00e1s tiempo del necesario para los fines que justificaron su tratamiento.<\/li>\n\n\n\n<li><strong>Responsabilidad proactiva:<\/strong> Noatum ser\u00e1 responsable del cumplimiento de los principios relativos al tratamiento de los datos exigidos por el RGPD y adoptar\u00e1 las medidas t\u00e9cnicas y organizativas que le permitan estar en condiciones de demostrarlo.<\/li>\n\n\n\n<li><strong>Atenci\u00f3n de los derechos de los interesados:<\/strong> se adoptar\u00e1n medidas en la organizaci\u00f3n que garanticen el adecuado ejercicio por los afectados, cuando proceda, de los derechos de acceso, rectificaci\u00f3n, supresi\u00f3n, oposici\u00f3n, limitaci\u00f3n del tratamiento y portabilidad respecto de sus datos de car\u00e1cter personal.<\/li>\n\n\n\n<li><strong>Protecci\u00f3n de datos desde el dise\u00f1o y por defecto: <\/strong>Noatum promover\u00e1 la implantaci\u00f3n del principio de protecci\u00f3n de datos desde el dise\u00f1o y por defecto de forma que la protecci\u00f3n de datos se encuentre presente en las primeras fases de concepci\u00f3n de un proyecto. Asimismo, este principio se aplicar\u00e1 desde el dise\u00f1o inicial de los sistemas de informaci\u00f3n.<\/li>\n\n\n\n<li><strong>Confidencialidad e integridad:<\/strong> Noatum garantizar\u00e1 una seguridad adecuada de los datos personales, incluida la protecci\u00f3n contra el tratamiento no autorizado o il\u00edcito y contra su p\u00e9rdida, destrucci\u00f3n o da\u00f1o accidental, mediante la aplicaci\u00f3n de medidas t\u00e9cnicas u organizativas apropiadas<\/li>\n\n\n\n<li><strong>Gesti\u00f3n del riesgo:<\/strong> la gesti\u00f3n de los datos de car\u00e1cter personal realizada por Noatum se realizar\u00e1 mediante una gesti\u00f3n activa del riesgo, entendiendo como riesgo el efecto de la incertidumbre sobre la consecuci\u00f3n del objetivo principal, que es la protecci\u00f3n de los derechos y libertades de los titulares de los datos de car\u00e1cter personal que se tratan.<\/li>\n\n\n\n<li><strong>Mejora continua:<\/strong> se revisar\u00e1 de manera recurrente el grado de eficacia de los controles de seguridad implantados para aumentar la capacidad de adaptaci\u00f3n a la constante evoluci\u00f3n del entorno.<\/li>\n\n\n\n<li><strong>Concienciaci\u00f3n y formaci\u00f3n:<\/strong> se articular\u00e1n programas de formaci\u00f3n y concienciaci\u00f3n para los usuarios en materia de protecci\u00f3n de datos.<\/li>\n<\/ul>\n\n\n\n<h2 class=\"wp-block-heading\"><strong>Medidas de seguridad t\u00e9cnicas y organizativas<\/strong><\/h2>\n\n\n\n<p>Noatum tratar\u00e1 los datos personales bajo su responsabilidad teniendo en cuenta el estado de la t\u00e9cnica, los costes de aplicaci\u00f3n, y la naturaleza, el alcance, el contexto y los fines de los tratamientos que realice, as\u00ed como los posibles riesgos de probabilidad y gravedad variables para los derechos y libertades de las personas f\u00edsicas.<\/p>\n\n\n\n<p>Al evaluar la adecuaci\u00f3n del nivel de seguridad se tendr\u00e1n particularmente en cuenta los riesgos que presente el tratamiento de datos, en particular como consecuencia de la destrucci\u00f3n, p\u00e9rdida o alteraci\u00f3n accidental o il\u00edcita de datos personales transmitidos, conservados o tratados de otra forma, o la comunicaci\u00f3n o acceso no autorizados a dichos datos.<\/p>\n\n\n\n<h2 class=\"wp-block-heading\"><strong>Registro de actividades de tratamiento<\/strong><\/h2>\n\n\n\n<p>Noatum mantendr\u00e1 actualizado un registro de las actividades de tratamiento con datos de car\u00e1cter personal de las que sea responsable o encargado, que incluir\u00e1 al menos la siguiente informaci\u00f3n:<\/p>\n\n\n\n<ul class=\"wp-block-list\">\n<li>Nombre y datos de contacto del responsable<\/li>\n\n\n\n<li>Fines del tratamiento<\/li>\n\n\n\n<li>Descripci\u00f3n de las categor\u00edas de interesados<\/li>\n\n\n\n<li>Descripci\u00f3n de las categor\u00edas de datos personales<\/li>\n\n\n\n<li>Categor\u00edas de destinatarios a los que se comuniquen los datos personales<\/li>\n\n\n\n<li>Transferencias de datos personales a un tercer pa\u00eds<\/li>\n\n\n\n<li>Plazos previstos para la supresi\u00f3n de las diferentes categor\u00edas de datos<\/li>\n\n\n\n<li>Descripci\u00f3n general de las medidas t\u00e9cnicas y organizativas de seguridad<\/li>\n<\/ul>\n\n\n\n<h2 class=\"wp-block-heading\"><strong>An\u00e1lisis de riesgos y evaluaci\u00f3n de impacto<\/strong><\/h2>\n\n\n\n<p>Antes de realizar cualquier tratamiento de datos personales se llevar\u00e1 a cabo un an\u00e1lisis de riesgos, teniendo en cuenta el estado de la t\u00e9cnica, los costes de aplicaci\u00f3n, y la naturaleza, el alcance, el contexto y los fines del tratamiento, as\u00ed como riesgos de probabilidad y gravedad variables para los derechos y libertades de las personas f\u00edsicas.<\/p>\n\n\n\n<p>Se aplicar\u00e1n medidas t\u00e9cnicas y organizativas apropiadas para garantizar un nivel de seguridad adecuado al riesgo.<\/p>\n\n\n\n<p>Noatum llevar\u00e1 a cabo una evaluaci\u00f3n de impacto de las actividades de tratamiento en la protecci\u00f3n de datos personales cuando del an\u00e1lisis realizado resulte probable que el tratamiento suponga un riesgo significativo para los derechos y libertades de las personas. Si fuera necesario, consultar\u00e1 y solicitar\u00e1 autorizaci\u00f3n para llevar a cabo el tratamiento de datos personales a la Autoridad de Control correspondiente.<\/p>\n\n\n\n<h2 class=\"wp-block-heading\"><strong>Violaciones de seguridad de los datos personales<\/strong><\/h2>\n\n\n\n<p>En caso de violaci\u00f3n de la seguridad de los datos personales, Noatum notificar\u00e1 a la Autoridad de Control competente sin dilaci\u00f3n indebida y, de ser posible, a m\u00e1s tardar 72 horas despu\u00e9s de que haya tenido constancia de ella, a menos que sea improbable que dicha violaci\u00f3n de la seguridad constituya un riesgo para los derechos y las libertades de las personas f\u00edsicas.<\/p>\n\n\n\n<p>Noatum adoptar\u00e1 las medidas procedentes para la comunicaci\u00f3n sin dilaci\u00f3n indebida a los interesados que pudieran haberse visto afectados por la violaci\u00f3n de seguridad de los datos personales, cuando sea probable que \u00e9sta entra\u00f1e un alto riesgo para sus derechos y libertades.<\/p>\n\n\n\n<p>Noatum documentar\u00e1 cualquier violaci\u00f3n de la seguridad de los datos personales, incluidos los hechos relacionados con ella, sus efectos y las medidas correctivas adoptadas.<\/p>\n\n\n\n<h2 class=\"wp-block-heading\"><strong>Atenci\u00f3n al ejercicio de derechos<\/strong><\/h2>\n\n\n\n<p>Noatum ha establecido los procedimientos necesarios para atender las posibles solicitudes de ejercicio de derechos de los titulares de los datos personales que se encuentran bajo su responsabilidad.<\/p>\n\n\n\n<h2 class=\"wp-block-heading\"><strong>Relaciones con terceros<\/strong><\/h2>\n\n\n\n<p>Noatum ha establecido los controles necesarios para asegurarse de que, en sus relaciones con terceros, ya sean clientes o proveedores, se observa la normativa de protecci\u00f3n de datos personales.<\/p>\n\n\n\n<h2 class=\"wp-block-heading\"><strong>Auditor\u00eda<\/strong><\/h2>\n\n\n\n<p>Noatum lleva a cabo auditor\u00edas peri\u00f3dicas encaminadas a la verificaci\u00f3n, evaluaci\u00f3n y valoraci\u00f3n de la eficacia de las medidas t\u00e9cnicas y organizativas para garantizar la conformidad de los tratamientos de datos personales que se realizan bajo su responsabilidad.<\/p>\n\n\n\n<h2 class=\"wp-block-heading\"><strong>Contacto<\/strong><\/h2>\n\n\n\n<p>Puede contactarse con el Departamento de Seguridad de la Informaci\u00f3n \u2013 Oficina de Privacidad:<\/p>\n\n\n\n<p>Torre Auditori \u2013 Planta 13<br>Passeig de la Zona Franca n\u00ba111<br>08038 Barcelona<\/p>\n\n\n\n<p>Tel\u00e9fono &#8211; (+34) 932987777<\/p>\n\n\n\n<p>Correo electr\u00f3nico &#8211; <a href=\"mailto:dpo@noatum.com\">dpo@noatum.com<\/a><\/p>\n<\/div><\/div>\n<\/div><\/div>\n\n\n\n<div style=\"height:100px\" aria-hidden=\"true\" class=\"wp-block-spacer\"><\/div>\n","protected":false},"excerpt":{"rendered":"<p>Pol\u00edtica de privacidad Objeto y \u00e1mbito de aplicaci\u00f3n Noatum est\u00e1 comprometido con el cumplimiento de las normas de protecci\u00f3n de los datos personales que afectan a todas las actividades de tratamiento de las que es responsable o encargado. Esta Pol\u00edtica de Privacidad establece las pautas [&hellip;]<\/p>\n","protected":false},"author":1,"featured_media":0,"parent":0,"menu_order":0,"comment_status":"closed","ping_status":"closed","template":"","meta":{"footnotes":""},"class_list":["post-4204","page","type-page","status-publish","hentry"],"_links":{"self":[{"href":"https:\/\/www.noatumlogistics.com\/ecommerce-solutions\/es\/wp-json\/wp\/v2\/pages\/4204","targetHints":{"allow":["GET"]}}],"collection":[{"href":"https:\/\/www.noatumlogistics.com\/ecommerce-solutions\/es\/wp-json\/wp\/v2\/pages"}],"about":[{"href":"https:\/\/www.noatumlogistics.com\/ecommerce-solutions\/es\/wp-json\/wp\/v2\/types\/page"}],"author":[{"embeddable":true,"href":"https:\/\/www.noatumlogistics.com\/ecommerce-solutions\/es\/wp-json\/wp\/v2\/users\/1"}],"replies":[{"embeddable":true,"href":"https:\/\/www.noatumlogistics.com\/ecommerce-solutions\/es\/wp-json\/wp\/v2\/comments?post=4204"}],"version-history":[{"count":8,"href":"https:\/\/www.noatumlogistics.com\/ecommerce-solutions\/es\/wp-json\/wp\/v2\/pages\/4204\/revisions"}],"predecessor-version":[{"id":7823,"href":"https:\/\/www.noatumlogistics.com\/ecommerce-solutions\/es\/wp-json\/wp\/v2\/pages\/4204\/revisions\/7823"}],"wp:attachment":[{"href":"https:\/\/www.noatumlogistics.com\/ecommerce-solutions\/es\/wp-json\/wp\/v2\/media?parent=4204"}],"curies":[{"name":"wp","href":"https:\/\/api.w.org\/{rel}","templated":true}]}}