{"id":4202,"date":"2020-06-12T07:45:11","date_gmt":"2020-06-12T05:45:11","guid":{"rendered":"https:\/\/www.noatumlogistics.com\/ecommerce-solutions\/contacto\/"},"modified":"2024-04-17T13:01:33","modified_gmt":"2024-04-17T11:01:33","slug":"contacto","status":"publish","type":"page","link":"https:\/\/www.noatumlogistics.com\/ecommerce-solutions\/es\/contacto\/","title":{"rendered":"Contacto"},"content":{"rendered":"\n<div style=\"height:90px\" aria-hidden=\"true\" class=\"wp-block-spacer desktop\"><\/div>\n\n\n\n<div style=\"height:60px\" aria-hidden=\"true\" class=\"wp-block-spacer mobile\"><\/div>\n\n\n\n<h1 class=\"wp-block-heading max-width\" id=\"contact\">Contacto<\/h1>\n\n\n\n<div class=\"wp-block-columns max-width contact is-layout-flex wp-container-core-columns-is-layout-9d6595d7 wp-block-columns-is-layout-flex\">\n<div class=\"wp-block-column contact-info is-layout-flow wp-block-column-is-layout-flow\">\n<p><strong><strong>Hong Kong (Sede)<\/strong><\/strong><\/p>\n\n\n\n<p>10\/F, Port 33, 33 Tseuk Luk Street, San Po Kong, Kowloon, Hong Kong<\/p>\n\n\n\n<p class=\"with-icon\"><img loading=\"lazy\" decoding=\"async\" width=\"52\" height=\"52\" src=\"https:\/\/www.noatumlogistics.com\/ecommerce-solutions\/wp-content\/uploads\/2021\/12\/telefon-icon.png\" alt=\"\"> (852) 2410 6907<\/p>\n\n\n\n<p class=\"with-icon\"><img loading=\"lazy\" decoding=\"async\" width=\"52\" height=\"52\" src=\"https:\/\/www.noatumlogistics.com\/ecommerce-solutions\/wp-content\/uploads\/2021\/12\/telefon-icon.png\" alt=\"\"> (852) 2410 6927<\/p>\n\n\n\n<p class=\"with-icon\"><img loading=\"lazy\" decoding=\"async\" src=\"https:\/\/www.noatumlogistics.com\/ecommerce-solutions\/wp-content\/uploads\/2021\/12\/envelope-icon.png\" alt=\"\" width=\"52\" height=\"32\"><a href=\"mailto:esolutionsinfo@noatumlogistics.com\">esolutionsinfo@noatumlogistics.com<\/a><\/p>\n\n\n\n<div style=\"height:54px\" aria-hidden=\"true\" class=\"wp-block-spacer desktop\"><\/div>\n\n\n\n<div style=\"height:24px\" aria-hidden=\"true\" class=\"wp-block-spacer mobile\"><\/div>\n\n\n\n<p><strong><strong><strong>Reino Unido<\/strong><\/strong><\/strong><\/p>\n\n\n\n<p>Unit 1, Alpha Way, Thorpe Industrial Park, Egham, Surrey, TW20 8RZ, Reino Unido<\/p>\n\n\n\n<p class=\"with-icon\"><img loading=\"lazy\" decoding=\"async\" src=\"https:\/\/www.noatumlogistics.com\/ecommerce-solutions\/wp-content\/uploads\/2021\/12\/envelope-icon.png\" alt=\"\" width=\"52\" height=\"32\"><a href=\"mailto:info@noatumesolutions.com\">info@noatumesolutions.com<\/a><\/p>\n\n\n\n<div style=\"height:54px\" aria-hidden=\"true\" class=\"wp-block-spacer desktop\"><\/div>\n\n\n\n<div style=\"height:24px\" aria-hidden=\"true\" class=\"wp-block-spacer mobile\"><\/div>\n\n\n\n<p><strong><strong><strong>Am\u00e9rica del Norte<\/strong><\/strong><\/strong><\/p>\n\n\n\n<p>601 Gateway Blvd., Suite 1220, South San Francisco, CA 94080<\/p>\n\n\n\n<p class=\"with-icon\"><img loading=\"lazy\" decoding=\"async\" width=\"52\" height=\"32\" src=\"https:\/\/www.noatumlogistics.com\/ecommerce-solutions\/wp-content\/uploads\/2021\/12\/envelope-icon.png\" alt=\"\"><a href=\"mailto:info@noatumesolutions.com\"><\/a><a href=\"mailto:info@noatumesolutions.com\">info@noatumesolutions.com<\/a><\/p>\n\n\n\n<div style=\"height:24px\" aria-hidden=\"true\" class=\"wp-block-spacer mobile\"><\/div>\n\n\n\n<div style=\"height:54px\" aria-hidden=\"true\" class=\"wp-block-spacer desktop\"><\/div>\n<\/div>\n\n\n\n<div class=\"wp-block-column is-layout-flow wp-block-column-is-layout-flow\">\n<div class=\"wp-block-group newsletter\"><div class=\"wp-block-group__inner-container is-layout-flow wp-block-group-is-layout-flow\">\n<div class=\"wpcf7 no-js\" id=\"wpcf7-f3992-o1\" lang=\"es-ES\" dir=\"ltr\" data-wpcf7-id=\"3992\">\n<div class=\"screen-reader-response\"><p role=\"status\" aria-live=\"polite\" aria-atomic=\"true\"><\/p> <ul><\/ul><\/div>\n<form action=\"\/ecommerce-solutions\/es\/wp-json\/wp\/v2\/pages\/4202#wpcf7-f3992-o1\" method=\"post\" class=\"wpcf7-form init\" aria-label=\"Formulario de contacto\" novalidate=\"novalidate\" data-status=\"init\">\n<fieldset class=\"hidden-fields-container\"><input type=\"hidden\" name=\"_wpcf7\" value=\"3992\" \/><input type=\"hidden\" name=\"_wpcf7_version\" value=\"6.1.4\" \/><input type=\"hidden\" name=\"_wpcf7_locale\" value=\"es_ES\" \/><input type=\"hidden\" name=\"_wpcf7_unit_tag\" value=\"wpcf7-f3992-o1\" \/><input type=\"hidden\" name=\"_wpcf7_container_post\" value=\"0\" \/><input type=\"hidden\" name=\"_wpcf7_posted_data_hash\" value=\"\" \/><input type=\"hidden\" name=\"csrf_token\" value=\"6f2ea7e92afeab1f8ef0ef9f779f471aaab5b8559f59b7f657d5f689627845db\" \/><input type=\"hidden\" name=\"_wpcf7_recaptcha_response\" value=\"\" \/>\n<\/fieldset>\n<p><label><span class=\"wpcf7-form-control-wrap\" data-name=\"your-name\"><input size=\"40\" maxlength=\"400\" class=\"wpcf7-form-control wpcf7-text wpcf7-validates-as-required\" aria-required=\"true\" aria-invalid=\"false\" placeholder=\"Nombre\" value=\"\" type=\"text\" name=\"your-name\" \/><\/span> <\/label><label><span class=\"wpcf7-form-control-wrap\" data-name=\"your-email\"><input size=\"40\" maxlength=\"400\" class=\"wpcf7-form-control wpcf7-email wpcf7-validates-as-required wpcf7-text wpcf7-validates-as-email\" aria-required=\"true\" aria-invalid=\"false\" placeholder=\"Email\" value=\"\" type=\"email\" name=\"your-email\" \/><\/span> <\/label><label><span class=\"wpcf7-form-control-wrap\" data-name=\"your-company\"><input size=\"40\" maxlength=\"400\" class=\"wpcf7-form-control wpcf7-text\" aria-invalid=\"false\" placeholder=\"Empresa\" value=\"\" type=\"text\" name=\"your-company\" \/><\/span> <\/label><label><span class=\"wpcf7-form-control-wrap\" data-name=\"your-tel\"><input size=\"40\" maxlength=\"400\" class=\"wpcf7-form-control wpcf7-text wpcf7-validates-as-required\" aria-required=\"true\" aria-invalid=\"false\" placeholder=\"Tel\u00e9fono\" value=\"\" type=\"text\" name=\"your-tel\" \/><\/span> <\/label><label><span class=\"wpcf7-form-control-wrap\" data-name=\"your-message\"><textarea cols=\"40\" rows=\"10\" maxlength=\"2000\" class=\"wpcf7-form-control wpcf7-textarea wpcf7-validates-as-required\" aria-required=\"true\" aria-invalid=\"false\" placeholder=\"Mensaje\" name=\"your-message\"><\/textarea><\/span> <\/label><label>\n\t<input class=\"wpcf7-form-control wpcf7-hidden\" value=\"Formulario de contacto\" type=\"hidden\" name=\"your-subject\" \/><\/label><br \/>\n<label class=\"label-acceptance\"><span class=\"wpcf7-form-control-wrap\" data-name=\"acceptance-marketing\"><span class=\"wpcf7-form-control wpcf7-acceptance optional\"><span class=\"wpcf7-list-item\"><input type=\"checkbox\" name=\"acceptance-marketing\" value=\"1\" aria-invalid=\"false\" \/><\/span><\/span><\/span>Acepto la recepci\u00f3n de publicidad de los servicios del grupo Noatum en mi direcci\u00f3n de correo electr\u00f3nico.<\/label><input class=\"wpcf7-form-control wpcf7-submit has-spinner\" type=\"submit\" value=\"Enviar\" \/>\n<\/p>\n<p class=\"has-small-font-size\"><br \/>\nNoatum Holdings S.L.U., con domicilio en la Avenida de Italia n\u00ba2 (CTC), de Coslada (Madrid, Espa\u00f1a), utiliza con su consentimiento los datos personales consignados para responder a su solicitud, envi\u00e1ndolos a la empresa del grupo Noatum m\u00e1s indicada para ello. No se conservar\u00e1n m\u00e1s all\u00e1 del tiempo necesario para responderle. Si acepta la recepci\u00f3n de publicidad de nuestros servicios marcando la casilla correspondiente los conservaremos en tanto no manifieste su voluntad en contrario.\n<\/p>\n<p class=\"has-small-font-size\"><br \/>\nPuede contactar con el delegado de protecci\u00f3n de datos en (dpo@noatum.com). Si considera que sus derechos han sido vulnerados, puede interponer una reclamaci\u00f3n ante la Agencia Espa\u00f1ola de Protecci\u00f3n de Datos. Si lo desea, puede retirar su consentimiento y ejercer los derechos de acceso, rectificaci\u00f3n, supresi\u00f3n, oposici\u00f3n y limitaci\u00f3n en cualquier momento dirigi\u00e9ndose al correo (dpo@noatum.com).\n<\/p><div class=\"wpcf7-response-output\" aria-hidden=\"true\"><\/div>\n<\/form>\n<\/div>\n\n<\/div><\/div>\n<\/div>\n<\/div>\n\n\n\n<div style=\"height:100px\" aria-hidden=\"true\" class=\"wp-block-spacer desktop\"><\/div>\n","protected":false},"excerpt":{"rendered":"<p>Contacto Hong Kong (Sede) 10\/F, Port 33, 33 Tseuk Luk Street, San Po Kong, Kowloon, Hong Kong (852) 2410 6907 (852) 2410 6927 esolutionsinfo@noatumlogistics.com Reino Unido Unit 1, Alpha Way, Thorpe Industrial Park, Egham, Surrey, TW20 8RZ, Reino Unido info@noatumesolutions.com Am\u00e9rica del Norte 601 Gateway [&hellip;]<\/p>\n","protected":false},"author":1,"featured_media":0,"parent":0,"menu_order":0,"comment_status":"closed","ping_status":"closed","template":"","meta":{"footnotes":""},"class_list":["post-4202","page","type-page","status-publish","hentry"],"_links":{"self":[{"href":"https:\/\/www.noatumlogistics.com\/ecommerce-solutions\/es\/wp-json\/wp\/v2\/pages\/4202","targetHints":{"allow":["GET"]}}],"collection":[{"href":"https:\/\/www.noatumlogistics.com\/ecommerce-solutions\/es\/wp-json\/wp\/v2\/pages"}],"about":[{"href":"https:\/\/www.noatumlogistics.com\/ecommerce-solutions\/es\/wp-json\/wp\/v2\/types\/page"}],"author":[{"embeddable":true,"href":"https:\/\/www.noatumlogistics.com\/ecommerce-solutions\/es\/wp-json\/wp\/v2\/users\/1"}],"replies":[{"embeddable":true,"href":"https:\/\/www.noatumlogistics.com\/ecommerce-solutions\/es\/wp-json\/wp\/v2\/comments?post=4202"}],"version-history":[{"count":6,"href":"https:\/\/www.noatumlogistics.com\/ecommerce-solutions\/es\/wp-json\/wp\/v2\/pages\/4202\/revisions"}],"predecessor-version":[{"id":7378,"href":"https:\/\/www.noatumlogistics.com\/ecommerce-solutions\/es\/wp-json\/wp\/v2\/pages\/4202\/revisions\/7378"}],"wp:attachment":[{"href":"https:\/\/www.noatumlogistics.com\/ecommerce-solutions\/es\/wp-json\/wp\/v2\/media?parent=4202"}],"curies":[{"name":"wp","href":"https:\/\/api.w.org\/{rel}","templated":true}]}}