{"id":4191,"date":"2022-04-26T12:41:08","date_gmt":"2022-04-26T10:41:08","guid":{"rendered":"https:\/\/www.noatumlogistics.com\/ecommerce-solutions\/casos-practicos\/"},"modified":"2022-12-12T15:54:49","modified_gmt":"2022-12-12T13:54:49","slug":"casos-practicos","status":"publish","type":"page","link":"https:\/\/www.noatumlogistics.com\/ecommerce-solutions\/es\/casos-practicos\/","title":{"rendered":"Casos pr\u00e1cticos"},"content":{"rendered":"\n<div style=\"height:100px\" aria-hidden=\"true\" class=\"wp-block-spacer\"><\/div>\n\n<div class=\"wp-block-group full-width no-padding\"><div class=\"wp-block-group__inner-container is-layout-flow wp-block-group-is-layout-flow\">\n<figure class=\"wp-block-image size-large full-width no-padding curve\"><img loading=\"lazy\" decoding=\"async\" width=\"1024\" height=\"96\" src=\"https:\/\/www.noatumlogistics.com\/ecommerce-solutions\/wp-content\/uploads\/2022\/03\/ovalgris-top2-1024x96.png\" alt=\"\" class=\"wp-image-3810\" srcset=\"https:\/\/www.noatumlogistics.com\/ecommerce-solutions\/wp-content\/uploads\/2022\/03\/ovalgris-top2-1024x96.png 1024w, https:\/\/www.noatumlogistics.com\/ecommerce-solutions\/wp-content\/uploads\/2022\/03\/ovalgris-top2-300x28.png 300w, https:\/\/www.noatumlogistics.com\/ecommerce-solutions\/wp-content\/uploads\/2022\/03\/ovalgris-top2-768x72.png 768w, https:\/\/www.noatumlogistics.com\/ecommerce-solutions\/wp-content\/uploads\/2022\/03\/ovalgris-top2-1536x144.png 1536w, https:\/\/www.noatumlogistics.com\/ecommerce-solutions\/wp-content\/uploads\/2022\/03\/ovalgris-top2.png 2000w\" sizes=\"auto, (max-width: 1024px) 100vw, 1024px\" \/><\/figure><\/div><\/div>\n\n<div class=\"wp-block-group full-width no-header no-padding has-background\" style=\"background-color:#f2f2f2\"><div class=\"wp-block-group__inner-container is-layout-flow wp-block-group-is-layout-flow\">\n<div class=\"wp-block-group slider-fixe padding-sides\"><div class=\"wp-block-group__inner-container is-layout-flow wp-block-group-is-layout-flow\">\n<h2 class=\"has-text-align-center no-margin-top max-width no-margin-bottom wp-block-heading\" id=\"customised-all-round-e-commerce-solutions-for-your-business\"><strong><strong>Soluciones de eCommerce personalizadas para tu empresa<\/strong><\/strong><\/h2>\n\n\n\n<p class=\"has-text-align-center max-width-narrow subtitle-slider\">Nos aseguramos de que tus productos se manipulen con profesionalidad y se entreguen a tiempo a tus clientes gracias a nuestros impecables procesos operativos en el almac\u00e9n. Descubre todo lo que podemos hacer por tu eCommerce a trav\u00e9s de los siguientes casos de estudio de nuestros clientes<\/p>\n<\/div><\/div>\n\n\n\n<div id=\"scroll\" class=\"wp-block-group sticky-container full-width\"><div class=\"wp-block-group__inner-container is-layout-flow wp-block-group-is-layout-flow\">\n<p class=\"sliderPerWidth has-huge-font-size\">3<\/p>\n\n\n\n<div class=\"wp-block-group slide-scroll\"><div class=\"wp-block-group__inner-container is-layout-flow wp-block-group-is-layout-flow\"><div class=\"wp-block-image\">\n<figure class=\"alignleft size-full\"><a href=\"https:\/\/www.noatumlogistics.com\/ecommerce-solutions\/es\/empresas-con-envios-al-consumidor\/\"><img loading=\"lazy\" decoding=\"async\" width=\"750\" height=\"732\" src=\"https:\/\/www.noatumlogistics.com\/ecommerce-solutions\/wp-content\/uploads\/2022\/03\/eparcels.png\" alt=\"\" class=\"wp-image-3798\" srcset=\"https:\/\/www.noatumlogistics.com\/ecommerce-solutions\/wp-content\/uploads\/2022\/03\/eparcels.png 750w, https:\/\/www.noatumlogistics.com\/ecommerce-solutions\/wp-content\/uploads\/2022\/03\/eparcels-300x293.png 300w\" sizes=\"auto, (max-width: 750px) 100vw, 750px\" \/><\/a><\/figure><\/div>\n\n\n<div style=\"height:20px\" aria-hidden=\"true\" class=\"wp-block-spacer\"><\/div>\n\n\n\n<p class=\"has-text-align-left has-text-color has-large-font-size\" style=\"color:#0f335b\"><a href=\"https:\/\/www.noatumlogistics.com\/ecommerce-solutions\/es\/empresas-con-envios-al-consumidor\/\" data-type=\"page\" data-id=\"1239\">Empresas con env\u00edos al consumidor<\/a><\/p>\n\n\n\n<p class=\"has-text-align-left\">Una plataforma en l\u00ednea que re\u00fane moda, belleza y estilo de vida de m\u00e1s de 800 marcas de todo el mundo<\/p>\n\n\n\n<div style=\"height:15px\" aria-hidden=\"true\" class=\"wp-block-spacer\"><\/div>\n\n\n\n<p class=\"has-text-align-left button-link blau\"><a href=\"https:\/\/www.noatumlogistics.com\/ecommerce-solutions\/es\/empresas-con-envios-al-consumidor\/\">Ver caso<\/a><\/p>\n<\/div><\/div>\n\n\n\n<div class=\"wp-block-group slide-scroll\"><div class=\"wp-block-group__inner-container is-layout-flow wp-block-group-is-layout-flow\"><div class=\"wp-block-image\">\n<figure class=\"alignleft size-full\"><a href=\"https:\/\/www.noatumlogistics.com\/ecommerce-solutions\/es\/empresas-que-distribuyen-a-empresas\/\"><img loading=\"lazy\" decoding=\"async\" width=\"750\" height=\"732\" src=\"https:\/\/www.noatumlogistics.com\/ecommerce-solutions\/wp-content\/uploads\/2022\/03\/b2b-icon.png\" alt=\"\" class=\"wp-image-3791\" srcset=\"https:\/\/www.noatumlogistics.com\/ecommerce-solutions\/wp-content\/uploads\/2022\/03\/b2b-icon.png 750w, https:\/\/www.noatumlogistics.com\/ecommerce-solutions\/wp-content\/uploads\/2022\/03\/b2b-icon-300x293.png 300w\" sizes=\"auto, (max-width: 750px) 100vw, 750px\" \/><\/a><\/figure><\/div>\n\n\n<div style=\"height:20px\" aria-hidden=\"true\" class=\"wp-block-spacer\"><\/div>\n\n\n\n<p class=\"has-text-align-left has-text-color has-large-font-size\" style=\"color:#0f335b\"><a href=\"https:\/\/www.noatumlogistics.com\/ecommerce-solutions\/es\/empresas-que-distribuyen-a-empresas\/\" data-type=\"page\" data-id=\"1261\">Empresas que distribuyen a empresas<\/a><\/p>\n\n\n\n<p class=\"has-text-align-left\">Un traslado para mejorar la gesti\u00f3n y ahorrar los costes de pedidos en todo el mundo<\/p>\n\n\n\n<div style=\"height:15px\" aria-hidden=\"true\" class=\"wp-block-spacer\"><\/div>\n\n\n\n<p class=\"has-text-align-left button-link vermell\"><a href=\"https:\/\/www.noatumlogistics.com\/ecommerce-solutions\/es\/empresas-que-distribuyen-a-empresas\/\" data-type=\"page\" data-id=\"1261\">Ver caso<\/a><\/p>\n<\/div><\/div>\n\n\n\n<div class=\"wp-block-group slide-scroll\"><div class=\"wp-block-group__inner-container is-layout-flow wp-block-group-is-layout-flow\"><div class=\"wp-block-image\">\n<figure class=\"alignleft size-full is-resized\"><a href=\"https:\/\/www.noatumlogistics.com\/ecommerce-solutions\/es\/empresas-que-requieren-un-servicio-de-valor-anadido\/\"><img loading=\"lazy\" decoding=\"async\" src=\"https:\/\/www.noatumlogistics.com\/ecommerce-solutions\/wp-content\/uploads\/2022\/02\/Group-31.png\" alt=\"\" class=\"wp-image-3720\" width=\"375\" height=\"366\" srcset=\"https:\/\/www.noatumlogistics.com\/ecommerce-solutions\/wp-content\/uploads\/2022\/02\/Group-31.png 750w, https:\/\/www.noatumlogistics.com\/ecommerce-solutions\/wp-content\/uploads\/2022\/02\/Group-31-300x293.png 300w\" sizes=\"auto, (max-width: 375px) 100vw, 375px\" \/><\/a><\/figure><\/div>\n\n\n<div style=\"height:15px\" aria-hidden=\"true\" class=\"wp-block-spacer\"><\/div>\n\n\n\n<p class=\"has-text-align-left has-text-color has-large-font-size\" style=\"color:#0f335b\"><a href=\"https:\/\/www.noatumlogistics.com\/ecommerce-solutions\/es\/empresas-que-requieren-un-servicio-de-valor-anadido\/\" data-type=\"page\" data-id=\"1499\">Empresas que requieren un servicio de valor a\u00f1adido<\/a><\/p>\n\n\n\n<p class=\"has-text-align-left\">Ahorro de un 20% de costes en comparaci\u00f3n con el establecimiento anterior<\/p>\n\n\n\n<div style=\"height:15px\" aria-hidden=\"true\" class=\"wp-block-spacer\"><\/div>\n\n\n\n<p class=\"has-text-align-left verd button-link\"><a href=\"https:\/\/www.noatumlogistics.com\/ecommerce-solutions\/es\/empresas-que-requieren-un-servicio-de-valor-anadido\/\" data-type=\"page\" data-id=\"1499\">Ver caso<\/a><\/p>\n<\/div><\/div>\n\n\n\n<div class=\"wp-block-group slide-scroll\"><div class=\"wp-block-group__inner-container is-layout-flow wp-block-group-is-layout-flow\"><div class=\"wp-block-image\">\n<figure class=\"alignleft size-full is-resized\"><a href=\"https:\/\/www.noatumlogistics.com\/ecommerce-solutions\/es\/externalizacion-de-la-cadena-de-suministro-y-operacion-logistica\/\"><img loading=\"lazy\" decoding=\"async\" src=\"https:\/\/www.noatumlogistics.com\/ecommerce-solutions\/wp-content\/uploads\/2022\/02\/Group-18-1.png\" alt=\"\" class=\"wp-image-3731\" width=\"375\" height=\"366\" srcset=\"https:\/\/www.noatumlogistics.com\/ecommerce-solutions\/wp-content\/uploads\/2022\/02\/Group-18-1.png 750w, https:\/\/www.noatumlogistics.com\/ecommerce-solutions\/wp-content\/uploads\/2022\/02\/Group-18-1-300x293.png 300w\" sizes=\"auto, (max-width: 375px) 100vw, 375px\" \/><\/a><\/figure><\/div>\n\n\n<div style=\"height:20px\" aria-hidden=\"true\" class=\"wp-block-spacer\"><\/div>\n\n\n\n<p class=\"has-text-align-left has-text-color has-large-font-size\" style=\"color:#0f335b\"><a href=\"https:\/\/www.noatumlogistics.com\/ecommerce-solutions\/es\/externalizacion-de-la-cadena-de-suministro-y-operacion-logistica\/\" data-type=\"page\" data-id=\"1517\">Externalizaci\u00f3n de la cadena de suministro y operaci\u00f3n log\u00edstica<\/a><\/p>\n\n\n\n<p class=\"has-text-align-left\">\u00a112 a\u00f1os de colaboraci\u00f3n y seguimos sumando!<\/p>\n\n\n\n<div style=\"height:15px\" aria-hidden=\"true\" class=\"wp-block-spacer\"><\/div>\n\n\n\n<p class=\"has-text-align-left button-link lila\"><a href=\"https:\/\/www.noatumlogistics.com\/ecommerce-solutions\/es\/externalizacion-de-la-cadena-de-suministro-y-operacion-logistica\/\" data-type=\"page\" data-id=\"1517\">Ver caso<\/a><\/p>\n<\/div><\/div>\n\n\n\n<div class=\"wp-block-group slide-scroll\"><div class=\"wp-block-group__inner-container is-layout-flow wp-block-group-is-layout-flow\"><div class=\"wp-block-image\">\n<figure class=\"alignleft size-full\"><a href=\"https:\/\/www.noatumlogistics.com\/ecommerce-solutions\/es\/programas-de-kickstarter-y-nuevas-start-ups\/\"><img loading=\"lazy\" decoding=\"async\" width=\"750\" height=\"732\" src=\"https:\/\/www.noatumlogistics.com\/ecommerce-solutions\/wp-content\/uploads\/2022\/03\/kick-icon.png\" alt=\"\" class=\"wp-image-3793\" srcset=\"https:\/\/www.noatumlogistics.com\/ecommerce-solutions\/wp-content\/uploads\/2022\/03\/kick-icon.png 750w, https:\/\/www.noatumlogistics.com\/ecommerce-solutions\/wp-content\/uploads\/2022\/03\/kick-icon-300x293.png 300w\" sizes=\"auto, (max-width: 750px) 100vw, 750px\" \/><\/a><\/figure><\/div>\n\n\n<div style=\"height:20px\" aria-hidden=\"true\" class=\"wp-block-spacer\"><\/div>\n\n\n\n<p class=\"has-text-align-left has-text-color has-large-font-size\" style=\"color:#0f335b\"><a href=\"https:\/\/www.noatumlogistics.com\/ecommerce-solutions\/es\/programas-de-kickstarter-y-nuevas-start-ups\/\" data-type=\"page\" data-id=\"1269\">Programas de Kickstarter y nuevas start-ups<\/a><\/p>\n\n\n\n<p class=\"has-text-align-left\">Tu asesor en log\u00edstica para ayudarte a hacer frente a cualquier situaci\u00f3n.<\/p>\n\n\n\n<div style=\"height:15px\" aria-hidden=\"true\" class=\"wp-block-spacer\"><\/div>\n\n\n\n<p class=\"has-text-align-left button-link groc\"><a href=\"https:\/\/www.noatumlogistics.com\/ecommerce-solutions\/es\/programas-de-kickstarter-y-nuevas-start-ups\/\" data-type=\"page\" data-id=\"1269\">Ver caso<\/a><\/p>\n<\/div><\/div>\n\n\n\n<div class=\"wp-block-group slide-scroll\"><div class=\"wp-block-group__inner-container is-layout-flow wp-block-group-is-layout-flow\"><div class=\"wp-block-image\">\n<figure class=\"alignleft size-full is-resized\"><a href=\"https:\/\/www.noatumlogistics.com\/ecommerce-solutions\/es\/empresas-que-se-abren-camino-en-un-nuevo-mercado\/\"><img loading=\"lazy\" decoding=\"async\" src=\"https:\/\/www.noatumlogistics.com\/ecommerce-solutions\/wp-content\/uploads\/2022\/02\/Group-23.png\" alt=\"\" class=\"wp-image-3734\" width=\"375\" height=\"366\" srcset=\"https:\/\/www.noatumlogistics.com\/ecommerce-solutions\/wp-content\/uploads\/2022\/02\/Group-23.png 750w, https:\/\/www.noatumlogistics.com\/ecommerce-solutions\/wp-content\/uploads\/2022\/02\/Group-23-300x293.png 300w\" sizes=\"auto, (max-width: 375px) 100vw, 375px\" \/><\/a><\/figure><\/div>\n\n\n<div style=\"height:20px\" aria-hidden=\"true\" class=\"wp-block-spacer\"><\/div>\n\n\n\n<p class=\"has-text-align-left has-text-color has-large-font-size\" style=\"color:#0f335b\"><a href=\"https:\/\/www.noatumlogistics.com\/ecommerce-solutions\/es\/empresas-que-se-abren-camino-en-un-nuevo-mercado\/\" data-type=\"page\" data-id=\"1515\">Empresas que se abren camino en un nuevo mercado<\/a><\/p>\n\n\n\n<p class=\"has-text-align-left\">En el primer mes ya se hab\u00eda alcanzado el 98% de las ventas previstas para todo el primer trimestre<\/p>\n\n\n\n<div style=\"height:15px\" aria-hidden=\"true\" class=\"wp-block-spacer\"><\/div>\n\n\n\n<p class=\"has-text-align-left button-link taronja\"><a href=\"https:\/\/www.noatumlogistics.com\/ecommerce-solutions\/es\/empresas-que-se-abren-camino-en-un-nuevo-mercado\/\" data-type=\"page\" data-id=\"1515\">Ver caso<\/a><\/p>\n<\/div><\/div>\n\n\n\n<div class=\"wp-block-group slide-scroll\"><div class=\"wp-block-group__inner-container is-layout-flow wp-block-group-is-layout-flow\"><div class=\"wp-block-image\">\n<figure class=\"alignleft size-full\"><a href=\"https:\/\/www.noatumlogistics.com\/ecommerce-solutions\/es\/organizador-de-ferias-comerciales-y-expositores\/\"><img loading=\"lazy\" decoding=\"async\" width=\"750\" height=\"732\" src=\"https:\/\/www.noatumlogistics.com\/ecommerce-solutions\/wp-content\/uploads\/2022\/03\/trade-icon.png\" alt=\"\" class=\"wp-image-3794\" srcset=\"https:\/\/www.noatumlogistics.com\/ecommerce-solutions\/wp-content\/uploads\/2022\/03\/trade-icon.png 750w, https:\/\/www.noatumlogistics.com\/ecommerce-solutions\/wp-content\/uploads\/2022\/03\/trade-icon-300x293.png 300w\" sizes=\"auto, (max-width: 750px) 100vw, 750px\" \/><\/a><\/figure><\/div>\n\n\n<div style=\"height:20px\" aria-hidden=\"true\" class=\"wp-block-spacer\"><\/div>\n\n\n\n<p class=\"has-text-align-left has-text-color has-large-font-size\" style=\"color:#0f335b\"><a href=\"https:\/\/www.noatumlogistics.com\/ecommerce-solutions\/es\/organizador-de-ferias-comerciales-y-expositores\/\" data-type=\"page\" data-id=\"1267\">Organizador de ferias comerciales y expositores<\/a><\/p>\n\n\n\n<p class=\"has-text-align-left\">Aumento del conocimiento de la marca y del negocio a trav\u00e9s de la participaci\u00f3n activa en eventos<\/p>\n\n\n\n<div style=\"height:15px\" aria-hidden=\"true\" class=\"wp-block-spacer\"><\/div>\n\n\n\n<p class=\"has-text-align-left button-link verd\"><a href=\"https:\/\/www.noatumlogistics.com\/ecommerce-solutions\/es\/organizador-de-ferias-comerciales-y-expositores\/\" data-type=\"page\" data-id=\"1267\">Ver caso<\/a><\/p>\n<\/div><\/div>\n<\/div><\/div>\n\n\n\n<div style=\"height:62px\" aria-hidden=\"true\" class=\"wp-block-spacer\"><\/div>\n<\/div><\/div>\n","protected":false},"excerpt":{"rendered":"","protected":false},"author":1,"featured_media":0,"parent":0,"menu_order":0,"comment_status":"closed","ping_status":"closed","template":"","meta":{"footnotes":""},"class_list":["post-4191","page","type-page","status-publish","hentry"],"_links":{"self":[{"href":"https:\/\/www.noatumlogistics.com\/ecommerce-solutions\/es\/wp-json\/wp\/v2\/pages\/4191","targetHints":{"allow":["GET"]}}],"collection":[{"href":"https:\/\/www.noatumlogistics.com\/ecommerce-solutions\/es\/wp-json\/wp\/v2\/pages"}],"about":[{"href":"https:\/\/www.noatumlogistics.com\/ecommerce-solutions\/es\/wp-json\/wp\/v2\/types\/page"}],"author":[{"embeddable":true,"href":"https:\/\/www.noatumlogistics.com\/ecommerce-solutions\/es\/wp-json\/wp\/v2\/users\/1"}],"replies":[{"embeddable":true,"href":"https:\/\/www.noatumlogistics.com\/ecommerce-solutions\/es\/wp-json\/wp\/v2\/comments?post=4191"}],"version-history":[{"count":1,"href":"https:\/\/www.noatumlogistics.com\/ecommerce-solutions\/es\/wp-json\/wp\/v2\/pages\/4191\/revisions"}],"predecessor-version":[{"id":4192,"href":"https:\/\/www.noatumlogistics.com\/ecommerce-solutions\/es\/wp-json\/wp\/v2\/pages\/4191\/revisions\/4192"}],"wp:attachment":[{"href":"https:\/\/www.noatumlogistics.com\/ecommerce-solutions\/es\/wp-json\/wp\/v2\/media?parent=4191"}],"curies":[{"name":"wp","href":"https:\/\/api.w.org\/{rel}","templated":true}]}}