{"id":4013,"date":"2022-02-16T16:49:10","date_gmt":"2022-02-16T14:49:10","guid":{"rendered":"https:\/\/www.noatumlogistics.com\/ecommerce-solutions\/sabuabpabpablabyab-cabhabaabiabnab-oabuabtabsa\/"},"modified":"2025-07-18T11:36:21","modified_gmt":"2025-07-18T09:36:21","slug":"externalizacion-de-la-cadena-de-suministro-y-operacion-logistica","status":"publish","type":"page","link":"https:\/\/www.noatumlogistics.com\/ecommerce-solutions\/es\/externalizacion-de-la-cadena-de-suministro-y-operacion-logistica\/","title":{"rendered":"Externalizaci\u00f3n de la cadena de suministro y operaci\u00f3n log\u00edstica"},"content":{"rendered":"\n<div class=\"wp-block-group full-width lila no-padding\"><div class=\"wp-block-group__inner-container is-layout-flow wp-block-group-is-layout-flow\">\n<div class=\"wp-block-group home-img-background full-width background-oval\"><div class=\"wp-block-group__inner-container is-layout-flow wp-block-group-is-layout-flow\">\n<div class=\"wp-block-columns is-layout-flex wp-container-core-columns-is-layout-9d6595d7 wp-block-columns-is-layout-flex\">\n<div class=\"wp-block-column is-vertically-aligned-top is-layout-flow wp-block-column-is-layout-flow\">\n<figure class=\"wp-block-image size-large full-width\"><img loading=\"lazy\" decoding=\"async\" width=\"926\" height=\"1024\" src=\"https:\/\/www.noatumlogistics.com\/ecommerce-solutions\/wp-content\/uploads\/2022\/02\/chain-926x1024.png\" alt=\"\" class=\"wp-image-3732\" srcset=\"https:\/\/www.noatumlogistics.com\/ecommerce-solutions\/wp-content\/uploads\/2022\/02\/chain-926x1024.png 926w, https:\/\/www.noatumlogistics.com\/ecommerce-solutions\/wp-content\/uploads\/2022\/02\/chain-271x300.png 271w, https:\/\/www.noatumlogistics.com\/ecommerce-solutions\/wp-content\/uploads\/2022\/02\/chain-768x849.png 768w, https:\/\/www.noatumlogistics.com\/ecommerce-solutions\/wp-content\/uploads\/2022\/02\/chain.png 1200w\" sizes=\"auto, (max-width: 926px) 100vw, 926px\" \/><\/figure>\n<\/div>\n\n\n\n<div class=\"wp-block-column is-vertically-aligned-top is-layout-flow wp-block-column-is-layout-flow\" style=\"flex-basis:50%\">\n<div class=\"wp-block-group content-block max-width-text overlap-responsive padding-sides\"><div class=\"wp-block-group__inner-container is-layout-flow wp-block-group-is-layout-flow\">\n<div class=\"wp-block-group appear top\"><div class=\"wp-block-group__inner-container is-layout-flow wp-block-group-is-layout-flow\">\n<div style=\"height:105px\" aria-hidden=\"true\" class=\"wp-block-spacer desktop\"><\/div>\n\n\n\n<h1 class=\"wp-block-heading has-text-align-left no-margin move main-color\" id=\"businesses-dispatching-to-consumers-1\"><strong><strong><strong>Externalizaci\u00f3n de la cadena de suministro<\/strong><\/strong><\/strong> <strong><strong>y operaci\u00f3n log\u00edstica<\/strong><\/strong><\/h1>\n\n\n\n<p style=\"font-size:28px\">Centros de control en EE.&nbsp;UU. y Hong Kong como soluci\u00f3n de gesti\u00f3n<\/p>\n\n\n\n<p class=\"button-link\"><a href=\"https:\/\/www.noatumlogistics.com\/ecommerce-solutions\/es\/contacto\/\" data-type=\"page\" data-id=\"28\">Solicitar presupuesto<\/a><\/p>\n<\/div><\/div>\n<\/div><\/div>\n<\/div>\n<\/div>\n<\/div><\/div>\n\n\n\n<div class=\"wp-block-group padding-sides\"><div class=\"wp-block-group__inner-container is-layout-flow wp-block-group-is-layout-flow\">\n<h2 class=\"wp-block-heading has-text-align-center no-margin-bottom main-color overlap-content max-width\" id=\"ecommerce-solutions-for-b2c-businesses-1\"><strong>Gesti\u00f3n de todo el proceso log\u00edstico para una empresa de eCommerce<\/strong><\/h2>\n\n\n\n<div style=\"height:44px\" aria-hidden=\"true\" class=\"wp-block-spacer\"><\/div>\n\n\n\n<div class=\"wp-block-columns max-width-wide is-layout-flex wp-container-core-columns-is-layout-9d6595d7 wp-block-columns-is-layout-flex\">\n<div class=\"wp-block-column is-layout-flow wp-block-column-is-layout-flow\">\n<div class=\"wp-block-group centered counter-animation bold\"><div class=\"wp-block-group__inner-container is-layout-flow wp-block-group-is-layout-flow\">\n<p class=\"has-text-align-center no-margin counter-number main-color\" style=\"font-size:100px\"><strong>15%<\/strong><\/p>\n<\/div><\/div>\n\n\n\n<p class=\"has-text-align-center no-margin-top\">Ahorro en costes de explotaci\u00f3n<\/p>\n<\/div>\n\n\n\n<div class=\"wp-block-column is-layout-flow wp-block-column-is-layout-flow\">\n<div class=\"wp-block-group counter-animation bold centered\"><div class=\"wp-block-group__inner-container is-layout-flow wp-block-group-is-layout-flow\">\n<p class=\"has-text-align-center no-margin counter-number main-color\" style=\"font-size:100px\"><strong><strong>99%<\/strong><\/strong><\/p>\n<\/div><\/div>\n\n\n\n<p class=\"has-text-align-center no-margin-top\">Precisi\u00f3n<\/p>\n<\/div>\n\n\n\n<div class=\"wp-block-column is-layout-flow wp-block-column-is-layout-flow\">\n<div class=\"wp-block-group counter-animation bold centered\"><div class=\"wp-block-group__inner-container is-layout-flow wp-block-group-is-layout-flow\">\n<p class=\"has-text-align-center no-margin counter-number main-color\" style=\"font-size:100px\"><strong><strong><strong>99%<\/strong><\/strong><\/strong><\/p>\n<\/div><\/div>\n\n\n\n<p class=\"has-text-align-center no-margin-top\">Tasa de entrega puntual<\/p>\n<\/div>\n<\/div>\n\n\n\n<div style=\"height:70px\" aria-hidden=\"true\" class=\"wp-block-spacer desktop\"><\/div>\n\n\n\n<div style=\"height:70px\" aria-hidden=\"true\" class=\"wp-block-spacer desktop\"><\/div>\n\n\n<div class=\"wp-block-image max-width-narrow\">\n<figure class=\"aligncenter size-large\"><img loading=\"lazy\" decoding=\"async\" width=\"683\" height=\"1024\" src=\"https:\/\/www.noatumlogistics.com\/ecommerce-solutions\/wp-content\/uploads\/2022\/05\/Noatum0398_retouched-683x1024.jpg\" alt=\"\" class=\"wp-image-3929\" srcset=\"https:\/\/www.noatumlogistics.com\/ecommerce-solutions\/wp-content\/uploads\/2022\/05\/Noatum0398_retouched-683x1024.jpg 683w, https:\/\/www.noatumlogistics.com\/ecommerce-solutions\/wp-content\/uploads\/2022\/05\/Noatum0398_retouched-200x300.jpg 200w, https:\/\/www.noatumlogistics.com\/ecommerce-solutions\/wp-content\/uploads\/2022\/05\/Noatum0398_retouched-768x1152.jpg 768w, https:\/\/www.noatumlogistics.com\/ecommerce-solutions\/wp-content\/uploads\/2022\/05\/Noatum0398_retouched.jpg 800w\" sizes=\"auto, (max-width: 683px) 100vw, 683px\" \/><\/figure><\/div><\/div><\/div>\n\n\n\n<div class=\"wp-block-group full-width\"><div class=\"wp-block-group__inner-container is-layout-flow wp-block-group-is-layout-flow\">\n<figure class=\"wp-block-image size-full full-width curve\"><img loading=\"lazy\" decoding=\"async\" width=\"2000\" height=\"187\" src=\"https:\/\/www.noatumlogistics.com\/ecommerce-solutions\/wp-content\/uploads\/2022\/02\/ovalgrisclar-top.png\" alt=\"\" class=\"wp-image-3757\" srcset=\"https:\/\/www.noatumlogistics.com\/ecommerce-solutions\/wp-content\/uploads\/2022\/02\/ovalgrisclar-top.png 2000w, https:\/\/www.noatumlogistics.com\/ecommerce-solutions\/wp-content\/uploads\/2022\/02\/ovalgrisclar-top-300x28.png 300w, https:\/\/www.noatumlogistics.com\/ecommerce-solutions\/wp-content\/uploads\/2022\/02\/ovalgrisclar-top-1024x96.png 1024w, https:\/\/www.noatumlogistics.com\/ecommerce-solutions\/wp-content\/uploads\/2022\/02\/ovalgrisclar-top-768x72.png 768w, https:\/\/www.noatumlogistics.com\/ecommerce-solutions\/wp-content\/uploads\/2022\/02\/ovalgrisclar-top-1536x144.png 1536w\" sizes=\"auto, (max-width: 2000px) 100vw, 2000px\" \/><\/figure>\n<\/div><\/div>\n\n\n\n<div class=\"wp-block-group full-width background-color\"><div class=\"wp-block-group__inner-container is-layout-flow wp-block-group-is-layout-flow\">\n<div class=\"wp-block-columns are-vertically-aligned-center max-width-wide padding-sides mobile-reverse is-layout-flex wp-container-core-columns-is-layout-9d6595d7 wp-block-columns-is-layout-flex\">\n<div class=\"wp-block-column is-vertically-aligned-center text-column is-layout-flow wp-block-column-is-layout-flow\">\n<h2 class=\"wp-block-heading main-color\" id=\"briefing\"><strong>Briefing<\/strong><\/h2>\n\n\n\n<p class=\"has-medium-font-size\">Empresa estadounidense con productos de marca propia, que vende a trav\u00e9s de canales O2O en EE.&nbsp;UU. y Asia.<\/p>\n<\/div>\n\n\n\n<div class=\"wp-block-column is-vertically-aligned-center is-layout-flow wp-block-column-is-layout-flow\"><div class=\"wp-block-image\">\n<figure class=\"aligncenter size-full\"><img loading=\"lazy\" decoding=\"async\" width=\"750\" height=\"732\" src=\"https:\/\/www.noatumlogistics.com\/ecommerce-solutions\/wp-content\/uploads\/2022\/02\/Group-15-Copy-4.png\" alt=\"\" class=\"wp-image-3775\" srcset=\"https:\/\/www.noatumlogistics.com\/ecommerce-solutions\/wp-content\/uploads\/2022\/02\/Group-15-Copy-4.png 750w, https:\/\/www.noatumlogistics.com\/ecommerce-solutions\/wp-content\/uploads\/2022\/02\/Group-15-Copy-4-300x293.png 300w\" sizes=\"auto, (max-width: 750px) 100vw, 750px\" \/><\/figure><\/div><\/div>\n<\/div>\n\n\n\n<div class=\"wp-block-columns are-vertically-aligned-center max-width-wide padding-sides is-layout-flex wp-container-core-columns-is-layout-9d6595d7 wp-block-columns-is-layout-flex\">\n<div class=\"wp-block-column is-vertically-aligned-center is-layout-flow wp-block-column-is-layout-flow\"><div class=\"wp-block-image\">\n<figure class=\"aligncenter size-full\"><img loading=\"lazy\" decoding=\"async\" width=\"750\" height=\"732\" src=\"https:\/\/www.noatumlogistics.com\/ecommerce-solutions\/wp-content\/uploads\/2022\/02\/Group-23-Copy-6.png\" alt=\"\" class=\"wp-image-3776\" srcset=\"https:\/\/www.noatumlogistics.com\/ecommerce-solutions\/wp-content\/uploads\/2022\/02\/Group-23-Copy-6.png 750w, https:\/\/www.noatumlogistics.com\/ecommerce-solutions\/wp-content\/uploads\/2022\/02\/Group-23-Copy-6-300x293.png 300w\" sizes=\"auto, (max-width: 750px) 100vw, 750px\" \/><\/figure><\/div><\/div>\n\n\n\n<div class=\"wp-block-column is-vertically-aligned-center text-column is-layout-flow wp-block-column-is-layout-flow\">\n<h2 class=\"wp-block-heading main-color\" id=\"the-challenge\"><strong>El reto<\/strong><\/h2>\n\n\n\n<p class=\"has-medium-font-size\">La solicitud internacional de presupuesto se lanz\u00f3 en 2012 en los EE.&nbsp;UU.<\/p>\n\n\n\n<p class=\"has-medium-font-size\">A\u00e9reo\/LCL\/FCL<\/p>\n\n\n\n<p class=\"has-medium-font-size\">Necesidad de exportar desde Asia a EE.&nbsp;UU. y desde EE.&nbsp;UU. a Asia<\/p>\n<\/div>\n<\/div>\n\n\n\n<div class=\"wp-block-columns are-vertically-aligned-center max-width-wide padding-sides mobile-reverse is-layout-flex wp-container-core-columns-is-layout-9d6595d7 wp-block-columns-is-layout-flex\">\n<div class=\"wp-block-column is-vertically-aligned-center text-column is-layout-flow wp-block-column-is-layout-flow\">\n<h2 class=\"wp-block-heading main-color\" id=\"the-solution\"><strong>La soluci\u00f3n<\/strong><\/h2>\n\n\n\n<p class=\"has-medium-font-size\">An\u00e1lisis de los medios de transporte m\u00e1s adecuados para el env\u00edo internacional<\/p>\n\n\n\n<p class=\"has-medium-font-size\">Se introdujo el modelo ISC (International Supply Chain) de Noatum con nuestro software propio PVPO<\/p>\n\n\n\n<p class=\"has-medium-font-size\">Centros de control en EE.&nbsp;UU. y Hong Kong como soluci\u00f3n de gesti\u00f3n<\/p>\n<\/div>\n\n\n\n<div class=\"wp-block-column is-vertically-aligned-center is-layout-flow wp-block-column-is-layout-flow\"><div class=\"wp-block-image\">\n<figure class=\"aligncenter size-full\"><img loading=\"lazy\" decoding=\"async\" width=\"750\" height=\"732\" src=\"https:\/\/www.noatumlogistics.com\/ecommerce-solutions\/wp-content\/uploads\/2022\/02\/Group-31-1.png\" alt=\"\" class=\"wp-image-3777\" srcset=\"https:\/\/www.noatumlogistics.com\/ecommerce-solutions\/wp-content\/uploads\/2022\/02\/Group-31-1.png 750w, https:\/\/www.noatumlogistics.com\/ecommerce-solutions\/wp-content\/uploads\/2022\/02\/Group-31-1-300x293.png 300w\" sizes=\"auto, (max-width: 750px) 100vw, 750px\" \/><\/figure><\/div><\/div>\n<\/div>\n\n\n\n<div class=\"wp-block-columns are-vertically-aligned-center max-width-wide padding-sides is-layout-flex wp-container-core-columns-is-layout-9d6595d7 wp-block-columns-is-layout-flex\">\n<div class=\"wp-block-column is-vertically-aligned-center is-layout-flow wp-block-column-is-layout-flow\"><div class=\"wp-block-image\">\n<figure class=\"aligncenter size-full\"><img loading=\"lazy\" decoding=\"async\" width=\"750\" height=\"732\" src=\"https:\/\/www.noatumlogistics.com\/ecommerce-solutions\/wp-content\/uploads\/2022\/02\/Group-Copy-2.png\" alt=\"\" class=\"wp-image-3778\" srcset=\"https:\/\/www.noatumlogistics.com\/ecommerce-solutions\/wp-content\/uploads\/2022\/02\/Group-Copy-2.png 750w, https:\/\/www.noatumlogistics.com\/ecommerce-solutions\/wp-content\/uploads\/2022\/02\/Group-Copy-2-300x293.png 300w\" sizes=\"auto, (max-width: 750px) 100vw, 750px\" \/><\/figure><\/div><\/div>\n\n\n\n<div class=\"wp-block-column is-vertically-aligned-center text-column is-layout-flow wp-block-column-is-layout-flow\">\n<h2 class=\"wp-block-heading main-color\" id=\"the-result\"><strong>El resultado<\/strong><\/h2>\n\n\n\n<p class=\"has-medium-font-size\">Colaboraci\u00f3n ininterrumpida desde hace 12 a\u00f1os con Noatum Logistics<\/p>\n\n\n\n<p class=\"has-medium-font-size\">Exportaciones dentro de Asia y desde EE.&nbsp;UU. a cargo de Noatum Logistics.<\/p>\n\n\n\n<p class=\"has-medium-font-size\">Servicio de fulfillment de pedidos de Noatum Logistics eCommerce Solutions en Hong Kong y Singapur.<\/p>\n<\/div>\n<\/div>\n\n\n\n<div style=\"height:100px\" aria-hidden=\"true\" class=\"wp-block-spacer\"><\/div>\n<\/div><\/div>\n\n\n\n<figure class=\"wp-block-image size-full full-width no-padding curve bottom background-color-stripe\"><img loading=\"lazy\" decoding=\"async\" width=\"2000\" height=\"200\" src=\"https:\/\/www.noatumlogistics.com\/ecommerce-solutions\/wp-content\/uploads\/2022\/02\/ovalgrisclar-bottom.png\" alt=\"\" class=\"wp-image-3756\" srcset=\"https:\/\/www.noatumlogistics.com\/ecommerce-solutions\/wp-content\/uploads\/2022\/02\/ovalgrisclar-bottom.png 2000w, https:\/\/www.noatumlogistics.com\/ecommerce-solutions\/wp-content\/uploads\/2022\/02\/ovalgrisclar-bottom-300x30.png 300w, https:\/\/www.noatumlogistics.com\/ecommerce-solutions\/wp-content\/uploads\/2022\/02\/ovalgrisclar-bottom-1024x102.png 1024w, https:\/\/www.noatumlogistics.com\/ecommerce-solutions\/wp-content\/uploads\/2022\/02\/ovalgrisclar-bottom-768x77.png 768w, https:\/\/www.noatumlogistics.com\/ecommerce-solutions\/wp-content\/uploads\/2022\/02\/ovalgrisclar-bottom-1536x154.png 1536w\" sizes=\"auto, (max-width: 2000px) 100vw, 2000px\" \/><\/figure>\n\n\n\n<div class=\"wp-block-group padding-sides background-color-stripe\"><div class=\"wp-block-group__inner-container is-layout-flow wp-block-group-is-layout-flow\">\n<div style=\"height:20px\" aria-hidden=\"true\" class=\"wp-block-spacer mobile\"><\/div>\n\n\n\n<p class=\"has-text-align-center max-width-narrow no-margin-top has-large-font-size\"><strong>Una gran asociaci\u00f3n para tu negocio de eCommerce<\/strong><\/p>\n\n\n\n<div style=\"height:5px\" aria-hidden=\"true\" class=\"wp-block-spacer\"><\/div>\n\n\n\n<p class=\"has-text-align-center button-link\"><a href=\"https:\/\/www.noatumlogistics.com\/ecommerce-solutions\/es\/efulfillment\/\" data-type=\"page\" data-id=\"543\">Descubre nuestros servicios de eFulfillment<\/a><\/p>\n\n\n\n<div style=\"height:123px\" aria-hidden=\"true\" class=\"wp-block-spacer desktop\"><\/div>\n\n\n\n<div style=\"height:40px\" aria-hidden=\"true\" class=\"wp-block-spacer mobile\"><\/div>\n<\/div><\/div>\n<\/div><\/div>\n\n\n\n<figure class=\"wp-block-image size-large full-width curve bottom no-padding\"><img loading=\"lazy\" decoding=\"async\" width=\"1024\" height=\"102\" src=\"https:\/\/www.noatumlogistics.com\/ecommerce-solutions\/wp-content\/uploads\/2022\/04\/lila-final-1024x102.png\" alt=\"\" class=\"wp-image-3920\" title=\"\" srcset=\"https:\/\/www.noatumlogistics.com\/ecommerce-solutions\/wp-content\/uploads\/2022\/04\/lila-final-1024x102.png 1024w, https:\/\/www.noatumlogistics.com\/ecommerce-solutions\/wp-content\/uploads\/2022\/04\/lila-final-300x30.png 300w, https:\/\/www.noatumlogistics.com\/ecommerce-solutions\/wp-content\/uploads\/2022\/04\/lila-final-768x77.png 768w, https:\/\/www.noatumlogistics.com\/ecommerce-solutions\/wp-content\/uploads\/2022\/04\/lila-final-1536x154.png 1536w, https:\/\/www.noatumlogistics.com\/ecommerce-solutions\/wp-content\/uploads\/2022\/04\/lila-final.png 2000w\" sizes=\"auto, (max-width: 1024px) 100vw, 1024px\" \/><\/figure>\n\n\n\n<div class=\"wp-block-group full-width\"><div class=\"wp-block-group__inner-container is-layout-flow wp-block-group-is-layout-flow\">\n<div class=\"wp-block-group shadow-block max-width-narrow newsletter has-white-background-color has-background\"><div class=\"wp-block-group__inner-container is-layout-flow wp-block-group-is-layout-flow\">\n<h2 class=\"has-text-align-center no-margin-bottom wp-block-heading\" id=\"contact-us\">Contacto<\/h2>\n\n\n\n<div class=\"wp-block-contact-form-7-contact-form-selector\">\n<div class=\"wpcf7 no-js\" id=\"wpcf7-f3992-o1\" lang=\"es-ES\" dir=\"ltr\" data-wpcf7-id=\"3992\">\n<div class=\"screen-reader-response\"><p role=\"status\" aria-live=\"polite\" aria-atomic=\"true\"><\/p> <ul><\/ul><\/div>\n<form action=\"\/ecommerce-solutions\/es\/wp-json\/wp\/v2\/pages\/4013#wpcf7-f3992-o1\" method=\"post\" class=\"wpcf7-form init\" aria-label=\"Formulario de contacto\" novalidate=\"novalidate\" data-status=\"init\">\n<fieldset class=\"hidden-fields-container\"><input type=\"hidden\" name=\"_wpcf7\" value=\"3992\" \/><input type=\"hidden\" name=\"_wpcf7_version\" value=\"6.1.4\" \/><input type=\"hidden\" name=\"_wpcf7_locale\" value=\"es_ES\" \/><input type=\"hidden\" name=\"_wpcf7_unit_tag\" value=\"wpcf7-f3992-o1\" \/><input type=\"hidden\" name=\"_wpcf7_container_post\" value=\"0\" \/><input type=\"hidden\" name=\"_wpcf7_posted_data_hash\" value=\"\" \/><input type=\"hidden\" name=\"csrf_token\" value=\"258bf37e99fcddd4d2666859f1aa688ca636b101982ee11d93e984b8ade9a179\" \/><input type=\"hidden\" name=\"_wpcf7_recaptcha_response\" value=\"\" \/>\n<\/fieldset>\n<p><label><span class=\"wpcf7-form-control-wrap\" data-name=\"your-name\"><input size=\"40\" maxlength=\"400\" class=\"wpcf7-form-control wpcf7-text wpcf7-validates-as-required\" aria-required=\"true\" aria-invalid=\"false\" placeholder=\"Nombre\" value=\"\" type=\"text\" name=\"your-name\" \/><\/span> <\/label><label><span class=\"wpcf7-form-control-wrap\" data-name=\"your-email\"><input size=\"40\" maxlength=\"400\" class=\"wpcf7-form-control wpcf7-email wpcf7-validates-as-required wpcf7-text wpcf7-validates-as-email\" aria-required=\"true\" aria-invalid=\"false\" placeholder=\"Email\" value=\"\" type=\"email\" name=\"your-email\" \/><\/span> <\/label><label><span class=\"wpcf7-form-control-wrap\" data-name=\"your-company\"><input size=\"40\" maxlength=\"400\" class=\"wpcf7-form-control wpcf7-text\" aria-invalid=\"false\" placeholder=\"Empresa\" value=\"\" type=\"text\" name=\"your-company\" \/><\/span> <\/label><label><span class=\"wpcf7-form-control-wrap\" data-name=\"your-tel\"><input size=\"40\" maxlength=\"400\" class=\"wpcf7-form-control wpcf7-text wpcf7-validates-as-required\" aria-required=\"true\" aria-invalid=\"false\" placeholder=\"Tel\u00e9fono\" value=\"\" type=\"text\" name=\"your-tel\" \/><\/span> <\/label><label><span class=\"wpcf7-form-control-wrap\" data-name=\"your-message\"><textarea cols=\"40\" rows=\"10\" maxlength=\"2000\" class=\"wpcf7-form-control wpcf7-textarea wpcf7-validates-as-required\" aria-required=\"true\" aria-invalid=\"false\" placeholder=\"Mensaje\" name=\"your-message\"><\/textarea><\/span> <\/label><label>\n\t<input class=\"wpcf7-form-control wpcf7-hidden\" value=\"Formulario de contacto\" type=\"hidden\" name=\"your-subject\" \/><\/label><br \/>\n<label class=\"label-acceptance\"><span class=\"wpcf7-form-control-wrap\" data-name=\"acceptance-marketing\"><span class=\"wpcf7-form-control wpcf7-acceptance optional\"><span class=\"wpcf7-list-item\"><input type=\"checkbox\" name=\"acceptance-marketing\" value=\"1\" aria-invalid=\"false\" \/><\/span><\/span><\/span>Acepto la recepci\u00f3n de publicidad de los servicios del grupo Noatum en mi direcci\u00f3n de correo electr\u00f3nico.<\/label><input class=\"wpcf7-form-control wpcf7-submit has-spinner\" type=\"submit\" value=\"Enviar\" \/>\n<\/p>\n<p class=\"has-small-font-size\"><br \/>\nNoatum Holdings S.L.U., con domicilio en la Avenida de Italia n\u00ba2 (CTC), de Coslada (Madrid, Espa\u00f1a), utiliza con su consentimiento los datos personales consignados para responder a su solicitud, envi\u00e1ndolos a la empresa del grupo Noatum m\u00e1s indicada para ello. No se conservar\u00e1n m\u00e1s all\u00e1 del tiempo necesario para responderle. Si acepta la recepci\u00f3n de publicidad de nuestros servicios marcando la casilla correspondiente los conservaremos en tanto no manifieste su voluntad en contrario.\n<\/p>\n<p class=\"has-small-font-size\"><br \/>\nPuede contactar con el delegado de protecci\u00f3n de datos en (dpo@noatum.com). Si considera que sus derechos han sido vulnerados, puede interponer una reclamaci\u00f3n ante la Agencia Espa\u00f1ola de Protecci\u00f3n de Datos. Si lo desea, puede retirar su consentimiento y ejercer los derechos de acceso, rectificaci\u00f3n, supresi\u00f3n, oposici\u00f3n y limitaci\u00f3n en cualquier momento dirigi\u00e9ndose al correo (dpo@noatum.com).\n<\/p><div class=\"wpcf7-response-output\" aria-hidden=\"true\"><\/div>\n<\/form>\n<\/div>\n<\/div>\n<\/div><\/div>\n\n\n\n<div style=\"height:100px\" aria-hidden=\"true\" class=\"wp-block-spacer desktop\"><\/div>\n<\/div><\/div>\n","protected":false},"excerpt":{"rendered":"<p>Externalizaci\u00f3n de la cadena de suministro y operaci\u00f3n log\u00edstica Centros de control en EE.&nbsp;UU. y Hong Kong como soluci\u00f3n de gesti\u00f3n Solicitar presupuesto Gesti\u00f3n de todo el proceso log\u00edstico para una empresa de eCommerce 15% Ahorro en costes de explotaci\u00f3n 99% Precisi\u00f3n 99% Tasa de [&hellip;]<\/p>\n","protected":false},"author":1,"featured_media":0,"parent":0,"menu_order":0,"comment_status":"closed","ping_status":"closed","template":"","meta":{"footnotes":""},"class_list":["post-4013","page","type-page","status-publish","hentry"],"_links":{"self":[{"href":"https:\/\/www.noatumlogistics.com\/ecommerce-solutions\/es\/wp-json\/wp\/v2\/pages\/4013","targetHints":{"allow":["GET"]}}],"collection":[{"href":"https:\/\/www.noatumlogistics.com\/ecommerce-solutions\/es\/wp-json\/wp\/v2\/pages"}],"about":[{"href":"https:\/\/www.noatumlogistics.com\/ecommerce-solutions\/es\/wp-json\/wp\/v2\/types\/page"}],"author":[{"embeddable":true,"href":"https:\/\/www.noatumlogistics.com\/ecommerce-solutions\/es\/wp-json\/wp\/v2\/users\/1"}],"replies":[{"embeddable":true,"href":"https:\/\/www.noatumlogistics.com\/ecommerce-solutions\/es\/wp-json\/wp\/v2\/comments?post=4013"}],"version-history":[{"count":8,"href":"https:\/\/www.noatumlogistics.com\/ecommerce-solutions\/es\/wp-json\/wp\/v2\/pages\/4013\/revisions"}],"predecessor-version":[{"id":15227,"href":"https:\/\/www.noatumlogistics.com\/ecommerce-solutions\/es\/wp-json\/wp\/v2\/pages\/4013\/revisions\/15227"}],"wp:attachment":[{"href":"https:\/\/www.noatumlogistics.com\/ecommerce-solutions\/es\/wp-json\/wp\/v2\/media?parent=4013"}],"curies":[{"name":"wp","href":"https:\/\/api.w.org\/{rel}","templated":true}]}}