{"id":4009,"date":"2022-02-16T16:16:12","date_gmt":"2022-02-16T14:16:12","guid":{"rendered":"https:\/\/www.noatumlogistics.com\/ecommerce-solutions\/babuabsabiabnabeabsabsabeabsab-rabeabqab\/"},"modified":"2023-01-18T17:29:41","modified_gmt":"2023-01-18T15:29:41","slug":"empresas-que-requieren-un-servicio-de-valor-anadido","status":"publish","type":"page","link":"https:\/\/www.noatumlogistics.com\/ecommerce-solutions\/es\/empresas-que-requieren-un-servicio-de-valor-anadido\/","title":{"rendered":"Empresas que requieren un servicio de valor a\u00f1adido"},"content":{"rendered":"\n<div class=\"wp-block-group full-width verd no-padding\"><div class=\"wp-block-group__inner-container is-layout-flow wp-block-group-is-layout-flow\">\n<div class=\"wp-block-group home-img-background full-width background-oval\"><div class=\"wp-block-group__inner-container is-layout-flow wp-block-group-is-layout-flow\">\n<div class=\"wp-block-columns is-layout-flex wp-container-core-columns-is-layout-9d6595d7 wp-block-columns-is-layout-flex\">\n<div class=\"wp-block-column is-vertically-aligned-top is-layout-flow wp-block-column-is-layout-flow\">\n<figure class=\"wp-block-image size-large full-width\"><img loading=\"lazy\" decoding=\"async\" width=\"926\" height=\"1024\" src=\"https:\/\/www.noatumlogistics.com\/ecommerce-solutions\/wp-content\/uploads\/2022\/02\/value-ok-1-926x1024.png\" alt=\"\" class=\"wp-image-3729\" srcset=\"https:\/\/www.noatumlogistics.com\/ecommerce-solutions\/wp-content\/uploads\/2022\/02\/value-ok-1-926x1024.png 926w, https:\/\/www.noatumlogistics.com\/ecommerce-solutions\/wp-content\/uploads\/2022\/02\/value-ok-1-271x300.png 271w, https:\/\/www.noatumlogistics.com\/ecommerce-solutions\/wp-content\/uploads\/2022\/02\/value-ok-1-768x849.png 768w, https:\/\/www.noatumlogistics.com\/ecommerce-solutions\/wp-content\/uploads\/2022\/02\/value-ok-1.png 1200w\" sizes=\"auto, (max-width: 926px) 100vw, 926px\" \/><\/figure>\n<\/div>\n\n\n\n<div class=\"wp-block-column is-vertically-aligned-top is-layout-flow wp-block-column-is-layout-flow\" style=\"flex-basis:50%\">\n<div class=\"wp-block-group content-block max-width-text overlap-responsive padding-sides\"><div class=\"wp-block-group__inner-container is-layout-flow wp-block-group-is-layout-flow\">\n<div class=\"wp-block-group appear top\"><div class=\"wp-block-group__inner-container is-layout-flow wp-block-group-is-layout-flow\">\n<div style=\"height:105px\" aria-hidden=\"true\" class=\"wp-block-spacer desktop\"><\/div>\n\n\n\n<h1 class=\"has-text-align-left no-margin move main-color wp-block-heading\" id=\"businesses-dispatching-to-consumers-1\"><strong>Empresas que requieren un servicio de valor a\u00f1adido<\/strong><\/h1>\n\n\n\n<p style=\"font-size:28px\">Ahorro del 20% en costes de establecimiento y capacitaci\u00f3n en comparaci\u00f3n con la gesti\u00f3n anterior<\/p>\n\n\n\n<p class=\"button-link\"><a href=\"https:\/\/www.noatumlogistics.com\/ecommerce-solutions\/es\/contacto\/\" data-type=\"page\" data-id=\"28\">Solicitar presupuesto<\/a><\/p>\n<\/div><\/div>\n<\/div><\/div>\n<\/div>\n<\/div>\n<\/div><\/div>\n\n\n\n<div class=\"wp-block-group padding-sides\"><div class=\"wp-block-group__inner-container is-layout-flow wp-block-group-is-layout-flow\">\n<h2 class=\"has-text-align-center no-margin-bottom main-color overlap-content wp-block-heading\" id=\"ecommerce-solutions-for-b2c-businesses-1\"><strong>Servicio de gran flexibilidad para marcas de eCommerce<\/strong><\/h2>\n\n\n\n<div style=\"height:44px\" aria-hidden=\"true\" class=\"wp-block-spacer\"><\/div>\n\n\n\n<div class=\"wp-block-columns max-width is-layout-flex wp-container-core-columns-is-layout-9d6595d7 wp-block-columns-is-layout-flex\">\n<div class=\"wp-block-column is-layout-flow wp-block-column-is-layout-flow\">\n<div class=\"wp-block-group centered counter-animation bold\"><div class=\"wp-block-group__inner-container is-layout-flow wp-block-group-is-layout-flow\">\n<p class=\"has-text-align-center no-margin counter-number main-color\" style=\"font-size:100px\"><strong>20%<\/strong><\/p>\n<\/div><\/div>\n\n\n\n<p class=\"has-text-align-center no-margin-top\">Ahorro en costes de establecimiento y capacitaci\u00f3n<\/p>\n<\/div>\n\n\n\n<div class=\"wp-block-column is-layout-flow wp-block-column-is-layout-flow\">\n<div class=\"wp-block-group counter-animation bold centered\"><div class=\"wp-block-group__inner-container is-layout-flow wp-block-group-is-layout-flow\">\n<p class=\"has-text-align-center no-margin counter-number main-color\" style=\"font-size:100px\"><strong>100%<\/strong><\/p>\n<\/div><\/div>\n\n\n\n<p class=\"has-text-align-center no-margin-top\">Aprovechamiento de nuestros conocimientos y especializaci\u00f3n<\/p>\n<\/div>\n<\/div>\n\n\n\n<div style=\"height:70px\" aria-hidden=\"true\" class=\"wp-block-spacer desktop\"><\/div>\n\n\n<div class=\"wp-block-image max-width-narrow\">\n<figure class=\"aligncenter size-large\"><img loading=\"lazy\" decoding=\"async\" width=\"1024\" height=\"683\" src=\"https:\/\/www.noatumlogistics.com\/ecommerce-solutions\/wp-content\/uploads\/2022\/05\/Noatum0768_retouched-1024x683.jpg\" alt=\"\" class=\"wp-image-3926\" srcset=\"https:\/\/www.noatumlogistics.com\/ecommerce-solutions\/wp-content\/uploads\/2022\/05\/Noatum0768_retouched-1024x683.jpg 1024w, https:\/\/www.noatumlogistics.com\/ecommerce-solutions\/wp-content\/uploads\/2022\/05\/Noatum0768_retouched-300x200.jpg 300w, https:\/\/www.noatumlogistics.com\/ecommerce-solutions\/wp-content\/uploads\/2022\/05\/Noatum0768_retouched-768x512.jpg 768w, https:\/\/www.noatumlogistics.com\/ecommerce-solutions\/wp-content\/uploads\/2022\/05\/Noatum0768_retouched.jpg 1300w\" sizes=\"auto, (max-width: 1024px) 100vw, 1024px\" \/><\/figure><\/div>\n\n\n<div style=\"height:70px\" aria-hidden=\"true\" class=\"wp-block-spacer desktop\"><\/div>\n<\/div><\/div>\n\n\n\n<div class=\"wp-block-group full-width\"><div class=\"wp-block-group__inner-container is-layout-flow wp-block-group-is-layout-flow\">\n<figure class=\"wp-block-image size-full full-width curve\"><img loading=\"lazy\" decoding=\"async\" width=\"2000\" height=\"187\" src=\"https:\/\/www.noatumlogistics.com\/ecommerce-solutions\/wp-content\/uploads\/2022\/02\/ovalgrisclar-top.png\" alt=\"\" class=\"wp-image-3757\" srcset=\"https:\/\/www.noatumlogistics.com\/ecommerce-solutions\/wp-content\/uploads\/2022\/02\/ovalgrisclar-top.png 2000w, https:\/\/www.noatumlogistics.com\/ecommerce-solutions\/wp-content\/uploads\/2022\/02\/ovalgrisclar-top-300x28.png 300w, https:\/\/www.noatumlogistics.com\/ecommerce-solutions\/wp-content\/uploads\/2022\/02\/ovalgrisclar-top-1024x96.png 1024w, https:\/\/www.noatumlogistics.com\/ecommerce-solutions\/wp-content\/uploads\/2022\/02\/ovalgrisclar-top-768x72.png 768w, https:\/\/www.noatumlogistics.com\/ecommerce-solutions\/wp-content\/uploads\/2022\/02\/ovalgrisclar-top-1536x144.png 1536w\" sizes=\"auto, (max-width: 2000px) 100vw, 2000px\" \/><\/figure>\n<\/div><\/div>\n\n\n\n<div class=\"wp-block-group full-width background-color\"><div class=\"wp-block-group__inner-container is-layout-flow wp-block-group-is-layout-flow\">\n<div class=\"wp-block-columns are-vertically-aligned-center max-width-wide padding-sides mobile-reverse is-layout-flex wp-container-core-columns-is-layout-9d6595d7 wp-block-columns-is-layout-flex\">\n<div class=\"wp-block-column is-vertically-aligned-center text-column is-layout-flow wp-block-column-is-layout-flow\">\n<h2 class=\"main-color wp-block-heading\" id=\"briefing\"><strong>Briefing<\/strong><\/h2>\n\n\n\n<p class=\"has-medium-font-size\">Nuestro cliente ofrece un servicio de alquiler de prendas de moda por suscripci\u00f3n en Singapur que permite a los clientes finales alquilar ropa de dise\u00f1ador con una suscripci\u00f3n mensual a trav\u00e9s de su canal de eCommerce.<\/p>\n\n\n\n<p class=\"has-medium-font-size\">Recientemente inici\u00f3 la ampliaci\u00f3n de su modelo de negocio en las principales ciudades asi\u00e1ticas. Necesitaba establecer un almac\u00e9n en Hong Kong para poder enviar sus productos antes del inicio del periodo vacacional, y el tiempo disponible para hacerlo era muy ajustado.<\/p>\n<\/div>\n\n\n\n<div class=\"wp-block-column is-vertically-aligned-center is-layout-flow wp-block-column-is-layout-flow\"><div class=\"wp-block-image\">\n<figure class=\"aligncenter size-full\"><img loading=\"lazy\" decoding=\"async\" width=\"750\" height=\"732\" src=\"https:\/\/www.noatumlogistics.com\/ecommerce-solutions\/wp-content\/uploads\/2022\/02\/Group-15-Copy-2.png\" alt=\"\" class=\"wp-image-3758\" srcset=\"https:\/\/www.noatumlogistics.com\/ecommerce-solutions\/wp-content\/uploads\/2022\/02\/Group-15-Copy-2.png 750w, https:\/\/www.noatumlogistics.com\/ecommerce-solutions\/wp-content\/uploads\/2022\/02\/Group-15-Copy-2-300x293.png 300w\" sizes=\"auto, (max-width: 750px) 100vw, 750px\" \/><\/figure><\/div><\/div>\n<\/div>\n\n\n\n<div class=\"wp-block-columns are-vertically-aligned-center max-width-wide padding-sides is-layout-flex wp-container-core-columns-is-layout-9d6595d7 wp-block-columns-is-layout-flex\">\n<div class=\"wp-block-column is-vertically-aligned-center is-layout-flow wp-block-column-is-layout-flow\"><div class=\"wp-block-image\">\n<figure class=\"aligncenter size-full\"><img loading=\"lazy\" decoding=\"async\" width=\"750\" height=\"732\" src=\"https:\/\/www.noatumlogistics.com\/ecommerce-solutions\/wp-content\/uploads\/2022\/02\/Group-23-Copy-4.png\" alt=\"\" class=\"wp-image-3759\" srcset=\"https:\/\/www.noatumlogistics.com\/ecommerce-solutions\/wp-content\/uploads\/2022\/02\/Group-23-Copy-4.png 750w, https:\/\/www.noatumlogistics.com\/ecommerce-solutions\/wp-content\/uploads\/2022\/02\/Group-23-Copy-4-300x293.png 300w\" sizes=\"auto, (max-width: 750px) 100vw, 750px\" \/><\/figure><\/div><\/div>\n\n\n\n<div class=\"wp-block-column is-vertically-aligned-center text-column is-layout-flow wp-block-column-is-layout-flow\">\n<h2 class=\"main-color wp-block-heading\" id=\"the-challenge\"><strong>El reto<\/strong><\/h2>\n\n\n\n<p class=\"has-medium-font-size\">Configuraci\u00f3n del almac\u00e9n y de la operativa de fulfillment en tiempo limitado. Para el proceso de fulfillment se necesitaban t\u00e9cnicos h\u00e1biles que realizaran constantemente la inspecci\u00f3n de prendas en el inventario, costureras profesionales para alterar las prendas in situ y otros servicios de valor a\u00f1adido, como vaporizaci\u00f3n, planchado y limpieza en seco para mantener las prendas en condiciones \u00f3ptimas antes y despu\u00e9s del alquiler.<\/p>\n<\/div>\n<\/div>\n\n\n\n<div class=\"wp-block-columns are-vertically-aligned-center max-width-wide padding-sides mobile-reverse is-layout-flex wp-container-core-columns-is-layout-9d6595d7 wp-block-columns-is-layout-flex\">\n<div class=\"wp-block-column is-vertically-aligned-center text-column is-layout-flow wp-block-column-is-layout-flow\">\n<h2 class=\"main-color wp-block-heading\" id=\"the-solution\"><strong>La soluci\u00f3n<\/strong><\/h2>\n\n\n\n<p class=\"has-medium-font-size\">Para esta operaci\u00f3n se delimit\u00f3 en el almac\u00e9n un \u00e1rea dedicada a los servicios de valor a\u00f1adido. Se form\u00f3 al personal que ya trabajaba en el almac\u00e9n para que recibieran capacitaci\u00f3n profesional relacionada con las prendas y poder hacer frente a las actividades diarias y a los servicios de valor a\u00f1adido necesarios.<\/p>\n\n\n\n<p class=\"has-medium-font-size\">Tambi\u00e9n configuramos un programa a distancia para la capacitaci\u00f3n de los t\u00e9cnicos del cliente en Singapur y la supervisi\u00f3n de las operaciones cotidianas.<\/p>\n\n\n\n<p class=\"has-medium-font-size\">En general, nuestro cliente pudo aprovechar al m\u00e1ximo nuestros conocimientos y especializaci\u00f3n.<\/p>\n<\/div>\n\n\n\n<div class=\"wp-block-column is-vertically-aligned-center is-layout-flow wp-block-column-is-layout-flow\"><div class=\"wp-block-image\">\n<figure class=\"aligncenter size-full\"><img loading=\"lazy\" decoding=\"async\" width=\"750\" height=\"732\" src=\"https:\/\/www.noatumlogistics.com\/ecommerce-solutions\/wp-content\/uploads\/2022\/02\/Group-7.png\" alt=\"\" class=\"wp-image-3760\" srcset=\"https:\/\/www.noatumlogistics.com\/ecommerce-solutions\/wp-content\/uploads\/2022\/02\/Group-7.png 750w, https:\/\/www.noatumlogistics.com\/ecommerce-solutions\/wp-content\/uploads\/2022\/02\/Group-7-300x293.png 300w\" sizes=\"auto, (max-width: 750px) 100vw, 750px\" \/><\/figure><\/div><\/div>\n<\/div>\n\n\n\n<div class=\"wp-block-columns are-vertically-aligned-center max-width-wide padding-sides is-layout-flex wp-container-core-columns-is-layout-9d6595d7 wp-block-columns-is-layout-flex\">\n<div class=\"wp-block-column is-vertically-aligned-center is-layout-flow wp-block-column-is-layout-flow\"><div class=\"wp-block-image\">\n<figure class=\"aligncenter size-full\"><img loading=\"lazy\" decoding=\"async\" width=\"750\" height=\"732\" src=\"https:\/\/www.noatumlogistics.com\/ecommerce-solutions\/wp-content\/uploads\/2022\/02\/Group.png\" alt=\"\" class=\"wp-image-3761\" srcset=\"https:\/\/www.noatumlogistics.com\/ecommerce-solutions\/wp-content\/uploads\/2022\/02\/Group.png 750w, https:\/\/www.noatumlogistics.com\/ecommerce-solutions\/wp-content\/uploads\/2022\/02\/Group-300x293.png 300w\" sizes=\"auto, (max-width: 750px) 100vw, 750px\" \/><\/figure><\/div><\/div>\n\n\n\n<div class=\"wp-block-column is-vertically-aligned-center text-column is-layout-flow wp-block-column-is-layout-flow\">\n<h2 class=\"main-color wp-block-heading\" id=\"the-result\"><strong>El resultado<\/strong><\/h2>\n\n\n\n<p class=\"has-medium-font-size\">Ahorro del 20% en costes de establecimiento y capacitaci\u00f3n, en comparaci\u00f3n con la situaci\u00f3n previa de contrataci\u00f3n de sus propios t\u00e9cnicos para el fulfillment.&nbsp; Como resultado, tambi\u00e9n se ahorr\u00f3 tiempo, lo que permiti\u00f3 adelantar el lanzamiento del canal de eCommerce de nuestro cliente con un alt\u00edsimo nivel de satisfacci\u00f3n de los consumidores.<\/p>\n\n\n\n<p class=\"has-medium-font-size\">Nuestros equipos de Hong Kong y Singapur colaboraron a distancia con gran \u00e9xito y pudimos proporcionar una visibilidad completa de los hitos mediante el uso del software de gesti\u00f3n basado en la nube.<\/p>\n<\/div>\n<\/div>\n\n\n\n<div style=\"height:100px\" aria-hidden=\"true\" class=\"wp-block-spacer\"><\/div>\n<\/div><\/div>\n\n\n\n<figure class=\"wp-block-image size-full full-width no-padding curve bottom background-color-stripe\"><img loading=\"lazy\" decoding=\"async\" width=\"2000\" height=\"200\" src=\"https:\/\/www.noatumlogistics.com\/ecommerce-solutions\/wp-content\/uploads\/2022\/02\/ovalgrisclar-bottom.png\" alt=\"\" class=\"wp-image-3756\" srcset=\"https:\/\/www.noatumlogistics.com\/ecommerce-solutions\/wp-content\/uploads\/2022\/02\/ovalgrisclar-bottom.png 2000w, https:\/\/www.noatumlogistics.com\/ecommerce-solutions\/wp-content\/uploads\/2022\/02\/ovalgrisclar-bottom-300x30.png 300w, https:\/\/www.noatumlogistics.com\/ecommerce-solutions\/wp-content\/uploads\/2022\/02\/ovalgrisclar-bottom-1024x102.png 1024w, https:\/\/www.noatumlogistics.com\/ecommerce-solutions\/wp-content\/uploads\/2022\/02\/ovalgrisclar-bottom-768x77.png 768w, https:\/\/www.noatumlogistics.com\/ecommerce-solutions\/wp-content\/uploads\/2022\/02\/ovalgrisclar-bottom-1536x154.png 1536w\" sizes=\"auto, (max-width: 2000px) 100vw, 2000px\" \/><\/figure>\n\n\n\n<div class=\"wp-block-group padding-sides background-color-stripe\"><div class=\"wp-block-group__inner-container is-layout-flow wp-block-group-is-layout-flow\">\n<div style=\"height:20px\" aria-hidden=\"true\" class=\"wp-block-spacer mobile\"><\/div>\n\n\n\n<p class=\"has-text-align-center max-width-narrow no-margin-top has-large-font-size\"><strong>Una gran asociaci\u00f3n para tu negocio de eCommerce<\/strong><\/p>\n\n\n\n<div style=\"height:5px\" aria-hidden=\"true\" class=\"wp-block-spacer\"><\/div>\n\n\n\n<p class=\"has-text-align-center button-link\"><a href=\"https:\/\/www.noatumlogistics.com\/ecommerce-solutions\/es\/efulfillment\/\" data-type=\"page\" data-id=\"543\">Descubre nuestros servicios de eFulfillment<\/a><\/p>\n\n\n\n<div style=\"height:123px\" aria-hidden=\"true\" class=\"wp-block-spacer desktop\"><\/div>\n\n\n\n<div style=\"height:40px\" aria-hidden=\"true\" class=\"wp-block-spacer mobile\"><\/div>\n<\/div><\/div>\n<\/div><\/div>\n\n\n\n<figure class=\"wp-block-image size-large full-width curve bottom no-padding\"><img loading=\"lazy\" decoding=\"async\" width=\"1024\" height=\"102\" src=\"https:\/\/www.noatumlogistics.com\/ecommerce-solutions\/wp-content\/uploads\/2022\/04\/verd-final-1024x102.png\" alt=\"\" class=\"wp-image-3919\" title=\"\" srcset=\"https:\/\/www.noatumlogistics.com\/ecommerce-solutions\/wp-content\/uploads\/2022\/04\/verd-final-1024x102.png 1024w, https:\/\/www.noatumlogistics.com\/ecommerce-solutions\/wp-content\/uploads\/2022\/04\/verd-final-300x30.png 300w, https:\/\/www.noatumlogistics.com\/ecommerce-solutions\/wp-content\/uploads\/2022\/04\/verd-final-768x77.png 768w, https:\/\/www.noatumlogistics.com\/ecommerce-solutions\/wp-content\/uploads\/2022\/04\/verd-final-1536x154.png 1536w, https:\/\/www.noatumlogistics.com\/ecommerce-solutions\/wp-content\/uploads\/2022\/04\/verd-final.png 2000w\" sizes=\"auto, (max-width: 1024px) 100vw, 1024px\" \/><\/figure>\n\n\n\n<div class=\"wp-block-group full-width\"><div class=\"wp-block-group__inner-container is-layout-flow wp-block-group-is-layout-flow\">\n<div class=\"wp-block-group shadow-block max-width-narrow newsletter has-white-background-color has-background\"><div class=\"wp-block-group__inner-container is-layout-flow wp-block-group-is-layout-flow\">\n<h2 class=\"has-text-align-center no-margin-bottom wp-block-heading\" id=\"contact-us\">Contacto<\/h2>\n\n\n\n<div class=\"wp-block-contact-form-7-contact-form-selector\">\n<div class=\"wpcf7 no-js\" id=\"wpcf7-f3992-o1\" lang=\"es-ES\" dir=\"ltr\" data-wpcf7-id=\"3992\">\n<div class=\"screen-reader-response\"><p role=\"status\" aria-live=\"polite\" aria-atomic=\"true\"><\/p> <ul><\/ul><\/div>\n<form action=\"\/ecommerce-solutions\/es\/wp-json\/wp\/v2\/pages\/4009#wpcf7-f3992-o1\" method=\"post\" class=\"wpcf7-form init\" aria-label=\"Formulario de contacto\" novalidate=\"novalidate\" data-status=\"init\">\n<fieldset class=\"hidden-fields-container\"><input type=\"hidden\" name=\"_wpcf7\" value=\"3992\" \/><input type=\"hidden\" name=\"_wpcf7_version\" value=\"6.1.4\" \/><input type=\"hidden\" name=\"_wpcf7_locale\" value=\"es_ES\" \/><input type=\"hidden\" name=\"_wpcf7_unit_tag\" value=\"wpcf7-f3992-o1\" \/><input type=\"hidden\" name=\"_wpcf7_container_post\" value=\"0\" \/><input type=\"hidden\" name=\"_wpcf7_posted_data_hash\" value=\"\" \/><input type=\"hidden\" name=\"csrf_token\" value=\"8e5a71de54b57bc6c4261e41b2e626a8ca6259982991d1a522429a602e74cf69\" \/><input type=\"hidden\" name=\"_wpcf7_recaptcha_response\" value=\"\" \/>\n<\/fieldset>\n<p><label><span class=\"wpcf7-form-control-wrap\" data-name=\"your-name\"><input size=\"40\" maxlength=\"400\" class=\"wpcf7-form-control wpcf7-text wpcf7-validates-as-required\" aria-required=\"true\" aria-invalid=\"false\" placeholder=\"Nombre\" value=\"\" type=\"text\" name=\"your-name\" \/><\/span> <\/label><label><span class=\"wpcf7-form-control-wrap\" data-name=\"your-email\"><input size=\"40\" maxlength=\"400\" class=\"wpcf7-form-control wpcf7-email wpcf7-validates-as-required wpcf7-text wpcf7-validates-as-email\" aria-required=\"true\" aria-invalid=\"false\" placeholder=\"Email\" value=\"\" type=\"email\" name=\"your-email\" \/><\/span> <\/label><label><span class=\"wpcf7-form-control-wrap\" data-name=\"your-company\"><input size=\"40\" maxlength=\"400\" class=\"wpcf7-form-control wpcf7-text\" aria-invalid=\"false\" placeholder=\"Empresa\" value=\"\" type=\"text\" name=\"your-company\" \/><\/span> <\/label><label><span class=\"wpcf7-form-control-wrap\" data-name=\"your-tel\"><input size=\"40\" maxlength=\"400\" class=\"wpcf7-form-control wpcf7-text wpcf7-validates-as-required\" aria-required=\"true\" aria-invalid=\"false\" placeholder=\"Tel\u00e9fono\" value=\"\" type=\"text\" name=\"your-tel\" \/><\/span> <\/label><label><span class=\"wpcf7-form-control-wrap\" data-name=\"your-message\"><textarea cols=\"40\" rows=\"10\" maxlength=\"2000\" class=\"wpcf7-form-control wpcf7-textarea wpcf7-validates-as-required\" aria-required=\"true\" aria-invalid=\"false\" placeholder=\"Mensaje\" name=\"your-message\"><\/textarea><\/span> <\/label><label>\n\t<input class=\"wpcf7-form-control wpcf7-hidden\" value=\"Formulario de contacto\" type=\"hidden\" name=\"your-subject\" \/><\/label><br \/>\n<label class=\"label-acceptance\"><span class=\"wpcf7-form-control-wrap\" data-name=\"acceptance-marketing\"><span class=\"wpcf7-form-control wpcf7-acceptance optional\"><span class=\"wpcf7-list-item\"><input type=\"checkbox\" name=\"acceptance-marketing\" value=\"1\" aria-invalid=\"false\" \/><\/span><\/span><\/span>Acepto la recepci\u00f3n de publicidad de los servicios del grupo Noatum en mi direcci\u00f3n de correo electr\u00f3nico.<\/label><input class=\"wpcf7-form-control wpcf7-submit has-spinner\" type=\"submit\" value=\"Enviar\" \/>\n<\/p>\n<p class=\"has-small-font-size\"><br \/>\nNoatum Holdings S.L.U., con domicilio en la Avenida de Italia n\u00ba2 (CTC), de Coslada (Madrid, Espa\u00f1a), utiliza con su consentimiento los datos personales consignados para responder a su solicitud, envi\u00e1ndolos a la empresa del grupo Noatum m\u00e1s indicada para ello. No se conservar\u00e1n m\u00e1s all\u00e1 del tiempo necesario para responderle. Si acepta la recepci\u00f3n de publicidad de nuestros servicios marcando la casilla correspondiente los conservaremos en tanto no manifieste su voluntad en contrario.\n<\/p>\n<p class=\"has-small-font-size\"><br \/>\nPuede contactar con el delegado de protecci\u00f3n de datos en (dpo@noatum.com). Si considera que sus derechos han sido vulnerados, puede interponer una reclamaci\u00f3n ante la Agencia Espa\u00f1ola de Protecci\u00f3n de Datos. Si lo desea, puede retirar su consentimiento y ejercer los derechos de acceso, rectificaci\u00f3n, supresi\u00f3n, oposici\u00f3n y limitaci\u00f3n en cualquier momento dirigi\u00e9ndose al correo (dpo@noatum.com).\n<\/p><div class=\"wpcf7-response-output\" aria-hidden=\"true\"><\/div>\n<\/form>\n<\/div>\n<\/div>\n<\/div><\/div>\n\n\n\n<div style=\"height:100px\" aria-hidden=\"true\" class=\"wp-block-spacer desktop\"><\/div>\n<\/div><\/div>\n","protected":false},"excerpt":{"rendered":"<p>Empresas que requieren un servicio de valor a\u00f1adido Ahorro del 20% en costes de establecimiento y capacitaci\u00f3n en comparaci\u00f3n con la gesti\u00f3n anterior Solicitar presupuesto Servicio de gran flexibilidad para marcas de eCommerce 20% Ahorro en costes de establecimiento y capacitaci\u00f3n 100% Aprovechamiento de nuestros [&hellip;]<\/p>\n","protected":false},"author":1,"featured_media":0,"parent":0,"menu_order":0,"comment_status":"closed","ping_status":"closed","template":"","meta":{"footnotes":""},"class_list":["post-4009","page","type-page","status-publish","hentry"],"_links":{"self":[{"href":"https:\/\/www.noatumlogistics.com\/ecommerce-solutions\/es\/wp-json\/wp\/v2\/pages\/4009","targetHints":{"allow":["GET"]}}],"collection":[{"href":"https:\/\/www.noatumlogistics.com\/ecommerce-solutions\/es\/wp-json\/wp\/v2\/pages"}],"about":[{"href":"https:\/\/www.noatumlogistics.com\/ecommerce-solutions\/es\/wp-json\/wp\/v2\/types\/page"}],"author":[{"embeddable":true,"href":"https:\/\/www.noatumlogistics.com\/ecommerce-solutions\/es\/wp-json\/wp\/v2\/users\/1"}],"replies":[{"embeddable":true,"href":"https:\/\/www.noatumlogistics.com\/ecommerce-solutions\/es\/wp-json\/wp\/v2\/comments?post=4009"}],"version-history":[{"count":7,"href":"https:\/\/www.noatumlogistics.com\/ecommerce-solutions\/es\/wp-json\/wp\/v2\/pages\/4009\/revisions"}],"predecessor-version":[{"id":4402,"href":"https:\/\/www.noatumlogistics.com\/ecommerce-solutions\/es\/wp-json\/wp\/v2\/pages\/4009\/revisions\/4402"}],"wp:attachment":[{"href":"https:\/\/www.noatumlogistics.com\/ecommerce-solutions\/es\/wp-json\/wp\/v2\/media?parent=4009"}],"curies":[{"name":"wp","href":"https:\/\/api.w.org\/{rel}","templated":true}]}}