{"id":4005,"date":"2022-02-16T11:25:26","date_gmt":"2022-02-16T09:25:26","guid":{"rendered":"https:\/\/www.noatumlogistics.com\/ecommerce-solutions\/tabrabaabdabeab-sabhaboabwabsab-oa\/"},"modified":"2025-07-18T11:47:37","modified_gmt":"2025-07-18T09:47:37","slug":"organizador-de-ferias-comerciales-y-expositores","status":"publish","type":"page","link":"https:\/\/www.noatumlogistics.com\/ecommerce-solutions\/es\/organizador-de-ferias-comerciales-y-expositores\/","title":{"rendered":"Organizador de ferias comerciales y expositores"},"content":{"rendered":"\n<div class=\"wp-block-group full-width verd no-padding\"><div class=\"wp-block-group__inner-container is-layout-flow wp-block-group-is-layout-flow\">\n<div class=\"wp-block-group home-img-background full-width background-oval\"><div class=\"wp-block-group__inner-container is-layout-flow wp-block-group-is-layout-flow\">\n<div class=\"wp-block-columns is-layout-flex wp-container-core-columns-is-layout-9d6595d7 wp-block-columns-is-layout-flex\">\n<div class=\"wp-block-column is-vertically-aligned-top is-layout-flow wp-block-column-is-layout-flow\">\n<figure class=\"wp-block-image size-large full-width\"><img loading=\"lazy\" decoding=\"async\" width=\"926\" height=\"1024\" src=\"https:\/\/www.noatumlogistics.com\/ecommerce-solutions\/wp-content\/uploads\/2022\/03\/exhibitors-header2-926x1024.png\" alt=\"\" class=\"wp-image-3803\" srcset=\"https:\/\/www.noatumlogistics.com\/ecommerce-solutions\/wp-content\/uploads\/2022\/03\/exhibitors-header2-926x1024.png 926w, https:\/\/www.noatumlogistics.com\/ecommerce-solutions\/wp-content\/uploads\/2022\/03\/exhibitors-header2-271x300.png 271w, https:\/\/www.noatumlogistics.com\/ecommerce-solutions\/wp-content\/uploads\/2022\/03\/exhibitors-header2-768x849.png 768w, https:\/\/www.noatumlogistics.com\/ecommerce-solutions\/wp-content\/uploads\/2022\/03\/exhibitors-header2.png 1200w\" sizes=\"auto, (max-width: 926px) 100vw, 926px\" \/><\/figure>\n<\/div>\n\n\n\n<div class=\"wp-block-column is-vertically-aligned-top is-layout-flow wp-block-column-is-layout-flow\" style=\"flex-basis:50%\">\n<div class=\"wp-block-group content-block max-width-text overlap-responsive padding-sides\"><div class=\"wp-block-group__inner-container is-layout-flow wp-block-group-is-layout-flow\">\n<div class=\"wp-block-group appear top\"><div class=\"wp-block-group__inner-container is-layout-flow wp-block-group-is-layout-flow\">\n<div style=\"height:105px\" aria-hidden=\"true\" class=\"wp-block-spacer desktop\"><\/div>\n\n\n\n<h1 class=\"wp-block-heading has-text-align-left no-margin move main-color\" id=\"businesses-dispatching-to-consumers-1\"><strong>Organizador de ferias comerciales y expositores<\/strong><\/h1>\n\n\n\n<p style=\"font-size:28px\">Prestaci\u00f3n de un servicio de entrega a domicilio a los expositores de ferias comerciales para los pedidos efectuados en la propia feria<\/p>\n\n\n\n<p class=\"button-link\"><a href=\"https:\/\/www.noatumlogistics.com\/ecommerce-solutions\/es\/contacto\/\" data-type=\"page\" data-id=\"28\">Solicitar presupuesto<\/a><\/p>\n<\/div><\/div>\n<\/div><\/div>\n<\/div>\n<\/div>\n<\/div><\/div>\n\n\n\n<div class=\"wp-block-group padding-sides\"><div class=\"wp-block-group__inner-container is-layout-flow wp-block-group-is-layout-flow\">\n<h2 class=\"wp-block-heading has-text-align-center no-margin-bottom main-color overlap-content\" id=\"ecommerce-solutions-for-b2c-businesses-1\"><strong>Colaboraci\u00f3n para la entrega last mile<\/strong><\/h2>\n\n\n\n<div style=\"height:44px\" aria-hidden=\"true\" class=\"wp-block-spacer\"><\/div>\n\n\n\n<div class=\"wp-block-columns max-width is-layout-flex wp-container-core-columns-is-layout-9d6595d7 wp-block-columns-is-layout-flex\">\n<div class=\"wp-block-column is-layout-flow wp-block-column-is-layout-flow\">\n<div class=\"wp-block-group centered counter-animation bold\"><div class=\"wp-block-group__inner-container is-layout-flow wp-block-group-is-layout-flow\">\n<p class=\"has-text-align-center no-margin counter-number main-color\" style=\"font-size:100px\"><strong>27%<\/strong><\/p>\n<\/div><\/div>\n\n\n\n<p class=\"has-text-align-center no-margin-top\">Mayor conocimiento de la marca gracias a la participaci\u00f3n activa en los eventos.<\/p>\n<\/div>\n\n\n\n<div class=\"wp-block-column is-layout-flow wp-block-column-is-layout-flow\">\n<div class=\"wp-block-group counter-animation bold centered\"><div class=\"wp-block-group__inner-container is-layout-flow wp-block-group-is-layout-flow\">\n<p class=\"has-text-align-center no-margin counter-number main-color\" style=\"font-size:100px\"><strong><strong>20%<\/strong><\/strong><\/p>\n<\/div><\/div>\n\n\n\n<p class=\"has-text-align-center no-margin-top\">Aumento del negocio de eParcels gracias a las oportunidades generadas por los eventos.<\/p>\n<\/div>\n<\/div>\n\n\n\n<div style=\"height:70px\" aria-hidden=\"true\" class=\"wp-block-spacer desktop\"><\/div>\n<\/div><\/div>\n\n\n\n<div class=\"wp-block-group full-width\"><div class=\"wp-block-group__inner-container is-layout-flow wp-block-group-is-layout-flow\">\n<figure class=\"wp-block-image size-full full-width curve\"><img loading=\"lazy\" decoding=\"async\" width=\"2000\" height=\"187\" src=\"https:\/\/www.noatumlogistics.com\/ecommerce-solutions\/wp-content\/uploads\/2022\/02\/ovalgrisclar-top.png\" alt=\"\" class=\"wp-image-3757\" srcset=\"https:\/\/www.noatumlogistics.com\/ecommerce-solutions\/wp-content\/uploads\/2022\/02\/ovalgrisclar-top.png 2000w, https:\/\/www.noatumlogistics.com\/ecommerce-solutions\/wp-content\/uploads\/2022\/02\/ovalgrisclar-top-300x28.png 300w, https:\/\/www.noatumlogistics.com\/ecommerce-solutions\/wp-content\/uploads\/2022\/02\/ovalgrisclar-top-1024x96.png 1024w, https:\/\/www.noatumlogistics.com\/ecommerce-solutions\/wp-content\/uploads\/2022\/02\/ovalgrisclar-top-768x72.png 768w, https:\/\/www.noatumlogistics.com\/ecommerce-solutions\/wp-content\/uploads\/2022\/02\/ovalgrisclar-top-1536x144.png 1536w\" sizes=\"auto, (max-width: 2000px) 100vw, 2000px\" \/><\/figure>\n<\/div><\/div>\n\n\n\n<div class=\"wp-block-group full-width background-color\"><div class=\"wp-block-group__inner-container is-layout-flow wp-block-group-is-layout-flow\">\n<div class=\"wp-block-columns are-vertically-aligned-center max-width-wide padding-sides mobile-reverse is-layout-flex wp-container-core-columns-is-layout-9d6595d7 wp-block-columns-is-layout-flex\">\n<div class=\"wp-block-column is-vertically-aligned-center text-column is-layout-flow wp-block-column-is-layout-flow\">\n<h2 class=\"wp-block-heading main-color\" id=\"briefing\"><strong>Briefing<\/strong><\/h2>\n\n\n\n<p class=\"has-medium-font-size\">Feria B2C para la industria alimentaria. El organizador del evento quer\u00eda animar a los visitantes a comprar y as\u00ed impulsar las ventas de los expositores mediante la entrega last mile a los consumidores finales.<\/p>\n\n\n\n<p class=\"has-medium-font-size\">Solicitaron servicios de log\u00edstica y asistencia in situ para los expositores y visitantes.<\/p>\n<\/div>\n\n\n\n<div class=\"wp-block-column is-vertically-aligned-center is-layout-flow wp-block-column-is-layout-flow\"><div class=\"wp-block-image\">\n<figure class=\"aligncenter size-full\"><img loading=\"lazy\" decoding=\"async\" width=\"750\" height=\"732\" src=\"https:\/\/www.noatumlogistics.com\/ecommerce-solutions\/wp-content\/uploads\/2022\/02\/Group-15-Copy-2.png\" alt=\"\" class=\"wp-image-3758\" srcset=\"https:\/\/www.noatumlogistics.com\/ecommerce-solutions\/wp-content\/uploads\/2022\/02\/Group-15-Copy-2.png 750w, https:\/\/www.noatumlogistics.com\/ecommerce-solutions\/wp-content\/uploads\/2022\/02\/Group-15-Copy-2-300x293.png 300w\" sizes=\"auto, (max-width: 750px) 100vw, 750px\" \/><\/figure><\/div><\/div>\n<\/div>\n\n\n\n<div class=\"wp-block-columns are-vertically-aligned-center max-width-wide padding-sides is-layout-flex wp-container-core-columns-is-layout-9d6595d7 wp-block-columns-is-layout-flex\">\n<div class=\"wp-block-column is-vertically-aligned-center is-layout-flow wp-block-column-is-layout-flow\"><div class=\"wp-block-image\">\n<figure class=\"aligncenter size-full\"><img loading=\"lazy\" decoding=\"async\" width=\"750\" height=\"732\" src=\"https:\/\/www.noatumlogistics.com\/ecommerce-solutions\/wp-content\/uploads\/2022\/02\/Group-23-Copy-4.png\" alt=\"\" class=\"wp-image-3759\" srcset=\"https:\/\/www.noatumlogistics.com\/ecommerce-solutions\/wp-content\/uploads\/2022\/02\/Group-23-Copy-4.png 750w, https:\/\/www.noatumlogistics.com\/ecommerce-solutions\/wp-content\/uploads\/2022\/02\/Group-23-Copy-4-300x293.png 300w\" sizes=\"auto, (max-width: 750px) 100vw, 750px\" \/><\/figure><\/div><\/div>\n\n\n\n<div class=\"wp-block-column is-vertically-aligned-center text-column is-layout-flow wp-block-column-is-layout-flow\">\n<h2 class=\"wp-block-heading main-color\" id=\"the-challenge\"><strong>El reto<\/strong><\/h2>\n\n\n\n<p class=\"has-medium-font-size\">Gestionar in situ las solicitudes de env\u00edo de diferentes expositores y clientes finales y completar un elevado volumen de pedidos con entrega en 24 horas dentro del plazo previsto.<\/p>\n<\/div>\n<\/div>\n\n\n\n<div class=\"wp-block-columns are-vertically-aligned-center max-width-wide padding-sides mobile-reverse is-layout-flex wp-container-core-columns-is-layout-9d6595d7 wp-block-columns-is-layout-flex\">\n<div class=\"wp-block-column is-vertically-aligned-center text-column is-layout-flow wp-block-column-is-layout-flow\">\n<h2 class=\"wp-block-heading main-color\" id=\"the-solution\"><strong>La soluci\u00f3n<\/strong><\/h2>\n\n\n\n<p class=\"has-medium-font-size\">Enviamos un equipo especializado al lugar del evento. El hecho de contar con un servicio de atenci\u00f3n al cliente durante todo el evento nos permiti\u00f3 mantener una estrecha relaci\u00f3n con los expositores y los visitantes.<\/p>\n\n\n\n<p class=\"has-medium-font-size\">Gracias al empleo del sistema Track &amp; Trace de Noatum Logistics eCommerce Solutions y de nuestra propia flota, proporcionamos visibilidad log\u00edstica a los clientes finales, pudiendo responder al gran volumen de consultas y gestionar los ajustes en el momento.<\/p>\n<\/div>\n\n\n\n<div class=\"wp-block-column is-vertically-aligned-center is-layout-flow wp-block-column-is-layout-flow\"><div class=\"wp-block-image\">\n<figure class=\"aligncenter size-full\"><img loading=\"lazy\" decoding=\"async\" width=\"750\" height=\"732\" src=\"https:\/\/www.noatumlogistics.com\/ecommerce-solutions\/wp-content\/uploads\/2022\/02\/Group-7.png\" alt=\"\" class=\"wp-image-3760\" srcset=\"https:\/\/www.noatumlogistics.com\/ecommerce-solutions\/wp-content\/uploads\/2022\/02\/Group-7.png 750w, https:\/\/www.noatumlogistics.com\/ecommerce-solutions\/wp-content\/uploads\/2022\/02\/Group-7-300x293.png 300w\" sizes=\"auto, (max-width: 750px) 100vw, 750px\" \/><\/figure><\/div><\/div>\n<\/div>\n\n\n\n<div class=\"wp-block-columns are-vertically-aligned-center max-width-wide padding-sides is-layout-flex wp-container-core-columns-is-layout-9d6595d7 wp-block-columns-is-layout-flex\">\n<div class=\"wp-block-column is-vertically-aligned-center is-layout-flow wp-block-column-is-layout-flow\"><div class=\"wp-block-image\">\n<figure class=\"aligncenter size-full\"><img loading=\"lazy\" decoding=\"async\" width=\"750\" height=\"732\" src=\"https:\/\/www.noatumlogistics.com\/ecommerce-solutions\/wp-content\/uploads\/2022\/02\/Group.png\" alt=\"\" class=\"wp-image-3761\" srcset=\"https:\/\/www.noatumlogistics.com\/ecommerce-solutions\/wp-content\/uploads\/2022\/02\/Group.png 750w, https:\/\/www.noatumlogistics.com\/ecommerce-solutions\/wp-content\/uploads\/2022\/02\/Group-300x293.png 300w\" sizes=\"auto, (max-width: 750px) 100vw, 750px\" \/><\/figure><\/div><\/div>\n\n\n\n<div class=\"wp-block-column is-vertically-aligned-center text-column is-layout-flow wp-block-column-is-layout-flow\">\n<h2 class=\"wp-block-heading main-color\" id=\"the-result\"><strong>El resultado<\/strong><\/h2>\n\n\n\n<p class=\"has-medium-font-size\">Ayudamos a cientos de expositores a entregar los pedidos de sus clientes en el plazo acordado y hemos seguido forjando s\u00f3lidas relaciones con los expositores. Durante el evento se entregaron en promedio m\u00e1s de 2.500 pedidos B2C por d\u00eda.&nbsp;<\/p>\n<\/div>\n<\/div>\n\n\n\n<div style=\"height:100px\" aria-hidden=\"true\" class=\"wp-block-spacer\"><\/div>\n<\/div><\/div>\n\n\n\n<figure class=\"wp-block-image size-full full-width no-padding curve bottom background-color-stripe\"><img loading=\"lazy\" decoding=\"async\" width=\"2000\" height=\"200\" src=\"https:\/\/www.noatumlogistics.com\/ecommerce-solutions\/wp-content\/uploads\/2022\/02\/ovalgrisclar-bottom.png\" alt=\"\" class=\"wp-image-3756\" srcset=\"https:\/\/www.noatumlogistics.com\/ecommerce-solutions\/wp-content\/uploads\/2022\/02\/ovalgrisclar-bottom.png 2000w, https:\/\/www.noatumlogistics.com\/ecommerce-solutions\/wp-content\/uploads\/2022\/02\/ovalgrisclar-bottom-300x30.png 300w, https:\/\/www.noatumlogistics.com\/ecommerce-solutions\/wp-content\/uploads\/2022\/02\/ovalgrisclar-bottom-1024x102.png 1024w, https:\/\/www.noatumlogistics.com\/ecommerce-solutions\/wp-content\/uploads\/2022\/02\/ovalgrisclar-bottom-768x77.png 768w, https:\/\/www.noatumlogistics.com\/ecommerce-solutions\/wp-content\/uploads\/2022\/02\/ovalgrisclar-bottom-1536x154.png 1536w\" sizes=\"auto, (max-width: 2000px) 100vw, 2000px\" \/><\/figure>\n\n\n\n<div class=\"wp-block-group padding-sides background-color-stripe\"><div class=\"wp-block-group__inner-container is-layout-flow wp-block-group-is-layout-flow\">\n<div style=\"height:20px\" aria-hidden=\"true\" class=\"wp-block-spacer mobile\"><\/div>\n\n\n\n<p class=\"has-text-align-center max-width-narrow no-margin-top has-large-font-size\"><strong>Una gran asociaci\u00f3n para tu negocio de eCommerce<\/strong><\/p>\n\n\n\n<div style=\"height:5px\" aria-hidden=\"true\" class=\"wp-block-spacer\"><\/div>\n\n\n\n<p class=\"has-text-align-center button-link\"><a href=\"https:\/\/www.noatumlogistics.com\/ecommerce-solutions\/es\/efulfillment\/\" data-type=\"page\" data-id=\"543\">Descubre nuestros servicios de eFulfillment<\/a><\/p>\n\n\n\n<div style=\"height:123px\" aria-hidden=\"true\" class=\"wp-block-spacer desktop\"><\/div>\n\n\n\n<div style=\"height:40px\" aria-hidden=\"true\" class=\"wp-block-spacer mobile\"><\/div>\n<\/div><\/div>\n<\/div><\/div>\n\n\n\n<figure class=\"wp-block-image size-large full-width curve bottom no-padding\"><img loading=\"lazy\" decoding=\"async\" width=\"1024\" height=\"102\" src=\"https:\/\/www.noatumlogistics.com\/ecommerce-solutions\/wp-content\/uploads\/2022\/04\/verd-final-1024x102.png\" alt=\"\" class=\"wp-image-3919\" title=\"\" srcset=\"https:\/\/www.noatumlogistics.com\/ecommerce-solutions\/wp-content\/uploads\/2022\/04\/verd-final-1024x102.png 1024w, https:\/\/www.noatumlogistics.com\/ecommerce-solutions\/wp-content\/uploads\/2022\/04\/verd-final-300x30.png 300w, https:\/\/www.noatumlogistics.com\/ecommerce-solutions\/wp-content\/uploads\/2022\/04\/verd-final-768x77.png 768w, https:\/\/www.noatumlogistics.com\/ecommerce-solutions\/wp-content\/uploads\/2022\/04\/verd-final-1536x154.png 1536w, https:\/\/www.noatumlogistics.com\/ecommerce-solutions\/wp-content\/uploads\/2022\/04\/verd-final.png 2000w\" sizes=\"auto, (max-width: 1024px) 100vw, 1024px\" \/><\/figure>\n\n\n\n<div class=\"wp-block-group full-width\"><div class=\"wp-block-group__inner-container is-layout-flow wp-block-group-is-layout-flow\">\n<div class=\"wp-block-group shadow-block max-width-narrow newsletter has-white-background-color has-background\"><div class=\"wp-block-group__inner-container is-layout-flow wp-block-group-is-layout-flow\">\n<h2 class=\"has-text-align-center no-margin-bottom wp-block-heading\" id=\"contact-us\">Contacto<\/h2>\n\n\n\n<div class=\"wp-block-contact-form-7-contact-form-selector\">\n<div class=\"wpcf7 no-js\" id=\"wpcf7-f3992-o1\" lang=\"es-ES\" dir=\"ltr\" data-wpcf7-id=\"3992\">\n<div class=\"screen-reader-response\"><p role=\"status\" aria-live=\"polite\" aria-atomic=\"true\"><\/p> <ul><\/ul><\/div>\n<form action=\"\/ecommerce-solutions\/es\/wp-json\/wp\/v2\/pages\/4005#wpcf7-f3992-o1\" method=\"post\" class=\"wpcf7-form init\" aria-label=\"Formulario de contacto\" novalidate=\"novalidate\" data-status=\"init\">\n<fieldset class=\"hidden-fields-container\"><input type=\"hidden\" name=\"_wpcf7\" value=\"3992\" \/><input type=\"hidden\" name=\"_wpcf7_version\" value=\"6.1.4\" \/><input type=\"hidden\" name=\"_wpcf7_locale\" value=\"es_ES\" \/><input type=\"hidden\" name=\"_wpcf7_unit_tag\" value=\"wpcf7-f3992-o1\" \/><input type=\"hidden\" name=\"_wpcf7_container_post\" value=\"0\" \/><input type=\"hidden\" name=\"_wpcf7_posted_data_hash\" value=\"\" \/><input type=\"hidden\" name=\"csrf_token\" value=\"92084f985cf0d4cf0df3d78e5c3e1ef055675a62c0229040e928125abfa3e877\" \/><input type=\"hidden\" name=\"_wpcf7_recaptcha_response\" value=\"\" \/>\n<\/fieldset>\n<p><label><span class=\"wpcf7-form-control-wrap\" data-name=\"your-name\"><input size=\"40\" maxlength=\"400\" class=\"wpcf7-form-control wpcf7-text wpcf7-validates-as-required\" aria-required=\"true\" aria-invalid=\"false\" placeholder=\"Nombre\" value=\"\" type=\"text\" name=\"your-name\" \/><\/span> <\/label><label><span class=\"wpcf7-form-control-wrap\" data-name=\"your-email\"><input size=\"40\" maxlength=\"400\" class=\"wpcf7-form-control wpcf7-email wpcf7-validates-as-required wpcf7-text wpcf7-validates-as-email\" aria-required=\"true\" aria-invalid=\"false\" placeholder=\"Email\" value=\"\" type=\"email\" name=\"your-email\" \/><\/span> <\/label><label><span class=\"wpcf7-form-control-wrap\" data-name=\"your-company\"><input size=\"40\" maxlength=\"400\" class=\"wpcf7-form-control wpcf7-text\" aria-invalid=\"false\" placeholder=\"Empresa\" value=\"\" type=\"text\" name=\"your-company\" \/><\/span> <\/label><label><span class=\"wpcf7-form-control-wrap\" data-name=\"your-tel\"><input size=\"40\" maxlength=\"400\" class=\"wpcf7-form-control wpcf7-text wpcf7-validates-as-required\" aria-required=\"true\" aria-invalid=\"false\" placeholder=\"Tel\u00e9fono\" value=\"\" type=\"text\" name=\"your-tel\" \/><\/span> <\/label><label><span class=\"wpcf7-form-control-wrap\" data-name=\"your-message\"><textarea cols=\"40\" rows=\"10\" maxlength=\"2000\" class=\"wpcf7-form-control wpcf7-textarea wpcf7-validates-as-required\" aria-required=\"true\" aria-invalid=\"false\" placeholder=\"Mensaje\" name=\"your-message\"><\/textarea><\/span> <\/label><label>\n\t<input class=\"wpcf7-form-control wpcf7-hidden\" value=\"Formulario de contacto\" type=\"hidden\" name=\"your-subject\" \/><\/label><br \/>\n<label class=\"label-acceptance\"><span class=\"wpcf7-form-control-wrap\" data-name=\"acceptance-marketing\"><span class=\"wpcf7-form-control wpcf7-acceptance optional\"><span class=\"wpcf7-list-item\"><input type=\"checkbox\" name=\"acceptance-marketing\" value=\"1\" aria-invalid=\"false\" \/><\/span><\/span><\/span>Acepto la recepci\u00f3n de publicidad de los servicios del grupo Noatum en mi direcci\u00f3n de correo electr\u00f3nico.<\/label><input class=\"wpcf7-form-control wpcf7-submit has-spinner\" type=\"submit\" value=\"Enviar\" \/>\n<\/p>\n<p class=\"has-small-font-size\"><br \/>\nNoatum Holdings S.L.U., con domicilio en la Avenida de Italia n\u00ba2 (CTC), de Coslada (Madrid, Espa\u00f1a), utiliza con su consentimiento los datos personales consignados para responder a su solicitud, envi\u00e1ndolos a la empresa del grupo Noatum m\u00e1s indicada para ello. No se conservar\u00e1n m\u00e1s all\u00e1 del tiempo necesario para responderle. Si acepta la recepci\u00f3n de publicidad de nuestros servicios marcando la casilla correspondiente los conservaremos en tanto no manifieste su voluntad en contrario.\n<\/p>\n<p class=\"has-small-font-size\"><br \/>\nPuede contactar con el delegado de protecci\u00f3n de datos en (dpo@noatum.com). Si considera que sus derechos han sido vulnerados, puede interponer una reclamaci\u00f3n ante la Agencia Espa\u00f1ola de Protecci\u00f3n de Datos. Si lo desea, puede retirar su consentimiento y ejercer los derechos de acceso, rectificaci\u00f3n, supresi\u00f3n, oposici\u00f3n y limitaci\u00f3n en cualquier momento dirigi\u00e9ndose al correo (dpo@noatum.com).\n<\/p><div class=\"wpcf7-response-output\" aria-hidden=\"true\"><\/div>\n<\/form>\n<\/div>\n<\/div>\n<\/div><\/div>\n\n\n\n<div style=\"height:100px\" aria-hidden=\"true\" class=\"wp-block-spacer desktop\"><\/div>\n<\/div><\/div>\n","protected":false},"excerpt":{"rendered":"<p>Organizador de ferias comerciales y expositores Prestaci\u00f3n de un servicio de entrega a domicilio a los expositores de ferias comerciales para los pedidos efectuados en la propia feria Solicitar presupuesto Colaboraci\u00f3n para la entrega last mile 27% Mayor conocimiento de la marca gracias a la [&hellip;]<\/p>\n","protected":false},"author":1,"featured_media":0,"parent":0,"menu_order":0,"comment_status":"closed","ping_status":"closed","template":"","meta":{"footnotes":""},"class_list":["post-4005","page","type-page","status-publish","hentry"],"_links":{"self":[{"href":"https:\/\/www.noatumlogistics.com\/ecommerce-solutions\/es\/wp-json\/wp\/v2\/pages\/4005","targetHints":{"allow":["GET"]}}],"collection":[{"href":"https:\/\/www.noatumlogistics.com\/ecommerce-solutions\/es\/wp-json\/wp\/v2\/pages"}],"about":[{"href":"https:\/\/www.noatumlogistics.com\/ecommerce-solutions\/es\/wp-json\/wp\/v2\/types\/page"}],"author":[{"embeddable":true,"href":"https:\/\/www.noatumlogistics.com\/ecommerce-solutions\/es\/wp-json\/wp\/v2\/users\/1"}],"replies":[{"embeddable":true,"href":"https:\/\/www.noatumlogistics.com\/ecommerce-solutions\/es\/wp-json\/wp\/v2\/comments?post=4005"}],"version-history":[{"count":8,"href":"https:\/\/www.noatumlogistics.com\/ecommerce-solutions\/es\/wp-json\/wp\/v2\/pages\/4005\/revisions"}],"predecessor-version":[{"id":15233,"href":"https:\/\/www.noatumlogistics.com\/ecommerce-solutions\/es\/wp-json\/wp\/v2\/pages\/4005\/revisions\/15233"}],"wp:attachment":[{"href":"https:\/\/www.noatumlogistics.com\/ecommerce-solutions\/es\/wp-json\/wp\/v2\/media?parent=4005"}],"curies":[{"name":"wp","href":"https:\/\/api.w.org\/{rel}","templated":true}]}}