{"id":210,"date":"2020-05-08T16:10:46","date_gmt":"2020-05-08T15:10:46","guid":{"rendered":"https:\/\/www.noatumlogistics.com\/cl\/esolutions\/"},"modified":"2024-05-07T09:31:50","modified_gmt":"2024-05-07T09:31:50","slug":"esolutions","status":"publish","type":"page","link":"https:\/\/www.noatumlogistics.com\/cl\/esolutions\/","title":{"rendered":"eSolutions"},"content":{"rendered":"<div class=\"wpb-content-wrapper\"><p>[vc_row center_row=&#8221;yes&#8221; bg_overlay=&#8221;yes&#8221; typo_style=&#8221;light&#8221; css=&#8221;.vc_custom_1585238019490{padding-top: 120px !important;padding-bottom: 120px !important;background-image: url(https:\/\/www.noatumlogistics.com\/cl\/wp-content\/uploads\/sites\/19\/2020\/06\/eSolutions-banner.jpg?id=11221) !important;background-position: center !important;background-repeat: no-repeat !important;background-size: cover !important;}&#8221; el_class=&#8221;primerafila&#8221;][vc_column]<div class=\"zozo-parallax-header\"><div class=\"parallax-header\"><h1 class=\"parallax-title text-left\">Noatum eSolutions<\/h1><div class=\"parallax-desc default-style text-left\"><h4>Ofrecemos una propuesta integral para nuestros clientes B2B, B2C y B2B2C. Nuestras soluciones omnicanal dan soporte a servicios de transporte de mercanc\u00eda,<\/h4>\n<\/div><\/div><\/div>[vc_btn title=&#8221;Visitar web : Noatum eSolutions&#8221; i_icon_fontawesome=&#8221;fas fa-external-link-alt&#8221; add_icon=&#8221;true&#8221; link=&#8221;url:https%3A%2F%2Fwww.noatumesolutions.com%2F|target:%20_blank|&#8221;][\/vc_column][\/vc_row][vc_row center_row=&#8221;yes&#8221; el_class=&#8221;VinetasRed&#8221; css=&#8221;.vc_custom_1584956782188{background-image: url(https:\/\/www.noatumlogistics.com\/wp-content\/uploads\/2016\/06\/fondo-directorio.jpg?id=1359) !important;background-position: center !important;background-repeat: no-repeat !important;background-size: cover !important;}&#8221;][vc_column width=&#8221;1\/3&#8243; el_class=&#8221;solcarousel&#8221;]<div class=\"zozo-parallax-header\"><div class=\"parallax-header\"><h2 class=\"parallax-title text-left text-none\">Soluciones Log\u00edsticas de eCommerce que a\u00f1aden valor a su cadena de suministro<\/h2><\/div><\/div>[\/vc_column][vc_column width=&#8221;2\/3&#8243;][vc_column_text el_class=&#8221;ss_servicios&#8221;]Noatum eSolutions es proveedor de soluciones log\u00edsticas eCommerce que ofrecen una experiencia de cliente sobresaliente con excelentes servicios de valor a\u00f1adido. Nuestro servicio est\u00e1 hecho a medida de principio a fin. Podemos apoyarte en todo el mundo, desde el inicio hasta la entrega final del pedido. Simplificamos el proceso de eCommerce internacional al proporcionar una capacidad log\u00edstica integral, un equipo en exclusiva para cada cliente y un sistema para localizar y seguir los pedidos con tecnolog\u00eda API \/ EDI f\u00e1cil de usar.<\/p>\n<p>[\/vc_column_text][\/vc_column][\/vc_row][vc_row center_row=&#8221;yes&#8221; css=&#8221;.vc_custom_1584962272036{padding-bottom: 0px !important;}&#8221; el_class=&#8221;Vinetasred&#8221;][vc_column]<div class=\"zozo-parallax-header VinetasRed\"><div class=\"parallax-header\"><h2 class=\"parallax-title text-center text-none\">Una gama completa de servicios para tus necesidades log\u00edsticas de eCommerce<\/h2><div class=\"parallax-desc default-style text-center\"><p>Disponemos de una red global de oficinas, almacenes de valor a\u00f1adido y los mejores profesionales que te permitir\u00e1n vender en los principales mercados eCommerce del mundo. Crear una cadena de suministro de eCommerce eficiente, \u00e1gil e integrada maximizar\u00e1 tus m\u00e1rgenes y mejorar\u00e1 el rendimiento general de tu negocio.<\/p>\n<\/div><\/div><\/div>[\/vc_column][\/vc_row][vc_row full_width=&#8221;stretch_row_content_no_spaces&#8221; center_row=&#8221;yes&#8221; el_class=&#8221;rowservicio boxesservicios&#8221; css=&#8221;.vc_custom_1585235394024{margin-top: 40px !important;}&#8221;][vc_column][vc_single_image image=&#8221;223&#8243; img_size=&#8221;full&#8221;]<div class=\"zozo-parallax-header textcolpadding VinetasRed\"><div class=\"parallax-header\"><h4 class=\"parallax-title text-left text-none\">eFulfillment<\/h4><div class=\"parallax-desc default-style text-left\"><p>Servicios de almacenamiento y fulfillment de alta calidad para empresas de todos los tama\u00f1os, respaldados por nuestro sistema de gesti\u00f3n de pedidos de \u00faltima generaci\u00f3n.<\/p>\n<div>\n<div class=\"col-md-6\">\n<ul>\n<li>Cobertura global de almacenes: llega a compradores de todo el mundo con facilidad. Almacenamiento de carga, procesamiento de pedidos entrantes y salientes.<\/li>\n<li>Fulfillment en tiempo real: integrado con la plataforma de eCommerce para completar pedidos autom\u00e1ticamente. Pick &amp; pack y empaquetado de pedidos.<\/li>\n<\/ul>\n<\/div>\n<div class=\"col-md-6\">\n<ul>\n<li>Soluciones globales de entrega B2C.<\/li>\n<li>Entrega: entrega de pedidos por mensajer\u00eda, correo postal o incluso flete.<\/li>\n<li>VAS: ensamblaje ligero, etiquetado personalizado, repacking, co-packing, atenci\u00f3n al cliente, integraci\u00f3n API, gesti\u00f3n de devoluciones, etc.<\/li>\n<\/ul>\n<\/div>\n<\/div>\n<p>&nbsp;<\/p>\n<\/div><\/div><\/div>[\/vc_column][\/vc_row][vc_row full_width=&#8221;stretch_row_content_no_spaces&#8221; center_row=&#8221;yes&#8221; el_class=&#8221;rowservicio boxesservicios&#8221;][vc_column][vc_single_image image=&#8221;225&#8243; img_size=&#8221;full&#8221;]<div class=\"zozo-parallax-header textcolpadding VinetasRed\"><div class=\"parallax-header\"><h4 class=\"parallax-title text-left text-none\">Servicio cross-border<\/h4><div class=\"parallax-desc default-style text-left\"><p>Noatum gestiona despacho aduanero desde el origen hasta el destino, la entrega final y el RMA.<\/p>\n<div>\n<div class=\"col-md-6\">\n<ul>\n<li>Una soluci\u00f3n log\u00edstica integrada para combinar el transporte de mercanc\u00edas y el fulfillment del eCommerce para maximizar el margen.<\/li>\n<li>Soluciones integrales que incluyen procesamiento de pedidos, tr\u00e1mites aduaneros, flete a\u00e9reo, \u00faltima milla y gesti\u00f3n de devoluciones.<\/li>\n<\/ul>\n<\/div>\n<div class=\"col-md-3\">\n<ul>\n<li>Consolidaci\u00f3n de env\u00edos en el extranjero<\/li>\n<li>Recogida en terminal<\/li>\n<li>Gesti\u00f3n de inventario<\/li>\n<\/ul>\n<\/div>\n<div class=\"col-md-3\">\n<ul>\n<li>Fulfillment de pedidos<\/li>\n<li>Despacho aduanero<\/li>\n<li>Entrega puerta a puerta<\/li>\n<\/ul>\n<\/div>\n<\/div>\n<\/div><\/div><\/div>[\/vc_column][\/vc_row][vc_row full_width=&#8221;stretch_row_content_no_spaces&#8221; center_row=&#8221;yes&#8221; el_class=&#8221;rowservicio&#8221;][vc_column el_class=&#8221;boxesservicios&#8221;][vc_single_image image=&#8221;227&#8243; img_size=&#8221;full&#8221;]<div class=\"zozo-parallax-header textcolpadding VinetasRed\"><div class=\"parallax-header\"><h4 class=\"parallax-title text-left text-none\">eParcels<\/h4><div class=\"parallax-desc default-style text-left\"><p>Motor de b\u00fasqueda de tarifas courier global en nuestro sitio web: <a href=\"http:\/\/www.noatumesolutions.com\">www.noatumesolutions.com<\/a><\/p>\n<ul>\n<li>Ofrece una amplia selecci\u00f3n online de opciones de entrega.<\/li>\n<li>Presupuesto de servicio de mensajer\u00eda.<\/li>\n<li>Programaci\u00f3n de env\u00edos.<\/li>\n<li>Generaci\u00f3n de etiquetas de env\u00edo.<\/li>\n<\/ul>\n<p>Trazabilidad online de cada hito del servicio.<\/p>\n<\/div><\/div><\/div>[\/vc_column][\/vc_row][vc_row center_row=&#8221;yes&#8221; bg_overlay=&#8221;yes&#8221; typo_style=&#8221;light&#8221; el_class=&#8221;redgradientbgtrans&#8221; css=&#8221;.vc_custom_1601469165881{margin-top: 30px !important;background-image: url(https:\/\/www.noatumlogistics.com\/cl\/wp-content\/uploads\/sites\/19\/2020\/06\/eSolutions-banner.jpg?id=11221) !important;}&#8221;][vc_column]<div class=\"zozo-parallax-header\"><div class=\"parallax-header\"><h2 class=\"parallax-title text-center text-none\">Por qu\u00e9 elegir los servicios de eSolutions de Noatum Logistics<\/h2><\/div><\/div>[vc_row_inner][vc_column_inner width=&#8221;1\/3&#8243;][vc_column_text el_class=&#8221;text-center&#8221;]<img decoding=\"async\" src=\"https:\/\/www.noatumlogistics.com\/wp-content\/uploads\/2020\/03\/asesoramiento-01.svg\" width=\"64\" \/><\/p>\n<p>[\/vc_column_text]<div class=\"zozo-parallax-header\"><div class=\"parallax-header\"><h4 class=\"parallax-title text-center\" style=\"font-size:24px;\">CONSULTOR\u00cdA<\/h4><div class=\"parallax-desc default-style text-center\"><p>La combinaci\u00f3n de eCommerce y experta gesti\u00f3n de la mercanc\u00eda nos permite ofrecer asesoramiento sobre reglamentos y procedimientos de importaci\u00f3n y exportaci\u00f3n, para un servicio log\u00edstico libre de complicaciones.<\/p>\n<\/div><\/div><\/div>[\/vc_column_inner][vc_column_inner width=&#8221;1\/3&#8243;][vc_column_text el_class=&#8221;text-center&#8221;]<img decoding=\"async\" src=\"https:\/\/www.noatumlogistics.com\/wp-content\/uploads\/2020\/03\/especializacion-01.svg\" width=\"60px\" \/><\/p>\n<p>[\/vc_column_text]<div class=\"zozo-parallax-header\"><div class=\"parallax-header\"><h4 class=\"parallax-title text-center\" style=\"font-size:24px;\">EXPERIENCIA<\/h4><div class=\"parallax-desc default-style text-center\"><p>Personalizamos una soluci\u00f3n log\u00edstica de eCommerce global espec\u00edfica para tu negocio que facilita la experiencia de compra de tus clientes.<\/p>\n<\/div><\/div><\/div>[\/vc_column_inner][vc_column_inner width=&#8221;1\/3&#8243;][vc_column_text css=&#8221;.vc_custom_1585239089192{padding-top: 2px !important;padding-bottom: 3px !important;}&#8221; el_class=&#8221;text-center&#8221;]<img decoding=\"async\" src=\"https:\/\/www.noatumlogistics.com\/cl\/wp-content\/uploads\/sites\/19\/2020\/06\/technology-01.svg\" width=\"60\" \/><\/p>\n<p>[\/vc_column_text]<div class=\"zozo-parallax-header\"><div class=\"parallax-header\"><h4 class=\"parallax-title text-center\" style=\"font-size:24px;\">TECNOLOG\u00cdA<\/h4><div class=\"parallax-desc default-style text-center\"><p>Con nuestro sistema PowerVIEWe, el cliente puede rastrear el env\u00edo y el inventario en el sistema de forma \u00e1gil con unos pocos clics.<\/p>\n<\/div><\/div><\/div>[\/vc_column_inner][\/vc_row_inner][\/vc_column][\/vc_row][vc_row css_animation=&#8221;left-to-right&#8221; center_row=&#8221;yes&#8221; opn_row_gutter=&#8221;100&#8243; el_id=&#8221;contactform&#8221; css=&#8221;.vc_custom_1582792022784{background-color: #f7f7f7 !important;}&#8221;][vc_column][vc_column_text]<\/p>\n<p style=\"text-align: center;\"><span style=\"color: #aa272f; font-size: 28px;\">Por favor, cont\u00e1ctenos para m\u00e1s informaci\u00f3n<\/span><\/p>\n<p>[\/vc_column_text][vc_column_text css=&#8221;&#8221;]\n<div class=\"wpcf7 no-js\" id=\"wpcf7-f209-o1\" lang=\"es-ES\" dir=\"ltr\" data-wpcf7-id=\"209\">\n<div class=\"screen-reader-response\"><p role=\"status\" aria-live=\"polite\" aria-atomic=\"true\"><\/p> <ul><\/ul><\/div>\n<form action=\"\/cl\/wp-json\/wp\/v2\/pages\/210#wpcf7-f209-o1\" method=\"post\" class=\"wpcf7-form init\" aria-label=\"Formulario de contacto\" novalidate=\"novalidate\" data-status=\"init\">\n<fieldset class=\"hidden-fields-container\"><input type=\"hidden\" name=\"_wpcf7\" value=\"209\" \/><input type=\"hidden\" name=\"_wpcf7_version\" value=\"6.1.5\" \/><input type=\"hidden\" name=\"_wpcf7_locale\" value=\"es_ES\" \/><input type=\"hidden\" name=\"_wpcf7_unit_tag\" value=\"wpcf7-f209-o1\" \/><input type=\"hidden\" name=\"_wpcf7_container_post\" value=\"0\" \/><input type=\"hidden\" name=\"_wpcf7_posted_data_hash\" value=\"\" \/><input type=\"hidden\" name=\"_wpcf7dtx_version\" value=\"5.0.5\" \/><input type=\"hidden\" name=\"_wpcf7_recaptcha_response\" value=\"\" \/>\n<\/fieldset>\n<div class=\"row\">\n\t<div class=\"col-md-12\">\n\t<div class=\"wpcf7-response-output\" aria-hidden=\"true\"><\/div>\n\t<\/div>\n<\/div>\n<p style=\"font-size: 12px; font-weight:400; \">Todos los campos son obligatorios.\n<\/p>\n<div class=\"row\">\n\t<div class=\"col-md-6\">\n\t\t<p><span class=\"wpcf7-form-control-wrap\" data-name=\"your-name\"><input size=\"40\" maxlength=\"400\" class=\"wpcf7-form-control wpcf7-text wpcf7-validates-as-required\" aria-required=\"true\" aria-invalid=\"false\" placeholder=\"Nombre y Apellidos\" value=\"\" type=\"text\" name=\"your-name\" \/><\/span>\n\t\t<\/p>\n\t\t<p><span class=\"wpcf7-form-control-wrap\" data-name=\"Empresa\"><input size=\"40\" maxlength=\"400\" class=\"wpcf7-form-control wpcf7-text wpcf7-validates-as-required\" aria-required=\"true\" aria-invalid=\"false\" placeholder=\"Empresa\" value=\"\" type=\"text\" name=\"Empresa\" \/><\/span>\n\t\t<\/p>\n\t\t<p><span class=\"wpcf7-form-control-wrap\" data-name=\"tel-845\"><input size=\"40\" maxlength=\"400\" class=\"wpcf7-form-control wpcf7-tel wpcf7-validates-as-required wpcf7-text wpcf7-validates-as-tel\" aria-required=\"true\" aria-invalid=\"false\" placeholder=\"Tel\u00e9fono\" value=\"\" type=\"tel\" name=\"tel-845\" \/><\/span>\n\t\t<\/p>\n\t\t<p><span class=\"wpcf7-form-control-wrap\" data-name=\"your-email\"><input size=\"40\" maxlength=\"400\" class=\"wpcf7-form-control wpcf7-email wpcf7-validates-as-required wpcf7-text wpcf7-validates-as-email\" aria-required=\"true\" aria-invalid=\"false\" placeholder=\"Email\" value=\"\" type=\"email\" name=\"your-email\" \/><\/span>\n\t\t<\/p>\n\t<span class=\"wpcf7-form-control-wrap recipient-email\" data-name=\"recipient-email\"><input type=\"hidden\" name=\"recipient-email\" class=\"wpcf7-form-control wpcf7-hidden wpcf7dtx wpcf7dtx-hidden\" aria-invalid=\"false\"><\/span>\n\t<\/div>\n\t<div class=\"col-md-6\">\n\t\t<p><span class=\"wpcf7-form-control-wrap\" data-name=\"your-message\"><textarea cols=\"40\" rows=\"10\" maxlength=\"2000\" class=\"wpcf7-form-control wpcf7-textarea\" aria-invalid=\"false\" placeholder=\"Mensaje\" name=\"your-message\"><\/textarea><\/span>\n\t\t<\/p>\n\t\t<div class=\"col-md-12\">\n\t\t\t<p><span class=\"wpcf7-form-control-wrap\" data-name=\"acceptance-192\"><span class=\"wpcf7-form-control wpcf7-acceptance optional\"><span class=\"wpcf7-list-item\"><label><input type=\"checkbox\" name=\"acceptance-192\" value=\"1\" aria-invalid=\"false\" \/><span class=\"wpcf7-list-item-label\">Acepto recibir informaci\u00f3n comercial, incluso por correo electr\u00f3nico.<\/span><\/label><\/span><\/span><\/span>\n\t\t\t<\/p>\n\t\t<\/div>\n\t\t<div class=\"col-md-12\">\n\t\t\t<p><span class=\"wpcf7-form-control-wrap\" data-name=\"acceptance-182\"><span class=\"wpcf7-form-control wpcf7-acceptance\"><span class=\"wpcf7-list-item\"><label><input type=\"checkbox\" name=\"acceptance-182\" value=\"1\" aria-invalid=\"false\" \/><span class=\"wpcf7-list-item-label\">Acepto la Pol\u00edtica de Privacidad.<\/span><\/label><\/span><\/span><\/span>\n\t\t\t<\/p>\n\t\t<\/div>\n\t\t<div class=\"col-md-12\">\n\t\t\t<p class=\"text-right\"><input class=\"wpcf7-form-control wpcf7-submit has-spinner\" type=\"submit\" value=\"Env\u00edar\" \/>\n\t\t\t<\/p>\n\t\t<\/div>\n\t<\/div>\n<\/div>\n<div class=\"row\">\n\t<div class=\"col-md-12\">\n\t\t<p style=\"font-size: 12px!important;color:#a0a0a0;\">INFORMACI\u00d3N PROTECCI\u00d3N DE DATOS DE NOATUM\n\t\t<\/p>\n\t\t<p style=\"font-size: 12px!important;color: #a0a0a0;font-weight:400;\">Finalidades: Responder a sus solicitudes y remitirle informaci\u00f3n comercial de nuestros productos y servicios, incluso por correo electr\u00f3nico. Legitimaci\u00f3n: Consentimiento del interesado. Destinatarios: No est\u00e1n previstas cesiones de datos. Derechos: Puede retirar su consentimiento en cualquier momento, as\u00ed como acceder, rectificar, suprimir sus datos y dem\u00e1s derechos en info@noatum.com. Informaci\u00f3n Adicional: Puede ampliar la informaci\u00f3n en el enlace de <a href=\"\/es\/politica-de-privacidad\/\" target=\"_blank\"> Pol\u00edtica de Privacidad.<\/a>\n\t\t<\/p>\n\t<\/div>\n<\/div>\n<\/form>\n<\/div>\n[\/vc_column_text][\/vc_column][\/vc_row]<\/p>\n<\/div>","protected":false},"excerpt":{"rendered":"<p>[vc_row center_row=&#8221;yes&#8221; bg_overlay=&#8221;yes&#8221; typo_style=&#8221;light&#8221; css=&#8221;.vc_custom_1585238019490{padding-top: 120px !important;padding-bottom: 120px !important;background-image: url(https:\/\/www.noatumlogistics.com\/cl\/wp-content\/uploads\/sites\/19\/2020\/06\/eSolutions-banner.jpg?id=11221) !important;background-position: center !important;background-repeat: no-repeat !important;background-size: cover !important;}&#8221; el_class=&#8221;primerafila&#8221;][vc_column][vc_btn title=&#8221;Visitar web : Noatum eSolutions&#8221; i_icon_fontawesome=&#8221;fas fa-external-link-alt&#8221; add_icon=&#8221;true&#8221; link=&#8221;url:https%3A%2F%2Fwww.noatumesolutions.com%2F|target:%20_blank|&#8221;][\/vc_column][\/vc_row][vc_row center_row=&#8221;yes&#8221; el_class=&#8221;VinetasRed&#8221; css=&#8221;.vc_custom_1584956782188{background-image:&#8230;<\/p>\n","protected":false},"author":9,"featured_media":25,"parent":0,"menu_order":0,"comment_status":"closed","ping_status":"closed","template":"template-fullwidth.php","meta":{"footnotes":""},"class_list":["post-210","page","type-page","status-publish","has-post-thumbnail","hentry"],"yoast_head":"<!-- This site is optimized with the Yoast SEO plugin v27.6 - https:\/\/yoast.com\/product\/yoast-seo-wordpress\/ -->\n<title>Noatum eSolutions: eLogistics para eCommerce | Noatum Logistics<\/title>\n<meta name=\"description\" content=\"Asesor\u00eda en eLogistics para empresas de eCommerce. Noatum eSolutions ofrece soluciones log\u00edsticas para empresas de venta online que a\u00f1aden valor a la cadena de suministro\" \/>\n<meta name=\"robots\" content=\"noindex, follow, max-snippet:-1, max-image-preview:large, max-video-preview:-1\" \/>\n<meta property=\"og:locale\" content=\"es_ES\" \/>\n<meta property=\"og:type\" content=\"article\" \/>\n<meta property=\"og:title\" content=\"Noatum eSolutions: eLogistics para eCommerce | Noatum Logistics\" \/>\n<meta property=\"og:description\" content=\"Asesor\u00eda en eLogistics para empresas de eCommerce. Noatum eSolutions ofrece soluciones log\u00edsticas para empresas de venta online que a\u00f1aden valor a la cadena de suministro\" \/>\n<meta property=\"og:url\" content=\"https:\/\/www.noatumlogistics.com\/cl\/esolutions\/\" \/>\n<meta property=\"og:site_name\" content=\"Chile\" \/>\n<meta property=\"article:modified_time\" content=\"2024-05-07T09:31:50+00:00\" \/>\n<meta property=\"og:image\" content=\"https:\/\/www.noatumlogistics.com\/cl\/wp-content\/uploads\/sites\/19\/2020\/06\/eSolutions_Noatum.jpg\" \/>\n<meta name=\"twitter:card\" content=\"summary_large_image\" \/>\n<meta name=\"twitter:label1\" content=\"Tiempo de lectura\" \/>\n\t<meta name=\"twitter:data1\" content=\"5 minutos\" \/>\n<script type=\"application\/ld+json\" class=\"yoast-schema-graph\">{\"@context\":\"https:\\\/\\\/schema.org\",\"@graph\":[{\"@type\":\"WebPage\",\"@id\":\"https:\\\/\\\/www.noatumlogistics.com\\\/cl\\\/esolutions\\\/\",\"url\":\"https:\\\/\\\/www.noatumlogistics.com\\\/cl\\\/esolutions\\\/\",\"name\":\"Noatum eSolutions: eLogistics para eCommerce | Noatum Logistics\",\"isPartOf\":{\"@id\":\"https:\\\/\\\/www.noatumlogistics.com\\\/cl\\\/#website\"},\"primaryImageOfPage\":{\"@id\":\"https:\\\/\\\/www.noatumlogistics.com\\\/cl\\\/esolutions\\\/#primaryimage\"},\"image\":{\"@id\":\"https:\\\/\\\/www.noatumlogistics.com\\\/cl\\\/esolutions\\\/#primaryimage\"},\"thumbnailUrl\":\"https:\\\/\\\/www.noatumlogistics.com\\\/cl\\\/wp-content\\\/uploads\\\/sites\\\/19\\\/2020\\\/06\\\/eSolutions_Noatum.jpg\",\"datePublished\":\"2020-05-08T15:10:46+00:00\",\"dateModified\":\"2024-05-07T09:31:50+00:00\",\"description\":\"Asesor\u00eda en eLogistics para empresas de eCommerce. Noatum eSolutions ofrece soluciones log\u00edsticas para empresas de venta online que a\u00f1aden valor a la cadena de suministro\",\"breadcrumb\":{\"@id\":\"https:\\\/\\\/www.noatumlogistics.com\\\/cl\\\/esolutions\\\/#breadcrumb\"},\"inLanguage\":\"es\",\"potentialAction\":[{\"@type\":\"ReadAction\",\"target\":[\"https:\\\/\\\/www.noatumlogistics.com\\\/cl\\\/esolutions\\\/\"]}]},{\"@type\":\"ImageObject\",\"inLanguage\":\"es\",\"@id\":\"https:\\\/\\\/www.noatumlogistics.com\\\/cl\\\/esolutions\\\/#primaryimage\",\"url\":\"https:\\\/\\\/www.noatumlogistics.com\\\/cl\\\/wp-content\\\/uploads\\\/sites\\\/19\\\/2020\\\/06\\\/eSolutions_Noatum.jpg\",\"contentUrl\":\"https:\\\/\\\/www.noatumlogistics.com\\\/cl\\\/wp-content\\\/uploads\\\/sites\\\/19\\\/2020\\\/06\\\/eSolutions_Noatum.jpg\",\"width\":891,\"height\":500},{\"@type\":\"BreadcrumbList\",\"@id\":\"https:\\\/\\\/www.noatumlogistics.com\\\/cl\\\/esolutions\\\/#breadcrumb\",\"itemListElement\":[{\"@type\":\"ListItem\",\"position\":1,\"name\":\"Home\",\"item\":\"https:\\\/\\\/www.noatumlogistics.com\\\/cl\\\/\"},{\"@type\":\"ListItem\",\"position\":2,\"name\":\"eSolutions\"}]},{\"@type\":\"WebSite\",\"@id\":\"https:\\\/\\\/www.noatumlogistics.com\\\/cl\\\/#website\",\"url\":\"https:\\\/\\\/www.noatumlogistics.com\\\/cl\\\/\",\"name\":\"Chile\",\"description\":\"Just another Noatum Logistics site\",\"potentialAction\":[{\"@type\":\"SearchAction\",\"target\":{\"@type\":\"EntryPoint\",\"urlTemplate\":\"https:\\\/\\\/www.noatumlogistics.com\\\/cl\\\/?s={search_term_string}\"},\"query-input\":{\"@type\":\"PropertyValueSpecification\",\"valueRequired\":true,\"valueName\":\"search_term_string\"}}],\"inLanguage\":\"es\"}]}<\/script>\n<!-- \/ Yoast SEO plugin. -->","yoast_head_json":{"title":"Noatum eSolutions: eLogistics para eCommerce | Noatum Logistics","description":"Asesor\u00eda en eLogistics para empresas de eCommerce. Noatum eSolutions ofrece soluciones log\u00edsticas para empresas de venta online que a\u00f1aden valor a la cadena de suministro","robots":{"index":"noindex","follow":"follow","max-snippet":"max-snippet:-1","max-image-preview":"max-image-preview:large","max-video-preview":"max-video-preview:-1"},"og_locale":"es_ES","og_type":"article","og_title":"Noatum eSolutions: eLogistics para eCommerce | Noatum Logistics","og_description":"Asesor\u00eda en eLogistics para empresas de eCommerce. Noatum eSolutions ofrece soluciones log\u00edsticas para empresas de venta online que a\u00f1aden valor a la cadena de suministro","og_url":"https:\/\/www.noatumlogistics.com\/cl\/esolutions\/","og_site_name":"Chile","article_modified_time":"2024-05-07T09:31:50+00:00","og_image":[{"url":"https:\/\/www.noatumlogistics.com\/cl\/wp-content\/uploads\/sites\/19\/2020\/06\/eSolutions_Noatum.jpg","type":"","width":"","height":""}],"twitter_card":"summary_large_image","twitter_misc":{"Tiempo de lectura":"5 minutos"},"schema":{"@context":"https:\/\/schema.org","@graph":[{"@type":"WebPage","@id":"https:\/\/www.noatumlogistics.com\/cl\/esolutions\/","url":"https:\/\/www.noatumlogistics.com\/cl\/esolutions\/","name":"Noatum eSolutions: eLogistics para eCommerce | Noatum Logistics","isPartOf":{"@id":"https:\/\/www.noatumlogistics.com\/cl\/#website"},"primaryImageOfPage":{"@id":"https:\/\/www.noatumlogistics.com\/cl\/esolutions\/#primaryimage"},"image":{"@id":"https:\/\/www.noatumlogistics.com\/cl\/esolutions\/#primaryimage"},"thumbnailUrl":"https:\/\/www.noatumlogistics.com\/cl\/wp-content\/uploads\/sites\/19\/2020\/06\/eSolutions_Noatum.jpg","datePublished":"2020-05-08T15:10:46+00:00","dateModified":"2024-05-07T09:31:50+00:00","description":"Asesor\u00eda en eLogistics para empresas de eCommerce. Noatum eSolutions ofrece soluciones log\u00edsticas para empresas de venta online que a\u00f1aden valor a la cadena de suministro","breadcrumb":{"@id":"https:\/\/www.noatumlogistics.com\/cl\/esolutions\/#breadcrumb"},"inLanguage":"es","potentialAction":[{"@type":"ReadAction","target":["https:\/\/www.noatumlogistics.com\/cl\/esolutions\/"]}]},{"@type":"ImageObject","inLanguage":"es","@id":"https:\/\/www.noatumlogistics.com\/cl\/esolutions\/#primaryimage","url":"https:\/\/www.noatumlogistics.com\/cl\/wp-content\/uploads\/sites\/19\/2020\/06\/eSolutions_Noatum.jpg","contentUrl":"https:\/\/www.noatumlogistics.com\/cl\/wp-content\/uploads\/sites\/19\/2020\/06\/eSolutions_Noatum.jpg","width":891,"height":500},{"@type":"BreadcrumbList","@id":"https:\/\/www.noatumlogistics.com\/cl\/esolutions\/#breadcrumb","itemListElement":[{"@type":"ListItem","position":1,"name":"Home","item":"https:\/\/www.noatumlogistics.com\/cl\/"},{"@type":"ListItem","position":2,"name":"eSolutions"}]},{"@type":"WebSite","@id":"https:\/\/www.noatumlogistics.com\/cl\/#website","url":"https:\/\/www.noatumlogistics.com\/cl\/","name":"Chile","description":"Just another Noatum Logistics site","potentialAction":[{"@type":"SearchAction","target":{"@type":"EntryPoint","urlTemplate":"https:\/\/www.noatumlogistics.com\/cl\/?s={search_term_string}"},"query-input":{"@type":"PropertyValueSpecification","valueRequired":true,"valueName":"search_term_string"}}],"inLanguage":"es"}]}},"_links":{"self":[{"href":"https:\/\/www.noatumlogistics.com\/cl\/wp-json\/wp\/v2\/pages\/210","targetHints":{"allow":["GET"]}}],"collection":[{"href":"https:\/\/www.noatumlogistics.com\/cl\/wp-json\/wp\/v2\/pages"}],"about":[{"href":"https:\/\/www.noatumlogistics.com\/cl\/wp-json\/wp\/v2\/types\/page"}],"author":[{"embeddable":true,"href":"https:\/\/www.noatumlogistics.com\/cl\/wp-json\/wp\/v2\/users\/9"}],"replies":[{"embeddable":true,"href":"https:\/\/www.noatumlogistics.com\/cl\/wp-json\/wp\/v2\/comments?post=210"}],"version-history":[{"count":7,"href":"https:\/\/www.noatumlogistics.com\/cl\/wp-json\/wp\/v2\/pages\/210\/revisions"}],"predecessor-version":[{"id":2846,"href":"https:\/\/www.noatumlogistics.com\/cl\/wp-json\/wp\/v2\/pages\/210\/revisions\/2846"}],"wp:featuredmedia":[{"embeddable":true,"href":"https:\/\/www.noatumlogistics.com\/cl\/wp-json\/wp\/v2\/media\/25"}],"wp:attachment":[{"href":"https:\/\/www.noatumlogistics.com\/cl\/wp-json\/wp\/v2\/media?parent=210"}],"curies":[{"name":"wp","href":"https:\/\/api.w.org\/{rel}","templated":true}]}}