{"id":3162,"date":"2024-10-25T12:37:04","date_gmt":"2024-10-25T11:37:04","guid":{"rendered":"https:\/\/www.noatumlogistics.com\/ar\/consultoria-comercio-internacional\/exportaciones\/"},"modified":"2024-10-25T12:37:04","modified_gmt":"2024-10-25T11:37:04","slug":"exportaciones","status":"publish","type":"page","link":"https:\/\/www.noatumlogistics.com\/ar\/consultoria-comercio-internacional\/exportaciones\/","title":{"rendered":"Servicios de consultor\u00eda y cumplimiento para el comercio de exportaci\u00f3n"},"content":{"rendered":"<div class=\"wpb-content-wrapper\"><p>[vc_row center_row=&#8221;yes&#8221; bg_overlay=&#8221;yes&#8221; typo_style=&#8221;light&#8221; css=&#8221;.vc_custom_1724747605234{padding-top: 120px !important;padding-bottom: 120px !important;background-image: url(https:\/\/www.noatumlogistics.com\/ar\/wp-content\/uploads\/sites\/17\/2024\/11\/Noatum-Logistics_Solutions_Global-trade-management_Export-consulting_1-1.jpg?id=20312) !important;background-position: center !important;background-repeat: no-repeat !important;background-size: cover !important;}&#8221; el_class=&#8221;primerafila&#8221;][vc_column]<div class=\"zozo-parallax-header\"><div class=\"parallax-header\"><h1 class=\"parallax-title text-left\">Servicios de consultor\u00eda y cumplimiento para el comercio de exportaci\u00f3n<\/h1><\/div><\/div>[vc_btn title=&#8221;Contacto&#8221; link=&#8221;url:%23contactform|&#8221;][\/vc_column][\/vc_row][vc_row center_row=&#8221;yes&#8221; el_class=&#8221;menucarousel&#8221; css=&#8221;.vc_custom_1582807539452{background-image: url(https:\/\/www.noatumlogistics.com\/wp-content\/uploads\/2016\/06\/fondo-directorio.jpg?id=1359) !important;background-position: center !important;background-repeat: no-repeat !important;background-size: cover !important;}&#8221;][vc_column el_class=&#8221;solcarousel&#8221;][vc_row_inner][vc_column_inner width=&#8221;1\/3&#8243;]<div class=\"zozo-parallax-header\"><div class=\"parallax-header\"><h2 class=\"parallax-title text-left text-none\">Operaciones globales sin contratiempos<\/h2><\/div><\/div>[\/vc_column_inner][vc_column_inner width=&#8221;2\/3&#8243; css=&#8221;.vc_custom_1724410473159{padding-top: 10px !important;}&#8221;][vc_column_text css=&#8221;&#8221;]Navegar por las complejidades del comercio internacional requiere un marco s\u00f3lido de procesos y procedimientos que cumplan tanto con los requisitos de exportaci\u00f3n de tu pa\u00eds como con las regulaciones de importaci\u00f3n del pa\u00eds de destino. Nuestro programa integral de consultor\u00eda y cumplimiento para el comercio de exportaci\u00f3n est\u00e1 dise\u00f1ado para optimizar tus operaciones, mitigar riesgos y asegurar el cumplimiento normativo, permiti\u00e9ndote enfocarte en expandir tu presencia en el mercado global.[\/vc_column_text][\/vc_column_inner][\/vc_row_inner][\/vc_column][\/vc_row][vc_row center_row=&#8221;yes&#8221; css=&#8221;.vc_custom_1724410047118{margin-top: 60px !important;border-top-width: 0px !important;padding-top: 0px !important;}&#8221; el_class=&#8221;Vinetasred&#8221;][vc_column]<div class=\"zozo-parallax-header VinetasRed\"><div class=\"parallax-header\"><h2 class=\"parallax-title text-left text-none\">Nuestros servicios de consultor\u00eda para el comercio de exportaci\u00f3n<\/h2><\/div><\/div>[vc_row_inner el_class=&#8221;warehouses&#8221;][vc_column_inner width=&#8221;2\/3&#8243; css=&#8221;.vc_custom_1724414325123{padding-left: 15px !important;}&#8221;][vc_column_text css=&#8221;&#8221; el_class=&#8221;VinetasRed&#8221;]Nuestro equipo de expertos ofrece una amplia gama de servicios para apoyar tus actividades de exportaci\u00f3n y asegurar el cumplimiento de las regulaciones comerciales internacionales:<\/p>\n<div class=\"row\" style=\"margin-bottom: 10px;\">\n<div class=\"col-md-6\">\n<ul>\n<li><strong>Clasificaci\u00f3n de productos<\/strong>: revisi\u00f3n y determinaci\u00f3n del c\u00f3digo del Sistema Armonizado (HS) para asegurar una clasificaci\u00f3n precisa de los productos.<\/li>\n<li><strong>Gu\u00eda sobre incoterms<\/strong>: asesoramiento experto sobre el uso de incoterms para definir responsabilidades y riesgos en el comercio internacional.<\/li>\n<li><strong>N\u00famero de clasificaci\u00f3n de control de exportaciones (ECCN):<\/strong> determinaci\u00f3n y revisi\u00f3n del ECCN para cumplir con las regulaciones de control de exportaciones.<\/li>\n<li><strong>Gesti\u00f3n de licencias de exportaci\u00f3n<\/strong>: revisi\u00f3n y determinaci\u00f3n exhaustiva de los requisitos de licencias de exportaci\u00f3n.<\/li>\n<\/ul>\n<\/div>\n<div class=\"col-md-6\">\n<ul>\n<li><strong>Desarrollo de manuales de procedimientos<\/strong>: creaci\u00f3n de manuales detallados de procedimientos de comercio de exportaci\u00f3n adaptados a las necesidades de tu negocio.<\/li>\n<li><strong>Educaci\u00f3n y formaci\u00f3n<\/strong>: desarrollo y gesti\u00f3n de programas de formaci\u00f3n para educar a tu equipo sobre el cumplimiento de exportaciones.<\/li>\n<li><strong>Auditor\u00edas de exportaci\u00f3n<\/strong>: realizaci\u00f3n de auditor\u00edas exhaustivas de exportaci\u00f3n para identificar y corregir problemas de cumplimiento.<\/li>\n<li><strong>Cumplimiento normativo<\/strong>: aseguramos la adherencia a requisitos regulatorios adicionales para evitar sanciones y retrasos.<\/li>\n<\/ul>\n<\/div>\n<\/div>\n<p>Nuestro objetivo es proporcionarte la experiencia y las herramientas necesarias para navegar el panorama del comercio global con confianza y eficiencia.[\/vc_column_text][\/vc_column_inner][vc_column_inner width=&#8221;1\/3&#8243;][vc_single_image image=&#8221;3163&#8243; img_size=&#8221;320&#215;320&#8243; alignment=&#8221;right&#8221; style=&#8221;vc_box_shadow_border_circle&#8221; css=&#8221;&#8221;][\/vc_column_inner][\/vc_row_inner][\/vc_column][\/vc_row][vc_row css_animation=&#8221;left-to-right&#8221; center_row=&#8221;yes&#8221; opn_row_gutter=&#8221;100&#8243; el_id=&#8221;contactform&#8221; css=&#8221;.vc_custom_1582792022784{background-color: #f7f7f7 !important;}&#8221;][vc_column][vc_column_text css=&#8221;&#8221; el_class=&#8221;cert_nombre&#8221;]<\/p>\n<h2 style=\"text-align: center;\"><strong><span style=\"color: #aa272f; font-size: 28px;\">Por favor, cont\u00e1ctenos para m\u00e1s informaci\u00f3n<\/span><\/strong><\/h2>\n<p>[\/vc_column_text][vc_column_text]\n<div class=\"wpcf7 no-js\" id=\"wpcf7-f209-o1\" lang=\"es-ES\" dir=\"ltr\" data-wpcf7-id=\"209\">\n<div class=\"screen-reader-response\"><p role=\"status\" aria-live=\"polite\" aria-atomic=\"true\"><\/p> <ul><\/ul><\/div>\n<form action=\"\/ar\/wp-json\/wp\/v2\/pages\/3162#wpcf7-f209-o1\" method=\"post\" class=\"wpcf7-form init\" aria-label=\"Formulario de contacto\" novalidate=\"novalidate\" data-status=\"init\">\n<fieldset class=\"hidden-fields-container\"><input type=\"hidden\" name=\"_wpcf7\" value=\"209\" \/><input type=\"hidden\" name=\"_wpcf7_version\" value=\"6.1.5\" \/><input type=\"hidden\" name=\"_wpcf7_locale\" value=\"es_ES\" \/><input type=\"hidden\" name=\"_wpcf7_unit_tag\" value=\"wpcf7-f209-o1\" \/><input type=\"hidden\" name=\"_wpcf7_container_post\" value=\"0\" \/><input type=\"hidden\" name=\"_wpcf7_posted_data_hash\" value=\"\" \/><input type=\"hidden\" name=\"_wpcf7dtx_version\" value=\"5.0.5\" \/><input type=\"hidden\" name=\"_wpcf7_recaptcha_response\" value=\"\" \/>\n<\/fieldset>\n<div class=\"row\">\n\t<div class=\"col-md-12\">\n\t<div class=\"wpcf7-response-output\" aria-hidden=\"true\"><\/div>\n\t<\/div>\n<\/div>\n<p style=\"font-size: 12px; font-weight:400; \">Todos los campos son obligatorios.\n<\/p>\n<div class=\"row\">\n\t<div class=\"col-md-6\">\n\t\t<p><span class=\"wpcf7-form-control-wrap\" data-name=\"tu-nombre\"><input size=\"40\" maxlength=\"400\" class=\"wpcf7-form-control wpcf7-text wpcf7-validates-as-required\" aria-required=\"true\" aria-invalid=\"false\" placeholder=\"Nombre\" value=\"\" type=\"text\" name=\"tu-nombre\" \/><\/span>\n\t\t<\/p>\n\t\t<p><span class=\"wpcf7-form-control-wrap\" data-name=\"tu-Empresa\"><input size=\"40\" maxlength=\"400\" class=\"wpcf7-form-control wpcf7-text wpcf7-validates-as-required\" aria-required=\"true\" aria-invalid=\"false\" placeholder=\"Empresa\" value=\"\" type=\"text\" name=\"tu-Empresa\" \/><\/span>\n\t\t<\/p>\n\t\t<p><span class=\"wpcf7-form-control-wrap\" data-name=\"tel-564\"><input size=\"40\" maxlength=\"400\" class=\"wpcf7-form-control wpcf7-tel wpcf7-validates-as-required wpcf7-text wpcf7-validates-as-tel\" aria-required=\"true\" aria-invalid=\"false\" placeholder=\"Tel\u00e9fono\" value=\"\" type=\"tel\" name=\"tel-564\" \/><\/span>\n\t\t<\/p>\n\t<\/div>\n\t<div class=\"col-md-6\">\n\t\t<p><span class=\"wpcf7-form-control-wrap\" data-name=\"tu-email\"><input size=\"40\" maxlength=\"400\" class=\"wpcf7-form-control wpcf7-email wpcf7-validates-as-required wpcf7-text wpcf7-validates-as-email\" aria-required=\"true\" aria-invalid=\"false\" placeholder=\"Email\" value=\"\" type=\"email\" name=\"tu-email\" \/><\/span>\n\t\t<\/p>\n\t<span class=\"wpcf7-form-control-wrap recipient-email\" data-name=\"recipient-email\"><input type=\"hidden\" name=\"recipient-email\" class=\"wpcf7-form-control wpcf7-hidden wpcf7dtx wpcf7dtx-hidden\" aria-invalid=\"false\" value=\"&#105;&#110;&#102;&#111;&#064;&#110;&#111;&#097;&#116;&#117;&#109;&#108;&#111;&#103;&#105;&#115;&#116;&#105;&#099;&#115;&#046;&#099;&#111;&#109;\"><\/span>\n\t\t<p><span class=\"wpcf7-form-control-wrap\" data-name=\"your-message\"><textarea cols=\"40\" rows=\"10\" maxlength=\"2000\" class=\"wpcf7-form-control wpcf7-textarea\" aria-invalid=\"false\" placeholder=\"Mensaje\" name=\"your-message\"><\/textarea><\/span>\n\t\t<\/p>\n\t<\/div>\n<\/div>\n<div class=\"row\">\n\t<div class=\"col-md-12 legalnotice\">\n\t\t<p style=\"font-weight: 300;font-size: 12px;line-height: 1.5em;margin-top: 10px;\">Noatum Holdings S.L.U., con domicilio en la Avenida de Italia n\u00ba2 (CTC), de Coslada (Madrid, Espa\u00f1a), utiliza con su consentimiento los datos personales consignados para responder a su solicitud, envi\u00e1ndolos a la empresa del grupo Noatum m\u00e1s indicada para ello. No se conservar\u00e1n m\u00e1s all\u00e1 del tiempo necesario para responderle. Si acepta la recepci\u00f3n de publicidad de nuestros servicios marcando la casilla correspondiente los conservaremos en tanto no manifieste su voluntad en contrario.\n\t\t<\/p>\n\t\t<p style=\"font-weight: 300;font-size: 12px;line-height: 1.5em; margin-top: 5px;\">Puede contactar con el delegado de protecci\u00f3n de datos en (<a href=\"mailto:dpo@noatum.com\">dpo@noatum.com<\/a>). Si considera que sus derechos han sido vulnerados, puede interponer una reclamaci\u00f3n ante la Agencia Espa\u00f1ola de Protecci\u00f3n de Datos. Si lo desea, puede retirar su consentimiento y ejercer los derechos de acceso, rectificaci\u00f3n, supresi\u00f3n, oposici\u00f3n y limitaci\u00f3n en cualquier momento dirigi\u00e9ndose al correo (<a href=\"mailto:dpo@noatum.com\">dpo@noatum.com<\/a>).\n\t\t<\/p>\n\t<\/div>\n<\/div>\n<div class=\"row\" style=\"margin-top: 10px; margin-bottom: 15px;\">\n\t<div class=\"col-md-12\">\n\t\t<p><span class=\"wpcf7-form-control-wrap\" data-name=\"acceptance-182\"><span class=\"wpcf7-form-control wpcf7-acceptance\"><span class=\"wpcf7-list-item\"><label><input type=\"checkbox\" name=\"acceptance-182\" value=\"1\" aria-invalid=\"false\" \/><span class=\"wpcf7-list-item-label\">Acepto la recepci\u00f3n de publicidad de los servicios del grupo Noatum en mi direcci\u00f3n de correo electr\u00f3nico.<\/span><\/label><\/span><\/span><\/span>\n\t\t<\/p>\n\t<\/div>\n<\/div>\n<div class=\"row\">\n\t<div class=\"col-md-12\">\n\t\t<p><input class=\"wpcf7-form-control wpcf7-submit has-spinner\" type=\"submit\" value=\"Enviar\" \/>\n\t\t<\/p>\n\t<\/div>\n<\/div>\n<\/form>\n<\/div>\n[\/vc_column_text][\/vc_column][\/vc_row]<\/p>\n<\/div>","protected":false},"excerpt":{"rendered":"<p>[vc_row center_row=&#8221;yes&#8221; bg_overlay=&#8221;yes&#8221; typo_style=&#8221;light&#8221; css=&#8221;.vc_custom_1724747605234{padding-top: 120px !important;padding-bottom: 120px !important;background-image: url(https:\/\/www.noatumlogistics.com\/ar\/wp-content\/uploads\/sites\/17\/2024\/11\/Noatum-Logistics_Solutions_Global-trade-management_Export-consulting_1-1.jpg?id=20312) !important;background-position: center !important;background-repeat: no-repeat !important;background-size: cover !important;}&#8221; el_class=&#8221;primerafila&#8221;][vc_column][vc_btn title=&#8221;Contacto&#8221; link=&#8221;url:%23contactform|&#8221;][\/vc_column][\/vc_row][vc_row center_row=&#8221;yes&#8221; el_class=&#8221;menucarousel&#8221; css=&#8221;.vc_custom_1582807539452{background-image: url(https:\/\/www.noatumlogistics.com\/wp-content\/uploads\/2016\/06\/fondo-directorio.jpg?id=1359) !important;background-position: center !important;background-repeat: no-repeat !important;background-size: cover&#8230;<\/p>\n","protected":false},"author":12,"featured_media":3099,"parent":3098,"menu_order":0,"comment_status":"closed","ping_status":"closed","template":"template-fullwidth.php","meta":{"footnotes":""},"class_list":["post-3162","page","type-page","status-publish","has-post-thumbnail","hentry"],"yoast_head":"<!-- This site is optimized with the Yoast SEO plugin v27.4 - https:\/\/yoast.com\/product\/yoast-seo-wordpress\/ -->\n<title>Servicios Profesionales de Consultor\u00eda y Normativas en Exportaciones | Noatum Logistics<\/title>\n<meta name=\"description\" content=\"Optimiza tus operaciones de exportaci\u00f3n con Noatum Logistics. Reduce riesgos, asegura el cumplimiento y expande tu presencia global.\" \/>\n<meta name=\"robots\" content=\"index, follow, max-snippet:-1, max-image-preview:large, max-video-preview:-1\" \/>\n<link rel=\"canonical\" href=\"https:\/\/www.noatumlogistics.com\/ar\/consultoria-comercio-internacional\/exportaciones\/\" \/>\n<meta property=\"og:locale\" content=\"es_ES\" \/>\n<meta property=\"og:type\" content=\"article\" \/>\n<meta property=\"og:title\" content=\"Servicios Profesionales de Consultor\u00eda y Normativas en Exportaciones | Noatum Logistics\" \/>\n<meta property=\"og:description\" content=\"Optimiza tus operaciones de exportaci\u00f3n con Noatum Logistics. Reduce riesgos, asegura el cumplimiento y expande tu presencia global.\" \/>\n<meta property=\"og:url\" content=\"https:\/\/www.noatumlogistics.com\/ar\/consultoria-comercio-internacional\/exportaciones\/\" \/>\n<meta property=\"og:site_name\" content=\"Argentina\" \/>\n<meta property=\"og:image\" content=\"https:\/\/www.noatumlogistics.com\/ar\/wp-content\/uploads\/sites\/17\/2024\/11\/Noatum-Logistics_Solutions_Global-trade-management_Export-consulting_1-1.jpg\" \/>\n\t<meta property=\"og:image:width\" content=\"2000\" \/>\n\t<meta property=\"og:image:height\" content=\"1333\" \/>\n\t<meta property=\"og:image:type\" content=\"image\/jpeg\" \/>\n<meta name=\"twitter:card\" content=\"summary_large_image\" \/>\n<meta name=\"twitter:label1\" content=\"Tiempo de lectura\" \/>\n\t<meta name=\"twitter:data1\" content=\"2 minutos\" \/>\n<script type=\"application\/ld+json\" class=\"yoast-schema-graph\">{\"@context\":\"https:\\\/\\\/schema.org\",\"@graph\":[{\"@type\":\"WebPage\",\"@id\":\"https:\\\/\\\/www.noatumlogistics.com\\\/ar\\\/consultoria-comercio-internacional\\\/exportaciones\\\/\",\"url\":\"https:\\\/\\\/www.noatumlogistics.com\\\/ar\\\/consultoria-comercio-internacional\\\/exportaciones\\\/\",\"name\":\"Servicios Profesionales de Consultor\u00eda y Normativas en Exportaciones | Noatum Logistics\",\"isPartOf\":{\"@id\":\"https:\\\/\\\/www.noatumlogistics.com\\\/ar\\\/#website\"},\"primaryImageOfPage\":{\"@id\":\"https:\\\/\\\/www.noatumlogistics.com\\\/ar\\\/consultoria-comercio-internacional\\\/exportaciones\\\/#primaryimage\"},\"image\":{\"@id\":\"https:\\\/\\\/www.noatumlogistics.com\\\/ar\\\/consultoria-comercio-internacional\\\/exportaciones\\\/#primaryimage\"},\"thumbnailUrl\":\"https:\\\/\\\/www.noatumlogistics.com\\\/ar\\\/wp-content\\\/uploads\\\/sites\\\/17\\\/2024\\\/11\\\/Noatum-Logistics_Solutions_Global-trade-management_Export-consulting_1-1.jpg\",\"datePublished\":\"2024-10-25T11:37:04+00:00\",\"description\":\"Optimiza tus operaciones de exportaci\u00f3n con Noatum Logistics. Reduce riesgos, asegura el cumplimiento y expande tu presencia global.\",\"breadcrumb\":{\"@id\":\"https:\\\/\\\/www.noatumlogistics.com\\\/ar\\\/consultoria-comercio-internacional\\\/exportaciones\\\/#breadcrumb\"},\"inLanguage\":\"es\",\"potentialAction\":[{\"@type\":\"ReadAction\",\"target\":[\"https:\\\/\\\/www.noatumlogistics.com\\\/ar\\\/consultoria-comercio-internacional\\\/exportaciones\\\/\"]}]},{\"@type\":\"ImageObject\",\"inLanguage\":\"es\",\"@id\":\"https:\\\/\\\/www.noatumlogistics.com\\\/ar\\\/consultoria-comercio-internacional\\\/exportaciones\\\/#primaryimage\",\"url\":\"https:\\\/\\\/www.noatumlogistics.com\\\/ar\\\/wp-content\\\/uploads\\\/sites\\\/17\\\/2024\\\/11\\\/Noatum-Logistics_Solutions_Global-trade-management_Export-consulting_1-1.jpg\",\"contentUrl\":\"https:\\\/\\\/www.noatumlogistics.com\\\/ar\\\/wp-content\\\/uploads\\\/sites\\\/17\\\/2024\\\/11\\\/Noatum-Logistics_Solutions_Global-trade-management_Export-consulting_1-1.jpg\",\"width\":2000,\"height\":1333},{\"@type\":\"BreadcrumbList\",\"@id\":\"https:\\\/\\\/www.noatumlogistics.com\\\/ar\\\/consultoria-comercio-internacional\\\/exportaciones\\\/#breadcrumb\",\"itemListElement\":[{\"@type\":\"ListItem\",\"position\":1,\"name\":\"Home\",\"item\":\"https:\\\/\\\/www.noatumlogistics.com\\\/ar\\\/\"},{\"@type\":\"ListItem\",\"position\":2,\"name\":\"Consultor\u00eda en comercio internacional\",\"item\":\"https:\\\/\\\/www.noatumlogistics.com\\\/ar\\\/consultoria-comercio-internacional\\\/\"},{\"@type\":\"ListItem\",\"position\":3,\"name\":\"Servicios de consultor\u00eda y cumplimiento para el comercio de exportaci\u00f3n\"}]},{\"@type\":\"WebSite\",\"@id\":\"https:\\\/\\\/www.noatumlogistics.com\\\/ar\\\/#website\",\"url\":\"https:\\\/\\\/www.noatumlogistics.com\\\/ar\\\/\",\"name\":\"Argentina\",\"description\":\"Just another Noatum Logistics site\",\"potentialAction\":[{\"@type\":\"SearchAction\",\"target\":{\"@type\":\"EntryPoint\",\"urlTemplate\":\"https:\\\/\\\/www.noatumlogistics.com\\\/ar\\\/?s={search_term_string}\"},\"query-input\":{\"@type\":\"PropertyValueSpecification\",\"valueRequired\":true,\"valueName\":\"search_term_string\"}}],\"inLanguage\":\"es\"}]}<\/script>\n<!-- \/ Yoast SEO plugin. -->","yoast_head_json":{"title":"Servicios Profesionales de Consultor\u00eda y Normativas en Exportaciones | Noatum Logistics","description":"Optimiza tus operaciones de exportaci\u00f3n con Noatum Logistics. Reduce riesgos, asegura el cumplimiento y expande tu presencia global.","robots":{"index":"index","follow":"follow","max-snippet":"max-snippet:-1","max-image-preview":"max-image-preview:large","max-video-preview":"max-video-preview:-1"},"canonical":"https:\/\/www.noatumlogistics.com\/ar\/consultoria-comercio-internacional\/exportaciones\/","og_locale":"es_ES","og_type":"article","og_title":"Servicios Profesionales de Consultor\u00eda y Normativas en Exportaciones | Noatum Logistics","og_description":"Optimiza tus operaciones de exportaci\u00f3n con Noatum Logistics. Reduce riesgos, asegura el cumplimiento y expande tu presencia global.","og_url":"https:\/\/www.noatumlogistics.com\/ar\/consultoria-comercio-internacional\/exportaciones\/","og_site_name":"Argentina","og_image":[{"width":2000,"height":1333,"url":"https:\/\/www.noatumlogistics.com\/ar\/wp-content\/uploads\/sites\/17\/2024\/11\/Noatum-Logistics_Solutions_Global-trade-management_Export-consulting_1-1.jpg","type":"image\/jpeg"}],"twitter_card":"summary_large_image","twitter_misc":{"Tiempo de lectura":"2 minutos"},"schema":{"@context":"https:\/\/schema.org","@graph":[{"@type":"WebPage","@id":"https:\/\/www.noatumlogistics.com\/ar\/consultoria-comercio-internacional\/exportaciones\/","url":"https:\/\/www.noatumlogistics.com\/ar\/consultoria-comercio-internacional\/exportaciones\/","name":"Servicios Profesionales de Consultor\u00eda y Normativas en Exportaciones | Noatum Logistics","isPartOf":{"@id":"https:\/\/www.noatumlogistics.com\/ar\/#website"},"primaryImageOfPage":{"@id":"https:\/\/www.noatumlogistics.com\/ar\/consultoria-comercio-internacional\/exportaciones\/#primaryimage"},"image":{"@id":"https:\/\/www.noatumlogistics.com\/ar\/consultoria-comercio-internacional\/exportaciones\/#primaryimage"},"thumbnailUrl":"https:\/\/www.noatumlogistics.com\/ar\/wp-content\/uploads\/sites\/17\/2024\/11\/Noatum-Logistics_Solutions_Global-trade-management_Export-consulting_1-1.jpg","datePublished":"2024-10-25T11:37:04+00:00","description":"Optimiza tus operaciones de exportaci\u00f3n con Noatum Logistics. Reduce riesgos, asegura el cumplimiento y expande tu presencia global.","breadcrumb":{"@id":"https:\/\/www.noatumlogistics.com\/ar\/consultoria-comercio-internacional\/exportaciones\/#breadcrumb"},"inLanguage":"es","potentialAction":[{"@type":"ReadAction","target":["https:\/\/www.noatumlogistics.com\/ar\/consultoria-comercio-internacional\/exportaciones\/"]}]},{"@type":"ImageObject","inLanguage":"es","@id":"https:\/\/www.noatumlogistics.com\/ar\/consultoria-comercio-internacional\/exportaciones\/#primaryimage","url":"https:\/\/www.noatumlogistics.com\/ar\/wp-content\/uploads\/sites\/17\/2024\/11\/Noatum-Logistics_Solutions_Global-trade-management_Export-consulting_1-1.jpg","contentUrl":"https:\/\/www.noatumlogistics.com\/ar\/wp-content\/uploads\/sites\/17\/2024\/11\/Noatum-Logistics_Solutions_Global-trade-management_Export-consulting_1-1.jpg","width":2000,"height":1333},{"@type":"BreadcrumbList","@id":"https:\/\/www.noatumlogistics.com\/ar\/consultoria-comercio-internacional\/exportaciones\/#breadcrumb","itemListElement":[{"@type":"ListItem","position":1,"name":"Home","item":"https:\/\/www.noatumlogistics.com\/ar\/"},{"@type":"ListItem","position":2,"name":"Consultor\u00eda en comercio internacional","item":"https:\/\/www.noatumlogistics.com\/ar\/consultoria-comercio-internacional\/"},{"@type":"ListItem","position":3,"name":"Servicios de consultor\u00eda y cumplimiento para el comercio de exportaci\u00f3n"}]},{"@type":"WebSite","@id":"https:\/\/www.noatumlogistics.com\/ar\/#website","url":"https:\/\/www.noatumlogistics.com\/ar\/","name":"Argentina","description":"Just another Noatum Logistics site","potentialAction":[{"@type":"SearchAction","target":{"@type":"EntryPoint","urlTemplate":"https:\/\/www.noatumlogistics.com\/ar\/?s={search_term_string}"},"query-input":{"@type":"PropertyValueSpecification","valueRequired":true,"valueName":"search_term_string"}}],"inLanguage":"es"}]}},"_links":{"self":[{"href":"https:\/\/www.noatumlogistics.com\/ar\/wp-json\/wp\/v2\/pages\/3162","targetHints":{"allow":["GET"]}}],"collection":[{"href":"https:\/\/www.noatumlogistics.com\/ar\/wp-json\/wp\/v2\/pages"}],"about":[{"href":"https:\/\/www.noatumlogistics.com\/ar\/wp-json\/wp\/v2\/types\/page"}],"author":[{"embeddable":true,"href":"https:\/\/www.noatumlogistics.com\/ar\/wp-json\/wp\/v2\/users\/12"}],"replies":[{"embeddable":true,"href":"https:\/\/www.noatumlogistics.com\/ar\/wp-json\/wp\/v2\/comments?post=3162"}],"version-history":[{"count":1,"href":"https:\/\/www.noatumlogistics.com\/ar\/wp-json\/wp\/v2\/pages\/3162\/revisions"}],"predecessor-version":[{"id":3165,"href":"https:\/\/www.noatumlogistics.com\/ar\/wp-json\/wp\/v2\/pages\/3162\/revisions\/3165"}],"up":[{"embeddable":true,"href":"https:\/\/www.noatumlogistics.com\/ar\/wp-json\/wp\/v2\/pages\/3098"}],"wp:featuredmedia":[{"embeddable":true,"href":"https:\/\/www.noatumlogistics.com\/ar\/wp-json\/wp\/v2\/media\/3099"}],"wp:attachment":[{"href":"https:\/\/www.noatumlogistics.com\/ar\/wp-json\/wp\/v2\/media?parent=3162"}],"curies":[{"name":"wp","href":"https:\/\/api.w.org\/{rel}","templated":true}]}}