{"id":171,"date":"2020-05-08T07:57:21","date_gmt":"2020-05-08T07:57:21","guid":{"rendered":"https:\/\/www.noatumlogistics.com\/ar\/global-trade-management\/global-customs-brokerage\/"},"modified":"2020-11-24T11:57:42","modified_gmt":"2020-11-24T11:57:42","slug":"global-customs-brokerage","status":"publish","type":"page","link":"https:\/\/www.noatumlogistics.com\/ar\/aduanas-comercio-internacional_old\/global-customs-brokerage\/","title":{"rendered":"Servicio de aduanas global"},"content":{"rendered":"<div class=\"wpb-content-wrapper\"><p>[vc_row center_row=&#8221;yes&#8221; css=&#8221;.vc_custom_1585328335260{padding-top: 0px !important;background-position: center !important;background-repeat: no-repeat !important;background-size: cover !important;}&#8221; el_class=&#8221;primerafila&#8221;][vc_column][vc_column_text]<\/p>\n<h4>Profesionales regionales, experimentados y apasionados expertos te ayudar\u00e1n a que tus productos crucen las fronteras internacionales de todo el mundo.<\/h4>\n<p>[\/vc_column_text][vc_separator][vc_row_inner el_class=&#8221;VinetasRed&#8221;][vc_column_inner width=&#8221;1\/2&#8243;]<div class=\"zozo-parallax-header\"><div class=\"parallax-header\"><h3 class=\"parallax-title text-left text-uppercase\" style=\"font-size:18px;\">NUESTRA EXPERIENCIA ADUANERA A SU SERVICIO<\/h3><div class=\"parallax-desc default-style text-left\"><p>Aunque los importadores son en \u00faltima instancia responsables de lo que se presenta a las autoridades aduaneras, nuestros Agentes de aduanas profesionales y de confianza gestionan de forma activa tus operaciones diarias de importaci\u00f3n y exportaci\u00f3n.<\/p>\n<p>Nuestros expertos trabajan para conocer y entender realmente a tu equipo, tus productos, procesos y necesidades. Utilizar\u00e1n su experiencia y conocimiento para preparar, de forma adecuada y precisa, la declaraci\u00f3n de importaci\u00f3n de manera segura en cumplimiento con la normativa.<\/p>\n<p>Nuestros equipos mediar\u00e1n en tu nombre con los funcionarios de aduanas, los transportistas y el almac\u00e9n para garantizar que tus env\u00edos de importaci\u00f3n lleguen a sus destinos seg\u00fan lo planeado.<\/p>\n<\/div><\/div><\/div>[\/vc_column_inner][vc_column_inner width=&#8221;1\/2&#8243;]<div class=\"zozo-parallax-header\"><div class=\"parallax-header\"><h3 class=\"parallax-title text-left text-uppercase\" style=\"font-size:18px;\">SERVICIOS DESTACADOS<\/h3><div class=\"parallax-desc default-style text-left\"><ul>\n<li>Formalidades aduaneras de importaci\u00f3n \/ despachos de aduana<\/li>\n<li>Security filling (ISF)<\/li>\n<li>Autorizaciones de autoridades competentes<\/li>\n<li>Visibilidad \/ Custom Milestone Reporting \/ Documentaci\u00f3n electr\u00f3nica<\/li>\n<li>Acceso a agentes titulados<\/li>\n<li>Cumplimiento normas de comercio previo al env\u00edo<\/li>\n<\/ul>\n<\/div><\/div><\/div>[\/vc_column_inner][\/vc_row_inner][\/vc_column][\/vc_row][vc_row center_row=&#8221;yes&#8221; bg_overlay=&#8221;yes&#8221; typo_style=&#8221;light&#8221; css=&#8221;.vc_custom_1585328779198{margin-bottom: 60px !important;background-image: url(https:\/\/www.noatumlogistics.com\/wp-content\/uploads\/2020\/03\/global-trade-management1.jpg?id=11210) !important;background-position: center !important;background-repeat: no-repeat !important;background-size: cover !important;}&#8221; el_class=&#8221;redgradientbgtrans&#8221;][vc_column]<div class=\"zozo-parallax-header\"><div class=\"parallax-header\"><h2 class=\"parallax-title text-center text-none\">Por qu\u00e9 elegir los servicios de Global Trade Management de Noatum Logistics<\/h2><\/div><\/div>[vc_row_inner][vc_column_inner width=&#8221;1\/2&#8243; css=&#8221;.vc_custom_1585214466581{padding-right: 60px !important;padding-left: 60px !important;}&#8221;][vc_column_text el_class=&#8221;text-center&#8221;]<img decoding=\"async\" src=\"https:\/\/www.noatumlogistics.com\/wp-content\/uploads\/2020\/03\/expertise-02-e1585150149621-279x300.png\" width=\"60\" \/>[\/vc_column_text]<div class=\"zozo-parallax-header\"><div class=\"parallax-header\"><h4 class=\"parallax-title text-center\" style=\"font-size:24px;\">EXPERIENCIA<\/h4><div class=\"parallax-desc default-style text-center\"><p>Nuestros clientes compiten y prosperan en los mercados internacionales a trav\u00e9s de sus sectores y verticales especializados y eligen los servicios GTM de Noatum Logistics para ayudarles a interpretar y cumplir la normativa para las importaciones y exportaciones en el comercio global actual, cada vez m\u00e1s din\u00e1mico y complejo.<\/p>\n<\/div><\/div><\/div>[\/vc_column_inner][vc_column_inner width=&#8221;1\/2&#8243; css=&#8221;.vc_custom_1588924535502{padding-right: 61px !important;padding-left: 60px !important;}&#8221;][vc_column_text el_class=&#8221;text-center&#8221;]<img decoding=\"async\" src=\"https:\/\/www.noatumlogistics.com\/wp-content\/uploads\/2020\/03\/professional-267x300.png\" alt=\"\" width=\"60\" \/>[\/vc_column_text]<div class=\"zozo-parallax-header\"><div class=\"parallax-header\"><h4 class=\"parallax-title text-center\" style=\"font-size:24px;\">EQUIPO PROFESIONAL<\/h4><div class=\"parallax-desc default-style text-center\"><p>El equipo GTM de Noatum Logistics est\u00e1 compuesto por profesionales apasionados y fiables, expertos en la regulaci\u00f3n del comercio internacional, gesti\u00f3n de la cadena de suministro, tecnolog\u00eda de la inteligencia empresarial y negocios internacionales, que trabajan en asociaci\u00f3n con nuestros clientes.<\/p>\n<\/div><\/div><\/div>[\/vc_column_inner][\/vc_row_inner][\/vc_column][\/vc_row][vc_row css_animation=&#8221;left-to-right&#8221; center_row=&#8221;yes&#8221; opn_row_gutter=&#8221;100&#8243; el_id=&#8221;contactform&#8221; css=&#8221;.vc_custom_1582792022784{background-color: #f7f7f7 !important;}&#8221;][vc_column]<div class=\"zozo-parallax-header\"><div class=\"parallax-header\"><h2 class=\"parallax-title text-center text-none\" style=\"color:#ae2626;\">Por favor, cont\u00e1ctenos para m\u00e1s informaci\u00f3n<\/h2><\/div><\/div>[vc_column_text]\n<div class=\"wpcf7 no-js\" id=\"wpcf7-f209-o1\" lang=\"es-ES\" dir=\"ltr\" data-wpcf7-id=\"209\">\n<div class=\"screen-reader-response\"><p role=\"status\" aria-live=\"polite\" aria-atomic=\"true\"><\/p> <ul><\/ul><\/div>\n<form action=\"\/ar\/wp-json\/wp\/v2\/pages\/171#wpcf7-f209-o1\" method=\"post\" class=\"wpcf7-form init\" aria-label=\"Formulario de contacto\" novalidate=\"novalidate\" data-status=\"init\">\n<fieldset class=\"hidden-fields-container\"><input type=\"hidden\" name=\"_wpcf7\" value=\"209\" \/><input type=\"hidden\" name=\"_wpcf7_version\" value=\"6.1.5\" \/><input type=\"hidden\" name=\"_wpcf7_locale\" value=\"es_ES\" \/><input type=\"hidden\" name=\"_wpcf7_unit_tag\" value=\"wpcf7-f209-o1\" \/><input type=\"hidden\" name=\"_wpcf7_container_post\" value=\"0\" \/><input type=\"hidden\" name=\"_wpcf7_posted_data_hash\" value=\"\" \/><input type=\"hidden\" name=\"_wpcf7dtx_version\" value=\"5.0.5\" \/><input type=\"hidden\" name=\"_wpcf7_recaptcha_response\" value=\"\" \/>\n<\/fieldset>\n<div class=\"row\">\n\t<div class=\"col-md-12\">\n\t<div class=\"wpcf7-response-output\" aria-hidden=\"true\"><\/div>\n\t<\/div>\n<\/div>\n<p style=\"font-size: 12px; font-weight:400; \">Todos los campos son obligatorios.\n<\/p>\n<div class=\"row\">\n\t<div class=\"col-md-6\">\n\t\t<p><span class=\"wpcf7-form-control-wrap\" data-name=\"tu-nombre\"><input size=\"40\" maxlength=\"400\" class=\"wpcf7-form-control wpcf7-text wpcf7-validates-as-required\" aria-required=\"true\" aria-invalid=\"false\" placeholder=\"Nombre\" value=\"\" type=\"text\" name=\"tu-nombre\" \/><\/span>\n\t\t<\/p>\n\t\t<p><span class=\"wpcf7-form-control-wrap\" data-name=\"tu-Empresa\"><input size=\"40\" maxlength=\"400\" class=\"wpcf7-form-control wpcf7-text wpcf7-validates-as-required\" aria-required=\"true\" aria-invalid=\"false\" placeholder=\"Empresa\" value=\"\" type=\"text\" name=\"tu-Empresa\" \/><\/span>\n\t\t<\/p>\n\t\t<p><span class=\"wpcf7-form-control-wrap\" data-name=\"tel-564\"><input size=\"40\" maxlength=\"400\" class=\"wpcf7-form-control wpcf7-tel wpcf7-validates-as-required wpcf7-text wpcf7-validates-as-tel\" aria-required=\"true\" aria-invalid=\"false\" placeholder=\"Tel\u00e9fono\" value=\"\" type=\"tel\" name=\"tel-564\" \/><\/span>\n\t\t<\/p>\n\t<\/div>\n\t<div class=\"col-md-6\">\n\t\t<p><span class=\"wpcf7-form-control-wrap\" data-name=\"tu-email\"><input size=\"40\" maxlength=\"400\" class=\"wpcf7-form-control wpcf7-email wpcf7-validates-as-required wpcf7-text wpcf7-validates-as-email\" aria-required=\"true\" aria-invalid=\"false\" placeholder=\"Email\" value=\"\" type=\"email\" name=\"tu-email\" \/><\/span>\n\t\t<\/p>\n\t<span class=\"wpcf7-form-control-wrap recipient-email\" data-name=\"recipient-email\"><input type=\"hidden\" name=\"recipient-email\" class=\"wpcf7-form-control wpcf7-hidden wpcf7dtx wpcf7dtx-hidden\" aria-invalid=\"false\" value=\"&#107;&#101;&#118;&#105;&#110;&#046;&#101;&#107;&#115;&#116;&#114;&#097;&#110;&#100;&#064;&#110;&#111;&#097;&#116;&#117;&#109;&#108;&#111;&#103;&#105;&#115;&#116;&#105;&#099;&#115;&#046;&#099;&#111;&#109;\"><\/span>\n\t\t<p><span class=\"wpcf7-form-control-wrap\" data-name=\"your-message\"><textarea cols=\"40\" rows=\"10\" maxlength=\"2000\" class=\"wpcf7-form-control wpcf7-textarea\" aria-invalid=\"false\" placeholder=\"Mensaje\" name=\"your-message\"><\/textarea><\/span>\n\t\t<\/p>\n\t<\/div>\n<\/div>\n<div class=\"row\">\n\t<div class=\"col-md-12 legalnotice\">\n\t\t<p style=\"font-weight: 300;font-size: 12px;line-height: 1.5em;margin-top: 10px;\">Noatum Holdings S.L.U., con domicilio en la Avenida de Italia n\u00ba2 (CTC), de Coslada (Madrid, Espa\u00f1a), utiliza con su consentimiento los datos personales consignados para responder a su solicitud, envi\u00e1ndolos a la empresa del grupo Noatum m\u00e1s indicada para ello. No se conservar\u00e1n m\u00e1s all\u00e1 del tiempo necesario para responderle. Si acepta la recepci\u00f3n de publicidad de nuestros servicios marcando la casilla correspondiente los conservaremos en tanto no manifieste su voluntad en contrario.\n\t\t<\/p>\n\t\t<p style=\"font-weight: 300;font-size: 12px;line-height: 1.5em; margin-top: 5px;\">Puede contactar con el delegado de protecci\u00f3n de datos en (<a href=\"mailto:dpo@noatum.com\">dpo@noatum.com<\/a>). Si considera que sus derechos han sido vulnerados, puede interponer una reclamaci\u00f3n ante la Agencia Espa\u00f1ola de Protecci\u00f3n de Datos. Si lo desea, puede retirar su consentimiento y ejercer los derechos de acceso, rectificaci\u00f3n, supresi\u00f3n, oposici\u00f3n y limitaci\u00f3n en cualquier momento dirigi\u00e9ndose al correo (<a href=\"mailto:dpo@noatum.com\">dpo@noatum.com<\/a>).\n\t\t<\/p>\n\t<\/div>\n<\/div>\n<div class=\"row\" style=\"margin-top: 10px; margin-bottom: 15px;\">\n\t<div class=\"col-md-12\">\n\t\t<p><span class=\"wpcf7-form-control-wrap\" data-name=\"acceptance-182\"><span class=\"wpcf7-form-control wpcf7-acceptance\"><span class=\"wpcf7-list-item\"><label><input type=\"checkbox\" name=\"acceptance-182\" value=\"1\" aria-invalid=\"false\" \/><span class=\"wpcf7-list-item-label\">Acepto la recepci\u00f3n de publicidad de los servicios del grupo Noatum en mi direcci\u00f3n de correo electr\u00f3nico.<\/span><\/label><\/span><\/span><\/span>\n\t\t<\/p>\n\t<\/div>\n<\/div>\n<div class=\"row\">\n\t<div class=\"col-md-12\">\n\t\t<p><input class=\"wpcf7-form-control wpcf7-submit has-spinner\" type=\"submit\" value=\"Enviar\" \/>\n\t\t<\/p>\n\t<\/div>\n<\/div>\n<\/form>\n<\/div>\n[\/vc_column_text][\/vc_column][\/vc_row]<\/p>\n<\/div>","protected":false},"excerpt":{"rendered":"<p>[vc_row center_row=&#8221;yes&#8221; css=&#8221;.vc_custom_1585328335260{padding-top: 0px !important;background-position: center !important;background-repeat: no-repeat !important;background-size: cover !important;}&#8221; el_class=&#8221;primerafila&#8221;][vc_column][vc_column_text] Profesionales regionales, experimentados y apasionados expertos te ayudar\u00e1n a que tus productos crucen las fronteras internacionales de todo&#8230;<\/p>\n","protected":false},"author":9,"featured_media":0,"parent":139,"menu_order":0,"comment_status":"closed","ping_status":"closed","template":"","meta":{"footnotes":""},"class_list":["post-171","page","type-page","status-publish","hentry"],"yoast_head":"<!-- This site is optimized with the Yoast SEO plugin v27.3 - https:\/\/yoast.com\/product\/yoast-seo-wordpress\/ -->\n<title>Servicio de aduanas global - Customs Brokerage | Noatum Logistics<\/title>\n<meta name=\"description\" content=\"Profesionales regionales, experimentados y apasionados expertos te ayudar\u00e1n a que tus productos crucen las fronteras internacionales de todo el mundo.\" \/>\n<meta name=\"robots\" content=\"index, follow, max-snippet:-1, max-image-preview:large, max-video-preview:-1\" \/>\n<link rel=\"canonical\" href=\"https:\/\/www.noatumlogistics.com\/ar\/aduanas-comercio-internacional_old\/global-customs-brokerage\/\" \/>\n<meta property=\"og:locale\" content=\"es_ES\" \/>\n<meta property=\"og:type\" content=\"article\" \/>\n<meta property=\"og:title\" content=\"Servicio de aduanas global - Customs Brokerage | Noatum Logistics\" \/>\n<meta property=\"og:description\" content=\"Profesionales regionales, experimentados y apasionados expertos te ayudar\u00e1n a que tus productos crucen las fronteras internacionales de todo el mundo.\" \/>\n<meta property=\"og:url\" content=\"https:\/\/www.noatumlogistics.com\/ar\/aduanas-comercio-internacional_old\/global-customs-brokerage\/\" \/>\n<meta property=\"og:site_name\" content=\"Argentina\" \/>\n<meta property=\"article:modified_time\" content=\"2020-11-24T11:57:42+00:00\" \/>\n<meta property=\"og:image\" content=\"https:\/\/www.noatumlogistics.com\/wp-content\/uploads\/2020\/03\/expertise-02-e1585150149621-279x300.png\" \/>\n<meta name=\"twitter:card\" content=\"summary_large_image\" \/>\n<meta name=\"twitter:label1\" content=\"Tiempo de lectura\" \/>\n\t<meta name=\"twitter:data1\" content=\"3 minutos\" \/>\n<script type=\"application\/ld+json\" class=\"yoast-schema-graph\">{\"@context\":\"https:\\\/\\\/schema.org\",\"@graph\":[{\"@type\":\"WebPage\",\"@id\":\"https:\\\/\\\/www.noatumlogistics.com\\\/ar\\\/aduanas-comercio-internacional_old\\\/global-customs-brokerage\\\/\",\"url\":\"https:\\\/\\\/www.noatumlogistics.com\\\/ar\\\/aduanas-comercio-internacional_old\\\/global-customs-brokerage\\\/\",\"name\":\"Servicio de aduanas global - Customs Brokerage | Noatum Logistics\",\"isPartOf\":{\"@id\":\"https:\\\/\\\/www.noatumlogistics.com\\\/ar\\\/#website\"},\"primaryImageOfPage\":{\"@id\":\"https:\\\/\\\/www.noatumlogistics.com\\\/ar\\\/aduanas-comercio-internacional_old\\\/global-customs-brokerage\\\/#primaryimage\"},\"image\":{\"@id\":\"https:\\\/\\\/www.noatumlogistics.com\\\/ar\\\/aduanas-comercio-internacional_old\\\/global-customs-brokerage\\\/#primaryimage\"},\"thumbnailUrl\":\"https:\\\/\\\/www.noatumlogistics.com\\\/wp-content\\\/uploads\\\/2020\\\/03\\\/expertise-02-e1585150149621-279x300.png\",\"datePublished\":\"2020-05-08T07:57:21+00:00\",\"dateModified\":\"2020-11-24T11:57:42+00:00\",\"description\":\"Profesionales regionales, experimentados y apasionados expertos te ayudar\u00e1n a que tus productos crucen las fronteras internacionales de todo el mundo.\",\"breadcrumb\":{\"@id\":\"https:\\\/\\\/www.noatumlogistics.com\\\/ar\\\/aduanas-comercio-internacional_old\\\/global-customs-brokerage\\\/#breadcrumb\"},\"inLanguage\":\"es\",\"potentialAction\":[{\"@type\":\"ReadAction\",\"target\":[\"https:\\\/\\\/www.noatumlogistics.com\\\/ar\\\/aduanas-comercio-internacional_old\\\/global-customs-brokerage\\\/\"]}]},{\"@type\":\"ImageObject\",\"inLanguage\":\"es\",\"@id\":\"https:\\\/\\\/www.noatumlogistics.com\\\/ar\\\/aduanas-comercio-internacional_old\\\/global-customs-brokerage\\\/#primaryimage\",\"url\":\"https:\\\/\\\/www.noatumlogistics.com\\\/wp-content\\\/uploads\\\/2020\\\/03\\\/expertise-02-e1585150149621-279x300.png\",\"contentUrl\":\"https:\\\/\\\/www.noatumlogistics.com\\\/wp-content\\\/uploads\\\/2020\\\/03\\\/expertise-02-e1585150149621-279x300.png\"},{\"@type\":\"BreadcrumbList\",\"@id\":\"https:\\\/\\\/www.noatumlogistics.com\\\/ar\\\/aduanas-comercio-internacional_old\\\/global-customs-brokerage\\\/#breadcrumb\",\"itemListElement\":[{\"@type\":\"ListItem\",\"position\":1,\"name\":\"Home\",\"item\":\"https:\\\/\\\/www.noatumlogistics.com\\\/ar\\\/\"},{\"@type\":\"ListItem\",\"position\":2,\"name\":\"Servicio de aduanas global\"}]},{\"@type\":\"WebSite\",\"@id\":\"https:\\\/\\\/www.noatumlogistics.com\\\/ar\\\/#website\",\"url\":\"https:\\\/\\\/www.noatumlogistics.com\\\/ar\\\/\",\"name\":\"Argentina\",\"description\":\"Just another Noatum Logistics site\",\"potentialAction\":[{\"@type\":\"SearchAction\",\"target\":{\"@type\":\"EntryPoint\",\"urlTemplate\":\"https:\\\/\\\/www.noatumlogistics.com\\\/ar\\\/?s={search_term_string}\"},\"query-input\":{\"@type\":\"PropertyValueSpecification\",\"valueRequired\":true,\"valueName\":\"search_term_string\"}}],\"inLanguage\":\"es\"}]}<\/script>\n<!-- \/ Yoast SEO plugin. -->","yoast_head_json":{"title":"Servicio de aduanas global - Customs Brokerage | Noatum Logistics","description":"Profesionales regionales, experimentados y apasionados expertos te ayudar\u00e1n a que tus productos crucen las fronteras internacionales de todo el mundo.","robots":{"index":"index","follow":"follow","max-snippet":"max-snippet:-1","max-image-preview":"max-image-preview:large","max-video-preview":"max-video-preview:-1"},"canonical":"https:\/\/www.noatumlogistics.com\/ar\/aduanas-comercio-internacional_old\/global-customs-brokerage\/","og_locale":"es_ES","og_type":"article","og_title":"Servicio de aduanas global - Customs Brokerage | Noatum Logistics","og_description":"Profesionales regionales, experimentados y apasionados expertos te ayudar\u00e1n a que tus productos crucen las fronteras internacionales de todo el mundo.","og_url":"https:\/\/www.noatumlogistics.com\/ar\/aduanas-comercio-internacional_old\/global-customs-brokerage\/","og_site_name":"Argentina","article_modified_time":"2020-11-24T11:57:42+00:00","og_image":[{"url":"https:\/\/www.noatumlogistics.com\/wp-content\/uploads\/2020\/03\/expertise-02-e1585150149621-279x300.png","type":"","width":"","height":""}],"twitter_card":"summary_large_image","twitter_misc":{"Tiempo de lectura":"3 minutos"},"schema":{"@context":"https:\/\/schema.org","@graph":[{"@type":"WebPage","@id":"https:\/\/www.noatumlogistics.com\/ar\/aduanas-comercio-internacional_old\/global-customs-brokerage\/","url":"https:\/\/www.noatumlogistics.com\/ar\/aduanas-comercio-internacional_old\/global-customs-brokerage\/","name":"Servicio de aduanas global - Customs Brokerage | Noatum Logistics","isPartOf":{"@id":"https:\/\/www.noatumlogistics.com\/ar\/#website"},"primaryImageOfPage":{"@id":"https:\/\/www.noatumlogistics.com\/ar\/aduanas-comercio-internacional_old\/global-customs-brokerage\/#primaryimage"},"image":{"@id":"https:\/\/www.noatumlogistics.com\/ar\/aduanas-comercio-internacional_old\/global-customs-brokerage\/#primaryimage"},"thumbnailUrl":"https:\/\/www.noatumlogistics.com\/wp-content\/uploads\/2020\/03\/expertise-02-e1585150149621-279x300.png","datePublished":"2020-05-08T07:57:21+00:00","dateModified":"2020-11-24T11:57:42+00:00","description":"Profesionales regionales, experimentados y apasionados expertos te ayudar\u00e1n a que tus productos crucen las fronteras internacionales de todo el mundo.","breadcrumb":{"@id":"https:\/\/www.noatumlogistics.com\/ar\/aduanas-comercio-internacional_old\/global-customs-brokerage\/#breadcrumb"},"inLanguage":"es","potentialAction":[{"@type":"ReadAction","target":["https:\/\/www.noatumlogistics.com\/ar\/aduanas-comercio-internacional_old\/global-customs-brokerage\/"]}]},{"@type":"ImageObject","inLanguage":"es","@id":"https:\/\/www.noatumlogistics.com\/ar\/aduanas-comercio-internacional_old\/global-customs-brokerage\/#primaryimage","url":"https:\/\/www.noatumlogistics.com\/wp-content\/uploads\/2020\/03\/expertise-02-e1585150149621-279x300.png","contentUrl":"https:\/\/www.noatumlogistics.com\/wp-content\/uploads\/2020\/03\/expertise-02-e1585150149621-279x300.png"},{"@type":"BreadcrumbList","@id":"https:\/\/www.noatumlogistics.com\/ar\/aduanas-comercio-internacional_old\/global-customs-brokerage\/#breadcrumb","itemListElement":[{"@type":"ListItem","position":1,"name":"Home","item":"https:\/\/www.noatumlogistics.com\/ar\/"},{"@type":"ListItem","position":2,"name":"Servicio de aduanas global"}]},{"@type":"WebSite","@id":"https:\/\/www.noatumlogistics.com\/ar\/#website","url":"https:\/\/www.noatumlogistics.com\/ar\/","name":"Argentina","description":"Just another Noatum Logistics site","potentialAction":[{"@type":"SearchAction","target":{"@type":"EntryPoint","urlTemplate":"https:\/\/www.noatumlogistics.com\/ar\/?s={search_term_string}"},"query-input":{"@type":"PropertyValueSpecification","valueRequired":true,"valueName":"search_term_string"}}],"inLanguage":"es"}]}},"_links":{"self":[{"href":"https:\/\/www.noatumlogistics.com\/ar\/wp-json\/wp\/v2\/pages\/171","targetHints":{"allow":["GET"]}}],"collection":[{"href":"https:\/\/www.noatumlogistics.com\/ar\/wp-json\/wp\/v2\/pages"}],"about":[{"href":"https:\/\/www.noatumlogistics.com\/ar\/wp-json\/wp\/v2\/types\/page"}],"author":[{"embeddable":true,"href":"https:\/\/www.noatumlogistics.com\/ar\/wp-json\/wp\/v2\/users\/9"}],"replies":[{"embeddable":true,"href":"https:\/\/www.noatumlogistics.com\/ar\/wp-json\/wp\/v2\/comments?post=171"}],"version-history":[{"count":1,"href":"https:\/\/www.noatumlogistics.com\/ar\/wp-json\/wp\/v2\/pages\/171\/revisions"}],"predecessor-version":[{"id":392,"href":"https:\/\/www.noatumlogistics.com\/ar\/wp-json\/wp\/v2\/pages\/171\/revisions\/392"}],"up":[{"embeddable":true,"href":"https:\/\/www.noatumlogistics.com\/ar\/wp-json\/wp\/v2\/pages\/139"}],"wp:attachment":[{"href":"https:\/\/www.noatumlogistics.com\/ar\/wp-json\/wp\/v2\/media?parent=171"}],"curies":[{"name":"wp","href":"https:\/\/api.w.org\/{rel}","templated":true}]}}